{"id":2038,"date":"2025-11-29T17:18:55","date_gmt":"2025-11-29T15:18:55","guid":{"rendered":"https:\/\/glamico.ee\/?post_type=product&#038;p=2038"},"modified":"2025-11-29T17:19:20","modified_gmt":"2025-11-29T15:19:20","slug":"raywell-balancing-lotion-100ml","status":"publish","type":"product","link":"https:\/\/glamico.ee\/en\/pood\/raywell-balancing-lotion-100ml\/","title":{"rendered":"Raywell losjoon rasusele peanahale 100ml"},"content":{"rendered":"<p>Tasakaalustav hooldus rasusele nahale, mis on loodud roheliste kosmeetikatoodetega: sisaldab rosmariini, kameelia\u00f5li ja sojaletsitiini. See reguleerib rasun\u00e4\u00e4rmete ja retseptorite funktsiooni, samuti neutraliseerib naha s\u00fcgelust. Ennetab liigset ja ebanormaalset rasun\u00e4\u00e4rmete talitlust.<\/p>\n<p>Kasutamine: P\u00e4rast juuste pesemist kandke toodet ainult peanahale. Masseerige ja \u00e4rge loputage.<\/p>\n<p>Koostis: Aqua (water), alcohol denat., peg-40 hydrogenated castor oil, dipropylene glycol, propylene glycol, melissa officinalis leaf extract (balm mint (melissa officinalis) extract), camellia japonica seed oil, pyridoxine hcl, lecithin, ichthammol, parfum (fragrance), hydroxypropyl guar hydroxypropyltrimonium chloride, piroctone olamine, benzyl alcohol, benzoic acid, dehydroacetic acid, tocopherol, polyquaternium-7, imida zolidinyl urea, disodium edta, coumarin, linalool, hexyl cinnamal.<\/p>","protected":false},"excerpt":{"rendered":"<p>Tasakaalustav hooldus rasusele nahale, mis on loodud roheliste kosmeetikatoodetega: sisaldab rosmariini, kameelia\u00f5li ja sojaletsitiini. See reguleerib rasun\u00e4\u00e4rmete ja retseptorite funktsiooni, samuti neutraliseerib naha s\u00fcgelust. Ennetab liigset ja ebanormaalset rasun\u00e4\u00e4rmete talitlust. Kasutamine: P\u00e4rast juuste pesemist kandke toodet ainult peanahale. Masseerige ja \u00e4rge loputage. Koostis: Aqua (water), alcohol denat., peg-40 hydrogenated castor oil, dipropylene glycol, propylene glycol, melissa officinalis leaf extract (balm [&hellip;]<\/p>\n","protected":false},"featured_media":2039,"template":"","meta":[],"pwb-brand":[90],"product_brand":[],"product_cat":[32],"product_tag":[],"class_list":{"0":"post-2038","1":"product","2":"type-product","3":"status-publish","4":"has-post-thumbnail","6":"pwb-brand-raywell","7":"product_cat-juustele","9":"first","10":"instock","11":"taxable","12":"shipping-taxable","13":"purchasable","14":"product-type-simple"},"yoast_head":"<!-- This site is optimized with the Yoast SEO plugin v27.3 - https:\/\/yoast.com\/product\/yoast-seo-wordpress\/ -->\n<title>Raywell losjoon rasusele peanahale 100ml - Glamico<\/title>\n<meta name=\"robots\" content=\"index, follow, max-snippet:-1, max-image-preview:large, max-video-preview:-1\" \/>\n<link rel=\"canonical\" href=\"https:\/\/glamico.ee\/en\/pood\/raywell-balancing-lotion-100ml\/\" \/>\n<meta property=\"og:locale\" content=\"en_US\" \/>\n<meta property=\"og:type\" content=\"article\" \/>\n<meta property=\"og:title\" content=\"Raywell losjoon rasusele peanahale 100ml - Glamico\" \/>\n<meta property=\"og:description\" content=\"Tasakaalustav hooldus rasusele nahale, mis on loodud roheliste kosmeetikatoodetega: sisaldab rosmariini, kameelia\u00f5li ja sojaletsitiini. See reguleerib rasun\u00e4\u00e4rmete ja retseptorite funktsiooni, samuti neutraliseerib naha s\u00fcgelust. Ennetab liigset ja ebanormaalset rasun\u00e4\u00e4rmete talitlust. Kasutamine: P\u00e4rast juuste pesemist kandke toodet ainult peanahale. Masseerige ja \u00e4rge loputage. Koostis: Aqua (water), alcohol denat., peg-40 hydrogenated castor oil, dipropylene glycol, propylene glycol, melissa officinalis leaf extract (balm [&hellip;]\" \/>\n<meta property=\"og:url\" content=\"https:\/\/glamico.ee\/en\/pood\/raywell-balancing-lotion-100ml\/\" \/>\n<meta property=\"og:site_name\" content=\"Glamico\" \/>\n<meta property=\"article:modified_time\" content=\"2025-11-29T15:19:20+00:00\" \/>\n<meta property=\"og:image\" content=\"https:\/\/glamico.ee\/wp-content\/uploads\/2025\/11\/Raywell-Bio-Norm-Lozione-Equilibrante-8059307166188-RR338.webp\" \/>\n\t<meta property=\"og:image:width\" content=\"900\" \/>\n\t<meta property=\"og:image:height\" content=\"900\" \/>\n\t<meta property=\"og:image:type\" content=\"image\/webp\" \/>\n<meta name=\"twitter:card\" content=\"summary_large_image\" \/>\n<meta name=\"twitter:label1\" content=\"Est. reading time\" \/>\n\t<meta name=\"twitter:data1\" content=\"1 minute\" \/>\n<script type=\"application\/ld+json\" class=\"yoast-schema-graph\">{\"@context\":\"https:\\\/\\\/schema.org\",\"@graph\":[{\"@type\":\"WebPage\",\"@id\":\"https:\\\/\\\/glamico.ee\\\/pood\\\/raywell-balancing-lotion-100ml\\\/\",\"url\":\"https:\\\/\\\/glamico.ee\\\/pood\\\/raywell-balancing-lotion-100ml\\\/\",\"name\":\"Raywell losjoon rasusele peanahale 100ml - Glamico\",\"isPartOf\":{\"@id\":\"https:\\\/\\\/glamico.ee\\\/#website\"},\"primaryImageOfPage\":{\"@id\":\"https:\\\/\\\/glamico.ee\\\/pood\\\/raywell-balancing-lotion-100ml\\\/#primaryimage\"},\"image\":{\"@id\":\"https:\\\/\\\/glamico.ee\\\/pood\\\/raywell-balancing-lotion-100ml\\\/#primaryimage\"},\"thumbnailUrl\":\"https:\\\/\\\/glamico.ee\\\/wp-content\\\/uploads\\\/2025\\\/11\\\/Raywell-Bio-Norm-Lozione-Equilibrante-8059307166188-RR338.webp\",\"datePublished\":\"2025-11-29T15:18:55+00:00\",\"dateModified\":\"2025-11-29T15:19:20+00:00\",\"breadcrumb\":{\"@id\":\"https:\\\/\\\/glamico.ee\\\/pood\\\/raywell-balancing-lotion-100ml\\\/#breadcrumb\"},\"inLanguage\":\"en-US\",\"potentialAction\":[{\"@type\":\"ReadAction\",\"target\":[\"https:\\\/\\\/glamico.ee\\\/pood\\\/raywell-balancing-lotion-100ml\\\/\"]}]},{\"@type\":\"ImageObject\",\"inLanguage\":\"en-US\",\"@id\":\"https:\\\/\\\/glamico.ee\\\/pood\\\/raywell-balancing-lotion-100ml\\\/#primaryimage\",\"url\":\"https:\\\/\\\/glamico.ee\\\/wp-content\\\/uploads\\\/2025\\\/11\\\/Raywell-Bio-Norm-Lozione-Equilibrante-8059307166188-RR338.webp\",\"contentUrl\":\"https:\\\/\\\/glamico.ee\\\/wp-content\\\/uploads\\\/2025\\\/11\\\/Raywell-Bio-Norm-Lozione-Equilibrante-8059307166188-RR338.webp\",\"width\":900,\"height\":900},{\"@type\":\"BreadcrumbList\",\"@id\":\"https:\\\/\\\/glamico.ee\\\/pood\\\/raywell-balancing-lotion-100ml\\\/#breadcrumb\",\"itemListElement\":[{\"@type\":\"ListItem\",\"position\":1,\"name\":\"Home\",\"item\":\"https:\\\/\\\/glamico.ee\\\/\"},{\"@type\":\"ListItem\",\"position\":2,\"name\":\"Pood\",\"item\":\"https:\\\/\\\/glamico.ee\\\/pood\\\/\"},{\"@type\":\"ListItem\",\"position\":3,\"name\":\"Raywell losjoon rasusele peanahale 100ml\"}]},{\"@type\":\"WebSite\",\"@id\":\"https:\\\/\\\/glamico.ee\\\/#website\",\"url\":\"https:\\\/\\\/glamico.ee\\\/\",\"name\":\"Glamico\",\"description\":\"Ilutooted\",\"publisher\":{\"@id\":\"https:\\\/\\\/glamico.ee\\\/#organization\"},\"potentialAction\":[{\"@type\":\"SearchAction\",\"target\":{\"@type\":\"EntryPoint\",\"urlTemplate\":\"https:\\\/\\\/glamico.ee\\\/?s={search_term_string}\"},\"query-input\":{\"@type\":\"PropertyValueSpecification\",\"valueRequired\":true,\"valueName\":\"search_term_string\"}}],\"inLanguage\":\"en-US\"},{\"@type\":\"Organization\",\"@id\":\"https:\\\/\\\/glamico.ee\\\/#organization\",\"name\":\"Glamico Baltics O\u00dc\",\"url\":\"https:\\\/\\\/glamico.ee\\\/\",\"logo\":{\"@type\":\"ImageObject\",\"inLanguage\":\"en-US\",\"@id\":\"https:\\\/\\\/glamico.ee\\\/#\\\/schema\\\/logo\\\/image\\\/\",\"url\":\"https:\\\/\\\/glamico.ee\\\/wp-content\\\/uploads\\\/2025\\\/11\\\/Glamico-1.png\",\"contentUrl\":\"https:\\\/\\\/glamico.ee\\\/wp-content\\\/uploads\\\/2025\\\/11\\\/Glamico-1.png\",\"width\":627,\"height\":400,\"caption\":\"Glamico Baltics O\u00dc\"},\"image\":{\"@id\":\"https:\\\/\\\/glamico.ee\\\/#\\\/schema\\\/logo\\\/image\\\/\"},\"sameAs\":[\"https:\\\/\\\/www.instagram.com\\\/glamico.ee\\\/\"]}]}<\/script>\n<!-- \/ Yoast SEO plugin. -->","yoast_head_json":{"title":"Raywell losjoon rasusele peanahale 100ml - Glamico","robots":{"index":"index","follow":"follow","max-snippet":"max-snippet:-1","max-image-preview":"max-image-preview:large","max-video-preview":"max-video-preview:-1"},"canonical":"https:\/\/glamico.ee\/en\/pood\/raywell-balancing-lotion-100ml\/","og_locale":"en_US","og_type":"article","og_title":"Raywell losjoon rasusele peanahale 100ml - Glamico","og_description":"Tasakaalustav hooldus rasusele nahale, mis on loodud roheliste kosmeetikatoodetega: sisaldab rosmariini, kameelia\u00f5li ja sojaletsitiini. See reguleerib rasun\u00e4\u00e4rmete ja retseptorite funktsiooni, samuti neutraliseerib naha s\u00fcgelust. Ennetab liigset ja ebanormaalset rasun\u00e4\u00e4rmete talitlust. Kasutamine: P\u00e4rast juuste pesemist kandke toodet ainult peanahale. Masseerige ja \u00e4rge loputage. Koostis: Aqua (water), alcohol denat., peg-40 hydrogenated castor oil, dipropylene glycol, propylene glycol, melissa officinalis leaf extract (balm [&hellip;]","og_url":"https:\/\/glamico.ee\/en\/pood\/raywell-balancing-lotion-100ml\/","og_site_name":"Glamico","article_modified_time":"2025-11-29T15:19:20+00:00","og_image":[{"width":900,"height":900,"url":"https:\/\/glamico.ee\/wp-content\/uploads\/2025\/11\/Raywell-Bio-Norm-Lozione-Equilibrante-8059307166188-RR338.webp","type":"image\/webp"}],"twitter_card":"summary_large_image","twitter_misc":{"Est. reading time":"1 minute"},"schema":{"@context":"https:\/\/schema.org","@graph":[{"@type":"WebPage","@id":"https:\/\/glamico.ee\/pood\/raywell-balancing-lotion-100ml\/","url":"https:\/\/glamico.ee\/pood\/raywell-balancing-lotion-100ml\/","name":"Raywell losjoon rasusele peanahale 100ml - Glamico","isPartOf":{"@id":"https:\/\/glamico.ee\/#website"},"primaryImageOfPage":{"@id":"https:\/\/glamico.ee\/pood\/raywell-balancing-lotion-100ml\/#primaryimage"},"image":{"@id":"https:\/\/glamico.ee\/pood\/raywell-balancing-lotion-100ml\/#primaryimage"},"thumbnailUrl":"https:\/\/glamico.ee\/wp-content\/uploads\/2025\/11\/Raywell-Bio-Norm-Lozione-Equilibrante-8059307166188-RR338.webp","datePublished":"2025-11-29T15:18:55+00:00","dateModified":"2025-11-29T15:19:20+00:00","breadcrumb":{"@id":"https:\/\/glamico.ee\/pood\/raywell-balancing-lotion-100ml\/#breadcrumb"},"inLanguage":"en-US","potentialAction":[{"@type":"ReadAction","target":["https:\/\/glamico.ee\/pood\/raywell-balancing-lotion-100ml\/"]}]},{"@type":"ImageObject","inLanguage":"en-US","@id":"https:\/\/glamico.ee\/pood\/raywell-balancing-lotion-100ml\/#primaryimage","url":"https:\/\/glamico.ee\/wp-content\/uploads\/2025\/11\/Raywell-Bio-Norm-Lozione-Equilibrante-8059307166188-RR338.webp","contentUrl":"https:\/\/glamico.ee\/wp-content\/uploads\/2025\/11\/Raywell-Bio-Norm-Lozione-Equilibrante-8059307166188-RR338.webp","width":900,"height":900},{"@type":"BreadcrumbList","@id":"https:\/\/glamico.ee\/pood\/raywell-balancing-lotion-100ml\/#breadcrumb","itemListElement":[{"@type":"ListItem","position":1,"name":"Home","item":"https:\/\/glamico.ee\/"},{"@type":"ListItem","position":2,"name":"Pood","item":"https:\/\/glamico.ee\/pood\/"},{"@type":"ListItem","position":3,"name":"Raywell losjoon rasusele peanahale 100ml"}]},{"@type":"WebSite","@id":"https:\/\/glamico.ee\/#website","url":"https:\/\/glamico.ee\/","name":"Glamico","description":"Ilutooted","publisher":{"@id":"https:\/\/glamico.ee\/#organization"},"potentialAction":[{"@type":"SearchAction","target":{"@type":"EntryPoint","urlTemplate":"https:\/\/glamico.ee\/?s={search_term_string}"},"query-input":{"@type":"PropertyValueSpecification","valueRequired":true,"valueName":"search_term_string"}}],"inLanguage":"en-US"},{"@type":"Organization","@id":"https:\/\/glamico.ee\/#organization","name":"Glamico Baltics O\u00dc","url":"https:\/\/glamico.ee\/","logo":{"@type":"ImageObject","inLanguage":"en-US","@id":"https:\/\/glamico.ee\/#\/schema\/logo\/image\/","url":"https:\/\/glamico.ee\/wp-content\/uploads\/2025\/11\/Glamico-1.png","contentUrl":"https:\/\/glamico.ee\/wp-content\/uploads\/2025\/11\/Glamico-1.png","width":627,"height":400,"caption":"Glamico Baltics O\u00dc"},"image":{"@id":"https:\/\/glamico.ee\/#\/schema\/logo\/image\/"},"sameAs":["https:\/\/www.instagram.com\/glamico.ee\/"]}]}},"brands":[{"id":90,"name":"Raywell","slug":"raywell"}],"_links":{"self":[{"href":"https:\/\/glamico.ee\/en\/wp-json\/wp\/v2\/product\/2038","targetHints":{"allow":["GET"]}}],"collection":[{"href":"https:\/\/glamico.ee\/en\/wp-json\/wp\/v2\/product"}],"about":[{"href":"https:\/\/glamico.ee\/en\/wp-json\/wp\/v2\/types\/product"}],"version-history":[{"count":1,"href":"https:\/\/glamico.ee\/en\/wp-json\/wp\/v2\/product\/2038\/revisions"}],"predecessor-version":[{"id":2040,"href":"https:\/\/glamico.ee\/en\/wp-json\/wp\/v2\/product\/2038\/revisions\/2040"}],"wp:featuredmedia":[{"embeddable":true,"href":"https:\/\/glamico.ee\/en\/wp-json\/wp\/v2\/media\/2039"}],"wp:attachment":[{"href":"https:\/\/glamico.ee\/en\/wp-json\/wp\/v2\/media?parent=2038"}],"wp:term":[{"taxonomy":"pwb-brand","embeddable":true,"href":"https:\/\/glamico.ee\/en\/wp-json\/wp\/v2\/pwb-brand?post=2038"},{"taxonomy":"product_brand","embeddable":true,"href":"https:\/\/glamico.ee\/en\/wp-json\/wp\/v2\/product_brand?post=2038"},{"taxonomy":"product_cat","embeddable":true,"href":"https:\/\/glamico.ee\/en\/wp-json\/wp\/v2\/product_cat?post=2038"},{"taxonomy":"product_tag","embeddable":true,"href":"https:\/\/glamico.ee\/en\/wp-json\/wp\/v2\/product_tag?post=2038"}],"curies":[{"name":"wp","href":"https:\/\/api.w.org\/{rel}","templated":true}]}}