{"id":2035,"date":"2025-11-29T17:10:30","date_gmt":"2025-11-29T15:10:30","guid":{"rendered":"https:\/\/glamico.ee\/?post_type=product&#038;p=2035"},"modified":"2025-11-29T17:12:11","modified_gmt":"2025-11-29T15:12:11","slug":"anti-dandruff-lotion-100ml","status":"publish","type":"product","link":"https:\/\/glamico.ee\/en\/pood\/anti-dandruff-lotion-100ml\/","title":{"rendered":"Raywell k\u00f5\u00f5mavastane losjoon 100ml"},"content":{"rendered":"<p>K\u00f5\u00f5mavastane losjoon. Sisaldab oliivi\u00f5li, kameelia\u00f5li ja orgaanilist v\u00e4\u00e4vlit. Aitab vabaneda k\u00f5\u00f5mast, ennetab k\u00f5\u00f5ma, k\u00f5rvaldab s\u00fcgelust ja s\u00fcgelust p\u00f5hjustavaid baktereid. Jaapani kameelia\u00f5li annab juustele terve l\u00e4ike.<\/p>\n<p>Kasutamine: P\u00e4rast juuste pesemist kandke toodet ainult peanahale. Masseerige ja \u00e4rge loputage.<\/p>\n<p>Koostis: Aqua (water), alcohol denat., peg-40 hydrogenated castor oil, dipropylene glycol, propylene glycol, pyridoxine hcl, parfum (fragrance), hydroxypropyl guar hydroxypropyltrimonium chloride, rosmarinus officinalis leaf extract (rosmarinus officinalis (rosemary) leaf extract), ichthammol, camellia japonica seed oil, piroctone olamine, imidazolidinyl urea, benzyl alcohol, benzoic acid, polyquaternium-7, dehydroacetic acid, disodium edta, tocopherol, citral, coumarin, linalool, limonene.<\/p>","protected":false},"excerpt":{"rendered":"<p>K\u00f5\u00f5mavastane losjoon. Sisaldab oliivi\u00f5li, kameelia\u00f5li ja orgaanilist v\u00e4\u00e4vlit. Aitab vabaneda k\u00f5\u00f5mast, ennetab k\u00f5\u00f5ma, k\u00f5rvaldab s\u00fcgelust ja s\u00fcgelust p\u00f5hjustavaid baktereid. Jaapani kameelia\u00f5li annab juustele terve l\u00e4ike. Kasutamine: P\u00e4rast juuste pesemist kandke toodet ainult peanahale. Masseerige ja \u00e4rge loputage. Koostis: Aqua (water), alcohol denat., peg-40 hydrogenated castor oil, dipropylene glycol, propylene glycol, pyridoxine hcl, parfum (fragrance), hydroxypropyl guar hydroxypropyltrimonium chloride, rosmarinus officinalis [&hellip;]<\/p>\n","protected":false},"featured_media":2036,"template":"","meta":[],"pwb-brand":[90],"product_brand":[],"product_cat":[32],"product_tag":[],"class_list":{"0":"post-2035","1":"product","2":"type-product","3":"status-publish","4":"has-post-thumbnail","6":"pwb-brand-raywell","7":"product_cat-juustele","9":"first","10":"instock","11":"taxable","12":"shipping-taxable","13":"purchasable","14":"product-type-simple"},"yoast_head":"<!-- This site is optimized with the Yoast SEO plugin v27.3 - https:\/\/yoast.com\/product\/yoast-seo-wordpress\/ -->\n<title>Raywell k\u00f5\u00f5mavastane losjoon 100ml - Glamico<\/title>\n<meta name=\"robots\" content=\"index, follow, max-snippet:-1, max-image-preview:large, max-video-preview:-1\" \/>\n<link rel=\"canonical\" href=\"https:\/\/glamico.ee\/en\/pood\/anti-dandruff-lotion-100ml\/\" \/>\n<meta property=\"og:locale\" content=\"en_US\" \/>\n<meta property=\"og:type\" content=\"article\" \/>\n<meta property=\"og:title\" content=\"Raywell k\u00f5\u00f5mavastane losjoon 100ml - Glamico\" \/>\n<meta property=\"og:description\" content=\"K\u00f5\u00f5mavastane losjoon. Sisaldab oliivi\u00f5li, kameelia\u00f5li ja orgaanilist v\u00e4\u00e4vlit. Aitab vabaneda k\u00f5\u00f5mast, ennetab k\u00f5\u00f5ma, k\u00f5rvaldab s\u00fcgelust ja s\u00fcgelust p\u00f5hjustavaid baktereid. Jaapani kameelia\u00f5li annab juustele terve l\u00e4ike. Kasutamine: P\u00e4rast juuste pesemist kandke toodet ainult peanahale. Masseerige ja \u00e4rge loputage. Koostis: Aqua (water), alcohol denat., peg-40 hydrogenated castor oil, dipropylene glycol, propylene glycol, pyridoxine hcl, parfum (fragrance), hydroxypropyl guar hydroxypropyltrimonium chloride, rosmarinus officinalis [&hellip;]\" \/>\n<meta property=\"og:url\" content=\"https:\/\/glamico.ee\/en\/pood\/anti-dandruff-lotion-100ml\/\" \/>\n<meta property=\"og:site_name\" content=\"Glamico\" \/>\n<meta property=\"article:modified_time\" content=\"2025-11-29T15:12:11+00:00\" \/>\n<meta property=\"og:image\" content=\"https:\/\/glamico.ee\/wp-content\/uploads\/2025\/11\/Raywell-Bio-Druff-Lozione-Esfoliante-8055349242729-RR337.webp\" \/>\n\t<meta property=\"og:image:width\" content=\"900\" \/>\n\t<meta property=\"og:image:height\" content=\"900\" \/>\n\t<meta property=\"og:image:type\" content=\"image\/webp\" \/>\n<meta name=\"twitter:card\" content=\"summary_large_image\" \/>\n<meta name=\"twitter:label1\" content=\"Est. reading time\" \/>\n\t<meta name=\"twitter:data1\" content=\"1 minute\" \/>\n<script type=\"application\/ld+json\" class=\"yoast-schema-graph\">{\"@context\":\"https:\\\/\\\/schema.org\",\"@graph\":[{\"@type\":\"WebPage\",\"@id\":\"https:\\\/\\\/glamico.ee\\\/pood\\\/anti-dandruff-lotion-100ml\\\/\",\"url\":\"https:\\\/\\\/glamico.ee\\\/pood\\\/anti-dandruff-lotion-100ml\\\/\",\"name\":\"Raywell k\u00f5\u00f5mavastane losjoon 100ml - Glamico\",\"isPartOf\":{\"@id\":\"https:\\\/\\\/glamico.ee\\\/#website\"},\"primaryImageOfPage\":{\"@id\":\"https:\\\/\\\/glamico.ee\\\/pood\\\/anti-dandruff-lotion-100ml\\\/#primaryimage\"},\"image\":{\"@id\":\"https:\\\/\\\/glamico.ee\\\/pood\\\/anti-dandruff-lotion-100ml\\\/#primaryimage\"},\"thumbnailUrl\":\"https:\\\/\\\/glamico.ee\\\/wp-content\\\/uploads\\\/2025\\\/11\\\/Raywell-Bio-Druff-Lozione-Esfoliante-8055349242729-RR337.webp\",\"datePublished\":\"2025-11-29T15:10:30+00:00\",\"dateModified\":\"2025-11-29T15:12:11+00:00\",\"breadcrumb\":{\"@id\":\"https:\\\/\\\/glamico.ee\\\/pood\\\/anti-dandruff-lotion-100ml\\\/#breadcrumb\"},\"inLanguage\":\"en-US\",\"potentialAction\":[{\"@type\":\"ReadAction\",\"target\":[\"https:\\\/\\\/glamico.ee\\\/pood\\\/anti-dandruff-lotion-100ml\\\/\"]}]},{\"@type\":\"ImageObject\",\"inLanguage\":\"en-US\",\"@id\":\"https:\\\/\\\/glamico.ee\\\/pood\\\/anti-dandruff-lotion-100ml\\\/#primaryimage\",\"url\":\"https:\\\/\\\/glamico.ee\\\/wp-content\\\/uploads\\\/2025\\\/11\\\/Raywell-Bio-Druff-Lozione-Esfoliante-8055349242729-RR337.webp\",\"contentUrl\":\"https:\\\/\\\/glamico.ee\\\/wp-content\\\/uploads\\\/2025\\\/11\\\/Raywell-Bio-Druff-Lozione-Esfoliante-8055349242729-RR337.webp\",\"width\":900,\"height\":900},{\"@type\":\"BreadcrumbList\",\"@id\":\"https:\\\/\\\/glamico.ee\\\/pood\\\/anti-dandruff-lotion-100ml\\\/#breadcrumb\",\"itemListElement\":[{\"@type\":\"ListItem\",\"position\":1,\"name\":\"Home\",\"item\":\"https:\\\/\\\/glamico.ee\\\/\"},{\"@type\":\"ListItem\",\"position\":2,\"name\":\"Pood\",\"item\":\"https:\\\/\\\/glamico.ee\\\/pood\\\/\"},{\"@type\":\"ListItem\",\"position\":3,\"name\":\"Raywell k\u00f5\u00f5mavastane losjoon 100ml\"}]},{\"@type\":\"WebSite\",\"@id\":\"https:\\\/\\\/glamico.ee\\\/#website\",\"url\":\"https:\\\/\\\/glamico.ee\\\/\",\"name\":\"Glamico\",\"description\":\"Ilutooted\",\"publisher\":{\"@id\":\"https:\\\/\\\/glamico.ee\\\/#organization\"},\"potentialAction\":[{\"@type\":\"SearchAction\",\"target\":{\"@type\":\"EntryPoint\",\"urlTemplate\":\"https:\\\/\\\/glamico.ee\\\/?s={search_term_string}\"},\"query-input\":{\"@type\":\"PropertyValueSpecification\",\"valueRequired\":true,\"valueName\":\"search_term_string\"}}],\"inLanguage\":\"en-US\"},{\"@type\":\"Organization\",\"@id\":\"https:\\\/\\\/glamico.ee\\\/#organization\",\"name\":\"Glamico Baltics O\u00dc\",\"url\":\"https:\\\/\\\/glamico.ee\\\/\",\"logo\":{\"@type\":\"ImageObject\",\"inLanguage\":\"en-US\",\"@id\":\"https:\\\/\\\/glamico.ee\\\/#\\\/schema\\\/logo\\\/image\\\/\",\"url\":\"https:\\\/\\\/glamico.ee\\\/wp-content\\\/uploads\\\/2025\\\/11\\\/Glamico-1.png\",\"contentUrl\":\"https:\\\/\\\/glamico.ee\\\/wp-content\\\/uploads\\\/2025\\\/11\\\/Glamico-1.png\",\"width\":627,\"height\":400,\"caption\":\"Glamico Baltics O\u00dc\"},\"image\":{\"@id\":\"https:\\\/\\\/glamico.ee\\\/#\\\/schema\\\/logo\\\/image\\\/\"},\"sameAs\":[\"https:\\\/\\\/www.instagram.com\\\/glamico.ee\\\/\"]}]}<\/script>\n<!-- \/ Yoast SEO plugin. -->","yoast_head_json":{"title":"Raywell k\u00f5\u00f5mavastane losjoon 100ml - Glamico","robots":{"index":"index","follow":"follow","max-snippet":"max-snippet:-1","max-image-preview":"max-image-preview:large","max-video-preview":"max-video-preview:-1"},"canonical":"https:\/\/glamico.ee\/en\/pood\/anti-dandruff-lotion-100ml\/","og_locale":"en_US","og_type":"article","og_title":"Raywell k\u00f5\u00f5mavastane losjoon 100ml - Glamico","og_description":"K\u00f5\u00f5mavastane losjoon. Sisaldab oliivi\u00f5li, kameelia\u00f5li ja orgaanilist v\u00e4\u00e4vlit. Aitab vabaneda k\u00f5\u00f5mast, ennetab k\u00f5\u00f5ma, k\u00f5rvaldab s\u00fcgelust ja s\u00fcgelust p\u00f5hjustavaid baktereid. Jaapani kameelia\u00f5li annab juustele terve l\u00e4ike. Kasutamine: P\u00e4rast juuste pesemist kandke toodet ainult peanahale. Masseerige ja \u00e4rge loputage. Koostis: Aqua (water), alcohol denat., peg-40 hydrogenated castor oil, dipropylene glycol, propylene glycol, pyridoxine hcl, parfum (fragrance), hydroxypropyl guar hydroxypropyltrimonium chloride, rosmarinus officinalis [&hellip;]","og_url":"https:\/\/glamico.ee\/en\/pood\/anti-dandruff-lotion-100ml\/","og_site_name":"Glamico","article_modified_time":"2025-11-29T15:12:11+00:00","og_image":[{"width":900,"height":900,"url":"https:\/\/glamico.ee\/wp-content\/uploads\/2025\/11\/Raywell-Bio-Druff-Lozione-Esfoliante-8055349242729-RR337.webp","type":"image\/webp"}],"twitter_card":"summary_large_image","twitter_misc":{"Est. reading time":"1 minute"},"schema":{"@context":"https:\/\/schema.org","@graph":[{"@type":"WebPage","@id":"https:\/\/glamico.ee\/pood\/anti-dandruff-lotion-100ml\/","url":"https:\/\/glamico.ee\/pood\/anti-dandruff-lotion-100ml\/","name":"Raywell k\u00f5\u00f5mavastane losjoon 100ml - Glamico","isPartOf":{"@id":"https:\/\/glamico.ee\/#website"},"primaryImageOfPage":{"@id":"https:\/\/glamico.ee\/pood\/anti-dandruff-lotion-100ml\/#primaryimage"},"image":{"@id":"https:\/\/glamico.ee\/pood\/anti-dandruff-lotion-100ml\/#primaryimage"},"thumbnailUrl":"https:\/\/glamico.ee\/wp-content\/uploads\/2025\/11\/Raywell-Bio-Druff-Lozione-Esfoliante-8055349242729-RR337.webp","datePublished":"2025-11-29T15:10:30+00:00","dateModified":"2025-11-29T15:12:11+00:00","breadcrumb":{"@id":"https:\/\/glamico.ee\/pood\/anti-dandruff-lotion-100ml\/#breadcrumb"},"inLanguage":"en-US","potentialAction":[{"@type":"ReadAction","target":["https:\/\/glamico.ee\/pood\/anti-dandruff-lotion-100ml\/"]}]},{"@type":"ImageObject","inLanguage":"en-US","@id":"https:\/\/glamico.ee\/pood\/anti-dandruff-lotion-100ml\/#primaryimage","url":"https:\/\/glamico.ee\/wp-content\/uploads\/2025\/11\/Raywell-Bio-Druff-Lozione-Esfoliante-8055349242729-RR337.webp","contentUrl":"https:\/\/glamico.ee\/wp-content\/uploads\/2025\/11\/Raywell-Bio-Druff-Lozione-Esfoliante-8055349242729-RR337.webp","width":900,"height":900},{"@type":"BreadcrumbList","@id":"https:\/\/glamico.ee\/pood\/anti-dandruff-lotion-100ml\/#breadcrumb","itemListElement":[{"@type":"ListItem","position":1,"name":"Home","item":"https:\/\/glamico.ee\/"},{"@type":"ListItem","position":2,"name":"Pood","item":"https:\/\/glamico.ee\/pood\/"},{"@type":"ListItem","position":3,"name":"Raywell k\u00f5\u00f5mavastane losjoon 100ml"}]},{"@type":"WebSite","@id":"https:\/\/glamico.ee\/#website","url":"https:\/\/glamico.ee\/","name":"Glamico","description":"Ilutooted","publisher":{"@id":"https:\/\/glamico.ee\/#organization"},"potentialAction":[{"@type":"SearchAction","target":{"@type":"EntryPoint","urlTemplate":"https:\/\/glamico.ee\/?s={search_term_string}"},"query-input":{"@type":"PropertyValueSpecification","valueRequired":true,"valueName":"search_term_string"}}],"inLanguage":"en-US"},{"@type":"Organization","@id":"https:\/\/glamico.ee\/#organization","name":"Glamico Baltics O\u00dc","url":"https:\/\/glamico.ee\/","logo":{"@type":"ImageObject","inLanguage":"en-US","@id":"https:\/\/glamico.ee\/#\/schema\/logo\/image\/","url":"https:\/\/glamico.ee\/wp-content\/uploads\/2025\/11\/Glamico-1.png","contentUrl":"https:\/\/glamico.ee\/wp-content\/uploads\/2025\/11\/Glamico-1.png","width":627,"height":400,"caption":"Glamico Baltics O\u00dc"},"image":{"@id":"https:\/\/glamico.ee\/#\/schema\/logo\/image\/"},"sameAs":["https:\/\/www.instagram.com\/glamico.ee\/"]}]}},"brands":[{"id":90,"name":"Raywell","slug":"raywell"}],"_links":{"self":[{"href":"https:\/\/glamico.ee\/en\/wp-json\/wp\/v2\/product\/2035","targetHints":{"allow":["GET"]}}],"collection":[{"href":"https:\/\/glamico.ee\/en\/wp-json\/wp\/v2\/product"}],"about":[{"href":"https:\/\/glamico.ee\/en\/wp-json\/wp\/v2\/types\/product"}],"version-history":[{"count":1,"href":"https:\/\/glamico.ee\/en\/wp-json\/wp\/v2\/product\/2035\/revisions"}],"predecessor-version":[{"id":2037,"href":"https:\/\/glamico.ee\/en\/wp-json\/wp\/v2\/product\/2035\/revisions\/2037"}],"wp:featuredmedia":[{"embeddable":true,"href":"https:\/\/glamico.ee\/en\/wp-json\/wp\/v2\/media\/2036"}],"wp:attachment":[{"href":"https:\/\/glamico.ee\/en\/wp-json\/wp\/v2\/media?parent=2035"}],"wp:term":[{"taxonomy":"pwb-brand","embeddable":true,"href":"https:\/\/glamico.ee\/en\/wp-json\/wp\/v2\/pwb-brand?post=2035"},{"taxonomy":"product_brand","embeddable":true,"href":"https:\/\/glamico.ee\/en\/wp-json\/wp\/v2\/product_brand?post=2035"},{"taxonomy":"product_cat","embeddable":true,"href":"https:\/\/glamico.ee\/en\/wp-json\/wp\/v2\/product_cat?post=2035"},{"taxonomy":"product_tag","embeddable":true,"href":"https:\/\/glamico.ee\/en\/wp-json\/wp\/v2\/product_tag?post=2035"}],"curies":[{"name":"wp","href":"https:\/\/api.w.org\/{rel}","templated":true}]}}