{"id":2032,"date":"2025-11-29T17:01:15","date_gmt":"2025-11-29T15:01:15","guid":{"rendered":"https:\/\/glamico.ee\/?post_type=product&#038;p=2032"},"modified":"2025-11-29T17:01:16","modified_gmt":"2025-11-29T15:01:16","slug":"raywell-scalp-activating-lotion-100ml","status":"publish","type":"product","link":"https:\/\/glamico.ee\/en\/pood\/raywell-scalp-activating-lotion-100ml\/","title":{"rendered":"Raywell Scalp Activating lotion 100ml"},"content":{"rendered":"<p>Losjoon sobib neile, kes v\u00f5itlevad juuste v\u00e4ljalangemisega. See toode sisaldab rohelist teed, Jaapani kameelia\u00f5li ja ka aeglaselt vabanevat h\u00fcaluroonhapet. Aktiveeriv kreem aitab parandada mikrotsirkulatsiooni, hapnikuga varustatust ja folliikulite ettevalmistamist toitva kreemi paremaks imendumiseks, et v\u00e4ltida juuste v\u00e4ljalangemist.<\/p>\n<p>Kasutamine: P\u00e4rast \u0161ampooniga pesemist kandke umbes 5 ml toodet ainult peanahale, oodake paar minutit ja kandke peale ilma loputamata. Hoiatus: V\u00f5ib tundlikel inimestel p\u00f5hjustada nahapunetust; kui see p\u00fcsib, loputage k\u00fclma veega.<\/p>\n<p>Koostis: Aqua (water), alcohol denat., peg-40 hydrogenated castor oil, dipropylene glycol, parfum (fragrance), menthol, hydroxypropyl guar hydroxypropyltrimonium chloride, propylene glycol, camellia japonica seed oil, coffea arabica seed extract (coffee (coffea arabica) seed extract), glycerin, caffeyl glucoside, benzyl alcohol, benzoic acid, dehydroacetic acid, polyquaternium-7, tocopherol, proline, riboflavin, coumarin, linalool, limonene.<\/p>","protected":false},"excerpt":{"rendered":"<p>Losjoon sobib neile, kes v\u00f5itlevad juuste v\u00e4ljalangemisega. See toode sisaldab rohelist teed, Jaapani kameelia\u00f5li ja ka aeglaselt vabanevat h\u00fcaluroonhapet. Aktiveeriv kreem aitab parandada mikrotsirkulatsiooni, hapnikuga varustatust ja folliikulite ettevalmistamist toitva kreemi paremaks imendumiseks, et v\u00e4ltida juuste v\u00e4ljalangemist. Kasutamine: P\u00e4rast \u0161ampooniga pesemist kandke umbes 5 ml toodet ainult peanahale, oodake paar minutit ja kandke peale ilma loputamata. Hoiatus: V\u00f5ib tundlikel inimestel [&hellip;]<\/p>\n","protected":false},"featured_media":2033,"template":"","meta":[],"pwb-brand":[90],"product_brand":[],"product_cat":[32],"product_tag":[],"class_list":{"0":"post-2032","1":"product","2":"type-product","3":"status-publish","4":"has-post-thumbnail","6":"pwb-brand-raywell","7":"product_cat-juustele","9":"first","10":"instock","11":"taxable","12":"shipping-taxable","13":"purchasable","14":"product-type-simple"},"yoast_head":"<!-- This site is optimized with the Yoast SEO plugin v27.3 - https:\/\/yoast.com\/product\/yoast-seo-wordpress\/ -->\n<title>Raywell Scalp Activating lotion 100ml - Glamico<\/title>\n<meta name=\"robots\" content=\"index, follow, max-snippet:-1, max-image-preview:large, max-video-preview:-1\" \/>\n<link rel=\"canonical\" href=\"https:\/\/glamico.ee\/en\/pood\/raywell-scalp-activating-lotion-100ml\/\" \/>\n<meta property=\"og:locale\" content=\"en_US\" \/>\n<meta property=\"og:type\" content=\"article\" \/>\n<meta property=\"og:title\" content=\"Raywell Scalp Activating lotion 100ml - Glamico\" \/>\n<meta property=\"og:description\" content=\"Losjoon sobib neile, kes v\u00f5itlevad juuste v\u00e4ljalangemisega. See toode sisaldab rohelist teed, Jaapani kameelia\u00f5li ja ka aeglaselt vabanevat h\u00fcaluroonhapet. Aktiveeriv kreem aitab parandada mikrotsirkulatsiooni, hapnikuga varustatust ja folliikulite ettevalmistamist toitva kreemi paremaks imendumiseks, et v\u00e4ltida juuste v\u00e4ljalangemist. Kasutamine: P\u00e4rast \u0161ampooniga pesemist kandke umbes 5 ml toodet ainult peanahale, oodake paar minutit ja kandke peale ilma loputamata. Hoiatus: V\u00f5ib tundlikel inimestel [&hellip;]\" \/>\n<meta property=\"og:url\" content=\"https:\/\/glamico.ee\/en\/pood\/raywell-scalp-activating-lotion-100ml\/\" \/>\n<meta property=\"og:site_name\" content=\"Glamico\" \/>\n<meta property=\"article:modified_time\" content=\"2025-11-29T15:01:16+00:00\" \/>\n<meta property=\"og:image\" content=\"https:\/\/glamico.ee\/wp-content\/uploads\/2025\/11\/Raywell-Bio-Act-Lotion-8055349242682-RR336.webp\" \/>\n\t<meta property=\"og:image:width\" content=\"900\" \/>\n\t<meta property=\"og:image:height\" content=\"900\" \/>\n\t<meta property=\"og:image:type\" content=\"image\/webp\" \/>\n<meta name=\"twitter:card\" content=\"summary_large_image\" \/>\n<meta name=\"twitter:label1\" content=\"Est. reading time\" \/>\n\t<meta name=\"twitter:data1\" content=\"1 minute\" \/>\n<script type=\"application\/ld+json\" class=\"yoast-schema-graph\">{\"@context\":\"https:\\\/\\\/schema.org\",\"@graph\":[{\"@type\":\"WebPage\",\"@id\":\"https:\\\/\\\/glamico.ee\\\/pood\\\/raywell-scalp-activating-lotion-100ml\\\/\",\"url\":\"https:\\\/\\\/glamico.ee\\\/pood\\\/raywell-scalp-activating-lotion-100ml\\\/\",\"name\":\"Raywell Scalp Activating lotion 100ml - Glamico\",\"isPartOf\":{\"@id\":\"https:\\\/\\\/glamico.ee\\\/#website\"},\"primaryImageOfPage\":{\"@id\":\"https:\\\/\\\/glamico.ee\\\/pood\\\/raywell-scalp-activating-lotion-100ml\\\/#primaryimage\"},\"image\":{\"@id\":\"https:\\\/\\\/glamico.ee\\\/pood\\\/raywell-scalp-activating-lotion-100ml\\\/#primaryimage\"},\"thumbnailUrl\":\"https:\\\/\\\/glamico.ee\\\/wp-content\\\/uploads\\\/2025\\\/11\\\/Raywell-Bio-Act-Lotion-8055349242682-RR336.webp\",\"datePublished\":\"2025-11-29T15:01:15+00:00\",\"dateModified\":\"2025-11-29T15:01:16+00:00\",\"breadcrumb\":{\"@id\":\"https:\\\/\\\/glamico.ee\\\/pood\\\/raywell-scalp-activating-lotion-100ml\\\/#breadcrumb\"},\"inLanguage\":\"en-US\",\"potentialAction\":[{\"@type\":\"ReadAction\",\"target\":[\"https:\\\/\\\/glamico.ee\\\/pood\\\/raywell-scalp-activating-lotion-100ml\\\/\"]}]},{\"@type\":\"ImageObject\",\"inLanguage\":\"en-US\",\"@id\":\"https:\\\/\\\/glamico.ee\\\/pood\\\/raywell-scalp-activating-lotion-100ml\\\/#primaryimage\",\"url\":\"https:\\\/\\\/glamico.ee\\\/wp-content\\\/uploads\\\/2025\\\/11\\\/Raywell-Bio-Act-Lotion-8055349242682-RR336.webp\",\"contentUrl\":\"https:\\\/\\\/glamico.ee\\\/wp-content\\\/uploads\\\/2025\\\/11\\\/Raywell-Bio-Act-Lotion-8055349242682-RR336.webp\",\"width\":900,\"height\":900},{\"@type\":\"BreadcrumbList\",\"@id\":\"https:\\\/\\\/glamico.ee\\\/pood\\\/raywell-scalp-activating-lotion-100ml\\\/#breadcrumb\",\"itemListElement\":[{\"@type\":\"ListItem\",\"position\":1,\"name\":\"Home\",\"item\":\"https:\\\/\\\/glamico.ee\\\/\"},{\"@type\":\"ListItem\",\"position\":2,\"name\":\"Pood\",\"item\":\"https:\\\/\\\/glamico.ee\\\/pood\\\/\"},{\"@type\":\"ListItem\",\"position\":3,\"name\":\"Raywell Scalp Activating lotion 100ml\"}]},{\"@type\":\"WebSite\",\"@id\":\"https:\\\/\\\/glamico.ee\\\/#website\",\"url\":\"https:\\\/\\\/glamico.ee\\\/\",\"name\":\"Glamico\",\"description\":\"Ilutooted\",\"publisher\":{\"@id\":\"https:\\\/\\\/glamico.ee\\\/#organization\"},\"potentialAction\":[{\"@type\":\"SearchAction\",\"target\":{\"@type\":\"EntryPoint\",\"urlTemplate\":\"https:\\\/\\\/glamico.ee\\\/?s={search_term_string}\"},\"query-input\":{\"@type\":\"PropertyValueSpecification\",\"valueRequired\":true,\"valueName\":\"search_term_string\"}}],\"inLanguage\":\"en-US\"},{\"@type\":\"Organization\",\"@id\":\"https:\\\/\\\/glamico.ee\\\/#organization\",\"name\":\"Glamico Baltics O\u00dc\",\"url\":\"https:\\\/\\\/glamico.ee\\\/\",\"logo\":{\"@type\":\"ImageObject\",\"inLanguage\":\"en-US\",\"@id\":\"https:\\\/\\\/glamico.ee\\\/#\\\/schema\\\/logo\\\/image\\\/\",\"url\":\"https:\\\/\\\/glamico.ee\\\/wp-content\\\/uploads\\\/2025\\\/11\\\/Glamico-1.png\",\"contentUrl\":\"https:\\\/\\\/glamico.ee\\\/wp-content\\\/uploads\\\/2025\\\/11\\\/Glamico-1.png\",\"width\":627,\"height\":400,\"caption\":\"Glamico Baltics O\u00dc\"},\"image\":{\"@id\":\"https:\\\/\\\/glamico.ee\\\/#\\\/schema\\\/logo\\\/image\\\/\"},\"sameAs\":[\"https:\\\/\\\/www.instagram.com\\\/glamico.ee\\\/\"]}]}<\/script>\n<!-- \/ Yoast SEO plugin. -->","yoast_head_json":{"title":"Raywell Scalp Activating lotion 100ml - Glamico","robots":{"index":"index","follow":"follow","max-snippet":"max-snippet:-1","max-image-preview":"max-image-preview:large","max-video-preview":"max-video-preview:-1"},"canonical":"https:\/\/glamico.ee\/en\/pood\/raywell-scalp-activating-lotion-100ml\/","og_locale":"en_US","og_type":"article","og_title":"Raywell Scalp Activating lotion 100ml - Glamico","og_description":"Losjoon sobib neile, kes v\u00f5itlevad juuste v\u00e4ljalangemisega. See toode sisaldab rohelist teed, Jaapani kameelia\u00f5li ja ka aeglaselt vabanevat h\u00fcaluroonhapet. Aktiveeriv kreem aitab parandada mikrotsirkulatsiooni, hapnikuga varustatust ja folliikulite ettevalmistamist toitva kreemi paremaks imendumiseks, et v\u00e4ltida juuste v\u00e4ljalangemist. Kasutamine: P\u00e4rast \u0161ampooniga pesemist kandke umbes 5 ml toodet ainult peanahale, oodake paar minutit ja kandke peale ilma loputamata. Hoiatus: V\u00f5ib tundlikel inimestel [&hellip;]","og_url":"https:\/\/glamico.ee\/en\/pood\/raywell-scalp-activating-lotion-100ml\/","og_site_name":"Glamico","article_modified_time":"2025-11-29T15:01:16+00:00","og_image":[{"width":900,"height":900,"url":"https:\/\/glamico.ee\/wp-content\/uploads\/2025\/11\/Raywell-Bio-Act-Lotion-8055349242682-RR336.webp","type":"image\/webp"}],"twitter_card":"summary_large_image","twitter_misc":{"Est. reading time":"1 minute"},"schema":{"@context":"https:\/\/schema.org","@graph":[{"@type":"WebPage","@id":"https:\/\/glamico.ee\/pood\/raywell-scalp-activating-lotion-100ml\/","url":"https:\/\/glamico.ee\/pood\/raywell-scalp-activating-lotion-100ml\/","name":"Raywell Scalp Activating lotion 100ml - Glamico","isPartOf":{"@id":"https:\/\/glamico.ee\/#website"},"primaryImageOfPage":{"@id":"https:\/\/glamico.ee\/pood\/raywell-scalp-activating-lotion-100ml\/#primaryimage"},"image":{"@id":"https:\/\/glamico.ee\/pood\/raywell-scalp-activating-lotion-100ml\/#primaryimage"},"thumbnailUrl":"https:\/\/glamico.ee\/wp-content\/uploads\/2025\/11\/Raywell-Bio-Act-Lotion-8055349242682-RR336.webp","datePublished":"2025-11-29T15:01:15+00:00","dateModified":"2025-11-29T15:01:16+00:00","breadcrumb":{"@id":"https:\/\/glamico.ee\/pood\/raywell-scalp-activating-lotion-100ml\/#breadcrumb"},"inLanguage":"en-US","potentialAction":[{"@type":"ReadAction","target":["https:\/\/glamico.ee\/pood\/raywell-scalp-activating-lotion-100ml\/"]}]},{"@type":"ImageObject","inLanguage":"en-US","@id":"https:\/\/glamico.ee\/pood\/raywell-scalp-activating-lotion-100ml\/#primaryimage","url":"https:\/\/glamico.ee\/wp-content\/uploads\/2025\/11\/Raywell-Bio-Act-Lotion-8055349242682-RR336.webp","contentUrl":"https:\/\/glamico.ee\/wp-content\/uploads\/2025\/11\/Raywell-Bio-Act-Lotion-8055349242682-RR336.webp","width":900,"height":900},{"@type":"BreadcrumbList","@id":"https:\/\/glamico.ee\/pood\/raywell-scalp-activating-lotion-100ml\/#breadcrumb","itemListElement":[{"@type":"ListItem","position":1,"name":"Home","item":"https:\/\/glamico.ee\/"},{"@type":"ListItem","position":2,"name":"Pood","item":"https:\/\/glamico.ee\/pood\/"},{"@type":"ListItem","position":3,"name":"Raywell Scalp Activating lotion 100ml"}]},{"@type":"WebSite","@id":"https:\/\/glamico.ee\/#website","url":"https:\/\/glamico.ee\/","name":"Glamico","description":"Ilutooted","publisher":{"@id":"https:\/\/glamico.ee\/#organization"},"potentialAction":[{"@type":"SearchAction","target":{"@type":"EntryPoint","urlTemplate":"https:\/\/glamico.ee\/?s={search_term_string}"},"query-input":{"@type":"PropertyValueSpecification","valueRequired":true,"valueName":"search_term_string"}}],"inLanguage":"en-US"},{"@type":"Organization","@id":"https:\/\/glamico.ee\/#organization","name":"Glamico Baltics O\u00dc","url":"https:\/\/glamico.ee\/","logo":{"@type":"ImageObject","inLanguage":"en-US","@id":"https:\/\/glamico.ee\/#\/schema\/logo\/image\/","url":"https:\/\/glamico.ee\/wp-content\/uploads\/2025\/11\/Glamico-1.png","contentUrl":"https:\/\/glamico.ee\/wp-content\/uploads\/2025\/11\/Glamico-1.png","width":627,"height":400,"caption":"Glamico Baltics O\u00dc"},"image":{"@id":"https:\/\/glamico.ee\/#\/schema\/logo\/image\/"},"sameAs":["https:\/\/www.instagram.com\/glamico.ee\/"]}]}},"brands":[{"id":90,"name":"Raywell","slug":"raywell"}],"_links":{"self":[{"href":"https:\/\/glamico.ee\/en\/wp-json\/wp\/v2\/product\/2032","targetHints":{"allow":["GET"]}}],"collection":[{"href":"https:\/\/glamico.ee\/en\/wp-json\/wp\/v2\/product"}],"about":[{"href":"https:\/\/glamico.ee\/en\/wp-json\/wp\/v2\/types\/product"}],"version-history":[{"count":1,"href":"https:\/\/glamico.ee\/en\/wp-json\/wp\/v2\/product\/2032\/revisions"}],"predecessor-version":[{"id":2034,"href":"https:\/\/glamico.ee\/en\/wp-json\/wp\/v2\/product\/2032\/revisions\/2034"}],"wp:featuredmedia":[{"embeddable":true,"href":"https:\/\/glamico.ee\/en\/wp-json\/wp\/v2\/media\/2033"}],"wp:attachment":[{"href":"https:\/\/glamico.ee\/en\/wp-json\/wp\/v2\/media?parent=2032"}],"wp:term":[{"taxonomy":"pwb-brand","embeddable":true,"href":"https:\/\/glamico.ee\/en\/wp-json\/wp\/v2\/pwb-brand?post=2032"},{"taxonomy":"product_brand","embeddable":true,"href":"https:\/\/glamico.ee\/en\/wp-json\/wp\/v2\/product_brand?post=2032"},{"taxonomy":"product_cat","embeddable":true,"href":"https:\/\/glamico.ee\/en\/wp-json\/wp\/v2\/product_cat?post=2032"},{"taxonomy":"product_tag","embeddable":true,"href":"https:\/\/glamico.ee\/en\/wp-json\/wp\/v2\/product_tag?post=2032"}],"curies":[{"name":"wp","href":"https:\/\/api.w.org\/{rel}","templated":true}]}}