{"id":2015,"date":"2025-11-29T15:48:05","date_gmt":"2025-11-29T13:48:05","guid":{"rendered":"https:\/\/glamico.ee\/?post_type=product&#038;p=2015"},"modified":"2025-11-29T15:52:52","modified_gmt":"2025-11-29T13:52:52","slug":"raywell-direct-pigment-150ml","status":"publish","type":"product","link":"https:\/\/glamico.ee\/en\/pood\/raywell-direct-pigment-150ml\/","title":{"rendered":"Raywell Direct pigment 150ml"},"content":{"rendered":"<p>V\u00e4rvipigmendid geelis konditsioneeriva efektiga on saadaval 150 ml pudelis. Sisaldavab keratiini ja argaania\u00f5li.<\/p>\n<p>Blondeeritud juustel s\u00e4ravate efektide saamiseks.<br \/>\nToon-toonis v\u00e4rvi v\u00e4rskendamiseks v\u00f5i v\u00e4rvi taaselustamiseks kahe v\u00e4rvimise vahel.<br \/>\nEelv\u00e4rvina enne valitud v\u00e4rvi pealekandmist.<\/p>\n<p>Kasutamine:<br \/>\n1. Blondeeritud juustel s\u00e4ravate efektide saamiseks<br \/>\nPese juukseid, eemalda liigne vesi ja jaota toode \u00fchtlaselt niisketele juustele.<br \/>\nM\u00f5juaeg: 20 minutit (kuiva soojusallika kasutamisel 12 minutit).<br \/>\nLoputa rohke veega.<br \/>\nKestus: 3 n\u00e4dalat.<br \/>\n2. Toon-toonis v\u00e4rvi v\u00e4rskendamiseks v\u00f5i taaselustamiseks<br \/>\nPese juukseid, eemalda liigne vesi ja jaota toode \u00fchtlaselt niisketele juustele.<br \/>\nM\u00f5juaeg: 10 minutit (kuiva soojusallika kasutamisel 8 minutit).<br \/>\nLoputa rohke veega.<br \/>\nKestus: 2 n\u00e4dalat.<br \/>\n3. Eelv\u00e4rvimiseks (Pre-pigment)<br \/>\nKanna toode kuivadele juustele enne valitud v\u00e4rvi pealekandmist, seej\u00e4rel j\u00e4tka v\u00e4rvimist tavap\u00e4raselt.<br \/>\n\u26a0\ufe0f Hoiatused<br \/>\nV\u00f5ib p\u00f5hjustada allergilist reaktsiooni.<br \/>\nMitte kasutada ripsmete ja kulmude v\u00e4rvimiseks.<br \/>\nKui toode satub silma, loputa need koheselt.<br \/>\nHoida lastele k\u00e4ttesaamatus kohas.<\/p>\n<p>&nbsp;<\/p>","protected":false},"excerpt":{"rendered":"<p>PROFITOODE &#8211; ostmiseks kirjuta info@glamico.ee<\/p>\n<p>&nbsp;<\/p>","protected":false},"featured_media":2018,"template":"","meta":[],"pwb-brand":[90],"product_brand":[],"product_cat":[32],"product_tag":[],"class_list":{"0":"post-2015","1":"product","2":"type-product","3":"status-publish","4":"has-post-thumbnail","6":"pwb-brand-raywell","7":"product_cat-juustele","9":"first","10":"instock","11":"taxable","12":"shipping-taxable","13":"product-type-external"},"yoast_head":"<!-- This site is optimized with the Yoast SEO plugin v27.3 - https:\/\/yoast.com\/product\/yoast-seo-wordpress\/ -->\n<title>Raywell Direct pigment 150ml - Glamico<\/title>\n<meta name=\"robots\" content=\"index, follow, max-snippet:-1, max-image-preview:large, max-video-preview:-1\" \/>\n<link rel=\"canonical\" href=\"https:\/\/glamico.ee\/en\/pood\/raywell-direct-pigment-150ml\/\" \/>\n<meta property=\"og:locale\" content=\"en_US\" \/>\n<meta property=\"og:type\" content=\"article\" \/>\n<meta property=\"og:title\" content=\"Raywell Direct pigment 150ml - Glamico\" \/>\n<meta property=\"og:description\" content=\"PROFITOODE - ostmiseks kirjuta info@glamico.ee  &nbsp;\" \/>\n<meta property=\"og:url\" content=\"https:\/\/glamico.ee\/en\/pood\/raywell-direct-pigment-150ml\/\" \/>\n<meta property=\"og:site_name\" content=\"Glamico\" \/>\n<meta property=\"article:modified_time\" content=\"2025-11-29T13:52:52+00:00\" \/>\n<meta property=\"og:image\" content=\"https:\/\/glamico.ee\/wp-content\/uploads\/2025\/11\/RAYWELL_DIRECT_PIGMENT.webp\" \/>\n\t<meta property=\"og:image:width\" content=\"900\" \/>\n\t<meta property=\"og:image:height\" content=\"900\" \/>\n\t<meta property=\"og:image:type\" content=\"image\/webp\" \/>\n<meta name=\"twitter:card\" content=\"summary_large_image\" \/>\n<meta name=\"twitter:label1\" content=\"Est. reading time\" \/>\n\t<meta name=\"twitter:data1\" content=\"1 minute\" \/>\n<script type=\"application\/ld+json\" class=\"yoast-schema-graph\">{\"@context\":\"https:\\\/\\\/schema.org\",\"@graph\":[{\"@type\":\"WebPage\",\"@id\":\"https:\\\/\\\/glamico.ee\\\/pood\\\/raywell-direct-pigment-150ml\\\/\",\"url\":\"https:\\\/\\\/glamico.ee\\\/pood\\\/raywell-direct-pigment-150ml\\\/\",\"name\":\"Raywell Direct pigment 150ml - Glamico\",\"isPartOf\":{\"@id\":\"https:\\\/\\\/glamico.ee\\\/#website\"},\"primaryImageOfPage\":{\"@id\":\"https:\\\/\\\/glamico.ee\\\/pood\\\/raywell-direct-pigment-150ml\\\/#primaryimage\"},\"image\":{\"@id\":\"https:\\\/\\\/glamico.ee\\\/pood\\\/raywell-direct-pigment-150ml\\\/#primaryimage\"},\"thumbnailUrl\":\"https:\\\/\\\/glamico.ee\\\/wp-content\\\/uploads\\\/2025\\\/11\\\/RAYWELL_DIRECT_PIGMENT.webp\",\"datePublished\":\"2025-11-29T13:48:05+00:00\",\"dateModified\":\"2025-11-29T13:52:52+00:00\",\"breadcrumb\":{\"@id\":\"https:\\\/\\\/glamico.ee\\\/pood\\\/raywell-direct-pigment-150ml\\\/#breadcrumb\"},\"inLanguage\":\"en-US\",\"potentialAction\":[{\"@type\":\"ReadAction\",\"target\":[\"https:\\\/\\\/glamico.ee\\\/pood\\\/raywell-direct-pigment-150ml\\\/\"]}]},{\"@type\":\"ImageObject\",\"inLanguage\":\"en-US\",\"@id\":\"https:\\\/\\\/glamico.ee\\\/pood\\\/raywell-direct-pigment-150ml\\\/#primaryimage\",\"url\":\"https:\\\/\\\/glamico.ee\\\/wp-content\\\/uploads\\\/2025\\\/11\\\/RAYWELL_DIRECT_PIGMENT.webp\",\"contentUrl\":\"https:\\\/\\\/glamico.ee\\\/wp-content\\\/uploads\\\/2025\\\/11\\\/RAYWELL_DIRECT_PIGMENT.webp\",\"width\":900,\"height\":900},{\"@type\":\"BreadcrumbList\",\"@id\":\"https:\\\/\\\/glamico.ee\\\/pood\\\/raywell-direct-pigment-150ml\\\/#breadcrumb\",\"itemListElement\":[{\"@type\":\"ListItem\",\"position\":1,\"name\":\"Home\",\"item\":\"https:\\\/\\\/glamico.ee\\\/\"},{\"@type\":\"ListItem\",\"position\":2,\"name\":\"Pood\",\"item\":\"https:\\\/\\\/glamico.ee\\\/pood\\\/\"},{\"@type\":\"ListItem\",\"position\":3,\"name\":\"Raywell Direct pigment 150ml\"}]},{\"@type\":\"WebSite\",\"@id\":\"https:\\\/\\\/glamico.ee\\\/#website\",\"url\":\"https:\\\/\\\/glamico.ee\\\/\",\"name\":\"Glamico\",\"description\":\"Ilutooted\",\"publisher\":{\"@id\":\"https:\\\/\\\/glamico.ee\\\/#organization\"},\"potentialAction\":[{\"@type\":\"SearchAction\",\"target\":{\"@type\":\"EntryPoint\",\"urlTemplate\":\"https:\\\/\\\/glamico.ee\\\/?s={search_term_string}\"},\"query-input\":{\"@type\":\"PropertyValueSpecification\",\"valueRequired\":true,\"valueName\":\"search_term_string\"}}],\"inLanguage\":\"en-US\"},{\"@type\":\"Organization\",\"@id\":\"https:\\\/\\\/glamico.ee\\\/#organization\",\"name\":\"Glamico Baltics O\u00dc\",\"url\":\"https:\\\/\\\/glamico.ee\\\/\",\"logo\":{\"@type\":\"ImageObject\",\"inLanguage\":\"en-US\",\"@id\":\"https:\\\/\\\/glamico.ee\\\/#\\\/schema\\\/logo\\\/image\\\/\",\"url\":\"https:\\\/\\\/glamico.ee\\\/wp-content\\\/uploads\\\/2025\\\/11\\\/Glamico-1.png\",\"contentUrl\":\"https:\\\/\\\/glamico.ee\\\/wp-content\\\/uploads\\\/2025\\\/11\\\/Glamico-1.png\",\"width\":627,\"height\":400,\"caption\":\"Glamico Baltics O\u00dc\"},\"image\":{\"@id\":\"https:\\\/\\\/glamico.ee\\\/#\\\/schema\\\/logo\\\/image\\\/\"},\"sameAs\":[\"https:\\\/\\\/www.instagram.com\\\/glamico.ee\\\/\"]}]}<\/script>\n<!-- \/ Yoast SEO plugin. -->","yoast_head_json":{"title":"Raywell Direct pigment 150ml - Glamico","robots":{"index":"index","follow":"follow","max-snippet":"max-snippet:-1","max-image-preview":"max-image-preview:large","max-video-preview":"max-video-preview:-1"},"canonical":"https:\/\/glamico.ee\/en\/pood\/raywell-direct-pigment-150ml\/","og_locale":"en_US","og_type":"article","og_title":"Raywell Direct pigment 150ml - Glamico","og_description":"PROFITOODE - ostmiseks kirjuta info@glamico.ee  &nbsp;","og_url":"https:\/\/glamico.ee\/en\/pood\/raywell-direct-pigment-150ml\/","og_site_name":"Glamico","article_modified_time":"2025-11-29T13:52:52+00:00","og_image":[{"width":900,"height":900,"url":"https:\/\/glamico.ee\/wp-content\/uploads\/2025\/11\/RAYWELL_DIRECT_PIGMENT.webp","type":"image\/webp"}],"twitter_card":"summary_large_image","twitter_misc":{"Est. reading time":"1 minute"},"schema":{"@context":"https:\/\/schema.org","@graph":[{"@type":"WebPage","@id":"https:\/\/glamico.ee\/pood\/raywell-direct-pigment-150ml\/","url":"https:\/\/glamico.ee\/pood\/raywell-direct-pigment-150ml\/","name":"Raywell Direct pigment 150ml - Glamico","isPartOf":{"@id":"https:\/\/glamico.ee\/#website"},"primaryImageOfPage":{"@id":"https:\/\/glamico.ee\/pood\/raywell-direct-pigment-150ml\/#primaryimage"},"image":{"@id":"https:\/\/glamico.ee\/pood\/raywell-direct-pigment-150ml\/#primaryimage"},"thumbnailUrl":"https:\/\/glamico.ee\/wp-content\/uploads\/2025\/11\/RAYWELL_DIRECT_PIGMENT.webp","datePublished":"2025-11-29T13:48:05+00:00","dateModified":"2025-11-29T13:52:52+00:00","breadcrumb":{"@id":"https:\/\/glamico.ee\/pood\/raywell-direct-pigment-150ml\/#breadcrumb"},"inLanguage":"en-US","potentialAction":[{"@type":"ReadAction","target":["https:\/\/glamico.ee\/pood\/raywell-direct-pigment-150ml\/"]}]},{"@type":"ImageObject","inLanguage":"en-US","@id":"https:\/\/glamico.ee\/pood\/raywell-direct-pigment-150ml\/#primaryimage","url":"https:\/\/glamico.ee\/wp-content\/uploads\/2025\/11\/RAYWELL_DIRECT_PIGMENT.webp","contentUrl":"https:\/\/glamico.ee\/wp-content\/uploads\/2025\/11\/RAYWELL_DIRECT_PIGMENT.webp","width":900,"height":900},{"@type":"BreadcrumbList","@id":"https:\/\/glamico.ee\/pood\/raywell-direct-pigment-150ml\/#breadcrumb","itemListElement":[{"@type":"ListItem","position":1,"name":"Home","item":"https:\/\/glamico.ee\/"},{"@type":"ListItem","position":2,"name":"Pood","item":"https:\/\/glamico.ee\/pood\/"},{"@type":"ListItem","position":3,"name":"Raywell Direct pigment 150ml"}]},{"@type":"WebSite","@id":"https:\/\/glamico.ee\/#website","url":"https:\/\/glamico.ee\/","name":"Glamico","description":"Ilutooted","publisher":{"@id":"https:\/\/glamico.ee\/#organization"},"potentialAction":[{"@type":"SearchAction","target":{"@type":"EntryPoint","urlTemplate":"https:\/\/glamico.ee\/?s={search_term_string}"},"query-input":{"@type":"PropertyValueSpecification","valueRequired":true,"valueName":"search_term_string"}}],"inLanguage":"en-US"},{"@type":"Organization","@id":"https:\/\/glamico.ee\/#organization","name":"Glamico Baltics O\u00dc","url":"https:\/\/glamico.ee\/","logo":{"@type":"ImageObject","inLanguage":"en-US","@id":"https:\/\/glamico.ee\/#\/schema\/logo\/image\/","url":"https:\/\/glamico.ee\/wp-content\/uploads\/2025\/11\/Glamico-1.png","contentUrl":"https:\/\/glamico.ee\/wp-content\/uploads\/2025\/11\/Glamico-1.png","width":627,"height":400,"caption":"Glamico Baltics O\u00dc"},"image":{"@id":"https:\/\/glamico.ee\/#\/schema\/logo\/image\/"},"sameAs":["https:\/\/www.instagram.com\/glamico.ee\/"]}]}},"brands":[{"id":90,"name":"Raywell","slug":"raywell"}],"_links":{"self":[{"href":"https:\/\/glamico.ee\/en\/wp-json\/wp\/v2\/product\/2015","targetHints":{"allow":["GET"]}}],"collection":[{"href":"https:\/\/glamico.ee\/en\/wp-json\/wp\/v2\/product"}],"about":[{"href":"https:\/\/glamico.ee\/en\/wp-json\/wp\/v2\/types\/product"}],"version-history":[{"count":4,"href":"https:\/\/glamico.ee\/en\/wp-json\/wp\/v2\/product\/2015\/revisions"}],"predecessor-version":[{"id":2023,"href":"https:\/\/glamico.ee\/en\/wp-json\/wp\/v2\/product\/2015\/revisions\/2023"}],"wp:featuredmedia":[{"embeddable":true,"href":"https:\/\/glamico.ee\/en\/wp-json\/wp\/v2\/media\/2018"}],"wp:attachment":[{"href":"https:\/\/glamico.ee\/en\/wp-json\/wp\/v2\/media?parent=2015"}],"wp:term":[{"taxonomy":"pwb-brand","embeddable":true,"href":"https:\/\/glamico.ee\/en\/wp-json\/wp\/v2\/pwb-brand?post=2015"},{"taxonomy":"product_brand","embeddable":true,"href":"https:\/\/glamico.ee\/en\/wp-json\/wp\/v2\/product_brand?post=2015"},{"taxonomy":"product_cat","embeddable":true,"href":"https:\/\/glamico.ee\/en\/wp-json\/wp\/v2\/product_cat?post=2015"},{"taxonomy":"product_tag","embeddable":true,"href":"https:\/\/glamico.ee\/en\/wp-json\/wp\/v2\/product_tag?post=2015"}],"curies":[{"name":"wp","href":"https:\/\/api.w.org\/{rel}","templated":true}]}}