{"id":2012,"date":"2025-11-29T15:35:12","date_gmt":"2025-11-29T13:35:12","guid":{"rendered":"https:\/\/glamico.ee\/?post_type=product&#038;p=2012"},"modified":"2025-11-29T15:35:12","modified_gmt":"2025-11-29T13:35:12","slug":"raywell-no-orange-palsam-250ml","status":"publish","type":"product","link":"https:\/\/glamico.ee\/en\/pood\/raywell-no-orange-palsam-250ml\/","title":{"rendered":"Raywell No Orange palsam 250ml"},"content":{"rendered":"<p>No-Orange mask, mis neutraliseerib soovimatud vase-, punased ja oran\u017eid toonid andes juustele t\u00e4iusliku j\u00e4ise efekti. Rikastatud keratiini ja argaania\u00f5liga, et tagada t\u00f6\u00f6deldud juustele maksimaalne l\u00e4ige ja kohevus. Sarjad koosnevad \u0161ampoonist ja maskist, mis sobivad nii salongikasutuseks kui ka koduseks hoolduseks. Kasutamine: p\u00e4rast No-Orange \u0161ampooni kasutamist jaota mask \u00fchtlaselt r\u00e4tikuivadele juustele, lase 5-10 minutit m\u00f5juda ja loputa.<\/p>\n<p>Kasutamine: P\u00e4rast No-Orange \u0161ampooni kasutamist jaota mask \u00fchtlaselt r\u00e4tikuivadele juustele, lase 5-10 minutit m\u00f5juda ja loputa.<\/p>\n<p>Koostis: Aqua (Water), Cetyl Alcohol, Myristyl Alcohol, Cetrimonium Chloride, Parfum (FragraNCE), ISOPROPYL ALCOHOL, ARGANIA SPINOSA KERNEL OIL, STEARDIMONIUM HYDROXYPROPYL PANTHENYL PEG-7 DIMETHICONE PHOSPHATE CH LORIDE, HYDROLYZED KERATIN, LACTOBACILLUS FERMENT, Benzyl Alcohol, Benzoic Acid, Dehydroacetic Acid, Behentrimonium Chloride, Sodium Sulfate, Disodium Edta, Lactic Acid, Tocopherol, Ci 42090 (Acid Blue 9\/Fd &amp; C Blue No. 1), Acid Violet 43 (Ci 60730).<\/p>","protected":false},"excerpt":{"rendered":"<p>No-Orange mask, mis neutraliseerib soovimatud vase-, punased ja oran\u017eid toonid andes juustele t\u00e4iusliku j\u00e4ise efekti. Rikastatud keratiini ja argaania\u00f5liga, et tagada t\u00f6\u00f6deldud juustele maksimaalne l\u00e4ige ja kohevus. Sarjad koosnevad \u0161ampoonist ja maskist, mis sobivad nii salongikasutuseks kui ka koduseks hoolduseks. Kasutamine: p\u00e4rast No-Orange \u0161ampooni kasutamist jaota mask \u00fchtlaselt r\u00e4tikuivadele juustele, lase 5-10 minutit m\u00f5juda ja loputa. Kasutamine: P\u00e4rast No-Orange \u0161ampooni [&hellip;]<\/p>\n","protected":false},"featured_media":2013,"template":"","meta":[],"pwb-brand":[90],"product_brand":[],"product_cat":[32],"product_tag":[],"class_list":{"0":"post-2012","1":"product","2":"type-product","3":"status-publish","4":"has-post-thumbnail","6":"pwb-brand-raywell","7":"product_cat-juustele","9":"first","10":"instock","11":"taxable","12":"shipping-taxable","13":"purchasable","14":"product-type-simple"},"yoast_head":"<!-- This site is optimized with the Yoast SEO plugin v27.3 - https:\/\/yoast.com\/product\/yoast-seo-wordpress\/ -->\n<title>Raywell No Orange palsam 250ml - Glamico<\/title>\n<meta name=\"robots\" content=\"index, follow, max-snippet:-1, max-image-preview:large, max-video-preview:-1\" \/>\n<link rel=\"canonical\" href=\"https:\/\/glamico.ee\/en\/pood\/raywell-no-orange-palsam-250ml\/\" \/>\n<meta property=\"og:locale\" content=\"en_US\" \/>\n<meta property=\"og:type\" content=\"article\" \/>\n<meta property=\"og:title\" content=\"Raywell No Orange palsam 250ml - Glamico\" \/>\n<meta property=\"og:description\" content=\"No-Orange mask, mis neutraliseerib soovimatud vase-, punased ja oran\u017eid toonid andes juustele t\u00e4iusliku j\u00e4ise efekti. Rikastatud keratiini ja argaania\u00f5liga, et tagada t\u00f6\u00f6deldud juustele maksimaalne l\u00e4ige ja kohevus. Sarjad koosnevad \u0161ampoonist ja maskist, mis sobivad nii salongikasutuseks kui ka koduseks hoolduseks. Kasutamine: p\u00e4rast No-Orange \u0161ampooni kasutamist jaota mask \u00fchtlaselt r\u00e4tikuivadele juustele, lase 5-10 minutit m\u00f5juda ja loputa. Kasutamine: P\u00e4rast No-Orange \u0161ampooni [&hellip;]\" \/>\n<meta property=\"og:url\" content=\"https:\/\/glamico.ee\/en\/pood\/raywell-no-orange-palsam-250ml\/\" \/>\n<meta property=\"og:site_name\" content=\"Glamico\" \/>\n<meta property=\"og:image\" content=\"https:\/\/glamico.ee\/wp-content\/uploads\/2025\/11\/Raywell-NoOrange-Mask-250ml-2-8059307165044-RR488.webp\" \/>\n\t<meta property=\"og:image:width\" content=\"900\" \/>\n\t<meta property=\"og:image:height\" content=\"900\" \/>\n\t<meta property=\"og:image:type\" content=\"image\/webp\" \/>\n<meta name=\"twitter:card\" content=\"summary_large_image\" \/>\n<meta name=\"twitter:label1\" content=\"Est. reading time\" \/>\n\t<meta name=\"twitter:data1\" content=\"1 minute\" \/>\n<script type=\"application\/ld+json\" class=\"yoast-schema-graph\">{\"@context\":\"https:\\\/\\\/schema.org\",\"@graph\":[{\"@type\":\"WebPage\",\"@id\":\"https:\\\/\\\/glamico.ee\\\/pood\\\/raywell-no-orange-palsam-250ml\\\/\",\"url\":\"https:\\\/\\\/glamico.ee\\\/pood\\\/raywell-no-orange-palsam-250ml\\\/\",\"name\":\"Raywell No Orange palsam 250ml - Glamico\",\"isPartOf\":{\"@id\":\"https:\\\/\\\/glamico.ee\\\/#website\"},\"primaryImageOfPage\":{\"@id\":\"https:\\\/\\\/glamico.ee\\\/pood\\\/raywell-no-orange-palsam-250ml\\\/#primaryimage\"},\"image\":{\"@id\":\"https:\\\/\\\/glamico.ee\\\/pood\\\/raywell-no-orange-palsam-250ml\\\/#primaryimage\"},\"thumbnailUrl\":\"https:\\\/\\\/glamico.ee\\\/wp-content\\\/uploads\\\/2025\\\/11\\\/Raywell-NoOrange-Mask-250ml-2-8059307165044-RR488.webp\",\"datePublished\":\"2025-11-29T13:35:12+00:00\",\"breadcrumb\":{\"@id\":\"https:\\\/\\\/glamico.ee\\\/pood\\\/raywell-no-orange-palsam-250ml\\\/#breadcrumb\"},\"inLanguage\":\"en-US\",\"potentialAction\":[{\"@type\":\"ReadAction\",\"target\":[\"https:\\\/\\\/glamico.ee\\\/pood\\\/raywell-no-orange-palsam-250ml\\\/\"]}]},{\"@type\":\"ImageObject\",\"inLanguage\":\"en-US\",\"@id\":\"https:\\\/\\\/glamico.ee\\\/pood\\\/raywell-no-orange-palsam-250ml\\\/#primaryimage\",\"url\":\"https:\\\/\\\/glamico.ee\\\/wp-content\\\/uploads\\\/2025\\\/11\\\/Raywell-NoOrange-Mask-250ml-2-8059307165044-RR488.webp\",\"contentUrl\":\"https:\\\/\\\/glamico.ee\\\/wp-content\\\/uploads\\\/2025\\\/11\\\/Raywell-NoOrange-Mask-250ml-2-8059307165044-RR488.webp\",\"width\":900,\"height\":900},{\"@type\":\"BreadcrumbList\",\"@id\":\"https:\\\/\\\/glamico.ee\\\/pood\\\/raywell-no-orange-palsam-250ml\\\/#breadcrumb\",\"itemListElement\":[{\"@type\":\"ListItem\",\"position\":1,\"name\":\"Home\",\"item\":\"https:\\\/\\\/glamico.ee\\\/\"},{\"@type\":\"ListItem\",\"position\":2,\"name\":\"Pood\",\"item\":\"https:\\\/\\\/glamico.ee\\\/pood\\\/\"},{\"@type\":\"ListItem\",\"position\":3,\"name\":\"Raywell No Orange palsam 250ml\"}]},{\"@type\":\"WebSite\",\"@id\":\"https:\\\/\\\/glamico.ee\\\/#website\",\"url\":\"https:\\\/\\\/glamico.ee\\\/\",\"name\":\"Glamico\",\"description\":\"Ilutooted\",\"publisher\":{\"@id\":\"https:\\\/\\\/glamico.ee\\\/#organization\"},\"potentialAction\":[{\"@type\":\"SearchAction\",\"target\":{\"@type\":\"EntryPoint\",\"urlTemplate\":\"https:\\\/\\\/glamico.ee\\\/?s={search_term_string}\"},\"query-input\":{\"@type\":\"PropertyValueSpecification\",\"valueRequired\":true,\"valueName\":\"search_term_string\"}}],\"inLanguage\":\"en-US\"},{\"@type\":\"Organization\",\"@id\":\"https:\\\/\\\/glamico.ee\\\/#organization\",\"name\":\"Glamico Baltics O\u00dc\",\"url\":\"https:\\\/\\\/glamico.ee\\\/\",\"logo\":{\"@type\":\"ImageObject\",\"inLanguage\":\"en-US\",\"@id\":\"https:\\\/\\\/glamico.ee\\\/#\\\/schema\\\/logo\\\/image\\\/\",\"url\":\"https:\\\/\\\/glamico.ee\\\/wp-content\\\/uploads\\\/2025\\\/11\\\/Glamico-1.png\",\"contentUrl\":\"https:\\\/\\\/glamico.ee\\\/wp-content\\\/uploads\\\/2025\\\/11\\\/Glamico-1.png\",\"width\":627,\"height\":400,\"caption\":\"Glamico Baltics O\u00dc\"},\"image\":{\"@id\":\"https:\\\/\\\/glamico.ee\\\/#\\\/schema\\\/logo\\\/image\\\/\"},\"sameAs\":[\"https:\\\/\\\/www.instagram.com\\\/glamico.ee\\\/\"]}]}<\/script>\n<!-- \/ Yoast SEO plugin. -->","yoast_head_json":{"title":"Raywell No Orange palsam 250ml - Glamico","robots":{"index":"index","follow":"follow","max-snippet":"max-snippet:-1","max-image-preview":"max-image-preview:large","max-video-preview":"max-video-preview:-1"},"canonical":"https:\/\/glamico.ee\/en\/pood\/raywell-no-orange-palsam-250ml\/","og_locale":"en_US","og_type":"article","og_title":"Raywell No Orange palsam 250ml - Glamico","og_description":"No-Orange mask, mis neutraliseerib soovimatud vase-, punased ja oran\u017eid toonid andes juustele t\u00e4iusliku j\u00e4ise efekti. Rikastatud keratiini ja argaania\u00f5liga, et tagada t\u00f6\u00f6deldud juustele maksimaalne l\u00e4ige ja kohevus. Sarjad koosnevad \u0161ampoonist ja maskist, mis sobivad nii salongikasutuseks kui ka koduseks hoolduseks. Kasutamine: p\u00e4rast No-Orange \u0161ampooni kasutamist jaota mask \u00fchtlaselt r\u00e4tikuivadele juustele, lase 5-10 minutit m\u00f5juda ja loputa. Kasutamine: P\u00e4rast No-Orange \u0161ampooni [&hellip;]","og_url":"https:\/\/glamico.ee\/en\/pood\/raywell-no-orange-palsam-250ml\/","og_site_name":"Glamico","og_image":[{"width":900,"height":900,"url":"https:\/\/glamico.ee\/wp-content\/uploads\/2025\/11\/Raywell-NoOrange-Mask-250ml-2-8059307165044-RR488.webp","type":"image\/webp"}],"twitter_card":"summary_large_image","twitter_misc":{"Est. reading time":"1 minute"},"schema":{"@context":"https:\/\/schema.org","@graph":[{"@type":"WebPage","@id":"https:\/\/glamico.ee\/pood\/raywell-no-orange-palsam-250ml\/","url":"https:\/\/glamico.ee\/pood\/raywell-no-orange-palsam-250ml\/","name":"Raywell No Orange palsam 250ml - Glamico","isPartOf":{"@id":"https:\/\/glamico.ee\/#website"},"primaryImageOfPage":{"@id":"https:\/\/glamico.ee\/pood\/raywell-no-orange-palsam-250ml\/#primaryimage"},"image":{"@id":"https:\/\/glamico.ee\/pood\/raywell-no-orange-palsam-250ml\/#primaryimage"},"thumbnailUrl":"https:\/\/glamico.ee\/wp-content\/uploads\/2025\/11\/Raywell-NoOrange-Mask-250ml-2-8059307165044-RR488.webp","datePublished":"2025-11-29T13:35:12+00:00","breadcrumb":{"@id":"https:\/\/glamico.ee\/pood\/raywell-no-orange-palsam-250ml\/#breadcrumb"},"inLanguage":"en-US","potentialAction":[{"@type":"ReadAction","target":["https:\/\/glamico.ee\/pood\/raywell-no-orange-palsam-250ml\/"]}]},{"@type":"ImageObject","inLanguage":"en-US","@id":"https:\/\/glamico.ee\/pood\/raywell-no-orange-palsam-250ml\/#primaryimage","url":"https:\/\/glamico.ee\/wp-content\/uploads\/2025\/11\/Raywell-NoOrange-Mask-250ml-2-8059307165044-RR488.webp","contentUrl":"https:\/\/glamico.ee\/wp-content\/uploads\/2025\/11\/Raywell-NoOrange-Mask-250ml-2-8059307165044-RR488.webp","width":900,"height":900},{"@type":"BreadcrumbList","@id":"https:\/\/glamico.ee\/pood\/raywell-no-orange-palsam-250ml\/#breadcrumb","itemListElement":[{"@type":"ListItem","position":1,"name":"Home","item":"https:\/\/glamico.ee\/"},{"@type":"ListItem","position":2,"name":"Pood","item":"https:\/\/glamico.ee\/pood\/"},{"@type":"ListItem","position":3,"name":"Raywell No Orange palsam 250ml"}]},{"@type":"WebSite","@id":"https:\/\/glamico.ee\/#website","url":"https:\/\/glamico.ee\/","name":"Glamico","description":"Ilutooted","publisher":{"@id":"https:\/\/glamico.ee\/#organization"},"potentialAction":[{"@type":"SearchAction","target":{"@type":"EntryPoint","urlTemplate":"https:\/\/glamico.ee\/?s={search_term_string}"},"query-input":{"@type":"PropertyValueSpecification","valueRequired":true,"valueName":"search_term_string"}}],"inLanguage":"en-US"},{"@type":"Organization","@id":"https:\/\/glamico.ee\/#organization","name":"Glamico Baltics O\u00dc","url":"https:\/\/glamico.ee\/","logo":{"@type":"ImageObject","inLanguage":"en-US","@id":"https:\/\/glamico.ee\/#\/schema\/logo\/image\/","url":"https:\/\/glamico.ee\/wp-content\/uploads\/2025\/11\/Glamico-1.png","contentUrl":"https:\/\/glamico.ee\/wp-content\/uploads\/2025\/11\/Glamico-1.png","width":627,"height":400,"caption":"Glamico Baltics O\u00dc"},"image":{"@id":"https:\/\/glamico.ee\/#\/schema\/logo\/image\/"},"sameAs":["https:\/\/www.instagram.com\/glamico.ee\/"]}]}},"brands":[{"id":90,"name":"Raywell","slug":"raywell"}],"_links":{"self":[{"href":"https:\/\/glamico.ee\/en\/wp-json\/wp\/v2\/product\/2012","targetHints":{"allow":["GET"]}}],"collection":[{"href":"https:\/\/glamico.ee\/en\/wp-json\/wp\/v2\/product"}],"about":[{"href":"https:\/\/glamico.ee\/en\/wp-json\/wp\/v2\/types\/product"}],"version-history":[{"count":1,"href":"https:\/\/glamico.ee\/en\/wp-json\/wp\/v2\/product\/2012\/revisions"}],"predecessor-version":[{"id":2014,"href":"https:\/\/glamico.ee\/en\/wp-json\/wp\/v2\/product\/2012\/revisions\/2014"}],"wp:featuredmedia":[{"embeddable":true,"href":"https:\/\/glamico.ee\/en\/wp-json\/wp\/v2\/media\/2013"}],"wp:attachment":[{"href":"https:\/\/glamico.ee\/en\/wp-json\/wp\/v2\/media?parent=2012"}],"wp:term":[{"taxonomy":"pwb-brand","embeddable":true,"href":"https:\/\/glamico.ee\/en\/wp-json\/wp\/v2\/pwb-brand?post=2012"},{"taxonomy":"product_brand","embeddable":true,"href":"https:\/\/glamico.ee\/en\/wp-json\/wp\/v2\/product_brand?post=2012"},{"taxonomy":"product_cat","embeddable":true,"href":"https:\/\/glamico.ee\/en\/wp-json\/wp\/v2\/product_cat?post=2012"},{"taxonomy":"product_tag","embeddable":true,"href":"https:\/\/glamico.ee\/en\/wp-json\/wp\/v2\/product_tag?post=2012"}],"curies":[{"name":"wp","href":"https:\/\/api.w.org\/{rel}","templated":true}]}}