{"id":1990,"date":"2025-11-26T11:41:20","date_gmt":"2025-11-26T09:41:20","guid":{"rendered":"https:\/\/glamico.ee\/?post_type=product&#038;p=1990"},"modified":"2025-11-26T11:45:07","modified_gmt":"2025-11-26T09:45:07","slug":"mascara-magnetic-noir-must-ripsmetuss-95g","status":"publish","type":"product","link":"https:\/\/glamico.ee\/en\/pood\/mascara-magnetic-noir-must-ripsmetuss-95g\/","title":{"rendered":"Swederm Mascara Magnetic Noir \u2013 Must ripsmetu\u0161\u0161 9,5g"},"content":{"rendered":"","protected":false},"excerpt":{"rendered":"<p>MAGNETIC NOIR \u2013 Ripsmetu\u0161\u0161, mis annab mitmem\u00f5\u00f5tmelise efekti: koolutuse, vol\u00fc\u00fcmi ja \u00fclimusta tooni.<br \/>\nRipsmetu\u0161\u0161 ei j\u00e4ta t\u00fckke, ei l\u00e4he laiali ega pudene p\u00e4eva jooksul. See annab pikendatud, r\u00f5hutatud ja t\u00e4iuslikult koolutatud ripsmete efekti, neid samal ajal raskeks tegemata ja kokku kleepimata.<\/p>\n<p>T\u00e4nu looduslike ainete, nagu kastoor\u00f5li, karnaubavaha ja letsitiin, olemasolule silub ja hooldab MAGNETIC NOIR ripsmete struktuuri. Antioks\u00fcdantide (E-vitamiin, askorb\u00fc\u00fclpalmitaat, saialille\u00f5ie ekstrakt) lisamine kaitseb ripsmeid vabade radikaalide negatiivse m\u00f5ju eest.<\/p>\n<p>Koostis: Aqua (Water), Copernicia Cerifera Cera (Copernicia Cerifera (Carnauba) Wax), Glyceryl Stearate, Cera Microcristallina (Microcrystalline Wax), Stearic Acid, Ozokerite, Palmitic Acid, Styrene\/Acrylates\/Ammonium Methacrylate Copolymer, Hydrogenated Vegetable Oil, Butylene Glycol, Stearyl Stearate, Aminomethyl Propanol, Ricinus Communis Seed Oil (Ricinus Communis (Castor) Seed Oil), Phenoxyethanol, Caprylyl Glycol, Galactoarabinan, Caprylic\/Capric Triglyceride, Sodium Dehydroacetate, Hydroxyethylcellulose, Sodium Laureth-12 Sulfate, Lecithin, C11-15 Pareth-7, Tocopherol, Ascorbyl Palmitate, Potassium Sorbate, Tetrasodium EDTA, Calendula Officinalis Flower Extract, Citric Acid, BHT. May contain (+\/-): CI 77499 (Iron Oxides), CI 77007 (Ultramarines)<\/p>","protected":false},"featured_media":1991,"template":"","meta":[],"pwb-brand":[92],"product_brand":[],"product_cat":[30],"product_tag":[],"class_list":{"0":"post-1990","1":"product","2":"type-product","3":"status-publish","4":"has-post-thumbnail","6":"pwb-brand-swederm","7":"product_cat-nagu","9":"first","10":"instock","11":"taxable","12":"shipping-taxable","13":"purchasable","14":"product-type-simple"},"yoast_head":"<!-- This site is optimized with the Yoast SEO plugin v27.3 - https:\/\/yoast.com\/product\/yoast-seo-wordpress\/ -->\n<title>Swederm Mascara Magnetic Noir \u2013 Must ripsmetu\u0161\u0161 9,5g - Glamico<\/title>\n<meta name=\"robots\" content=\"index, follow, max-snippet:-1, max-image-preview:large, max-video-preview:-1\" \/>\n<link rel=\"canonical\" href=\"https:\/\/glamico.ee\/en\/pood\/mascara-magnetic-noir-must-ripsmetuss-95g\/\" \/>\n<meta property=\"og:locale\" content=\"en_US\" \/>\n<meta property=\"og:type\" content=\"article\" \/>\n<meta property=\"og:title\" content=\"Swederm Mascara Magnetic Noir \u2013 Must ripsmetu\u0161\u0161 9,5g - Glamico\" \/>\n<meta property=\"og:description\" content=\"MAGNETIC NOIR \u2013 Ripsmetu\u0161\u0161, mis annab mitmem\u00f5\u00f5tmelise efekti: koolutuse, vol\u00fc\u00fcmi ja \u00fclimusta tooni. Ripsmetu\u0161\u0161 ei j\u00e4ta t\u00fckke, ei l\u00e4he laiali ega pudene p\u00e4eva jooksul. See annab pikendatud, r\u00f5hutatud ja t\u00e4iuslikult koolutatud ripsmete efekti, neid samal ajal raskeks tegemata ja kokku kleepimata.  T\u00e4nu looduslike ainete, nagu kastoor\u00f5li, karnaubavaha ja letsitiin, olemasolule silub ja hooldab MAGNETIC NOIR ripsmete struktuuri. Antioks\u00fcdantide (E-vitamiin, askorb\u00fc\u00fclpalmitaat, saialille\u00f5ie ekstrakt) lisamine kaitseb ripsmeid vabade radikaalide negatiivse m\u00f5ju eest.  Koostis: Aqua (Water), Copernicia Cerifera Cera (Copernicia Cerifera (Carnauba) Wax), Glyceryl Stearate, Cera Microcristallina (Microcrystalline Wax), Stearic Acid, Ozokerite, Palmitic Acid, Styrene\/Acrylates\/Ammonium Methacrylate Copolymer, Hydrogenated Vegetable Oil, Butylene Glycol, Stearyl Stearate, Aminomethyl Propanol, Ricinus Communis Seed Oil (Ricinus Communis (Castor) Seed Oil), Phenoxyethanol, Caprylyl Glycol, Galactoarabinan, Caprylic\/Capric Triglyceride, Sodium Dehydroacetate, Hydroxyethylcellulose, Sodium Laureth-12 Sulfate, Lecithin, C11-15 Pareth-7, Tocopherol, Ascorbyl Palmitate, Potassium Sorbate, Tetrasodium EDTA, Calendula Officinalis Flower Extract, Citric Acid, BHT. May contain (+\/-): CI 77499 (Iron Oxides), CI 77007 (Ultramarines)\" \/>\n<meta property=\"og:url\" content=\"https:\/\/glamico.ee\/en\/pood\/mascara-magnetic-noir-must-ripsmetuss-95g\/\" \/>\n<meta property=\"og:site_name\" content=\"Glamico\" \/>\n<meta property=\"article:modified_time\" content=\"2025-11-26T09:45:07+00:00\" \/>\n<meta property=\"og:image\" content=\"https:\/\/glamico.ee\/wp-content\/uploads\/2025\/11\/5905669134088_1.webp\" \/>\n\t<meta property=\"og:image:width\" content=\"900\" \/>\n\t<meta property=\"og:image:height\" content=\"1200\" \/>\n\t<meta property=\"og:image:type\" content=\"image\/webp\" \/>\n<meta name=\"twitter:card\" content=\"summary_large_image\" \/>\n<script type=\"application\/ld+json\" class=\"yoast-schema-graph\">{\"@context\":\"https:\\\/\\\/schema.org\",\"@graph\":[{\"@type\":\"WebPage\",\"@id\":\"https:\\\/\\\/glamico.ee\\\/pood\\\/mascara-magnetic-noir-must-ripsmetuss-95g\\\/\",\"url\":\"https:\\\/\\\/glamico.ee\\\/pood\\\/mascara-magnetic-noir-must-ripsmetuss-95g\\\/\",\"name\":\"Swederm Mascara Magnetic Noir \u2013 Must ripsmetu\u0161\u0161 9,5g - Glamico\",\"isPartOf\":{\"@id\":\"https:\\\/\\\/glamico.ee\\\/#website\"},\"primaryImageOfPage\":{\"@id\":\"https:\\\/\\\/glamico.ee\\\/pood\\\/mascara-magnetic-noir-must-ripsmetuss-95g\\\/#primaryimage\"},\"image\":{\"@id\":\"https:\\\/\\\/glamico.ee\\\/pood\\\/mascara-magnetic-noir-must-ripsmetuss-95g\\\/#primaryimage\"},\"thumbnailUrl\":\"https:\\\/\\\/glamico.ee\\\/wp-content\\\/uploads\\\/2025\\\/11\\\/5905669134088_1.webp\",\"datePublished\":\"2025-11-26T09:41:20+00:00\",\"dateModified\":\"2025-11-26T09:45:07+00:00\",\"breadcrumb\":{\"@id\":\"https:\\\/\\\/glamico.ee\\\/pood\\\/mascara-magnetic-noir-must-ripsmetuss-95g\\\/#breadcrumb\"},\"inLanguage\":\"en-US\",\"potentialAction\":[{\"@type\":\"ReadAction\",\"target\":[\"https:\\\/\\\/glamico.ee\\\/pood\\\/mascara-magnetic-noir-must-ripsmetuss-95g\\\/\"]}]},{\"@type\":\"ImageObject\",\"inLanguage\":\"en-US\",\"@id\":\"https:\\\/\\\/glamico.ee\\\/pood\\\/mascara-magnetic-noir-must-ripsmetuss-95g\\\/#primaryimage\",\"url\":\"https:\\\/\\\/glamico.ee\\\/wp-content\\\/uploads\\\/2025\\\/11\\\/5905669134088_1.webp\",\"contentUrl\":\"https:\\\/\\\/glamico.ee\\\/wp-content\\\/uploads\\\/2025\\\/11\\\/5905669134088_1.webp\",\"width\":900,\"height\":1200},{\"@type\":\"BreadcrumbList\",\"@id\":\"https:\\\/\\\/glamico.ee\\\/pood\\\/mascara-magnetic-noir-must-ripsmetuss-95g\\\/#breadcrumb\",\"itemListElement\":[{\"@type\":\"ListItem\",\"position\":1,\"name\":\"Home\",\"item\":\"https:\\\/\\\/glamico.ee\\\/\"},{\"@type\":\"ListItem\",\"position\":2,\"name\":\"Pood\",\"item\":\"https:\\\/\\\/glamico.ee\\\/pood\\\/\"},{\"@type\":\"ListItem\",\"position\":3,\"name\":\"Swederm Mascara Magnetic Noir \u2013 Must ripsmetu\u0161\u0161 9,5g\"}]},{\"@type\":\"WebSite\",\"@id\":\"https:\\\/\\\/glamico.ee\\\/#website\",\"url\":\"https:\\\/\\\/glamico.ee\\\/\",\"name\":\"Glamico\",\"description\":\"Ilutooted\",\"publisher\":{\"@id\":\"https:\\\/\\\/glamico.ee\\\/#organization\"},\"potentialAction\":[{\"@type\":\"SearchAction\",\"target\":{\"@type\":\"EntryPoint\",\"urlTemplate\":\"https:\\\/\\\/glamico.ee\\\/?s={search_term_string}\"},\"query-input\":{\"@type\":\"PropertyValueSpecification\",\"valueRequired\":true,\"valueName\":\"search_term_string\"}}],\"inLanguage\":\"en-US\"},{\"@type\":\"Organization\",\"@id\":\"https:\\\/\\\/glamico.ee\\\/#organization\",\"name\":\"Glamico Baltics O\u00dc\",\"url\":\"https:\\\/\\\/glamico.ee\\\/\",\"logo\":{\"@type\":\"ImageObject\",\"inLanguage\":\"en-US\",\"@id\":\"https:\\\/\\\/glamico.ee\\\/#\\\/schema\\\/logo\\\/image\\\/\",\"url\":\"https:\\\/\\\/glamico.ee\\\/wp-content\\\/uploads\\\/2025\\\/11\\\/Glamico-1.png\",\"contentUrl\":\"https:\\\/\\\/glamico.ee\\\/wp-content\\\/uploads\\\/2025\\\/11\\\/Glamico-1.png\",\"width\":627,\"height\":400,\"caption\":\"Glamico Baltics O\u00dc\"},\"image\":{\"@id\":\"https:\\\/\\\/glamico.ee\\\/#\\\/schema\\\/logo\\\/image\\\/\"},\"sameAs\":[\"https:\\\/\\\/www.instagram.com\\\/glamico.ee\\\/\"]}]}<\/script>\n<!-- \/ Yoast SEO plugin. -->","yoast_head_json":{"title":"Swederm Mascara Magnetic Noir \u2013 Must ripsmetu\u0161\u0161 9,5g - Glamico","robots":{"index":"index","follow":"follow","max-snippet":"max-snippet:-1","max-image-preview":"max-image-preview:large","max-video-preview":"max-video-preview:-1"},"canonical":"https:\/\/glamico.ee\/en\/pood\/mascara-magnetic-noir-must-ripsmetuss-95g\/","og_locale":"en_US","og_type":"article","og_title":"Swederm Mascara Magnetic Noir \u2013 Must ripsmetu\u0161\u0161 9,5g - Glamico","og_description":"MAGNETIC NOIR \u2013 Ripsmetu\u0161\u0161, mis annab mitmem\u00f5\u00f5tmelise efekti: koolutuse, vol\u00fc\u00fcmi ja \u00fclimusta tooni. Ripsmetu\u0161\u0161 ei j\u00e4ta t\u00fckke, ei l\u00e4he laiali ega pudene p\u00e4eva jooksul. See annab pikendatud, r\u00f5hutatud ja t\u00e4iuslikult koolutatud ripsmete efekti, neid samal ajal raskeks tegemata ja kokku kleepimata.  T\u00e4nu looduslike ainete, nagu kastoor\u00f5li, karnaubavaha ja letsitiin, olemasolule silub ja hooldab MAGNETIC NOIR ripsmete struktuuri. Antioks\u00fcdantide (E-vitamiin, askorb\u00fc\u00fclpalmitaat, saialille\u00f5ie ekstrakt) lisamine kaitseb ripsmeid vabade radikaalide negatiivse m\u00f5ju eest.  Koostis: Aqua (Water), Copernicia Cerifera Cera (Copernicia Cerifera (Carnauba) Wax), Glyceryl Stearate, Cera Microcristallina (Microcrystalline Wax), Stearic Acid, Ozokerite, Palmitic Acid, Styrene\/Acrylates\/Ammonium Methacrylate Copolymer, Hydrogenated Vegetable Oil, Butylene Glycol, Stearyl Stearate, Aminomethyl Propanol, Ricinus Communis Seed Oil (Ricinus Communis (Castor) Seed Oil), Phenoxyethanol, Caprylyl Glycol, Galactoarabinan, Caprylic\/Capric Triglyceride, Sodium Dehydroacetate, Hydroxyethylcellulose, Sodium Laureth-12 Sulfate, Lecithin, C11-15 Pareth-7, Tocopherol, Ascorbyl Palmitate, Potassium Sorbate, Tetrasodium EDTA, Calendula Officinalis Flower Extract, Citric Acid, BHT. May contain (+\/-): CI 77499 (Iron Oxides), CI 77007 (Ultramarines)","og_url":"https:\/\/glamico.ee\/en\/pood\/mascara-magnetic-noir-must-ripsmetuss-95g\/","og_site_name":"Glamico","article_modified_time":"2025-11-26T09:45:07+00:00","og_image":[{"width":900,"height":1200,"url":"https:\/\/glamico.ee\/wp-content\/uploads\/2025\/11\/5905669134088_1.webp","type":"image\/webp"}],"twitter_card":"summary_large_image","schema":{"@context":"https:\/\/schema.org","@graph":[{"@type":"WebPage","@id":"https:\/\/glamico.ee\/pood\/mascara-magnetic-noir-must-ripsmetuss-95g\/","url":"https:\/\/glamico.ee\/pood\/mascara-magnetic-noir-must-ripsmetuss-95g\/","name":"Swederm Mascara Magnetic Noir \u2013 Must ripsmetu\u0161\u0161 9,5g - Glamico","isPartOf":{"@id":"https:\/\/glamico.ee\/#website"},"primaryImageOfPage":{"@id":"https:\/\/glamico.ee\/pood\/mascara-magnetic-noir-must-ripsmetuss-95g\/#primaryimage"},"image":{"@id":"https:\/\/glamico.ee\/pood\/mascara-magnetic-noir-must-ripsmetuss-95g\/#primaryimage"},"thumbnailUrl":"https:\/\/glamico.ee\/wp-content\/uploads\/2025\/11\/5905669134088_1.webp","datePublished":"2025-11-26T09:41:20+00:00","dateModified":"2025-11-26T09:45:07+00:00","breadcrumb":{"@id":"https:\/\/glamico.ee\/pood\/mascara-magnetic-noir-must-ripsmetuss-95g\/#breadcrumb"},"inLanguage":"en-US","potentialAction":[{"@type":"ReadAction","target":["https:\/\/glamico.ee\/pood\/mascara-magnetic-noir-must-ripsmetuss-95g\/"]}]},{"@type":"ImageObject","inLanguage":"en-US","@id":"https:\/\/glamico.ee\/pood\/mascara-magnetic-noir-must-ripsmetuss-95g\/#primaryimage","url":"https:\/\/glamico.ee\/wp-content\/uploads\/2025\/11\/5905669134088_1.webp","contentUrl":"https:\/\/glamico.ee\/wp-content\/uploads\/2025\/11\/5905669134088_1.webp","width":900,"height":1200},{"@type":"BreadcrumbList","@id":"https:\/\/glamico.ee\/pood\/mascara-magnetic-noir-must-ripsmetuss-95g\/#breadcrumb","itemListElement":[{"@type":"ListItem","position":1,"name":"Home","item":"https:\/\/glamico.ee\/"},{"@type":"ListItem","position":2,"name":"Pood","item":"https:\/\/glamico.ee\/pood\/"},{"@type":"ListItem","position":3,"name":"Swederm Mascara Magnetic Noir \u2013 Must ripsmetu\u0161\u0161 9,5g"}]},{"@type":"WebSite","@id":"https:\/\/glamico.ee\/#website","url":"https:\/\/glamico.ee\/","name":"Glamico","description":"Ilutooted","publisher":{"@id":"https:\/\/glamico.ee\/#organization"},"potentialAction":[{"@type":"SearchAction","target":{"@type":"EntryPoint","urlTemplate":"https:\/\/glamico.ee\/?s={search_term_string}"},"query-input":{"@type":"PropertyValueSpecification","valueRequired":true,"valueName":"search_term_string"}}],"inLanguage":"en-US"},{"@type":"Organization","@id":"https:\/\/glamico.ee\/#organization","name":"Glamico Baltics O\u00dc","url":"https:\/\/glamico.ee\/","logo":{"@type":"ImageObject","inLanguage":"en-US","@id":"https:\/\/glamico.ee\/#\/schema\/logo\/image\/","url":"https:\/\/glamico.ee\/wp-content\/uploads\/2025\/11\/Glamico-1.png","contentUrl":"https:\/\/glamico.ee\/wp-content\/uploads\/2025\/11\/Glamico-1.png","width":627,"height":400,"caption":"Glamico Baltics O\u00dc"},"image":{"@id":"https:\/\/glamico.ee\/#\/schema\/logo\/image\/"},"sameAs":["https:\/\/www.instagram.com\/glamico.ee\/"]}]}},"brands":[{"id":92,"name":"Swederm","slug":"swederm"}],"_links":{"self":[{"href":"https:\/\/glamico.ee\/en\/wp-json\/wp\/v2\/product\/1990","targetHints":{"allow":["GET"]}}],"collection":[{"href":"https:\/\/glamico.ee\/en\/wp-json\/wp\/v2\/product"}],"about":[{"href":"https:\/\/glamico.ee\/en\/wp-json\/wp\/v2\/types\/product"}],"version-history":[{"count":2,"href":"https:\/\/glamico.ee\/en\/wp-json\/wp\/v2\/product\/1990\/revisions"}],"predecessor-version":[{"id":1995,"href":"https:\/\/glamico.ee\/en\/wp-json\/wp\/v2\/product\/1990\/revisions\/1995"}],"wp:featuredmedia":[{"embeddable":true,"href":"https:\/\/glamico.ee\/en\/wp-json\/wp\/v2\/media\/1991"}],"wp:attachment":[{"href":"https:\/\/glamico.ee\/en\/wp-json\/wp\/v2\/media?parent=1990"}],"wp:term":[{"taxonomy":"pwb-brand","embeddable":true,"href":"https:\/\/glamico.ee\/en\/wp-json\/wp\/v2\/pwb-brand?post=1990"},{"taxonomy":"product_brand","embeddable":true,"href":"https:\/\/glamico.ee\/en\/wp-json\/wp\/v2\/product_brand?post=1990"},{"taxonomy":"product_cat","embeddable":true,"href":"https:\/\/glamico.ee\/en\/wp-json\/wp\/v2\/product_cat?post=1990"},{"taxonomy":"product_tag","embeddable":true,"href":"https:\/\/glamico.ee\/en\/wp-json\/wp\/v2\/product_tag?post=1990"}],"curies":[{"name":"wp","href":"https:\/\/api.w.org\/{rel}","templated":true}]}}