{"id":1985,"date":"2025-11-26T11:33:46","date_gmt":"2025-11-26T09:33:46","guid":{"rendered":"https:\/\/glamico.ee\/?post_type=product&#038;p=1985"},"modified":"2025-11-26T11:34:07","modified_gmt":"2025-11-26T09:34:07","slug":"swederm-bronzing-stone-13g","status":"publish","type":"product","link":"https:\/\/glamico.ee\/en\/pood\/swederm-bronzing-stone-13g\/","title":{"rendered":"Swederm Bronzing Stone pronkspuuder (Bronzer) 13g"},"content":{"rendered":"","protected":false},"excerpt":{"rendered":"<p>Multifunktsionaalne bronzer \u2013 BRONZING STONE<br \/>\nBRONZING STONE on toode, mis sobib suurep\u00e4raselt mitmeks otstarbeks. Seda saab kasutada nii n\u00e4o kontuurimiseks, andes n\u00e4ojoontele definitsiooni, kui ka nahale kerge p\u00e4evituse andmiseks. Kuna see ei n\u00f5ua kokkupuudet UV-kiirgusega, on see ideaalne lahendus inimestele, kes hoolivad oma naha tervisest ja v\u00e4ldivad p\u00e4ikest. S\u00f5ltumata aastaajast v\u00f5imaldab BRONZING STONE saavutada kauni ja loomuliku v\u00e4limuse.<\/p>\n<p>N\u00e4o kontuurimine BRONZING STONE\u2019iga<br \/>\nN\u00e4o kontuurimine BRONZING STONE\u2019iga on kunst, mis v\u00f5ib teie n\u00e4o v\u00e4limust t\u00e4ielikult muuta. T\u00e4nu oma intensiivsele pigmentatsioonile sobib puuder ideaalselt n\u00e4ojoonte modelleerimiseks. Saate seda kasutada p\u00f5sesarnade r\u00f5hutamiseks, n\u00e4o optiliseks salendamiseks v\u00f5i l\u00f5ualuu loomuliku kuju esiletoomiseks. Kandke seda lihtsalt strateegilistesse kohtadesse, nagu p\u00f5sesarnade alla, l\u00f5uajoonele, nina k\u00fclgedele ja oimukohtadele, et luua harmooniline ja tasakaalustatud kontuur. Puuder hajub kergesti, mis v\u00f5imaldab saavutada loomuliku varju efekti, mis n\u00e4eb v\u00e4lja v\u00e4rske ja terve.<\/p>\n<p>Intensiivne pigmentatsioon<br \/>\nBRONZING STONE&#8217;i \u00fcks p\u00f5hifunktsioone on selle intensiivne pigmentatsioon. Soe nahatoon on saavutatav vaid v\u00e4ikese koguse tootega. See t\u00e4hendab, et saate kergesti kontrollida efekti intensiivsust \u2013 alates \u00f5rnast, subtiilsest kumast kuni s\u00fcgavama, rohkem v\u00e4ljendunud p\u00e4evituseni. See teeb puudri t\u00e4iuslikuks nii igap\u00e4evaseks meigiks kui ka erilisteks s\u00fcndmusteks, kus meik peab olema v\u00e4ljendusrikkam.<\/p>\n<p>BRONZING STONE&#8217;i universaalne kasutus<br \/>\nBRONZING STONE sobib k\u00f5ikidele nahat\u00fc\u00fcpidele. Olenemata sellest, kas teil on rasune, kuiv v\u00f5i seganahk, puuder hajub kergesti, luues loomuliku ja \u00fchtlase efekti. Selle koostis on kerge ega koorma nahka, mis teeb selle mugavaks kanda terve p\u00e4eva. Lisaks on puuder kulumiskindel, mis tagab kauakestva meigi, mis p\u00fcsib paigal ka keerulistes tingimustes.<\/p>\n<p>Kasutamine: T\u00e4pse hajutamise jaoks soovitame enne BRONZING STONE&#8217;i pealekandmist puuderda oma n\u00e4gu n\u00e4iteks UNIVERSAL BAKED FACE POWDERiga \u2013 see aitab teil saavutada \u00fchtlase v\u00e4rvuse.<\/p>\n<p>P\u00e4rast liigse puudri eemaldamist alustage bronzeri pealekandmist: kandke toodet \u00fchtlaselt POWDER BRUSH pintslile, patsutades liigse maha, seej\u00e4rel kandke bronzer nahale ringjate liigutustega, alustades p\u00f5sesarnadest. Liikuge juuksepiirist n\u00e4o keskosa suunas. Pidage meeles, et mida v\u00e4hem toodet pintslil on, seda parem \u2013 efekti saab j\u00e4rk-j\u00e4rgult \u00fcles ehitada, kuid parem on alustada madalama intensiivsusega.<\/p>\n<p>Veatu pealekandmise tagavad pikemate harjastega h\u00f5redamad pintslid, mis hajutavad v\u00e4rvi nahka puudutades.<\/p>\n<p>P\u00e4rast p\u00f5sesarnade esilet\u00f5stmist kandke v\u00e4ike kogus bronzerit otsaesisele ja oimukohtadele. Kasutage pintslil olevat \u00fclej\u00e4\u00e4nud toodet p\u00e4rast otsaesisele kandmist, et r\u00f5hutada l\u00f5ualuud ja vajadusel ka kaela. Veenduge, et n\u00e4gu ei oleks kaelast tumedam ega heledam. L\u00f5uajoone esilet\u00f5stmine annab skulptuursema n\u00e4ostruktuuri.<\/p>\n<p>N\u00e4gu on juba p\u00e4evitunud ja selle jooned on teravdatud. Kui soovite p\u00f5sesarnade kontuuri veelgi r\u00f5hutada, lisage veidi bronzerit p\u00f5sesarnade all olevasse s\u00fcvendisse.<\/p>\n<p>Meigi l\u00f5petamiseks kandke bronzerit ka silmalaugudele: \u00fclemisele silmalaule kandmiseks kasutage suuremat hajutuspintslit ja kandke v\u00e4rvipilv silma v\u00e4lisnurgale ja voldi kohal olevale piirkonnale. Alumisele silmalaule kandmiseks kasutage v\u00e4iksemat hajutuspintslit.<\/p>\n<p>Sama v\u00e4rvi kasutamine silmadel ja n\u00e4ol annab v\u00e4ga viimistletud ja \u00fchtlase efekti ning on uskumatult kiiresti peale kantav.<\/p>\n<p>Koostis: Mica, Talc, Silica, Magnesium Stearate, Paraffinum Liquidum, Dimenthicone, 1,2-Hexanediol, Caprylyl Glycol, Sodium Dehydroacetate, Xanthan Gum, Dimethiconol, Tropolone, CI 77492, CI 77491, CI 77499, CI 77891<\/p>","protected":false},"featured_media":1986,"template":"","meta":[],"pwb-brand":[92],"product_brand":[],"product_cat":[30],"product_tag":[],"class_list":{"0":"post-1985","1":"product","2":"type-product","3":"status-publish","4":"has-post-thumbnail","6":"pwb-brand-swederm","7":"product_cat-nagu","9":"first","10":"instock","11":"taxable","12":"shipping-taxable","13":"purchasable","14":"product-type-simple"},"yoast_head":"<!-- This site is optimized with the Yoast SEO plugin v27.3 - https:\/\/yoast.com\/product\/yoast-seo-wordpress\/ -->\n<title>Swederm Bronzing Stone pronkspuuder (Bronzer) 13g - Glamico<\/title>\n<meta name=\"robots\" content=\"index, follow, max-snippet:-1, max-image-preview:large, max-video-preview:-1\" \/>\n<link rel=\"canonical\" href=\"https:\/\/glamico.ee\/en\/pood\/swederm-bronzing-stone-13g\/\" \/>\n<meta property=\"og:locale\" content=\"en_US\" \/>\n<meta property=\"og:type\" content=\"article\" \/>\n<meta property=\"og:title\" content=\"Swederm Bronzing Stone pronkspuuder (Bronzer) 13g - Glamico\" \/>\n<meta property=\"og:description\" content=\"Multifunktsionaalne bronzer \u2013 BRONZING STONE BRONZING STONE on toode, mis sobib suurep\u00e4raselt mitmeks otstarbeks. Seda saab kasutada nii n\u00e4o kontuurimiseks, andes n\u00e4ojoontele definitsiooni, kui ka nahale kerge p\u00e4evituse andmiseks. Kuna see ei n\u00f5ua kokkupuudet UV-kiirgusega, on see ideaalne lahendus inimestele, kes hoolivad oma naha tervisest ja v\u00e4ldivad p\u00e4ikest. S\u00f5ltumata aastaajast v\u00f5imaldab BRONZING STONE saavutada kauni ja loomuliku v\u00e4limuse.  N\u00e4o kontuurimine BRONZING STONE\u2019iga N\u00e4o kontuurimine BRONZING STONE\u2019iga on kunst, mis v\u00f5ib teie n\u00e4o v\u00e4limust t\u00e4ielikult muuta. T\u00e4nu oma intensiivsele pigmentatsioonile sobib puuder ideaalselt n\u00e4ojoonte modelleerimiseks. Saate seda kasutada p\u00f5sesarnade r\u00f5hutamiseks, n\u00e4o optiliseks salendamiseks v\u00f5i l\u00f5ualuu loomuliku kuju esiletoomiseks. Kandke seda lihtsalt strateegilistesse kohtadesse, nagu p\u00f5sesarnade alla, l\u00f5uajoonele, nina k\u00fclgedele ja oimukohtadele, et luua harmooniline ja tasakaalustatud kontuur. Puuder hajub kergesti, mis v\u00f5imaldab saavutada loomuliku varju efekti, mis n\u00e4eb v\u00e4lja v\u00e4rske ja terve.  Intensiivne pigmentatsioon BRONZING STONE&#039;i \u00fcks p\u00f5hifunktsioone on selle intensiivne pigmentatsioon. Soe nahatoon on saavutatav vaid v\u00e4ikese koguse tootega. See t\u00e4hendab, et saate kergesti kontrollida efekti intensiivsust \u2013 alates \u00f5rnast, subtiilsest kumast kuni s\u00fcgavama, rohkem v\u00e4ljendunud p\u00e4evituseni. See teeb puudri t\u00e4iuslikuks nii igap\u00e4evaseks meigiks kui ka erilisteks s\u00fcndmusteks, kus meik peab olema v\u00e4ljendusrikkam.  BRONZING STONE&#039;i universaalne kasutus BRONZING STONE sobib k\u00f5ikidele nahat\u00fc\u00fcpidele. Olenemata sellest, kas teil on rasune, kuiv v\u00f5i seganahk, puuder hajub kergesti, luues loomuliku ja \u00fchtlase efekti. Selle koostis on kerge ega koorma nahka, mis teeb selle mugavaks kanda terve p\u00e4eva. Lisaks on puuder kulumiskindel, mis tagab kauakestva meigi, mis p\u00fcsib paigal ka keerulistes tingimustes.  Kasutamine: T\u00e4pse hajutamise jaoks soovitame enne BRONZING STONE&#039;i pealekandmist puuderda oma n\u00e4gu n\u00e4iteks UNIVERSAL BAKED FACE POWDERiga \u2013 see aitab teil saavutada \u00fchtlase v\u00e4rvuse.  P\u00e4rast liigse puudri eemaldamist alustage bronzeri pealekandmist: kandke toodet \u00fchtlaselt POWDER BRUSH pintslile, patsutades liigse maha, seej\u00e4rel kandke bronzer nahale ringjate liigutustega, alustades p\u00f5sesarnadest. Liikuge juuksepiirist n\u00e4o keskosa suunas. Pidage meeles, et mida v\u00e4hem toodet pintslil on, seda parem \u2013 efekti saab j\u00e4rk-j\u00e4rgult \u00fcles ehitada, kuid parem on alustada madalama intensiivsusega.  Veatu pealekandmise tagavad pikemate harjastega h\u00f5redamad pintslid, mis hajutavad v\u00e4rvi nahka puudutades.  P\u00e4rast p\u00f5sesarnade esilet\u00f5stmist kandke v\u00e4ike kogus bronzerit otsaesisele ja oimukohtadele. Kasutage pintslil olevat \u00fclej\u00e4\u00e4nud toodet p\u00e4rast otsaesisele kandmist, et r\u00f5hutada l\u00f5ualuud ja vajadusel ka kaela. Veenduge, et n\u00e4gu ei oleks kaelast tumedam ega heledam. L\u00f5uajoone esilet\u00f5stmine annab skulptuursema n\u00e4ostruktuuri.  N\u00e4gu on juba p\u00e4evitunud ja selle jooned on teravdatud. Kui soovite p\u00f5sesarnade kontuuri veelgi r\u00f5hutada, lisage veidi bronzerit p\u00f5sesarnade all olevasse s\u00fcvendisse.  Meigi l\u00f5petamiseks kandke bronzerit ka silmalaugudele: \u00fclemisele silmalaule kandmiseks kasutage suuremat hajutuspintslit ja kandke v\u00e4rvipilv silma v\u00e4lisnurgale ja voldi kohal olevale piirkonnale. Alumisele silmalaule kandmiseks kasutage v\u00e4iksemat hajutuspintslit.  Sama v\u00e4rvi kasutamine silmadel ja n\u00e4ol annab v\u00e4ga viimistletud ja \u00fchtlase efekti ning on uskumatult kiiresti peale kantav.  Koostis: Mica, Talc, Silica, Magnesium Stearate, Paraffinum Liquidum, Dimenthicone, 1,2-Hexanediol, Caprylyl Glycol, Sodium Dehydroacetate, Xanthan Gum, Dimethiconol, Tropolone, CI 77492, CI 77491, CI 77499, CI 77891\" \/>\n<meta property=\"og:url\" content=\"https:\/\/glamico.ee\/en\/pood\/swederm-bronzing-stone-13g\/\" \/>\n<meta property=\"og:site_name\" content=\"Glamico\" \/>\n<meta property=\"article:modified_time\" content=\"2025-11-26T09:34:07+00:00\" \/>\n<meta property=\"og:image\" content=\"https:\/\/glamico.ee\/wp-content\/uploads\/2025\/11\/5905669134019_1.webp\" \/>\n\t<meta property=\"og:image:width\" content=\"900\" \/>\n\t<meta property=\"og:image:height\" content=\"1200\" \/>\n\t<meta property=\"og:image:type\" content=\"image\/webp\" \/>\n<meta name=\"twitter:card\" content=\"summary_large_image\" \/>\n<script type=\"application\/ld+json\" class=\"yoast-schema-graph\">{\"@context\":\"https:\\\/\\\/schema.org\",\"@graph\":[{\"@type\":\"WebPage\",\"@id\":\"https:\\\/\\\/glamico.ee\\\/pood\\\/swederm-bronzing-stone-13g\\\/\",\"url\":\"https:\\\/\\\/glamico.ee\\\/pood\\\/swederm-bronzing-stone-13g\\\/\",\"name\":\"Swederm Bronzing Stone pronkspuuder (Bronzer) 13g - Glamico\",\"isPartOf\":{\"@id\":\"https:\\\/\\\/glamico.ee\\\/#website\"},\"primaryImageOfPage\":{\"@id\":\"https:\\\/\\\/glamico.ee\\\/pood\\\/swederm-bronzing-stone-13g\\\/#primaryimage\"},\"image\":{\"@id\":\"https:\\\/\\\/glamico.ee\\\/pood\\\/swederm-bronzing-stone-13g\\\/#primaryimage\"},\"thumbnailUrl\":\"https:\\\/\\\/glamico.ee\\\/wp-content\\\/uploads\\\/2025\\\/11\\\/5905669134019_1.webp\",\"datePublished\":\"2025-11-26T09:33:46+00:00\",\"dateModified\":\"2025-11-26T09:34:07+00:00\",\"breadcrumb\":{\"@id\":\"https:\\\/\\\/glamico.ee\\\/pood\\\/swederm-bronzing-stone-13g\\\/#breadcrumb\"},\"inLanguage\":\"en-US\",\"potentialAction\":[{\"@type\":\"ReadAction\",\"target\":[\"https:\\\/\\\/glamico.ee\\\/pood\\\/swederm-bronzing-stone-13g\\\/\"]}]},{\"@type\":\"ImageObject\",\"inLanguage\":\"en-US\",\"@id\":\"https:\\\/\\\/glamico.ee\\\/pood\\\/swederm-bronzing-stone-13g\\\/#primaryimage\",\"url\":\"https:\\\/\\\/glamico.ee\\\/wp-content\\\/uploads\\\/2025\\\/11\\\/5905669134019_1.webp\",\"contentUrl\":\"https:\\\/\\\/glamico.ee\\\/wp-content\\\/uploads\\\/2025\\\/11\\\/5905669134019_1.webp\",\"width\":900,\"height\":1200},{\"@type\":\"BreadcrumbList\",\"@id\":\"https:\\\/\\\/glamico.ee\\\/pood\\\/swederm-bronzing-stone-13g\\\/#breadcrumb\",\"itemListElement\":[{\"@type\":\"ListItem\",\"position\":1,\"name\":\"Home\",\"item\":\"https:\\\/\\\/glamico.ee\\\/\"},{\"@type\":\"ListItem\",\"position\":2,\"name\":\"Pood\",\"item\":\"https:\\\/\\\/glamico.ee\\\/pood\\\/\"},{\"@type\":\"ListItem\",\"position\":3,\"name\":\"Swederm Bronzing Stone pronkspuuder (Bronzer) 13g\"}]},{\"@type\":\"WebSite\",\"@id\":\"https:\\\/\\\/glamico.ee\\\/#website\",\"url\":\"https:\\\/\\\/glamico.ee\\\/\",\"name\":\"Glamico\",\"description\":\"Ilutooted\",\"publisher\":{\"@id\":\"https:\\\/\\\/glamico.ee\\\/#organization\"},\"potentialAction\":[{\"@type\":\"SearchAction\",\"target\":{\"@type\":\"EntryPoint\",\"urlTemplate\":\"https:\\\/\\\/glamico.ee\\\/?s={search_term_string}\"},\"query-input\":{\"@type\":\"PropertyValueSpecification\",\"valueRequired\":true,\"valueName\":\"search_term_string\"}}],\"inLanguage\":\"en-US\"},{\"@type\":\"Organization\",\"@id\":\"https:\\\/\\\/glamico.ee\\\/#organization\",\"name\":\"Glamico Baltics O\u00dc\",\"url\":\"https:\\\/\\\/glamico.ee\\\/\",\"logo\":{\"@type\":\"ImageObject\",\"inLanguage\":\"en-US\",\"@id\":\"https:\\\/\\\/glamico.ee\\\/#\\\/schema\\\/logo\\\/image\\\/\",\"url\":\"https:\\\/\\\/glamico.ee\\\/wp-content\\\/uploads\\\/2025\\\/11\\\/Glamico-1.png\",\"contentUrl\":\"https:\\\/\\\/glamico.ee\\\/wp-content\\\/uploads\\\/2025\\\/11\\\/Glamico-1.png\",\"width\":627,\"height\":400,\"caption\":\"Glamico Baltics O\u00dc\"},\"image\":{\"@id\":\"https:\\\/\\\/glamico.ee\\\/#\\\/schema\\\/logo\\\/image\\\/\"},\"sameAs\":[\"https:\\\/\\\/www.instagram.com\\\/glamico.ee\\\/\"]}]}<\/script>\n<!-- \/ Yoast SEO plugin. -->","yoast_head_json":{"title":"Swederm Bronzing Stone pronkspuuder (Bronzer) 13g - Glamico","robots":{"index":"index","follow":"follow","max-snippet":"max-snippet:-1","max-image-preview":"max-image-preview:large","max-video-preview":"max-video-preview:-1"},"canonical":"https:\/\/glamico.ee\/en\/pood\/swederm-bronzing-stone-13g\/","og_locale":"en_US","og_type":"article","og_title":"Swederm Bronzing Stone pronkspuuder (Bronzer) 13g - Glamico","og_description":"Multifunktsionaalne bronzer \u2013 BRONZING STONE BRONZING STONE on toode, mis sobib suurep\u00e4raselt mitmeks otstarbeks. Seda saab kasutada nii n\u00e4o kontuurimiseks, andes n\u00e4ojoontele definitsiooni, kui ka nahale kerge p\u00e4evituse andmiseks. Kuna see ei n\u00f5ua kokkupuudet UV-kiirgusega, on see ideaalne lahendus inimestele, kes hoolivad oma naha tervisest ja v\u00e4ldivad p\u00e4ikest. S\u00f5ltumata aastaajast v\u00f5imaldab BRONZING STONE saavutada kauni ja loomuliku v\u00e4limuse.  N\u00e4o kontuurimine BRONZING STONE\u2019iga N\u00e4o kontuurimine BRONZING STONE\u2019iga on kunst, mis v\u00f5ib teie n\u00e4o v\u00e4limust t\u00e4ielikult muuta. T\u00e4nu oma intensiivsele pigmentatsioonile sobib puuder ideaalselt n\u00e4ojoonte modelleerimiseks. Saate seda kasutada p\u00f5sesarnade r\u00f5hutamiseks, n\u00e4o optiliseks salendamiseks v\u00f5i l\u00f5ualuu loomuliku kuju esiletoomiseks. Kandke seda lihtsalt strateegilistesse kohtadesse, nagu p\u00f5sesarnade alla, l\u00f5uajoonele, nina k\u00fclgedele ja oimukohtadele, et luua harmooniline ja tasakaalustatud kontuur. Puuder hajub kergesti, mis v\u00f5imaldab saavutada loomuliku varju efekti, mis n\u00e4eb v\u00e4lja v\u00e4rske ja terve.  Intensiivne pigmentatsioon BRONZING STONE'i \u00fcks p\u00f5hifunktsioone on selle intensiivne pigmentatsioon. Soe nahatoon on saavutatav vaid v\u00e4ikese koguse tootega. See t\u00e4hendab, et saate kergesti kontrollida efekti intensiivsust \u2013 alates \u00f5rnast, subtiilsest kumast kuni s\u00fcgavama, rohkem v\u00e4ljendunud p\u00e4evituseni. See teeb puudri t\u00e4iuslikuks nii igap\u00e4evaseks meigiks kui ka erilisteks s\u00fcndmusteks, kus meik peab olema v\u00e4ljendusrikkam.  BRONZING STONE'i universaalne kasutus BRONZING STONE sobib k\u00f5ikidele nahat\u00fc\u00fcpidele. Olenemata sellest, kas teil on rasune, kuiv v\u00f5i seganahk, puuder hajub kergesti, luues loomuliku ja \u00fchtlase efekti. Selle koostis on kerge ega koorma nahka, mis teeb selle mugavaks kanda terve p\u00e4eva. Lisaks on puuder kulumiskindel, mis tagab kauakestva meigi, mis p\u00fcsib paigal ka keerulistes tingimustes.  Kasutamine: T\u00e4pse hajutamise jaoks soovitame enne BRONZING STONE'i pealekandmist puuderda oma n\u00e4gu n\u00e4iteks UNIVERSAL BAKED FACE POWDERiga \u2013 see aitab teil saavutada \u00fchtlase v\u00e4rvuse.  P\u00e4rast liigse puudri eemaldamist alustage bronzeri pealekandmist: kandke toodet \u00fchtlaselt POWDER BRUSH pintslile, patsutades liigse maha, seej\u00e4rel kandke bronzer nahale ringjate liigutustega, alustades p\u00f5sesarnadest. Liikuge juuksepiirist n\u00e4o keskosa suunas. Pidage meeles, et mida v\u00e4hem toodet pintslil on, seda parem \u2013 efekti saab j\u00e4rk-j\u00e4rgult \u00fcles ehitada, kuid parem on alustada madalama intensiivsusega.  Veatu pealekandmise tagavad pikemate harjastega h\u00f5redamad pintslid, mis hajutavad v\u00e4rvi nahka puudutades.  P\u00e4rast p\u00f5sesarnade esilet\u00f5stmist kandke v\u00e4ike kogus bronzerit otsaesisele ja oimukohtadele. Kasutage pintslil olevat \u00fclej\u00e4\u00e4nud toodet p\u00e4rast otsaesisele kandmist, et r\u00f5hutada l\u00f5ualuud ja vajadusel ka kaela. Veenduge, et n\u00e4gu ei oleks kaelast tumedam ega heledam. L\u00f5uajoone esilet\u00f5stmine annab skulptuursema n\u00e4ostruktuuri.  N\u00e4gu on juba p\u00e4evitunud ja selle jooned on teravdatud. Kui soovite p\u00f5sesarnade kontuuri veelgi r\u00f5hutada, lisage veidi bronzerit p\u00f5sesarnade all olevasse s\u00fcvendisse.  Meigi l\u00f5petamiseks kandke bronzerit ka silmalaugudele: \u00fclemisele silmalaule kandmiseks kasutage suuremat hajutuspintslit ja kandke v\u00e4rvipilv silma v\u00e4lisnurgale ja voldi kohal olevale piirkonnale. Alumisele silmalaule kandmiseks kasutage v\u00e4iksemat hajutuspintslit.  Sama v\u00e4rvi kasutamine silmadel ja n\u00e4ol annab v\u00e4ga viimistletud ja \u00fchtlase efekti ning on uskumatult kiiresti peale kantav.  Koostis: Mica, Talc, Silica, Magnesium Stearate, Paraffinum Liquidum, Dimenthicone, 1,2-Hexanediol, Caprylyl Glycol, Sodium Dehydroacetate, Xanthan Gum, Dimethiconol, Tropolone, CI 77492, CI 77491, CI 77499, CI 77891","og_url":"https:\/\/glamico.ee\/en\/pood\/swederm-bronzing-stone-13g\/","og_site_name":"Glamico","article_modified_time":"2025-11-26T09:34:07+00:00","og_image":[{"width":900,"height":1200,"url":"https:\/\/glamico.ee\/wp-content\/uploads\/2025\/11\/5905669134019_1.webp","type":"image\/webp"}],"twitter_card":"summary_large_image","schema":{"@context":"https:\/\/schema.org","@graph":[{"@type":"WebPage","@id":"https:\/\/glamico.ee\/pood\/swederm-bronzing-stone-13g\/","url":"https:\/\/glamico.ee\/pood\/swederm-bronzing-stone-13g\/","name":"Swederm Bronzing Stone pronkspuuder (Bronzer) 13g - Glamico","isPartOf":{"@id":"https:\/\/glamico.ee\/#website"},"primaryImageOfPage":{"@id":"https:\/\/glamico.ee\/pood\/swederm-bronzing-stone-13g\/#primaryimage"},"image":{"@id":"https:\/\/glamico.ee\/pood\/swederm-bronzing-stone-13g\/#primaryimage"},"thumbnailUrl":"https:\/\/glamico.ee\/wp-content\/uploads\/2025\/11\/5905669134019_1.webp","datePublished":"2025-11-26T09:33:46+00:00","dateModified":"2025-11-26T09:34:07+00:00","breadcrumb":{"@id":"https:\/\/glamico.ee\/pood\/swederm-bronzing-stone-13g\/#breadcrumb"},"inLanguage":"en-US","potentialAction":[{"@type":"ReadAction","target":["https:\/\/glamico.ee\/pood\/swederm-bronzing-stone-13g\/"]}]},{"@type":"ImageObject","inLanguage":"en-US","@id":"https:\/\/glamico.ee\/pood\/swederm-bronzing-stone-13g\/#primaryimage","url":"https:\/\/glamico.ee\/wp-content\/uploads\/2025\/11\/5905669134019_1.webp","contentUrl":"https:\/\/glamico.ee\/wp-content\/uploads\/2025\/11\/5905669134019_1.webp","width":900,"height":1200},{"@type":"BreadcrumbList","@id":"https:\/\/glamico.ee\/pood\/swederm-bronzing-stone-13g\/#breadcrumb","itemListElement":[{"@type":"ListItem","position":1,"name":"Home","item":"https:\/\/glamico.ee\/"},{"@type":"ListItem","position":2,"name":"Pood","item":"https:\/\/glamico.ee\/pood\/"},{"@type":"ListItem","position":3,"name":"Swederm Bronzing Stone pronkspuuder (Bronzer) 13g"}]},{"@type":"WebSite","@id":"https:\/\/glamico.ee\/#website","url":"https:\/\/glamico.ee\/","name":"Glamico","description":"Ilutooted","publisher":{"@id":"https:\/\/glamico.ee\/#organization"},"potentialAction":[{"@type":"SearchAction","target":{"@type":"EntryPoint","urlTemplate":"https:\/\/glamico.ee\/?s={search_term_string}"},"query-input":{"@type":"PropertyValueSpecification","valueRequired":true,"valueName":"search_term_string"}}],"inLanguage":"en-US"},{"@type":"Organization","@id":"https:\/\/glamico.ee\/#organization","name":"Glamico Baltics O\u00dc","url":"https:\/\/glamico.ee\/","logo":{"@type":"ImageObject","inLanguage":"en-US","@id":"https:\/\/glamico.ee\/#\/schema\/logo\/image\/","url":"https:\/\/glamico.ee\/wp-content\/uploads\/2025\/11\/Glamico-1.png","contentUrl":"https:\/\/glamico.ee\/wp-content\/uploads\/2025\/11\/Glamico-1.png","width":627,"height":400,"caption":"Glamico Baltics O\u00dc"},"image":{"@id":"https:\/\/glamico.ee\/#\/schema\/logo\/image\/"},"sameAs":["https:\/\/www.instagram.com\/glamico.ee\/"]}]}},"brands":[{"id":92,"name":"Swederm","slug":"swederm"}],"_links":{"self":[{"href":"https:\/\/glamico.ee\/en\/wp-json\/wp\/v2\/product\/1985","targetHints":{"allow":["GET"]}}],"collection":[{"href":"https:\/\/glamico.ee\/en\/wp-json\/wp\/v2\/product"}],"about":[{"href":"https:\/\/glamico.ee\/en\/wp-json\/wp\/v2\/types\/product"}],"version-history":[{"count":1,"href":"https:\/\/glamico.ee\/en\/wp-json\/wp\/v2\/product\/1985\/revisions"}],"predecessor-version":[{"id":1989,"href":"https:\/\/glamico.ee\/en\/wp-json\/wp\/v2\/product\/1985\/revisions\/1989"}],"wp:featuredmedia":[{"embeddable":true,"href":"https:\/\/glamico.ee\/en\/wp-json\/wp\/v2\/media\/1986"}],"wp:attachment":[{"href":"https:\/\/glamico.ee\/en\/wp-json\/wp\/v2\/media?parent=1985"}],"wp:term":[{"taxonomy":"pwb-brand","embeddable":true,"href":"https:\/\/glamico.ee\/en\/wp-json\/wp\/v2\/pwb-brand?post=1985"},{"taxonomy":"product_brand","embeddable":true,"href":"https:\/\/glamico.ee\/en\/wp-json\/wp\/v2\/product_brand?post=1985"},{"taxonomy":"product_cat","embeddable":true,"href":"https:\/\/glamico.ee\/en\/wp-json\/wp\/v2\/product_cat?post=1985"},{"taxonomy":"product_tag","embeddable":true,"href":"https:\/\/glamico.ee\/en\/wp-json\/wp\/v2\/product_tag?post=1985"}],"curies":[{"name":"wp","href":"https:\/\/api.w.org\/{rel}","templated":true}]}}