{"id":1967,"date":"2025-11-26T11:16:22","date_gmt":"2025-11-26T09:16:22","guid":{"rendered":"https:\/\/glamico.ee\/?post_type=product&#038;p=1967"},"modified":"2025-11-26T11:16:44","modified_gmt":"2025-11-26T09:16:44","slug":"swederm-glam-cosmopolitan-33g","status":"publish","type":"product","link":"https:\/\/glamico.ee\/en\/pood\/swederm-glam-cosmopolitan-33g\/","title":{"rendered":"Swederm Glam p\u00f5sepuna Cosmopolitan 3,3g"},"content":{"rendered":"","protected":false},"excerpt":{"rendered":"<p>Valgustpeegeldav p\u00f5sepuna \u2013 t\u00e4iustab, valgustab ja vormib p\u00f5ski, andes nahale s\u00e4ra t\u00e4is ja v\u00e4rske l\u00f5pptulemuse<\/p>\n<p>Koostis:&#8221;Synthetic Fluorphlogopite, Dimethicone, Polymethylsilsesquioxane, Octyldodecyl Stearoyl Stearate, Mica, C30-45 Alkyl Dimethicone, Disteardimonium Hectorite, Dimethicone\/Vinyl Dimethicone Crosspolymer, Propylene Carbonate, Ethylhexylglycerin, Trimethylsiloxysilicate, Dimethiconol, Phenoxyethanol, Lauroyl Lysine, Tin Oxide, Isododecane. May Contain (+\/-): CI 77891 (Titanium Dioxide), CI 77492 (Iron Oxides), CI 77491 (Iron (III) Oxide\/Iron Oxides), CI 15850 (Red 7). VEGAN FRIENDLY.<\/p>","protected":false},"featured_media":1968,"template":"","meta":[],"pwb-brand":[92],"product_brand":[],"product_cat":[30],"product_tag":[],"class_list":{"0":"post-1967","1":"product","2":"type-product","3":"status-publish","4":"has-post-thumbnail","6":"pwb-brand-swederm","7":"product_cat-nagu","9":"first","10":"instock","11":"taxable","12":"shipping-taxable","13":"purchasable","14":"product-type-simple"},"yoast_head":"<!-- This site is optimized with the Yoast SEO plugin v27.3 - https:\/\/yoast.com\/product\/yoast-seo-wordpress\/ -->\n<title>Swederm Glam p\u00f5sepuna Cosmopolitan 3,3g - Glamico<\/title>\n<meta name=\"robots\" content=\"index, follow, max-snippet:-1, max-image-preview:large, max-video-preview:-1\" \/>\n<link rel=\"canonical\" href=\"https:\/\/glamico.ee\/en\/pood\/swederm-glam-cosmopolitan-33g\/\" \/>\n<meta property=\"og:locale\" content=\"en_US\" \/>\n<meta property=\"og:type\" content=\"article\" \/>\n<meta property=\"og:title\" content=\"Swederm Glam p\u00f5sepuna Cosmopolitan 3,3g - Glamico\" \/>\n<meta property=\"og:description\" content=\"Valgustpeegeldav p\u00f5sepuna \u2013 t\u00e4iustab, valgustab ja vormib p\u00f5ski, andes nahale s\u00e4ra t\u00e4is ja v\u00e4rske l\u00f5pptulemuse  Koostis:&quot;Synthetic Fluorphlogopite, Dimethicone, Polymethylsilsesquioxane, Octyldodecyl Stearoyl Stearate, Mica, C30-45 Alkyl Dimethicone, Disteardimonium Hectorite, Dimethicone\/Vinyl Dimethicone Crosspolymer, Propylene Carbonate, Ethylhexylglycerin, Trimethylsiloxysilicate, Dimethiconol, Phenoxyethanol, Lauroyl Lysine, Tin Oxide, Isododecane. May Contain (+\/-): CI 77891 (Titanium Dioxide), CI 77492 (Iron Oxides), CI 77491 (Iron (III) Oxide\/Iron Oxides), CI 15850 (Red 7). VEGAN FRIENDLY.\" \/>\n<meta property=\"og:url\" content=\"https:\/\/glamico.ee\/en\/pood\/swederm-glam-cosmopolitan-33g\/\" \/>\n<meta property=\"og:site_name\" content=\"Glamico\" \/>\n<meta property=\"article:modified_time\" content=\"2025-11-26T09:16:44+00:00\" \/>\n<meta property=\"og:image\" content=\"https:\/\/glamico.ee\/wp-content\/uploads\/2025\/11\/5903957432847_1.webp\" \/>\n\t<meta property=\"og:image:width\" content=\"900\" \/>\n\t<meta property=\"og:image:height\" content=\"1200\" \/>\n\t<meta property=\"og:image:type\" content=\"image\/webp\" \/>\n<meta name=\"twitter:card\" content=\"summary_large_image\" \/>\n<script type=\"application\/ld+json\" class=\"yoast-schema-graph\">{\"@context\":\"https:\\\/\\\/schema.org\",\"@graph\":[{\"@type\":\"WebPage\",\"@id\":\"https:\\\/\\\/glamico.ee\\\/pood\\\/swederm-glam-cosmopolitan-33g\\\/\",\"url\":\"https:\\\/\\\/glamico.ee\\\/pood\\\/swederm-glam-cosmopolitan-33g\\\/\",\"name\":\"Swederm Glam p\u00f5sepuna Cosmopolitan 3,3g - Glamico\",\"isPartOf\":{\"@id\":\"https:\\\/\\\/glamico.ee\\\/#website\"},\"primaryImageOfPage\":{\"@id\":\"https:\\\/\\\/glamico.ee\\\/pood\\\/swederm-glam-cosmopolitan-33g\\\/#primaryimage\"},\"image\":{\"@id\":\"https:\\\/\\\/glamico.ee\\\/pood\\\/swederm-glam-cosmopolitan-33g\\\/#primaryimage\"},\"thumbnailUrl\":\"https:\\\/\\\/glamico.ee\\\/wp-content\\\/uploads\\\/2025\\\/11\\\/5903957432847_1.webp\",\"datePublished\":\"2025-11-26T09:16:22+00:00\",\"dateModified\":\"2025-11-26T09:16:44+00:00\",\"breadcrumb\":{\"@id\":\"https:\\\/\\\/glamico.ee\\\/pood\\\/swederm-glam-cosmopolitan-33g\\\/#breadcrumb\"},\"inLanguage\":\"en-US\",\"potentialAction\":[{\"@type\":\"ReadAction\",\"target\":[\"https:\\\/\\\/glamico.ee\\\/pood\\\/swederm-glam-cosmopolitan-33g\\\/\"]}]},{\"@type\":\"ImageObject\",\"inLanguage\":\"en-US\",\"@id\":\"https:\\\/\\\/glamico.ee\\\/pood\\\/swederm-glam-cosmopolitan-33g\\\/#primaryimage\",\"url\":\"https:\\\/\\\/glamico.ee\\\/wp-content\\\/uploads\\\/2025\\\/11\\\/5903957432847_1.webp\",\"contentUrl\":\"https:\\\/\\\/glamico.ee\\\/wp-content\\\/uploads\\\/2025\\\/11\\\/5903957432847_1.webp\",\"width\":900,\"height\":1200},{\"@type\":\"BreadcrumbList\",\"@id\":\"https:\\\/\\\/glamico.ee\\\/pood\\\/swederm-glam-cosmopolitan-33g\\\/#breadcrumb\",\"itemListElement\":[{\"@type\":\"ListItem\",\"position\":1,\"name\":\"Home\",\"item\":\"https:\\\/\\\/glamico.ee\\\/\"},{\"@type\":\"ListItem\",\"position\":2,\"name\":\"Pood\",\"item\":\"https:\\\/\\\/glamico.ee\\\/pood\\\/\"},{\"@type\":\"ListItem\",\"position\":3,\"name\":\"Swederm Glam p\u00f5sepuna Cosmopolitan 3,3g\"}]},{\"@type\":\"WebSite\",\"@id\":\"https:\\\/\\\/glamico.ee\\\/#website\",\"url\":\"https:\\\/\\\/glamico.ee\\\/\",\"name\":\"Glamico\",\"description\":\"Ilutooted\",\"publisher\":{\"@id\":\"https:\\\/\\\/glamico.ee\\\/#organization\"},\"potentialAction\":[{\"@type\":\"SearchAction\",\"target\":{\"@type\":\"EntryPoint\",\"urlTemplate\":\"https:\\\/\\\/glamico.ee\\\/?s={search_term_string}\"},\"query-input\":{\"@type\":\"PropertyValueSpecification\",\"valueRequired\":true,\"valueName\":\"search_term_string\"}}],\"inLanguage\":\"en-US\"},{\"@type\":\"Organization\",\"@id\":\"https:\\\/\\\/glamico.ee\\\/#organization\",\"name\":\"Glamico Baltics O\u00dc\",\"url\":\"https:\\\/\\\/glamico.ee\\\/\",\"logo\":{\"@type\":\"ImageObject\",\"inLanguage\":\"en-US\",\"@id\":\"https:\\\/\\\/glamico.ee\\\/#\\\/schema\\\/logo\\\/image\\\/\",\"url\":\"https:\\\/\\\/glamico.ee\\\/wp-content\\\/uploads\\\/2025\\\/11\\\/Glamico-1.png\",\"contentUrl\":\"https:\\\/\\\/glamico.ee\\\/wp-content\\\/uploads\\\/2025\\\/11\\\/Glamico-1.png\",\"width\":627,\"height\":400,\"caption\":\"Glamico Baltics O\u00dc\"},\"image\":{\"@id\":\"https:\\\/\\\/glamico.ee\\\/#\\\/schema\\\/logo\\\/image\\\/\"},\"sameAs\":[\"https:\\\/\\\/www.instagram.com\\\/glamico.ee\\\/\"]}]}<\/script>\n<!-- \/ Yoast SEO plugin. -->","yoast_head_json":{"title":"Swederm Glam p\u00f5sepuna Cosmopolitan 3,3g - Glamico","robots":{"index":"index","follow":"follow","max-snippet":"max-snippet:-1","max-image-preview":"max-image-preview:large","max-video-preview":"max-video-preview:-1"},"canonical":"https:\/\/glamico.ee\/en\/pood\/swederm-glam-cosmopolitan-33g\/","og_locale":"en_US","og_type":"article","og_title":"Swederm Glam p\u00f5sepuna Cosmopolitan 3,3g - Glamico","og_description":"Valgustpeegeldav p\u00f5sepuna \u2013 t\u00e4iustab, valgustab ja vormib p\u00f5ski, andes nahale s\u00e4ra t\u00e4is ja v\u00e4rske l\u00f5pptulemuse  Koostis:\"Synthetic Fluorphlogopite, Dimethicone, Polymethylsilsesquioxane, Octyldodecyl Stearoyl Stearate, Mica, C30-45 Alkyl Dimethicone, Disteardimonium Hectorite, Dimethicone\/Vinyl Dimethicone Crosspolymer, Propylene Carbonate, Ethylhexylglycerin, Trimethylsiloxysilicate, Dimethiconol, Phenoxyethanol, Lauroyl Lysine, Tin Oxide, Isododecane. May Contain (+\/-): CI 77891 (Titanium Dioxide), CI 77492 (Iron Oxides), CI 77491 (Iron (III) Oxide\/Iron Oxides), CI 15850 (Red 7). VEGAN FRIENDLY.","og_url":"https:\/\/glamico.ee\/en\/pood\/swederm-glam-cosmopolitan-33g\/","og_site_name":"Glamico","article_modified_time":"2025-11-26T09:16:44+00:00","og_image":[{"width":900,"height":1200,"url":"https:\/\/glamico.ee\/wp-content\/uploads\/2025\/11\/5903957432847_1.webp","type":"image\/webp"}],"twitter_card":"summary_large_image","schema":{"@context":"https:\/\/schema.org","@graph":[{"@type":"WebPage","@id":"https:\/\/glamico.ee\/pood\/swederm-glam-cosmopolitan-33g\/","url":"https:\/\/glamico.ee\/pood\/swederm-glam-cosmopolitan-33g\/","name":"Swederm Glam p\u00f5sepuna Cosmopolitan 3,3g - Glamico","isPartOf":{"@id":"https:\/\/glamico.ee\/#website"},"primaryImageOfPage":{"@id":"https:\/\/glamico.ee\/pood\/swederm-glam-cosmopolitan-33g\/#primaryimage"},"image":{"@id":"https:\/\/glamico.ee\/pood\/swederm-glam-cosmopolitan-33g\/#primaryimage"},"thumbnailUrl":"https:\/\/glamico.ee\/wp-content\/uploads\/2025\/11\/5903957432847_1.webp","datePublished":"2025-11-26T09:16:22+00:00","dateModified":"2025-11-26T09:16:44+00:00","breadcrumb":{"@id":"https:\/\/glamico.ee\/pood\/swederm-glam-cosmopolitan-33g\/#breadcrumb"},"inLanguage":"en-US","potentialAction":[{"@type":"ReadAction","target":["https:\/\/glamico.ee\/pood\/swederm-glam-cosmopolitan-33g\/"]}]},{"@type":"ImageObject","inLanguage":"en-US","@id":"https:\/\/glamico.ee\/pood\/swederm-glam-cosmopolitan-33g\/#primaryimage","url":"https:\/\/glamico.ee\/wp-content\/uploads\/2025\/11\/5903957432847_1.webp","contentUrl":"https:\/\/glamico.ee\/wp-content\/uploads\/2025\/11\/5903957432847_1.webp","width":900,"height":1200},{"@type":"BreadcrumbList","@id":"https:\/\/glamico.ee\/pood\/swederm-glam-cosmopolitan-33g\/#breadcrumb","itemListElement":[{"@type":"ListItem","position":1,"name":"Home","item":"https:\/\/glamico.ee\/"},{"@type":"ListItem","position":2,"name":"Pood","item":"https:\/\/glamico.ee\/pood\/"},{"@type":"ListItem","position":3,"name":"Swederm Glam p\u00f5sepuna Cosmopolitan 3,3g"}]},{"@type":"WebSite","@id":"https:\/\/glamico.ee\/#website","url":"https:\/\/glamico.ee\/","name":"Glamico","description":"Ilutooted","publisher":{"@id":"https:\/\/glamico.ee\/#organization"},"potentialAction":[{"@type":"SearchAction","target":{"@type":"EntryPoint","urlTemplate":"https:\/\/glamico.ee\/?s={search_term_string}"},"query-input":{"@type":"PropertyValueSpecification","valueRequired":true,"valueName":"search_term_string"}}],"inLanguage":"en-US"},{"@type":"Organization","@id":"https:\/\/glamico.ee\/#organization","name":"Glamico Baltics O\u00dc","url":"https:\/\/glamico.ee\/","logo":{"@type":"ImageObject","inLanguage":"en-US","@id":"https:\/\/glamico.ee\/#\/schema\/logo\/image\/","url":"https:\/\/glamico.ee\/wp-content\/uploads\/2025\/11\/Glamico-1.png","contentUrl":"https:\/\/glamico.ee\/wp-content\/uploads\/2025\/11\/Glamico-1.png","width":627,"height":400,"caption":"Glamico Baltics O\u00dc"},"image":{"@id":"https:\/\/glamico.ee\/#\/schema\/logo\/image\/"},"sameAs":["https:\/\/www.instagram.com\/glamico.ee\/"]}]}},"brands":[{"id":92,"name":"Swederm","slug":"swederm"}],"_links":{"self":[{"href":"https:\/\/glamico.ee\/en\/wp-json\/wp\/v2\/product\/1967","targetHints":{"allow":["GET"]}}],"collection":[{"href":"https:\/\/glamico.ee\/en\/wp-json\/wp\/v2\/product"}],"about":[{"href":"https:\/\/glamico.ee\/en\/wp-json\/wp\/v2\/types\/product"}],"version-history":[{"count":1,"href":"https:\/\/glamico.ee\/en\/wp-json\/wp\/v2\/product\/1967\/revisions"}],"predecessor-version":[{"id":1972,"href":"https:\/\/glamico.ee\/en\/wp-json\/wp\/v2\/product\/1967\/revisions\/1972"}],"wp:featuredmedia":[{"embeddable":true,"href":"https:\/\/glamico.ee\/en\/wp-json\/wp\/v2\/media\/1968"}],"wp:attachment":[{"href":"https:\/\/glamico.ee\/en\/wp-json\/wp\/v2\/media?parent=1967"}],"wp:term":[{"taxonomy":"pwb-brand","embeddable":true,"href":"https:\/\/glamico.ee\/en\/wp-json\/wp\/v2\/pwb-brand?post=1967"},{"taxonomy":"product_brand","embeddable":true,"href":"https:\/\/glamico.ee\/en\/wp-json\/wp\/v2\/product_brand?post=1967"},{"taxonomy":"product_cat","embeddable":true,"href":"https:\/\/glamico.ee\/en\/wp-json\/wp\/v2\/product_cat?post=1967"},{"taxonomy":"product_tag","embeddable":true,"href":"https:\/\/glamico.ee\/en\/wp-json\/wp\/v2\/product_tag?post=1967"}],"curies":[{"name":"wp","href":"https:\/\/api.w.org\/{rel}","templated":true}]}}