{"id":1962,"date":"2025-11-26T10:52:16","date_gmt":"2025-11-26T08:52:16","guid":{"rendered":"https:\/\/glamico.ee\/?post_type=product&#038;p=1962"},"modified":"2026-04-16T15:13:18","modified_gmt":"2026-04-16T13:13:18","slug":"swederm-b-perfect-spf-15-30ml","status":"publish","type":"product","link":"https:\/\/glamico.ee\/en\/pood\/swederm-b-perfect-spf-15-30ml\/","title":{"rendered":"Swederm B Perfect SPF 15 Vananemisvastane seerum ja jumestuskreem 30ml"},"content":{"rendered":"<p>T\u00e4nu hoolikalt v\u00e4ljat\u00f6\u00f6tatud koostisele, mis on t\u00e4is nahale kasulikke taimeekstrakte, v\u00f5imaldab Swederm B PERFECT vananemisvastane n\u00e4oseerum kombineerida t\u00f5husa hoolduse \u00f5rna, loomuliku meigiga! Tulemus? Noorem, s\u00e4ravam ja tervem jume! Avastage aktiivsete koostisosade rikkus, mis loovad ainulaadse seerum-jumestuskreemi Swederm B PERFECT ANTI-AGE SERUM.<\/p>\n<p>Loomuliku meigi ja terve naha ilu \u2013 Swederm B PERFECT seerum-jumestuskreem<br \/>\nSwederm B PERFECT n\u00e4oseerumi mineraalsed pigmendid pakuvad \u00f5rnat katvust ja \u00fchtlustavad nahatooni ning tulemuseks on loomulik baas t\u00e4ismeigi jaoks v\u00f5i \u00f5rn, igap\u00e4evane, nahka hooldav viimistlus. Selle rafineeritud, siidine konsistents pakub p\u00f5nevust iga pealekandmisega, j\u00e4ttes naha sametiseks ja s\u00e4ravaks.<\/p>\n<p>Esitletav B PERFECT seerum-jumestuskreem on saadaval \u00fches toonis, mis sulandub p\u00e4rast pealekandmist ideaalselt teie nahaga. Siiski ei pruugi see sobida v\u00e4ga heledale nahale. Uurige, mis on B PERFECT seerumi saladus ja miks tasub oma nahka sellesse m\u00e4hkida!<\/p>\n<p>Taimsete \u00f5lide noorendav j\u00f5ud \u2013 Swederm B PERFECT vananemisvastane seerum<br \/>\nVananemisvastase Swederm B PERFECT n\u00e4oseerumi noorendav j\u00f5ud peitub detailides ehk t\u00e4psemalt hoolikalt valitud ja t\u00e4iuslikult harmoneeritud orgaanilise p\u00e4ritoluga aktiivsetes koostisosades. Alustame mahep\u00f5llumajandusest p\u00e4rit aaloolehe viljalihast, mis silub nahka ja v\u00e4hendab selle \u00e4rritust. Lisaks 4 loodusliku \u00f5li (jojoba, granaat\u00f5unaseemne, viinamarja ja magusa mandli) koostis, mis tugevdab naha lipiidbarj\u00e4\u00e4ri, muutes selle uskumatult siledaks ja puudutusele meeldivaks.<\/p>\n<p>Taimeekstraktide (sealhulgas oliivipuu viljad, tubakalehed ja merifenkol) lisamine koos E-vitamiiniga tagab t\u00f5husa kaitse vabade radikaalide eest. Vananemisvastasel Swederm B PERFECT n\u00e4oseerumil on v\u00e4\u00e4rtuslikud vananemisvastased, p\u00f5letikuvastased ja puhastavad omadused. See hoiab \u00e4ra naha l\u00f5tvumise ja kortsude tekke, stimuleerides epidermise parandus- ja kaitseprotsesse. See paneb naha n\u00e4gema noorem v\u00e4lja ja on suurep\u00e4raselt toidetud!<\/p>\n<p>Hoolitsege n\u00e4onaha loomuliku sileduse, mati viimistluse ja igak\u00fclgse kaitse eest, valides igap\u00e4evaseks hoolduseks siidise konsistentsi ja ainulaadse koostisega Swederm B PERFECT ANTI-AGE SERUM FLUIDi.<\/p>\n<p>MIKS B PERFECT RULLIMA HAKKAB?<br \/>\nTe ei seganud toodet p\u00f5hjalikult \u2013 Enne iga B PERFECTi kasutamist loksutage pudelit v\u00e4ga h\u00e4sti.<\/p>\n<p>Te kandsite liiga palju toodet \u2013 Kandke B PERFECTi nahale v\u00e4ikestes kogustes ja lisage vastavalt vajadusele.<\/p>\n<p>Enne B PERFECTi pealekandmist ei imendunud eelnev seerum v\u00f5i kreem piisavalt v\u00f5i on liiga raske konsistentsiga \u2013 Kandke B PERFECTi ainult siis, kui eelnevalt kantud toode on t\u00e4ielikult imendunud. Valige kerge konsistentsiga seerum\/kreem, n\u00e4iteks FACE BOOSTER v\u00f5i BB CREAM.<\/p>\n<p>Teie nahk ei vaja t\u00e4iendavat niisutust \u2013 B PERFECT toimib niisutava seerumina, seega rasuse\/sega-\/normaalse naha puhul ei pruugi olla vajadust kanda enne selle kasutamist peale teist seerumit\/kreemi. Kandke B PERFECTi otse puhastatud ja toniseeritud nahale.<\/p>\n<p>Kasutamine:<\/p>\n<div class=\"ewa-rteLine\">ENNE KASUTAMIST LOKSUTAGE P\u00d5HJALIKULT!<\/div>\n<div class=\"ewa-rteLine\"><\/div>\n<div class=\"ewa-rteLine\">P\u00e4rast n\u00e4o p\u00f5hjalikku puhastamist FACE CLEANSER vahuga kuivatage see, seej\u00e4rel piserdage FACE TONERiga. M\u00f5ne aja p\u00e4rast kandke v\u00e4ike kogus B PERFECTi nahale ja hajutage hoolikalt puhaste s\u00f5rmede v\u00f5i FLAT TOP BRUSH pintsliga. Lisage vastavalt vajadusele. Katvuse suurendamiseks segage peopesal B PERFECTi jumestuskreemiga PERFECT DROP vahekorras 1:1, seej\u00e4rel kandke nahale.<\/div>\n<div class=\"ewa-rteLine\"><\/div>\n<div class=\"ewa-rteLine\">B PERFECT toimib ka niisutava seerumina, seega rasuse\/sega-\/normaalse naha puhul kandke see otse puhastatud ja toniseeritud nahale. Kuiva nahaga inimestel v\u00f5ib enne B PERFECTi pealekandmist vaja minna \u00f5hukest kihti kerget seerumit v\u00f5i kreemi, n\u00e4iteks FACE BOOSTER v\u00f5i BB CREAM. Kandke B PERFECTi ainult p\u00e4rast eelnevalt kantud toote p\u00f5hjalikku imendumist.<\/div>\n<div class=\"ewa-rteLine\"><\/div>\n<div class=\"ewa-rteLine\">Meigi kinnitamiseks v\u00f5ite kasutada PERFECTLY MATTE matistavat puudrit ja\/v\u00f5i \u00f5rnalt valgustpeegeldavat UNIVERSAL BAKED FACE POWDERit. Seej\u00e4rel kontuurige oma n\u00e4gu BRONZING STONE bronzeriga.<\/div>\n<div>Koostis: Aloe Barbadensis Leaf Extract*, Prunus Amygdalus Dulcis Oil*, Olea Europaea Fruit Extract*, Simmondsia Chinensis Seed Oil*, Coco-Caprylate, Dicaprylyl Ether, Caprylic\/Capric Triglyceride, Mica, Titanium Dioxide, Undecane, Oryza Sativa Starch, Punica Granatum Seed Oil, Lauroyl Lysine, Nicotiana Tabacum Leaf Extract, Vitis Vinifera Seed Oil, Crithmum Maritimum Extract, Cetearyl Alcohol, Tridecane, Silica, Tocopheryl Acetate, Polyglyceryl\u20132 Dipolyhydroxystearate, Tocopherol, Benzyl Alcohol, Salicylic Acid, Glycerin, Sorbic Acid, Parfum, Sodium Dehydroacetate, Algin, Citric Acid, CI 77492\/Iron Oxides, CI 77491\/Iron Oxides, CI 77499\/Iron Oxides, Limonene, Linalool<\/div>","protected":false},"excerpt":{"rendered":"<p>Swederm B PERFECT ANTI-AGE SERUM FLUID on uuenduslik seerum-jumestuskreem (fluid), millel on valgustpeegeldava jumestuskreemi, vananemisvastase seerumi ja kaitsefiltri (SPF 15) omadused, kaitstes n\u00e4o \u00f5rna nahka mustuse ja vananemisprotsesse kiirendavate UV-kiirte eest.<\/p>","protected":false},"featured_media":1963,"template":"","meta":[],"pwb-brand":[92],"product_brand":[],"product_cat":[30],"product_tag":[],"class_list":{"0":"post-1962","1":"product","2":"type-product","3":"status-publish","4":"has-post-thumbnail","6":"pwb-brand-swederm","7":"product_cat-nagu","9":"first","10":"instock","11":"taxable","12":"shipping-taxable","13":"purchasable","14":"product-type-simple"},"yoast_head":"<!-- This site is optimized with the Yoast SEO plugin v27.3 - https:\/\/yoast.com\/product\/yoast-seo-wordpress\/ -->\n<title>Swederm B Perfect SPF 15 Vananemisvastane seerum ja jumestuskreem 30ml - Glamico<\/title>\n<meta name=\"robots\" content=\"index, follow, max-snippet:-1, max-image-preview:large, max-video-preview:-1\" \/>\n<link rel=\"canonical\" href=\"https:\/\/glamico.ee\/en\/pood\/swederm-b-perfect-spf-15-30ml\/\" \/>\n<meta property=\"og:locale\" content=\"en_US\" \/>\n<meta property=\"og:type\" content=\"article\" \/>\n<meta property=\"og:title\" content=\"Swederm B Perfect SPF 15 Vananemisvastane seerum ja jumestuskreem 30ml - Glamico\" \/>\n<meta property=\"og:description\" content=\"Swederm B PERFECT ANTI-AGE SERUM FLUID on uuenduslik seerum-jumestuskreem (fluid), millel on valgustpeegeldava jumestuskreemi, vananemisvastase seerumi ja kaitsefiltri (SPF 15) omadused, kaitstes n\u00e4o \u00f5rna nahka mustuse ja vananemisprotsesse kiirendavate UV-kiirte eest.\" \/>\n<meta property=\"og:url\" content=\"https:\/\/glamico.ee\/en\/pood\/swederm-b-perfect-spf-15-30ml\/\" \/>\n<meta property=\"og:site_name\" content=\"Glamico\" \/>\n<meta property=\"article:modified_time\" content=\"2026-04-16T13:13:18+00:00\" \/>\n<meta property=\"og:image\" content=\"https:\/\/glamico.ee\/wp-content\/uploads\/2025\/11\/5905669134613_1.webp\" \/>\n\t<meta property=\"og:image:width\" content=\"900\" \/>\n\t<meta property=\"og:image:height\" content=\"1200\" \/>\n\t<meta property=\"og:image:type\" content=\"image\/webp\" \/>\n<meta name=\"twitter:card\" content=\"summary_large_image\" \/>\n<meta name=\"twitter:label1\" content=\"Est. reading time\" \/>\n\t<meta name=\"twitter:data1\" content=\"4 minutes\" \/>\n<script type=\"application\/ld+json\" class=\"yoast-schema-graph\">{\"@context\":\"https:\\\/\\\/schema.org\",\"@graph\":[{\"@type\":\"WebPage\",\"@id\":\"https:\\\/\\\/glamico.ee\\\/pood\\\/swederm-b-perfect-spf-15-30ml\\\/\",\"url\":\"https:\\\/\\\/glamico.ee\\\/pood\\\/swederm-b-perfect-spf-15-30ml\\\/\",\"name\":\"Swederm B Perfect SPF 15 Vananemisvastane seerum ja jumestuskreem 30ml - Glamico\",\"isPartOf\":{\"@id\":\"https:\\\/\\\/glamico.ee\\\/#website\"},\"primaryImageOfPage\":{\"@id\":\"https:\\\/\\\/glamico.ee\\\/pood\\\/swederm-b-perfect-spf-15-30ml\\\/#primaryimage\"},\"image\":{\"@id\":\"https:\\\/\\\/glamico.ee\\\/pood\\\/swederm-b-perfect-spf-15-30ml\\\/#primaryimage\"},\"thumbnailUrl\":\"https:\\\/\\\/glamico.ee\\\/wp-content\\\/uploads\\\/2025\\\/11\\\/5905669134613_1.webp\",\"datePublished\":\"2025-11-26T08:52:16+00:00\",\"dateModified\":\"2026-04-16T13:13:18+00:00\",\"breadcrumb\":{\"@id\":\"https:\\\/\\\/glamico.ee\\\/pood\\\/swederm-b-perfect-spf-15-30ml\\\/#breadcrumb\"},\"inLanguage\":\"en-US\",\"potentialAction\":[{\"@type\":\"ReadAction\",\"target\":[\"https:\\\/\\\/glamico.ee\\\/pood\\\/swederm-b-perfect-spf-15-30ml\\\/\"]}]},{\"@type\":\"ImageObject\",\"inLanguage\":\"en-US\",\"@id\":\"https:\\\/\\\/glamico.ee\\\/pood\\\/swederm-b-perfect-spf-15-30ml\\\/#primaryimage\",\"url\":\"https:\\\/\\\/glamico.ee\\\/wp-content\\\/uploads\\\/2025\\\/11\\\/5905669134613_1.webp\",\"contentUrl\":\"https:\\\/\\\/glamico.ee\\\/wp-content\\\/uploads\\\/2025\\\/11\\\/5905669134613_1.webp\",\"width\":900,\"height\":1200},{\"@type\":\"BreadcrumbList\",\"@id\":\"https:\\\/\\\/glamico.ee\\\/pood\\\/swederm-b-perfect-spf-15-30ml\\\/#breadcrumb\",\"itemListElement\":[{\"@type\":\"ListItem\",\"position\":1,\"name\":\"Home\",\"item\":\"https:\\\/\\\/glamico.ee\\\/\"},{\"@type\":\"ListItem\",\"position\":2,\"name\":\"Pood\",\"item\":\"https:\\\/\\\/glamico.ee\\\/pood\\\/\"},{\"@type\":\"ListItem\",\"position\":3,\"name\":\"Swederm B Perfect SPF 15 Vananemisvastane seerum ja jumestuskreem 30ml\"}]},{\"@type\":\"WebSite\",\"@id\":\"https:\\\/\\\/glamico.ee\\\/#website\",\"url\":\"https:\\\/\\\/glamico.ee\\\/\",\"name\":\"Glamico\",\"description\":\"Ilutooted\",\"publisher\":{\"@id\":\"https:\\\/\\\/glamico.ee\\\/#organization\"},\"potentialAction\":[{\"@type\":\"SearchAction\",\"target\":{\"@type\":\"EntryPoint\",\"urlTemplate\":\"https:\\\/\\\/glamico.ee\\\/?s={search_term_string}\"},\"query-input\":{\"@type\":\"PropertyValueSpecification\",\"valueRequired\":true,\"valueName\":\"search_term_string\"}}],\"inLanguage\":\"en-US\"},{\"@type\":\"Organization\",\"@id\":\"https:\\\/\\\/glamico.ee\\\/#organization\",\"name\":\"Glamico Baltics O\u00dc\",\"url\":\"https:\\\/\\\/glamico.ee\\\/\",\"logo\":{\"@type\":\"ImageObject\",\"inLanguage\":\"en-US\",\"@id\":\"https:\\\/\\\/glamico.ee\\\/#\\\/schema\\\/logo\\\/image\\\/\",\"url\":\"https:\\\/\\\/glamico.ee\\\/wp-content\\\/uploads\\\/2025\\\/11\\\/Glamico-1.png\",\"contentUrl\":\"https:\\\/\\\/glamico.ee\\\/wp-content\\\/uploads\\\/2025\\\/11\\\/Glamico-1.png\",\"width\":627,\"height\":400,\"caption\":\"Glamico Baltics O\u00dc\"},\"image\":{\"@id\":\"https:\\\/\\\/glamico.ee\\\/#\\\/schema\\\/logo\\\/image\\\/\"},\"sameAs\":[\"https:\\\/\\\/www.instagram.com\\\/glamico.ee\\\/\"]}]}<\/script>\n<!-- \/ Yoast SEO plugin. -->","yoast_head_json":{"title":"Swederm B Perfect SPF 15 Vananemisvastane seerum ja jumestuskreem 30ml - Glamico","robots":{"index":"index","follow":"follow","max-snippet":"max-snippet:-1","max-image-preview":"max-image-preview:large","max-video-preview":"max-video-preview:-1"},"canonical":"https:\/\/glamico.ee\/en\/pood\/swederm-b-perfect-spf-15-30ml\/","og_locale":"en_US","og_type":"article","og_title":"Swederm B Perfect SPF 15 Vananemisvastane seerum ja jumestuskreem 30ml - Glamico","og_description":"Swederm B PERFECT ANTI-AGE SERUM FLUID on uuenduslik seerum-jumestuskreem (fluid), millel on valgustpeegeldava jumestuskreemi, vananemisvastase seerumi ja kaitsefiltri (SPF 15) omadused, kaitstes n\u00e4o \u00f5rna nahka mustuse ja vananemisprotsesse kiirendavate UV-kiirte eest.","og_url":"https:\/\/glamico.ee\/en\/pood\/swederm-b-perfect-spf-15-30ml\/","og_site_name":"Glamico","article_modified_time":"2026-04-16T13:13:18+00:00","og_image":[{"width":900,"height":1200,"url":"https:\/\/glamico.ee\/wp-content\/uploads\/2025\/11\/5905669134613_1.webp","type":"image\/webp"}],"twitter_card":"summary_large_image","twitter_misc":{"Est. reading time":"4 minutes"},"schema":{"@context":"https:\/\/schema.org","@graph":[{"@type":"WebPage","@id":"https:\/\/glamico.ee\/pood\/swederm-b-perfect-spf-15-30ml\/","url":"https:\/\/glamico.ee\/pood\/swederm-b-perfect-spf-15-30ml\/","name":"Swederm B Perfect SPF 15 Vananemisvastane seerum ja jumestuskreem 30ml - Glamico","isPartOf":{"@id":"https:\/\/glamico.ee\/#website"},"primaryImageOfPage":{"@id":"https:\/\/glamico.ee\/pood\/swederm-b-perfect-spf-15-30ml\/#primaryimage"},"image":{"@id":"https:\/\/glamico.ee\/pood\/swederm-b-perfect-spf-15-30ml\/#primaryimage"},"thumbnailUrl":"https:\/\/glamico.ee\/wp-content\/uploads\/2025\/11\/5905669134613_1.webp","datePublished":"2025-11-26T08:52:16+00:00","dateModified":"2026-04-16T13:13:18+00:00","breadcrumb":{"@id":"https:\/\/glamico.ee\/pood\/swederm-b-perfect-spf-15-30ml\/#breadcrumb"},"inLanguage":"en-US","potentialAction":[{"@type":"ReadAction","target":["https:\/\/glamico.ee\/pood\/swederm-b-perfect-spf-15-30ml\/"]}]},{"@type":"ImageObject","inLanguage":"en-US","@id":"https:\/\/glamico.ee\/pood\/swederm-b-perfect-spf-15-30ml\/#primaryimage","url":"https:\/\/glamico.ee\/wp-content\/uploads\/2025\/11\/5905669134613_1.webp","contentUrl":"https:\/\/glamico.ee\/wp-content\/uploads\/2025\/11\/5905669134613_1.webp","width":900,"height":1200},{"@type":"BreadcrumbList","@id":"https:\/\/glamico.ee\/pood\/swederm-b-perfect-spf-15-30ml\/#breadcrumb","itemListElement":[{"@type":"ListItem","position":1,"name":"Home","item":"https:\/\/glamico.ee\/"},{"@type":"ListItem","position":2,"name":"Pood","item":"https:\/\/glamico.ee\/pood\/"},{"@type":"ListItem","position":3,"name":"Swederm B Perfect SPF 15 Vananemisvastane seerum ja jumestuskreem 30ml"}]},{"@type":"WebSite","@id":"https:\/\/glamico.ee\/#website","url":"https:\/\/glamico.ee\/","name":"Glamico","description":"Ilutooted","publisher":{"@id":"https:\/\/glamico.ee\/#organization"},"potentialAction":[{"@type":"SearchAction","target":{"@type":"EntryPoint","urlTemplate":"https:\/\/glamico.ee\/?s={search_term_string}"},"query-input":{"@type":"PropertyValueSpecification","valueRequired":true,"valueName":"search_term_string"}}],"inLanguage":"en-US"},{"@type":"Organization","@id":"https:\/\/glamico.ee\/#organization","name":"Glamico Baltics O\u00dc","url":"https:\/\/glamico.ee\/","logo":{"@type":"ImageObject","inLanguage":"en-US","@id":"https:\/\/glamico.ee\/#\/schema\/logo\/image\/","url":"https:\/\/glamico.ee\/wp-content\/uploads\/2025\/11\/Glamico-1.png","contentUrl":"https:\/\/glamico.ee\/wp-content\/uploads\/2025\/11\/Glamico-1.png","width":627,"height":400,"caption":"Glamico Baltics O\u00dc"},"image":{"@id":"https:\/\/glamico.ee\/#\/schema\/logo\/image\/"},"sameAs":["https:\/\/www.instagram.com\/glamico.ee\/"]}]}},"brands":[{"id":92,"name":"Swederm","slug":"swederm"}],"_links":{"self":[{"href":"https:\/\/glamico.ee\/en\/wp-json\/wp\/v2\/product\/1962","targetHints":{"allow":["GET"]}}],"collection":[{"href":"https:\/\/glamico.ee\/en\/wp-json\/wp\/v2\/product"}],"about":[{"href":"https:\/\/glamico.ee\/en\/wp-json\/wp\/v2\/types\/product"}],"version-history":[{"count":3,"href":"https:\/\/glamico.ee\/en\/wp-json\/wp\/v2\/product\/1962\/revisions"}],"predecessor-version":[{"id":2717,"href":"https:\/\/glamico.ee\/en\/wp-json\/wp\/v2\/product\/1962\/revisions\/2717"}],"wp:featuredmedia":[{"embeddable":true,"href":"https:\/\/glamico.ee\/en\/wp-json\/wp\/v2\/media\/1963"}],"wp:attachment":[{"href":"https:\/\/glamico.ee\/en\/wp-json\/wp\/v2\/media?parent=1962"}],"wp:term":[{"taxonomy":"pwb-brand","embeddable":true,"href":"https:\/\/glamico.ee\/en\/wp-json\/wp\/v2\/pwb-brand?post=1962"},{"taxonomy":"product_brand","embeddable":true,"href":"https:\/\/glamico.ee\/en\/wp-json\/wp\/v2\/product_brand?post=1962"},{"taxonomy":"product_cat","embeddable":true,"href":"https:\/\/glamico.ee\/en\/wp-json\/wp\/v2\/product_cat?post=1962"},{"taxonomy":"product_tag","embeddable":true,"href":"https:\/\/glamico.ee\/en\/wp-json\/wp\/v2\/product_tag?post=1962"}],"curies":[{"name":"wp","href":"https:\/\/api.w.org\/{rel}","templated":true}]}}