{"id":1955,"date":"2025-11-26T10:41:58","date_gmt":"2025-11-26T08:41:58","guid":{"rendered":"https:\/\/glamico.ee\/?post_type=product&#038;p=1955"},"modified":"2025-11-26T10:41:58","modified_gmt":"2025-11-26T08:41:58","slug":"foot-cream-75ml","status":"publish","type":"product","link":"https:\/\/glamico.ee\/en\/pood\/foot-cream-75ml\/","title":{"rendered":"Swederm \u00d5rnalt kooriv jalakreem 75ml"},"content":{"rendered":"","protected":false},"excerpt":{"rendered":"<p>Kolmekordse kooriva toimega jalakreem<br \/>\nFOOT CREAM on kolmekordse kooriva toimega jalakreem. See aitab eemaldada surnud naharakud, j\u00e4ttes naha pehmeks ja siledaks.<\/p>\n<p>Soovitatav kuivade, paksu nahaga jalgade hoolduseks ja kasutamiseks pedik\u00fc\u00fcride vahel siluva efekti s\u00e4ilitamiseks. Parandab n\u00e4htavalt jalgade v\u00e4limust ja seisundit.<\/p>\n<p>Sisaldab AHA 5% (gl\u00fckoolhape), BHA 0,6% (salits\u00fc\u00fclhape) ja PHA 5% (gl\u00fckonolaktoon) happeid, mis koorivad \u00f5rnalt surnud naharakke, stimuleerides samal ajal naha taastumisprotsesse. Need happed ei kuivata nahka, vaid niisutavad ja siluvad seda intensiivselt.<\/p>\n<p>FOOT CREAMi aluseks on niisutavad pehmendajad, sealhulgas rapsi\u00f5li, mis loob naha pinnale oklusiivse kihi, kaitstes vee aurustumise eest. Koos gl\u00fctseriini ja allantoiiniga muudavad need kuiva jalataldade naha intensiivselt elastseks, pehmeks ja taastavad seda.<\/p>\n<p>Kasutamine: Masseeige FOOT CREAMi puhastatud jalgade nahasse. Kasutage regulaarselt, hommikul ja \u00f5htul. Efekti suurendamiseks kandke toodet \u00f6\u00f6sel paksema kihina ja pange jalga sokid. Toote kasutamise ajal kaitske nahka UV-kiirguse eest. V\u00e4ltige kokkupuudet silmadega.<\/p>\n<p>Koostis: Aqua, Glyceryl Stearate, C12-15 Alkyl Benzoate, Canola Oil, Glycolic Acid, Gluconolacton, Cetyl Alcohol, Stearyl Alcohol, Polyglyceryl-6 Palmitate\/Succinate, Glycerin, Sodium Hydroxide, Cetearyl Alcohol, Salix Alba Bark Extract, Parfum, Tocopheryl Acetate, Sodium Benzoate, Acacia Senegal Gum, Trisodium Ethylenediamine Disuccinate, Xanthan Gum, Allantoin, Citric Acid.<\/p>","protected":false},"featured_media":1956,"template":"","meta":[],"pwb-brand":[92],"product_brand":[],"product_cat":[31],"product_tag":[],"class_list":{"0":"post-1955","1":"product","2":"type-product","3":"status-publish","4":"has-post-thumbnail","6":"pwb-brand-swederm","7":"product_cat-keha","9":"first","10":"instock","11":"taxable","12":"shipping-taxable","13":"purchasable","14":"product-type-simple"},"yoast_head":"<!-- This site is optimized with the Yoast SEO plugin v27.3 - https:\/\/yoast.com\/product\/yoast-seo-wordpress\/ -->\n<title>Swederm \u00d5rnalt kooriv jalakreem 75ml - Glamico<\/title>\n<meta name=\"robots\" content=\"index, follow, max-snippet:-1, max-image-preview:large, max-video-preview:-1\" \/>\n<link rel=\"canonical\" href=\"https:\/\/glamico.ee\/en\/pood\/foot-cream-75ml\/\" \/>\n<meta property=\"og:locale\" content=\"en_US\" \/>\n<meta property=\"og:type\" content=\"article\" \/>\n<meta property=\"og:title\" content=\"Swederm \u00d5rnalt kooriv jalakreem 75ml - Glamico\" \/>\n<meta property=\"og:description\" content=\"Kolmekordse kooriva toimega jalakreem FOOT CREAM on kolmekordse kooriva toimega jalakreem. See aitab eemaldada surnud naharakud, j\u00e4ttes naha pehmeks ja siledaks.  Soovitatav kuivade, paksu nahaga jalgade hoolduseks ja kasutamiseks pedik\u00fc\u00fcride vahel siluva efekti s\u00e4ilitamiseks. Parandab n\u00e4htavalt jalgade v\u00e4limust ja seisundit.  Sisaldab AHA 5% (gl\u00fckoolhape), BHA 0,6% (salits\u00fc\u00fclhape) ja PHA 5% (gl\u00fckonolaktoon) happeid, mis koorivad \u00f5rnalt surnud naharakke, stimuleerides samal ajal naha taastumisprotsesse. Need happed ei kuivata nahka, vaid niisutavad ja siluvad seda intensiivselt.  FOOT CREAMi aluseks on niisutavad pehmendajad, sealhulgas rapsi\u00f5li, mis loob naha pinnale oklusiivse kihi, kaitstes vee aurustumise eest. Koos gl\u00fctseriini ja allantoiiniga muudavad need kuiva jalataldade naha intensiivselt elastseks, pehmeks ja taastavad seda.  Kasutamine: Masseeige FOOT CREAMi puhastatud jalgade nahasse. Kasutage regulaarselt, hommikul ja \u00f5htul. Efekti suurendamiseks kandke toodet \u00f6\u00f6sel paksema kihina ja pange jalga sokid. Toote kasutamise ajal kaitske nahka UV-kiirguse eest. V\u00e4ltige kokkupuudet silmadega.  Koostis: Aqua, Glyceryl Stearate, C12-15 Alkyl Benzoate, Canola Oil, Glycolic Acid, Gluconolacton, Cetyl Alcohol, Stearyl Alcohol, Polyglyceryl-6 Palmitate\/Succinate, Glycerin, Sodium Hydroxide, Cetearyl Alcohol, Salix Alba Bark Extract, Parfum, Tocopheryl Acetate, Sodium Benzoate, Acacia Senegal Gum, Trisodium Ethylenediamine Disuccinate, Xanthan Gum, Allantoin, Citric Acid.\" \/>\n<meta property=\"og:url\" content=\"https:\/\/glamico.ee\/en\/pood\/foot-cream-75ml\/\" \/>\n<meta property=\"og:site_name\" content=\"Glamico\" \/>\n<meta property=\"og:image\" content=\"https:\/\/glamico.ee\/wp-content\/uploads\/2025\/11\/5903957431154_1.webp\" \/>\n\t<meta property=\"og:image:width\" content=\"900\" \/>\n\t<meta property=\"og:image:height\" content=\"1200\" \/>\n\t<meta property=\"og:image:type\" content=\"image\/webp\" \/>\n<meta name=\"twitter:card\" content=\"summary_large_image\" \/>\n<script type=\"application\/ld+json\" class=\"yoast-schema-graph\">{\"@context\":\"https:\\\/\\\/schema.org\",\"@graph\":[{\"@type\":\"WebPage\",\"@id\":\"https:\\\/\\\/glamico.ee\\\/pood\\\/foot-cream-75ml\\\/\",\"url\":\"https:\\\/\\\/glamico.ee\\\/pood\\\/foot-cream-75ml\\\/\",\"name\":\"Swederm \u00d5rnalt kooriv jalakreem 75ml - Glamico\",\"isPartOf\":{\"@id\":\"https:\\\/\\\/glamico.ee\\\/#website\"},\"primaryImageOfPage\":{\"@id\":\"https:\\\/\\\/glamico.ee\\\/pood\\\/foot-cream-75ml\\\/#primaryimage\"},\"image\":{\"@id\":\"https:\\\/\\\/glamico.ee\\\/pood\\\/foot-cream-75ml\\\/#primaryimage\"},\"thumbnailUrl\":\"https:\\\/\\\/glamico.ee\\\/wp-content\\\/uploads\\\/2025\\\/11\\\/5903957431154_1.webp\",\"datePublished\":\"2025-11-26T08:41:58+00:00\",\"breadcrumb\":{\"@id\":\"https:\\\/\\\/glamico.ee\\\/pood\\\/foot-cream-75ml\\\/#breadcrumb\"},\"inLanguage\":\"en-US\",\"potentialAction\":[{\"@type\":\"ReadAction\",\"target\":[\"https:\\\/\\\/glamico.ee\\\/pood\\\/foot-cream-75ml\\\/\"]}]},{\"@type\":\"ImageObject\",\"inLanguage\":\"en-US\",\"@id\":\"https:\\\/\\\/glamico.ee\\\/pood\\\/foot-cream-75ml\\\/#primaryimage\",\"url\":\"https:\\\/\\\/glamico.ee\\\/wp-content\\\/uploads\\\/2025\\\/11\\\/5903957431154_1.webp\",\"contentUrl\":\"https:\\\/\\\/glamico.ee\\\/wp-content\\\/uploads\\\/2025\\\/11\\\/5903957431154_1.webp\",\"width\":900,\"height\":1200},{\"@type\":\"BreadcrumbList\",\"@id\":\"https:\\\/\\\/glamico.ee\\\/pood\\\/foot-cream-75ml\\\/#breadcrumb\",\"itemListElement\":[{\"@type\":\"ListItem\",\"position\":1,\"name\":\"Home\",\"item\":\"https:\\\/\\\/glamico.ee\\\/\"},{\"@type\":\"ListItem\",\"position\":2,\"name\":\"Pood\",\"item\":\"https:\\\/\\\/glamico.ee\\\/pood\\\/\"},{\"@type\":\"ListItem\",\"position\":3,\"name\":\"Swederm \u00d5rnalt kooriv jalakreem 75ml\"}]},{\"@type\":\"WebSite\",\"@id\":\"https:\\\/\\\/glamico.ee\\\/#website\",\"url\":\"https:\\\/\\\/glamico.ee\\\/\",\"name\":\"Glamico\",\"description\":\"Ilutooted\",\"publisher\":{\"@id\":\"https:\\\/\\\/glamico.ee\\\/#organization\"},\"potentialAction\":[{\"@type\":\"SearchAction\",\"target\":{\"@type\":\"EntryPoint\",\"urlTemplate\":\"https:\\\/\\\/glamico.ee\\\/?s={search_term_string}\"},\"query-input\":{\"@type\":\"PropertyValueSpecification\",\"valueRequired\":true,\"valueName\":\"search_term_string\"}}],\"inLanguage\":\"en-US\"},{\"@type\":\"Organization\",\"@id\":\"https:\\\/\\\/glamico.ee\\\/#organization\",\"name\":\"Glamico Baltics O\u00dc\",\"url\":\"https:\\\/\\\/glamico.ee\\\/\",\"logo\":{\"@type\":\"ImageObject\",\"inLanguage\":\"en-US\",\"@id\":\"https:\\\/\\\/glamico.ee\\\/#\\\/schema\\\/logo\\\/image\\\/\",\"url\":\"https:\\\/\\\/glamico.ee\\\/wp-content\\\/uploads\\\/2025\\\/11\\\/Glamico-1.png\",\"contentUrl\":\"https:\\\/\\\/glamico.ee\\\/wp-content\\\/uploads\\\/2025\\\/11\\\/Glamico-1.png\",\"width\":627,\"height\":400,\"caption\":\"Glamico Baltics O\u00dc\"},\"image\":{\"@id\":\"https:\\\/\\\/glamico.ee\\\/#\\\/schema\\\/logo\\\/image\\\/\"},\"sameAs\":[\"https:\\\/\\\/www.instagram.com\\\/glamico.ee\\\/\"]}]}<\/script>\n<!-- \/ Yoast SEO plugin. -->","yoast_head_json":{"title":"Swederm \u00d5rnalt kooriv jalakreem 75ml - Glamico","robots":{"index":"index","follow":"follow","max-snippet":"max-snippet:-1","max-image-preview":"max-image-preview:large","max-video-preview":"max-video-preview:-1"},"canonical":"https:\/\/glamico.ee\/en\/pood\/foot-cream-75ml\/","og_locale":"en_US","og_type":"article","og_title":"Swederm \u00d5rnalt kooriv jalakreem 75ml - Glamico","og_description":"Kolmekordse kooriva toimega jalakreem FOOT CREAM on kolmekordse kooriva toimega jalakreem. See aitab eemaldada surnud naharakud, j\u00e4ttes naha pehmeks ja siledaks.  Soovitatav kuivade, paksu nahaga jalgade hoolduseks ja kasutamiseks pedik\u00fc\u00fcride vahel siluva efekti s\u00e4ilitamiseks. Parandab n\u00e4htavalt jalgade v\u00e4limust ja seisundit.  Sisaldab AHA 5% (gl\u00fckoolhape), BHA 0,6% (salits\u00fc\u00fclhape) ja PHA 5% (gl\u00fckonolaktoon) happeid, mis koorivad \u00f5rnalt surnud naharakke, stimuleerides samal ajal naha taastumisprotsesse. Need happed ei kuivata nahka, vaid niisutavad ja siluvad seda intensiivselt.  FOOT CREAMi aluseks on niisutavad pehmendajad, sealhulgas rapsi\u00f5li, mis loob naha pinnale oklusiivse kihi, kaitstes vee aurustumise eest. Koos gl\u00fctseriini ja allantoiiniga muudavad need kuiva jalataldade naha intensiivselt elastseks, pehmeks ja taastavad seda.  Kasutamine: Masseeige FOOT CREAMi puhastatud jalgade nahasse. Kasutage regulaarselt, hommikul ja \u00f5htul. Efekti suurendamiseks kandke toodet \u00f6\u00f6sel paksema kihina ja pange jalga sokid. Toote kasutamise ajal kaitske nahka UV-kiirguse eest. V\u00e4ltige kokkupuudet silmadega.  Koostis: Aqua, Glyceryl Stearate, C12-15 Alkyl Benzoate, Canola Oil, Glycolic Acid, Gluconolacton, Cetyl Alcohol, Stearyl Alcohol, Polyglyceryl-6 Palmitate\/Succinate, Glycerin, Sodium Hydroxide, Cetearyl Alcohol, Salix Alba Bark Extract, Parfum, Tocopheryl Acetate, Sodium Benzoate, Acacia Senegal Gum, Trisodium Ethylenediamine Disuccinate, Xanthan Gum, Allantoin, Citric Acid.","og_url":"https:\/\/glamico.ee\/en\/pood\/foot-cream-75ml\/","og_site_name":"Glamico","og_image":[{"width":900,"height":1200,"url":"https:\/\/glamico.ee\/wp-content\/uploads\/2025\/11\/5903957431154_1.webp","type":"image\/webp"}],"twitter_card":"summary_large_image","schema":{"@context":"https:\/\/schema.org","@graph":[{"@type":"WebPage","@id":"https:\/\/glamico.ee\/pood\/foot-cream-75ml\/","url":"https:\/\/glamico.ee\/pood\/foot-cream-75ml\/","name":"Swederm \u00d5rnalt kooriv jalakreem 75ml - Glamico","isPartOf":{"@id":"https:\/\/glamico.ee\/#website"},"primaryImageOfPage":{"@id":"https:\/\/glamico.ee\/pood\/foot-cream-75ml\/#primaryimage"},"image":{"@id":"https:\/\/glamico.ee\/pood\/foot-cream-75ml\/#primaryimage"},"thumbnailUrl":"https:\/\/glamico.ee\/wp-content\/uploads\/2025\/11\/5903957431154_1.webp","datePublished":"2025-11-26T08:41:58+00:00","breadcrumb":{"@id":"https:\/\/glamico.ee\/pood\/foot-cream-75ml\/#breadcrumb"},"inLanguage":"en-US","potentialAction":[{"@type":"ReadAction","target":["https:\/\/glamico.ee\/pood\/foot-cream-75ml\/"]}]},{"@type":"ImageObject","inLanguage":"en-US","@id":"https:\/\/glamico.ee\/pood\/foot-cream-75ml\/#primaryimage","url":"https:\/\/glamico.ee\/wp-content\/uploads\/2025\/11\/5903957431154_1.webp","contentUrl":"https:\/\/glamico.ee\/wp-content\/uploads\/2025\/11\/5903957431154_1.webp","width":900,"height":1200},{"@type":"BreadcrumbList","@id":"https:\/\/glamico.ee\/pood\/foot-cream-75ml\/#breadcrumb","itemListElement":[{"@type":"ListItem","position":1,"name":"Home","item":"https:\/\/glamico.ee\/"},{"@type":"ListItem","position":2,"name":"Pood","item":"https:\/\/glamico.ee\/pood\/"},{"@type":"ListItem","position":3,"name":"Swederm \u00d5rnalt kooriv jalakreem 75ml"}]},{"@type":"WebSite","@id":"https:\/\/glamico.ee\/#website","url":"https:\/\/glamico.ee\/","name":"Glamico","description":"Ilutooted","publisher":{"@id":"https:\/\/glamico.ee\/#organization"},"potentialAction":[{"@type":"SearchAction","target":{"@type":"EntryPoint","urlTemplate":"https:\/\/glamico.ee\/?s={search_term_string}"},"query-input":{"@type":"PropertyValueSpecification","valueRequired":true,"valueName":"search_term_string"}}],"inLanguage":"en-US"},{"@type":"Organization","@id":"https:\/\/glamico.ee\/#organization","name":"Glamico Baltics O\u00dc","url":"https:\/\/glamico.ee\/","logo":{"@type":"ImageObject","inLanguage":"en-US","@id":"https:\/\/glamico.ee\/#\/schema\/logo\/image\/","url":"https:\/\/glamico.ee\/wp-content\/uploads\/2025\/11\/Glamico-1.png","contentUrl":"https:\/\/glamico.ee\/wp-content\/uploads\/2025\/11\/Glamico-1.png","width":627,"height":400,"caption":"Glamico Baltics O\u00dc"},"image":{"@id":"https:\/\/glamico.ee\/#\/schema\/logo\/image\/"},"sameAs":["https:\/\/www.instagram.com\/glamico.ee\/"]}]}},"brands":[{"id":92,"name":"Swederm","slug":"swederm"}],"_links":{"self":[{"href":"https:\/\/glamico.ee\/en\/wp-json\/wp\/v2\/product\/1955","targetHints":{"allow":["GET"]}}],"collection":[{"href":"https:\/\/glamico.ee\/en\/wp-json\/wp\/v2\/product"}],"about":[{"href":"https:\/\/glamico.ee\/en\/wp-json\/wp\/v2\/types\/product"}],"version-history":[{"count":1,"href":"https:\/\/glamico.ee\/en\/wp-json\/wp\/v2\/product\/1955\/revisions"}],"predecessor-version":[{"id":1961,"href":"https:\/\/glamico.ee\/en\/wp-json\/wp\/v2\/product\/1955\/revisions\/1961"}],"wp:featuredmedia":[{"embeddable":true,"href":"https:\/\/glamico.ee\/en\/wp-json\/wp\/v2\/media\/1956"}],"wp:attachment":[{"href":"https:\/\/glamico.ee\/en\/wp-json\/wp\/v2\/media?parent=1955"}],"wp:term":[{"taxonomy":"pwb-brand","embeddable":true,"href":"https:\/\/glamico.ee\/en\/wp-json\/wp\/v2\/pwb-brand?post=1955"},{"taxonomy":"product_brand","embeddable":true,"href":"https:\/\/glamico.ee\/en\/wp-json\/wp\/v2\/product_brand?post=1955"},{"taxonomy":"product_cat","embeddable":true,"href":"https:\/\/glamico.ee\/en\/wp-json\/wp\/v2\/product_cat?post=1955"},{"taxonomy":"product_tag","embeddable":true,"href":"https:\/\/glamico.ee\/en\/wp-json\/wp\/v2\/product_tag?post=1955"}],"curies":[{"name":"wp","href":"https:\/\/api.w.org\/{rel}","templated":true}]}}