{"id":1948,"date":"2025-11-26T10:29:45","date_gmt":"2025-11-26T08:29:45","guid":{"rendered":"https:\/\/glamico.ee\/?post_type=product&#038;p=1948"},"modified":"2025-11-26T10:29:45","modified_gmt":"2025-11-26T08:29:45","slug":"swederm-gel-trap-glow-tan-isepruunistav-kehakreem-geel-150ml","status":"publish","type":"product","link":"https:\/\/glamico.ee\/en\/pood\/swederm-gel-trap-glow-tan-isepruunistav-kehakreem-geel-150ml\/","title":{"rendered":"Swederm GEL TRAP GLOW TAN \u2013 Isepruunistav kehakreem\/geel 150ml"},"content":{"rendered":"","protected":false},"excerpt":{"rendered":"<p>Valgustpeegeldav isepruunistav kehakreem osakestega GEL TRAP GLOW TAN<br \/>\nValgustpeegeldav isepruunistav kehakreem, mis p\u00f5hineb meie bestselleril GEL TRAP kreemil, pakub j\u00e4rkj\u00e4rgulist p\u00e4evitusefekti, andes nahale loomuliku pruuni tooni. See sisaldab kuldseid, opalesseerivaid osakesi, mis lisavad nahale s\u00e4ra, ja toonitud koostis \u00fchtlustab selle v\u00e4rvi, h\u00f5lbustades samal ajal \u00fchtlast pealekandmist. Lisaks niisutab ja silub kreem nahka intensiivselt.<\/p>\n<p>P\u00e4ikesest puudutatud nahk \u2013 GEL TRAP GLOW TAN<br \/>\nKaunis p\u00e4evitus? Nahk, mida p\u00e4ike on \u00f5rnalt puudutanud? See on suve absoluutne must-have! Kingi endale niisutav isepruunistav kreem GEL TRAP GLOW TAN, mis annab nahale pruuni tooni ja valgustab seda kuldsete osakestega! See muudab sinu naha s\u00e4ravaks, siidiselt siledaks, pehmeks, optimaalselt niisutatuks ja kauni, \u00fchtlase v\u00e4rviga.<\/p>\n<p>GEL TRAP GLOW TAN sisaldab DHA-d (dih\u00fcdroks\u00fcatsetoon), mis reageerib epidermise sarvkihis olevate aminohapetega, p\u00f5hjustades naha pruuni v\u00e4rvuse. T\u00e4nu sellele saad p\u00e4evituse, ilma et peaksid oma nahka kahjulikule p\u00e4ikesekiirgusele paljastama. Regulaarne kasutamine v\u00f5imaldab saavutada p\u00e4evitunud, \u00f5rnalt p\u00e4ikesest puudutatud naha efekti, millel on loomulik toon.<\/p>\n<p>Kreemi pruun v\u00e4rvitoon muudab isepruunistaja pealekandmise uskumatult lihtsaks ning kreem \u00fchtlustab ka pealekandmise hetkel naha tooni. \u00d5rnad osakesed annavad kehale sensuaalse s\u00e4ra, v\u00e4hendades samal ajal v\u00e4rvimuutuste ja ebat\u00e4iuslikkuse n\u00e4htavust.<\/p>\n<p>Swederm GEL TRAP GLOW TAN \u2013 Intensiivselt niisutav isepruunistav kehakreem<br \/>\nGEL TRAP GLOW TAN isepruunistav kehakreem sisaldab gl\u00fctseriini, mis tagab epidermises optimaalse niisutuse taseme, kaitseb nahka liigse vee aurustumise eest ja pehmendab seda. Sellel on oklusiivne, pinguldav, taastav ja libestav toime.<\/p>\n<p>T\u00e4nu E-vitamiini sisaldusele, mis on tugev antioks\u00fcdant, kaitseb GEL TRAP GLOW TAN isepruunistav kreem nahka UV-kiirguse negatiivse m\u00f5ju eest. See tagab naha elastsuse ja pingsuse.<\/p>\n<p>Skvalaan taastab naha loomuliku h\u00fcdrolipiidkihi, ennetades pinguloleku tunnet ja andes nahale sametise sileduse. See kaitseb nahka vabade radikaalide eest ja parandab naha taastumist.<\/p>\n<p>Toode sobib igat t\u00fc\u00fcpi naha hooldamiseks. Kreemi konsistents muudab selle nahale kandmise lihtsaks, j\u00e4tmata triipe.<\/p>\n<p>Kasutamine: Kandke \u00fchtlaselt puhtale ja kuivale nahale. Oodake, kuni toode on korralikult imendunud. P\u00e4rast pealekandmist peske k\u00e4ed.<br \/>\nKasutage iga p\u00e4ev, kuni saavutate soovitud nahatooni. Efekti s\u00e4ilitamiseks kasutage kreemi kord n\u00e4dalas.<br \/>\n\u00dchtlase p\u00e4evituse saamiseks koorige keha p\u00e4ev enne GEL TRAP GLOW TAN pealekandmist PEONY SWEET BODY SCRUB v\u00f5i LILAC SWEET &amp; SALTY BODY SCRUB koorijaga.<\/p>\n<p>Koostis: Aqua, Glycerin, Isopropyl Myristate, Dihydroxyacetone, CI 77891, Mica, Octyldodecanol, Hydroxyethyl Acrylate\/Sodium Acryloyldimethyl Taurate Copolymer, Ethoxydiglycol, Phenoxyethanol, Dimethicone, Octyldodecyl Xyloside, Parfum, PEG-30 Dipolyhydroxystearate, Caramel, Tocopheryl Acetate, Ethylhexylglycerin, Silica, Squalane, Tin Oxide, Linalool, Maltodextrin, Polysorbate 60.<\/p>","protected":false},"featured_media":1949,"template":"","meta":[],"pwb-brand":[92],"product_brand":[],"product_cat":[31],"product_tag":[],"class_list":{"0":"post-1948","1":"product","2":"type-product","3":"status-publish","4":"has-post-thumbnail","6":"pwb-brand-swederm","7":"product_cat-keha","9":"first","10":"instock","11":"taxable","12":"shipping-taxable","13":"purchasable","14":"product-type-simple"},"yoast_head":"<!-- This site is optimized with the Yoast SEO plugin v27.3 - https:\/\/yoast.com\/product\/yoast-seo-wordpress\/ -->\n<title>Swederm GEL TRAP GLOW TAN \u2013 Isepruunistav kehakreem\/geel 150ml - Glamico<\/title>\n<meta name=\"robots\" content=\"index, follow, max-snippet:-1, max-image-preview:large, max-video-preview:-1\" \/>\n<link rel=\"canonical\" href=\"https:\/\/glamico.ee\/en\/pood\/swederm-gel-trap-glow-tan-isepruunistav-kehakreem-geel-150ml\/\" \/>\n<meta property=\"og:locale\" content=\"en_US\" \/>\n<meta property=\"og:type\" content=\"article\" \/>\n<meta property=\"og:title\" content=\"Swederm GEL TRAP GLOW TAN \u2013 Isepruunistav kehakreem\/geel 150ml - Glamico\" \/>\n<meta property=\"og:description\" content=\"Valgustpeegeldav isepruunistav kehakreem osakestega GEL TRAP GLOW TAN Valgustpeegeldav isepruunistav kehakreem, mis p\u00f5hineb meie bestselleril GEL TRAP kreemil, pakub j\u00e4rkj\u00e4rgulist p\u00e4evitusefekti, andes nahale loomuliku pruuni tooni. See sisaldab kuldseid, opalesseerivaid osakesi, mis lisavad nahale s\u00e4ra, ja toonitud koostis \u00fchtlustab selle v\u00e4rvi, h\u00f5lbustades samal ajal \u00fchtlast pealekandmist. Lisaks niisutab ja silub kreem nahka intensiivselt.  P\u00e4ikesest puudutatud nahk \u2013 GEL TRAP GLOW TAN Kaunis p\u00e4evitus? Nahk, mida p\u00e4ike on \u00f5rnalt puudutanud? See on suve absoluutne must-have! Kingi endale niisutav isepruunistav kreem GEL TRAP GLOW TAN, mis annab nahale pruuni tooni ja valgustab seda kuldsete osakestega! See muudab sinu naha s\u00e4ravaks, siidiselt siledaks, pehmeks, optimaalselt niisutatuks ja kauni, \u00fchtlase v\u00e4rviga.  GEL TRAP GLOW TAN sisaldab DHA-d (dih\u00fcdroks\u00fcatsetoon), mis reageerib epidermise sarvkihis olevate aminohapetega, p\u00f5hjustades naha pruuni v\u00e4rvuse. T\u00e4nu sellele saad p\u00e4evituse, ilma et peaksid oma nahka kahjulikule p\u00e4ikesekiirgusele paljastama. Regulaarne kasutamine v\u00f5imaldab saavutada p\u00e4evitunud, \u00f5rnalt p\u00e4ikesest puudutatud naha efekti, millel on loomulik toon.  Kreemi pruun v\u00e4rvitoon muudab isepruunistaja pealekandmise uskumatult lihtsaks ning kreem \u00fchtlustab ka pealekandmise hetkel naha tooni. \u00d5rnad osakesed annavad kehale sensuaalse s\u00e4ra, v\u00e4hendades samal ajal v\u00e4rvimuutuste ja ebat\u00e4iuslikkuse n\u00e4htavust.  Swederm GEL TRAP GLOW TAN \u2013 Intensiivselt niisutav isepruunistav kehakreem GEL TRAP GLOW TAN isepruunistav kehakreem sisaldab gl\u00fctseriini, mis tagab epidermises optimaalse niisutuse taseme, kaitseb nahka liigse vee aurustumise eest ja pehmendab seda. Sellel on oklusiivne, pinguldav, taastav ja libestav toime.  T\u00e4nu E-vitamiini sisaldusele, mis on tugev antioks\u00fcdant, kaitseb GEL TRAP GLOW TAN isepruunistav kreem nahka UV-kiirguse negatiivse m\u00f5ju eest. See tagab naha elastsuse ja pingsuse.  Skvalaan taastab naha loomuliku h\u00fcdrolipiidkihi, ennetades pinguloleku tunnet ja andes nahale sametise sileduse. See kaitseb nahka vabade radikaalide eest ja parandab naha taastumist.  Toode sobib igat t\u00fc\u00fcpi naha hooldamiseks. Kreemi konsistents muudab selle nahale kandmise lihtsaks, j\u00e4tmata triipe.  Kasutamine: Kandke \u00fchtlaselt puhtale ja kuivale nahale. Oodake, kuni toode on korralikult imendunud. P\u00e4rast pealekandmist peske k\u00e4ed. Kasutage iga p\u00e4ev, kuni saavutate soovitud nahatooni. Efekti s\u00e4ilitamiseks kasutage kreemi kord n\u00e4dalas. \u00dchtlase p\u00e4evituse saamiseks koorige keha p\u00e4ev enne GEL TRAP GLOW TAN pealekandmist PEONY SWEET BODY SCRUB v\u00f5i LILAC SWEET &amp; SALTY BODY SCRUB koorijaga.  Koostis: Aqua, Glycerin, Isopropyl Myristate, Dihydroxyacetone, CI 77891, Mica, Octyldodecanol, Hydroxyethyl Acrylate\/Sodium Acryloyldimethyl Taurate Copolymer, Ethoxydiglycol, Phenoxyethanol, Dimethicone, Octyldodecyl Xyloside, Parfum, PEG-30 Dipolyhydroxystearate, Caramel, Tocopheryl Acetate, Ethylhexylglycerin, Silica, Squalane, Tin Oxide, Linalool, Maltodextrin, Polysorbate 60.\" \/>\n<meta property=\"og:url\" content=\"https:\/\/glamico.ee\/en\/pood\/swederm-gel-trap-glow-tan-isepruunistav-kehakreem-geel-150ml\/\" \/>\n<meta property=\"og:site_name\" content=\"Glamico\" \/>\n<meta property=\"og:image\" content=\"https:\/\/glamico.ee\/wp-content\/uploads\/2025\/11\/5903957432281_1.webp\" \/>\n\t<meta property=\"og:image:width\" content=\"900\" \/>\n\t<meta property=\"og:image:height\" content=\"1200\" \/>\n\t<meta property=\"og:image:type\" content=\"image\/webp\" \/>\n<meta name=\"twitter:card\" content=\"summary_large_image\" \/>\n<script type=\"application\/ld+json\" class=\"yoast-schema-graph\">{\"@context\":\"https:\\\/\\\/schema.org\",\"@graph\":[{\"@type\":\"WebPage\",\"@id\":\"https:\\\/\\\/glamico.ee\\\/pood\\\/swederm-gel-trap-glow-tan-isepruunistav-kehakreem-geel-150ml\\\/\",\"url\":\"https:\\\/\\\/glamico.ee\\\/pood\\\/swederm-gel-trap-glow-tan-isepruunistav-kehakreem-geel-150ml\\\/\",\"name\":\"Swederm GEL TRAP GLOW TAN \u2013 Isepruunistav kehakreem\\\/geel 150ml - Glamico\",\"isPartOf\":{\"@id\":\"https:\\\/\\\/glamico.ee\\\/#website\"},\"primaryImageOfPage\":{\"@id\":\"https:\\\/\\\/glamico.ee\\\/pood\\\/swederm-gel-trap-glow-tan-isepruunistav-kehakreem-geel-150ml\\\/#primaryimage\"},\"image\":{\"@id\":\"https:\\\/\\\/glamico.ee\\\/pood\\\/swederm-gel-trap-glow-tan-isepruunistav-kehakreem-geel-150ml\\\/#primaryimage\"},\"thumbnailUrl\":\"https:\\\/\\\/glamico.ee\\\/wp-content\\\/uploads\\\/2025\\\/11\\\/5903957432281_1.webp\",\"datePublished\":\"2025-11-26T08:29:45+00:00\",\"breadcrumb\":{\"@id\":\"https:\\\/\\\/glamico.ee\\\/pood\\\/swederm-gel-trap-glow-tan-isepruunistav-kehakreem-geel-150ml\\\/#breadcrumb\"},\"inLanguage\":\"en-US\",\"potentialAction\":[{\"@type\":\"ReadAction\",\"target\":[\"https:\\\/\\\/glamico.ee\\\/pood\\\/swederm-gel-trap-glow-tan-isepruunistav-kehakreem-geel-150ml\\\/\"]}]},{\"@type\":\"ImageObject\",\"inLanguage\":\"en-US\",\"@id\":\"https:\\\/\\\/glamico.ee\\\/pood\\\/swederm-gel-trap-glow-tan-isepruunistav-kehakreem-geel-150ml\\\/#primaryimage\",\"url\":\"https:\\\/\\\/glamico.ee\\\/wp-content\\\/uploads\\\/2025\\\/11\\\/5903957432281_1.webp\",\"contentUrl\":\"https:\\\/\\\/glamico.ee\\\/wp-content\\\/uploads\\\/2025\\\/11\\\/5903957432281_1.webp\",\"width\":900,\"height\":1200},{\"@type\":\"BreadcrumbList\",\"@id\":\"https:\\\/\\\/glamico.ee\\\/pood\\\/swederm-gel-trap-glow-tan-isepruunistav-kehakreem-geel-150ml\\\/#breadcrumb\",\"itemListElement\":[{\"@type\":\"ListItem\",\"position\":1,\"name\":\"Home\",\"item\":\"https:\\\/\\\/glamico.ee\\\/\"},{\"@type\":\"ListItem\",\"position\":2,\"name\":\"Pood\",\"item\":\"https:\\\/\\\/glamico.ee\\\/pood\\\/\"},{\"@type\":\"ListItem\",\"position\":3,\"name\":\"Swederm GEL TRAP GLOW TAN \u2013 Isepruunistav kehakreem\\\/geel 150ml\"}]},{\"@type\":\"WebSite\",\"@id\":\"https:\\\/\\\/glamico.ee\\\/#website\",\"url\":\"https:\\\/\\\/glamico.ee\\\/\",\"name\":\"Glamico\",\"description\":\"Ilutooted\",\"publisher\":{\"@id\":\"https:\\\/\\\/glamico.ee\\\/#organization\"},\"potentialAction\":[{\"@type\":\"SearchAction\",\"target\":{\"@type\":\"EntryPoint\",\"urlTemplate\":\"https:\\\/\\\/glamico.ee\\\/?s={search_term_string}\"},\"query-input\":{\"@type\":\"PropertyValueSpecification\",\"valueRequired\":true,\"valueName\":\"search_term_string\"}}],\"inLanguage\":\"en-US\"},{\"@type\":\"Organization\",\"@id\":\"https:\\\/\\\/glamico.ee\\\/#organization\",\"name\":\"Glamico Baltics O\u00dc\",\"url\":\"https:\\\/\\\/glamico.ee\\\/\",\"logo\":{\"@type\":\"ImageObject\",\"inLanguage\":\"en-US\",\"@id\":\"https:\\\/\\\/glamico.ee\\\/#\\\/schema\\\/logo\\\/image\\\/\",\"url\":\"https:\\\/\\\/glamico.ee\\\/wp-content\\\/uploads\\\/2025\\\/11\\\/Glamico-1.png\",\"contentUrl\":\"https:\\\/\\\/glamico.ee\\\/wp-content\\\/uploads\\\/2025\\\/11\\\/Glamico-1.png\",\"width\":627,\"height\":400,\"caption\":\"Glamico Baltics O\u00dc\"},\"image\":{\"@id\":\"https:\\\/\\\/glamico.ee\\\/#\\\/schema\\\/logo\\\/image\\\/\"},\"sameAs\":[\"https:\\\/\\\/www.instagram.com\\\/glamico.ee\\\/\"]}]}<\/script>\n<!-- \/ Yoast SEO plugin. -->","yoast_head_json":{"title":"Swederm GEL TRAP GLOW TAN \u2013 Isepruunistav kehakreem\/geel 150ml - Glamico","robots":{"index":"index","follow":"follow","max-snippet":"max-snippet:-1","max-image-preview":"max-image-preview:large","max-video-preview":"max-video-preview:-1"},"canonical":"https:\/\/glamico.ee\/en\/pood\/swederm-gel-trap-glow-tan-isepruunistav-kehakreem-geel-150ml\/","og_locale":"en_US","og_type":"article","og_title":"Swederm GEL TRAP GLOW TAN \u2013 Isepruunistav kehakreem\/geel 150ml - Glamico","og_description":"Valgustpeegeldav isepruunistav kehakreem osakestega GEL TRAP GLOW TAN Valgustpeegeldav isepruunistav kehakreem, mis p\u00f5hineb meie bestselleril GEL TRAP kreemil, pakub j\u00e4rkj\u00e4rgulist p\u00e4evitusefekti, andes nahale loomuliku pruuni tooni. See sisaldab kuldseid, opalesseerivaid osakesi, mis lisavad nahale s\u00e4ra, ja toonitud koostis \u00fchtlustab selle v\u00e4rvi, h\u00f5lbustades samal ajal \u00fchtlast pealekandmist. Lisaks niisutab ja silub kreem nahka intensiivselt.  P\u00e4ikesest puudutatud nahk \u2013 GEL TRAP GLOW TAN Kaunis p\u00e4evitus? Nahk, mida p\u00e4ike on \u00f5rnalt puudutanud? See on suve absoluutne must-have! Kingi endale niisutav isepruunistav kreem GEL TRAP GLOW TAN, mis annab nahale pruuni tooni ja valgustab seda kuldsete osakestega! See muudab sinu naha s\u00e4ravaks, siidiselt siledaks, pehmeks, optimaalselt niisutatuks ja kauni, \u00fchtlase v\u00e4rviga.  GEL TRAP GLOW TAN sisaldab DHA-d (dih\u00fcdroks\u00fcatsetoon), mis reageerib epidermise sarvkihis olevate aminohapetega, p\u00f5hjustades naha pruuni v\u00e4rvuse. T\u00e4nu sellele saad p\u00e4evituse, ilma et peaksid oma nahka kahjulikule p\u00e4ikesekiirgusele paljastama. Regulaarne kasutamine v\u00f5imaldab saavutada p\u00e4evitunud, \u00f5rnalt p\u00e4ikesest puudutatud naha efekti, millel on loomulik toon.  Kreemi pruun v\u00e4rvitoon muudab isepruunistaja pealekandmise uskumatult lihtsaks ning kreem \u00fchtlustab ka pealekandmise hetkel naha tooni. \u00d5rnad osakesed annavad kehale sensuaalse s\u00e4ra, v\u00e4hendades samal ajal v\u00e4rvimuutuste ja ebat\u00e4iuslikkuse n\u00e4htavust.  Swederm GEL TRAP GLOW TAN \u2013 Intensiivselt niisutav isepruunistav kehakreem GEL TRAP GLOW TAN isepruunistav kehakreem sisaldab gl\u00fctseriini, mis tagab epidermises optimaalse niisutuse taseme, kaitseb nahka liigse vee aurustumise eest ja pehmendab seda. Sellel on oklusiivne, pinguldav, taastav ja libestav toime.  T\u00e4nu E-vitamiini sisaldusele, mis on tugev antioks\u00fcdant, kaitseb GEL TRAP GLOW TAN isepruunistav kreem nahka UV-kiirguse negatiivse m\u00f5ju eest. See tagab naha elastsuse ja pingsuse.  Skvalaan taastab naha loomuliku h\u00fcdrolipiidkihi, ennetades pinguloleku tunnet ja andes nahale sametise sileduse. See kaitseb nahka vabade radikaalide eest ja parandab naha taastumist.  Toode sobib igat t\u00fc\u00fcpi naha hooldamiseks. Kreemi konsistents muudab selle nahale kandmise lihtsaks, j\u00e4tmata triipe.  Kasutamine: Kandke \u00fchtlaselt puhtale ja kuivale nahale. Oodake, kuni toode on korralikult imendunud. P\u00e4rast pealekandmist peske k\u00e4ed. Kasutage iga p\u00e4ev, kuni saavutate soovitud nahatooni. Efekti s\u00e4ilitamiseks kasutage kreemi kord n\u00e4dalas. \u00dchtlase p\u00e4evituse saamiseks koorige keha p\u00e4ev enne GEL TRAP GLOW TAN pealekandmist PEONY SWEET BODY SCRUB v\u00f5i LILAC SWEET &amp; SALTY BODY SCRUB koorijaga.  Koostis: Aqua, Glycerin, Isopropyl Myristate, Dihydroxyacetone, CI 77891, Mica, Octyldodecanol, Hydroxyethyl Acrylate\/Sodium Acryloyldimethyl Taurate Copolymer, Ethoxydiglycol, Phenoxyethanol, Dimethicone, Octyldodecyl Xyloside, Parfum, PEG-30 Dipolyhydroxystearate, Caramel, Tocopheryl Acetate, Ethylhexylglycerin, Silica, Squalane, Tin Oxide, Linalool, Maltodextrin, Polysorbate 60.","og_url":"https:\/\/glamico.ee\/en\/pood\/swederm-gel-trap-glow-tan-isepruunistav-kehakreem-geel-150ml\/","og_site_name":"Glamico","og_image":[{"width":900,"height":1200,"url":"https:\/\/glamico.ee\/wp-content\/uploads\/2025\/11\/5903957432281_1.webp","type":"image\/webp"}],"twitter_card":"summary_large_image","schema":{"@context":"https:\/\/schema.org","@graph":[{"@type":"WebPage","@id":"https:\/\/glamico.ee\/pood\/swederm-gel-trap-glow-tan-isepruunistav-kehakreem-geel-150ml\/","url":"https:\/\/glamico.ee\/pood\/swederm-gel-trap-glow-tan-isepruunistav-kehakreem-geel-150ml\/","name":"Swederm GEL TRAP GLOW TAN \u2013 Isepruunistav kehakreem\/geel 150ml - Glamico","isPartOf":{"@id":"https:\/\/glamico.ee\/#website"},"primaryImageOfPage":{"@id":"https:\/\/glamico.ee\/pood\/swederm-gel-trap-glow-tan-isepruunistav-kehakreem-geel-150ml\/#primaryimage"},"image":{"@id":"https:\/\/glamico.ee\/pood\/swederm-gel-trap-glow-tan-isepruunistav-kehakreem-geel-150ml\/#primaryimage"},"thumbnailUrl":"https:\/\/glamico.ee\/wp-content\/uploads\/2025\/11\/5903957432281_1.webp","datePublished":"2025-11-26T08:29:45+00:00","breadcrumb":{"@id":"https:\/\/glamico.ee\/pood\/swederm-gel-trap-glow-tan-isepruunistav-kehakreem-geel-150ml\/#breadcrumb"},"inLanguage":"en-US","potentialAction":[{"@type":"ReadAction","target":["https:\/\/glamico.ee\/pood\/swederm-gel-trap-glow-tan-isepruunistav-kehakreem-geel-150ml\/"]}]},{"@type":"ImageObject","inLanguage":"en-US","@id":"https:\/\/glamico.ee\/pood\/swederm-gel-trap-glow-tan-isepruunistav-kehakreem-geel-150ml\/#primaryimage","url":"https:\/\/glamico.ee\/wp-content\/uploads\/2025\/11\/5903957432281_1.webp","contentUrl":"https:\/\/glamico.ee\/wp-content\/uploads\/2025\/11\/5903957432281_1.webp","width":900,"height":1200},{"@type":"BreadcrumbList","@id":"https:\/\/glamico.ee\/pood\/swederm-gel-trap-glow-tan-isepruunistav-kehakreem-geel-150ml\/#breadcrumb","itemListElement":[{"@type":"ListItem","position":1,"name":"Home","item":"https:\/\/glamico.ee\/"},{"@type":"ListItem","position":2,"name":"Pood","item":"https:\/\/glamico.ee\/pood\/"},{"@type":"ListItem","position":3,"name":"Swederm GEL TRAP GLOW TAN \u2013 Isepruunistav kehakreem\/geel 150ml"}]},{"@type":"WebSite","@id":"https:\/\/glamico.ee\/#website","url":"https:\/\/glamico.ee\/","name":"Glamico","description":"Ilutooted","publisher":{"@id":"https:\/\/glamico.ee\/#organization"},"potentialAction":[{"@type":"SearchAction","target":{"@type":"EntryPoint","urlTemplate":"https:\/\/glamico.ee\/?s={search_term_string}"},"query-input":{"@type":"PropertyValueSpecification","valueRequired":true,"valueName":"search_term_string"}}],"inLanguage":"en-US"},{"@type":"Organization","@id":"https:\/\/glamico.ee\/#organization","name":"Glamico Baltics O\u00dc","url":"https:\/\/glamico.ee\/","logo":{"@type":"ImageObject","inLanguage":"en-US","@id":"https:\/\/glamico.ee\/#\/schema\/logo\/image\/","url":"https:\/\/glamico.ee\/wp-content\/uploads\/2025\/11\/Glamico-1.png","contentUrl":"https:\/\/glamico.ee\/wp-content\/uploads\/2025\/11\/Glamico-1.png","width":627,"height":400,"caption":"Glamico Baltics O\u00dc"},"image":{"@id":"https:\/\/glamico.ee\/#\/schema\/logo\/image\/"},"sameAs":["https:\/\/www.instagram.com\/glamico.ee\/"]}]}},"brands":[{"id":92,"name":"Swederm","slug":"swederm"}],"_links":{"self":[{"href":"https:\/\/glamico.ee\/en\/wp-json\/wp\/v2\/product\/1948","targetHints":{"allow":["GET"]}}],"collection":[{"href":"https:\/\/glamico.ee\/en\/wp-json\/wp\/v2\/product"}],"about":[{"href":"https:\/\/glamico.ee\/en\/wp-json\/wp\/v2\/types\/product"}],"version-history":[{"count":1,"href":"https:\/\/glamico.ee\/en\/wp-json\/wp\/v2\/product\/1948\/revisions"}],"predecessor-version":[{"id":1953,"href":"https:\/\/glamico.ee\/en\/wp-json\/wp\/v2\/product\/1948\/revisions\/1953"}],"wp:featuredmedia":[{"embeddable":true,"href":"https:\/\/glamico.ee\/en\/wp-json\/wp\/v2\/media\/1949"}],"wp:attachment":[{"href":"https:\/\/glamico.ee\/en\/wp-json\/wp\/v2\/media?parent=1948"}],"wp:term":[{"taxonomy":"pwb-brand","embeddable":true,"href":"https:\/\/glamico.ee\/en\/wp-json\/wp\/v2\/pwb-brand?post=1948"},{"taxonomy":"product_brand","embeddable":true,"href":"https:\/\/glamico.ee\/en\/wp-json\/wp\/v2\/product_brand?post=1948"},{"taxonomy":"product_cat","embeddable":true,"href":"https:\/\/glamico.ee\/en\/wp-json\/wp\/v2\/product_cat?post=1948"},{"taxonomy":"product_tag","embeddable":true,"href":"https:\/\/glamico.ee\/en\/wp-json\/wp\/v2\/product_tag?post=1948"}],"curies":[{"name":"wp","href":"https:\/\/api.w.org\/{rel}","templated":true}]}}