{"id":1943,"date":"2025-11-26T10:20:21","date_gmt":"2025-11-26T08:20:21","guid":{"rendered":"https:\/\/glamico.ee\/?post_type=product&#038;p=1943"},"modified":"2025-11-26T10:20:21","modified_gmt":"2025-11-26T08:20:21","slug":"swederm-orn-antioksudantne-silmaseerum-30ml","status":"publish","type":"product","link":"https:\/\/glamico.ee\/en\/pood\/swederm-orn-antioksudantne-silmaseerum-30ml\/","title":{"rendered":"Swederm \u00f5rn antioks\u00fcdantne silmaseerum 30ml"},"content":{"rendered":"","protected":false},"excerpt":{"rendered":"<div class=\"ewa-rteLine\">\u00d5rn emulsioon, mis on loodud silma\u00fcmbruse \u00f5hukese ja tundliku naha hooldamiseks. See piirkond vajab erilist hoolt, kuna seal on v\u00e4ga v\u00e4he rasun\u00e4\u00e4rmeid ja n\u00e4omiimika on rikkalik.<\/div>\n<div class=\"ewa-rteLine\">Tootel on kerge konsistents, see imendub kiiresti ja sobib ideaalselt meigi alla. Soovitatav k\u00f5ikidele nahat\u00fc\u00fcpidele p\u00e4rast 25. eluaastat.<\/div>\n<div class=\"ewa-rteLine\">Kerge, v\u00e4ga kiiresti imenduv emulsioon, mis on loodud silma\u00fcmbruse \u00f5hukese ja tundliku naha hooldamiseks. V\u00e4ga madala rasun\u00e4\u00e4rmete sisalduse ja rikkaliku n\u00e4omiimika t\u00f5ttu vajab silma\u00fcmbrus erilist hoolt. Swederm EYE SERUMis sisalduv hoolikalt valitud looduslike \u00f5lide koostis (magus mandel, granaat\u00f5unaseemned ja viinamarjad) koos sheav\u00f5iga aitab taastada lipiidbarj\u00e4\u00e4ri ja pinguldada silma\u00fcmbruse \u00f5rna nahka.<\/div>\n<div class=\"ewa-rteLine\"><\/div>\n<div class=\"ewa-rteLine\">T\u00e4nu oma kergele konsistentsile ja tugevalt niisutavatele omadustele sobib EYE SERUM ideaalselt meigialuseks. See on loodud igat t\u00fc\u00fcpi nahka silmas pidades, eriti p\u00e4rast 25. eluaastat. Avastage orgaanilist p\u00e4ritolu aktiivsete koostisosade j\u00f5ud, mis muudavad Swedermi silmaseerumi teie kosmeetikakotis absoluutseks must-have&#8217;ks!<\/div>\n<div class=\"ewa-rteLine\">Seerum v\u00e4hendab naha \u00e4rritust ja punetust t\u00e4nu aaloolehe mahlale. Selle \u00fclesannete hulka kuulub ka naha vananemisprotsesside aeglustamine, mida p\u00f5hjustavad muuhulgas UV-kiirgus. H\u00fcaluroonhappe lisamine annab Swedermi seerumile rahustavad ja niisutavad omadused, t\u00e4nu millele on nahk pinguldatud ja kortsud silutud.<\/div>\n<div class=\"ewa-rteLine\"><\/div>\n<div class=\"ewa-rteLine\">Erilist t\u00e4helepanu tuleks p\u00f6\u00f6rata antioks\u00fcdantidele, mis kaitsevad nahka vabade radikaalide kahjuliku m\u00f5ju eest \u2013 pol\u00fcfenoolidele ja E-vitamiinile, mille rikkalik allikas on viigikaktuse ekstrakt. T\u00e4nu sellele hoiab Swedermi \u00f5rn silmakreem EYE SERUM \u00e4ra veekao nahast, j\u00e4ttes samas selle pinnale mittem\u00e4\u00e4rduva kihi. Hoolitsege oma silma\u00fcmbruse \u00f5rna naha eest, kasutades Swedermi seerumi ainulaadset valemit!<\/div>\n<div>Kasutamine: Hommikul ja \u00f5htul, p\u00e4rast p\u00f5hjalikku meigi eemaldamist ja naha puhastamist FACE CLEANSER vahuga, kuivatage see ning piserdage seej\u00e4rel FACE TONERiga.<br \/>\nM\u00f5ne aja p\u00e4rast kandke \u00f5huke kiht EYE SERUMi kogu silma\u00fcmbruses olevale nahapinnale ja patsutage \u00f5rnalt, kuni see on t\u00e4ielikult imendunud. Tursete v\u00e4hendamise parema efekti saavutamiseks hoidke toodet k\u00fclmkapis ja kandke nahale kohe p\u00e4rast v\u00e4ljav\u00f5tmist.<br \/>\nSeej\u00e4rel kandke n\u00e4ole valitud seerum ja kreem.<\/div>\n<div>Koostis:Aqua, Aloe Barbadensis Leaf Extract*, Prunus Amygdalus Dulcis Oil*, Butyrospermum Parkii Butter*, Sodium Hyaluronate, Punica Granatum Seed Oil, Vitis Vinifera Seed Oil, Opuntia Ficus Indica Seed Oil, Caprylic\/Capric Triglyceride, Cetearyl Alcohol, Cetearyl Glucoside, Glycerin, Sodium Dehydroacetate, Algin, Parfum, Mica, Titanium Dioxide, Citric Acid, Benzyl Alcohol, Salicylic Acid, Sorbic Acid, Limonene, Linalool<\/p>\n<p>* p\u00e4rit mahep\u00f5llumajandusest<\/p>\n<\/div>","protected":false},"featured_media":1944,"template":"","meta":[],"pwb-brand":[92],"product_brand":[],"product_cat":[30],"product_tag":[],"class_list":{"0":"post-1943","1":"product","2":"type-product","3":"status-publish","4":"has-post-thumbnail","6":"pwb-brand-swederm","7":"product_cat-nagu","9":"first","10":"instock","11":"taxable","12":"shipping-taxable","13":"purchasable","14":"product-type-simple"},"yoast_head":"<!-- This site is optimized with the Yoast SEO plugin v27.3 - https:\/\/yoast.com\/product\/yoast-seo-wordpress\/ -->\n<title>Swederm \u00f5rn antioks\u00fcdantne silmaseerum 30ml - Glamico<\/title>\n<meta name=\"robots\" content=\"index, follow, max-snippet:-1, max-image-preview:large, max-video-preview:-1\" \/>\n<link rel=\"canonical\" href=\"https:\/\/glamico.ee\/en\/pood\/swederm-orn-antioksudantne-silmaseerum-30ml\/\" \/>\n<meta property=\"og:locale\" content=\"en_US\" \/>\n<meta property=\"og:type\" content=\"article\" \/>\n<meta property=\"og:title\" content=\"Swederm \u00f5rn antioks\u00fcdantne silmaseerum 30ml - Glamico\" \/>\n<meta property=\"og:description\" content=\"\u00d5rn emulsioon, mis on loodud silma\u00fcmbruse \u00f5hukese ja tundliku naha hooldamiseks. See piirkond vajab erilist hoolt, kuna seal on v\u00e4ga v\u00e4he rasun\u00e4\u00e4rmeid ja n\u00e4omiimika on rikkalik. Tootel on kerge konsistents, see imendub kiiresti ja sobib ideaalselt meigi alla. Soovitatav k\u00f5ikidele nahat\u00fc\u00fcpidele p\u00e4rast 25. eluaastat. Kerge, v\u00e4ga kiiresti imenduv emulsioon, mis on loodud silma\u00fcmbruse \u00f5hukese ja tundliku naha hooldamiseks. V\u00e4ga madala rasun\u00e4\u00e4rmete sisalduse ja rikkaliku n\u00e4omiimika t\u00f5ttu vajab silma\u00fcmbrus erilist hoolt. Swederm EYE SERUMis sisalduv hoolikalt valitud looduslike \u00f5lide koostis (magus mandel, granaat\u00f5unaseemned ja viinamarjad) koos sheav\u00f5iga aitab taastada lipiidbarj\u00e4\u00e4ri ja pinguldada silma\u00fcmbruse \u00f5rna nahka.  T\u00e4nu oma kergele konsistentsile ja tugevalt niisutavatele omadustele sobib EYE SERUM ideaalselt meigialuseks. See on loodud igat t\u00fc\u00fcpi nahka silmas pidades, eriti p\u00e4rast 25. eluaastat. Avastage orgaanilist p\u00e4ritolu aktiivsete koostisosade j\u00f5ud, mis muudavad Swedermi silmaseerumi teie kosmeetikakotis absoluutseks must-have&#039;ks! Seerum v\u00e4hendab naha \u00e4rritust ja punetust t\u00e4nu aaloolehe mahlale. Selle \u00fclesannete hulka kuulub ka naha vananemisprotsesside aeglustamine, mida p\u00f5hjustavad muuhulgas UV-kiirgus. H\u00fcaluroonhappe lisamine annab Swedermi seerumile rahustavad ja niisutavad omadused, t\u00e4nu millele on nahk pinguldatud ja kortsud silutud.  Erilist t\u00e4helepanu tuleks p\u00f6\u00f6rata antioks\u00fcdantidele, mis kaitsevad nahka vabade radikaalide kahjuliku m\u00f5ju eest \u2013 pol\u00fcfenoolidele ja E-vitamiinile, mille rikkalik allikas on viigikaktuse ekstrakt. T\u00e4nu sellele hoiab Swedermi \u00f5rn silmakreem EYE SERUM \u00e4ra veekao nahast, j\u00e4ttes samas selle pinnale mittem\u00e4\u00e4rduva kihi. Hoolitsege oma silma\u00fcmbruse \u00f5rna naha eest, kasutades Swedermi seerumi ainulaadset valemit! Kasutamine: Hommikul ja \u00f5htul, p\u00e4rast p\u00f5hjalikku meigi eemaldamist ja naha puhastamist FACE CLEANSER vahuga, kuivatage see ning piserdage seej\u00e4rel FACE TONERiga. M\u00f5ne aja p\u00e4rast kandke \u00f5huke kiht EYE SERUMi kogu silma\u00fcmbruses olevale nahapinnale ja patsutage \u00f5rnalt, kuni see on t\u00e4ielikult imendunud. Tursete v\u00e4hendamise parema efekti saavutamiseks hoidke toodet k\u00fclmkapis ja kandke nahale kohe p\u00e4rast v\u00e4ljav\u00f5tmist. Seej\u00e4rel kandke n\u00e4ole valitud seerum ja kreem. Koostis:Aqua, Aloe Barbadensis Leaf Extract*, Prunus Amygdalus Dulcis Oil*, Butyrospermum Parkii Butter*, Sodium Hyaluronate, Punica Granatum Seed Oil, Vitis Vinifera Seed Oil, Opuntia Ficus Indica Seed Oil, Caprylic\/Capric Triglyceride, Cetearyl Alcohol, Cetearyl Glucoside, Glycerin, Sodium Dehydroacetate, Algin, Parfum, Mica, Titanium Dioxide, Citric Acid, Benzyl Alcohol, Salicylic Acid, Sorbic Acid, Limonene, Linalool  * p\u00e4rit mahep\u00f5llumajandusest\" \/>\n<meta property=\"og:url\" content=\"https:\/\/glamico.ee\/en\/pood\/swederm-orn-antioksudantne-silmaseerum-30ml\/\" \/>\n<meta property=\"og:site_name\" content=\"Glamico\" \/>\n<meta property=\"og:image\" content=\"https:\/\/glamico.ee\/wp-content\/uploads\/2025\/11\/5905669134699_1.webp\" \/>\n\t<meta property=\"og:image:width\" content=\"1160\" \/>\n\t<meta property=\"og:image:height\" content=\"1547\" \/>\n\t<meta property=\"og:image:type\" content=\"image\/webp\" \/>\n<meta name=\"twitter:card\" content=\"summary_large_image\" \/>\n<script type=\"application\/ld+json\" class=\"yoast-schema-graph\">{\"@context\":\"https:\\\/\\\/schema.org\",\"@graph\":[{\"@type\":\"WebPage\",\"@id\":\"https:\\\/\\\/glamico.ee\\\/pood\\\/swederm-orn-antioksudantne-silmaseerum-30ml\\\/\",\"url\":\"https:\\\/\\\/glamico.ee\\\/pood\\\/swederm-orn-antioksudantne-silmaseerum-30ml\\\/\",\"name\":\"Swederm \u00f5rn antioks\u00fcdantne silmaseerum 30ml - Glamico\",\"isPartOf\":{\"@id\":\"https:\\\/\\\/glamico.ee\\\/#website\"},\"primaryImageOfPage\":{\"@id\":\"https:\\\/\\\/glamico.ee\\\/pood\\\/swederm-orn-antioksudantne-silmaseerum-30ml\\\/#primaryimage\"},\"image\":{\"@id\":\"https:\\\/\\\/glamico.ee\\\/pood\\\/swederm-orn-antioksudantne-silmaseerum-30ml\\\/#primaryimage\"},\"thumbnailUrl\":\"https:\\\/\\\/glamico.ee\\\/wp-content\\\/uploads\\\/2025\\\/11\\\/5905669134699_1.webp\",\"datePublished\":\"2025-11-26T08:20:21+00:00\",\"breadcrumb\":{\"@id\":\"https:\\\/\\\/glamico.ee\\\/pood\\\/swederm-orn-antioksudantne-silmaseerum-30ml\\\/#breadcrumb\"},\"inLanguage\":\"en-US\",\"potentialAction\":[{\"@type\":\"ReadAction\",\"target\":[\"https:\\\/\\\/glamico.ee\\\/pood\\\/swederm-orn-antioksudantne-silmaseerum-30ml\\\/\"]}]},{\"@type\":\"ImageObject\",\"inLanguage\":\"en-US\",\"@id\":\"https:\\\/\\\/glamico.ee\\\/pood\\\/swederm-orn-antioksudantne-silmaseerum-30ml\\\/#primaryimage\",\"url\":\"https:\\\/\\\/glamico.ee\\\/wp-content\\\/uploads\\\/2025\\\/11\\\/5905669134699_1.webp\",\"contentUrl\":\"https:\\\/\\\/glamico.ee\\\/wp-content\\\/uploads\\\/2025\\\/11\\\/5905669134699_1.webp\",\"width\":1160,\"height\":1547},{\"@type\":\"BreadcrumbList\",\"@id\":\"https:\\\/\\\/glamico.ee\\\/pood\\\/swederm-orn-antioksudantne-silmaseerum-30ml\\\/#breadcrumb\",\"itemListElement\":[{\"@type\":\"ListItem\",\"position\":1,\"name\":\"Home\",\"item\":\"https:\\\/\\\/glamico.ee\\\/\"},{\"@type\":\"ListItem\",\"position\":2,\"name\":\"Pood\",\"item\":\"https:\\\/\\\/glamico.ee\\\/pood\\\/\"},{\"@type\":\"ListItem\",\"position\":3,\"name\":\"Swederm \u00f5rn antioks\u00fcdantne silmaseerum 30ml\"}]},{\"@type\":\"WebSite\",\"@id\":\"https:\\\/\\\/glamico.ee\\\/#website\",\"url\":\"https:\\\/\\\/glamico.ee\\\/\",\"name\":\"Glamico\",\"description\":\"Ilutooted\",\"publisher\":{\"@id\":\"https:\\\/\\\/glamico.ee\\\/#organization\"},\"potentialAction\":[{\"@type\":\"SearchAction\",\"target\":{\"@type\":\"EntryPoint\",\"urlTemplate\":\"https:\\\/\\\/glamico.ee\\\/?s={search_term_string}\"},\"query-input\":{\"@type\":\"PropertyValueSpecification\",\"valueRequired\":true,\"valueName\":\"search_term_string\"}}],\"inLanguage\":\"en-US\"},{\"@type\":\"Organization\",\"@id\":\"https:\\\/\\\/glamico.ee\\\/#organization\",\"name\":\"Glamico Baltics O\u00dc\",\"url\":\"https:\\\/\\\/glamico.ee\\\/\",\"logo\":{\"@type\":\"ImageObject\",\"inLanguage\":\"en-US\",\"@id\":\"https:\\\/\\\/glamico.ee\\\/#\\\/schema\\\/logo\\\/image\\\/\",\"url\":\"https:\\\/\\\/glamico.ee\\\/wp-content\\\/uploads\\\/2025\\\/11\\\/Glamico-1.png\",\"contentUrl\":\"https:\\\/\\\/glamico.ee\\\/wp-content\\\/uploads\\\/2025\\\/11\\\/Glamico-1.png\",\"width\":627,\"height\":400,\"caption\":\"Glamico Baltics O\u00dc\"},\"image\":{\"@id\":\"https:\\\/\\\/glamico.ee\\\/#\\\/schema\\\/logo\\\/image\\\/\"},\"sameAs\":[\"https:\\\/\\\/www.instagram.com\\\/glamico.ee\\\/\"]}]}<\/script>\n<!-- \/ Yoast SEO plugin. -->","yoast_head_json":{"title":"Swederm \u00f5rn antioks\u00fcdantne silmaseerum 30ml - Glamico","robots":{"index":"index","follow":"follow","max-snippet":"max-snippet:-1","max-image-preview":"max-image-preview:large","max-video-preview":"max-video-preview:-1"},"canonical":"https:\/\/glamico.ee\/en\/pood\/swederm-orn-antioksudantne-silmaseerum-30ml\/","og_locale":"en_US","og_type":"article","og_title":"Swederm \u00f5rn antioks\u00fcdantne silmaseerum 30ml - Glamico","og_description":"\u00d5rn emulsioon, mis on loodud silma\u00fcmbruse \u00f5hukese ja tundliku naha hooldamiseks. See piirkond vajab erilist hoolt, kuna seal on v\u00e4ga v\u00e4he rasun\u00e4\u00e4rmeid ja n\u00e4omiimika on rikkalik. Tootel on kerge konsistents, see imendub kiiresti ja sobib ideaalselt meigi alla. Soovitatav k\u00f5ikidele nahat\u00fc\u00fcpidele p\u00e4rast 25. eluaastat. Kerge, v\u00e4ga kiiresti imenduv emulsioon, mis on loodud silma\u00fcmbruse \u00f5hukese ja tundliku naha hooldamiseks. V\u00e4ga madala rasun\u00e4\u00e4rmete sisalduse ja rikkaliku n\u00e4omiimika t\u00f5ttu vajab silma\u00fcmbrus erilist hoolt. Swederm EYE SERUMis sisalduv hoolikalt valitud looduslike \u00f5lide koostis (magus mandel, granaat\u00f5unaseemned ja viinamarjad) koos sheav\u00f5iga aitab taastada lipiidbarj\u00e4\u00e4ri ja pinguldada silma\u00fcmbruse \u00f5rna nahka.  T\u00e4nu oma kergele konsistentsile ja tugevalt niisutavatele omadustele sobib EYE SERUM ideaalselt meigialuseks. See on loodud igat t\u00fc\u00fcpi nahka silmas pidades, eriti p\u00e4rast 25. eluaastat. Avastage orgaanilist p\u00e4ritolu aktiivsete koostisosade j\u00f5ud, mis muudavad Swedermi silmaseerumi teie kosmeetikakotis absoluutseks must-have'ks! Seerum v\u00e4hendab naha \u00e4rritust ja punetust t\u00e4nu aaloolehe mahlale. Selle \u00fclesannete hulka kuulub ka naha vananemisprotsesside aeglustamine, mida p\u00f5hjustavad muuhulgas UV-kiirgus. H\u00fcaluroonhappe lisamine annab Swedermi seerumile rahustavad ja niisutavad omadused, t\u00e4nu millele on nahk pinguldatud ja kortsud silutud.  Erilist t\u00e4helepanu tuleks p\u00f6\u00f6rata antioks\u00fcdantidele, mis kaitsevad nahka vabade radikaalide kahjuliku m\u00f5ju eest \u2013 pol\u00fcfenoolidele ja E-vitamiinile, mille rikkalik allikas on viigikaktuse ekstrakt. T\u00e4nu sellele hoiab Swedermi \u00f5rn silmakreem EYE SERUM \u00e4ra veekao nahast, j\u00e4ttes samas selle pinnale mittem\u00e4\u00e4rduva kihi. Hoolitsege oma silma\u00fcmbruse \u00f5rna naha eest, kasutades Swedermi seerumi ainulaadset valemit! Kasutamine: Hommikul ja \u00f5htul, p\u00e4rast p\u00f5hjalikku meigi eemaldamist ja naha puhastamist FACE CLEANSER vahuga, kuivatage see ning piserdage seej\u00e4rel FACE TONERiga. M\u00f5ne aja p\u00e4rast kandke \u00f5huke kiht EYE SERUMi kogu silma\u00fcmbruses olevale nahapinnale ja patsutage \u00f5rnalt, kuni see on t\u00e4ielikult imendunud. Tursete v\u00e4hendamise parema efekti saavutamiseks hoidke toodet k\u00fclmkapis ja kandke nahale kohe p\u00e4rast v\u00e4ljav\u00f5tmist. Seej\u00e4rel kandke n\u00e4ole valitud seerum ja kreem. Koostis:Aqua, Aloe Barbadensis Leaf Extract*, Prunus Amygdalus Dulcis Oil*, Butyrospermum Parkii Butter*, Sodium Hyaluronate, Punica Granatum Seed Oil, Vitis Vinifera Seed Oil, Opuntia Ficus Indica Seed Oil, Caprylic\/Capric Triglyceride, Cetearyl Alcohol, Cetearyl Glucoside, Glycerin, Sodium Dehydroacetate, Algin, Parfum, Mica, Titanium Dioxide, Citric Acid, Benzyl Alcohol, Salicylic Acid, Sorbic Acid, Limonene, Linalool  * p\u00e4rit mahep\u00f5llumajandusest","og_url":"https:\/\/glamico.ee\/en\/pood\/swederm-orn-antioksudantne-silmaseerum-30ml\/","og_site_name":"Glamico","og_image":[{"width":1160,"height":1547,"url":"https:\/\/glamico.ee\/wp-content\/uploads\/2025\/11\/5905669134699_1.webp","type":"image\/webp"}],"twitter_card":"summary_large_image","schema":{"@context":"https:\/\/schema.org","@graph":[{"@type":"WebPage","@id":"https:\/\/glamico.ee\/pood\/swederm-orn-antioksudantne-silmaseerum-30ml\/","url":"https:\/\/glamico.ee\/pood\/swederm-orn-antioksudantne-silmaseerum-30ml\/","name":"Swederm \u00f5rn antioks\u00fcdantne silmaseerum 30ml - Glamico","isPartOf":{"@id":"https:\/\/glamico.ee\/#website"},"primaryImageOfPage":{"@id":"https:\/\/glamico.ee\/pood\/swederm-orn-antioksudantne-silmaseerum-30ml\/#primaryimage"},"image":{"@id":"https:\/\/glamico.ee\/pood\/swederm-orn-antioksudantne-silmaseerum-30ml\/#primaryimage"},"thumbnailUrl":"https:\/\/glamico.ee\/wp-content\/uploads\/2025\/11\/5905669134699_1.webp","datePublished":"2025-11-26T08:20:21+00:00","breadcrumb":{"@id":"https:\/\/glamico.ee\/pood\/swederm-orn-antioksudantne-silmaseerum-30ml\/#breadcrumb"},"inLanguage":"en-US","potentialAction":[{"@type":"ReadAction","target":["https:\/\/glamico.ee\/pood\/swederm-orn-antioksudantne-silmaseerum-30ml\/"]}]},{"@type":"ImageObject","inLanguage":"en-US","@id":"https:\/\/glamico.ee\/pood\/swederm-orn-antioksudantne-silmaseerum-30ml\/#primaryimage","url":"https:\/\/glamico.ee\/wp-content\/uploads\/2025\/11\/5905669134699_1.webp","contentUrl":"https:\/\/glamico.ee\/wp-content\/uploads\/2025\/11\/5905669134699_1.webp","width":1160,"height":1547},{"@type":"BreadcrumbList","@id":"https:\/\/glamico.ee\/pood\/swederm-orn-antioksudantne-silmaseerum-30ml\/#breadcrumb","itemListElement":[{"@type":"ListItem","position":1,"name":"Home","item":"https:\/\/glamico.ee\/"},{"@type":"ListItem","position":2,"name":"Pood","item":"https:\/\/glamico.ee\/pood\/"},{"@type":"ListItem","position":3,"name":"Swederm \u00f5rn antioks\u00fcdantne silmaseerum 30ml"}]},{"@type":"WebSite","@id":"https:\/\/glamico.ee\/#website","url":"https:\/\/glamico.ee\/","name":"Glamico","description":"Ilutooted","publisher":{"@id":"https:\/\/glamico.ee\/#organization"},"potentialAction":[{"@type":"SearchAction","target":{"@type":"EntryPoint","urlTemplate":"https:\/\/glamico.ee\/?s={search_term_string}"},"query-input":{"@type":"PropertyValueSpecification","valueRequired":true,"valueName":"search_term_string"}}],"inLanguage":"en-US"},{"@type":"Organization","@id":"https:\/\/glamico.ee\/#organization","name":"Glamico Baltics O\u00dc","url":"https:\/\/glamico.ee\/","logo":{"@type":"ImageObject","inLanguage":"en-US","@id":"https:\/\/glamico.ee\/#\/schema\/logo\/image\/","url":"https:\/\/glamico.ee\/wp-content\/uploads\/2025\/11\/Glamico-1.png","contentUrl":"https:\/\/glamico.ee\/wp-content\/uploads\/2025\/11\/Glamico-1.png","width":627,"height":400,"caption":"Glamico Baltics O\u00dc"},"image":{"@id":"https:\/\/glamico.ee\/#\/schema\/logo\/image\/"},"sameAs":["https:\/\/www.instagram.com\/glamico.ee\/"]}]}},"brands":[{"id":92,"name":"Swederm","slug":"swederm"}],"_links":{"self":[{"href":"https:\/\/glamico.ee\/en\/wp-json\/wp\/v2\/product\/1943","targetHints":{"allow":["GET"]}}],"collection":[{"href":"https:\/\/glamico.ee\/en\/wp-json\/wp\/v2\/product"}],"about":[{"href":"https:\/\/glamico.ee\/en\/wp-json\/wp\/v2\/types\/product"}],"version-history":[{"count":1,"href":"https:\/\/glamico.ee\/en\/wp-json\/wp\/v2\/product\/1943\/revisions"}],"predecessor-version":[{"id":1947,"href":"https:\/\/glamico.ee\/en\/wp-json\/wp\/v2\/product\/1943\/revisions\/1947"}],"wp:featuredmedia":[{"embeddable":true,"href":"https:\/\/glamico.ee\/en\/wp-json\/wp\/v2\/media\/1944"}],"wp:attachment":[{"href":"https:\/\/glamico.ee\/en\/wp-json\/wp\/v2\/media?parent=1943"}],"wp:term":[{"taxonomy":"pwb-brand","embeddable":true,"href":"https:\/\/glamico.ee\/en\/wp-json\/wp\/v2\/pwb-brand?post=1943"},{"taxonomy":"product_brand","embeddable":true,"href":"https:\/\/glamico.ee\/en\/wp-json\/wp\/v2\/product_brand?post=1943"},{"taxonomy":"product_cat","embeddable":true,"href":"https:\/\/glamico.ee\/en\/wp-json\/wp\/v2\/product_cat?post=1943"},{"taxonomy":"product_tag","embeddable":true,"href":"https:\/\/glamico.ee\/en\/wp-json\/wp\/v2\/product_tag?post=1943"}],"curies":[{"name":"wp","href":"https:\/\/api.w.org\/{rel}","templated":true}]}}