{"id":1927,"date":"2025-11-24T12:45:51","date_gmt":"2025-11-24T10:45:51","guid":{"rendered":"https:\/\/glamico.ee\/?post_type=product&#038;p=1927"},"modified":"2025-11-24T12:45:51","modified_gmt":"2025-11-24T10:45:51","slug":"raywell-croma-maintenance-mask-500ml","status":"publish","type":"product","link":"https:\/\/glamico.ee\/en\/pood\/raywell-croma-maintenance-mask-500ml\/","title":{"rendered":"Raywell Croma v\u00e4rvi kaitsev juuksemask 500ml"},"content":{"rendered":"","protected":false},"excerpt":{"rendered":"<p>Juuksemask on spetsiaalselt loodud v\u00e4rvitud ja n\u00f5rgenenud juuste hoolduseks. Ennetades v\u00e4rvi tuhmumist, toidab s\u00fcgavuti ja tugevdab juuste struktuuri, v\u00e4hendades murdumise ja suurendades vastupidavust v\u00e4lism\u00f5judele. Juuksed muutuvad pehmeks, siledaks ja l\u00e4ikivaks ning nende siidisus p\u00fcsib kaua. Mask rahustab ka tundlikku peanahka, s\u00e4ilitades optimaalse niisutustaseme. pH: 3,90 &#8211; 4,50<br \/>\nKasutamine: p\u00e4rast \u0161ampooniga pesemist kandke mask niisketele juustele, p\u00f6\u00f6rates t\u00e4helepanu pikkusele ja otstele. Laske 5\u201310 minutit m\u00f5juda, seej\u00e4rel loputage hoolikalt sooja veega.<\/p>\n<p>Koostis: water, cetyl alcohol,myristyl alcohol, cetrimonium chloride, behentrimonium chloride, methylparaben, propylparaben, ethylparaben, behentrimonium chloride, methylparaben, propylparaben, ethylparaben,phenoxypropyl panthenol peg-7 dimethicone phosphate chloride, disodium edta, argania spinosa kermeloil, hydrolyzed keratin, c.i. 18050\/acid red 1, c.i, 19140\/acid yellow 23, citric acid.<\/p>","protected":false},"featured_media":1928,"template":"","meta":[],"pwb-brand":[90],"product_brand":[],"product_cat":[32],"product_tag":[],"class_list":{"0":"post-1927","1":"product","2":"type-product","3":"status-publish","4":"has-post-thumbnail","6":"pwb-brand-raywell","7":"product_cat-juustele","9":"first","10":"instock","11":"taxable","12":"shipping-taxable","13":"purchasable","14":"product-type-simple"},"yoast_head":"<!-- This site is optimized with the Yoast SEO plugin v27.3 - https:\/\/yoast.com\/product\/yoast-seo-wordpress\/ -->\n<title>Raywell Croma v\u00e4rvi kaitsev juuksemask 500ml - Glamico<\/title>\n<meta name=\"robots\" content=\"index, follow, max-snippet:-1, max-image-preview:large, max-video-preview:-1\" \/>\n<link rel=\"canonical\" href=\"https:\/\/glamico.ee\/en\/pood\/raywell-croma-maintenance-mask-500ml\/\" \/>\n<meta property=\"og:locale\" content=\"en_US\" \/>\n<meta property=\"og:type\" content=\"article\" \/>\n<meta property=\"og:title\" content=\"Raywell Croma v\u00e4rvi kaitsev juuksemask 500ml - Glamico\" \/>\n<meta property=\"og:description\" content=\"Juuksemask on spetsiaalselt loodud v\u00e4rvitud ja n\u00f5rgenenud juuste hoolduseks. Ennetades v\u00e4rvi tuhmumist, toidab s\u00fcgavuti ja tugevdab juuste struktuuri, v\u00e4hendades murdumise ja suurendades vastupidavust v\u00e4lism\u00f5judele. Juuksed muutuvad pehmeks, siledaks ja l\u00e4ikivaks ning nende siidisus p\u00fcsib kaua. Mask rahustab ka tundlikku peanahka, s\u00e4ilitades optimaalse niisutustaseme. pH: 3,90 - 4,50 Kasutamine: p\u00e4rast \u0161ampooniga pesemist kandke mask niisketele juustele, p\u00f6\u00f6rates t\u00e4helepanu pikkusele ja otstele. Laske 5\u201310 minutit m\u00f5juda, seej\u00e4rel loputage hoolikalt sooja veega.  Koostis: water, cetyl alcohol,myristyl alcohol, cetrimonium chloride, behentrimonium chloride, methylparaben, propylparaben, ethylparaben, behentrimonium chloride, methylparaben, propylparaben, ethylparaben,phenoxypropyl panthenol peg-7 dimethicone phosphate chloride, disodium edta, argania spinosa kermeloil, hydrolyzed keratin, c.i. 18050\/acid red 1, c.i, 19140\/acid yellow 23, citric acid.\" \/>\n<meta property=\"og:url\" content=\"https:\/\/glamico.ee\/en\/pood\/raywell-croma-maintenance-mask-500ml\/\" \/>\n<meta property=\"og:site_name\" content=\"Glamico\" \/>\n<meta property=\"og:image\" content=\"https:\/\/glamico.ee\/wp-content\/uploads\/2025\/11\/CROMA_MASK_5005ML_8055954090395_RR607.png\" \/>\n\t<meta property=\"og:image:width\" content=\"1000\" \/>\n\t<meta property=\"og:image:height\" content=\"1000\" \/>\n\t<meta property=\"og:image:type\" content=\"image\/png\" \/>\n<meta name=\"twitter:card\" content=\"summary_large_image\" \/>\n<script type=\"application\/ld+json\" class=\"yoast-schema-graph\">{\"@context\":\"https:\\\/\\\/schema.org\",\"@graph\":[{\"@type\":\"WebPage\",\"@id\":\"https:\\\/\\\/glamico.ee\\\/pood\\\/raywell-croma-maintenance-mask-500ml\\\/\",\"url\":\"https:\\\/\\\/glamico.ee\\\/pood\\\/raywell-croma-maintenance-mask-500ml\\\/\",\"name\":\"Raywell Croma v\u00e4rvi kaitsev juuksemask 500ml - Glamico\",\"isPartOf\":{\"@id\":\"https:\\\/\\\/glamico.ee\\\/#website\"},\"primaryImageOfPage\":{\"@id\":\"https:\\\/\\\/glamico.ee\\\/pood\\\/raywell-croma-maintenance-mask-500ml\\\/#primaryimage\"},\"image\":{\"@id\":\"https:\\\/\\\/glamico.ee\\\/pood\\\/raywell-croma-maintenance-mask-500ml\\\/#primaryimage\"},\"thumbnailUrl\":\"https:\\\/\\\/glamico.ee\\\/wp-content\\\/uploads\\\/2025\\\/11\\\/CROMA_MASK_5005ML_8055954090395_RR607.png\",\"datePublished\":\"2025-11-24T10:45:51+00:00\",\"breadcrumb\":{\"@id\":\"https:\\\/\\\/glamico.ee\\\/pood\\\/raywell-croma-maintenance-mask-500ml\\\/#breadcrumb\"},\"inLanguage\":\"en-US\",\"potentialAction\":[{\"@type\":\"ReadAction\",\"target\":[\"https:\\\/\\\/glamico.ee\\\/pood\\\/raywell-croma-maintenance-mask-500ml\\\/\"]}]},{\"@type\":\"ImageObject\",\"inLanguage\":\"en-US\",\"@id\":\"https:\\\/\\\/glamico.ee\\\/pood\\\/raywell-croma-maintenance-mask-500ml\\\/#primaryimage\",\"url\":\"https:\\\/\\\/glamico.ee\\\/wp-content\\\/uploads\\\/2025\\\/11\\\/CROMA_MASK_5005ML_8055954090395_RR607.png\",\"contentUrl\":\"https:\\\/\\\/glamico.ee\\\/wp-content\\\/uploads\\\/2025\\\/11\\\/CROMA_MASK_5005ML_8055954090395_RR607.png\",\"width\":1000,\"height\":1000},{\"@type\":\"BreadcrumbList\",\"@id\":\"https:\\\/\\\/glamico.ee\\\/pood\\\/raywell-croma-maintenance-mask-500ml\\\/#breadcrumb\",\"itemListElement\":[{\"@type\":\"ListItem\",\"position\":1,\"name\":\"Home\",\"item\":\"https:\\\/\\\/glamico.ee\\\/\"},{\"@type\":\"ListItem\",\"position\":2,\"name\":\"Pood\",\"item\":\"https:\\\/\\\/glamico.ee\\\/pood\\\/\"},{\"@type\":\"ListItem\",\"position\":3,\"name\":\"Raywell Croma v\u00e4rvi kaitsev juuksemask 500ml\"}]},{\"@type\":\"WebSite\",\"@id\":\"https:\\\/\\\/glamico.ee\\\/#website\",\"url\":\"https:\\\/\\\/glamico.ee\\\/\",\"name\":\"Glamico\",\"description\":\"Ilutooted\",\"publisher\":{\"@id\":\"https:\\\/\\\/glamico.ee\\\/#organization\"},\"potentialAction\":[{\"@type\":\"SearchAction\",\"target\":{\"@type\":\"EntryPoint\",\"urlTemplate\":\"https:\\\/\\\/glamico.ee\\\/?s={search_term_string}\"},\"query-input\":{\"@type\":\"PropertyValueSpecification\",\"valueRequired\":true,\"valueName\":\"search_term_string\"}}],\"inLanguage\":\"en-US\"},{\"@type\":\"Organization\",\"@id\":\"https:\\\/\\\/glamico.ee\\\/#organization\",\"name\":\"Glamico Baltics O\u00dc\",\"url\":\"https:\\\/\\\/glamico.ee\\\/\",\"logo\":{\"@type\":\"ImageObject\",\"inLanguage\":\"en-US\",\"@id\":\"https:\\\/\\\/glamico.ee\\\/#\\\/schema\\\/logo\\\/image\\\/\",\"url\":\"https:\\\/\\\/glamico.ee\\\/wp-content\\\/uploads\\\/2025\\\/11\\\/Glamico-1.png\",\"contentUrl\":\"https:\\\/\\\/glamico.ee\\\/wp-content\\\/uploads\\\/2025\\\/11\\\/Glamico-1.png\",\"width\":627,\"height\":400,\"caption\":\"Glamico Baltics O\u00dc\"},\"image\":{\"@id\":\"https:\\\/\\\/glamico.ee\\\/#\\\/schema\\\/logo\\\/image\\\/\"},\"sameAs\":[\"https:\\\/\\\/www.instagram.com\\\/glamico.ee\\\/\"]}]}<\/script>\n<!-- \/ Yoast SEO plugin. -->","yoast_head_json":{"title":"Raywell Croma v\u00e4rvi kaitsev juuksemask 500ml - Glamico","robots":{"index":"index","follow":"follow","max-snippet":"max-snippet:-1","max-image-preview":"max-image-preview:large","max-video-preview":"max-video-preview:-1"},"canonical":"https:\/\/glamico.ee\/en\/pood\/raywell-croma-maintenance-mask-500ml\/","og_locale":"en_US","og_type":"article","og_title":"Raywell Croma v\u00e4rvi kaitsev juuksemask 500ml - Glamico","og_description":"Juuksemask on spetsiaalselt loodud v\u00e4rvitud ja n\u00f5rgenenud juuste hoolduseks. Ennetades v\u00e4rvi tuhmumist, toidab s\u00fcgavuti ja tugevdab juuste struktuuri, v\u00e4hendades murdumise ja suurendades vastupidavust v\u00e4lism\u00f5judele. Juuksed muutuvad pehmeks, siledaks ja l\u00e4ikivaks ning nende siidisus p\u00fcsib kaua. Mask rahustab ka tundlikku peanahka, s\u00e4ilitades optimaalse niisutustaseme. pH: 3,90 - 4,50 Kasutamine: p\u00e4rast \u0161ampooniga pesemist kandke mask niisketele juustele, p\u00f6\u00f6rates t\u00e4helepanu pikkusele ja otstele. Laske 5\u201310 minutit m\u00f5juda, seej\u00e4rel loputage hoolikalt sooja veega.  Koostis: water, cetyl alcohol,myristyl alcohol, cetrimonium chloride, behentrimonium chloride, methylparaben, propylparaben, ethylparaben, behentrimonium chloride, methylparaben, propylparaben, ethylparaben,phenoxypropyl panthenol peg-7 dimethicone phosphate chloride, disodium edta, argania spinosa kermeloil, hydrolyzed keratin, c.i. 18050\/acid red 1, c.i, 19140\/acid yellow 23, citric acid.","og_url":"https:\/\/glamico.ee\/en\/pood\/raywell-croma-maintenance-mask-500ml\/","og_site_name":"Glamico","og_image":[{"width":1000,"height":1000,"url":"https:\/\/glamico.ee\/wp-content\/uploads\/2025\/11\/CROMA_MASK_5005ML_8055954090395_RR607.png","type":"image\/png"}],"twitter_card":"summary_large_image","schema":{"@context":"https:\/\/schema.org","@graph":[{"@type":"WebPage","@id":"https:\/\/glamico.ee\/pood\/raywell-croma-maintenance-mask-500ml\/","url":"https:\/\/glamico.ee\/pood\/raywell-croma-maintenance-mask-500ml\/","name":"Raywell Croma v\u00e4rvi kaitsev juuksemask 500ml - Glamico","isPartOf":{"@id":"https:\/\/glamico.ee\/#website"},"primaryImageOfPage":{"@id":"https:\/\/glamico.ee\/pood\/raywell-croma-maintenance-mask-500ml\/#primaryimage"},"image":{"@id":"https:\/\/glamico.ee\/pood\/raywell-croma-maintenance-mask-500ml\/#primaryimage"},"thumbnailUrl":"https:\/\/glamico.ee\/wp-content\/uploads\/2025\/11\/CROMA_MASK_5005ML_8055954090395_RR607.png","datePublished":"2025-11-24T10:45:51+00:00","breadcrumb":{"@id":"https:\/\/glamico.ee\/pood\/raywell-croma-maintenance-mask-500ml\/#breadcrumb"},"inLanguage":"en-US","potentialAction":[{"@type":"ReadAction","target":["https:\/\/glamico.ee\/pood\/raywell-croma-maintenance-mask-500ml\/"]}]},{"@type":"ImageObject","inLanguage":"en-US","@id":"https:\/\/glamico.ee\/pood\/raywell-croma-maintenance-mask-500ml\/#primaryimage","url":"https:\/\/glamico.ee\/wp-content\/uploads\/2025\/11\/CROMA_MASK_5005ML_8055954090395_RR607.png","contentUrl":"https:\/\/glamico.ee\/wp-content\/uploads\/2025\/11\/CROMA_MASK_5005ML_8055954090395_RR607.png","width":1000,"height":1000},{"@type":"BreadcrumbList","@id":"https:\/\/glamico.ee\/pood\/raywell-croma-maintenance-mask-500ml\/#breadcrumb","itemListElement":[{"@type":"ListItem","position":1,"name":"Home","item":"https:\/\/glamico.ee\/"},{"@type":"ListItem","position":2,"name":"Pood","item":"https:\/\/glamico.ee\/pood\/"},{"@type":"ListItem","position":3,"name":"Raywell Croma v\u00e4rvi kaitsev juuksemask 500ml"}]},{"@type":"WebSite","@id":"https:\/\/glamico.ee\/#website","url":"https:\/\/glamico.ee\/","name":"Glamico","description":"Ilutooted","publisher":{"@id":"https:\/\/glamico.ee\/#organization"},"potentialAction":[{"@type":"SearchAction","target":{"@type":"EntryPoint","urlTemplate":"https:\/\/glamico.ee\/?s={search_term_string}"},"query-input":{"@type":"PropertyValueSpecification","valueRequired":true,"valueName":"search_term_string"}}],"inLanguage":"en-US"},{"@type":"Organization","@id":"https:\/\/glamico.ee\/#organization","name":"Glamico Baltics O\u00dc","url":"https:\/\/glamico.ee\/","logo":{"@type":"ImageObject","inLanguage":"en-US","@id":"https:\/\/glamico.ee\/#\/schema\/logo\/image\/","url":"https:\/\/glamico.ee\/wp-content\/uploads\/2025\/11\/Glamico-1.png","contentUrl":"https:\/\/glamico.ee\/wp-content\/uploads\/2025\/11\/Glamico-1.png","width":627,"height":400,"caption":"Glamico Baltics O\u00dc"},"image":{"@id":"https:\/\/glamico.ee\/#\/schema\/logo\/image\/"},"sameAs":["https:\/\/www.instagram.com\/glamico.ee\/"]}]}},"brands":[{"id":90,"name":"Raywell","slug":"raywell"}],"_links":{"self":[{"href":"https:\/\/glamico.ee\/en\/wp-json\/wp\/v2\/product\/1927","targetHints":{"allow":["GET"]}}],"collection":[{"href":"https:\/\/glamico.ee\/en\/wp-json\/wp\/v2\/product"}],"about":[{"href":"https:\/\/glamico.ee\/en\/wp-json\/wp\/v2\/types\/product"}],"version-history":[{"count":2,"href":"https:\/\/glamico.ee\/en\/wp-json\/wp\/v2\/product\/1927\/revisions"}],"predecessor-version":[{"id":1935,"href":"https:\/\/glamico.ee\/en\/wp-json\/wp\/v2\/product\/1927\/revisions\/1935"}],"wp:featuredmedia":[{"embeddable":true,"href":"https:\/\/glamico.ee\/en\/wp-json\/wp\/v2\/media\/1928"}],"wp:attachment":[{"href":"https:\/\/glamico.ee\/en\/wp-json\/wp\/v2\/media?parent=1927"}],"wp:term":[{"taxonomy":"pwb-brand","embeddable":true,"href":"https:\/\/glamico.ee\/en\/wp-json\/wp\/v2\/pwb-brand?post=1927"},{"taxonomy":"product_brand","embeddable":true,"href":"https:\/\/glamico.ee\/en\/wp-json\/wp\/v2\/product_brand?post=1927"},{"taxonomy":"product_cat","embeddable":true,"href":"https:\/\/glamico.ee\/en\/wp-json\/wp\/v2\/product_cat?post=1927"},{"taxonomy":"product_tag","embeddable":true,"href":"https:\/\/glamico.ee\/en\/wp-json\/wp\/v2\/product_tag?post=1927"}],"curies":[{"name":"wp","href":"https:\/\/api.w.org\/{rel}","templated":true}]}}