{"id":1924,"date":"2025-11-23T14:35:46","date_gmt":"2025-11-23T12:35:46","guid":{"rendered":"https:\/\/glamico.ee\/?post_type=product&#038;p=1924"},"modified":"2025-11-23T14:36:09","modified_gmt":"2025-11-23T12:36:09","slug":"raywell-no-orange-sampoon-250ml","status":"publish","type":"product","link":"https:\/\/glamico.ee\/en\/pood\/raywell-no-orange-sampoon-250ml\/","title":{"rendered":"Raywell No Orange kollasust neutraliseeriv \u0161ampoon 250ml"},"content":{"rendered":"","protected":false},"excerpt":{"rendered":"<p>No-Orange \u0161ampoon, mis sisaldab k\u00f5rge siniste pigmentide kontsentratsiooni, neutraliseerib soovimatud vase-, punased ja oran\u017eid toonid andes juustele t\u00e4iusliku j\u00e4ise efekti. Rikastatud keratiini ja argaania\u00f5liga, et tagada t\u00f6\u00f6deldud juustele maksimaalne l\u00e4ige ja kohevus. Sarjad koosnevad \u0161ampoonist ja maskist, mis sobivad nii salongikasutuseks kui ka koduseks hoolduseks.<\/p>\n<p>Koostis: Aqua (Water), Sodium Laureth Sulfate, cocamidopropyl Betaine, Triethanolamine, Sodium Chloride, Citric Acid, Coco-glucoside, Propylene Glycol, Hydroxypropyl Guar Hydroxypropyltrimonium Chloride, Hydrolysed Keratin, Argania Spinosa Kemel Oil, Charcoal Powder, Parfum (Fragrance), sodium Sulfate, Ethylhexylglycerin, Benzyl Alcohol, Lactobacillus Ferment, Tocopherol, Acid Violet 43 (Cl 60730), Cl 42090 (Acid Blue 9\/FD &amp; C Blue No. 1).<\/p>","protected":false},"featured_media":1925,"template":"","meta":[],"pwb-brand":[90],"product_brand":[],"product_cat":[32],"product_tag":[],"class_list":{"0":"post-1924","1":"product","2":"type-product","3":"status-publish","4":"has-post-thumbnail","6":"pwb-brand-raywell","7":"product_cat-juustele","9":"first","10":"instock","11":"taxable","12":"shipping-taxable","13":"purchasable","14":"product-type-simple"},"yoast_head":"<!-- This site is optimized with the Yoast SEO plugin v27.3 - https:\/\/yoast.com\/product\/yoast-seo-wordpress\/ -->\n<title>Raywell No Orange kollasust neutraliseeriv \u0161ampoon 250ml - Glamico<\/title>\n<meta name=\"robots\" content=\"index, follow, max-snippet:-1, max-image-preview:large, max-video-preview:-1\" \/>\n<link rel=\"canonical\" href=\"https:\/\/glamico.ee\/en\/pood\/raywell-no-orange-sampoon-250ml\/\" \/>\n<meta property=\"og:locale\" content=\"en_US\" \/>\n<meta property=\"og:type\" content=\"article\" \/>\n<meta property=\"og:title\" content=\"Raywell No Orange kollasust neutraliseeriv \u0161ampoon 250ml - Glamico\" \/>\n<meta property=\"og:description\" content=\"No-Orange \u0161ampoon, mis sisaldab k\u00f5rge siniste pigmentide kontsentratsiooni, neutraliseerib soovimatud vase-, punased ja oran\u017eid toonid andes juustele t\u00e4iusliku j\u00e4ise efekti. Rikastatud keratiini ja argaania\u00f5liga, et tagada t\u00f6\u00f6deldud juustele maksimaalne l\u00e4ige ja kohevus. Sarjad koosnevad \u0161ampoonist ja maskist, mis sobivad nii salongikasutuseks kui ka koduseks hoolduseks.  Koostis: Aqua (Water), Sodium Laureth Sulfate, cocamidopropyl Betaine, Triethanolamine, Sodium Chloride, Citric Acid, Coco-glucoside, Propylene Glycol, Hydroxypropyl Guar Hydroxypropyltrimonium Chloride, Hydrolysed Keratin, Argania Spinosa Kemel Oil, Charcoal Powder, Parfum (Fragrance), sodium Sulfate, Ethylhexylglycerin, Benzyl Alcohol, Lactobacillus Ferment, Tocopherol, Acid Violet 43 (Cl 60730), Cl 42090 (Acid Blue 9\/FD &amp; C Blue No. 1).\" \/>\n<meta property=\"og:url\" content=\"https:\/\/glamico.ee\/en\/pood\/raywell-no-orange-sampoon-250ml\/\" \/>\n<meta property=\"og:site_name\" content=\"Glamico\" \/>\n<meta property=\"article:modified_time\" content=\"2025-11-23T12:36:09+00:00\" \/>\n<meta property=\"og:image\" content=\"https:\/\/glamico.ee\/wp-content\/uploads\/2025\/11\/raywell_no_orange_shampoo_250ml_8059307165020_RR486.jpg\" \/>\n\t<meta property=\"og:image:width\" content=\"1000\" \/>\n\t<meta property=\"og:image:height\" content=\"1000\" \/>\n\t<meta property=\"og:image:type\" content=\"image\/jpeg\" \/>\n<meta name=\"twitter:card\" content=\"summary_large_image\" \/>\n<script type=\"application\/ld+json\" class=\"yoast-schema-graph\">{\"@context\":\"https:\\\/\\\/schema.org\",\"@graph\":[{\"@type\":\"WebPage\",\"@id\":\"https:\\\/\\\/glamico.ee\\\/pood\\\/raywell-no-orange-sampoon-250ml\\\/\",\"url\":\"https:\\\/\\\/glamico.ee\\\/pood\\\/raywell-no-orange-sampoon-250ml\\\/\",\"name\":\"Raywell No Orange kollasust neutraliseeriv \u0161ampoon 250ml - Glamico\",\"isPartOf\":{\"@id\":\"https:\\\/\\\/glamico.ee\\\/#website\"},\"primaryImageOfPage\":{\"@id\":\"https:\\\/\\\/glamico.ee\\\/pood\\\/raywell-no-orange-sampoon-250ml\\\/#primaryimage\"},\"image\":{\"@id\":\"https:\\\/\\\/glamico.ee\\\/pood\\\/raywell-no-orange-sampoon-250ml\\\/#primaryimage\"},\"thumbnailUrl\":\"https:\\\/\\\/glamico.ee\\\/wp-content\\\/uploads\\\/2025\\\/11\\\/raywell_no_orange_shampoo_250ml_8059307165020_RR486.jpg\",\"datePublished\":\"2025-11-23T12:35:46+00:00\",\"dateModified\":\"2025-11-23T12:36:09+00:00\",\"breadcrumb\":{\"@id\":\"https:\\\/\\\/glamico.ee\\\/pood\\\/raywell-no-orange-sampoon-250ml\\\/#breadcrumb\"},\"inLanguage\":\"en-US\",\"potentialAction\":[{\"@type\":\"ReadAction\",\"target\":[\"https:\\\/\\\/glamico.ee\\\/pood\\\/raywell-no-orange-sampoon-250ml\\\/\"]}]},{\"@type\":\"ImageObject\",\"inLanguage\":\"en-US\",\"@id\":\"https:\\\/\\\/glamico.ee\\\/pood\\\/raywell-no-orange-sampoon-250ml\\\/#primaryimage\",\"url\":\"https:\\\/\\\/glamico.ee\\\/wp-content\\\/uploads\\\/2025\\\/11\\\/raywell_no_orange_shampoo_250ml_8059307165020_RR486.jpg\",\"contentUrl\":\"https:\\\/\\\/glamico.ee\\\/wp-content\\\/uploads\\\/2025\\\/11\\\/raywell_no_orange_shampoo_250ml_8059307165020_RR486.jpg\",\"width\":1000,\"height\":1000},{\"@type\":\"BreadcrumbList\",\"@id\":\"https:\\\/\\\/glamico.ee\\\/pood\\\/raywell-no-orange-sampoon-250ml\\\/#breadcrumb\",\"itemListElement\":[{\"@type\":\"ListItem\",\"position\":1,\"name\":\"Home\",\"item\":\"https:\\\/\\\/glamico.ee\\\/\"},{\"@type\":\"ListItem\",\"position\":2,\"name\":\"Pood\",\"item\":\"https:\\\/\\\/glamico.ee\\\/pood\\\/\"},{\"@type\":\"ListItem\",\"position\":3,\"name\":\"Raywell No Orange kollasust neutraliseeriv \u0161ampoon 250ml\"}]},{\"@type\":\"WebSite\",\"@id\":\"https:\\\/\\\/glamico.ee\\\/#website\",\"url\":\"https:\\\/\\\/glamico.ee\\\/\",\"name\":\"Glamico\",\"description\":\"Ilutooted\",\"publisher\":{\"@id\":\"https:\\\/\\\/glamico.ee\\\/#organization\"},\"potentialAction\":[{\"@type\":\"SearchAction\",\"target\":{\"@type\":\"EntryPoint\",\"urlTemplate\":\"https:\\\/\\\/glamico.ee\\\/?s={search_term_string}\"},\"query-input\":{\"@type\":\"PropertyValueSpecification\",\"valueRequired\":true,\"valueName\":\"search_term_string\"}}],\"inLanguage\":\"en-US\"},{\"@type\":\"Organization\",\"@id\":\"https:\\\/\\\/glamico.ee\\\/#organization\",\"name\":\"Glamico Baltics O\u00dc\",\"url\":\"https:\\\/\\\/glamico.ee\\\/\",\"logo\":{\"@type\":\"ImageObject\",\"inLanguage\":\"en-US\",\"@id\":\"https:\\\/\\\/glamico.ee\\\/#\\\/schema\\\/logo\\\/image\\\/\",\"url\":\"https:\\\/\\\/glamico.ee\\\/wp-content\\\/uploads\\\/2025\\\/11\\\/Glamico-1.png\",\"contentUrl\":\"https:\\\/\\\/glamico.ee\\\/wp-content\\\/uploads\\\/2025\\\/11\\\/Glamico-1.png\",\"width\":627,\"height\":400,\"caption\":\"Glamico Baltics O\u00dc\"},\"image\":{\"@id\":\"https:\\\/\\\/glamico.ee\\\/#\\\/schema\\\/logo\\\/image\\\/\"},\"sameAs\":[\"https:\\\/\\\/www.instagram.com\\\/glamico.ee\\\/\"]}]}<\/script>\n<!-- \/ Yoast SEO plugin. -->","yoast_head_json":{"title":"Raywell No Orange kollasust neutraliseeriv \u0161ampoon 250ml - Glamico","robots":{"index":"index","follow":"follow","max-snippet":"max-snippet:-1","max-image-preview":"max-image-preview:large","max-video-preview":"max-video-preview:-1"},"canonical":"https:\/\/glamico.ee\/en\/pood\/raywell-no-orange-sampoon-250ml\/","og_locale":"en_US","og_type":"article","og_title":"Raywell No Orange kollasust neutraliseeriv \u0161ampoon 250ml - Glamico","og_description":"No-Orange \u0161ampoon, mis sisaldab k\u00f5rge siniste pigmentide kontsentratsiooni, neutraliseerib soovimatud vase-, punased ja oran\u017eid toonid andes juustele t\u00e4iusliku j\u00e4ise efekti. Rikastatud keratiini ja argaania\u00f5liga, et tagada t\u00f6\u00f6deldud juustele maksimaalne l\u00e4ige ja kohevus. Sarjad koosnevad \u0161ampoonist ja maskist, mis sobivad nii salongikasutuseks kui ka koduseks hoolduseks.  Koostis: Aqua (Water), Sodium Laureth Sulfate, cocamidopropyl Betaine, Triethanolamine, Sodium Chloride, Citric Acid, Coco-glucoside, Propylene Glycol, Hydroxypropyl Guar Hydroxypropyltrimonium Chloride, Hydrolysed Keratin, Argania Spinosa Kemel Oil, Charcoal Powder, Parfum (Fragrance), sodium Sulfate, Ethylhexylglycerin, Benzyl Alcohol, Lactobacillus Ferment, Tocopherol, Acid Violet 43 (Cl 60730), Cl 42090 (Acid Blue 9\/FD &amp; C Blue No. 1).","og_url":"https:\/\/glamico.ee\/en\/pood\/raywell-no-orange-sampoon-250ml\/","og_site_name":"Glamico","article_modified_time":"2025-11-23T12:36:09+00:00","og_image":[{"width":1000,"height":1000,"url":"https:\/\/glamico.ee\/wp-content\/uploads\/2025\/11\/raywell_no_orange_shampoo_250ml_8059307165020_RR486.jpg","type":"image\/jpeg"}],"twitter_card":"summary_large_image","schema":{"@context":"https:\/\/schema.org","@graph":[{"@type":"WebPage","@id":"https:\/\/glamico.ee\/pood\/raywell-no-orange-sampoon-250ml\/","url":"https:\/\/glamico.ee\/pood\/raywell-no-orange-sampoon-250ml\/","name":"Raywell No Orange kollasust neutraliseeriv \u0161ampoon 250ml - Glamico","isPartOf":{"@id":"https:\/\/glamico.ee\/#website"},"primaryImageOfPage":{"@id":"https:\/\/glamico.ee\/pood\/raywell-no-orange-sampoon-250ml\/#primaryimage"},"image":{"@id":"https:\/\/glamico.ee\/pood\/raywell-no-orange-sampoon-250ml\/#primaryimage"},"thumbnailUrl":"https:\/\/glamico.ee\/wp-content\/uploads\/2025\/11\/raywell_no_orange_shampoo_250ml_8059307165020_RR486.jpg","datePublished":"2025-11-23T12:35:46+00:00","dateModified":"2025-11-23T12:36:09+00:00","breadcrumb":{"@id":"https:\/\/glamico.ee\/pood\/raywell-no-orange-sampoon-250ml\/#breadcrumb"},"inLanguage":"en-US","potentialAction":[{"@type":"ReadAction","target":["https:\/\/glamico.ee\/pood\/raywell-no-orange-sampoon-250ml\/"]}]},{"@type":"ImageObject","inLanguage":"en-US","@id":"https:\/\/glamico.ee\/pood\/raywell-no-orange-sampoon-250ml\/#primaryimage","url":"https:\/\/glamico.ee\/wp-content\/uploads\/2025\/11\/raywell_no_orange_shampoo_250ml_8059307165020_RR486.jpg","contentUrl":"https:\/\/glamico.ee\/wp-content\/uploads\/2025\/11\/raywell_no_orange_shampoo_250ml_8059307165020_RR486.jpg","width":1000,"height":1000},{"@type":"BreadcrumbList","@id":"https:\/\/glamico.ee\/pood\/raywell-no-orange-sampoon-250ml\/#breadcrumb","itemListElement":[{"@type":"ListItem","position":1,"name":"Home","item":"https:\/\/glamico.ee\/"},{"@type":"ListItem","position":2,"name":"Pood","item":"https:\/\/glamico.ee\/pood\/"},{"@type":"ListItem","position":3,"name":"Raywell No Orange kollasust neutraliseeriv \u0161ampoon 250ml"}]},{"@type":"WebSite","@id":"https:\/\/glamico.ee\/#website","url":"https:\/\/glamico.ee\/","name":"Glamico","description":"Ilutooted","publisher":{"@id":"https:\/\/glamico.ee\/#organization"},"potentialAction":[{"@type":"SearchAction","target":{"@type":"EntryPoint","urlTemplate":"https:\/\/glamico.ee\/?s={search_term_string}"},"query-input":{"@type":"PropertyValueSpecification","valueRequired":true,"valueName":"search_term_string"}}],"inLanguage":"en-US"},{"@type":"Organization","@id":"https:\/\/glamico.ee\/#organization","name":"Glamico Baltics O\u00dc","url":"https:\/\/glamico.ee\/","logo":{"@type":"ImageObject","inLanguage":"en-US","@id":"https:\/\/glamico.ee\/#\/schema\/logo\/image\/","url":"https:\/\/glamico.ee\/wp-content\/uploads\/2025\/11\/Glamico-1.png","contentUrl":"https:\/\/glamico.ee\/wp-content\/uploads\/2025\/11\/Glamico-1.png","width":627,"height":400,"caption":"Glamico Baltics O\u00dc"},"image":{"@id":"https:\/\/glamico.ee\/#\/schema\/logo\/image\/"},"sameAs":["https:\/\/www.instagram.com\/glamico.ee\/"]}]}},"brands":[{"id":90,"name":"Raywell","slug":"raywell"}],"_links":{"self":[{"href":"https:\/\/glamico.ee\/en\/wp-json\/wp\/v2\/product\/1924","targetHints":{"allow":["GET"]}}],"collection":[{"href":"https:\/\/glamico.ee\/en\/wp-json\/wp\/v2\/product"}],"about":[{"href":"https:\/\/glamico.ee\/en\/wp-json\/wp\/v2\/types\/product"}],"version-history":[{"count":1,"href":"https:\/\/glamico.ee\/en\/wp-json\/wp\/v2\/product\/1924\/revisions"}],"predecessor-version":[{"id":1926,"href":"https:\/\/glamico.ee\/en\/wp-json\/wp\/v2\/product\/1924\/revisions\/1926"}],"wp:featuredmedia":[{"embeddable":true,"href":"https:\/\/glamico.ee\/en\/wp-json\/wp\/v2\/media\/1925"}],"wp:attachment":[{"href":"https:\/\/glamico.ee\/en\/wp-json\/wp\/v2\/media?parent=1924"}],"wp:term":[{"taxonomy":"pwb-brand","embeddable":true,"href":"https:\/\/glamico.ee\/en\/wp-json\/wp\/v2\/pwb-brand?post=1924"},{"taxonomy":"product_brand","embeddable":true,"href":"https:\/\/glamico.ee\/en\/wp-json\/wp\/v2\/product_brand?post=1924"},{"taxonomy":"product_cat","embeddable":true,"href":"https:\/\/glamico.ee\/en\/wp-json\/wp\/v2\/product_cat?post=1924"},{"taxonomy":"product_tag","embeddable":true,"href":"https:\/\/glamico.ee\/en\/wp-json\/wp\/v2\/product_tag?post=1924"}],"curies":[{"name":"wp","href":"https:\/\/api.w.org\/{rel}","templated":true}]}}