{"id":1915,"date":"2025-11-20T16:12:07","date_gmt":"2025-11-20T14:12:07","guid":{"rendered":"https:\/\/glamico.ee\/?post_type=product&#038;p=1915"},"modified":"2026-01-08T20:57:35","modified_gmt":"2026-01-08T18:57:35","slug":"raywell-blond-no-yellow-juuksepalsam-1000ml","status":"publish","type":"product","link":"https:\/\/glamico.ee\/en\/pood\/raywell-blond-no-yellow-juuksepalsam-1000ml\/","title":{"rendered":"Raywell Blond no yellow juuksepalsam 1000ml"},"content":{"rendered":"<p>Kasutamine: p\u00e4rast \u0161ampooniga pesemist kandke palsam niisketele r\u00e4tikukuivadele juustele, p\u00f6\u00f6rates t\u00e4helepanu pikkusele ja otstele. Laske 3-5 minutit m\u00f5juda, seej\u00e4rel loputage hoolikalt sooja veega.<\/p>\n<p>Koostis: aqua (water), cetyl alcohol, myristyl alcohol, cetrimonium chloride, behentrimonium chloride, benzyl alcohol, parfum (fragrance), isopropyl alcohol, disodium edta, benzoic acid, argania spinosa kernel oil (argania spinosa (argan) kernel oil), dehydroacetic acid, steardimonium hydroxypropyl panthenyl peg-7 dimethicone phosphate chloride, hydrolyzed vegetable protein pg-propyl silanetriol, tocopherol, hydrolyzed walnut extract, propylene glycol, citric acid, sodium benzoate, chamomilla recutita flower extract, potassium sorbate, hc blue no. 2, ext violet 2 (ci 60730), limonene, linalool<\/p>","protected":false},"excerpt":{"rendered":"<p>S\u00e4ra andev kollase tooni vastane palsam blondidele, naturaalsetele ja blondeeritud juustele.<br \/>\nHarutab lahti pusad, andes samal ajal l\u00e4ike ja pehmuse. ph: 3,45 +\/- 0,35<\/p>","protected":false},"featured_media":1916,"template":"","meta":[],"pwb-brand":[90],"product_brand":[],"product_cat":[32],"product_tag":[],"class_list":{"0":"post-1915","1":"product","2":"type-product","3":"status-publish","4":"has-post-thumbnail","6":"pwb-brand-raywell","7":"product_cat-juustele","9":"first","10":"instock","11":"taxable","12":"shipping-taxable","13":"purchasable","14":"product-type-simple"},"yoast_head":"<!-- This site is optimized with the Yoast SEO plugin v27.3 - https:\/\/yoast.com\/product\/yoast-seo-wordpress\/ -->\n<title>Raywell Blond no yellow juuksepalsam 1000ml - Glamico<\/title>\n<meta name=\"robots\" content=\"index, follow, max-snippet:-1, max-image-preview:large, max-video-preview:-1\" \/>\n<link rel=\"canonical\" href=\"https:\/\/glamico.ee\/en\/pood\/raywell-blond-no-yellow-juuksepalsam-1000ml\/\" \/>\n<meta property=\"og:locale\" content=\"en_US\" \/>\n<meta property=\"og:type\" content=\"article\" \/>\n<meta property=\"og:title\" content=\"Raywell Blond no yellow juuksepalsam 1000ml - Glamico\" \/>\n<meta property=\"og:description\" content=\"S\u00e4ra andev kollase tooni vastane palsam blondidele, naturaalsetele ja blondeeritud juustele. Harutab lahti pusad, andes samal ajal l\u00e4ike ja pehmuse. ph: 3,45 +\/- 0,35\" \/>\n<meta property=\"og:url\" content=\"https:\/\/glamico.ee\/en\/pood\/raywell-blond-no-yellow-juuksepalsam-1000ml\/\" \/>\n<meta property=\"og:site_name\" content=\"Glamico\" \/>\n<meta property=\"article:modified_time\" content=\"2026-01-08T18:57:35+00:00\" \/>\n<meta property=\"og:image\" content=\"https:\/\/glamico.ee\/wp-content\/uploads\/2025\/11\/RAYWELL_BIO_BLOND_CONDITIONER_1000ML_RND.png\" \/>\n\t<meta property=\"og:image:width\" content=\"386\" \/>\n\t<meta property=\"og:image:height\" content=\"400\" \/>\n\t<meta property=\"og:image:type\" content=\"image\/png\" \/>\n<meta name=\"twitter:card\" content=\"summary_large_image\" \/>\n<meta name=\"twitter:label1\" content=\"Est. reading time\" \/>\n\t<meta name=\"twitter:data1\" content=\"1 minute\" \/>\n<script type=\"application\/ld+json\" class=\"yoast-schema-graph\">{\"@context\":\"https:\\\/\\\/schema.org\",\"@graph\":[{\"@type\":\"WebPage\",\"@id\":\"https:\\\/\\\/glamico.ee\\\/pood\\\/raywell-blond-no-yellow-juuksepalsam-1000ml\\\/\",\"url\":\"https:\\\/\\\/glamico.ee\\\/pood\\\/raywell-blond-no-yellow-juuksepalsam-1000ml\\\/\",\"name\":\"Raywell Blond no yellow juuksepalsam 1000ml - Glamico\",\"isPartOf\":{\"@id\":\"https:\\\/\\\/glamico.ee\\\/#website\"},\"primaryImageOfPage\":{\"@id\":\"https:\\\/\\\/glamico.ee\\\/pood\\\/raywell-blond-no-yellow-juuksepalsam-1000ml\\\/#primaryimage\"},\"image\":{\"@id\":\"https:\\\/\\\/glamico.ee\\\/pood\\\/raywell-blond-no-yellow-juuksepalsam-1000ml\\\/#primaryimage\"},\"thumbnailUrl\":\"https:\\\/\\\/glamico.ee\\\/wp-content\\\/uploads\\\/2025\\\/11\\\/RAYWELL_BIO_BLOND_CONDITIONER_1000ML_RND.png\",\"datePublished\":\"2025-11-20T14:12:07+00:00\",\"dateModified\":\"2026-01-08T18:57:35+00:00\",\"breadcrumb\":{\"@id\":\"https:\\\/\\\/glamico.ee\\\/pood\\\/raywell-blond-no-yellow-juuksepalsam-1000ml\\\/#breadcrumb\"},\"inLanguage\":\"en-US\",\"potentialAction\":[{\"@type\":\"ReadAction\",\"target\":[\"https:\\\/\\\/glamico.ee\\\/pood\\\/raywell-blond-no-yellow-juuksepalsam-1000ml\\\/\"]}]},{\"@type\":\"ImageObject\",\"inLanguage\":\"en-US\",\"@id\":\"https:\\\/\\\/glamico.ee\\\/pood\\\/raywell-blond-no-yellow-juuksepalsam-1000ml\\\/#primaryimage\",\"url\":\"https:\\\/\\\/glamico.ee\\\/wp-content\\\/uploads\\\/2025\\\/11\\\/RAYWELL_BIO_BLOND_CONDITIONER_1000ML_RND.png\",\"contentUrl\":\"https:\\\/\\\/glamico.ee\\\/wp-content\\\/uploads\\\/2025\\\/11\\\/RAYWELL_BIO_BLOND_CONDITIONER_1000ML_RND.png\",\"width\":386,\"height\":400},{\"@type\":\"BreadcrumbList\",\"@id\":\"https:\\\/\\\/glamico.ee\\\/pood\\\/raywell-blond-no-yellow-juuksepalsam-1000ml\\\/#breadcrumb\",\"itemListElement\":[{\"@type\":\"ListItem\",\"position\":1,\"name\":\"Home\",\"item\":\"https:\\\/\\\/glamico.ee\\\/\"},{\"@type\":\"ListItem\",\"position\":2,\"name\":\"Pood\",\"item\":\"https:\\\/\\\/glamico.ee\\\/pood\\\/\"},{\"@type\":\"ListItem\",\"position\":3,\"name\":\"Raywell Blond no yellow juuksepalsam 1000ml\"}]},{\"@type\":\"WebSite\",\"@id\":\"https:\\\/\\\/glamico.ee\\\/#website\",\"url\":\"https:\\\/\\\/glamico.ee\\\/\",\"name\":\"Glamico\",\"description\":\"Ilutooted\",\"publisher\":{\"@id\":\"https:\\\/\\\/glamico.ee\\\/#organization\"},\"potentialAction\":[{\"@type\":\"SearchAction\",\"target\":{\"@type\":\"EntryPoint\",\"urlTemplate\":\"https:\\\/\\\/glamico.ee\\\/?s={search_term_string}\"},\"query-input\":{\"@type\":\"PropertyValueSpecification\",\"valueRequired\":true,\"valueName\":\"search_term_string\"}}],\"inLanguage\":\"en-US\"},{\"@type\":\"Organization\",\"@id\":\"https:\\\/\\\/glamico.ee\\\/#organization\",\"name\":\"Glamico Baltics O\u00dc\",\"url\":\"https:\\\/\\\/glamico.ee\\\/\",\"logo\":{\"@type\":\"ImageObject\",\"inLanguage\":\"en-US\",\"@id\":\"https:\\\/\\\/glamico.ee\\\/#\\\/schema\\\/logo\\\/image\\\/\",\"url\":\"https:\\\/\\\/glamico.ee\\\/wp-content\\\/uploads\\\/2025\\\/11\\\/Glamico-1.png\",\"contentUrl\":\"https:\\\/\\\/glamico.ee\\\/wp-content\\\/uploads\\\/2025\\\/11\\\/Glamico-1.png\",\"width\":627,\"height\":400,\"caption\":\"Glamico Baltics O\u00dc\"},\"image\":{\"@id\":\"https:\\\/\\\/glamico.ee\\\/#\\\/schema\\\/logo\\\/image\\\/\"},\"sameAs\":[\"https:\\\/\\\/www.instagram.com\\\/glamico.ee\\\/\"]}]}<\/script>\n<!-- \/ Yoast SEO plugin. -->","yoast_head_json":{"title":"Raywell Blond no yellow juuksepalsam 1000ml - Glamico","robots":{"index":"index","follow":"follow","max-snippet":"max-snippet:-1","max-image-preview":"max-image-preview:large","max-video-preview":"max-video-preview:-1"},"canonical":"https:\/\/glamico.ee\/en\/pood\/raywell-blond-no-yellow-juuksepalsam-1000ml\/","og_locale":"en_US","og_type":"article","og_title":"Raywell Blond no yellow juuksepalsam 1000ml - Glamico","og_description":"S\u00e4ra andev kollase tooni vastane palsam blondidele, naturaalsetele ja blondeeritud juustele. Harutab lahti pusad, andes samal ajal l\u00e4ike ja pehmuse. ph: 3,45 +\/- 0,35","og_url":"https:\/\/glamico.ee\/en\/pood\/raywell-blond-no-yellow-juuksepalsam-1000ml\/","og_site_name":"Glamico","article_modified_time":"2026-01-08T18:57:35+00:00","og_image":[{"width":386,"height":400,"url":"https:\/\/glamico.ee\/wp-content\/uploads\/2025\/11\/RAYWELL_BIO_BLOND_CONDITIONER_1000ML_RND.png","type":"image\/png"}],"twitter_card":"summary_large_image","twitter_misc":{"Est. reading time":"1 minute"},"schema":{"@context":"https:\/\/schema.org","@graph":[{"@type":"WebPage","@id":"https:\/\/glamico.ee\/pood\/raywell-blond-no-yellow-juuksepalsam-1000ml\/","url":"https:\/\/glamico.ee\/pood\/raywell-blond-no-yellow-juuksepalsam-1000ml\/","name":"Raywell Blond no yellow juuksepalsam 1000ml - Glamico","isPartOf":{"@id":"https:\/\/glamico.ee\/#website"},"primaryImageOfPage":{"@id":"https:\/\/glamico.ee\/pood\/raywell-blond-no-yellow-juuksepalsam-1000ml\/#primaryimage"},"image":{"@id":"https:\/\/glamico.ee\/pood\/raywell-blond-no-yellow-juuksepalsam-1000ml\/#primaryimage"},"thumbnailUrl":"https:\/\/glamico.ee\/wp-content\/uploads\/2025\/11\/RAYWELL_BIO_BLOND_CONDITIONER_1000ML_RND.png","datePublished":"2025-11-20T14:12:07+00:00","dateModified":"2026-01-08T18:57:35+00:00","breadcrumb":{"@id":"https:\/\/glamico.ee\/pood\/raywell-blond-no-yellow-juuksepalsam-1000ml\/#breadcrumb"},"inLanguage":"en-US","potentialAction":[{"@type":"ReadAction","target":["https:\/\/glamico.ee\/pood\/raywell-blond-no-yellow-juuksepalsam-1000ml\/"]}]},{"@type":"ImageObject","inLanguage":"en-US","@id":"https:\/\/glamico.ee\/pood\/raywell-blond-no-yellow-juuksepalsam-1000ml\/#primaryimage","url":"https:\/\/glamico.ee\/wp-content\/uploads\/2025\/11\/RAYWELL_BIO_BLOND_CONDITIONER_1000ML_RND.png","contentUrl":"https:\/\/glamico.ee\/wp-content\/uploads\/2025\/11\/RAYWELL_BIO_BLOND_CONDITIONER_1000ML_RND.png","width":386,"height":400},{"@type":"BreadcrumbList","@id":"https:\/\/glamico.ee\/pood\/raywell-blond-no-yellow-juuksepalsam-1000ml\/#breadcrumb","itemListElement":[{"@type":"ListItem","position":1,"name":"Home","item":"https:\/\/glamico.ee\/"},{"@type":"ListItem","position":2,"name":"Pood","item":"https:\/\/glamico.ee\/pood\/"},{"@type":"ListItem","position":3,"name":"Raywell Blond no yellow juuksepalsam 1000ml"}]},{"@type":"WebSite","@id":"https:\/\/glamico.ee\/#website","url":"https:\/\/glamico.ee\/","name":"Glamico","description":"Ilutooted","publisher":{"@id":"https:\/\/glamico.ee\/#organization"},"potentialAction":[{"@type":"SearchAction","target":{"@type":"EntryPoint","urlTemplate":"https:\/\/glamico.ee\/?s={search_term_string}"},"query-input":{"@type":"PropertyValueSpecification","valueRequired":true,"valueName":"search_term_string"}}],"inLanguage":"en-US"},{"@type":"Organization","@id":"https:\/\/glamico.ee\/#organization","name":"Glamico Baltics O\u00dc","url":"https:\/\/glamico.ee\/","logo":{"@type":"ImageObject","inLanguage":"en-US","@id":"https:\/\/glamico.ee\/#\/schema\/logo\/image\/","url":"https:\/\/glamico.ee\/wp-content\/uploads\/2025\/11\/Glamico-1.png","contentUrl":"https:\/\/glamico.ee\/wp-content\/uploads\/2025\/11\/Glamico-1.png","width":627,"height":400,"caption":"Glamico Baltics O\u00dc"},"image":{"@id":"https:\/\/glamico.ee\/#\/schema\/logo\/image\/"},"sameAs":["https:\/\/www.instagram.com\/glamico.ee\/"]}]}},"brands":[{"id":90,"name":"Raywell","slug":"raywell"}],"_links":{"self":[{"href":"https:\/\/glamico.ee\/en\/wp-json\/wp\/v2\/product\/1915","targetHints":{"allow":["GET"]}}],"collection":[{"href":"https:\/\/glamico.ee\/en\/wp-json\/wp\/v2\/product"}],"about":[{"href":"https:\/\/glamico.ee\/en\/wp-json\/wp\/v2\/types\/product"}],"version-history":[{"count":4,"href":"https:\/\/glamico.ee\/en\/wp-json\/wp\/v2\/product\/1915\/revisions"}],"predecessor-version":[{"id":1920,"href":"https:\/\/glamico.ee\/en\/wp-json\/wp\/v2\/product\/1915\/revisions\/1920"}],"wp:featuredmedia":[{"embeddable":true,"href":"https:\/\/glamico.ee\/en\/wp-json\/wp\/v2\/media\/1916"}],"wp:attachment":[{"href":"https:\/\/glamico.ee\/en\/wp-json\/wp\/v2\/media?parent=1915"}],"wp:term":[{"taxonomy":"pwb-brand","embeddable":true,"href":"https:\/\/glamico.ee\/en\/wp-json\/wp\/v2\/pwb-brand?post=1915"},{"taxonomy":"product_brand","embeddable":true,"href":"https:\/\/glamico.ee\/en\/wp-json\/wp\/v2\/product_brand?post=1915"},{"taxonomy":"product_cat","embeddable":true,"href":"https:\/\/glamico.ee\/en\/wp-json\/wp\/v2\/product_cat?post=1915"},{"taxonomy":"product_tag","embeddable":true,"href":"https:\/\/glamico.ee\/en\/wp-json\/wp\/v2\/product_tag?post=1915"}],"curies":[{"name":"wp","href":"https:\/\/api.w.org\/{rel}","templated":true}]}}