{"id":1906,"date":"2025-11-20T15:43:23","date_gmt":"2025-11-20T13:43:23","guid":{"rendered":"https:\/\/glamico.ee\/?post_type=product&#038;p=1906"},"modified":"2025-11-20T15:51:47","modified_gmt":"2025-11-20T13:51:47","slug":"raywell-blond-no-yellow-shampoon-1000ml","status":"publish","type":"product","link":"https:\/\/glamico.ee\/en\/pood\/raywell-blond-no-yellow-shampoon-1000ml\/","title":{"rendered":"Raywell Blond no yellow \u0161hampoon 1000ml"},"content":{"rendered":"<p>Kasutamine: Kandke m\u00e4rgadele juustele, masseerige vahuks, laske paar minutit m\u00f5juda ja loputage hoolikalt. Vajadusel korrake.<\/p>\n<p>Koostis: &#8220;aqua (water), sodium c14-16 olefin sulfonate, cocamidopropyl betaine, sodium cocoamphoacetate, disodium cocoyl glutamate, sodium chloride, benzyl alcohol, parfum (fragrance), coco-glucoside, cocamide mea, disodium edta, polyquaternium-10, ethylhexylglycerin, lactic acid, hydrolyzed vegetable protein pg-propyl silanetriol, hydrolyzed walnut extract, propylene glycol, tocopherol, sodium benzoate, potassium sorbate, chamomilla recutita flower extract, citric acid, limonene, linalool, ext. violet 2 (ci 60703), basic blue 99, basic red 51<br \/>\nph: 6 +\/- 0,2 &#8220;<\/p>","protected":false},"excerpt":{"rendered":"<p>\u0160ampoon, mis puhastab \u00f5rnalt ja t\u00e4nu violetsetele-sinistele pigmentidele neutraliseerib kollased ja kuldsed toonid.<\/p>","protected":false},"featured_media":1910,"template":"","meta":[],"pwb-brand":[90],"product_brand":[],"product_cat":[32],"product_tag":[],"class_list":{"0":"post-1906","1":"product","2":"type-product","3":"status-publish","4":"has-post-thumbnail","6":"pwb-brand-raywell","7":"product_cat-juustele","9":"first","10":"instock","11":"taxable","12":"shipping-taxable","13":"purchasable","14":"product-type-simple"},"yoast_head":"<!-- This site is optimized with the Yoast SEO plugin v27.3 - https:\/\/yoast.com\/product\/yoast-seo-wordpress\/ -->\n<title>Raywell Blond no yellow \u0161hampoon 1000ml - Glamico<\/title>\n<meta name=\"robots\" content=\"index, follow, max-snippet:-1, max-image-preview:large, max-video-preview:-1\" \/>\n<link rel=\"canonical\" href=\"https:\/\/glamico.ee\/en\/pood\/raywell-blond-no-yellow-shampoon-1000ml\/\" \/>\n<meta property=\"og:locale\" content=\"en_US\" \/>\n<meta property=\"og:type\" content=\"article\" \/>\n<meta property=\"og:title\" content=\"Raywell Blond no yellow \u0161hampoon 1000ml - Glamico\" \/>\n<meta property=\"og:description\" content=\"\u0160ampoon, mis puhastab \u00f5rnalt ja t\u00e4nu violetsetele-sinistele pigmentidele neutraliseerib kollased ja kuldsed toonid.\" \/>\n<meta property=\"og:url\" content=\"https:\/\/glamico.ee\/en\/pood\/raywell-blond-no-yellow-shampoon-1000ml\/\" \/>\n<meta property=\"og:site_name\" content=\"Glamico\" \/>\n<meta property=\"article:modified_time\" content=\"2025-11-20T13:51:47+00:00\" \/>\n<meta property=\"og:image\" content=\"https:\/\/glamico.ee\/wp-content\/uploads\/2025\/11\/RAYWELL_BIO_BLOND_SH_1000ML_RND-1.png\" \/>\n\t<meta property=\"og:image:width\" content=\"370\" \/>\n\t<meta property=\"og:image:height\" content=\"400\" \/>\n\t<meta property=\"og:image:type\" content=\"image\/png\" \/>\n<meta name=\"twitter:card\" content=\"summary_large_image\" \/>\n<script type=\"application\/ld+json\" class=\"yoast-schema-graph\">{\"@context\":\"https:\\\/\\\/schema.org\",\"@graph\":[{\"@type\":\"WebPage\",\"@id\":\"https:\\\/\\\/glamico.ee\\\/pood\\\/raywell-blond-no-yellow-shampoon-1000ml\\\/\",\"url\":\"https:\\\/\\\/glamico.ee\\\/pood\\\/raywell-blond-no-yellow-shampoon-1000ml\\\/\",\"name\":\"Raywell Blond no yellow \u0161hampoon 1000ml - Glamico\",\"isPartOf\":{\"@id\":\"https:\\\/\\\/glamico.ee\\\/#website\"},\"primaryImageOfPage\":{\"@id\":\"https:\\\/\\\/glamico.ee\\\/pood\\\/raywell-blond-no-yellow-shampoon-1000ml\\\/#primaryimage\"},\"image\":{\"@id\":\"https:\\\/\\\/glamico.ee\\\/pood\\\/raywell-blond-no-yellow-shampoon-1000ml\\\/#primaryimage\"},\"thumbnailUrl\":\"https:\\\/\\\/glamico.ee\\\/wp-content\\\/uploads\\\/2025\\\/11\\\/RAYWELL_BIO_BLOND_SH_1000ML_RND-1.png\",\"datePublished\":\"2025-11-20T13:43:23+00:00\",\"dateModified\":\"2025-11-20T13:51:47+00:00\",\"breadcrumb\":{\"@id\":\"https:\\\/\\\/glamico.ee\\\/pood\\\/raywell-blond-no-yellow-shampoon-1000ml\\\/#breadcrumb\"},\"inLanguage\":\"en-US\",\"potentialAction\":[{\"@type\":\"ReadAction\",\"target\":[\"https:\\\/\\\/glamico.ee\\\/pood\\\/raywell-blond-no-yellow-shampoon-1000ml\\\/\"]}]},{\"@type\":\"ImageObject\",\"inLanguage\":\"en-US\",\"@id\":\"https:\\\/\\\/glamico.ee\\\/pood\\\/raywell-blond-no-yellow-shampoon-1000ml\\\/#primaryimage\",\"url\":\"https:\\\/\\\/glamico.ee\\\/wp-content\\\/uploads\\\/2025\\\/11\\\/RAYWELL_BIO_BLOND_SH_1000ML_RND-1.png\",\"contentUrl\":\"https:\\\/\\\/glamico.ee\\\/wp-content\\\/uploads\\\/2025\\\/11\\\/RAYWELL_BIO_BLOND_SH_1000ML_RND-1.png\",\"width\":370,\"height\":400},{\"@type\":\"BreadcrumbList\",\"@id\":\"https:\\\/\\\/glamico.ee\\\/pood\\\/raywell-blond-no-yellow-shampoon-1000ml\\\/#breadcrumb\",\"itemListElement\":[{\"@type\":\"ListItem\",\"position\":1,\"name\":\"Home\",\"item\":\"https:\\\/\\\/glamico.ee\\\/\"},{\"@type\":\"ListItem\",\"position\":2,\"name\":\"Pood\",\"item\":\"https:\\\/\\\/glamico.ee\\\/pood\\\/\"},{\"@type\":\"ListItem\",\"position\":3,\"name\":\"Raywell Blond no yellow \u0161hampoon 1000ml\"}]},{\"@type\":\"WebSite\",\"@id\":\"https:\\\/\\\/glamico.ee\\\/#website\",\"url\":\"https:\\\/\\\/glamico.ee\\\/\",\"name\":\"Glamico\",\"description\":\"Ilutooted\",\"publisher\":{\"@id\":\"https:\\\/\\\/glamico.ee\\\/#organization\"},\"potentialAction\":[{\"@type\":\"SearchAction\",\"target\":{\"@type\":\"EntryPoint\",\"urlTemplate\":\"https:\\\/\\\/glamico.ee\\\/?s={search_term_string}\"},\"query-input\":{\"@type\":\"PropertyValueSpecification\",\"valueRequired\":true,\"valueName\":\"search_term_string\"}}],\"inLanguage\":\"en-US\"},{\"@type\":\"Organization\",\"@id\":\"https:\\\/\\\/glamico.ee\\\/#organization\",\"name\":\"Glamico Baltics O\u00dc\",\"url\":\"https:\\\/\\\/glamico.ee\\\/\",\"logo\":{\"@type\":\"ImageObject\",\"inLanguage\":\"en-US\",\"@id\":\"https:\\\/\\\/glamico.ee\\\/#\\\/schema\\\/logo\\\/image\\\/\",\"url\":\"https:\\\/\\\/glamico.ee\\\/wp-content\\\/uploads\\\/2025\\\/11\\\/Glamico-1.png\",\"contentUrl\":\"https:\\\/\\\/glamico.ee\\\/wp-content\\\/uploads\\\/2025\\\/11\\\/Glamico-1.png\",\"width\":627,\"height\":400,\"caption\":\"Glamico Baltics O\u00dc\"},\"image\":{\"@id\":\"https:\\\/\\\/glamico.ee\\\/#\\\/schema\\\/logo\\\/image\\\/\"},\"sameAs\":[\"https:\\\/\\\/www.instagram.com\\\/glamico.ee\\\/\"]}]}<\/script>\n<!-- \/ Yoast SEO plugin. -->","yoast_head_json":{"title":"Raywell Blond no yellow \u0161hampoon 1000ml - Glamico","robots":{"index":"index","follow":"follow","max-snippet":"max-snippet:-1","max-image-preview":"max-image-preview:large","max-video-preview":"max-video-preview:-1"},"canonical":"https:\/\/glamico.ee\/en\/pood\/raywell-blond-no-yellow-shampoon-1000ml\/","og_locale":"en_US","og_type":"article","og_title":"Raywell Blond no yellow \u0161hampoon 1000ml - Glamico","og_description":"\u0160ampoon, mis puhastab \u00f5rnalt ja t\u00e4nu violetsetele-sinistele pigmentidele neutraliseerib kollased ja kuldsed toonid.","og_url":"https:\/\/glamico.ee\/en\/pood\/raywell-blond-no-yellow-shampoon-1000ml\/","og_site_name":"Glamico","article_modified_time":"2025-11-20T13:51:47+00:00","og_image":[{"width":370,"height":400,"url":"https:\/\/glamico.ee\/wp-content\/uploads\/2025\/11\/RAYWELL_BIO_BLOND_SH_1000ML_RND-1.png","type":"image\/png"}],"twitter_card":"summary_large_image","schema":{"@context":"https:\/\/schema.org","@graph":[{"@type":"WebPage","@id":"https:\/\/glamico.ee\/pood\/raywell-blond-no-yellow-shampoon-1000ml\/","url":"https:\/\/glamico.ee\/pood\/raywell-blond-no-yellow-shampoon-1000ml\/","name":"Raywell Blond no yellow \u0161hampoon 1000ml - Glamico","isPartOf":{"@id":"https:\/\/glamico.ee\/#website"},"primaryImageOfPage":{"@id":"https:\/\/glamico.ee\/pood\/raywell-blond-no-yellow-shampoon-1000ml\/#primaryimage"},"image":{"@id":"https:\/\/glamico.ee\/pood\/raywell-blond-no-yellow-shampoon-1000ml\/#primaryimage"},"thumbnailUrl":"https:\/\/glamico.ee\/wp-content\/uploads\/2025\/11\/RAYWELL_BIO_BLOND_SH_1000ML_RND-1.png","datePublished":"2025-11-20T13:43:23+00:00","dateModified":"2025-11-20T13:51:47+00:00","breadcrumb":{"@id":"https:\/\/glamico.ee\/pood\/raywell-blond-no-yellow-shampoon-1000ml\/#breadcrumb"},"inLanguage":"en-US","potentialAction":[{"@type":"ReadAction","target":["https:\/\/glamico.ee\/pood\/raywell-blond-no-yellow-shampoon-1000ml\/"]}]},{"@type":"ImageObject","inLanguage":"en-US","@id":"https:\/\/glamico.ee\/pood\/raywell-blond-no-yellow-shampoon-1000ml\/#primaryimage","url":"https:\/\/glamico.ee\/wp-content\/uploads\/2025\/11\/RAYWELL_BIO_BLOND_SH_1000ML_RND-1.png","contentUrl":"https:\/\/glamico.ee\/wp-content\/uploads\/2025\/11\/RAYWELL_BIO_BLOND_SH_1000ML_RND-1.png","width":370,"height":400},{"@type":"BreadcrumbList","@id":"https:\/\/glamico.ee\/pood\/raywell-blond-no-yellow-shampoon-1000ml\/#breadcrumb","itemListElement":[{"@type":"ListItem","position":1,"name":"Home","item":"https:\/\/glamico.ee\/"},{"@type":"ListItem","position":2,"name":"Pood","item":"https:\/\/glamico.ee\/pood\/"},{"@type":"ListItem","position":3,"name":"Raywell Blond no yellow \u0161hampoon 1000ml"}]},{"@type":"WebSite","@id":"https:\/\/glamico.ee\/#website","url":"https:\/\/glamico.ee\/","name":"Glamico","description":"Ilutooted","publisher":{"@id":"https:\/\/glamico.ee\/#organization"},"potentialAction":[{"@type":"SearchAction","target":{"@type":"EntryPoint","urlTemplate":"https:\/\/glamico.ee\/?s={search_term_string}"},"query-input":{"@type":"PropertyValueSpecification","valueRequired":true,"valueName":"search_term_string"}}],"inLanguage":"en-US"},{"@type":"Organization","@id":"https:\/\/glamico.ee\/#organization","name":"Glamico Baltics O\u00dc","url":"https:\/\/glamico.ee\/","logo":{"@type":"ImageObject","inLanguage":"en-US","@id":"https:\/\/glamico.ee\/#\/schema\/logo\/image\/","url":"https:\/\/glamico.ee\/wp-content\/uploads\/2025\/11\/Glamico-1.png","contentUrl":"https:\/\/glamico.ee\/wp-content\/uploads\/2025\/11\/Glamico-1.png","width":627,"height":400,"caption":"Glamico Baltics O\u00dc"},"image":{"@id":"https:\/\/glamico.ee\/#\/schema\/logo\/image\/"},"sameAs":["https:\/\/www.instagram.com\/glamico.ee\/"]}]}},"brands":[{"id":90,"name":"Raywell","slug":"raywell"}],"_links":{"self":[{"href":"https:\/\/glamico.ee\/en\/wp-json\/wp\/v2\/product\/1906","targetHints":{"allow":["GET"]}}],"collection":[{"href":"https:\/\/glamico.ee\/en\/wp-json\/wp\/v2\/product"}],"about":[{"href":"https:\/\/glamico.ee\/en\/wp-json\/wp\/v2\/types\/product"}],"version-history":[{"count":2,"href":"https:\/\/glamico.ee\/en\/wp-json\/wp\/v2\/product\/1906\/revisions"}],"predecessor-version":[{"id":1911,"href":"https:\/\/glamico.ee\/en\/wp-json\/wp\/v2\/product\/1906\/revisions\/1911"}],"wp:featuredmedia":[{"embeddable":true,"href":"https:\/\/glamico.ee\/en\/wp-json\/wp\/v2\/media\/1910"}],"wp:attachment":[{"href":"https:\/\/glamico.ee\/en\/wp-json\/wp\/v2\/media?parent=1906"}],"wp:term":[{"taxonomy":"pwb-brand","embeddable":true,"href":"https:\/\/glamico.ee\/en\/wp-json\/wp\/v2\/pwb-brand?post=1906"},{"taxonomy":"product_brand","embeddable":true,"href":"https:\/\/glamico.ee\/en\/wp-json\/wp\/v2\/product_brand?post=1906"},{"taxonomy":"product_cat","embeddable":true,"href":"https:\/\/glamico.ee\/en\/wp-json\/wp\/v2\/product_cat?post=1906"},{"taxonomy":"product_tag","embeddable":true,"href":"https:\/\/glamico.ee\/en\/wp-json\/wp\/v2\/product_tag?post=1906"}],"curies":[{"name":"wp","href":"https:\/\/api.w.org\/{rel}","templated":true}]}}