{"id":1844,"date":"2025-10-07T11:47:49","date_gmt":"2025-10-07T09:47:49","guid":{"rendered":"https:\/\/glamico.ee\/?post_type=product&#038;p=1844"},"modified":"2026-04-17T10:09:16","modified_gmt":"2026-04-17T08:09:16","slug":"swederm-comfort-roll-on-looduslik-leevendus-lihas-ja-liigesevalule-60ml","status":"publish","type":"product","link":"https:\/\/glamico.ee\/en\/pood\/swederm-comfort-roll-on-looduslik-leevendus-lihas-ja-liigesevalule-60ml\/","title":{"rendered":"Swederm COMFORT ROLL-ON \u2013 looduslik leevendus lihas- ja liigesevalule 60ml"},"content":{"rendered":"","protected":false},"excerpt":{"rendered":"<p>Kiire, t\u00f5hus ja looduslik lahendus v\u00e4sinud lihastele ja pinges liigestele.<\/p>\n<p>COMFORT ROLL-ON on kontsentreeritud segu looduslikest taimeekstraktidest, mida on sajandeid kasutatud lihas- ja liigesevalu leevendamiseks. T\u00e4nu mugavale roll-on pakendile on seda lihtne ja kiire kasutada \u2013 vaid m\u00f5ne sekundiga tunned v\u00e4rskendavat ja rahustavat toimet otse valukohas.<\/p>\n<p>Miks valida COMFORT ROLL-ON?<br \/>\nLooduslik koostis \u2013 arnika, kuradik\u00fc\u00fcs, kamper, mentool, rosmariin ja salvei aitavad v\u00e4hendada valu ja lihasv\u00e4simust.<\/p>\n<p>Rahustav ja hooldav \u2013 aaloe viljaliha, kummel ja oliiviviljaekstrakt pehmendavad nahka ja leevendavad \u00e4rritusi.<\/p>\n<p>Soojendav-jahutav efekt \u2013 annab kohese kergendustunde ja parandab enesetunnet.<\/p>\n<p>Mitmek\u00fclgne kasutus \u2013 sobib lihas- ja liigesevalu leevendamiseks, aga ka putukahammustuste (s\u00e4\u00e4sed, herilased) rahustamiseks.<\/p>\n<p>Ohutu ja eetiline \u2013 dermatoloogiliselt testitud, loomadel katsetamata, valmistatud looduslikest koostisosadest.<\/p>\n<p>Kasutamine<br \/>\nKanna otse valulikule v\u00f5i pinges piirkonnale. T\u00e4nu roll-on aplikaatorile on kasutamine kiire, h\u00fcgieeniline ja t\u00e4pne.<\/p>\n<p>Koostis (INCI)<br \/>\nAqua, Aloe Barbadensis Leaf Extract, Menthol, Cinnamomum Camphora Bark Oil, Eucalyptus Globulus Leaf Oil, Pinus Sylvestris Leaf Oil, Chamomilla Recutita Flower Extract, Salvia Officinalis Leaf Extract, Rosmarinus Officinalis Leaf Extract, Algin, Olea Europaea Fruit Extract, Harpagophytum Procumbens Extract, Arnica Montana Flower Extract, Maltodextrin, Glycerin, Benzyl Alcohol, Salicylic Acid, Sorbic Acid, Parfum, Linalool, Limonene, Eugenol. \\* mahep\u00f5llumajandusest<\/p>","protected":false},"featured_media":1781,"template":"","meta":[],"pwb-brand":[92],"product_brand":[],"product_cat":[31],"product_tag":[],"class_list":{"0":"post-1844","1":"product","2":"type-product","3":"status-publish","4":"has-post-thumbnail","6":"pwb-brand-swederm","7":"product_cat-keha","9":"first","10":"instock","11":"taxable","12":"shipping-taxable","13":"purchasable","14":"product-type-simple"},"yoast_head":"<!-- This site is optimized with the Yoast SEO plugin v27.3 - https:\/\/yoast.com\/product\/yoast-seo-wordpress\/ -->\n<title>Swederm COMFORT ROLL-ON \u2013 looduslik leevendus lihas- ja liigesevalule 60ml - Glamico<\/title>\n<meta name=\"robots\" content=\"index, follow, max-snippet:-1, max-image-preview:large, max-video-preview:-1\" \/>\n<link rel=\"canonical\" href=\"https:\/\/glamico.ee\/en\/pood\/swederm-comfort-roll-on-looduslik-leevendus-lihas-ja-liigesevalule-60ml\/\" \/>\n<meta property=\"og:locale\" content=\"en_US\" \/>\n<meta property=\"og:type\" content=\"article\" \/>\n<meta property=\"og:title\" content=\"Swederm COMFORT ROLL-ON \u2013 looduslik leevendus lihas- ja liigesevalule 60ml - Glamico\" \/>\n<meta property=\"og:description\" content=\"Kiire, t\u00f5hus ja looduslik lahendus v\u00e4sinud lihastele ja pinges liigestele.  COMFORT ROLL-ON on kontsentreeritud segu looduslikest taimeekstraktidest, mida on sajandeid kasutatud lihas- ja liigesevalu leevendamiseks. T\u00e4nu mugavale roll-on pakendile on seda lihtne ja kiire kasutada \u2013 vaid m\u00f5ne sekundiga tunned v\u00e4rskendavat ja rahustavat toimet otse valukohas.  Miks valida COMFORT ROLL-ON? Looduslik koostis \u2013 arnika, kuradik\u00fc\u00fcs, kamper, mentool, rosmariin ja salvei aitavad v\u00e4hendada valu ja lihasv\u00e4simust.  Rahustav ja hooldav \u2013 aaloe viljaliha, kummel ja oliiviviljaekstrakt pehmendavad nahka ja leevendavad \u00e4rritusi.  Soojendav-jahutav efekt \u2013 annab kohese kergendustunde ja parandab enesetunnet.  Mitmek\u00fclgne kasutus \u2013 sobib lihas- ja liigesevalu leevendamiseks, aga ka putukahammustuste (s\u00e4\u00e4sed, herilased) rahustamiseks.  Ohutu ja eetiline \u2013 dermatoloogiliselt testitud, loomadel katsetamata, valmistatud looduslikest koostisosadest.  Kasutamine Kanna otse valulikule v\u00f5i pinges piirkonnale. T\u00e4nu roll-on aplikaatorile on kasutamine kiire, h\u00fcgieeniline ja t\u00e4pne.  Koostis (INCI) Aqua, Aloe Barbadensis Leaf Extract, Menthol, Cinnamomum Camphora Bark Oil, Eucalyptus Globulus Leaf Oil, Pinus Sylvestris Leaf Oil, Chamomilla Recutita Flower Extract, Salvia Officinalis Leaf Extract, Rosmarinus Officinalis Leaf Extract, Algin, Olea Europaea Fruit Extract, Harpagophytum Procumbens Extract, Arnica Montana Flower Extract, Maltodextrin, Glycerin, Benzyl Alcohol, Salicylic Acid, Sorbic Acid, Parfum, Linalool, Limonene, Eugenol. * mahep\u00f5llumajandusest\" \/>\n<meta property=\"og:url\" content=\"https:\/\/glamico.ee\/en\/pood\/swederm-comfort-roll-on-looduslik-leevendus-lihas-ja-liigesevalule-60ml\/\" \/>\n<meta property=\"og:site_name\" content=\"Glamico\" \/>\n<meta property=\"article:modified_time\" content=\"2026-04-17T08:09:16+00:00\" \/>\n<meta property=\"og:image\" content=\"https:\/\/glamico.ee\/wp-content\/uploads\/2025\/10\/5903957430607_ComfortROLL_1.jpg\" \/>\n\t<meta property=\"og:image:width\" content=\"375\" \/>\n\t<meta property=\"og:image:height\" content=\"500\" \/>\n\t<meta property=\"og:image:type\" content=\"image\/jpeg\" \/>\n<meta name=\"twitter:card\" content=\"summary_large_image\" \/>\n<meta name=\"twitter:label1\" content=\"Est. reading time\" \/>\n\t<meta name=\"twitter:data1\" content=\"1 minute\" \/>\n<script type=\"application\/ld+json\" class=\"yoast-schema-graph\">{\"@context\":\"https:\\\/\\\/schema.org\",\"@graph\":[{\"@type\":\"WebPage\",\"@id\":\"https:\\\/\\\/glamico.ee\\\/pood\\\/swederm-comfort-roll-on-looduslik-leevendus-lihas-ja-liigesevalule-60ml\\\/\",\"url\":\"https:\\\/\\\/glamico.ee\\\/pood\\\/swederm-comfort-roll-on-looduslik-leevendus-lihas-ja-liigesevalule-60ml\\\/\",\"name\":\"Swederm COMFORT ROLL-ON \u2013 looduslik leevendus lihas- ja liigesevalule 60ml - Glamico\",\"isPartOf\":{\"@id\":\"https:\\\/\\\/glamico.ee\\\/#website\"},\"primaryImageOfPage\":{\"@id\":\"https:\\\/\\\/glamico.ee\\\/pood\\\/swederm-comfort-roll-on-looduslik-leevendus-lihas-ja-liigesevalule-60ml\\\/#primaryimage\"},\"image\":{\"@id\":\"https:\\\/\\\/glamico.ee\\\/pood\\\/swederm-comfort-roll-on-looduslik-leevendus-lihas-ja-liigesevalule-60ml\\\/#primaryimage\"},\"thumbnailUrl\":\"https:\\\/\\\/glamico.ee\\\/wp-content\\\/uploads\\\/2025\\\/10\\\/5903957430607_ComfortROLL_1.jpg\",\"datePublished\":\"2025-10-07T09:47:49+00:00\",\"dateModified\":\"2026-04-17T08:09:16+00:00\",\"breadcrumb\":{\"@id\":\"https:\\\/\\\/glamico.ee\\\/pood\\\/swederm-comfort-roll-on-looduslik-leevendus-lihas-ja-liigesevalule-60ml\\\/#breadcrumb\"},\"inLanguage\":\"en-US\",\"potentialAction\":[{\"@type\":\"ReadAction\",\"target\":[\"https:\\\/\\\/glamico.ee\\\/pood\\\/swederm-comfort-roll-on-looduslik-leevendus-lihas-ja-liigesevalule-60ml\\\/\"]}]},{\"@type\":\"ImageObject\",\"inLanguage\":\"en-US\",\"@id\":\"https:\\\/\\\/glamico.ee\\\/pood\\\/swederm-comfort-roll-on-looduslik-leevendus-lihas-ja-liigesevalule-60ml\\\/#primaryimage\",\"url\":\"https:\\\/\\\/glamico.ee\\\/wp-content\\\/uploads\\\/2025\\\/10\\\/5903957430607_ComfortROLL_1.jpg\",\"contentUrl\":\"https:\\\/\\\/glamico.ee\\\/wp-content\\\/uploads\\\/2025\\\/10\\\/5903957430607_ComfortROLL_1.jpg\",\"width\":375,\"height\":500},{\"@type\":\"BreadcrumbList\",\"@id\":\"https:\\\/\\\/glamico.ee\\\/pood\\\/swederm-comfort-roll-on-looduslik-leevendus-lihas-ja-liigesevalule-60ml\\\/#breadcrumb\",\"itemListElement\":[{\"@type\":\"ListItem\",\"position\":1,\"name\":\"Home\",\"item\":\"https:\\\/\\\/glamico.ee\\\/\"},{\"@type\":\"ListItem\",\"position\":2,\"name\":\"Pood\",\"item\":\"https:\\\/\\\/glamico.ee\\\/pood\\\/\"},{\"@type\":\"ListItem\",\"position\":3,\"name\":\"Swederm COMFORT ROLL-ON \u2013 looduslik leevendus lihas- ja liigesevalule 60ml\"}]},{\"@type\":\"WebSite\",\"@id\":\"https:\\\/\\\/glamico.ee\\\/#website\",\"url\":\"https:\\\/\\\/glamico.ee\\\/\",\"name\":\"Glamico\",\"description\":\"Ilutooted\",\"publisher\":{\"@id\":\"https:\\\/\\\/glamico.ee\\\/#organization\"},\"potentialAction\":[{\"@type\":\"SearchAction\",\"target\":{\"@type\":\"EntryPoint\",\"urlTemplate\":\"https:\\\/\\\/glamico.ee\\\/?s={search_term_string}\"},\"query-input\":{\"@type\":\"PropertyValueSpecification\",\"valueRequired\":true,\"valueName\":\"search_term_string\"}}],\"inLanguage\":\"en-US\"},{\"@type\":\"Organization\",\"@id\":\"https:\\\/\\\/glamico.ee\\\/#organization\",\"name\":\"Glamico Baltics O\u00dc\",\"url\":\"https:\\\/\\\/glamico.ee\\\/\",\"logo\":{\"@type\":\"ImageObject\",\"inLanguage\":\"en-US\",\"@id\":\"https:\\\/\\\/glamico.ee\\\/#\\\/schema\\\/logo\\\/image\\\/\",\"url\":\"https:\\\/\\\/glamico.ee\\\/wp-content\\\/uploads\\\/2025\\\/11\\\/Glamico-1.png\",\"contentUrl\":\"https:\\\/\\\/glamico.ee\\\/wp-content\\\/uploads\\\/2025\\\/11\\\/Glamico-1.png\",\"width\":627,\"height\":400,\"caption\":\"Glamico Baltics O\u00dc\"},\"image\":{\"@id\":\"https:\\\/\\\/glamico.ee\\\/#\\\/schema\\\/logo\\\/image\\\/\"},\"sameAs\":[\"https:\\\/\\\/www.instagram.com\\\/glamico.ee\\\/\"]}]}<\/script>\n<!-- \/ Yoast SEO plugin. -->","yoast_head_json":{"title":"Swederm COMFORT ROLL-ON \u2013 looduslik leevendus lihas- ja liigesevalule 60ml - Glamico","robots":{"index":"index","follow":"follow","max-snippet":"max-snippet:-1","max-image-preview":"max-image-preview:large","max-video-preview":"max-video-preview:-1"},"canonical":"https:\/\/glamico.ee\/en\/pood\/swederm-comfort-roll-on-looduslik-leevendus-lihas-ja-liigesevalule-60ml\/","og_locale":"en_US","og_type":"article","og_title":"Swederm COMFORT ROLL-ON \u2013 looduslik leevendus lihas- ja liigesevalule 60ml - Glamico","og_description":"Kiire, t\u00f5hus ja looduslik lahendus v\u00e4sinud lihastele ja pinges liigestele.  COMFORT ROLL-ON on kontsentreeritud segu looduslikest taimeekstraktidest, mida on sajandeid kasutatud lihas- ja liigesevalu leevendamiseks. T\u00e4nu mugavale roll-on pakendile on seda lihtne ja kiire kasutada \u2013 vaid m\u00f5ne sekundiga tunned v\u00e4rskendavat ja rahustavat toimet otse valukohas.  Miks valida COMFORT ROLL-ON? Looduslik koostis \u2013 arnika, kuradik\u00fc\u00fcs, kamper, mentool, rosmariin ja salvei aitavad v\u00e4hendada valu ja lihasv\u00e4simust.  Rahustav ja hooldav \u2013 aaloe viljaliha, kummel ja oliiviviljaekstrakt pehmendavad nahka ja leevendavad \u00e4rritusi.  Soojendav-jahutav efekt \u2013 annab kohese kergendustunde ja parandab enesetunnet.  Mitmek\u00fclgne kasutus \u2013 sobib lihas- ja liigesevalu leevendamiseks, aga ka putukahammustuste (s\u00e4\u00e4sed, herilased) rahustamiseks.  Ohutu ja eetiline \u2013 dermatoloogiliselt testitud, loomadel katsetamata, valmistatud looduslikest koostisosadest.  Kasutamine Kanna otse valulikule v\u00f5i pinges piirkonnale. T\u00e4nu roll-on aplikaatorile on kasutamine kiire, h\u00fcgieeniline ja t\u00e4pne.  Koostis (INCI) Aqua, Aloe Barbadensis Leaf Extract, Menthol, Cinnamomum Camphora Bark Oil, Eucalyptus Globulus Leaf Oil, Pinus Sylvestris Leaf Oil, Chamomilla Recutita Flower Extract, Salvia Officinalis Leaf Extract, Rosmarinus Officinalis Leaf Extract, Algin, Olea Europaea Fruit Extract, Harpagophytum Procumbens Extract, Arnica Montana Flower Extract, Maltodextrin, Glycerin, Benzyl Alcohol, Salicylic Acid, Sorbic Acid, Parfum, Linalool, Limonene, Eugenol. * mahep\u00f5llumajandusest","og_url":"https:\/\/glamico.ee\/en\/pood\/swederm-comfort-roll-on-looduslik-leevendus-lihas-ja-liigesevalule-60ml\/","og_site_name":"Glamico","article_modified_time":"2026-04-17T08:09:16+00:00","og_image":[{"width":375,"height":500,"url":"https:\/\/glamico.ee\/wp-content\/uploads\/2025\/10\/5903957430607_ComfortROLL_1.jpg","type":"image\/jpeg"}],"twitter_card":"summary_large_image","twitter_misc":{"Est. reading time":"1 minute"},"schema":{"@context":"https:\/\/schema.org","@graph":[{"@type":"WebPage","@id":"https:\/\/glamico.ee\/pood\/swederm-comfort-roll-on-looduslik-leevendus-lihas-ja-liigesevalule-60ml\/","url":"https:\/\/glamico.ee\/pood\/swederm-comfort-roll-on-looduslik-leevendus-lihas-ja-liigesevalule-60ml\/","name":"Swederm COMFORT ROLL-ON \u2013 looduslik leevendus lihas- ja liigesevalule 60ml - Glamico","isPartOf":{"@id":"https:\/\/glamico.ee\/#website"},"primaryImageOfPage":{"@id":"https:\/\/glamico.ee\/pood\/swederm-comfort-roll-on-looduslik-leevendus-lihas-ja-liigesevalule-60ml\/#primaryimage"},"image":{"@id":"https:\/\/glamico.ee\/pood\/swederm-comfort-roll-on-looduslik-leevendus-lihas-ja-liigesevalule-60ml\/#primaryimage"},"thumbnailUrl":"https:\/\/glamico.ee\/wp-content\/uploads\/2025\/10\/5903957430607_ComfortROLL_1.jpg","datePublished":"2025-10-07T09:47:49+00:00","dateModified":"2026-04-17T08:09:16+00:00","breadcrumb":{"@id":"https:\/\/glamico.ee\/pood\/swederm-comfort-roll-on-looduslik-leevendus-lihas-ja-liigesevalule-60ml\/#breadcrumb"},"inLanguage":"en-US","potentialAction":[{"@type":"ReadAction","target":["https:\/\/glamico.ee\/pood\/swederm-comfort-roll-on-looduslik-leevendus-lihas-ja-liigesevalule-60ml\/"]}]},{"@type":"ImageObject","inLanguage":"en-US","@id":"https:\/\/glamico.ee\/pood\/swederm-comfort-roll-on-looduslik-leevendus-lihas-ja-liigesevalule-60ml\/#primaryimage","url":"https:\/\/glamico.ee\/wp-content\/uploads\/2025\/10\/5903957430607_ComfortROLL_1.jpg","contentUrl":"https:\/\/glamico.ee\/wp-content\/uploads\/2025\/10\/5903957430607_ComfortROLL_1.jpg","width":375,"height":500},{"@type":"BreadcrumbList","@id":"https:\/\/glamico.ee\/pood\/swederm-comfort-roll-on-looduslik-leevendus-lihas-ja-liigesevalule-60ml\/#breadcrumb","itemListElement":[{"@type":"ListItem","position":1,"name":"Home","item":"https:\/\/glamico.ee\/"},{"@type":"ListItem","position":2,"name":"Pood","item":"https:\/\/glamico.ee\/pood\/"},{"@type":"ListItem","position":3,"name":"Swederm COMFORT ROLL-ON \u2013 looduslik leevendus lihas- ja liigesevalule 60ml"}]},{"@type":"WebSite","@id":"https:\/\/glamico.ee\/#website","url":"https:\/\/glamico.ee\/","name":"Glamico","description":"Ilutooted","publisher":{"@id":"https:\/\/glamico.ee\/#organization"},"potentialAction":[{"@type":"SearchAction","target":{"@type":"EntryPoint","urlTemplate":"https:\/\/glamico.ee\/?s={search_term_string}"},"query-input":{"@type":"PropertyValueSpecification","valueRequired":true,"valueName":"search_term_string"}}],"inLanguage":"en-US"},{"@type":"Organization","@id":"https:\/\/glamico.ee\/#organization","name":"Glamico Baltics O\u00dc","url":"https:\/\/glamico.ee\/","logo":{"@type":"ImageObject","inLanguage":"en-US","@id":"https:\/\/glamico.ee\/#\/schema\/logo\/image\/","url":"https:\/\/glamico.ee\/wp-content\/uploads\/2025\/11\/Glamico-1.png","contentUrl":"https:\/\/glamico.ee\/wp-content\/uploads\/2025\/11\/Glamico-1.png","width":627,"height":400,"caption":"Glamico Baltics O\u00dc"},"image":{"@id":"https:\/\/glamico.ee\/#\/schema\/logo\/image\/"},"sameAs":["https:\/\/www.instagram.com\/glamico.ee\/"]}]}},"brands":[{"id":92,"name":"Swederm","slug":"swederm"}],"_links":{"self":[{"href":"https:\/\/glamico.ee\/en\/wp-json\/wp\/v2\/product\/1844","targetHints":{"allow":["GET"]}}],"collection":[{"href":"https:\/\/glamico.ee\/en\/wp-json\/wp\/v2\/product"}],"about":[{"href":"https:\/\/glamico.ee\/en\/wp-json\/wp\/v2\/types\/product"}],"version-history":[{"count":1,"href":"https:\/\/glamico.ee\/en\/wp-json\/wp\/v2\/product\/1844\/revisions"}],"predecessor-version":[{"id":2725,"href":"https:\/\/glamico.ee\/en\/wp-json\/wp\/v2\/product\/1844\/revisions\/2725"}],"wp:featuredmedia":[{"embeddable":true,"href":"https:\/\/glamico.ee\/en\/wp-json\/wp\/v2\/media\/1781"}],"wp:attachment":[{"href":"https:\/\/glamico.ee\/en\/wp-json\/wp\/v2\/media?parent=1844"}],"wp:term":[{"taxonomy":"pwb-brand","embeddable":true,"href":"https:\/\/glamico.ee\/en\/wp-json\/wp\/v2\/pwb-brand?post=1844"},{"taxonomy":"product_brand","embeddable":true,"href":"https:\/\/glamico.ee\/en\/wp-json\/wp\/v2\/product_brand?post=1844"},{"taxonomy":"product_cat","embeddable":true,"href":"https:\/\/glamico.ee\/en\/wp-json\/wp\/v2\/product_cat?post=1844"},{"taxonomy":"product_tag","embeddable":true,"href":"https:\/\/glamico.ee\/en\/wp-json\/wp\/v2\/product_tag?post=1844"}],"curies":[{"name":"wp","href":"https:\/\/api.w.org\/{rel}","templated":true}]}}