{"id":1842,"date":"2025-10-07T11:43:46","date_gmt":"2025-10-07T09:43:46","guid":{"rendered":"https:\/\/glamico.ee\/?post_type=product&#038;p=1842"},"modified":"2026-04-19T13:46:10","modified_gmt":"2026-04-19T11:46:10","slug":"lerosett-looduslik-savimask-aknele-kalduvale-nahale-70ml","status":"publish","type":"product","link":"https:\/\/glamico.ee\/en\/pood\/lerosett-looduslik-savimask-aknele-kalduvale-nahale-70ml\/","title":{"rendered":"SWEDERM LEROSETT \u2013 looduslik savimask rasusele aknele kalduvale nahale 70ml"},"content":{"rendered":"<p>LEROSETT \u2013 puhastav n\u00e4omask<br \/>\nLooduslik ja t\u00f5estatud lahendus akne ning iluvigade vastu, mis keskendub kahele peamisele probleemile: liigne rasueritus ja ummistunud poorid. Regulaarsel kasutamisel muutub nahk puhtamaks ja siledamaks, poorid on n\u00e4htavalt v\u00e4iksemad ning iluvigu esineb v\u00e4hem.<\/p>\n<p>Seda mineraaliderikast savimaski on Rootsis toodetud juba alates 1987. aastast. Selle peamine koostisosa on Maroko Ghassoul-savi, mis on tuntud oma tugeva antibakteriaalse, kootava ja rasueritust reguleeriva toime poolest. T\u00e4nu ainulaadsele koostisele kiirendab LEROSETT aknekahjustuste paranemist, v\u00e4hendab naha l\u00e4ikimist ja ahendab poore.<\/p>\n<p>MIKS ON LEROSETT MASK NII T\u00d5HUS?<br \/>\nLEROSETT koosneb vaid kahest peamisest koostisosast \u2013 ioonsest savist ja destilleeritud veest.<\/p>\n<p>See ei ole tavaline savimask. Spetsiaalselt v\u00e4lja t\u00f6\u00f6tatud savi on mikroniseeritud, et selle osakesed saaksid tungida s\u00fcgavamale pooridesse. T\u00e4nu unikaalsele kuumt\u00f6\u00f6tlusprotsessile imab LEROSETT savi kuni 15 korda rohkem mustust kui teised turul olevad maskid. \u00d5hukese maskikihi regulaarne kasutamine aitab t\u00f5husalt v\u00e4hendada aknet, rahustada p\u00f5letikke ja ennetada uute punnide teket.<\/p>\n<p>LEROSETT on mineraaliderikas \u2013 see sisaldab suures koguses tsinki, kaltsiumi ja magneesiumi, mis kiirendavad naha paranemist ja aitavad v\u00e4hendada armide teket, andes teile n\u00e4htavalt puhtama ja tervislikuma v\u00e4limusega naha.<\/p>\n<p>LEROSETT-i osakesed on tugeva ioonse (loodusliku elektrostaatilise) laenguga puhtad Ghassoul-savi osakesed. Veega aktiveerimisel toimib LEROSETT nagu negatiivselt laetud magnet, mis t\u00f5mbab positiivselt laetud aknet p\u00f5hjustavat mustust (nagu rasu, surnud naharakud ja toksiinid) saviosakese k\u00fclge, eemaldades need nahast. Kuna savis endas puuduvad lisaained, suudab see imada nahast rohkem mustust \u2013 igasugused taimsed lisandid v\u00f5i kemikaalid kataksid saviosakesed juba enne, kui need saaksid mustusega seonduda. See ongi p\u00f5hjus, miks LEROSETT on t\u00f5husam kui teised savimaskid ning selle toimet on tunda juba \u00f5hukese kihi kandmisel nahale.<\/p>\n<p>KUIDAS LEROSETT MASKI KASUTADA?<br \/>\nLEROSETT on t\u00e4iesti looduslik nahahooldustoode, mis sobib igas vanuses ja igast soost inimestele ning k\u00f5ikidele nahat\u00fc\u00fcpidele. Kasutage seda:<\/p>\n<p>N\u00e4omaskina \u2013 puhastab s\u00fcgavalt ja ahendab poore, v\u00e4hendab naha rasusust ning leevendab t\u00f5husalt akne ja komedoonide s\u00fcmptomeid. Kandke v\u00e4ga \u00f5huke, peaaegu l\u00e4bipaistev kiht savi kogu n\u00e4ole v\u00f5i probleemsele piirkonnale (nt T-tsoon). Masseerige \u00f5rnalt sisse ja laske kuivada 5\u201315 minutit. V\u00e4ga probleemse ja rasvase naha korral v\u00f5ite j\u00e4tta maski peale paariks tunniks v\u00f5i kogu \u00f6\u00f6ks. Loputage leige veega.<\/p>\n<p>T\u00e4ppishoolduseks \u2013 v\u00f5ib v\u00e4hendada punne kuni 90% vaid m\u00f5ne tunniga ning leevendada ts\u00fcstilist aknet \u00fcle\u00f6\u00f6. Kandke paksem kogus savi otse punnile v\u00f5i ts\u00fcstile, \u00e4rge h\u00f5\u00f5ruge sisse. Laske kuivada 15\u201330 minutit. Korrake protseduuri mitu korda p\u00e4evas ja kandke peale ka \u00f6\u00f6seks. Mida suurem on punn, seda rohkem savi ja sagedasemat korduvkasutust see vajab. Loputage leige veega.<\/p>\n<p>Nipp: P\u00e4rast maski kasutamist niisutage alati nahka, n\u00e4iteks kerge tekstuuriga MICROBIOTA FRIENDLY ESSENCE emulsiooniga, mis ei koorma nahka.<\/p>\n<p>Puhta naha saladus:<br \/>\nKui teil on probleemne, v\u00e4ga rasvane ja p\u00f5letikuline nahk, kasutage parimate tulemuste saavutamiseks LEROSETT maski iga p\u00e4ev. Kui m\u00e4rkate seisukorra paranemist, kasutage seda tulemuste hoidmiseks 2\u20135 korda n\u00e4dalas. Oluline: kandke peale v\u00e4ga \u00f5huke kiht ja \u00e4rge unustage nahka niisutada.<\/p>\n<p>Kui nahk muutub p\u00e4rast maski kasutamist punaseks, v\u00f5ib see t\u00e4hendada, et kandsite peale liiga paksu kihi v\u00f5i j\u00e4tsite selle nahale liiga kauaks. Kohandage peal hoidmise aega vastavalt oma naha vajadustele.<\/p>\n<p>KOOSTIS: Moroccan Lava Clay, Aqua, Citric Acid, Sodium Benzoate, Potassium Sorbate<\/p>","protected":false},"excerpt":{"rendered":"<p>S\u00fcgavpuhastav savimask aknele kalduvale, rasvasele ja segat\u00fc\u00fcpi nahale.<\/p>\n<p>Regulaarsel kasutamisel vabastab see naha t\u00f5husalt k\u00f5igist ebat\u00e4iustustest, leevendab p\u00f5letikke, ahendab poore ja normaliseerib rasun\u00e4\u00e4rmete t\u00f6\u00f6d. See muudab n\u00e4onaha matiks ning tasakaalustab rasueritust.<\/p>\n<p>&nbsp;<\/p>","protected":false},"featured_media":1795,"template":"","meta":[],"pwb-brand":[92],"product_brand":[],"product_cat":[30],"product_tag":[],"class_list":{"0":"post-1842","1":"product","2":"type-product","3":"status-publish","4":"has-post-thumbnail","6":"pwb-brand-swederm","7":"product_cat-nagu","9":"first","10":"instock","11":"taxable","12":"shipping-taxable","13":"purchasable","14":"product-type-simple"},"yoast_head":"<!-- This site is optimized with the Yoast SEO plugin v27.3 - https:\/\/yoast.com\/product\/yoast-seo-wordpress\/ -->\n<title>SWEDERM LEROSETT \u2013 looduslik savimask rasusele aknele kalduvale nahale 70ml - Glamico<\/title>\n<meta name=\"robots\" content=\"index, follow, max-snippet:-1, max-image-preview:large, max-video-preview:-1\" \/>\n<link rel=\"canonical\" href=\"https:\/\/glamico.ee\/en\/pood\/lerosett-looduslik-savimask-aknele-kalduvale-nahale-70ml\/\" \/>\n<meta property=\"og:locale\" content=\"en_US\" \/>\n<meta property=\"og:type\" content=\"article\" \/>\n<meta property=\"og:title\" content=\"SWEDERM LEROSETT \u2013 looduslik savimask rasusele aknele kalduvale nahale 70ml - Glamico\" \/>\n<meta property=\"og:description\" content=\"S\u00fcgavpuhastav savimask aknele kalduvale, rasvasele ja segat\u00fc\u00fcpi nahale.  Regulaarsel kasutamisel vabastab see naha t\u00f5husalt k\u00f5igist ebat\u00e4iustustest, leevendab p\u00f5letikke, ahendab poore ja normaliseerib rasun\u00e4\u00e4rmete t\u00f6\u00f6d. See muudab n\u00e4onaha matiks ning tasakaalustab rasueritust.  &nbsp;\" \/>\n<meta property=\"og:url\" content=\"https:\/\/glamico.ee\/en\/pood\/lerosett-looduslik-savimask-aknele-kalduvale-nahale-70ml\/\" \/>\n<meta property=\"og:site_name\" content=\"Glamico\" \/>\n<meta property=\"article:modified_time\" content=\"2026-04-19T11:46:10+00:00\" \/>\n<meta property=\"og:image\" content=\"https:\/\/glamico.ee\/wp-content\/uploads\/2025\/10\/5903957433479_Lerosett_mask_1.jpg\" \/>\n\t<meta property=\"og:image:width\" content=\"375\" \/>\n\t<meta property=\"og:image:height\" content=\"500\" \/>\n\t<meta property=\"og:image:type\" content=\"image\/jpeg\" \/>\n<meta name=\"twitter:card\" content=\"summary_large_image\" \/>\n<meta name=\"twitter:label1\" content=\"Est. reading time\" \/>\n\t<meta name=\"twitter:data1\" content=\"3 minutes\" \/>\n<script type=\"application\/ld+json\" class=\"yoast-schema-graph\">{\"@context\":\"https:\\\/\\\/schema.org\",\"@graph\":[{\"@type\":\"WebPage\",\"@id\":\"https:\\\/\\\/glamico.ee\\\/pood\\\/lerosett-looduslik-savimask-aknele-kalduvale-nahale-70ml\\\/\",\"url\":\"https:\\\/\\\/glamico.ee\\\/pood\\\/lerosett-looduslik-savimask-aknele-kalduvale-nahale-70ml\\\/\",\"name\":\"SWEDERM LEROSETT \u2013 looduslik savimask rasusele aknele kalduvale nahale 70ml - Glamico\",\"isPartOf\":{\"@id\":\"https:\\\/\\\/glamico.ee\\\/#website\"},\"primaryImageOfPage\":{\"@id\":\"https:\\\/\\\/glamico.ee\\\/pood\\\/lerosett-looduslik-savimask-aknele-kalduvale-nahale-70ml\\\/#primaryimage\"},\"image\":{\"@id\":\"https:\\\/\\\/glamico.ee\\\/pood\\\/lerosett-looduslik-savimask-aknele-kalduvale-nahale-70ml\\\/#primaryimage\"},\"thumbnailUrl\":\"https:\\\/\\\/glamico.ee\\\/wp-content\\\/uploads\\\/2025\\\/10\\\/5903957433479_Lerosett_mask_1.jpg\",\"datePublished\":\"2025-10-07T09:43:46+00:00\",\"dateModified\":\"2026-04-19T11:46:10+00:00\",\"breadcrumb\":{\"@id\":\"https:\\\/\\\/glamico.ee\\\/pood\\\/lerosett-looduslik-savimask-aknele-kalduvale-nahale-70ml\\\/#breadcrumb\"},\"inLanguage\":\"en-US\",\"potentialAction\":[{\"@type\":\"ReadAction\",\"target\":[\"https:\\\/\\\/glamico.ee\\\/pood\\\/lerosett-looduslik-savimask-aknele-kalduvale-nahale-70ml\\\/\"]}]},{\"@type\":\"ImageObject\",\"inLanguage\":\"en-US\",\"@id\":\"https:\\\/\\\/glamico.ee\\\/pood\\\/lerosett-looduslik-savimask-aknele-kalduvale-nahale-70ml\\\/#primaryimage\",\"url\":\"https:\\\/\\\/glamico.ee\\\/wp-content\\\/uploads\\\/2025\\\/10\\\/5903957433479_Lerosett_mask_1.jpg\",\"contentUrl\":\"https:\\\/\\\/glamico.ee\\\/wp-content\\\/uploads\\\/2025\\\/10\\\/5903957433479_Lerosett_mask_1.jpg\",\"width\":375,\"height\":500},{\"@type\":\"BreadcrumbList\",\"@id\":\"https:\\\/\\\/glamico.ee\\\/pood\\\/lerosett-looduslik-savimask-aknele-kalduvale-nahale-70ml\\\/#breadcrumb\",\"itemListElement\":[{\"@type\":\"ListItem\",\"position\":1,\"name\":\"Home\",\"item\":\"https:\\\/\\\/glamico.ee\\\/\"},{\"@type\":\"ListItem\",\"position\":2,\"name\":\"Pood\",\"item\":\"https:\\\/\\\/glamico.ee\\\/pood\\\/\"},{\"@type\":\"ListItem\",\"position\":3,\"name\":\"SWEDERM LEROSETT \u2013 looduslik savimask rasusele aknele kalduvale nahale 70ml\"}]},{\"@type\":\"WebSite\",\"@id\":\"https:\\\/\\\/glamico.ee\\\/#website\",\"url\":\"https:\\\/\\\/glamico.ee\\\/\",\"name\":\"Glamico\",\"description\":\"Ilutooted\",\"publisher\":{\"@id\":\"https:\\\/\\\/glamico.ee\\\/#organization\"},\"potentialAction\":[{\"@type\":\"SearchAction\",\"target\":{\"@type\":\"EntryPoint\",\"urlTemplate\":\"https:\\\/\\\/glamico.ee\\\/?s={search_term_string}\"},\"query-input\":{\"@type\":\"PropertyValueSpecification\",\"valueRequired\":true,\"valueName\":\"search_term_string\"}}],\"inLanguage\":\"en-US\"},{\"@type\":\"Organization\",\"@id\":\"https:\\\/\\\/glamico.ee\\\/#organization\",\"name\":\"Glamico Baltics O\u00dc\",\"url\":\"https:\\\/\\\/glamico.ee\\\/\",\"logo\":{\"@type\":\"ImageObject\",\"inLanguage\":\"en-US\",\"@id\":\"https:\\\/\\\/glamico.ee\\\/#\\\/schema\\\/logo\\\/image\\\/\",\"url\":\"https:\\\/\\\/glamico.ee\\\/wp-content\\\/uploads\\\/2025\\\/11\\\/Glamico-1.png\",\"contentUrl\":\"https:\\\/\\\/glamico.ee\\\/wp-content\\\/uploads\\\/2025\\\/11\\\/Glamico-1.png\",\"width\":627,\"height\":400,\"caption\":\"Glamico Baltics O\u00dc\"},\"image\":{\"@id\":\"https:\\\/\\\/glamico.ee\\\/#\\\/schema\\\/logo\\\/image\\\/\"},\"sameAs\":[\"https:\\\/\\\/www.instagram.com\\\/glamico.ee\\\/\"]}]}<\/script>\n<!-- \/ Yoast SEO plugin. -->","yoast_head_json":{"title":"SWEDERM LEROSETT \u2013 looduslik savimask rasusele aknele kalduvale nahale 70ml - Glamico","robots":{"index":"index","follow":"follow","max-snippet":"max-snippet:-1","max-image-preview":"max-image-preview:large","max-video-preview":"max-video-preview:-1"},"canonical":"https:\/\/glamico.ee\/en\/pood\/lerosett-looduslik-savimask-aknele-kalduvale-nahale-70ml\/","og_locale":"en_US","og_type":"article","og_title":"SWEDERM LEROSETT \u2013 looduslik savimask rasusele aknele kalduvale nahale 70ml - Glamico","og_description":"S\u00fcgavpuhastav savimask aknele kalduvale, rasvasele ja segat\u00fc\u00fcpi nahale.  Regulaarsel kasutamisel vabastab see naha t\u00f5husalt k\u00f5igist ebat\u00e4iustustest, leevendab p\u00f5letikke, ahendab poore ja normaliseerib rasun\u00e4\u00e4rmete t\u00f6\u00f6d. See muudab n\u00e4onaha matiks ning tasakaalustab rasueritust.  &nbsp;","og_url":"https:\/\/glamico.ee\/en\/pood\/lerosett-looduslik-savimask-aknele-kalduvale-nahale-70ml\/","og_site_name":"Glamico","article_modified_time":"2026-04-19T11:46:10+00:00","og_image":[{"width":375,"height":500,"url":"https:\/\/glamico.ee\/wp-content\/uploads\/2025\/10\/5903957433479_Lerosett_mask_1.jpg","type":"image\/jpeg"}],"twitter_card":"summary_large_image","twitter_misc":{"Est. reading time":"3 minutes"},"schema":{"@context":"https:\/\/schema.org","@graph":[{"@type":"WebPage","@id":"https:\/\/glamico.ee\/pood\/lerosett-looduslik-savimask-aknele-kalduvale-nahale-70ml\/","url":"https:\/\/glamico.ee\/pood\/lerosett-looduslik-savimask-aknele-kalduvale-nahale-70ml\/","name":"SWEDERM LEROSETT \u2013 looduslik savimask rasusele aknele kalduvale nahale 70ml - Glamico","isPartOf":{"@id":"https:\/\/glamico.ee\/#website"},"primaryImageOfPage":{"@id":"https:\/\/glamico.ee\/pood\/lerosett-looduslik-savimask-aknele-kalduvale-nahale-70ml\/#primaryimage"},"image":{"@id":"https:\/\/glamico.ee\/pood\/lerosett-looduslik-savimask-aknele-kalduvale-nahale-70ml\/#primaryimage"},"thumbnailUrl":"https:\/\/glamico.ee\/wp-content\/uploads\/2025\/10\/5903957433479_Lerosett_mask_1.jpg","datePublished":"2025-10-07T09:43:46+00:00","dateModified":"2026-04-19T11:46:10+00:00","breadcrumb":{"@id":"https:\/\/glamico.ee\/pood\/lerosett-looduslik-savimask-aknele-kalduvale-nahale-70ml\/#breadcrumb"},"inLanguage":"en-US","potentialAction":[{"@type":"ReadAction","target":["https:\/\/glamico.ee\/pood\/lerosett-looduslik-savimask-aknele-kalduvale-nahale-70ml\/"]}]},{"@type":"ImageObject","inLanguage":"en-US","@id":"https:\/\/glamico.ee\/pood\/lerosett-looduslik-savimask-aknele-kalduvale-nahale-70ml\/#primaryimage","url":"https:\/\/glamico.ee\/wp-content\/uploads\/2025\/10\/5903957433479_Lerosett_mask_1.jpg","contentUrl":"https:\/\/glamico.ee\/wp-content\/uploads\/2025\/10\/5903957433479_Lerosett_mask_1.jpg","width":375,"height":500},{"@type":"BreadcrumbList","@id":"https:\/\/glamico.ee\/pood\/lerosett-looduslik-savimask-aknele-kalduvale-nahale-70ml\/#breadcrumb","itemListElement":[{"@type":"ListItem","position":1,"name":"Home","item":"https:\/\/glamico.ee\/"},{"@type":"ListItem","position":2,"name":"Pood","item":"https:\/\/glamico.ee\/pood\/"},{"@type":"ListItem","position":3,"name":"SWEDERM LEROSETT \u2013 looduslik savimask rasusele aknele kalduvale nahale 70ml"}]},{"@type":"WebSite","@id":"https:\/\/glamico.ee\/#website","url":"https:\/\/glamico.ee\/","name":"Glamico","description":"Ilutooted","publisher":{"@id":"https:\/\/glamico.ee\/#organization"},"potentialAction":[{"@type":"SearchAction","target":{"@type":"EntryPoint","urlTemplate":"https:\/\/glamico.ee\/?s={search_term_string}"},"query-input":{"@type":"PropertyValueSpecification","valueRequired":true,"valueName":"search_term_string"}}],"inLanguage":"en-US"},{"@type":"Organization","@id":"https:\/\/glamico.ee\/#organization","name":"Glamico Baltics O\u00dc","url":"https:\/\/glamico.ee\/","logo":{"@type":"ImageObject","inLanguage":"en-US","@id":"https:\/\/glamico.ee\/#\/schema\/logo\/image\/","url":"https:\/\/glamico.ee\/wp-content\/uploads\/2025\/11\/Glamico-1.png","contentUrl":"https:\/\/glamico.ee\/wp-content\/uploads\/2025\/11\/Glamico-1.png","width":627,"height":400,"caption":"Glamico Baltics O\u00dc"},"image":{"@id":"https:\/\/glamico.ee\/#\/schema\/logo\/image\/"},"sameAs":["https:\/\/www.instagram.com\/glamico.ee\/"]}]}},"brands":[{"id":92,"name":"Swederm","slug":"swederm"}],"_links":{"self":[{"href":"https:\/\/glamico.ee\/en\/wp-json\/wp\/v2\/product\/1842","targetHints":{"allow":["GET"]}}],"collection":[{"href":"https:\/\/glamico.ee\/en\/wp-json\/wp\/v2\/product"}],"about":[{"href":"https:\/\/glamico.ee\/en\/wp-json\/wp\/v2\/types\/product"}],"version-history":[{"count":3,"href":"https:\/\/glamico.ee\/en\/wp-json\/wp\/v2\/product\/1842\/revisions"}],"predecessor-version":[{"id":2765,"href":"https:\/\/glamico.ee\/en\/wp-json\/wp\/v2\/product\/1842\/revisions\/2765"}],"wp:featuredmedia":[{"embeddable":true,"href":"https:\/\/glamico.ee\/en\/wp-json\/wp\/v2\/media\/1795"}],"wp:attachment":[{"href":"https:\/\/glamico.ee\/en\/wp-json\/wp\/v2\/media?parent=1842"}],"wp:term":[{"taxonomy":"pwb-brand","embeddable":true,"href":"https:\/\/glamico.ee\/en\/wp-json\/wp\/v2\/pwb-brand?post=1842"},{"taxonomy":"product_brand","embeddable":true,"href":"https:\/\/glamico.ee\/en\/wp-json\/wp\/v2\/product_brand?post=1842"},{"taxonomy":"product_cat","embeddable":true,"href":"https:\/\/glamico.ee\/en\/wp-json\/wp\/v2\/product_cat?post=1842"},{"taxonomy":"product_tag","embeddable":true,"href":"https:\/\/glamico.ee\/en\/wp-json\/wp\/v2\/product_tag?post=1842"}],"curies":[{"name":"wp","href":"https:\/\/api.w.org\/{rel}","templated":true}]}}