{"id":1840,"date":"2025-10-07T11:39:58","date_gmt":"2025-10-07T09:39:58","guid":{"rendered":"https:\/\/glamico.ee\/?post_type=product&#038;p=1840"},"modified":"2026-04-13T14:44:27","modified_gmt":"2026-04-13T12:44:27","slug":"swederm-hudsalva-vitamin-e-pink-revolution-100ml","status":"publish","type":"product","link":"https:\/\/glamico.ee\/en\/pood\/swederm-hudsalva-vitamin-e-pink-revolution-100ml\/","title":{"rendered":"Swederm HUDSALVA VITAMIN E \u2013 PINK REVOLUTION 100ml"},"content":{"rendered":"<p>Bestseller kuivale nahale \u2013 intensiivselt niisutav ja taastav salv<\/p>\n<p>Swederm HUDSALVA VITAMIN E on v\u00f5imas niisutav ja taastav salv, mis on loodud igap\u00e4evaseks hoolduseks kuiva ja deh\u00fcdreeritud naha korral. See toimib k\u00f5ige t\u00f5husamalt eriti kuivadel ja \u00e4rritunud piirkondadel \u2013 k\u00e4tel, jalgadel ja huultel. L\u00f5hnakompositsioon lisab kasutuskogemusele meeldiva ja rahustava n\u00fcansi.<\/p>\n<p>Miks HUDSALVA VITAMIN E on eriline?<br \/>\nKohene niisutus ja taastumine \u2013 gl\u00fctseriin ja rasvafaasi koostisosad v\u00e4hendavad naha kuivust juba p\u00e4rast esimest kasutuskorda.<\/p>\n<p>Emollientne hooldus \u2013 sheav\u00f5i et\u00fc\u00fclestrid pehmendavad ja siluvad nahka, kaitstes seda liigse veekao eest.<\/p>\n<p>Rahustav toime \u2013 allantoiin ja bisabolool leevendavad \u00e4rritust, p\u00f5letikku ja s\u00fcgelust, taastades naha elastsuse.<\/p>\n<p>Antioks\u00fcdantne kaitse \u2013 E-vitamiin (tokofer\u00fc\u00fclatsetaat) kaitseb nahka vabade radikaalide eest, aeglustab vananemisprotsessi ja parandab naha tekstuuri.<\/p>\n<p>Rikkalik, kuid kiiresti imenduv \u2013 hoolimata toitvast koostisest ei j\u00e4ta salv nahale \u00f5list kihti.<\/p>\n<p>Sobib kasutamiseks<br \/>\nIgap\u00e4evaseks hoolduseks kuiva ja deh\u00fcdreeritud naha korral<\/p>\n<p>K\u00e4tele, jalgadele, huultele ja muudele kuivadele piirkondadele<\/p>\n<p>Naha\u00e4rrituste ja p\u00e4ikesest tingitud punetuse leevendamiseks<\/p>\n<p>Koostis<br \/>\nAqua, Glycerin, Cetyl Alcohol, Isopropyl Myristate, Methoxy PEG-22\/Dodecyl Glycol Copolymer, Polysorbate 80, Stearyl Alcohol, Dimethicone, Shea Butter Ethyl Esters, Steareth-21, Parfum, Tocopheryl Acetate, PEG-40 Hydrogenated Castor Oil, Dimethiconol, Phenoxyethanol, Bisabolol, Allantoin, Benzoic Acid, Dehydroacetic Acid, CI 17200.<\/p>","protected":false},"excerpt":{"rendered":"<p>Intensiivselt niisutav ja taastav salv E-vitamiiniga kuivale ning tundlikule nahale.<br \/>\nLeevendab kiiresti karedust, l\u00f5hesid ja \u00e4rritust, j\u00e4ttes naha pehmeks, siledaks ja kaitstuks.<\/p>","protected":false},"featured_media":2531,"template":"","meta":[],"pwb-brand":[92],"product_brand":[],"product_cat":[31],"product_tag":[],"class_list":{"0":"post-1840","1":"product","2":"type-product","3":"status-publish","4":"has-post-thumbnail","6":"pwb-brand-swederm","7":"product_cat-keha","9":"first","10":"instock","11":"taxable","12":"shipping-taxable","13":"purchasable","14":"product-type-simple"},"yoast_head":"<!-- This site is optimized with the Yoast SEO plugin v27.3 - https:\/\/yoast.com\/product\/yoast-seo-wordpress\/ -->\n<title>Swederm HUDSALVA VITAMIN E \u2013 PINK REVOLUTION 100ml - Glamico<\/title>\n<meta name=\"robots\" content=\"index, follow, max-snippet:-1, max-image-preview:large, max-video-preview:-1\" \/>\n<link rel=\"canonical\" href=\"https:\/\/glamico.ee\/en\/pood\/swederm-hudsalva-vitamin-e-pink-revolution-100ml\/\" \/>\n<meta property=\"og:locale\" content=\"en_US\" \/>\n<meta property=\"og:type\" content=\"article\" \/>\n<meta property=\"og:title\" content=\"Swederm HUDSALVA VITAMIN E \u2013 PINK REVOLUTION 100ml - Glamico\" \/>\n<meta property=\"og:description\" content=\"Intensiivselt niisutav ja taastav salv E-vitamiiniga kuivale ning tundlikule nahale. Leevendab kiiresti karedust, l\u00f5hesid ja \u00e4rritust, j\u00e4ttes naha pehmeks, siledaks ja kaitstuks.\" \/>\n<meta property=\"og:url\" content=\"https:\/\/glamico.ee\/en\/pood\/swederm-hudsalva-vitamin-e-pink-revolution-100ml\/\" \/>\n<meta property=\"og:site_name\" content=\"Glamico\" \/>\n<meta property=\"article:modified_time\" content=\"2026-04-13T12:44:27+00:00\" \/>\n<meta property=\"og:image\" content=\"https:\/\/glamico.ee\/wp-content\/uploads\/2025\/10\/hudsalva-tootefoto.png\" \/>\n\t<meta property=\"og:image:width\" content=\"1000\" \/>\n\t<meta property=\"og:image:height\" content=\"1000\" \/>\n\t<meta property=\"og:image:type\" content=\"image\/png\" \/>\n<meta name=\"twitter:card\" content=\"summary_large_image\" \/>\n<meta name=\"twitter:label1\" content=\"Est. reading time\" \/>\n\t<meta name=\"twitter:data1\" content=\"2 minutes\" \/>\n<script type=\"application\/ld+json\" class=\"yoast-schema-graph\">{\"@context\":\"https:\\\/\\\/schema.org\",\"@graph\":[{\"@type\":\"WebPage\",\"@id\":\"https:\\\/\\\/glamico.ee\\\/pood\\\/swederm-hudsalva-vitamin-e-pink-revolution-100ml\\\/\",\"url\":\"https:\\\/\\\/glamico.ee\\\/pood\\\/swederm-hudsalva-vitamin-e-pink-revolution-100ml\\\/\",\"name\":\"Swederm HUDSALVA VITAMIN E \u2013 PINK REVOLUTION 100ml - Glamico\",\"isPartOf\":{\"@id\":\"https:\\\/\\\/glamico.ee\\\/#website\"},\"primaryImageOfPage\":{\"@id\":\"https:\\\/\\\/glamico.ee\\\/pood\\\/swederm-hudsalva-vitamin-e-pink-revolution-100ml\\\/#primaryimage\"},\"image\":{\"@id\":\"https:\\\/\\\/glamico.ee\\\/pood\\\/swederm-hudsalva-vitamin-e-pink-revolution-100ml\\\/#primaryimage\"},\"thumbnailUrl\":\"https:\\\/\\\/glamico.ee\\\/wp-content\\\/uploads\\\/2025\\\/10\\\/hudsalva-tootefoto.png\",\"datePublished\":\"2025-10-07T09:39:58+00:00\",\"dateModified\":\"2026-04-13T12:44:27+00:00\",\"breadcrumb\":{\"@id\":\"https:\\\/\\\/glamico.ee\\\/pood\\\/swederm-hudsalva-vitamin-e-pink-revolution-100ml\\\/#breadcrumb\"},\"inLanguage\":\"en-US\",\"potentialAction\":[{\"@type\":\"ReadAction\",\"target\":[\"https:\\\/\\\/glamico.ee\\\/pood\\\/swederm-hudsalva-vitamin-e-pink-revolution-100ml\\\/\"]}]},{\"@type\":\"ImageObject\",\"inLanguage\":\"en-US\",\"@id\":\"https:\\\/\\\/glamico.ee\\\/pood\\\/swederm-hudsalva-vitamin-e-pink-revolution-100ml\\\/#primaryimage\",\"url\":\"https:\\\/\\\/glamico.ee\\\/wp-content\\\/uploads\\\/2025\\\/10\\\/hudsalva-tootefoto.png\",\"contentUrl\":\"https:\\\/\\\/glamico.ee\\\/wp-content\\\/uploads\\\/2025\\\/10\\\/hudsalva-tootefoto.png\",\"width\":1000,\"height\":1000},{\"@type\":\"BreadcrumbList\",\"@id\":\"https:\\\/\\\/glamico.ee\\\/pood\\\/swederm-hudsalva-vitamin-e-pink-revolution-100ml\\\/#breadcrumb\",\"itemListElement\":[{\"@type\":\"ListItem\",\"position\":1,\"name\":\"Home\",\"item\":\"https:\\\/\\\/glamico.ee\\\/\"},{\"@type\":\"ListItem\",\"position\":2,\"name\":\"Pood\",\"item\":\"https:\\\/\\\/glamico.ee\\\/pood\\\/\"},{\"@type\":\"ListItem\",\"position\":3,\"name\":\"Swederm HUDSALVA VITAMIN E \u2013 PINK REVOLUTION 100ml\"}]},{\"@type\":\"WebSite\",\"@id\":\"https:\\\/\\\/glamico.ee\\\/#website\",\"url\":\"https:\\\/\\\/glamico.ee\\\/\",\"name\":\"Glamico\",\"description\":\"Ilutooted\",\"publisher\":{\"@id\":\"https:\\\/\\\/glamico.ee\\\/#organization\"},\"potentialAction\":[{\"@type\":\"SearchAction\",\"target\":{\"@type\":\"EntryPoint\",\"urlTemplate\":\"https:\\\/\\\/glamico.ee\\\/?s={search_term_string}\"},\"query-input\":{\"@type\":\"PropertyValueSpecification\",\"valueRequired\":true,\"valueName\":\"search_term_string\"}}],\"inLanguage\":\"en-US\"},{\"@type\":\"Organization\",\"@id\":\"https:\\\/\\\/glamico.ee\\\/#organization\",\"name\":\"Glamico Baltics O\u00dc\",\"url\":\"https:\\\/\\\/glamico.ee\\\/\",\"logo\":{\"@type\":\"ImageObject\",\"inLanguage\":\"en-US\",\"@id\":\"https:\\\/\\\/glamico.ee\\\/#\\\/schema\\\/logo\\\/image\\\/\",\"url\":\"https:\\\/\\\/glamico.ee\\\/wp-content\\\/uploads\\\/2025\\\/11\\\/Glamico-1.png\",\"contentUrl\":\"https:\\\/\\\/glamico.ee\\\/wp-content\\\/uploads\\\/2025\\\/11\\\/Glamico-1.png\",\"width\":627,\"height\":400,\"caption\":\"Glamico Baltics O\u00dc\"},\"image\":{\"@id\":\"https:\\\/\\\/glamico.ee\\\/#\\\/schema\\\/logo\\\/image\\\/\"},\"sameAs\":[\"https:\\\/\\\/www.instagram.com\\\/glamico.ee\\\/\"]}]}<\/script>\n<!-- \/ Yoast SEO plugin. -->","yoast_head_json":{"title":"Swederm HUDSALVA VITAMIN E \u2013 PINK REVOLUTION 100ml - Glamico","robots":{"index":"index","follow":"follow","max-snippet":"max-snippet:-1","max-image-preview":"max-image-preview:large","max-video-preview":"max-video-preview:-1"},"canonical":"https:\/\/glamico.ee\/en\/pood\/swederm-hudsalva-vitamin-e-pink-revolution-100ml\/","og_locale":"en_US","og_type":"article","og_title":"Swederm HUDSALVA VITAMIN E \u2013 PINK REVOLUTION 100ml - Glamico","og_description":"Intensiivselt niisutav ja taastav salv E-vitamiiniga kuivale ning tundlikule nahale. Leevendab kiiresti karedust, l\u00f5hesid ja \u00e4rritust, j\u00e4ttes naha pehmeks, siledaks ja kaitstuks.","og_url":"https:\/\/glamico.ee\/en\/pood\/swederm-hudsalva-vitamin-e-pink-revolution-100ml\/","og_site_name":"Glamico","article_modified_time":"2026-04-13T12:44:27+00:00","og_image":[{"width":1000,"height":1000,"url":"https:\/\/glamico.ee\/wp-content\/uploads\/2025\/10\/hudsalva-tootefoto.png","type":"image\/png"}],"twitter_card":"summary_large_image","twitter_misc":{"Est. reading time":"2 minutes"},"schema":{"@context":"https:\/\/schema.org","@graph":[{"@type":"WebPage","@id":"https:\/\/glamico.ee\/pood\/swederm-hudsalva-vitamin-e-pink-revolution-100ml\/","url":"https:\/\/glamico.ee\/pood\/swederm-hudsalva-vitamin-e-pink-revolution-100ml\/","name":"Swederm HUDSALVA VITAMIN E \u2013 PINK REVOLUTION 100ml - Glamico","isPartOf":{"@id":"https:\/\/glamico.ee\/#website"},"primaryImageOfPage":{"@id":"https:\/\/glamico.ee\/pood\/swederm-hudsalva-vitamin-e-pink-revolution-100ml\/#primaryimage"},"image":{"@id":"https:\/\/glamico.ee\/pood\/swederm-hudsalva-vitamin-e-pink-revolution-100ml\/#primaryimage"},"thumbnailUrl":"https:\/\/glamico.ee\/wp-content\/uploads\/2025\/10\/hudsalva-tootefoto.png","datePublished":"2025-10-07T09:39:58+00:00","dateModified":"2026-04-13T12:44:27+00:00","breadcrumb":{"@id":"https:\/\/glamico.ee\/pood\/swederm-hudsalva-vitamin-e-pink-revolution-100ml\/#breadcrumb"},"inLanguage":"en-US","potentialAction":[{"@type":"ReadAction","target":["https:\/\/glamico.ee\/pood\/swederm-hudsalva-vitamin-e-pink-revolution-100ml\/"]}]},{"@type":"ImageObject","inLanguage":"en-US","@id":"https:\/\/glamico.ee\/pood\/swederm-hudsalva-vitamin-e-pink-revolution-100ml\/#primaryimage","url":"https:\/\/glamico.ee\/wp-content\/uploads\/2025\/10\/hudsalva-tootefoto.png","contentUrl":"https:\/\/glamico.ee\/wp-content\/uploads\/2025\/10\/hudsalva-tootefoto.png","width":1000,"height":1000},{"@type":"BreadcrumbList","@id":"https:\/\/glamico.ee\/pood\/swederm-hudsalva-vitamin-e-pink-revolution-100ml\/#breadcrumb","itemListElement":[{"@type":"ListItem","position":1,"name":"Home","item":"https:\/\/glamico.ee\/"},{"@type":"ListItem","position":2,"name":"Pood","item":"https:\/\/glamico.ee\/pood\/"},{"@type":"ListItem","position":3,"name":"Swederm HUDSALVA VITAMIN E \u2013 PINK REVOLUTION 100ml"}]},{"@type":"WebSite","@id":"https:\/\/glamico.ee\/#website","url":"https:\/\/glamico.ee\/","name":"Glamico","description":"Ilutooted","publisher":{"@id":"https:\/\/glamico.ee\/#organization"},"potentialAction":[{"@type":"SearchAction","target":{"@type":"EntryPoint","urlTemplate":"https:\/\/glamico.ee\/?s={search_term_string}"},"query-input":{"@type":"PropertyValueSpecification","valueRequired":true,"valueName":"search_term_string"}}],"inLanguage":"en-US"},{"@type":"Organization","@id":"https:\/\/glamico.ee\/#organization","name":"Glamico Baltics O\u00dc","url":"https:\/\/glamico.ee\/","logo":{"@type":"ImageObject","inLanguage":"en-US","@id":"https:\/\/glamico.ee\/#\/schema\/logo\/image\/","url":"https:\/\/glamico.ee\/wp-content\/uploads\/2025\/11\/Glamico-1.png","contentUrl":"https:\/\/glamico.ee\/wp-content\/uploads\/2025\/11\/Glamico-1.png","width":627,"height":400,"caption":"Glamico Baltics O\u00dc"},"image":{"@id":"https:\/\/glamico.ee\/#\/schema\/logo\/image\/"},"sameAs":["https:\/\/www.instagram.com\/glamico.ee\/"]}]}},"brands":[{"id":92,"name":"Swederm","slug":"swederm"}],"_links":{"self":[{"href":"https:\/\/glamico.ee\/en\/wp-json\/wp\/v2\/product\/1840","targetHints":{"allow":["GET"]}}],"collection":[{"href":"https:\/\/glamico.ee\/en\/wp-json\/wp\/v2\/product"}],"about":[{"href":"https:\/\/glamico.ee\/en\/wp-json\/wp\/v2\/types\/product"}],"version-history":[{"count":3,"href":"https:\/\/glamico.ee\/en\/wp-json\/wp\/v2\/product\/1840\/revisions"}],"predecessor-version":[{"id":2619,"href":"https:\/\/glamico.ee\/en\/wp-json\/wp\/v2\/product\/1840\/revisions\/2619"}],"wp:featuredmedia":[{"embeddable":true,"href":"https:\/\/glamico.ee\/en\/wp-json\/wp\/v2\/media\/2531"}],"wp:attachment":[{"href":"https:\/\/glamico.ee\/en\/wp-json\/wp\/v2\/media?parent=1840"}],"wp:term":[{"taxonomy":"pwb-brand","embeddable":true,"href":"https:\/\/glamico.ee\/en\/wp-json\/wp\/v2\/pwb-brand?post=1840"},{"taxonomy":"product_brand","embeddable":true,"href":"https:\/\/glamico.ee\/en\/wp-json\/wp\/v2\/product_brand?post=1840"},{"taxonomy":"product_cat","embeddable":true,"href":"https:\/\/glamico.ee\/en\/wp-json\/wp\/v2\/product_cat?post=1840"},{"taxonomy":"product_tag","embeddable":true,"href":"https:\/\/glamico.ee\/en\/wp-json\/wp\/v2\/product_tag?post=1840"}],"curies":[{"name":"wp","href":"https:\/\/api.w.org\/{rel}","templated":true}]}}