{"id":1836,"date":"2025-10-07T11:28:31","date_gmt":"2025-10-07T09:28:31","guid":{"rendered":"https:\/\/glamico.ee\/?post_type=product&#038;p=1836"},"modified":"2026-04-20T13:23:59","modified_gmt":"2026-04-20T11:23:59","slug":"swederm-hudsalva-sensitive-100ml","status":"publish","type":"product","link":"https:\/\/glamico.ee\/en\/pood\/swederm-hudsalva-sensitive-100ml\/","title":{"rendered":"Swederm HUDSALVA SENSITIVE \u2013 l\u00f5hnatu salv kuivale ja tundlikule nahale 100ml"},"content":{"rendered":"<p>S\u00fcgavniisutav ja taastav hooldus kogu perele \u2013 alates esimestest elup\u00e4evadest.<\/p>\n<p>HUDSALVA SENSITIVE on l\u00f5hna- ja v\u00e4rvainetevaba salv, mis pakub kohest leevendust kuivale, deh\u00fcdreeritud ja \u00e4rritusele kalduvale nahale. See on \u00f5rn alternatiiv meie menukale HUDSALVA VIT E salvile ning sobib igap\u00e4evaseks hoolduseks nii t\u00e4iskasvanutele kui ka beebidele.<\/p>\n<p>Miks HUDSALVA SENSITIVE on eriline?<br \/>\nKohene leevendus \u2013 v\u00e4hendab naha kuivust juba p\u00e4rast esimest kasutuskorda.<\/p>\n<p>S\u00fcgavniisutav ja toitev \u2013 gl\u00fctseriin ja lanoliin taastavad naha niiskustasakaalu, pehmendavad ja kaitsevad liigse veekao eest.<\/p>\n<p>Rahustav ja taastav toime \u2013 allantoiin ja bisabolool leevendavad \u00e4rritust, toetavad naha paranemist ja taastavad elastsuse.<\/p>\n<p>Ohutu ja h\u00fcpoallergeenne \u2013 ei sisalda l\u00f5hna- ega v\u00e4rvaineid, sobib ka k\u00f5ige \u00f5rnemale ja atoopilisele nahale.<\/p>\n<p>Mitmek\u00fclgne kasutus \u2013 ideaalne k\u00e4tele, jalgadele, k\u00fc\u00fcnarnukkidele, huultele ja muudele kuivadele piirkondadele.<\/p>\n<p>Sobib kasutamiseks<br \/>\nIgap\u00e4evaseks hoolduseks kuiva ja \u00e4rritunud naha korral<\/p>\n<p>Atopilise ja tundliku naha leevendamiseks<\/p>\n<p>Beebide \u00f5rna naha hooldamiseks alates esimestest elup\u00e4evadest<\/p>\n<p>K\u00e4tele, jalgadele, k\u00fc\u00fcnarnukkidele ja huultele<\/p>\n<p>Koostis<br \/>\nAqua, Glycerin, Cetyl Alcohol, Isopropyl Myristate, Methoxy PEG-22\/Dodecyl Glycol Copolymer, Polysorbate 80, Stearyl Alcohol, Dimethicone, Steareth-21, Dimethiconol, Phenoxyethanol, PEG-40 Hydrogenated Castor Oil, Bisabolol, Allantoin, Benzoic Acid, Dehydroacetic Acid.<\/p>","protected":false},"excerpt":{"rendered":"<p>S\u00fcgavniisutav ja taastav hooldus kogu perele \u2013 alates esimestest elup\u00e4evadest. HUDSALVA SENSITIVE on l\u00f5hna- ja v\u00e4rvainetevaba salv, mis pakub kohest leevendust kuivale, deh\u00fcdreeritud ja \u00e4rritusele kalduvale nahale. See on \u00f5rn alternatiiv meie menukale HUDSALVA VIT E salvile ning sobib igap\u00e4evaseks hoolduseks nii t\u00e4iskasvanutele kui ka beebidele. Miks HUDSALVA SENSITIVE on eriline? Kohene leevendus \u2013 v\u00e4hendab naha kuivust juba p\u00e4rast esimest [&hellip;]<\/p>\n","protected":false},"featured_media":1797,"template":"","meta":[],"pwb-brand":[92],"product_brand":[],"product_cat":[31,66],"product_tag":[],"class_list":{"0":"post-1836","1":"product","2":"type-product","3":"status-publish","4":"has-post-thumbnail","6":"pwb-brand-swederm","7":"product_cat-keha","8":"product_cat-lastele","10":"first","11":"instock","12":"taxable","13":"shipping-taxable","14":"purchasable","15":"product-type-simple"},"yoast_head":"<!-- This site is optimized with the Yoast SEO plugin v27.3 - https:\/\/yoast.com\/product\/yoast-seo-wordpress\/ -->\n<title>Swederm HUDSALVA SENSITIVE \u2013 l\u00f5hnatu salv kuivale ja tundlikule nahale 100ml - Glamico<\/title>\n<meta name=\"robots\" content=\"index, follow, max-snippet:-1, max-image-preview:large, max-video-preview:-1\" \/>\n<link rel=\"canonical\" href=\"https:\/\/glamico.ee\/en\/pood\/swederm-hudsalva-sensitive-100ml\/\" \/>\n<meta property=\"og:locale\" content=\"en_US\" \/>\n<meta property=\"og:type\" content=\"article\" \/>\n<meta property=\"og:title\" content=\"Swederm HUDSALVA SENSITIVE \u2013 l\u00f5hnatu salv kuivale ja tundlikule nahale 100ml - Glamico\" \/>\n<meta property=\"og:description\" content=\"S\u00fcgavniisutav ja taastav hooldus kogu perele \u2013 alates esimestest elup\u00e4evadest. HUDSALVA SENSITIVE on l\u00f5hna- ja v\u00e4rvainetevaba salv, mis pakub kohest leevendust kuivale, deh\u00fcdreeritud ja \u00e4rritusele kalduvale nahale. See on \u00f5rn alternatiiv meie menukale HUDSALVA VIT E salvile ning sobib igap\u00e4evaseks hoolduseks nii t\u00e4iskasvanutele kui ka beebidele. Miks HUDSALVA SENSITIVE on eriline? Kohene leevendus \u2013 v\u00e4hendab naha kuivust juba p\u00e4rast esimest [&hellip;]\" \/>\n<meta property=\"og:url\" content=\"https:\/\/glamico.ee\/en\/pood\/swederm-hudsalva-sensitive-100ml\/\" \/>\n<meta property=\"og:site_name\" content=\"Glamico\" \/>\n<meta property=\"article:modified_time\" content=\"2026-04-20T11:23:59+00:00\" \/>\n<meta property=\"og:image\" content=\"https:\/\/glamico.ee\/wp-content\/uploads\/2025\/10\/5905669134002_Hudsalva-Sensitive_2.png\" \/>\n\t<meta property=\"og:image:width\" content=\"500\" \/>\n\t<meta property=\"og:image:height\" content=\"500\" \/>\n\t<meta property=\"og:image:type\" content=\"image\/png\" \/>\n<meta name=\"twitter:card\" content=\"summary_large_image\" \/>\n<meta name=\"twitter:label1\" content=\"Est. reading time\" \/>\n\t<meta name=\"twitter:data1\" content=\"2 minutes\" \/>\n<script type=\"application\/ld+json\" class=\"yoast-schema-graph\">{\"@context\":\"https:\\\/\\\/schema.org\",\"@graph\":[{\"@type\":\"WebPage\",\"@id\":\"https:\\\/\\\/glamico.ee\\\/pood\\\/swederm-hudsalva-sensitive-100ml\\\/\",\"url\":\"https:\\\/\\\/glamico.ee\\\/pood\\\/swederm-hudsalva-sensitive-100ml\\\/\",\"name\":\"Swederm HUDSALVA SENSITIVE \u2013 l\u00f5hnatu salv kuivale ja tundlikule nahale 100ml - Glamico\",\"isPartOf\":{\"@id\":\"https:\\\/\\\/glamico.ee\\\/#website\"},\"primaryImageOfPage\":{\"@id\":\"https:\\\/\\\/glamico.ee\\\/pood\\\/swederm-hudsalva-sensitive-100ml\\\/#primaryimage\"},\"image\":{\"@id\":\"https:\\\/\\\/glamico.ee\\\/pood\\\/swederm-hudsalva-sensitive-100ml\\\/#primaryimage\"},\"thumbnailUrl\":\"https:\\\/\\\/glamico.ee\\\/wp-content\\\/uploads\\\/2025\\\/10\\\/5905669134002_Hudsalva-Sensitive_2.png\",\"datePublished\":\"2025-10-07T09:28:31+00:00\",\"dateModified\":\"2026-04-20T11:23:59+00:00\",\"breadcrumb\":{\"@id\":\"https:\\\/\\\/glamico.ee\\\/pood\\\/swederm-hudsalva-sensitive-100ml\\\/#breadcrumb\"},\"inLanguage\":\"en-US\",\"potentialAction\":[{\"@type\":\"ReadAction\",\"target\":[\"https:\\\/\\\/glamico.ee\\\/pood\\\/swederm-hudsalva-sensitive-100ml\\\/\"]}]},{\"@type\":\"ImageObject\",\"inLanguage\":\"en-US\",\"@id\":\"https:\\\/\\\/glamico.ee\\\/pood\\\/swederm-hudsalva-sensitive-100ml\\\/#primaryimage\",\"url\":\"https:\\\/\\\/glamico.ee\\\/wp-content\\\/uploads\\\/2025\\\/10\\\/5905669134002_Hudsalva-Sensitive_2.png\",\"contentUrl\":\"https:\\\/\\\/glamico.ee\\\/wp-content\\\/uploads\\\/2025\\\/10\\\/5905669134002_Hudsalva-Sensitive_2.png\",\"width\":500,\"height\":500},{\"@type\":\"BreadcrumbList\",\"@id\":\"https:\\\/\\\/glamico.ee\\\/pood\\\/swederm-hudsalva-sensitive-100ml\\\/#breadcrumb\",\"itemListElement\":[{\"@type\":\"ListItem\",\"position\":1,\"name\":\"Home\",\"item\":\"https:\\\/\\\/glamico.ee\\\/\"},{\"@type\":\"ListItem\",\"position\":2,\"name\":\"Pood\",\"item\":\"https:\\\/\\\/glamico.ee\\\/pood\\\/\"},{\"@type\":\"ListItem\",\"position\":3,\"name\":\"Swederm HUDSALVA SENSITIVE \u2013 l\u00f5hnatu salv kuivale ja tundlikule nahale 100ml\"}]},{\"@type\":\"WebSite\",\"@id\":\"https:\\\/\\\/glamico.ee\\\/#website\",\"url\":\"https:\\\/\\\/glamico.ee\\\/\",\"name\":\"Glamico\",\"description\":\"Ilutooted\",\"publisher\":{\"@id\":\"https:\\\/\\\/glamico.ee\\\/#organization\"},\"potentialAction\":[{\"@type\":\"SearchAction\",\"target\":{\"@type\":\"EntryPoint\",\"urlTemplate\":\"https:\\\/\\\/glamico.ee\\\/?s={search_term_string}\"},\"query-input\":{\"@type\":\"PropertyValueSpecification\",\"valueRequired\":true,\"valueName\":\"search_term_string\"}}],\"inLanguage\":\"en-US\"},{\"@type\":\"Organization\",\"@id\":\"https:\\\/\\\/glamico.ee\\\/#organization\",\"name\":\"Glamico Baltics O\u00dc\",\"url\":\"https:\\\/\\\/glamico.ee\\\/\",\"logo\":{\"@type\":\"ImageObject\",\"inLanguage\":\"en-US\",\"@id\":\"https:\\\/\\\/glamico.ee\\\/#\\\/schema\\\/logo\\\/image\\\/\",\"url\":\"https:\\\/\\\/glamico.ee\\\/wp-content\\\/uploads\\\/2025\\\/11\\\/Glamico-1.png\",\"contentUrl\":\"https:\\\/\\\/glamico.ee\\\/wp-content\\\/uploads\\\/2025\\\/11\\\/Glamico-1.png\",\"width\":627,\"height\":400,\"caption\":\"Glamico Baltics O\u00dc\"},\"image\":{\"@id\":\"https:\\\/\\\/glamico.ee\\\/#\\\/schema\\\/logo\\\/image\\\/\"},\"sameAs\":[\"https:\\\/\\\/www.instagram.com\\\/glamico.ee\\\/\"]}]}<\/script>\n<!-- \/ Yoast SEO plugin. -->","yoast_head_json":{"title":"Swederm HUDSALVA SENSITIVE \u2013 l\u00f5hnatu salv kuivale ja tundlikule nahale 100ml - Glamico","robots":{"index":"index","follow":"follow","max-snippet":"max-snippet:-1","max-image-preview":"max-image-preview:large","max-video-preview":"max-video-preview:-1"},"canonical":"https:\/\/glamico.ee\/en\/pood\/swederm-hudsalva-sensitive-100ml\/","og_locale":"en_US","og_type":"article","og_title":"Swederm HUDSALVA SENSITIVE \u2013 l\u00f5hnatu salv kuivale ja tundlikule nahale 100ml - Glamico","og_description":"S\u00fcgavniisutav ja taastav hooldus kogu perele \u2013 alates esimestest elup\u00e4evadest. HUDSALVA SENSITIVE on l\u00f5hna- ja v\u00e4rvainetevaba salv, mis pakub kohest leevendust kuivale, deh\u00fcdreeritud ja \u00e4rritusele kalduvale nahale. See on \u00f5rn alternatiiv meie menukale HUDSALVA VIT E salvile ning sobib igap\u00e4evaseks hoolduseks nii t\u00e4iskasvanutele kui ka beebidele. Miks HUDSALVA SENSITIVE on eriline? Kohene leevendus \u2013 v\u00e4hendab naha kuivust juba p\u00e4rast esimest [&hellip;]","og_url":"https:\/\/glamico.ee\/en\/pood\/swederm-hudsalva-sensitive-100ml\/","og_site_name":"Glamico","article_modified_time":"2026-04-20T11:23:59+00:00","og_image":[{"width":500,"height":500,"url":"https:\/\/glamico.ee\/wp-content\/uploads\/2025\/10\/5905669134002_Hudsalva-Sensitive_2.png","type":"image\/png"}],"twitter_card":"summary_large_image","twitter_misc":{"Est. reading time":"2 minutes"},"schema":{"@context":"https:\/\/schema.org","@graph":[{"@type":"WebPage","@id":"https:\/\/glamico.ee\/pood\/swederm-hudsalva-sensitive-100ml\/","url":"https:\/\/glamico.ee\/pood\/swederm-hudsalva-sensitive-100ml\/","name":"Swederm HUDSALVA SENSITIVE \u2013 l\u00f5hnatu salv kuivale ja tundlikule nahale 100ml - Glamico","isPartOf":{"@id":"https:\/\/glamico.ee\/#website"},"primaryImageOfPage":{"@id":"https:\/\/glamico.ee\/pood\/swederm-hudsalva-sensitive-100ml\/#primaryimage"},"image":{"@id":"https:\/\/glamico.ee\/pood\/swederm-hudsalva-sensitive-100ml\/#primaryimage"},"thumbnailUrl":"https:\/\/glamico.ee\/wp-content\/uploads\/2025\/10\/5905669134002_Hudsalva-Sensitive_2.png","datePublished":"2025-10-07T09:28:31+00:00","dateModified":"2026-04-20T11:23:59+00:00","breadcrumb":{"@id":"https:\/\/glamico.ee\/pood\/swederm-hudsalva-sensitive-100ml\/#breadcrumb"},"inLanguage":"en-US","potentialAction":[{"@type":"ReadAction","target":["https:\/\/glamico.ee\/pood\/swederm-hudsalva-sensitive-100ml\/"]}]},{"@type":"ImageObject","inLanguage":"en-US","@id":"https:\/\/glamico.ee\/pood\/swederm-hudsalva-sensitive-100ml\/#primaryimage","url":"https:\/\/glamico.ee\/wp-content\/uploads\/2025\/10\/5905669134002_Hudsalva-Sensitive_2.png","contentUrl":"https:\/\/glamico.ee\/wp-content\/uploads\/2025\/10\/5905669134002_Hudsalva-Sensitive_2.png","width":500,"height":500},{"@type":"BreadcrumbList","@id":"https:\/\/glamico.ee\/pood\/swederm-hudsalva-sensitive-100ml\/#breadcrumb","itemListElement":[{"@type":"ListItem","position":1,"name":"Home","item":"https:\/\/glamico.ee\/"},{"@type":"ListItem","position":2,"name":"Pood","item":"https:\/\/glamico.ee\/pood\/"},{"@type":"ListItem","position":3,"name":"Swederm HUDSALVA SENSITIVE \u2013 l\u00f5hnatu salv kuivale ja tundlikule nahale 100ml"}]},{"@type":"WebSite","@id":"https:\/\/glamico.ee\/#website","url":"https:\/\/glamico.ee\/","name":"Glamico","description":"Ilutooted","publisher":{"@id":"https:\/\/glamico.ee\/#organization"},"potentialAction":[{"@type":"SearchAction","target":{"@type":"EntryPoint","urlTemplate":"https:\/\/glamico.ee\/?s={search_term_string}"},"query-input":{"@type":"PropertyValueSpecification","valueRequired":true,"valueName":"search_term_string"}}],"inLanguage":"en-US"},{"@type":"Organization","@id":"https:\/\/glamico.ee\/#organization","name":"Glamico Baltics O\u00dc","url":"https:\/\/glamico.ee\/","logo":{"@type":"ImageObject","inLanguage":"en-US","@id":"https:\/\/glamico.ee\/#\/schema\/logo\/image\/","url":"https:\/\/glamico.ee\/wp-content\/uploads\/2025\/11\/Glamico-1.png","contentUrl":"https:\/\/glamico.ee\/wp-content\/uploads\/2025\/11\/Glamico-1.png","width":627,"height":400,"caption":"Glamico Baltics O\u00dc"},"image":{"@id":"https:\/\/glamico.ee\/#\/schema\/logo\/image\/"},"sameAs":["https:\/\/www.instagram.com\/glamico.ee\/"]}]}},"brands":[{"id":92,"name":"Swederm","slug":"swederm"}],"_links":{"self":[{"href":"https:\/\/glamico.ee\/en\/wp-json\/wp\/v2\/product\/1836","targetHints":{"allow":["GET"]}}],"collection":[{"href":"https:\/\/glamico.ee\/en\/wp-json\/wp\/v2\/product"}],"about":[{"href":"https:\/\/glamico.ee\/en\/wp-json\/wp\/v2\/types\/product"}],"version-history":[{"count":3,"href":"https:\/\/glamico.ee\/en\/wp-json\/wp\/v2\/product\/1836\/revisions"}],"predecessor-version":[{"id":2305,"href":"https:\/\/glamico.ee\/en\/wp-json\/wp\/v2\/product\/1836\/revisions\/2305"}],"wp:featuredmedia":[{"embeddable":true,"href":"https:\/\/glamico.ee\/en\/wp-json\/wp\/v2\/media\/1797"}],"wp:attachment":[{"href":"https:\/\/glamico.ee\/en\/wp-json\/wp\/v2\/media?parent=1836"}],"wp:term":[{"taxonomy":"pwb-brand","embeddable":true,"href":"https:\/\/glamico.ee\/en\/wp-json\/wp\/v2\/pwb-brand?post=1836"},{"taxonomy":"product_brand","embeddable":true,"href":"https:\/\/glamico.ee\/en\/wp-json\/wp\/v2\/product_brand?post=1836"},{"taxonomy":"product_cat","embeddable":true,"href":"https:\/\/glamico.ee\/en\/wp-json\/wp\/v2\/product_cat?post=1836"},{"taxonomy":"product_tag","embeddable":true,"href":"https:\/\/glamico.ee\/en\/wp-json\/wp\/v2\/product_tag?post=1836"}],"curies":[{"name":"wp","href":"https:\/\/api.w.org\/{rel}","templated":true}]}}