{"id":1834,"date":"2025-10-07T11:20:34","date_gmt":"2025-10-07T09:20:34","guid":{"rendered":"https:\/\/glamico.ee\/?post_type=product&#038;p=1834"},"modified":"2025-10-07T11:25:22","modified_gmt":"2025-10-07T09:25:22","slug":"swederm-deo-free-organic-aloe-vera-looduslik-deodorant-ilma-alumiiniumi-ja-alkoholita-50ml","status":"publish","type":"product","link":"https:\/\/glamico.ee\/en\/pood\/swederm-deo-free-organic-aloe-vera-looduslik-deodorant-ilma-alumiiniumi-ja-alkoholita-50ml\/","title":{"rendered":"Swederm DEO FREE Organic ALOE VERA \u2013 looduslik deodorant ilma alumiiniumi ja alkoholita 50ml"},"content":{"rendered":"","protected":false},"excerpt":{"rendered":"<p>\u00d5rn, kuid t\u00f5hus kaitse \u2013 loomulikult sinu naha heaks.<\/p>\n<p>DEO FREE on looduslik deodorant, mis neutraliseerib ebameeldiva l\u00f5hna, kuid ei sega keha loomulikku higistamisprotsessi. Valmistatud orgaanilistest taimeekstraktidest, ilma alumiiniumi ja alkoholita, sobib see igap\u00e4evaseks kasutamiseks ka k\u00f5ige tundlikumale nahale.<\/p>\n<p>Miks valida DEO FREE?<br \/>\nLooduslik ja \u00f5rn \u2013 ei sisalda alumiiniumi ega alkoholi.<\/p>\n<p>T\u00f5hus l\u00f5hnakaitse \u2013 neutraliseerib ebameeldiva l\u00f5hna, s\u00e4ilitades naha loomuliku tasakaalu.<\/p>\n<p>Rahustav ja hooldav \u2013 aaloe, saialille ja kummeli ekstraktid leevendavad \u00e4rritust ja hooldavad \u00f5rna kaenlaalust nahka.<\/p>\n<p>Antibakteriaalne ja p\u00f5letikuvastane toime \u2013 rosmariini- ja lavendli\u00f5lid hoiavad naha v\u00e4rske ja kaitstuna.<\/p>\n<p>Pikaajaline mugavus \u2013 kerge koostis imendub kiiresti ega j\u00e4ta nahale kleepuvat tunnet.<\/p>\n<p>Koostis<br \/>\nAqua, Aloe Barbadensis Leaf Extract, Glycerin, Cetearyl Alcohol, Olea Europaea Fruit Extract, Triethyl Citrate, Rosmarinus Officinalis Leaf Extract, Glyceryl Stearate Citrate, Zinc Ricinoleate, Lavandula Angustifolia Flower Extract, Citrus Limon Peel Extract, Oryza Sativa Starch, Polyglyceryl-3 Caprylate, Calendula Officinalis Flower Extract, Chamomila Recutita Flower Extract, Myrtus Communis Leaf Extract, Xanthan Gum, Maltodextrin, Sodium Benzoate, Sodium Dehydroacetate, Algin, Citric Acid, Limonene, Linalool, Citral. \\* mahep\u00f5llumajandusest<\/p>","protected":false},"featured_media":1816,"template":"","meta":[],"pwb-brand":[92],"product_brand":[],"product_cat":[31],"product_tag":[],"class_list":{"0":"post-1834","1":"product","2":"type-product","3":"status-publish","4":"has-post-thumbnail","6":"pwb-brand-swederm","7":"product_cat-keha","9":"first","10":"instock","11":"taxable","12":"shipping-taxable","13":"purchasable","14":"product-type-simple"},"yoast_head":"<!-- This site is optimized with the Yoast SEO plugin v27.3 - https:\/\/yoast.com\/product\/yoast-seo-wordpress\/ -->\n<title>Swederm DEO FREE Organic ALOE VERA \u2013 looduslik deodorant ilma alumiiniumi ja alkoholita 50ml - Glamico<\/title>\n<meta name=\"robots\" content=\"index, follow, max-snippet:-1, max-image-preview:large, max-video-preview:-1\" \/>\n<link rel=\"canonical\" href=\"https:\/\/glamico.ee\/en\/pood\/swederm-deo-free-organic-aloe-vera-looduslik-deodorant-ilma-alumiiniumi-ja-alkoholita-50ml\/\" \/>\n<meta property=\"og:locale\" content=\"en_US\" \/>\n<meta property=\"og:type\" content=\"article\" \/>\n<meta property=\"og:title\" content=\"Swederm DEO FREE Organic ALOE VERA \u2013 looduslik deodorant ilma alumiiniumi ja alkoholita 50ml - Glamico\" \/>\n<meta property=\"og:description\" content=\"\u00d5rn, kuid t\u00f5hus kaitse \u2013 loomulikult sinu naha heaks.  DEO FREE on looduslik deodorant, mis neutraliseerib ebameeldiva l\u00f5hna, kuid ei sega keha loomulikku higistamisprotsessi. Valmistatud orgaanilistest taimeekstraktidest, ilma alumiiniumi ja alkoholita, sobib see igap\u00e4evaseks kasutamiseks ka k\u00f5ige tundlikumale nahale.  Miks valida DEO FREE? Looduslik ja \u00f5rn \u2013 ei sisalda alumiiniumi ega alkoholi.  T\u00f5hus l\u00f5hnakaitse \u2013 neutraliseerib ebameeldiva l\u00f5hna, s\u00e4ilitades naha loomuliku tasakaalu.  Rahustav ja hooldav \u2013 aaloe, saialille ja kummeli ekstraktid leevendavad \u00e4rritust ja hooldavad \u00f5rna kaenlaalust nahka.  Antibakteriaalne ja p\u00f5letikuvastane toime \u2013 rosmariini- ja lavendli\u00f5lid hoiavad naha v\u00e4rske ja kaitstuna.  Pikaajaline mugavus \u2013 kerge koostis imendub kiiresti ega j\u00e4ta nahale kleepuvat tunnet.  Koostis Aqua, Aloe Barbadensis Leaf Extract, Glycerin, Cetearyl Alcohol, Olea Europaea Fruit Extract, Triethyl Citrate, Rosmarinus Officinalis Leaf Extract, Glyceryl Stearate Citrate, Zinc Ricinoleate, Lavandula Angustifolia Flower Extract, Citrus Limon Peel Extract, Oryza Sativa Starch, Polyglyceryl-3 Caprylate, Calendula Officinalis Flower Extract, Chamomila Recutita Flower Extract, Myrtus Communis Leaf Extract, Xanthan Gum, Maltodextrin, Sodium Benzoate, Sodium Dehydroacetate, Algin, Citric Acid, Limonene, Linalool, Citral. * mahep\u00f5llumajandusest\" \/>\n<meta property=\"og:url\" content=\"https:\/\/glamico.ee\/en\/pood\/swederm-deo-free-organic-aloe-vera-looduslik-deodorant-ilma-alumiiniumi-ja-alkoholita-50ml\/\" \/>\n<meta property=\"og:site_name\" content=\"Glamico\" \/>\n<meta property=\"article:modified_time\" content=\"2025-10-07T09:25:22+00:00\" \/>\n<meta property=\"og:image\" content=\"https:\/\/glamico.ee\/wp-content\/uploads\/2025\/10\/5905669134224_deo-free_1.jpg\" \/>\n\t<meta property=\"og:image:width\" content=\"375\" \/>\n\t<meta property=\"og:image:height\" content=\"500\" \/>\n\t<meta property=\"og:image:type\" content=\"image\/jpeg\" \/>\n<meta name=\"twitter:card\" content=\"summary_large_image\" \/>\n<script type=\"application\/ld+json\" class=\"yoast-schema-graph\">{\"@context\":\"https:\\\/\\\/schema.org\",\"@graph\":[{\"@type\":\"WebPage\",\"@id\":\"https:\\\/\\\/glamico.ee\\\/pood\\\/swederm-deo-free-organic-aloe-vera-looduslik-deodorant-ilma-alumiiniumi-ja-alkoholita-50ml\\\/\",\"url\":\"https:\\\/\\\/glamico.ee\\\/pood\\\/swederm-deo-free-organic-aloe-vera-looduslik-deodorant-ilma-alumiiniumi-ja-alkoholita-50ml\\\/\",\"name\":\"Swederm DEO FREE Organic ALOE VERA \u2013 looduslik deodorant ilma alumiiniumi ja alkoholita 50ml - Glamico\",\"isPartOf\":{\"@id\":\"https:\\\/\\\/glamico.ee\\\/#website\"},\"primaryImageOfPage\":{\"@id\":\"https:\\\/\\\/glamico.ee\\\/pood\\\/swederm-deo-free-organic-aloe-vera-looduslik-deodorant-ilma-alumiiniumi-ja-alkoholita-50ml\\\/#primaryimage\"},\"image\":{\"@id\":\"https:\\\/\\\/glamico.ee\\\/pood\\\/swederm-deo-free-organic-aloe-vera-looduslik-deodorant-ilma-alumiiniumi-ja-alkoholita-50ml\\\/#primaryimage\"},\"thumbnailUrl\":\"https:\\\/\\\/glamico.ee\\\/wp-content\\\/uploads\\\/2025\\\/10\\\/5905669134224_deo-free_1.jpg\",\"datePublished\":\"2025-10-07T09:20:34+00:00\",\"dateModified\":\"2025-10-07T09:25:22+00:00\",\"breadcrumb\":{\"@id\":\"https:\\\/\\\/glamico.ee\\\/pood\\\/swederm-deo-free-organic-aloe-vera-looduslik-deodorant-ilma-alumiiniumi-ja-alkoholita-50ml\\\/#breadcrumb\"},\"inLanguage\":\"en-US\",\"potentialAction\":[{\"@type\":\"ReadAction\",\"target\":[\"https:\\\/\\\/glamico.ee\\\/pood\\\/swederm-deo-free-organic-aloe-vera-looduslik-deodorant-ilma-alumiiniumi-ja-alkoholita-50ml\\\/\"]}]},{\"@type\":\"ImageObject\",\"inLanguage\":\"en-US\",\"@id\":\"https:\\\/\\\/glamico.ee\\\/pood\\\/swederm-deo-free-organic-aloe-vera-looduslik-deodorant-ilma-alumiiniumi-ja-alkoholita-50ml\\\/#primaryimage\",\"url\":\"https:\\\/\\\/glamico.ee\\\/wp-content\\\/uploads\\\/2025\\\/10\\\/5905669134224_deo-free_1.jpg\",\"contentUrl\":\"https:\\\/\\\/glamico.ee\\\/wp-content\\\/uploads\\\/2025\\\/10\\\/5905669134224_deo-free_1.jpg\",\"width\":375,\"height\":500},{\"@type\":\"BreadcrumbList\",\"@id\":\"https:\\\/\\\/glamico.ee\\\/pood\\\/swederm-deo-free-organic-aloe-vera-looduslik-deodorant-ilma-alumiiniumi-ja-alkoholita-50ml\\\/#breadcrumb\",\"itemListElement\":[{\"@type\":\"ListItem\",\"position\":1,\"name\":\"Home\",\"item\":\"https:\\\/\\\/glamico.ee\\\/\"},{\"@type\":\"ListItem\",\"position\":2,\"name\":\"Pood\",\"item\":\"https:\\\/\\\/glamico.ee\\\/pood\\\/\"},{\"@type\":\"ListItem\",\"position\":3,\"name\":\"Swederm DEO FREE Organic ALOE VERA \u2013 looduslik deodorant ilma alumiiniumi ja alkoholita 50ml\"}]},{\"@type\":\"WebSite\",\"@id\":\"https:\\\/\\\/glamico.ee\\\/#website\",\"url\":\"https:\\\/\\\/glamico.ee\\\/\",\"name\":\"Glamico\",\"description\":\"Ilutooted\",\"publisher\":{\"@id\":\"https:\\\/\\\/glamico.ee\\\/#organization\"},\"potentialAction\":[{\"@type\":\"SearchAction\",\"target\":{\"@type\":\"EntryPoint\",\"urlTemplate\":\"https:\\\/\\\/glamico.ee\\\/?s={search_term_string}\"},\"query-input\":{\"@type\":\"PropertyValueSpecification\",\"valueRequired\":true,\"valueName\":\"search_term_string\"}}],\"inLanguage\":\"en-US\"},{\"@type\":\"Organization\",\"@id\":\"https:\\\/\\\/glamico.ee\\\/#organization\",\"name\":\"Glamico Baltics O\u00dc\",\"url\":\"https:\\\/\\\/glamico.ee\\\/\",\"logo\":{\"@type\":\"ImageObject\",\"inLanguage\":\"en-US\",\"@id\":\"https:\\\/\\\/glamico.ee\\\/#\\\/schema\\\/logo\\\/image\\\/\",\"url\":\"https:\\\/\\\/glamico.ee\\\/wp-content\\\/uploads\\\/2025\\\/11\\\/Glamico-1.png\",\"contentUrl\":\"https:\\\/\\\/glamico.ee\\\/wp-content\\\/uploads\\\/2025\\\/11\\\/Glamico-1.png\",\"width\":627,\"height\":400,\"caption\":\"Glamico Baltics O\u00dc\"},\"image\":{\"@id\":\"https:\\\/\\\/glamico.ee\\\/#\\\/schema\\\/logo\\\/image\\\/\"},\"sameAs\":[\"https:\\\/\\\/www.instagram.com\\\/glamico.ee\\\/\"]}]}<\/script>\n<!-- \/ Yoast SEO plugin. -->","yoast_head_json":{"title":"Swederm DEO FREE Organic ALOE VERA \u2013 looduslik deodorant ilma alumiiniumi ja alkoholita 50ml - Glamico","robots":{"index":"index","follow":"follow","max-snippet":"max-snippet:-1","max-image-preview":"max-image-preview:large","max-video-preview":"max-video-preview:-1"},"canonical":"https:\/\/glamico.ee\/en\/pood\/swederm-deo-free-organic-aloe-vera-looduslik-deodorant-ilma-alumiiniumi-ja-alkoholita-50ml\/","og_locale":"en_US","og_type":"article","og_title":"Swederm DEO FREE Organic ALOE VERA \u2013 looduslik deodorant ilma alumiiniumi ja alkoholita 50ml - Glamico","og_description":"\u00d5rn, kuid t\u00f5hus kaitse \u2013 loomulikult sinu naha heaks.  DEO FREE on looduslik deodorant, mis neutraliseerib ebameeldiva l\u00f5hna, kuid ei sega keha loomulikku higistamisprotsessi. Valmistatud orgaanilistest taimeekstraktidest, ilma alumiiniumi ja alkoholita, sobib see igap\u00e4evaseks kasutamiseks ka k\u00f5ige tundlikumale nahale.  Miks valida DEO FREE? Looduslik ja \u00f5rn \u2013 ei sisalda alumiiniumi ega alkoholi.  T\u00f5hus l\u00f5hnakaitse \u2013 neutraliseerib ebameeldiva l\u00f5hna, s\u00e4ilitades naha loomuliku tasakaalu.  Rahustav ja hooldav \u2013 aaloe, saialille ja kummeli ekstraktid leevendavad \u00e4rritust ja hooldavad \u00f5rna kaenlaalust nahka.  Antibakteriaalne ja p\u00f5letikuvastane toime \u2013 rosmariini- ja lavendli\u00f5lid hoiavad naha v\u00e4rske ja kaitstuna.  Pikaajaline mugavus \u2013 kerge koostis imendub kiiresti ega j\u00e4ta nahale kleepuvat tunnet.  Koostis Aqua, Aloe Barbadensis Leaf Extract, Glycerin, Cetearyl Alcohol, Olea Europaea Fruit Extract, Triethyl Citrate, Rosmarinus Officinalis Leaf Extract, Glyceryl Stearate Citrate, Zinc Ricinoleate, Lavandula Angustifolia Flower Extract, Citrus Limon Peel Extract, Oryza Sativa Starch, Polyglyceryl-3 Caprylate, Calendula Officinalis Flower Extract, Chamomila Recutita Flower Extract, Myrtus Communis Leaf Extract, Xanthan Gum, Maltodextrin, Sodium Benzoate, Sodium Dehydroacetate, Algin, Citric Acid, Limonene, Linalool, Citral. * mahep\u00f5llumajandusest","og_url":"https:\/\/glamico.ee\/en\/pood\/swederm-deo-free-organic-aloe-vera-looduslik-deodorant-ilma-alumiiniumi-ja-alkoholita-50ml\/","og_site_name":"Glamico","article_modified_time":"2025-10-07T09:25:22+00:00","og_image":[{"width":375,"height":500,"url":"https:\/\/glamico.ee\/wp-content\/uploads\/2025\/10\/5905669134224_deo-free_1.jpg","type":"image\/jpeg"}],"twitter_card":"summary_large_image","schema":{"@context":"https:\/\/schema.org","@graph":[{"@type":"WebPage","@id":"https:\/\/glamico.ee\/pood\/swederm-deo-free-organic-aloe-vera-looduslik-deodorant-ilma-alumiiniumi-ja-alkoholita-50ml\/","url":"https:\/\/glamico.ee\/pood\/swederm-deo-free-organic-aloe-vera-looduslik-deodorant-ilma-alumiiniumi-ja-alkoholita-50ml\/","name":"Swederm DEO FREE Organic ALOE VERA \u2013 looduslik deodorant ilma alumiiniumi ja alkoholita 50ml - Glamico","isPartOf":{"@id":"https:\/\/glamico.ee\/#website"},"primaryImageOfPage":{"@id":"https:\/\/glamico.ee\/pood\/swederm-deo-free-organic-aloe-vera-looduslik-deodorant-ilma-alumiiniumi-ja-alkoholita-50ml\/#primaryimage"},"image":{"@id":"https:\/\/glamico.ee\/pood\/swederm-deo-free-organic-aloe-vera-looduslik-deodorant-ilma-alumiiniumi-ja-alkoholita-50ml\/#primaryimage"},"thumbnailUrl":"https:\/\/glamico.ee\/wp-content\/uploads\/2025\/10\/5905669134224_deo-free_1.jpg","datePublished":"2025-10-07T09:20:34+00:00","dateModified":"2025-10-07T09:25:22+00:00","breadcrumb":{"@id":"https:\/\/glamico.ee\/pood\/swederm-deo-free-organic-aloe-vera-looduslik-deodorant-ilma-alumiiniumi-ja-alkoholita-50ml\/#breadcrumb"},"inLanguage":"en-US","potentialAction":[{"@type":"ReadAction","target":["https:\/\/glamico.ee\/pood\/swederm-deo-free-organic-aloe-vera-looduslik-deodorant-ilma-alumiiniumi-ja-alkoholita-50ml\/"]}]},{"@type":"ImageObject","inLanguage":"en-US","@id":"https:\/\/glamico.ee\/pood\/swederm-deo-free-organic-aloe-vera-looduslik-deodorant-ilma-alumiiniumi-ja-alkoholita-50ml\/#primaryimage","url":"https:\/\/glamico.ee\/wp-content\/uploads\/2025\/10\/5905669134224_deo-free_1.jpg","contentUrl":"https:\/\/glamico.ee\/wp-content\/uploads\/2025\/10\/5905669134224_deo-free_1.jpg","width":375,"height":500},{"@type":"BreadcrumbList","@id":"https:\/\/glamico.ee\/pood\/swederm-deo-free-organic-aloe-vera-looduslik-deodorant-ilma-alumiiniumi-ja-alkoholita-50ml\/#breadcrumb","itemListElement":[{"@type":"ListItem","position":1,"name":"Home","item":"https:\/\/glamico.ee\/"},{"@type":"ListItem","position":2,"name":"Pood","item":"https:\/\/glamico.ee\/pood\/"},{"@type":"ListItem","position":3,"name":"Swederm DEO FREE Organic ALOE VERA \u2013 looduslik deodorant ilma alumiiniumi ja alkoholita 50ml"}]},{"@type":"WebSite","@id":"https:\/\/glamico.ee\/#website","url":"https:\/\/glamico.ee\/","name":"Glamico","description":"Ilutooted","publisher":{"@id":"https:\/\/glamico.ee\/#organization"},"potentialAction":[{"@type":"SearchAction","target":{"@type":"EntryPoint","urlTemplate":"https:\/\/glamico.ee\/?s={search_term_string}"},"query-input":{"@type":"PropertyValueSpecification","valueRequired":true,"valueName":"search_term_string"}}],"inLanguage":"en-US"},{"@type":"Organization","@id":"https:\/\/glamico.ee\/#organization","name":"Glamico Baltics O\u00dc","url":"https:\/\/glamico.ee\/","logo":{"@type":"ImageObject","inLanguage":"en-US","@id":"https:\/\/glamico.ee\/#\/schema\/logo\/image\/","url":"https:\/\/glamico.ee\/wp-content\/uploads\/2025\/11\/Glamico-1.png","contentUrl":"https:\/\/glamico.ee\/wp-content\/uploads\/2025\/11\/Glamico-1.png","width":627,"height":400,"caption":"Glamico Baltics O\u00dc"},"image":{"@id":"https:\/\/glamico.ee\/#\/schema\/logo\/image\/"},"sameAs":["https:\/\/www.instagram.com\/glamico.ee\/"]}]}},"brands":[{"id":92,"name":"Swederm","slug":"swederm"}],"_links":{"self":[{"href":"https:\/\/glamico.ee\/en\/wp-json\/wp\/v2\/product\/1834","targetHints":{"allow":["GET"]}}],"collection":[{"href":"https:\/\/glamico.ee\/en\/wp-json\/wp\/v2\/product"}],"about":[{"href":"https:\/\/glamico.ee\/en\/wp-json\/wp\/v2\/types\/product"}],"version-history":[{"count":0,"href":"https:\/\/glamico.ee\/en\/wp-json\/wp\/v2\/product\/1834\/revisions"}],"wp:featuredmedia":[{"embeddable":true,"href":"https:\/\/glamico.ee\/en\/wp-json\/wp\/v2\/media\/1816"}],"wp:attachment":[{"href":"https:\/\/glamico.ee\/en\/wp-json\/wp\/v2\/media?parent=1834"}],"wp:term":[{"taxonomy":"pwb-brand","embeddable":true,"href":"https:\/\/glamico.ee\/en\/wp-json\/wp\/v2\/pwb-brand?post=1834"},{"taxonomy":"product_brand","embeddable":true,"href":"https:\/\/glamico.ee\/en\/wp-json\/wp\/v2\/product_brand?post=1834"},{"taxonomy":"product_cat","embeddable":true,"href":"https:\/\/glamico.ee\/en\/wp-json\/wp\/v2\/product_cat?post=1834"},{"taxonomy":"product_tag","embeddable":true,"href":"https:\/\/glamico.ee\/en\/wp-json\/wp\/v2\/product_tag?post=1834"}],"curies":[{"name":"wp","href":"https:\/\/api.w.org\/{rel}","templated":true}]}}