{"id":1773,"date":"2025-10-07T10:32:16","date_gmt":"2025-10-07T08:32:16","guid":{"rendered":"https:\/\/glamico.ee\/?post_type=product&#038;p=1773"},"modified":"2026-04-19T12:16:46","modified_gmt":"2026-04-19T10:16:46","slug":"swederm-hudlotion-niisutav-ja-siluv-kate-ja-kehakreem-500ml","status":"publish","type":"product","link":"https:\/\/glamico.ee\/en\/pood\/swederm-hudlotion-niisutav-ja-siluv-kate-ja-kehakreem-500ml\/","title":{"rendered":"Swederm HUDLOTION \u2013 niisutav ja siluv k\u00e4te- ja kehakreem 500ml"},"content":{"rendered":"","protected":false},"excerpt":{"rendered":"<p>S\u00fcgavniisutus ja siidine pehmus igap\u00e4evaseks hoolduseks.<\/p>\n<p>Swederm HUDLOTION on kerge tekstuuriga k\u00e4te- ja kehakreem, mis imendub kiiresti ega j\u00e4ta nahale kleepuvat kihti. T\u00e4nu rikkalikule emollientide sisaldusele v\u00e4hendab kreem liigset niiskuskadu, taastab naha kaitsebarj\u00e4\u00e4ri ja muudab selle siledaks ning elastseks.<\/p>\n<p>Miks HUDLOTION on eriline?<br \/>\nUurea k\u00f5rge sisaldus \u2013 tugeva niisutava ja pehmendava toimega, suurendab naha l\u00e4bilaskvust teistele toimeainetele.<\/p>\n<p>Sheav\u00f5i \u2013 taastab epidermist, tugevdab lipiidbarj\u00e4\u00e4ri ja parandab naha toonust.<\/p>\n<p>Allantoiin \u2013 rahustab \u00e4rritusi, niisutab ja silub nahka, soodustades taastumist.<\/p>\n<p>E-vitamiin (nooruse vitamiin) \u2013 kaitseb vabade radikaalide eest, aeglustab vananemisprotsessi ja parandab naha elastsust.<\/p>\n<p>Kasutamine<br \/>\nSobib igap\u00e4evaseks hoolduseks nii k\u00e4tele kui kehale.<\/p>\n<p>P\u00e4evasel ajal imendub kiiresti ja j\u00e4tab naha pehmeks.<\/p>\n<p>\u00d5htul v\u00f5ib kanda kuivematele piirkondadele paksema kihi v\u00f5i kombineerida Swederm GEL TRAP intensiivse niisutava kehageeliga.<\/p>\n<p>Koostis<br \/>\nAqua, Stearic Acid, Isopropyl Myristate, Propanediol, Cetyl Alcohol, Urea, Dimethicone, Glycol Distearate, Capryloyl Glycerin\/Sebacic Acid Copolymer, Phenoxyethanol, Stearyl Alcohol, Butyrospermum Parkii Butter, Diheptyl Succinate, Parfum, Triethanolamine, Polysorbate 80, Tocopheryl Acetate, PEG-40 Hydrogenated Castor Oil, Lactic Acid, Allantoin, Xanthan Gum, Ethylhexylglycerin, Citric Acid.<\/p>","protected":false},"featured_media":1805,"template":"","meta":[],"pwb-brand":[92],"product_brand":[],"product_cat":[31],"product_tag":[],"class_list":{"0":"post-1773","1":"product","2":"type-product","3":"status-publish","4":"has-post-thumbnail","6":"pwb-brand-swederm","7":"product_cat-keha","9":"first","10":"instock","11":"taxable","12":"shipping-taxable","13":"purchasable","14":"product-type-simple"},"yoast_head":"<!-- This site is optimized with the Yoast SEO plugin v27.3 - https:\/\/yoast.com\/product\/yoast-seo-wordpress\/ -->\n<title>Swederm HUDLOTION \u2013 niisutav ja siluv k\u00e4te- ja kehakreem 500ml - Glamico<\/title>\n<meta name=\"robots\" content=\"index, follow, max-snippet:-1, max-image-preview:large, max-video-preview:-1\" \/>\n<link rel=\"canonical\" href=\"https:\/\/glamico.ee\/en\/pood\/swederm-hudlotion-niisutav-ja-siluv-kate-ja-kehakreem-500ml\/\" \/>\n<meta property=\"og:locale\" content=\"en_US\" \/>\n<meta property=\"og:type\" content=\"article\" \/>\n<meta property=\"og:title\" content=\"Swederm HUDLOTION \u2013 niisutav ja siluv k\u00e4te- ja kehakreem 500ml - Glamico\" \/>\n<meta property=\"og:description\" content=\"S\u00fcgavniisutus ja siidine pehmus igap\u00e4evaseks hoolduseks.  Swederm HUDLOTION on kerge tekstuuriga k\u00e4te- ja kehakreem, mis imendub kiiresti ega j\u00e4ta nahale kleepuvat kihti. T\u00e4nu rikkalikule emollientide sisaldusele v\u00e4hendab kreem liigset niiskuskadu, taastab naha kaitsebarj\u00e4\u00e4ri ja muudab selle siledaks ning elastseks.  Miks HUDLOTION on eriline? Uurea k\u00f5rge sisaldus \u2013 tugeva niisutava ja pehmendava toimega, suurendab naha l\u00e4bilaskvust teistele toimeainetele.  Sheav\u00f5i \u2013 taastab epidermist, tugevdab lipiidbarj\u00e4\u00e4ri ja parandab naha toonust.  Allantoiin \u2013 rahustab \u00e4rritusi, niisutab ja silub nahka, soodustades taastumist.  E-vitamiin (nooruse vitamiin) \u2013 kaitseb vabade radikaalide eest, aeglustab vananemisprotsessi ja parandab naha elastsust.  Kasutamine Sobib igap\u00e4evaseks hoolduseks nii k\u00e4tele kui kehale.  P\u00e4evasel ajal imendub kiiresti ja j\u00e4tab naha pehmeks.  \u00d5htul v\u00f5ib kanda kuivematele piirkondadele paksema kihi v\u00f5i kombineerida Swederm GEL TRAP intensiivse niisutava kehageeliga.  Koostis Aqua, Stearic Acid, Isopropyl Myristate, Propanediol, Cetyl Alcohol, Urea, Dimethicone, Glycol Distearate, Capryloyl Glycerin\/Sebacic Acid Copolymer, Phenoxyethanol, Stearyl Alcohol, Butyrospermum Parkii Butter, Diheptyl Succinate, Parfum, Triethanolamine, Polysorbate 80, Tocopheryl Acetate, PEG-40 Hydrogenated Castor Oil, Lactic Acid, Allantoin, Xanthan Gum, Ethylhexylglycerin, Citric Acid.\" \/>\n<meta property=\"og:url\" content=\"https:\/\/glamico.ee\/en\/pood\/swederm-hudlotion-niisutav-ja-siluv-kate-ja-kehakreem-500ml\/\" \/>\n<meta property=\"og:site_name\" content=\"Glamico\" \/>\n<meta property=\"article:modified_time\" content=\"2026-04-19T10:16:46+00:00\" \/>\n<meta property=\"og:image\" content=\"https:\/\/glamico.ee\/wp-content\/uploads\/2025\/10\/5905669134026_hudlotion_4.jpg\" \/>\n\t<meta property=\"og:image:width\" content=\"375\" \/>\n\t<meta property=\"og:image:height\" content=\"500\" \/>\n\t<meta property=\"og:image:type\" content=\"image\/jpeg\" \/>\n<meta name=\"twitter:card\" content=\"summary_large_image\" \/>\n<meta name=\"twitter:label1\" content=\"Est. reading time\" \/>\n\t<meta name=\"twitter:data1\" content=\"1 minute\" \/>\n<script type=\"application\/ld+json\" class=\"yoast-schema-graph\">{\"@context\":\"https:\\\/\\\/schema.org\",\"@graph\":[{\"@type\":\"WebPage\",\"@id\":\"https:\\\/\\\/glamico.ee\\\/pood\\\/swederm-hudlotion-niisutav-ja-siluv-kate-ja-kehakreem-500ml\\\/\",\"url\":\"https:\\\/\\\/glamico.ee\\\/pood\\\/swederm-hudlotion-niisutav-ja-siluv-kate-ja-kehakreem-500ml\\\/\",\"name\":\"Swederm HUDLOTION \u2013 niisutav ja siluv k\u00e4te- ja kehakreem 500ml - Glamico\",\"isPartOf\":{\"@id\":\"https:\\\/\\\/glamico.ee\\\/#website\"},\"primaryImageOfPage\":{\"@id\":\"https:\\\/\\\/glamico.ee\\\/pood\\\/swederm-hudlotion-niisutav-ja-siluv-kate-ja-kehakreem-500ml\\\/#primaryimage\"},\"image\":{\"@id\":\"https:\\\/\\\/glamico.ee\\\/pood\\\/swederm-hudlotion-niisutav-ja-siluv-kate-ja-kehakreem-500ml\\\/#primaryimage\"},\"thumbnailUrl\":\"https:\\\/\\\/glamico.ee\\\/wp-content\\\/uploads\\\/2025\\\/10\\\/5905669134026_hudlotion_4.jpg\",\"datePublished\":\"2025-10-07T08:32:16+00:00\",\"dateModified\":\"2026-04-19T10:16:46+00:00\",\"breadcrumb\":{\"@id\":\"https:\\\/\\\/glamico.ee\\\/pood\\\/swederm-hudlotion-niisutav-ja-siluv-kate-ja-kehakreem-500ml\\\/#breadcrumb\"},\"inLanguage\":\"en-US\",\"potentialAction\":[{\"@type\":\"ReadAction\",\"target\":[\"https:\\\/\\\/glamico.ee\\\/pood\\\/swederm-hudlotion-niisutav-ja-siluv-kate-ja-kehakreem-500ml\\\/\"]}]},{\"@type\":\"ImageObject\",\"inLanguage\":\"en-US\",\"@id\":\"https:\\\/\\\/glamico.ee\\\/pood\\\/swederm-hudlotion-niisutav-ja-siluv-kate-ja-kehakreem-500ml\\\/#primaryimage\",\"url\":\"https:\\\/\\\/glamico.ee\\\/wp-content\\\/uploads\\\/2025\\\/10\\\/5905669134026_hudlotion_4.jpg\",\"contentUrl\":\"https:\\\/\\\/glamico.ee\\\/wp-content\\\/uploads\\\/2025\\\/10\\\/5905669134026_hudlotion_4.jpg\",\"width\":375,\"height\":500},{\"@type\":\"BreadcrumbList\",\"@id\":\"https:\\\/\\\/glamico.ee\\\/pood\\\/swederm-hudlotion-niisutav-ja-siluv-kate-ja-kehakreem-500ml\\\/#breadcrumb\",\"itemListElement\":[{\"@type\":\"ListItem\",\"position\":1,\"name\":\"Home\",\"item\":\"https:\\\/\\\/glamico.ee\\\/\"},{\"@type\":\"ListItem\",\"position\":2,\"name\":\"Pood\",\"item\":\"https:\\\/\\\/glamico.ee\\\/pood\\\/\"},{\"@type\":\"ListItem\",\"position\":3,\"name\":\"Swederm HUDLOTION \u2013 niisutav ja siluv k\u00e4te- ja kehakreem 500ml\"}]},{\"@type\":\"WebSite\",\"@id\":\"https:\\\/\\\/glamico.ee\\\/#website\",\"url\":\"https:\\\/\\\/glamico.ee\\\/\",\"name\":\"Glamico\",\"description\":\"Ilutooted\",\"publisher\":{\"@id\":\"https:\\\/\\\/glamico.ee\\\/#organization\"},\"potentialAction\":[{\"@type\":\"SearchAction\",\"target\":{\"@type\":\"EntryPoint\",\"urlTemplate\":\"https:\\\/\\\/glamico.ee\\\/?s={search_term_string}\"},\"query-input\":{\"@type\":\"PropertyValueSpecification\",\"valueRequired\":true,\"valueName\":\"search_term_string\"}}],\"inLanguage\":\"en-US\"},{\"@type\":\"Organization\",\"@id\":\"https:\\\/\\\/glamico.ee\\\/#organization\",\"name\":\"Glamico Baltics O\u00dc\",\"url\":\"https:\\\/\\\/glamico.ee\\\/\",\"logo\":{\"@type\":\"ImageObject\",\"inLanguage\":\"en-US\",\"@id\":\"https:\\\/\\\/glamico.ee\\\/#\\\/schema\\\/logo\\\/image\\\/\",\"url\":\"https:\\\/\\\/glamico.ee\\\/wp-content\\\/uploads\\\/2025\\\/11\\\/Glamico-1.png\",\"contentUrl\":\"https:\\\/\\\/glamico.ee\\\/wp-content\\\/uploads\\\/2025\\\/11\\\/Glamico-1.png\",\"width\":627,\"height\":400,\"caption\":\"Glamico Baltics O\u00dc\"},\"image\":{\"@id\":\"https:\\\/\\\/glamico.ee\\\/#\\\/schema\\\/logo\\\/image\\\/\"},\"sameAs\":[\"https:\\\/\\\/www.instagram.com\\\/glamico.ee\\\/\"]}]}<\/script>\n<!-- \/ Yoast SEO plugin. -->","yoast_head_json":{"title":"Swederm HUDLOTION \u2013 niisutav ja siluv k\u00e4te- ja kehakreem 500ml - Glamico","robots":{"index":"index","follow":"follow","max-snippet":"max-snippet:-1","max-image-preview":"max-image-preview:large","max-video-preview":"max-video-preview:-1"},"canonical":"https:\/\/glamico.ee\/en\/pood\/swederm-hudlotion-niisutav-ja-siluv-kate-ja-kehakreem-500ml\/","og_locale":"en_US","og_type":"article","og_title":"Swederm HUDLOTION \u2013 niisutav ja siluv k\u00e4te- ja kehakreem 500ml - Glamico","og_description":"S\u00fcgavniisutus ja siidine pehmus igap\u00e4evaseks hoolduseks.  Swederm HUDLOTION on kerge tekstuuriga k\u00e4te- ja kehakreem, mis imendub kiiresti ega j\u00e4ta nahale kleepuvat kihti. T\u00e4nu rikkalikule emollientide sisaldusele v\u00e4hendab kreem liigset niiskuskadu, taastab naha kaitsebarj\u00e4\u00e4ri ja muudab selle siledaks ning elastseks.  Miks HUDLOTION on eriline? Uurea k\u00f5rge sisaldus \u2013 tugeva niisutava ja pehmendava toimega, suurendab naha l\u00e4bilaskvust teistele toimeainetele.  Sheav\u00f5i \u2013 taastab epidermist, tugevdab lipiidbarj\u00e4\u00e4ri ja parandab naha toonust.  Allantoiin \u2013 rahustab \u00e4rritusi, niisutab ja silub nahka, soodustades taastumist.  E-vitamiin (nooruse vitamiin) \u2013 kaitseb vabade radikaalide eest, aeglustab vananemisprotsessi ja parandab naha elastsust.  Kasutamine Sobib igap\u00e4evaseks hoolduseks nii k\u00e4tele kui kehale.  P\u00e4evasel ajal imendub kiiresti ja j\u00e4tab naha pehmeks.  \u00d5htul v\u00f5ib kanda kuivematele piirkondadele paksema kihi v\u00f5i kombineerida Swederm GEL TRAP intensiivse niisutava kehageeliga.  Koostis Aqua, Stearic Acid, Isopropyl Myristate, Propanediol, Cetyl Alcohol, Urea, Dimethicone, Glycol Distearate, Capryloyl Glycerin\/Sebacic Acid Copolymer, Phenoxyethanol, Stearyl Alcohol, Butyrospermum Parkii Butter, Diheptyl Succinate, Parfum, Triethanolamine, Polysorbate 80, Tocopheryl Acetate, PEG-40 Hydrogenated Castor Oil, Lactic Acid, Allantoin, Xanthan Gum, Ethylhexylglycerin, Citric Acid.","og_url":"https:\/\/glamico.ee\/en\/pood\/swederm-hudlotion-niisutav-ja-siluv-kate-ja-kehakreem-500ml\/","og_site_name":"Glamico","article_modified_time":"2026-04-19T10:16:46+00:00","og_image":[{"width":375,"height":500,"url":"https:\/\/glamico.ee\/wp-content\/uploads\/2025\/10\/5905669134026_hudlotion_4.jpg","type":"image\/jpeg"}],"twitter_card":"summary_large_image","twitter_misc":{"Est. reading time":"1 minute"},"schema":{"@context":"https:\/\/schema.org","@graph":[{"@type":"WebPage","@id":"https:\/\/glamico.ee\/pood\/swederm-hudlotion-niisutav-ja-siluv-kate-ja-kehakreem-500ml\/","url":"https:\/\/glamico.ee\/pood\/swederm-hudlotion-niisutav-ja-siluv-kate-ja-kehakreem-500ml\/","name":"Swederm HUDLOTION \u2013 niisutav ja siluv k\u00e4te- ja kehakreem 500ml - Glamico","isPartOf":{"@id":"https:\/\/glamico.ee\/#website"},"primaryImageOfPage":{"@id":"https:\/\/glamico.ee\/pood\/swederm-hudlotion-niisutav-ja-siluv-kate-ja-kehakreem-500ml\/#primaryimage"},"image":{"@id":"https:\/\/glamico.ee\/pood\/swederm-hudlotion-niisutav-ja-siluv-kate-ja-kehakreem-500ml\/#primaryimage"},"thumbnailUrl":"https:\/\/glamico.ee\/wp-content\/uploads\/2025\/10\/5905669134026_hudlotion_4.jpg","datePublished":"2025-10-07T08:32:16+00:00","dateModified":"2026-04-19T10:16:46+00:00","breadcrumb":{"@id":"https:\/\/glamico.ee\/pood\/swederm-hudlotion-niisutav-ja-siluv-kate-ja-kehakreem-500ml\/#breadcrumb"},"inLanguage":"en-US","potentialAction":[{"@type":"ReadAction","target":["https:\/\/glamico.ee\/pood\/swederm-hudlotion-niisutav-ja-siluv-kate-ja-kehakreem-500ml\/"]}]},{"@type":"ImageObject","inLanguage":"en-US","@id":"https:\/\/glamico.ee\/pood\/swederm-hudlotion-niisutav-ja-siluv-kate-ja-kehakreem-500ml\/#primaryimage","url":"https:\/\/glamico.ee\/wp-content\/uploads\/2025\/10\/5905669134026_hudlotion_4.jpg","contentUrl":"https:\/\/glamico.ee\/wp-content\/uploads\/2025\/10\/5905669134026_hudlotion_4.jpg","width":375,"height":500},{"@type":"BreadcrumbList","@id":"https:\/\/glamico.ee\/pood\/swederm-hudlotion-niisutav-ja-siluv-kate-ja-kehakreem-500ml\/#breadcrumb","itemListElement":[{"@type":"ListItem","position":1,"name":"Home","item":"https:\/\/glamico.ee\/"},{"@type":"ListItem","position":2,"name":"Pood","item":"https:\/\/glamico.ee\/pood\/"},{"@type":"ListItem","position":3,"name":"Swederm HUDLOTION \u2013 niisutav ja siluv k\u00e4te- ja kehakreem 500ml"}]},{"@type":"WebSite","@id":"https:\/\/glamico.ee\/#website","url":"https:\/\/glamico.ee\/","name":"Glamico","description":"Ilutooted","publisher":{"@id":"https:\/\/glamico.ee\/#organization"},"potentialAction":[{"@type":"SearchAction","target":{"@type":"EntryPoint","urlTemplate":"https:\/\/glamico.ee\/?s={search_term_string}"},"query-input":{"@type":"PropertyValueSpecification","valueRequired":true,"valueName":"search_term_string"}}],"inLanguage":"en-US"},{"@type":"Organization","@id":"https:\/\/glamico.ee\/#organization","name":"Glamico Baltics O\u00dc","url":"https:\/\/glamico.ee\/","logo":{"@type":"ImageObject","inLanguage":"en-US","@id":"https:\/\/glamico.ee\/#\/schema\/logo\/image\/","url":"https:\/\/glamico.ee\/wp-content\/uploads\/2025\/11\/Glamico-1.png","contentUrl":"https:\/\/glamico.ee\/wp-content\/uploads\/2025\/11\/Glamico-1.png","width":627,"height":400,"caption":"Glamico Baltics O\u00dc"},"image":{"@id":"https:\/\/glamico.ee\/#\/schema\/logo\/image\/"},"sameAs":["https:\/\/www.instagram.com\/glamico.ee\/"]}]}},"brands":[{"id":92,"name":"Swederm","slug":"swederm"}],"_links":{"self":[{"href":"https:\/\/glamico.ee\/en\/wp-json\/wp\/v2\/product\/1773","targetHints":{"allow":["GET"]}}],"collection":[{"href":"https:\/\/glamico.ee\/en\/wp-json\/wp\/v2\/product"}],"about":[{"href":"https:\/\/glamico.ee\/en\/wp-json\/wp\/v2\/types\/product"}],"version-history":[{"count":1,"href":"https:\/\/glamico.ee\/en\/wp-json\/wp\/v2\/product\/1773\/revisions"}],"predecessor-version":[{"id":2352,"href":"https:\/\/glamico.ee\/en\/wp-json\/wp\/v2\/product\/1773\/revisions\/2352"}],"wp:featuredmedia":[{"embeddable":true,"href":"https:\/\/glamico.ee\/en\/wp-json\/wp\/v2\/media\/1805"}],"wp:attachment":[{"href":"https:\/\/glamico.ee\/en\/wp-json\/wp\/v2\/media?parent=1773"}],"wp:term":[{"taxonomy":"pwb-brand","embeddable":true,"href":"https:\/\/glamico.ee\/en\/wp-json\/wp\/v2\/pwb-brand?post=1773"},{"taxonomy":"product_brand","embeddable":true,"href":"https:\/\/glamico.ee\/en\/wp-json\/wp\/v2\/product_brand?post=1773"},{"taxonomy":"product_cat","embeddable":true,"href":"https:\/\/glamico.ee\/en\/wp-json\/wp\/v2\/product_cat?post=1773"},{"taxonomy":"product_tag","embeddable":true,"href":"https:\/\/glamico.ee\/en\/wp-json\/wp\/v2\/product_tag?post=1773"}],"curies":[{"name":"wp","href":"https:\/\/api.w.org\/{rel}","templated":true}]}}