{"id":1766,"date":"2025-10-07T10:23:26","date_gmt":"2025-10-07T08:23:26","guid":{"rendered":"https:\/\/glamico.ee\/?post_type=product&#038;p=1766"},"modified":"2026-04-18T12:48:07","modified_gmt":"2026-04-18T10:48:07","slug":"swederm-gel-trap-pink-revolution-250ml","status":"publish","type":"product","link":"https:\/\/glamico.ee\/en\/pood\/swederm-gel-trap-pink-revolution-250ml\/","title":{"rendered":"Swederm GEL TRAP \u2013 PINK REVOLUTION kehakreem 250ml"},"content":{"rendered":"","protected":false},"excerpt":{"rendered":"<p>Revolutsiooniline kehageel intensiivseks niisutuseks ja rahustuseks<\/p>\n<p>Avasta Swederm GEL TRAP \u2013 PINK REVOLUTION, erakordselt t\u00f5hus kehageel, mis pakub kohest leevendust kuivale ja tundlikule nahale. T\u00e4nu h\u00fcaluroonhappe ja E-vitamiini \u2013 tuntud kui nooruse vitamiin \u2013 kombinatsioonile taastab geel naha niiskustasakaalu, muudab selle elastseks ja siidiselt siledaks juba p\u00e4rast esimest kasutuskorda.<\/p>\n<p>Miks see t\u00f6\u00f6tab?<br \/>\nS\u00fcgavniisutus ja pehmus \u2013 h\u00fcaluroonhape ja gl\u00fctseriin seovad niiskust, hoides naha kauem elastse ja s\u00e4ravana.<\/p>\n<p>Tugev kaitse ja taastumine \u2013 skvalaan aitab taastada naha lipiidbarj\u00e4\u00e4ri, v\u00e4hendab niiskuskadu ja toimib loodusliku antioks\u00fcdandina.<\/p>\n<p>Rahustav ja taastav toime \u2013 allantoiin ja bisabolool leevendavad punetust, \u00e4rritust ja p\u00f5letikulisi muutusi, toetades naha loomulikku paranemist.<\/p>\n<p>Noorendav m\u00f5ju \u2013 E-vitamiin kaitseb nahka vabade radikaalide eest, aeglustades vananemisprotsessi.<\/p>\n<p>Kerge ja meeldiv tekstuur \u2013 imendub kiiresti, ei j\u00e4ta nahale \u00f5list kihti ning hellitab \u00f5rna l\u00f5hnaga.<\/p>\n<p>Sobib ideaalselt<br \/>\nV\u00e4ga kuivale ja karedale nahale (jalad, k\u00e4ed, k\u00e4sivarred, keha)<\/p>\n<p>P\u00e4rast p\u00e4ikese k\u00e4es viibimist v\u00f5i naha\u00e4rrituste leevendamiseks<\/p>\n<p>Igap\u00e4evaseks hoolduseks, kui soovid siidiselt siledat ja elastset nahka<\/p>\n<p>Koostis (INCI)<br \/>\nAqua, Glycerin, Isopropyl Myristate, Propanediol, Octyldodecanol, Hydroxyethyl Acrylate\/Sodium Acryloyldimethyl Taurate Copolymer, Dimethicone, Phenoxyethanol, Tocopheryl Acetate, Octyldodecyl Xyloside, PEG-30 Dipolyhydroxystearate, Parfum, Bisabolol, Allantoin, Sodium Hyaluronate, Ethylhexylglycerin, Squalane, Polysorbate 60, CI 17200.<\/p>","protected":false},"featured_media":1811,"template":"","meta":[],"pwb-brand":[92],"product_brand":[],"product_cat":[31],"product_tag":[],"class_list":{"0":"post-1766","1":"product","2":"type-product","3":"status-publish","4":"has-post-thumbnail","6":"pwb-brand-swederm","7":"product_cat-keha","9":"first","10":"instock","11":"taxable","12":"shipping-taxable","13":"purchasable","14":"product-type-simple"},"yoast_head":"<!-- This site is optimized with the Yoast SEO plugin v27.3 - https:\/\/yoast.com\/product\/yoast-seo-wordpress\/ -->\n<title>Swederm GEL TRAP \u2013 PINK REVOLUTION kehakreem 250ml - Glamico<\/title>\n<meta name=\"robots\" content=\"index, follow, max-snippet:-1, max-image-preview:large, max-video-preview:-1\" \/>\n<link rel=\"canonical\" href=\"https:\/\/glamico.ee\/en\/pood\/swederm-gel-trap-pink-revolution-250ml\/\" \/>\n<meta property=\"og:locale\" content=\"en_US\" \/>\n<meta property=\"og:type\" content=\"article\" \/>\n<meta property=\"og:title\" content=\"Swederm GEL TRAP \u2013 PINK REVOLUTION kehakreem 250ml - Glamico\" \/>\n<meta property=\"og:description\" content=\"Revolutsiooniline kehageel intensiivseks niisutuseks ja rahustuseks  Avasta Swederm GEL TRAP \u2013 PINK REVOLUTION, erakordselt t\u00f5hus kehageel, mis pakub kohest leevendust kuivale ja tundlikule nahale. T\u00e4nu h\u00fcaluroonhappe ja E-vitamiini \u2013 tuntud kui nooruse vitamiin \u2013 kombinatsioonile taastab geel naha niiskustasakaalu, muudab selle elastseks ja siidiselt siledaks juba p\u00e4rast esimest kasutuskorda.  Miks see t\u00f6\u00f6tab? S\u00fcgavniisutus ja pehmus \u2013 h\u00fcaluroonhape ja gl\u00fctseriin seovad niiskust, hoides naha kauem elastse ja s\u00e4ravana.  Tugev kaitse ja taastumine \u2013 skvalaan aitab taastada naha lipiidbarj\u00e4\u00e4ri, v\u00e4hendab niiskuskadu ja toimib loodusliku antioks\u00fcdandina.  Rahustav ja taastav toime \u2013 allantoiin ja bisabolool leevendavad punetust, \u00e4rritust ja p\u00f5letikulisi muutusi, toetades naha loomulikku paranemist.  Noorendav m\u00f5ju \u2013 E-vitamiin kaitseb nahka vabade radikaalide eest, aeglustades vananemisprotsessi.  Kerge ja meeldiv tekstuur \u2013 imendub kiiresti, ei j\u00e4ta nahale \u00f5list kihti ning hellitab \u00f5rna l\u00f5hnaga.  Sobib ideaalselt V\u00e4ga kuivale ja karedale nahale (jalad, k\u00e4ed, k\u00e4sivarred, keha)  P\u00e4rast p\u00e4ikese k\u00e4es viibimist v\u00f5i naha\u00e4rrituste leevendamiseks  Igap\u00e4evaseks hoolduseks, kui soovid siidiselt siledat ja elastset nahka  Koostis (INCI) Aqua, Glycerin, Isopropyl Myristate, Propanediol, Octyldodecanol, Hydroxyethyl Acrylate\/Sodium Acryloyldimethyl Taurate Copolymer, Dimethicone, Phenoxyethanol, Tocopheryl Acetate, Octyldodecyl Xyloside, PEG-30 Dipolyhydroxystearate, Parfum, Bisabolol, Allantoin, Sodium Hyaluronate, Ethylhexylglycerin, Squalane, Polysorbate 60, CI 17200.\" \/>\n<meta property=\"og:url\" content=\"https:\/\/glamico.ee\/en\/pood\/swederm-gel-trap-pink-revolution-250ml\/\" \/>\n<meta property=\"og:site_name\" content=\"Glamico\" \/>\n<meta property=\"article:modified_time\" content=\"2026-04-18T10:48:07+00:00\" \/>\n<meta property=\"og:image\" content=\"https:\/\/glamico.ee\/wp-content\/uploads\/2025\/10\/5905669134170_gel-trap_1.jpg\" \/>\n\t<meta property=\"og:image:width\" content=\"375\" \/>\n\t<meta property=\"og:image:height\" content=\"500\" \/>\n\t<meta property=\"og:image:type\" content=\"image\/jpeg\" \/>\n<meta name=\"twitter:card\" content=\"summary_large_image\" \/>\n<meta name=\"twitter:label1\" content=\"Est. reading time\" \/>\n\t<meta name=\"twitter:data1\" content=\"1 minute\" \/>\n<script type=\"application\/ld+json\" class=\"yoast-schema-graph\">{\"@context\":\"https:\\\/\\\/schema.org\",\"@graph\":[{\"@type\":\"WebPage\",\"@id\":\"https:\\\/\\\/glamico.ee\\\/pood\\\/swederm-gel-trap-pink-revolution-250ml\\\/\",\"url\":\"https:\\\/\\\/glamico.ee\\\/pood\\\/swederm-gel-trap-pink-revolution-250ml\\\/\",\"name\":\"Swederm GEL TRAP \u2013 PINK REVOLUTION kehakreem 250ml - Glamico\",\"isPartOf\":{\"@id\":\"https:\\\/\\\/glamico.ee\\\/#website\"},\"primaryImageOfPage\":{\"@id\":\"https:\\\/\\\/glamico.ee\\\/pood\\\/swederm-gel-trap-pink-revolution-250ml\\\/#primaryimage\"},\"image\":{\"@id\":\"https:\\\/\\\/glamico.ee\\\/pood\\\/swederm-gel-trap-pink-revolution-250ml\\\/#primaryimage\"},\"thumbnailUrl\":\"https:\\\/\\\/glamico.ee\\\/wp-content\\\/uploads\\\/2025\\\/10\\\/5905669134170_gel-trap_1.jpg\",\"datePublished\":\"2025-10-07T08:23:26+00:00\",\"dateModified\":\"2026-04-18T10:48:07+00:00\",\"breadcrumb\":{\"@id\":\"https:\\\/\\\/glamico.ee\\\/pood\\\/swederm-gel-trap-pink-revolution-250ml\\\/#breadcrumb\"},\"inLanguage\":\"en-US\",\"potentialAction\":[{\"@type\":\"ReadAction\",\"target\":[\"https:\\\/\\\/glamico.ee\\\/pood\\\/swederm-gel-trap-pink-revolution-250ml\\\/\"]}]},{\"@type\":\"ImageObject\",\"inLanguage\":\"en-US\",\"@id\":\"https:\\\/\\\/glamico.ee\\\/pood\\\/swederm-gel-trap-pink-revolution-250ml\\\/#primaryimage\",\"url\":\"https:\\\/\\\/glamico.ee\\\/wp-content\\\/uploads\\\/2025\\\/10\\\/5905669134170_gel-trap_1.jpg\",\"contentUrl\":\"https:\\\/\\\/glamico.ee\\\/wp-content\\\/uploads\\\/2025\\\/10\\\/5905669134170_gel-trap_1.jpg\",\"width\":375,\"height\":500},{\"@type\":\"BreadcrumbList\",\"@id\":\"https:\\\/\\\/glamico.ee\\\/pood\\\/swederm-gel-trap-pink-revolution-250ml\\\/#breadcrumb\",\"itemListElement\":[{\"@type\":\"ListItem\",\"position\":1,\"name\":\"Home\",\"item\":\"https:\\\/\\\/glamico.ee\\\/\"},{\"@type\":\"ListItem\",\"position\":2,\"name\":\"Pood\",\"item\":\"https:\\\/\\\/glamico.ee\\\/pood\\\/\"},{\"@type\":\"ListItem\",\"position\":3,\"name\":\"Swederm GEL TRAP \u2013 PINK REVOLUTION kehakreem 250ml\"}]},{\"@type\":\"WebSite\",\"@id\":\"https:\\\/\\\/glamico.ee\\\/#website\",\"url\":\"https:\\\/\\\/glamico.ee\\\/\",\"name\":\"Glamico\",\"description\":\"Ilutooted\",\"publisher\":{\"@id\":\"https:\\\/\\\/glamico.ee\\\/#organization\"},\"potentialAction\":[{\"@type\":\"SearchAction\",\"target\":{\"@type\":\"EntryPoint\",\"urlTemplate\":\"https:\\\/\\\/glamico.ee\\\/?s={search_term_string}\"},\"query-input\":{\"@type\":\"PropertyValueSpecification\",\"valueRequired\":true,\"valueName\":\"search_term_string\"}}],\"inLanguage\":\"en-US\"},{\"@type\":\"Organization\",\"@id\":\"https:\\\/\\\/glamico.ee\\\/#organization\",\"name\":\"Glamico Baltics O\u00dc\",\"url\":\"https:\\\/\\\/glamico.ee\\\/\",\"logo\":{\"@type\":\"ImageObject\",\"inLanguage\":\"en-US\",\"@id\":\"https:\\\/\\\/glamico.ee\\\/#\\\/schema\\\/logo\\\/image\\\/\",\"url\":\"https:\\\/\\\/glamico.ee\\\/wp-content\\\/uploads\\\/2025\\\/11\\\/Glamico-1.png\",\"contentUrl\":\"https:\\\/\\\/glamico.ee\\\/wp-content\\\/uploads\\\/2025\\\/11\\\/Glamico-1.png\",\"width\":627,\"height\":400,\"caption\":\"Glamico Baltics O\u00dc\"},\"image\":{\"@id\":\"https:\\\/\\\/glamico.ee\\\/#\\\/schema\\\/logo\\\/image\\\/\"},\"sameAs\":[\"https:\\\/\\\/www.instagram.com\\\/glamico.ee\\\/\"]}]}<\/script>\n<!-- \/ Yoast SEO plugin. -->","yoast_head_json":{"title":"Swederm GEL TRAP \u2013 PINK REVOLUTION kehakreem 250ml - Glamico","robots":{"index":"index","follow":"follow","max-snippet":"max-snippet:-1","max-image-preview":"max-image-preview:large","max-video-preview":"max-video-preview:-1"},"canonical":"https:\/\/glamico.ee\/en\/pood\/swederm-gel-trap-pink-revolution-250ml\/","og_locale":"en_US","og_type":"article","og_title":"Swederm GEL TRAP \u2013 PINK REVOLUTION kehakreem 250ml - Glamico","og_description":"Revolutsiooniline kehageel intensiivseks niisutuseks ja rahustuseks  Avasta Swederm GEL TRAP \u2013 PINK REVOLUTION, erakordselt t\u00f5hus kehageel, mis pakub kohest leevendust kuivale ja tundlikule nahale. T\u00e4nu h\u00fcaluroonhappe ja E-vitamiini \u2013 tuntud kui nooruse vitamiin \u2013 kombinatsioonile taastab geel naha niiskustasakaalu, muudab selle elastseks ja siidiselt siledaks juba p\u00e4rast esimest kasutuskorda.  Miks see t\u00f6\u00f6tab? S\u00fcgavniisutus ja pehmus \u2013 h\u00fcaluroonhape ja gl\u00fctseriin seovad niiskust, hoides naha kauem elastse ja s\u00e4ravana.  Tugev kaitse ja taastumine \u2013 skvalaan aitab taastada naha lipiidbarj\u00e4\u00e4ri, v\u00e4hendab niiskuskadu ja toimib loodusliku antioks\u00fcdandina.  Rahustav ja taastav toime \u2013 allantoiin ja bisabolool leevendavad punetust, \u00e4rritust ja p\u00f5letikulisi muutusi, toetades naha loomulikku paranemist.  Noorendav m\u00f5ju \u2013 E-vitamiin kaitseb nahka vabade radikaalide eest, aeglustades vananemisprotsessi.  Kerge ja meeldiv tekstuur \u2013 imendub kiiresti, ei j\u00e4ta nahale \u00f5list kihti ning hellitab \u00f5rna l\u00f5hnaga.  Sobib ideaalselt V\u00e4ga kuivale ja karedale nahale (jalad, k\u00e4ed, k\u00e4sivarred, keha)  P\u00e4rast p\u00e4ikese k\u00e4es viibimist v\u00f5i naha\u00e4rrituste leevendamiseks  Igap\u00e4evaseks hoolduseks, kui soovid siidiselt siledat ja elastset nahka  Koostis (INCI) Aqua, Glycerin, Isopropyl Myristate, Propanediol, Octyldodecanol, Hydroxyethyl Acrylate\/Sodium Acryloyldimethyl Taurate Copolymer, Dimethicone, Phenoxyethanol, Tocopheryl Acetate, Octyldodecyl Xyloside, PEG-30 Dipolyhydroxystearate, Parfum, Bisabolol, Allantoin, Sodium Hyaluronate, Ethylhexylglycerin, Squalane, Polysorbate 60, CI 17200.","og_url":"https:\/\/glamico.ee\/en\/pood\/swederm-gel-trap-pink-revolution-250ml\/","og_site_name":"Glamico","article_modified_time":"2026-04-18T10:48:07+00:00","og_image":[{"width":375,"height":500,"url":"https:\/\/glamico.ee\/wp-content\/uploads\/2025\/10\/5905669134170_gel-trap_1.jpg","type":"image\/jpeg"}],"twitter_card":"summary_large_image","twitter_misc":{"Est. reading time":"1 minute"},"schema":{"@context":"https:\/\/schema.org","@graph":[{"@type":"WebPage","@id":"https:\/\/glamico.ee\/pood\/swederm-gel-trap-pink-revolution-250ml\/","url":"https:\/\/glamico.ee\/pood\/swederm-gel-trap-pink-revolution-250ml\/","name":"Swederm GEL TRAP \u2013 PINK REVOLUTION kehakreem 250ml - Glamico","isPartOf":{"@id":"https:\/\/glamico.ee\/#website"},"primaryImageOfPage":{"@id":"https:\/\/glamico.ee\/pood\/swederm-gel-trap-pink-revolution-250ml\/#primaryimage"},"image":{"@id":"https:\/\/glamico.ee\/pood\/swederm-gel-trap-pink-revolution-250ml\/#primaryimage"},"thumbnailUrl":"https:\/\/glamico.ee\/wp-content\/uploads\/2025\/10\/5905669134170_gel-trap_1.jpg","datePublished":"2025-10-07T08:23:26+00:00","dateModified":"2026-04-18T10:48:07+00:00","breadcrumb":{"@id":"https:\/\/glamico.ee\/pood\/swederm-gel-trap-pink-revolution-250ml\/#breadcrumb"},"inLanguage":"en-US","potentialAction":[{"@type":"ReadAction","target":["https:\/\/glamico.ee\/pood\/swederm-gel-trap-pink-revolution-250ml\/"]}]},{"@type":"ImageObject","inLanguage":"en-US","@id":"https:\/\/glamico.ee\/pood\/swederm-gel-trap-pink-revolution-250ml\/#primaryimage","url":"https:\/\/glamico.ee\/wp-content\/uploads\/2025\/10\/5905669134170_gel-trap_1.jpg","contentUrl":"https:\/\/glamico.ee\/wp-content\/uploads\/2025\/10\/5905669134170_gel-trap_1.jpg","width":375,"height":500},{"@type":"BreadcrumbList","@id":"https:\/\/glamico.ee\/pood\/swederm-gel-trap-pink-revolution-250ml\/#breadcrumb","itemListElement":[{"@type":"ListItem","position":1,"name":"Home","item":"https:\/\/glamico.ee\/"},{"@type":"ListItem","position":2,"name":"Pood","item":"https:\/\/glamico.ee\/pood\/"},{"@type":"ListItem","position":3,"name":"Swederm GEL TRAP \u2013 PINK REVOLUTION kehakreem 250ml"}]},{"@type":"WebSite","@id":"https:\/\/glamico.ee\/#website","url":"https:\/\/glamico.ee\/","name":"Glamico","description":"Ilutooted","publisher":{"@id":"https:\/\/glamico.ee\/#organization"},"potentialAction":[{"@type":"SearchAction","target":{"@type":"EntryPoint","urlTemplate":"https:\/\/glamico.ee\/?s={search_term_string}"},"query-input":{"@type":"PropertyValueSpecification","valueRequired":true,"valueName":"search_term_string"}}],"inLanguage":"en-US"},{"@type":"Organization","@id":"https:\/\/glamico.ee\/#organization","name":"Glamico Baltics O\u00dc","url":"https:\/\/glamico.ee\/","logo":{"@type":"ImageObject","inLanguage":"en-US","@id":"https:\/\/glamico.ee\/#\/schema\/logo\/image\/","url":"https:\/\/glamico.ee\/wp-content\/uploads\/2025\/11\/Glamico-1.png","contentUrl":"https:\/\/glamico.ee\/wp-content\/uploads\/2025\/11\/Glamico-1.png","width":627,"height":400,"caption":"Glamico Baltics O\u00dc"},"image":{"@id":"https:\/\/glamico.ee\/#\/schema\/logo\/image\/"},"sameAs":["https:\/\/www.instagram.com\/glamico.ee\/"]}]}},"brands":[{"id":92,"name":"Swederm","slug":"swederm"}],"_links":{"self":[{"href":"https:\/\/glamico.ee\/en\/wp-json\/wp\/v2\/product\/1766","targetHints":{"allow":["GET"]}}],"collection":[{"href":"https:\/\/glamico.ee\/en\/wp-json\/wp\/v2\/product"}],"about":[{"href":"https:\/\/glamico.ee\/en\/wp-json\/wp\/v2\/types\/product"}],"version-history":[{"count":1,"href":"https:\/\/glamico.ee\/en\/wp-json\/wp\/v2\/product\/1766\/revisions"}],"predecessor-version":[{"id":1923,"href":"https:\/\/glamico.ee\/en\/wp-json\/wp\/v2\/product\/1766\/revisions\/1923"}],"wp:featuredmedia":[{"embeddable":true,"href":"https:\/\/glamico.ee\/en\/wp-json\/wp\/v2\/media\/1811"}],"wp:attachment":[{"href":"https:\/\/glamico.ee\/en\/wp-json\/wp\/v2\/media?parent=1766"}],"wp:term":[{"taxonomy":"pwb-brand","embeddable":true,"href":"https:\/\/glamico.ee\/en\/wp-json\/wp\/v2\/pwb-brand?post=1766"},{"taxonomy":"product_brand","embeddable":true,"href":"https:\/\/glamico.ee\/en\/wp-json\/wp\/v2\/product_brand?post=1766"},{"taxonomy":"product_cat","embeddable":true,"href":"https:\/\/glamico.ee\/en\/wp-json\/wp\/v2\/product_cat?post=1766"},{"taxonomy":"product_tag","embeddable":true,"href":"https:\/\/glamico.ee\/en\/wp-json\/wp\/v2\/product_tag?post=1766"}],"curies":[{"name":"wp","href":"https:\/\/api.w.org\/{rel}","templated":true}]}}