{"id":1759,"date":"2025-10-07T10:14:05","date_gmt":"2025-10-07T08:14:05","guid":{"rendered":"https:\/\/glamico.ee\/?post_type=product&#038;p=1759"},"modified":"2025-10-07T11:12:54","modified_gmt":"2025-10-07T09:12:54","slug":"swederm-face-booster-toitev-naoemulsioon-100ml","status":"publish","type":"product","link":"https:\/\/glamico.ee\/en\/pood\/swederm-face-booster-toitev-naoemulsioon-100ml\/","title":{"rendered":"Swederm FACE BOOSTER \u2013 toitev n\u00e4oemulsioon 100ml"},"content":{"rendered":"","protected":false},"excerpt":{"rendered":"<p>Igap\u00e4evane nahatoit, mis annab sinu nahale energiat, niiskust ja kaitset.<\/p>\n<p>FACE BOOSTER on uuenduslik n\u00e4oemulsioon, mis toimib kui toidulisand nahale. T\u00e4nu k\u00f5rgele kontsentratsioonile orgaanilisi toimeaineid pakub see s\u00fcgavat niisutust, tugevdab naha kaitsebarj\u00e4\u00e4ri ja stimuleerib lipiidide taastootmist. Tulemuseks on siidiselt pehme, elastne ja s\u00e4rav nahk igas vanuses.<\/p>\n<p>Miks valida FACE BOOSTER?<br \/>\nNiisutab ja toidab \u2013 aaloe viljaliha ja taime\u00f5lid annavad nahale s\u00fcgava niiskuse ja rahustavad \u00e4rritusi.<\/p>\n<p>Tugevdab kaitsebarj\u00e4\u00e4ri \u2013 jojoba-, viinamarjaseemne-, nisuidu\u00f5li ja sheav\u00f5i taastavad naha lipiidikihti, v\u00e4hendades niiskuskadu.<\/p>\n<p>Antioks\u00fcdantne kaitse \u2013 rikkalik segu taimeekstraktidest (nt kappar, lavendel, viigikaktus, oliivileht, apelsinikooreekstrakt) kaitseb nahka vabade radikaalide eest ja aeglustab vananemisprotsessi.<\/p>\n<p>Kerge ja mitmek\u00fclgne \u2013 imendub kiiresti, ei j\u00e4ta nahale rasvast ega kleepuvat kihti. Sobib kasutada kontsentreeritud seerumina p\u00e4ikesekaitse v\u00f5i meigi all.<\/p>\n<p>Universaalne hooldus \u2013 sobib k\u00f5igile nahat\u00fc\u00fcpidele, alates noorest ja \u00f5rnast kuni k\u00fcpse ja stressis nahani. T\u00e4nu ultrakergele tekstuurile on ideaalne ka meestele.<\/p>\n<p>Koostisosad (INCI)<br \/>\nAqua, Aloe Barbadensis Leaf Extract, Glycerin, Olea Europaea Fruit Extract, Simmondsia Chinensis Seed Oil, Butyrospermum Parkii Butter, Cetearyl Alcohol, Nicotiana Tabacum Leaf Extract, Vitis Vinifera Seed Oil, Lavandula Angustifolia Flower Extract, Citrus Aurantium Dulcis Peel Extract, Triticum Vulgare Germ Oil, Capparis Spinosa Fruit Extract, Opuntia Ficus-indica Extract, Olea Europaea Leaf Extract, Betaine, Acacia Senegal Gum, Benzyl Alcohol, Salicylic Acid, Sorbic Acid, Sodium Dehydroacetate, Xanthan Gum, Maltodextrin, Algin, Citric Acid, Limonene, Linalool. \\* mahep\u00f5llumajandusest<\/p>","protected":false},"featured_media":1823,"template":"","meta":[],"pwb-brand":[92],"product_brand":[],"product_cat":[30],"product_tag":[],"class_list":{"0":"post-1759","1":"product","2":"type-product","3":"status-publish","4":"has-post-thumbnail","6":"pwb-brand-swederm","7":"product_cat-nagu","9":"first","10":"instock","11":"taxable","12":"shipping-taxable","13":"purchasable","14":"product-type-simple"},"yoast_head":"<!-- This site is optimized with the Yoast SEO plugin v27.3 - https:\/\/yoast.com\/product\/yoast-seo-wordpress\/ -->\n<title>Swederm FACE BOOSTER \u2013 toitev n\u00e4oemulsioon 100ml - Glamico<\/title>\n<meta name=\"robots\" content=\"index, follow, max-snippet:-1, max-image-preview:large, max-video-preview:-1\" \/>\n<link rel=\"canonical\" href=\"https:\/\/glamico.ee\/en\/pood\/swederm-face-booster-toitev-naoemulsioon-100ml\/\" \/>\n<meta property=\"og:locale\" content=\"en_US\" \/>\n<meta property=\"og:type\" content=\"article\" \/>\n<meta property=\"og:title\" content=\"Swederm FACE BOOSTER \u2013 toitev n\u00e4oemulsioon 100ml - Glamico\" \/>\n<meta property=\"og:description\" content=\"Igap\u00e4evane nahatoit, mis annab sinu nahale energiat, niiskust ja kaitset.  FACE BOOSTER on uuenduslik n\u00e4oemulsioon, mis toimib kui toidulisand nahale. T\u00e4nu k\u00f5rgele kontsentratsioonile orgaanilisi toimeaineid pakub see s\u00fcgavat niisutust, tugevdab naha kaitsebarj\u00e4\u00e4ri ja stimuleerib lipiidide taastootmist. Tulemuseks on siidiselt pehme, elastne ja s\u00e4rav nahk igas vanuses.  Miks valida FACE BOOSTER? Niisutab ja toidab \u2013 aaloe viljaliha ja taime\u00f5lid annavad nahale s\u00fcgava niiskuse ja rahustavad \u00e4rritusi.  Tugevdab kaitsebarj\u00e4\u00e4ri \u2013 jojoba-, viinamarjaseemne-, nisuidu\u00f5li ja sheav\u00f5i taastavad naha lipiidikihti, v\u00e4hendades niiskuskadu.  Antioks\u00fcdantne kaitse \u2013 rikkalik segu taimeekstraktidest (nt kappar, lavendel, viigikaktus, oliivileht, apelsinikooreekstrakt) kaitseb nahka vabade radikaalide eest ja aeglustab vananemisprotsessi.  Kerge ja mitmek\u00fclgne \u2013 imendub kiiresti, ei j\u00e4ta nahale rasvast ega kleepuvat kihti. Sobib kasutada kontsentreeritud seerumina p\u00e4ikesekaitse v\u00f5i meigi all.  Universaalne hooldus \u2013 sobib k\u00f5igile nahat\u00fc\u00fcpidele, alates noorest ja \u00f5rnast kuni k\u00fcpse ja stressis nahani. T\u00e4nu ultrakergele tekstuurile on ideaalne ka meestele.  Koostisosad (INCI) Aqua, Aloe Barbadensis Leaf Extract, Glycerin, Olea Europaea Fruit Extract, Simmondsia Chinensis Seed Oil, Butyrospermum Parkii Butter, Cetearyl Alcohol, Nicotiana Tabacum Leaf Extract, Vitis Vinifera Seed Oil, Lavandula Angustifolia Flower Extract, Citrus Aurantium Dulcis Peel Extract, Triticum Vulgare Germ Oil, Capparis Spinosa Fruit Extract, Opuntia Ficus-indica Extract, Olea Europaea Leaf Extract, Betaine, Acacia Senegal Gum, Benzyl Alcohol, Salicylic Acid, Sorbic Acid, Sodium Dehydroacetate, Xanthan Gum, Maltodextrin, Algin, Citric Acid, Limonene, Linalool. * mahep\u00f5llumajandusest\" \/>\n<meta property=\"og:url\" content=\"https:\/\/glamico.ee\/en\/pood\/swederm-face-booster-toitev-naoemulsioon-100ml\/\" \/>\n<meta property=\"og:site_name\" content=\"Glamico\" \/>\n<meta property=\"article:modified_time\" content=\"2025-10-07T09:12:54+00:00\" \/>\n<meta property=\"og:image\" content=\"https:\/\/glamico.ee\/wp-content\/uploads\/2025\/10\/5905669134590_face-booster_2.jpg\" \/>\n\t<meta property=\"og:image:width\" content=\"375\" \/>\n\t<meta property=\"og:image:height\" content=\"500\" \/>\n\t<meta property=\"og:image:type\" content=\"image\/jpeg\" \/>\n<meta name=\"twitter:card\" content=\"summary_large_image\" \/>\n<script type=\"application\/ld+json\" class=\"yoast-schema-graph\">{\"@context\":\"https:\\\/\\\/schema.org\",\"@graph\":[{\"@type\":\"WebPage\",\"@id\":\"https:\\\/\\\/glamico.ee\\\/pood\\\/swederm-face-booster-toitev-naoemulsioon-100ml\\\/\",\"url\":\"https:\\\/\\\/glamico.ee\\\/pood\\\/swederm-face-booster-toitev-naoemulsioon-100ml\\\/\",\"name\":\"Swederm FACE BOOSTER \u2013 toitev n\u00e4oemulsioon 100ml - Glamico\",\"isPartOf\":{\"@id\":\"https:\\\/\\\/glamico.ee\\\/#website\"},\"primaryImageOfPage\":{\"@id\":\"https:\\\/\\\/glamico.ee\\\/pood\\\/swederm-face-booster-toitev-naoemulsioon-100ml\\\/#primaryimage\"},\"image\":{\"@id\":\"https:\\\/\\\/glamico.ee\\\/pood\\\/swederm-face-booster-toitev-naoemulsioon-100ml\\\/#primaryimage\"},\"thumbnailUrl\":\"https:\\\/\\\/glamico.ee\\\/wp-content\\\/uploads\\\/2025\\\/10\\\/5905669134590_face-booster_2.jpg\",\"datePublished\":\"2025-10-07T08:14:05+00:00\",\"dateModified\":\"2025-10-07T09:12:54+00:00\",\"breadcrumb\":{\"@id\":\"https:\\\/\\\/glamico.ee\\\/pood\\\/swederm-face-booster-toitev-naoemulsioon-100ml\\\/#breadcrumb\"},\"inLanguage\":\"en-US\",\"potentialAction\":[{\"@type\":\"ReadAction\",\"target\":[\"https:\\\/\\\/glamico.ee\\\/pood\\\/swederm-face-booster-toitev-naoemulsioon-100ml\\\/\"]}]},{\"@type\":\"ImageObject\",\"inLanguage\":\"en-US\",\"@id\":\"https:\\\/\\\/glamico.ee\\\/pood\\\/swederm-face-booster-toitev-naoemulsioon-100ml\\\/#primaryimage\",\"url\":\"https:\\\/\\\/glamico.ee\\\/wp-content\\\/uploads\\\/2025\\\/10\\\/5905669134590_face-booster_2.jpg\",\"contentUrl\":\"https:\\\/\\\/glamico.ee\\\/wp-content\\\/uploads\\\/2025\\\/10\\\/5905669134590_face-booster_2.jpg\",\"width\":375,\"height\":500},{\"@type\":\"BreadcrumbList\",\"@id\":\"https:\\\/\\\/glamico.ee\\\/pood\\\/swederm-face-booster-toitev-naoemulsioon-100ml\\\/#breadcrumb\",\"itemListElement\":[{\"@type\":\"ListItem\",\"position\":1,\"name\":\"Home\",\"item\":\"https:\\\/\\\/glamico.ee\\\/\"},{\"@type\":\"ListItem\",\"position\":2,\"name\":\"Pood\",\"item\":\"https:\\\/\\\/glamico.ee\\\/pood\\\/\"},{\"@type\":\"ListItem\",\"position\":3,\"name\":\"Swederm FACE BOOSTER \u2013 toitev n\u00e4oemulsioon 100ml\"}]},{\"@type\":\"WebSite\",\"@id\":\"https:\\\/\\\/glamico.ee\\\/#website\",\"url\":\"https:\\\/\\\/glamico.ee\\\/\",\"name\":\"Glamico\",\"description\":\"Ilutooted\",\"publisher\":{\"@id\":\"https:\\\/\\\/glamico.ee\\\/#organization\"},\"potentialAction\":[{\"@type\":\"SearchAction\",\"target\":{\"@type\":\"EntryPoint\",\"urlTemplate\":\"https:\\\/\\\/glamico.ee\\\/?s={search_term_string}\"},\"query-input\":{\"@type\":\"PropertyValueSpecification\",\"valueRequired\":true,\"valueName\":\"search_term_string\"}}],\"inLanguage\":\"en-US\"},{\"@type\":\"Organization\",\"@id\":\"https:\\\/\\\/glamico.ee\\\/#organization\",\"name\":\"Glamico Baltics O\u00dc\",\"url\":\"https:\\\/\\\/glamico.ee\\\/\",\"logo\":{\"@type\":\"ImageObject\",\"inLanguage\":\"en-US\",\"@id\":\"https:\\\/\\\/glamico.ee\\\/#\\\/schema\\\/logo\\\/image\\\/\",\"url\":\"https:\\\/\\\/glamico.ee\\\/wp-content\\\/uploads\\\/2025\\\/11\\\/Glamico-1.png\",\"contentUrl\":\"https:\\\/\\\/glamico.ee\\\/wp-content\\\/uploads\\\/2025\\\/11\\\/Glamico-1.png\",\"width\":627,\"height\":400,\"caption\":\"Glamico Baltics O\u00dc\"},\"image\":{\"@id\":\"https:\\\/\\\/glamico.ee\\\/#\\\/schema\\\/logo\\\/image\\\/\"},\"sameAs\":[\"https:\\\/\\\/www.instagram.com\\\/glamico.ee\\\/\"]}]}<\/script>\n<!-- \/ Yoast SEO plugin. -->","yoast_head_json":{"title":"Swederm FACE BOOSTER \u2013 toitev n\u00e4oemulsioon 100ml - Glamico","robots":{"index":"index","follow":"follow","max-snippet":"max-snippet:-1","max-image-preview":"max-image-preview:large","max-video-preview":"max-video-preview:-1"},"canonical":"https:\/\/glamico.ee\/en\/pood\/swederm-face-booster-toitev-naoemulsioon-100ml\/","og_locale":"en_US","og_type":"article","og_title":"Swederm FACE BOOSTER \u2013 toitev n\u00e4oemulsioon 100ml - Glamico","og_description":"Igap\u00e4evane nahatoit, mis annab sinu nahale energiat, niiskust ja kaitset.  FACE BOOSTER on uuenduslik n\u00e4oemulsioon, mis toimib kui toidulisand nahale. T\u00e4nu k\u00f5rgele kontsentratsioonile orgaanilisi toimeaineid pakub see s\u00fcgavat niisutust, tugevdab naha kaitsebarj\u00e4\u00e4ri ja stimuleerib lipiidide taastootmist. Tulemuseks on siidiselt pehme, elastne ja s\u00e4rav nahk igas vanuses.  Miks valida FACE BOOSTER? Niisutab ja toidab \u2013 aaloe viljaliha ja taime\u00f5lid annavad nahale s\u00fcgava niiskuse ja rahustavad \u00e4rritusi.  Tugevdab kaitsebarj\u00e4\u00e4ri \u2013 jojoba-, viinamarjaseemne-, nisuidu\u00f5li ja sheav\u00f5i taastavad naha lipiidikihti, v\u00e4hendades niiskuskadu.  Antioks\u00fcdantne kaitse \u2013 rikkalik segu taimeekstraktidest (nt kappar, lavendel, viigikaktus, oliivileht, apelsinikooreekstrakt) kaitseb nahka vabade radikaalide eest ja aeglustab vananemisprotsessi.  Kerge ja mitmek\u00fclgne \u2013 imendub kiiresti, ei j\u00e4ta nahale rasvast ega kleepuvat kihti. Sobib kasutada kontsentreeritud seerumina p\u00e4ikesekaitse v\u00f5i meigi all.  Universaalne hooldus \u2013 sobib k\u00f5igile nahat\u00fc\u00fcpidele, alates noorest ja \u00f5rnast kuni k\u00fcpse ja stressis nahani. T\u00e4nu ultrakergele tekstuurile on ideaalne ka meestele.  Koostisosad (INCI) Aqua, Aloe Barbadensis Leaf Extract, Glycerin, Olea Europaea Fruit Extract, Simmondsia Chinensis Seed Oil, Butyrospermum Parkii Butter, Cetearyl Alcohol, Nicotiana Tabacum Leaf Extract, Vitis Vinifera Seed Oil, Lavandula Angustifolia Flower Extract, Citrus Aurantium Dulcis Peel Extract, Triticum Vulgare Germ Oil, Capparis Spinosa Fruit Extract, Opuntia Ficus-indica Extract, Olea Europaea Leaf Extract, Betaine, Acacia Senegal Gum, Benzyl Alcohol, Salicylic Acid, Sorbic Acid, Sodium Dehydroacetate, Xanthan Gum, Maltodextrin, Algin, Citric Acid, Limonene, Linalool. * mahep\u00f5llumajandusest","og_url":"https:\/\/glamico.ee\/en\/pood\/swederm-face-booster-toitev-naoemulsioon-100ml\/","og_site_name":"Glamico","article_modified_time":"2025-10-07T09:12:54+00:00","og_image":[{"width":375,"height":500,"url":"https:\/\/glamico.ee\/wp-content\/uploads\/2025\/10\/5905669134590_face-booster_2.jpg","type":"image\/jpeg"}],"twitter_card":"summary_large_image","schema":{"@context":"https:\/\/schema.org","@graph":[{"@type":"WebPage","@id":"https:\/\/glamico.ee\/pood\/swederm-face-booster-toitev-naoemulsioon-100ml\/","url":"https:\/\/glamico.ee\/pood\/swederm-face-booster-toitev-naoemulsioon-100ml\/","name":"Swederm FACE BOOSTER \u2013 toitev n\u00e4oemulsioon 100ml - Glamico","isPartOf":{"@id":"https:\/\/glamico.ee\/#website"},"primaryImageOfPage":{"@id":"https:\/\/glamico.ee\/pood\/swederm-face-booster-toitev-naoemulsioon-100ml\/#primaryimage"},"image":{"@id":"https:\/\/glamico.ee\/pood\/swederm-face-booster-toitev-naoemulsioon-100ml\/#primaryimage"},"thumbnailUrl":"https:\/\/glamico.ee\/wp-content\/uploads\/2025\/10\/5905669134590_face-booster_2.jpg","datePublished":"2025-10-07T08:14:05+00:00","dateModified":"2025-10-07T09:12:54+00:00","breadcrumb":{"@id":"https:\/\/glamico.ee\/pood\/swederm-face-booster-toitev-naoemulsioon-100ml\/#breadcrumb"},"inLanguage":"en-US","potentialAction":[{"@type":"ReadAction","target":["https:\/\/glamico.ee\/pood\/swederm-face-booster-toitev-naoemulsioon-100ml\/"]}]},{"@type":"ImageObject","inLanguage":"en-US","@id":"https:\/\/glamico.ee\/pood\/swederm-face-booster-toitev-naoemulsioon-100ml\/#primaryimage","url":"https:\/\/glamico.ee\/wp-content\/uploads\/2025\/10\/5905669134590_face-booster_2.jpg","contentUrl":"https:\/\/glamico.ee\/wp-content\/uploads\/2025\/10\/5905669134590_face-booster_2.jpg","width":375,"height":500},{"@type":"BreadcrumbList","@id":"https:\/\/glamico.ee\/pood\/swederm-face-booster-toitev-naoemulsioon-100ml\/#breadcrumb","itemListElement":[{"@type":"ListItem","position":1,"name":"Home","item":"https:\/\/glamico.ee\/"},{"@type":"ListItem","position":2,"name":"Pood","item":"https:\/\/glamico.ee\/pood\/"},{"@type":"ListItem","position":3,"name":"Swederm FACE BOOSTER \u2013 toitev n\u00e4oemulsioon 100ml"}]},{"@type":"WebSite","@id":"https:\/\/glamico.ee\/#website","url":"https:\/\/glamico.ee\/","name":"Glamico","description":"Ilutooted","publisher":{"@id":"https:\/\/glamico.ee\/#organization"},"potentialAction":[{"@type":"SearchAction","target":{"@type":"EntryPoint","urlTemplate":"https:\/\/glamico.ee\/?s={search_term_string}"},"query-input":{"@type":"PropertyValueSpecification","valueRequired":true,"valueName":"search_term_string"}}],"inLanguage":"en-US"},{"@type":"Organization","@id":"https:\/\/glamico.ee\/#organization","name":"Glamico Baltics O\u00dc","url":"https:\/\/glamico.ee\/","logo":{"@type":"ImageObject","inLanguage":"en-US","@id":"https:\/\/glamico.ee\/#\/schema\/logo\/image\/","url":"https:\/\/glamico.ee\/wp-content\/uploads\/2025\/11\/Glamico-1.png","contentUrl":"https:\/\/glamico.ee\/wp-content\/uploads\/2025\/11\/Glamico-1.png","width":627,"height":400,"caption":"Glamico Baltics O\u00dc"},"image":{"@id":"https:\/\/glamico.ee\/#\/schema\/logo\/image\/"},"sameAs":["https:\/\/www.instagram.com\/glamico.ee\/"]}]}},"brands":[{"id":92,"name":"Swederm","slug":"swederm"}],"_links":{"self":[{"href":"https:\/\/glamico.ee\/en\/wp-json\/wp\/v2\/product\/1759","targetHints":{"allow":["GET"]}}],"collection":[{"href":"https:\/\/glamico.ee\/en\/wp-json\/wp\/v2\/product"}],"about":[{"href":"https:\/\/glamico.ee\/en\/wp-json\/wp\/v2\/types\/product"}],"version-history":[{"count":0,"href":"https:\/\/glamico.ee\/en\/wp-json\/wp\/v2\/product\/1759\/revisions"}],"wp:featuredmedia":[{"embeddable":true,"href":"https:\/\/glamico.ee\/en\/wp-json\/wp\/v2\/media\/1823"}],"wp:attachment":[{"href":"https:\/\/glamico.ee\/en\/wp-json\/wp\/v2\/media?parent=1759"}],"wp:term":[{"taxonomy":"pwb-brand","embeddable":true,"href":"https:\/\/glamico.ee\/en\/wp-json\/wp\/v2\/pwb-brand?post=1759"},{"taxonomy":"product_brand","embeddable":true,"href":"https:\/\/glamico.ee\/en\/wp-json\/wp\/v2\/product_brand?post=1759"},{"taxonomy":"product_cat","embeddable":true,"href":"https:\/\/glamico.ee\/en\/wp-json\/wp\/v2\/product_cat?post=1759"},{"taxonomy":"product_tag","embeddable":true,"href":"https:\/\/glamico.ee\/en\/wp-json\/wp\/v2\/product_tag?post=1759"}],"curies":[{"name":"wp","href":"https:\/\/api.w.org\/{rel}","templated":true}]}}