{"id":1752,"date":"2025-10-07T09:59:41","date_gmt":"2025-10-07T07:59:41","guid":{"rendered":"https:\/\/glamico.ee\/?post_type=product&#038;p=1752"},"modified":"2025-10-07T11:11:39","modified_gmt":"2025-10-07T09:11:39","slug":"swederm-microbiota-friendly-essence-probiootiline-naoemulsioon-50ml","status":"publish","type":"product","link":"https:\/\/glamico.ee\/en\/pood\/swederm-microbiota-friendly-essence-probiootiline-naoemulsioon-50ml\/","title":{"rendered":"Swederm MICROBIOTA FRIENDLY ESSENCE \u2013 probiootiline n\u00e4oemulsioon 50ml"},"content":{"rendered":"","protected":false},"excerpt":{"rendered":"<p>Revolutsiooniline hooldus sinu naha mikrobioomi ja niisutuse heaks.<\/p>\n<p>MICROBIOTA FRIENDLY ESSENCE on uuenduslik n\u00e4oemulsioon, mis hoolitseb naha loomuliku mikrobioomi tasakaalu ja s\u00fcgava niisutuse eest. See austab iga inimese naha unikaalsust, tugevdades ja kaitstes naha kaitsebarj\u00e4\u00e4ri ning toetades selle loomulikku taastumisv\u00f5imet. Regulaarne kasutamine aitab aeglustada naha vananemisprotsessi ja hoiab jume s\u00e4rava ning terve.<\/p>\n<p>Miks on naha mikrobioom oluline?<br \/>\nNaha pinnal elab n\u00e4htamatu maailm kasulikke mikroorganisme \u2013 mikrobioom. See toimib loomuliku kaitsekilbina, mis hoiab naha tasakaalus ja tugevdab selle vastupanuv\u00f5imet. Kui mikrobioom on h\u00e4iritud, suureneb risk p\u00f5letike, akne, kuivuse, tundlikkuse ja enneaegse vananemise tekkeks.<\/p>\n<p>Kuidas MICROBIOTA FRIENDLY ESSENCE aitab?<br \/>\nTasakaalustab ja kaitseb \u2013 toetab naha mikrobioomi mitmekesisust ja kaitseb seda keskkonnasaaste, UV-kiirguse ja stressi kahjuliku m\u00f5ju eest.<\/p>\n<p>Niisutab ja toidab \u2013 looduslikud koostisosad annavad nahale s\u00fcgava niiskuse ja toitained.<\/p>\n<p>Toetab taastumist \u2013 aitab nahal end ise parandada ja s\u00e4ilitada nooruslikku elastsust.<\/p>\n<p>Peamised koostisosad<br \/>\nOrgaaniline aaloe, oliivi\u00f5li ja sheav\u00f5i \u2013 loovad \u00f5rna kaitsekihi, niisutavad ja toidavad nahka.<\/p>\n<p>Lactococcus ferment lysate (probiootikum) \u2013 taastab naha mikrobioomi ja tugevdab kaitsebarj\u00e4\u00e4ri, parandades elastsust ja vastupidavust.<\/p>\n<p>Mee ferment \u2013 toetab naha puhastumist saasteainetest ja taastab h\u00fcdrolipiidbarj\u00e4\u00e4ri.<\/p>\n<p>Inuliin (prebiootikum sigurijuurest) \u2013 toidab kasulikke baktereid ja suurendab naha niiskustaset.<\/p>\n<p>Punavetikate ekstrakt \u2013 annab nahale eluj\u00f5udu, noorendavat ja taastavat toimet.<\/p>\n<p>Koostis (INCI)<br \/>\nAloe Barbadensis Leaf Extract, Olea Europaea Fruit Extract, Lactococcus Ferment Lysate, Butyrospermum Parkii Butter, Caprylic\/Capric Triglyceride, Betaine, Sucrose, Glycerin, Zymomonas Ferment Extract, Cetearyl Glucoside, Honey Extract, Inulin, Hydrolyzed Rhodophyceae Extract, Benzyl Alcohol, Benzoic Acid, Sorbic Acid, Maltodextrin, Parfum, Limonene, Geraniol, Linalool. \\ mahep\u00f5llumajandusest \\** looduslikest allikatest<\/p>","protected":false},"featured_media":1788,"template":"","meta":[],"pwb-brand":[92],"product_brand":[],"product_cat":[30],"product_tag":[],"class_list":{"0":"post-1752","1":"product","2":"type-product","3":"status-publish","4":"has-post-thumbnail","6":"pwb-brand-swederm","7":"product_cat-nagu","9":"first","10":"instock","11":"taxable","12":"shipping-taxable","13":"purchasable","14":"product-type-simple"},"yoast_head":"<!-- This site is optimized with the Yoast SEO plugin v27.3 - https:\/\/yoast.com\/product\/yoast-seo-wordpress\/ -->\n<title>Swederm MICROBIOTA FRIENDLY ESSENCE \u2013 probiootiline n\u00e4oemulsioon 50ml - Glamico<\/title>\n<meta name=\"robots\" content=\"index, follow, max-snippet:-1, max-image-preview:large, max-video-preview:-1\" \/>\n<link rel=\"canonical\" href=\"https:\/\/glamico.ee\/en\/pood\/swederm-microbiota-friendly-essence-probiootiline-naoemulsioon-50ml\/\" \/>\n<meta property=\"og:locale\" content=\"en_US\" \/>\n<meta property=\"og:type\" content=\"article\" \/>\n<meta property=\"og:title\" content=\"Swederm MICROBIOTA FRIENDLY ESSENCE \u2013 probiootiline n\u00e4oemulsioon 50ml - Glamico\" \/>\n<meta property=\"og:description\" content=\"Revolutsiooniline hooldus sinu naha mikrobioomi ja niisutuse heaks.  MICROBIOTA FRIENDLY ESSENCE on uuenduslik n\u00e4oemulsioon, mis hoolitseb naha loomuliku mikrobioomi tasakaalu ja s\u00fcgava niisutuse eest. See austab iga inimese naha unikaalsust, tugevdades ja kaitstes naha kaitsebarj\u00e4\u00e4ri ning toetades selle loomulikku taastumisv\u00f5imet. Regulaarne kasutamine aitab aeglustada naha vananemisprotsessi ja hoiab jume s\u00e4rava ning terve.  Miks on naha mikrobioom oluline? Naha pinnal elab n\u00e4htamatu maailm kasulikke mikroorganisme \u2013 mikrobioom. See toimib loomuliku kaitsekilbina, mis hoiab naha tasakaalus ja tugevdab selle vastupanuv\u00f5imet. Kui mikrobioom on h\u00e4iritud, suureneb risk p\u00f5letike, akne, kuivuse, tundlikkuse ja enneaegse vananemise tekkeks.  Kuidas MICROBIOTA FRIENDLY ESSENCE aitab? Tasakaalustab ja kaitseb \u2013 toetab naha mikrobioomi mitmekesisust ja kaitseb seda keskkonnasaaste, UV-kiirguse ja stressi kahjuliku m\u00f5ju eest.  Niisutab ja toidab \u2013 looduslikud koostisosad annavad nahale s\u00fcgava niiskuse ja toitained.  Toetab taastumist \u2013 aitab nahal end ise parandada ja s\u00e4ilitada nooruslikku elastsust.  Peamised koostisosad Orgaaniline aaloe, oliivi\u00f5li ja sheav\u00f5i \u2013 loovad \u00f5rna kaitsekihi, niisutavad ja toidavad nahka.  Lactococcus ferment lysate (probiootikum) \u2013 taastab naha mikrobioomi ja tugevdab kaitsebarj\u00e4\u00e4ri, parandades elastsust ja vastupidavust.  Mee ferment \u2013 toetab naha puhastumist saasteainetest ja taastab h\u00fcdrolipiidbarj\u00e4\u00e4ri.  Inuliin (prebiootikum sigurijuurest) \u2013 toidab kasulikke baktereid ja suurendab naha niiskustaset.  Punavetikate ekstrakt \u2013 annab nahale eluj\u00f5udu, noorendavat ja taastavat toimet.  Koostis (INCI) Aloe Barbadensis Leaf Extract, Olea Europaea Fruit Extract, Lactococcus Ferment Lysate, Butyrospermum Parkii Butter, Caprylic\/Capric Triglyceride, Betaine, Sucrose, Glycerin, Zymomonas Ferment Extract, Cetearyl Glucoside, Honey Extract, Inulin, Hydrolyzed Rhodophyceae Extract, Benzyl Alcohol, Benzoic Acid, Sorbic Acid, Maltodextrin, Parfum, Limonene, Geraniol, Linalool.  mahep\u00f5llumajandusest ** looduslikest allikatest\" \/>\n<meta property=\"og:url\" content=\"https:\/\/glamico.ee\/en\/pood\/swederm-microbiota-friendly-essence-probiootiline-naoemulsioon-50ml\/\" \/>\n<meta property=\"og:site_name\" content=\"Glamico\" \/>\n<meta property=\"article:modified_time\" content=\"2025-10-07T09:11:39+00:00\" \/>\n<meta property=\"og:image\" content=\"https:\/\/glamico.ee\/wp-content\/uploads\/2025\/10\/5903957432298_Mikrobiota_Friendly_Essence_2.png\" \/>\n\t<meta property=\"og:image:width\" content=\"375\" \/>\n\t<meta property=\"og:image:height\" content=\"500\" \/>\n\t<meta property=\"og:image:type\" content=\"image\/png\" \/>\n<meta name=\"twitter:card\" content=\"summary_large_image\" \/>\n<script type=\"application\/ld+json\" class=\"yoast-schema-graph\">{\"@context\":\"https:\\\/\\\/schema.org\",\"@graph\":[{\"@type\":\"WebPage\",\"@id\":\"https:\\\/\\\/glamico.ee\\\/pood\\\/swederm-microbiota-friendly-essence-probiootiline-naoemulsioon-50ml\\\/\",\"url\":\"https:\\\/\\\/glamico.ee\\\/pood\\\/swederm-microbiota-friendly-essence-probiootiline-naoemulsioon-50ml\\\/\",\"name\":\"Swederm MICROBIOTA FRIENDLY ESSENCE \u2013 probiootiline n\u00e4oemulsioon 50ml - Glamico\",\"isPartOf\":{\"@id\":\"https:\\\/\\\/glamico.ee\\\/#website\"},\"primaryImageOfPage\":{\"@id\":\"https:\\\/\\\/glamico.ee\\\/pood\\\/swederm-microbiota-friendly-essence-probiootiline-naoemulsioon-50ml\\\/#primaryimage\"},\"image\":{\"@id\":\"https:\\\/\\\/glamico.ee\\\/pood\\\/swederm-microbiota-friendly-essence-probiootiline-naoemulsioon-50ml\\\/#primaryimage\"},\"thumbnailUrl\":\"https:\\\/\\\/glamico.ee\\\/wp-content\\\/uploads\\\/2025\\\/10\\\/5903957432298_Mikrobiota_Friendly_Essence_2.png\",\"datePublished\":\"2025-10-07T07:59:41+00:00\",\"dateModified\":\"2025-10-07T09:11:39+00:00\",\"breadcrumb\":{\"@id\":\"https:\\\/\\\/glamico.ee\\\/pood\\\/swederm-microbiota-friendly-essence-probiootiline-naoemulsioon-50ml\\\/#breadcrumb\"},\"inLanguage\":\"en-US\",\"potentialAction\":[{\"@type\":\"ReadAction\",\"target\":[\"https:\\\/\\\/glamico.ee\\\/pood\\\/swederm-microbiota-friendly-essence-probiootiline-naoemulsioon-50ml\\\/\"]}]},{\"@type\":\"ImageObject\",\"inLanguage\":\"en-US\",\"@id\":\"https:\\\/\\\/glamico.ee\\\/pood\\\/swederm-microbiota-friendly-essence-probiootiline-naoemulsioon-50ml\\\/#primaryimage\",\"url\":\"https:\\\/\\\/glamico.ee\\\/wp-content\\\/uploads\\\/2025\\\/10\\\/5903957432298_Mikrobiota_Friendly_Essence_2.png\",\"contentUrl\":\"https:\\\/\\\/glamico.ee\\\/wp-content\\\/uploads\\\/2025\\\/10\\\/5903957432298_Mikrobiota_Friendly_Essence_2.png\",\"width\":375,\"height\":500},{\"@type\":\"BreadcrumbList\",\"@id\":\"https:\\\/\\\/glamico.ee\\\/pood\\\/swederm-microbiota-friendly-essence-probiootiline-naoemulsioon-50ml\\\/#breadcrumb\",\"itemListElement\":[{\"@type\":\"ListItem\",\"position\":1,\"name\":\"Home\",\"item\":\"https:\\\/\\\/glamico.ee\\\/\"},{\"@type\":\"ListItem\",\"position\":2,\"name\":\"Pood\",\"item\":\"https:\\\/\\\/glamico.ee\\\/pood\\\/\"},{\"@type\":\"ListItem\",\"position\":3,\"name\":\"Swederm MICROBIOTA FRIENDLY ESSENCE \u2013 probiootiline n\u00e4oemulsioon 50ml\"}]},{\"@type\":\"WebSite\",\"@id\":\"https:\\\/\\\/glamico.ee\\\/#website\",\"url\":\"https:\\\/\\\/glamico.ee\\\/\",\"name\":\"Glamico\",\"description\":\"Ilutooted\",\"publisher\":{\"@id\":\"https:\\\/\\\/glamico.ee\\\/#organization\"},\"potentialAction\":[{\"@type\":\"SearchAction\",\"target\":{\"@type\":\"EntryPoint\",\"urlTemplate\":\"https:\\\/\\\/glamico.ee\\\/?s={search_term_string}\"},\"query-input\":{\"@type\":\"PropertyValueSpecification\",\"valueRequired\":true,\"valueName\":\"search_term_string\"}}],\"inLanguage\":\"en-US\"},{\"@type\":\"Organization\",\"@id\":\"https:\\\/\\\/glamico.ee\\\/#organization\",\"name\":\"Glamico Baltics O\u00dc\",\"url\":\"https:\\\/\\\/glamico.ee\\\/\",\"logo\":{\"@type\":\"ImageObject\",\"inLanguage\":\"en-US\",\"@id\":\"https:\\\/\\\/glamico.ee\\\/#\\\/schema\\\/logo\\\/image\\\/\",\"url\":\"https:\\\/\\\/glamico.ee\\\/wp-content\\\/uploads\\\/2025\\\/11\\\/Glamico-1.png\",\"contentUrl\":\"https:\\\/\\\/glamico.ee\\\/wp-content\\\/uploads\\\/2025\\\/11\\\/Glamico-1.png\",\"width\":627,\"height\":400,\"caption\":\"Glamico Baltics O\u00dc\"},\"image\":{\"@id\":\"https:\\\/\\\/glamico.ee\\\/#\\\/schema\\\/logo\\\/image\\\/\"},\"sameAs\":[\"https:\\\/\\\/www.instagram.com\\\/glamico.ee\\\/\"]}]}<\/script>\n<!-- \/ Yoast SEO plugin. -->","yoast_head_json":{"title":"Swederm MICROBIOTA FRIENDLY ESSENCE \u2013 probiootiline n\u00e4oemulsioon 50ml - Glamico","robots":{"index":"index","follow":"follow","max-snippet":"max-snippet:-1","max-image-preview":"max-image-preview:large","max-video-preview":"max-video-preview:-1"},"canonical":"https:\/\/glamico.ee\/en\/pood\/swederm-microbiota-friendly-essence-probiootiline-naoemulsioon-50ml\/","og_locale":"en_US","og_type":"article","og_title":"Swederm MICROBIOTA FRIENDLY ESSENCE \u2013 probiootiline n\u00e4oemulsioon 50ml - Glamico","og_description":"Revolutsiooniline hooldus sinu naha mikrobioomi ja niisutuse heaks.  MICROBIOTA FRIENDLY ESSENCE on uuenduslik n\u00e4oemulsioon, mis hoolitseb naha loomuliku mikrobioomi tasakaalu ja s\u00fcgava niisutuse eest. See austab iga inimese naha unikaalsust, tugevdades ja kaitstes naha kaitsebarj\u00e4\u00e4ri ning toetades selle loomulikku taastumisv\u00f5imet. Regulaarne kasutamine aitab aeglustada naha vananemisprotsessi ja hoiab jume s\u00e4rava ning terve.  Miks on naha mikrobioom oluline? Naha pinnal elab n\u00e4htamatu maailm kasulikke mikroorganisme \u2013 mikrobioom. See toimib loomuliku kaitsekilbina, mis hoiab naha tasakaalus ja tugevdab selle vastupanuv\u00f5imet. Kui mikrobioom on h\u00e4iritud, suureneb risk p\u00f5letike, akne, kuivuse, tundlikkuse ja enneaegse vananemise tekkeks.  Kuidas MICROBIOTA FRIENDLY ESSENCE aitab? Tasakaalustab ja kaitseb \u2013 toetab naha mikrobioomi mitmekesisust ja kaitseb seda keskkonnasaaste, UV-kiirguse ja stressi kahjuliku m\u00f5ju eest.  Niisutab ja toidab \u2013 looduslikud koostisosad annavad nahale s\u00fcgava niiskuse ja toitained.  Toetab taastumist \u2013 aitab nahal end ise parandada ja s\u00e4ilitada nooruslikku elastsust.  Peamised koostisosad Orgaaniline aaloe, oliivi\u00f5li ja sheav\u00f5i \u2013 loovad \u00f5rna kaitsekihi, niisutavad ja toidavad nahka.  Lactococcus ferment lysate (probiootikum) \u2013 taastab naha mikrobioomi ja tugevdab kaitsebarj\u00e4\u00e4ri, parandades elastsust ja vastupidavust.  Mee ferment \u2013 toetab naha puhastumist saasteainetest ja taastab h\u00fcdrolipiidbarj\u00e4\u00e4ri.  Inuliin (prebiootikum sigurijuurest) \u2013 toidab kasulikke baktereid ja suurendab naha niiskustaset.  Punavetikate ekstrakt \u2013 annab nahale eluj\u00f5udu, noorendavat ja taastavat toimet.  Koostis (INCI) Aloe Barbadensis Leaf Extract, Olea Europaea Fruit Extract, Lactococcus Ferment Lysate, Butyrospermum Parkii Butter, Caprylic\/Capric Triglyceride, Betaine, Sucrose, Glycerin, Zymomonas Ferment Extract, Cetearyl Glucoside, Honey Extract, Inulin, Hydrolyzed Rhodophyceae Extract, Benzyl Alcohol, Benzoic Acid, Sorbic Acid, Maltodextrin, Parfum, Limonene, Geraniol, Linalool.  mahep\u00f5llumajandusest ** looduslikest allikatest","og_url":"https:\/\/glamico.ee\/en\/pood\/swederm-microbiota-friendly-essence-probiootiline-naoemulsioon-50ml\/","og_site_name":"Glamico","article_modified_time":"2025-10-07T09:11:39+00:00","og_image":[{"width":375,"height":500,"url":"https:\/\/glamico.ee\/wp-content\/uploads\/2025\/10\/5903957432298_Mikrobiota_Friendly_Essence_2.png","type":"image\/png"}],"twitter_card":"summary_large_image","schema":{"@context":"https:\/\/schema.org","@graph":[{"@type":"WebPage","@id":"https:\/\/glamico.ee\/pood\/swederm-microbiota-friendly-essence-probiootiline-naoemulsioon-50ml\/","url":"https:\/\/glamico.ee\/pood\/swederm-microbiota-friendly-essence-probiootiline-naoemulsioon-50ml\/","name":"Swederm MICROBIOTA FRIENDLY ESSENCE \u2013 probiootiline n\u00e4oemulsioon 50ml - Glamico","isPartOf":{"@id":"https:\/\/glamico.ee\/#website"},"primaryImageOfPage":{"@id":"https:\/\/glamico.ee\/pood\/swederm-microbiota-friendly-essence-probiootiline-naoemulsioon-50ml\/#primaryimage"},"image":{"@id":"https:\/\/glamico.ee\/pood\/swederm-microbiota-friendly-essence-probiootiline-naoemulsioon-50ml\/#primaryimage"},"thumbnailUrl":"https:\/\/glamico.ee\/wp-content\/uploads\/2025\/10\/5903957432298_Mikrobiota_Friendly_Essence_2.png","datePublished":"2025-10-07T07:59:41+00:00","dateModified":"2025-10-07T09:11:39+00:00","breadcrumb":{"@id":"https:\/\/glamico.ee\/pood\/swederm-microbiota-friendly-essence-probiootiline-naoemulsioon-50ml\/#breadcrumb"},"inLanguage":"en-US","potentialAction":[{"@type":"ReadAction","target":["https:\/\/glamico.ee\/pood\/swederm-microbiota-friendly-essence-probiootiline-naoemulsioon-50ml\/"]}]},{"@type":"ImageObject","inLanguage":"en-US","@id":"https:\/\/glamico.ee\/pood\/swederm-microbiota-friendly-essence-probiootiline-naoemulsioon-50ml\/#primaryimage","url":"https:\/\/glamico.ee\/wp-content\/uploads\/2025\/10\/5903957432298_Mikrobiota_Friendly_Essence_2.png","contentUrl":"https:\/\/glamico.ee\/wp-content\/uploads\/2025\/10\/5903957432298_Mikrobiota_Friendly_Essence_2.png","width":375,"height":500},{"@type":"BreadcrumbList","@id":"https:\/\/glamico.ee\/pood\/swederm-microbiota-friendly-essence-probiootiline-naoemulsioon-50ml\/#breadcrumb","itemListElement":[{"@type":"ListItem","position":1,"name":"Home","item":"https:\/\/glamico.ee\/"},{"@type":"ListItem","position":2,"name":"Pood","item":"https:\/\/glamico.ee\/pood\/"},{"@type":"ListItem","position":3,"name":"Swederm MICROBIOTA FRIENDLY ESSENCE \u2013 probiootiline n\u00e4oemulsioon 50ml"}]},{"@type":"WebSite","@id":"https:\/\/glamico.ee\/#website","url":"https:\/\/glamico.ee\/","name":"Glamico","description":"Ilutooted","publisher":{"@id":"https:\/\/glamico.ee\/#organization"},"potentialAction":[{"@type":"SearchAction","target":{"@type":"EntryPoint","urlTemplate":"https:\/\/glamico.ee\/?s={search_term_string}"},"query-input":{"@type":"PropertyValueSpecification","valueRequired":true,"valueName":"search_term_string"}}],"inLanguage":"en-US"},{"@type":"Organization","@id":"https:\/\/glamico.ee\/#organization","name":"Glamico Baltics O\u00dc","url":"https:\/\/glamico.ee\/","logo":{"@type":"ImageObject","inLanguage":"en-US","@id":"https:\/\/glamico.ee\/#\/schema\/logo\/image\/","url":"https:\/\/glamico.ee\/wp-content\/uploads\/2025\/11\/Glamico-1.png","contentUrl":"https:\/\/glamico.ee\/wp-content\/uploads\/2025\/11\/Glamico-1.png","width":627,"height":400,"caption":"Glamico Baltics O\u00dc"},"image":{"@id":"https:\/\/glamico.ee\/#\/schema\/logo\/image\/"},"sameAs":["https:\/\/www.instagram.com\/glamico.ee\/"]}]}},"brands":[{"id":92,"name":"Swederm","slug":"swederm"}],"_links":{"self":[{"href":"https:\/\/glamico.ee\/en\/wp-json\/wp\/v2\/product\/1752","targetHints":{"allow":["GET"]}}],"collection":[{"href":"https:\/\/glamico.ee\/en\/wp-json\/wp\/v2\/product"}],"about":[{"href":"https:\/\/glamico.ee\/en\/wp-json\/wp\/v2\/types\/product"}],"version-history":[{"count":0,"href":"https:\/\/glamico.ee\/en\/wp-json\/wp\/v2\/product\/1752\/revisions"}],"wp:featuredmedia":[{"embeddable":true,"href":"https:\/\/glamico.ee\/en\/wp-json\/wp\/v2\/media\/1788"}],"wp:attachment":[{"href":"https:\/\/glamico.ee\/en\/wp-json\/wp\/v2\/media?parent=1752"}],"wp:term":[{"taxonomy":"pwb-brand","embeddable":true,"href":"https:\/\/glamico.ee\/en\/wp-json\/wp\/v2\/pwb-brand?post=1752"},{"taxonomy":"product_brand","embeddable":true,"href":"https:\/\/glamico.ee\/en\/wp-json\/wp\/v2\/product_brand?post=1752"},{"taxonomy":"product_cat","embeddable":true,"href":"https:\/\/glamico.ee\/en\/wp-json\/wp\/v2\/product_cat?post=1752"},{"taxonomy":"product_tag","embeddable":true,"href":"https:\/\/glamico.ee\/en\/wp-json\/wp\/v2\/product_tag?post=1752"}],"curies":[{"name":"wp","href":"https:\/\/api.w.org\/{rel}","templated":true}]}}