{"id":1745,"date":"2025-10-07T09:41:46","date_gmt":"2025-10-07T07:41:46","guid":{"rendered":"https:\/\/glamico.ee\/?post_type=product&#038;p=1745"},"modified":"2026-04-16T12:17:18","modified_gmt":"2026-04-16T10:17:18","slug":"swederm-face-cleanser-meigieemaldusvaht-igapaevaseks-naohoolduseks-150ml","status":"publish","type":"product","link":"https:\/\/glamico.ee\/en\/pood\/swederm-face-cleanser-meigieemaldusvaht-igapaevaseks-naohoolduseks-150ml\/","title":{"rendered":"Swederm FACE CLEANSER \u2013 meigieemaldusvaht igap\u00e4evaseks n\u00e4ohoolduseks 150ml"},"content":{"rendered":"<p>Miks valida FACE CLEANSER?<br \/>\n96% looduslikke koostisosi \u2013 nahas\u00f5bralik ja f\u00fcsioloogilise pH-ga.<\/p>\n<p>Niisutav ja rahustav toime \u2013 gl\u00fctseriin ja betaiin tagavad naha niiskustasakaalu, pehmuse ja elastsuse.<\/p>\n<p>Anti-age efekt \u2013 E-vitamiin kaitseb vabade radikaalide eest, aeglustab naha vananemisprotsesse ja toetab rakkude uuenemist.<\/p>\n<p>Mugav kasutada \u2013 vaht levib kergesti, vahutab rikkalikult ja loputatakse maha ilma kiskuva tundeta.<\/p>\n<p>Igap\u00e4evane hooldusrituaal<br \/>\nN\u00e4onaha puhastamine on oluline samm hommikul ja \u00f5htul:<\/p>\n<p>Hommikul eemaldab liignaha rasu, tolmu ja \u00f6\u00f6 jooksul tekkinud j\u00e4\u00e4gid.<\/p>\n<p>\u00d5htul vabastab naha meigist ja p\u00e4eva jooksul kogunenud mustusest.<\/p>\n<p>Parima tulemuse saavutamiseks kasuta hommikul FACE CLEANSER vahtu ning \u00f5htul kombineeri see MICELLAR WATER + FACE CLEANSER duoga. P\u00e4rast puhastust tasakaalusta naha pH FACE TONER toonikuga.<\/p>\n<p>Koostisosad<br \/>\nAqua, Caprylyl\/Capryl Glucoside, Sodium Lauroyl Sarcosinate, Polysorbate 20, Cocamidopropyl Betaine, Glycerin, Decyl Glucoside, Sodium Benzoate, Parfum, Citric Acid, Tocopheryl Acetate, Betaine, Polyquaternium-10, Tetrasodium EDTA, Phytic Acid, Sodium Chloride, Sodium Acetate, Isopropyl Alcohol.<\/p>","protected":false},"excerpt":{"rendered":"<p>\u00d5rn, kuid t\u00f5hus puhastus igale nahat\u00fc\u00fcbile. Kreemja tekstuuriga puhastusvaht eemaldab meigi ja mustuse, s\u00e4ilitades naha loomuliku lipiidbarj\u00e4\u00e4ri. T\u00e4nu viie \u00f5rna puhastava aine kombinatsioonile puhastab vaht p\u00f5hjalikult, kuid ei kuivata ega \u00e4rrita nahka.<\/p>\n<p>&nbsp;<\/p>","protected":false},"featured_media":1818,"template":"","meta":[],"pwb-brand":[92],"product_brand":[],"product_cat":[30],"product_tag":[],"class_list":{"0":"post-1745","1":"product","2":"type-product","3":"status-publish","4":"has-post-thumbnail","6":"pwb-brand-swederm","7":"product_cat-nagu","9":"first","10":"instock","11":"taxable","12":"shipping-taxable","13":"purchasable","14":"product-type-simple"},"yoast_head":"<!-- This site is optimized with the Yoast SEO plugin v27.3 - https:\/\/yoast.com\/product\/yoast-seo-wordpress\/ -->\n<title>Swederm FACE CLEANSER \u2013 meigieemaldusvaht igap\u00e4evaseks n\u00e4ohoolduseks 150ml - Glamico<\/title>\n<meta name=\"robots\" content=\"index, follow, max-snippet:-1, max-image-preview:large, max-video-preview:-1\" \/>\n<link rel=\"canonical\" href=\"https:\/\/glamico.ee\/en\/pood\/swederm-face-cleanser-meigieemaldusvaht-igapaevaseks-naohoolduseks-150ml\/\" \/>\n<meta property=\"og:locale\" content=\"en_US\" \/>\n<meta property=\"og:type\" content=\"article\" \/>\n<meta property=\"og:title\" content=\"Swederm FACE CLEANSER \u2013 meigieemaldusvaht igap\u00e4evaseks n\u00e4ohoolduseks 150ml - Glamico\" \/>\n<meta property=\"og:description\" content=\"\u00d5rn, kuid t\u00f5hus puhastus igale nahat\u00fc\u00fcbile. Kreemja tekstuuriga puhastusvaht eemaldab meigi ja mustuse, s\u00e4ilitades naha loomuliku lipiidbarj\u00e4\u00e4ri. T\u00e4nu viie \u00f5rna puhastava aine kombinatsioonile puhastab vaht p\u00f5hjalikult, kuid ei kuivata ega \u00e4rrita nahka.  &nbsp;\" \/>\n<meta property=\"og:url\" content=\"https:\/\/glamico.ee\/en\/pood\/swederm-face-cleanser-meigieemaldusvaht-igapaevaseks-naohoolduseks-150ml\/\" \/>\n<meta property=\"og:site_name\" content=\"Glamico\" \/>\n<meta property=\"article:modified_time\" content=\"2026-04-16T10:17:18+00:00\" \/>\n<meta property=\"og:image\" content=\"https:\/\/glamico.ee\/wp-content\/uploads\/2025\/10\/5905669134552_face-cleanser_2.jpg\" \/>\n\t<meta property=\"og:image:width\" content=\"375\" \/>\n\t<meta property=\"og:image:height\" content=\"500\" \/>\n\t<meta property=\"og:image:type\" content=\"image\/jpeg\" \/>\n<meta name=\"twitter:card\" content=\"summary_large_image\" \/>\n<meta name=\"twitter:label1\" content=\"Est. reading time\" \/>\n\t<meta name=\"twitter:data1\" content=\"1 minute\" \/>\n<script type=\"application\/ld+json\" class=\"yoast-schema-graph\">{\"@context\":\"https:\\\/\\\/schema.org\",\"@graph\":[{\"@type\":\"WebPage\",\"@id\":\"https:\\\/\\\/glamico.ee\\\/pood\\\/swederm-face-cleanser-meigieemaldusvaht-igapaevaseks-naohoolduseks-150ml\\\/\",\"url\":\"https:\\\/\\\/glamico.ee\\\/pood\\\/swederm-face-cleanser-meigieemaldusvaht-igapaevaseks-naohoolduseks-150ml\\\/\",\"name\":\"Swederm FACE CLEANSER \u2013 meigieemaldusvaht igap\u00e4evaseks n\u00e4ohoolduseks 150ml - Glamico\",\"isPartOf\":{\"@id\":\"https:\\\/\\\/glamico.ee\\\/#website\"},\"primaryImageOfPage\":{\"@id\":\"https:\\\/\\\/glamico.ee\\\/pood\\\/swederm-face-cleanser-meigieemaldusvaht-igapaevaseks-naohoolduseks-150ml\\\/#primaryimage\"},\"image\":{\"@id\":\"https:\\\/\\\/glamico.ee\\\/pood\\\/swederm-face-cleanser-meigieemaldusvaht-igapaevaseks-naohoolduseks-150ml\\\/#primaryimage\"},\"thumbnailUrl\":\"https:\\\/\\\/glamico.ee\\\/wp-content\\\/uploads\\\/2025\\\/10\\\/5905669134552_face-cleanser_2.jpg\",\"datePublished\":\"2025-10-07T07:41:46+00:00\",\"dateModified\":\"2026-04-16T10:17:18+00:00\",\"breadcrumb\":{\"@id\":\"https:\\\/\\\/glamico.ee\\\/pood\\\/swederm-face-cleanser-meigieemaldusvaht-igapaevaseks-naohoolduseks-150ml\\\/#breadcrumb\"},\"inLanguage\":\"en-US\",\"potentialAction\":[{\"@type\":\"ReadAction\",\"target\":[\"https:\\\/\\\/glamico.ee\\\/pood\\\/swederm-face-cleanser-meigieemaldusvaht-igapaevaseks-naohoolduseks-150ml\\\/\"]}]},{\"@type\":\"ImageObject\",\"inLanguage\":\"en-US\",\"@id\":\"https:\\\/\\\/glamico.ee\\\/pood\\\/swederm-face-cleanser-meigieemaldusvaht-igapaevaseks-naohoolduseks-150ml\\\/#primaryimage\",\"url\":\"https:\\\/\\\/glamico.ee\\\/wp-content\\\/uploads\\\/2025\\\/10\\\/5905669134552_face-cleanser_2.jpg\",\"contentUrl\":\"https:\\\/\\\/glamico.ee\\\/wp-content\\\/uploads\\\/2025\\\/10\\\/5905669134552_face-cleanser_2.jpg\",\"width\":375,\"height\":500},{\"@type\":\"BreadcrumbList\",\"@id\":\"https:\\\/\\\/glamico.ee\\\/pood\\\/swederm-face-cleanser-meigieemaldusvaht-igapaevaseks-naohoolduseks-150ml\\\/#breadcrumb\",\"itemListElement\":[{\"@type\":\"ListItem\",\"position\":1,\"name\":\"Home\",\"item\":\"https:\\\/\\\/glamico.ee\\\/\"},{\"@type\":\"ListItem\",\"position\":2,\"name\":\"Pood\",\"item\":\"https:\\\/\\\/glamico.ee\\\/pood\\\/\"},{\"@type\":\"ListItem\",\"position\":3,\"name\":\"Swederm FACE CLEANSER \u2013 meigieemaldusvaht igap\u00e4evaseks n\u00e4ohoolduseks 150ml\"}]},{\"@type\":\"WebSite\",\"@id\":\"https:\\\/\\\/glamico.ee\\\/#website\",\"url\":\"https:\\\/\\\/glamico.ee\\\/\",\"name\":\"Glamico\",\"description\":\"Ilutooted\",\"publisher\":{\"@id\":\"https:\\\/\\\/glamico.ee\\\/#organization\"},\"potentialAction\":[{\"@type\":\"SearchAction\",\"target\":{\"@type\":\"EntryPoint\",\"urlTemplate\":\"https:\\\/\\\/glamico.ee\\\/?s={search_term_string}\"},\"query-input\":{\"@type\":\"PropertyValueSpecification\",\"valueRequired\":true,\"valueName\":\"search_term_string\"}}],\"inLanguage\":\"en-US\"},{\"@type\":\"Organization\",\"@id\":\"https:\\\/\\\/glamico.ee\\\/#organization\",\"name\":\"Glamico Baltics O\u00dc\",\"url\":\"https:\\\/\\\/glamico.ee\\\/\",\"logo\":{\"@type\":\"ImageObject\",\"inLanguage\":\"en-US\",\"@id\":\"https:\\\/\\\/glamico.ee\\\/#\\\/schema\\\/logo\\\/image\\\/\",\"url\":\"https:\\\/\\\/glamico.ee\\\/wp-content\\\/uploads\\\/2025\\\/11\\\/Glamico-1.png\",\"contentUrl\":\"https:\\\/\\\/glamico.ee\\\/wp-content\\\/uploads\\\/2025\\\/11\\\/Glamico-1.png\",\"width\":627,\"height\":400,\"caption\":\"Glamico Baltics O\u00dc\"},\"image\":{\"@id\":\"https:\\\/\\\/glamico.ee\\\/#\\\/schema\\\/logo\\\/image\\\/\"},\"sameAs\":[\"https:\\\/\\\/www.instagram.com\\\/glamico.ee\\\/\"]}]}<\/script>\n<!-- \/ Yoast SEO plugin. -->","yoast_head_json":{"title":"Swederm FACE CLEANSER \u2013 meigieemaldusvaht igap\u00e4evaseks n\u00e4ohoolduseks 150ml - Glamico","robots":{"index":"index","follow":"follow","max-snippet":"max-snippet:-1","max-image-preview":"max-image-preview:large","max-video-preview":"max-video-preview:-1"},"canonical":"https:\/\/glamico.ee\/en\/pood\/swederm-face-cleanser-meigieemaldusvaht-igapaevaseks-naohoolduseks-150ml\/","og_locale":"en_US","og_type":"article","og_title":"Swederm FACE CLEANSER \u2013 meigieemaldusvaht igap\u00e4evaseks n\u00e4ohoolduseks 150ml - Glamico","og_description":"\u00d5rn, kuid t\u00f5hus puhastus igale nahat\u00fc\u00fcbile. Kreemja tekstuuriga puhastusvaht eemaldab meigi ja mustuse, s\u00e4ilitades naha loomuliku lipiidbarj\u00e4\u00e4ri. T\u00e4nu viie \u00f5rna puhastava aine kombinatsioonile puhastab vaht p\u00f5hjalikult, kuid ei kuivata ega \u00e4rrita nahka.  &nbsp;","og_url":"https:\/\/glamico.ee\/en\/pood\/swederm-face-cleanser-meigieemaldusvaht-igapaevaseks-naohoolduseks-150ml\/","og_site_name":"Glamico","article_modified_time":"2026-04-16T10:17:18+00:00","og_image":[{"width":375,"height":500,"url":"https:\/\/glamico.ee\/wp-content\/uploads\/2025\/10\/5905669134552_face-cleanser_2.jpg","type":"image\/jpeg"}],"twitter_card":"summary_large_image","twitter_misc":{"Est. reading time":"1 minute"},"schema":{"@context":"https:\/\/schema.org","@graph":[{"@type":"WebPage","@id":"https:\/\/glamico.ee\/pood\/swederm-face-cleanser-meigieemaldusvaht-igapaevaseks-naohoolduseks-150ml\/","url":"https:\/\/glamico.ee\/pood\/swederm-face-cleanser-meigieemaldusvaht-igapaevaseks-naohoolduseks-150ml\/","name":"Swederm FACE CLEANSER \u2013 meigieemaldusvaht igap\u00e4evaseks n\u00e4ohoolduseks 150ml - Glamico","isPartOf":{"@id":"https:\/\/glamico.ee\/#website"},"primaryImageOfPage":{"@id":"https:\/\/glamico.ee\/pood\/swederm-face-cleanser-meigieemaldusvaht-igapaevaseks-naohoolduseks-150ml\/#primaryimage"},"image":{"@id":"https:\/\/glamico.ee\/pood\/swederm-face-cleanser-meigieemaldusvaht-igapaevaseks-naohoolduseks-150ml\/#primaryimage"},"thumbnailUrl":"https:\/\/glamico.ee\/wp-content\/uploads\/2025\/10\/5905669134552_face-cleanser_2.jpg","datePublished":"2025-10-07T07:41:46+00:00","dateModified":"2026-04-16T10:17:18+00:00","breadcrumb":{"@id":"https:\/\/glamico.ee\/pood\/swederm-face-cleanser-meigieemaldusvaht-igapaevaseks-naohoolduseks-150ml\/#breadcrumb"},"inLanguage":"en-US","potentialAction":[{"@type":"ReadAction","target":["https:\/\/glamico.ee\/pood\/swederm-face-cleanser-meigieemaldusvaht-igapaevaseks-naohoolduseks-150ml\/"]}]},{"@type":"ImageObject","inLanguage":"en-US","@id":"https:\/\/glamico.ee\/pood\/swederm-face-cleanser-meigieemaldusvaht-igapaevaseks-naohoolduseks-150ml\/#primaryimage","url":"https:\/\/glamico.ee\/wp-content\/uploads\/2025\/10\/5905669134552_face-cleanser_2.jpg","contentUrl":"https:\/\/glamico.ee\/wp-content\/uploads\/2025\/10\/5905669134552_face-cleanser_2.jpg","width":375,"height":500},{"@type":"BreadcrumbList","@id":"https:\/\/glamico.ee\/pood\/swederm-face-cleanser-meigieemaldusvaht-igapaevaseks-naohoolduseks-150ml\/#breadcrumb","itemListElement":[{"@type":"ListItem","position":1,"name":"Home","item":"https:\/\/glamico.ee\/"},{"@type":"ListItem","position":2,"name":"Pood","item":"https:\/\/glamico.ee\/pood\/"},{"@type":"ListItem","position":3,"name":"Swederm FACE CLEANSER \u2013 meigieemaldusvaht igap\u00e4evaseks n\u00e4ohoolduseks 150ml"}]},{"@type":"WebSite","@id":"https:\/\/glamico.ee\/#website","url":"https:\/\/glamico.ee\/","name":"Glamico","description":"Ilutooted","publisher":{"@id":"https:\/\/glamico.ee\/#organization"},"potentialAction":[{"@type":"SearchAction","target":{"@type":"EntryPoint","urlTemplate":"https:\/\/glamico.ee\/?s={search_term_string}"},"query-input":{"@type":"PropertyValueSpecification","valueRequired":true,"valueName":"search_term_string"}}],"inLanguage":"en-US"},{"@type":"Organization","@id":"https:\/\/glamico.ee\/#organization","name":"Glamico Baltics O\u00dc","url":"https:\/\/glamico.ee\/","logo":{"@type":"ImageObject","inLanguage":"en-US","@id":"https:\/\/glamico.ee\/#\/schema\/logo\/image\/","url":"https:\/\/glamico.ee\/wp-content\/uploads\/2025\/11\/Glamico-1.png","contentUrl":"https:\/\/glamico.ee\/wp-content\/uploads\/2025\/11\/Glamico-1.png","width":627,"height":400,"caption":"Glamico Baltics O\u00dc"},"image":{"@id":"https:\/\/glamico.ee\/#\/schema\/logo\/image\/"},"sameAs":["https:\/\/www.instagram.com\/glamico.ee\/"]}]}},"brands":[{"id":92,"name":"Swederm","slug":"swederm"}],"_links":{"self":[{"href":"https:\/\/glamico.ee\/en\/wp-json\/wp\/v2\/product\/1745","targetHints":{"allow":["GET"]}}],"collection":[{"href":"https:\/\/glamico.ee\/en\/wp-json\/wp\/v2\/product"}],"about":[{"href":"https:\/\/glamico.ee\/en\/wp-json\/wp\/v2\/types\/product"}],"version-history":[{"count":2,"href":"https:\/\/glamico.ee\/en\/wp-json\/wp\/v2\/product\/1745\/revisions"}],"predecessor-version":[{"id":2672,"href":"https:\/\/glamico.ee\/en\/wp-json\/wp\/v2\/product\/1745\/revisions\/2672"}],"wp:featuredmedia":[{"embeddable":true,"href":"https:\/\/glamico.ee\/en\/wp-json\/wp\/v2\/media\/1818"}],"wp:attachment":[{"href":"https:\/\/glamico.ee\/en\/wp-json\/wp\/v2\/media?parent=1745"}],"wp:term":[{"taxonomy":"pwb-brand","embeddable":true,"href":"https:\/\/glamico.ee\/en\/wp-json\/wp\/v2\/pwb-brand?post=1745"},{"taxonomy":"product_brand","embeddable":true,"href":"https:\/\/glamico.ee\/en\/wp-json\/wp\/v2\/product_brand?post=1745"},{"taxonomy":"product_cat","embeddable":true,"href":"https:\/\/glamico.ee\/en\/wp-json\/wp\/v2\/product_cat?post=1745"},{"taxonomy":"product_tag","embeddable":true,"href":"https:\/\/glamico.ee\/en\/wp-json\/wp\/v2\/product_tag?post=1745"}],"curies":[{"name":"wp","href":"https:\/\/api.w.org\/{rel}","templated":true}]}}