{"id":1740,"date":"2025-09-17T13:03:33","date_gmt":"2025-09-17T11:03:33","guid":{"rendered":"https:\/\/glamico.ee\/?post_type=product&#038;p=1740"},"modified":"2025-12-01T10:55:33","modified_gmt":"2025-12-01T08:55:33","slug":"raywell-x17-molecular-rebuilding-mask-150ml","status":"publish","type":"product","link":"https:\/\/glamico.ee\/en\/pood\/raywell-x17-molecular-rebuilding-mask-150ml\/","title":{"rendered":"Raywell X17 Molecular Rebuilding Mask 150ml"},"content":{"rendered":"<p>Taastav ja niisutav mask. Raywelli molekulaarsete biomimeetriliste peptiitide revolutsiooniline juuste rekonstrueerimise s\u00fcsteem igat t\u00fc\u00fcpi juuste hoolduseks. See uuenduslik s\u00fcsteem p\u00f5hineb biomimeetriliste peptiitide kasutamisel, mis sisaldavad eksklusiivset 11 asendamatut aminohappe kompleksi sh alaniin, glutamiin, gl\u00fctsiin, isoleutsiin, l\u00fcsiin, proliin ja valiin. Valgupeptiitide tungimise kaudu juuksekiudu, t\u00f6\u00f6tab tehnoloogia juukse keratiinis esinevate molekulidevaheliste vesiniksidemete v\u00f5rgustike rekonstrueerimise ja tugevdamise nimel. Tulemuseks on juuksekiudude p\u00fcsiv ja pidev rekonstrueerimine. Toote j\u00e4rjepidev kasutamine muudab juuksed j\u00e4rk-j\u00e4rgult tugevamaks, elastsemaks ja l\u00e4ikivamaks.<\/p>\n<p>Kasutamine: Jaota \u00fchtlaselt juustesse kuni maks on imendunud, hoia 5-10min, loputa (soovitatav kerge kuumt\u00f6\u00f6tlus)<\/p>\n<p>Koostis: aqua (water), alcohol denat., propylene glycol, cetearyl alcohol, coconut\/palm kernel alkanes, behentrimonium chloride, isopropyl alcohol, polysorbate 20, dipropylene glycol, parfum (fragrance), benzyl alcohol, hexamethylindanopyan, hydrolyzed wheat gluten, zinc palmitoyl nonapeptite-14, palmitoyl sh-octapeptite-8 glutamine sp amide, ethylhexylglycerin, oligopeptite-78, decapeptite-22, tocopherol, lactic acid<\/p>","protected":false},"excerpt":{"rendered":"<p>Taastav ja niisutav mask. Raywelli molekulaarsete biomimeetriliste peptiitide revolutsiooniline juuste rekonstrueerimise s\u00fcsteem igat t\u00fc\u00fcpi juuste hoolduseks. See uuenduslik s\u00fcsteem p\u00f5hineb biomimeetriliste peptiitide kasutamisel, mis sisaldavad eksklusiivset 11 asendamatut aminohappe kompleksi sh alaniin, glutamiin, gl\u00fctsiin, isoleutsiin, l\u00fcsiin, proliin ja valiin. Valgupeptiitide tungimise kaudu juuksekiudu, t\u00f6\u00f6tab tehnoloogia juukse keratiinis esinevate molekulidevaheliste vesiniksidemete v\u00f5rgustike rekonstrueerimise ja tugevdamise nimel. Tulemuseks on juuksekiudude p\u00fcsiv ja [&hellip;]<\/p>\n","protected":false},"featured_media":2080,"template":"","meta":[],"pwb-brand":[90],"product_brand":[],"product_cat":[32],"product_tag":[],"class_list":{"0":"post-1740","1":"product","2":"type-product","3":"status-publish","4":"has-post-thumbnail","6":"pwb-brand-raywell","7":"product_cat-juustele","9":"first","10":"instock","11":"taxable","12":"shipping-taxable","13":"purchasable","14":"product-type-simple"},"yoast_head":"<!-- This site is optimized with the Yoast SEO plugin v27.3 - https:\/\/yoast.com\/product\/yoast-seo-wordpress\/ -->\n<title>Raywell X17 Molecular Rebuilding Mask 150ml - Glamico<\/title>\n<meta name=\"robots\" content=\"index, follow, max-snippet:-1, max-image-preview:large, max-video-preview:-1\" \/>\n<link rel=\"canonical\" href=\"https:\/\/glamico.ee\/en\/pood\/raywell-x17-molecular-rebuilding-mask-150ml\/\" \/>\n<meta property=\"og:locale\" content=\"en_US\" \/>\n<meta property=\"og:type\" content=\"article\" \/>\n<meta property=\"og:title\" content=\"Raywell X17 Molecular Rebuilding Mask 150ml - Glamico\" \/>\n<meta property=\"og:description\" content=\"Taastav ja niisutav mask. Raywelli molekulaarsete biomimeetriliste peptiitide revolutsiooniline juuste rekonstrueerimise s\u00fcsteem igat t\u00fc\u00fcpi juuste hoolduseks. See uuenduslik s\u00fcsteem p\u00f5hineb biomimeetriliste peptiitide kasutamisel, mis sisaldavad eksklusiivset 11 asendamatut aminohappe kompleksi sh alaniin, glutamiin, gl\u00fctsiin, isoleutsiin, l\u00fcsiin, proliin ja valiin. Valgupeptiitide tungimise kaudu juuksekiudu, t\u00f6\u00f6tab tehnoloogia juukse keratiinis esinevate molekulidevaheliste vesiniksidemete v\u00f5rgustike rekonstrueerimise ja tugevdamise nimel. Tulemuseks on juuksekiudude p\u00fcsiv ja [&hellip;]\" \/>\n<meta property=\"og:url\" content=\"https:\/\/glamico.ee\/en\/pood\/raywell-x17-molecular-rebuilding-mask-150ml\/\" \/>\n<meta property=\"og:site_name\" content=\"Glamico\" \/>\n<meta property=\"article:modified_time\" content=\"2025-12-01T08:55:33+00:00\" \/>\n<meta property=\"og:image\" content=\"https:\/\/glamico.ee\/wp-content\/uploads\/2025\/09\/RAYWELL_BIOMIMETIC_X17_MASK_100ml-8059307167925-RR501.webp\" \/>\n\t<meta property=\"og:image:width\" content=\"901\" \/>\n\t<meta property=\"og:image:height\" content=\"900\" \/>\n\t<meta property=\"og:image:type\" content=\"image\/webp\" \/>\n<meta name=\"twitter:card\" content=\"summary_large_image\" \/>\n<meta name=\"twitter:label1\" content=\"Est. reading time\" \/>\n\t<meta name=\"twitter:data1\" content=\"1 minute\" \/>\n<script type=\"application\/ld+json\" class=\"yoast-schema-graph\">{\"@context\":\"https:\\\/\\\/schema.org\",\"@graph\":[{\"@type\":\"WebPage\",\"@id\":\"https:\\\/\\\/glamico.ee\\\/pood\\\/raywell-x17-molecular-rebuilding-mask-150ml\\\/\",\"url\":\"https:\\\/\\\/glamico.ee\\\/pood\\\/raywell-x17-molecular-rebuilding-mask-150ml\\\/\",\"name\":\"Raywell X17 Molecular Rebuilding Mask 150ml - Glamico\",\"isPartOf\":{\"@id\":\"https:\\\/\\\/glamico.ee\\\/#website\"},\"primaryImageOfPage\":{\"@id\":\"https:\\\/\\\/glamico.ee\\\/pood\\\/raywell-x17-molecular-rebuilding-mask-150ml\\\/#primaryimage\"},\"image\":{\"@id\":\"https:\\\/\\\/glamico.ee\\\/pood\\\/raywell-x17-molecular-rebuilding-mask-150ml\\\/#primaryimage\"},\"thumbnailUrl\":\"https:\\\/\\\/glamico.ee\\\/wp-content\\\/uploads\\\/2025\\\/09\\\/RAYWELL_BIOMIMETIC_X17_MASK_100ml-8059307167925-RR501.webp\",\"datePublished\":\"2025-09-17T11:03:33+00:00\",\"dateModified\":\"2025-12-01T08:55:33+00:00\",\"breadcrumb\":{\"@id\":\"https:\\\/\\\/glamico.ee\\\/pood\\\/raywell-x17-molecular-rebuilding-mask-150ml\\\/#breadcrumb\"},\"inLanguage\":\"en-US\",\"potentialAction\":[{\"@type\":\"ReadAction\",\"target\":[\"https:\\\/\\\/glamico.ee\\\/pood\\\/raywell-x17-molecular-rebuilding-mask-150ml\\\/\"]}]},{\"@type\":\"ImageObject\",\"inLanguage\":\"en-US\",\"@id\":\"https:\\\/\\\/glamico.ee\\\/pood\\\/raywell-x17-molecular-rebuilding-mask-150ml\\\/#primaryimage\",\"url\":\"https:\\\/\\\/glamico.ee\\\/wp-content\\\/uploads\\\/2025\\\/09\\\/RAYWELL_BIOMIMETIC_X17_MASK_100ml-8059307167925-RR501.webp\",\"contentUrl\":\"https:\\\/\\\/glamico.ee\\\/wp-content\\\/uploads\\\/2025\\\/09\\\/RAYWELL_BIOMIMETIC_X17_MASK_100ml-8059307167925-RR501.webp\",\"width\":901,\"height\":900},{\"@type\":\"BreadcrumbList\",\"@id\":\"https:\\\/\\\/glamico.ee\\\/pood\\\/raywell-x17-molecular-rebuilding-mask-150ml\\\/#breadcrumb\",\"itemListElement\":[{\"@type\":\"ListItem\",\"position\":1,\"name\":\"Home\",\"item\":\"https:\\\/\\\/glamico.ee\\\/\"},{\"@type\":\"ListItem\",\"position\":2,\"name\":\"Pood\",\"item\":\"https:\\\/\\\/glamico.ee\\\/pood\\\/\"},{\"@type\":\"ListItem\",\"position\":3,\"name\":\"Raywell X17 Molecular Rebuilding Mask 150ml\"}]},{\"@type\":\"WebSite\",\"@id\":\"https:\\\/\\\/glamico.ee\\\/#website\",\"url\":\"https:\\\/\\\/glamico.ee\\\/\",\"name\":\"Glamico\",\"description\":\"Ilutooted\",\"publisher\":{\"@id\":\"https:\\\/\\\/glamico.ee\\\/#organization\"},\"potentialAction\":[{\"@type\":\"SearchAction\",\"target\":{\"@type\":\"EntryPoint\",\"urlTemplate\":\"https:\\\/\\\/glamico.ee\\\/?s={search_term_string}\"},\"query-input\":{\"@type\":\"PropertyValueSpecification\",\"valueRequired\":true,\"valueName\":\"search_term_string\"}}],\"inLanguage\":\"en-US\"},{\"@type\":\"Organization\",\"@id\":\"https:\\\/\\\/glamico.ee\\\/#organization\",\"name\":\"Glamico Baltics O\u00dc\",\"url\":\"https:\\\/\\\/glamico.ee\\\/\",\"logo\":{\"@type\":\"ImageObject\",\"inLanguage\":\"en-US\",\"@id\":\"https:\\\/\\\/glamico.ee\\\/#\\\/schema\\\/logo\\\/image\\\/\",\"url\":\"https:\\\/\\\/glamico.ee\\\/wp-content\\\/uploads\\\/2025\\\/11\\\/Glamico-1.png\",\"contentUrl\":\"https:\\\/\\\/glamico.ee\\\/wp-content\\\/uploads\\\/2025\\\/11\\\/Glamico-1.png\",\"width\":627,\"height\":400,\"caption\":\"Glamico Baltics O\u00dc\"},\"image\":{\"@id\":\"https:\\\/\\\/glamico.ee\\\/#\\\/schema\\\/logo\\\/image\\\/\"},\"sameAs\":[\"https:\\\/\\\/www.instagram.com\\\/glamico.ee\\\/\"]}]}<\/script>\n<!-- \/ Yoast SEO plugin. -->","yoast_head_json":{"title":"Raywell X17 Molecular Rebuilding Mask 150ml - Glamico","robots":{"index":"index","follow":"follow","max-snippet":"max-snippet:-1","max-image-preview":"max-image-preview:large","max-video-preview":"max-video-preview:-1"},"canonical":"https:\/\/glamico.ee\/en\/pood\/raywell-x17-molecular-rebuilding-mask-150ml\/","og_locale":"en_US","og_type":"article","og_title":"Raywell X17 Molecular Rebuilding Mask 150ml - Glamico","og_description":"Taastav ja niisutav mask. Raywelli molekulaarsete biomimeetriliste peptiitide revolutsiooniline juuste rekonstrueerimise s\u00fcsteem igat t\u00fc\u00fcpi juuste hoolduseks. See uuenduslik s\u00fcsteem p\u00f5hineb biomimeetriliste peptiitide kasutamisel, mis sisaldavad eksklusiivset 11 asendamatut aminohappe kompleksi sh alaniin, glutamiin, gl\u00fctsiin, isoleutsiin, l\u00fcsiin, proliin ja valiin. Valgupeptiitide tungimise kaudu juuksekiudu, t\u00f6\u00f6tab tehnoloogia juukse keratiinis esinevate molekulidevaheliste vesiniksidemete v\u00f5rgustike rekonstrueerimise ja tugevdamise nimel. Tulemuseks on juuksekiudude p\u00fcsiv ja [&hellip;]","og_url":"https:\/\/glamico.ee\/en\/pood\/raywell-x17-molecular-rebuilding-mask-150ml\/","og_site_name":"Glamico","article_modified_time":"2025-12-01T08:55:33+00:00","og_image":[{"width":901,"height":900,"url":"https:\/\/glamico.ee\/wp-content\/uploads\/2025\/09\/RAYWELL_BIOMIMETIC_X17_MASK_100ml-8059307167925-RR501.webp","type":"image\/webp"}],"twitter_card":"summary_large_image","twitter_misc":{"Est. reading time":"1 minute"},"schema":{"@context":"https:\/\/schema.org","@graph":[{"@type":"WebPage","@id":"https:\/\/glamico.ee\/pood\/raywell-x17-molecular-rebuilding-mask-150ml\/","url":"https:\/\/glamico.ee\/pood\/raywell-x17-molecular-rebuilding-mask-150ml\/","name":"Raywell X17 Molecular Rebuilding Mask 150ml - Glamico","isPartOf":{"@id":"https:\/\/glamico.ee\/#website"},"primaryImageOfPage":{"@id":"https:\/\/glamico.ee\/pood\/raywell-x17-molecular-rebuilding-mask-150ml\/#primaryimage"},"image":{"@id":"https:\/\/glamico.ee\/pood\/raywell-x17-molecular-rebuilding-mask-150ml\/#primaryimage"},"thumbnailUrl":"https:\/\/glamico.ee\/wp-content\/uploads\/2025\/09\/RAYWELL_BIOMIMETIC_X17_MASK_100ml-8059307167925-RR501.webp","datePublished":"2025-09-17T11:03:33+00:00","dateModified":"2025-12-01T08:55:33+00:00","breadcrumb":{"@id":"https:\/\/glamico.ee\/pood\/raywell-x17-molecular-rebuilding-mask-150ml\/#breadcrumb"},"inLanguage":"en-US","potentialAction":[{"@type":"ReadAction","target":["https:\/\/glamico.ee\/pood\/raywell-x17-molecular-rebuilding-mask-150ml\/"]}]},{"@type":"ImageObject","inLanguage":"en-US","@id":"https:\/\/glamico.ee\/pood\/raywell-x17-molecular-rebuilding-mask-150ml\/#primaryimage","url":"https:\/\/glamico.ee\/wp-content\/uploads\/2025\/09\/RAYWELL_BIOMIMETIC_X17_MASK_100ml-8059307167925-RR501.webp","contentUrl":"https:\/\/glamico.ee\/wp-content\/uploads\/2025\/09\/RAYWELL_BIOMIMETIC_X17_MASK_100ml-8059307167925-RR501.webp","width":901,"height":900},{"@type":"BreadcrumbList","@id":"https:\/\/glamico.ee\/pood\/raywell-x17-molecular-rebuilding-mask-150ml\/#breadcrumb","itemListElement":[{"@type":"ListItem","position":1,"name":"Home","item":"https:\/\/glamico.ee\/"},{"@type":"ListItem","position":2,"name":"Pood","item":"https:\/\/glamico.ee\/pood\/"},{"@type":"ListItem","position":3,"name":"Raywell X17 Molecular Rebuilding Mask 150ml"}]},{"@type":"WebSite","@id":"https:\/\/glamico.ee\/#website","url":"https:\/\/glamico.ee\/","name":"Glamico","description":"Ilutooted","publisher":{"@id":"https:\/\/glamico.ee\/#organization"},"potentialAction":[{"@type":"SearchAction","target":{"@type":"EntryPoint","urlTemplate":"https:\/\/glamico.ee\/?s={search_term_string}"},"query-input":{"@type":"PropertyValueSpecification","valueRequired":true,"valueName":"search_term_string"}}],"inLanguage":"en-US"},{"@type":"Organization","@id":"https:\/\/glamico.ee\/#organization","name":"Glamico Baltics O\u00dc","url":"https:\/\/glamico.ee\/","logo":{"@type":"ImageObject","inLanguage":"en-US","@id":"https:\/\/glamico.ee\/#\/schema\/logo\/image\/","url":"https:\/\/glamico.ee\/wp-content\/uploads\/2025\/11\/Glamico-1.png","contentUrl":"https:\/\/glamico.ee\/wp-content\/uploads\/2025\/11\/Glamico-1.png","width":627,"height":400,"caption":"Glamico Baltics O\u00dc"},"image":{"@id":"https:\/\/glamico.ee\/#\/schema\/logo\/image\/"},"sameAs":["https:\/\/www.instagram.com\/glamico.ee\/"]}]}},"brands":[{"id":90,"name":"Raywell","slug":"raywell"}],"_links":{"self":[{"href":"https:\/\/glamico.ee\/en\/wp-json\/wp\/v2\/product\/1740","targetHints":{"allow":["GET"]}}],"collection":[{"href":"https:\/\/glamico.ee\/en\/wp-json\/wp\/v2\/product"}],"about":[{"href":"https:\/\/glamico.ee\/en\/wp-json\/wp\/v2\/types\/product"}],"version-history":[{"count":2,"href":"https:\/\/glamico.ee\/en\/wp-json\/wp\/v2\/product\/1740\/revisions"}],"predecessor-version":[{"id":2082,"href":"https:\/\/glamico.ee\/en\/wp-json\/wp\/v2\/product\/1740\/revisions\/2082"}],"wp:featuredmedia":[{"embeddable":true,"href":"https:\/\/glamico.ee\/en\/wp-json\/wp\/v2\/media\/2080"}],"wp:attachment":[{"href":"https:\/\/glamico.ee\/en\/wp-json\/wp\/v2\/media?parent=1740"}],"wp:term":[{"taxonomy":"pwb-brand","embeddable":true,"href":"https:\/\/glamico.ee\/en\/wp-json\/wp\/v2\/pwb-brand?post=1740"},{"taxonomy":"product_brand","embeddable":true,"href":"https:\/\/glamico.ee\/en\/wp-json\/wp\/v2\/product_brand?post=1740"},{"taxonomy":"product_cat","embeddable":true,"href":"https:\/\/glamico.ee\/en\/wp-json\/wp\/v2\/product_cat?post=1740"},{"taxonomy":"product_tag","embeddable":true,"href":"https:\/\/glamico.ee\/en\/wp-json\/wp\/v2\/product_tag?post=1740"}],"curies":[{"name":"wp","href":"https:\/\/api.w.org\/{rel}","templated":true}]}}