{"id":1737,"date":"2025-09-17T12:32:31","date_gmt":"2025-09-17T10:32:31","guid":{"rendered":"https:\/\/glamico.ee\/?post_type=product&#038;p=1737"},"modified":"2025-12-01T10:47:40","modified_gmt":"2025-12-01T08:47:40","slug":"raywell-x16-primer-repair-fluid-150ml","status":"publish","type":"product","link":"https:\/\/glamico.ee\/en\/pood\/raywell-x16-primer-repair-fluid-150ml\/","title":{"rendered":"Raywell X16 Primer Repair Fluid 150ml"},"content":{"rendered":"<p>Juustesse j\u00e4etav praimer. Kasutatakse j\u00e4rgnevate hoolduste m\u00f5ju h\u00f5lbustamiseks ja kaitseks t\u00f6\u00f6tlemise v\u00e4ltel.<\/p>\n<p>Raywelli molekulaarsete biomimeetriliste peptiitide revolutsiooniline juuste rekonstrueerimise s\u00fcsteem igat t\u00fc\u00fcpi juuste hoolduseks. See uuenduslik s\u00fcsteem p\u00f5hineb biomimeetriliste peptiitide kasutamisel, mis sisaldavad eksklusiivset 11 asendamatut aminohappe kompleksi sh alaniin, glutamiin, gl\u00fctsiin, isoleutsiin, l\u00fcsiin, proliin ja valiin. Valgupeptiitide tungimise kaudu juuksekiudu, t\u00f6\u00f6tab tehnoloogia juukse keratiinis esinevate molekulidevaheliste vesiniksidemete v\u00f5rgustike rekonstrueerimise ja tugevdamise nimel. Tulemuseks on juuksekiudude p\u00fcsiv ja pidev rekonstrueerimine. Toote j\u00e4rjepidev kasutamine muudab juuksed j\u00e4rk-j\u00e4rgult tugevamaks, elastsemaks ja l\u00e4ikivamaks.<\/p>\n<p>Kasutamine: Pihusta juustesse enne t\u00f6\u00f6tlemist<\/p>\n<p>Koostis: aqua (water), alcohol denat., propylene glycol, polysorbate 20, dipropylene glycol, parfum (fragrance), hexamethylindanopyran, hydrolyzed wheat, protein, hydrolyzed silk, acrylates\/c10-30 alkyl acrylate, crosspolymer, ethylhexylglytcerin, hydrolyzed wheat gluten, tocopherol, palmitoyl sh-octapeptite-8, glutamine sp amide, zinc palmitoyl nonapeptite-14, oligopeptite-78, decapeptite-22, ethanolamine, benzyl alcohol<\/p>\n<p>&nbsp;<\/p>","protected":false},"excerpt":{"rendered":"<p>Juustesse j\u00e4etav praimer. Kasutatakse j\u00e4rgnevate hoolduste m\u00f5ju h\u00f5lbustamiseks ja kaitseks t\u00f6\u00f6tlemise v\u00e4ltel. Raywelli molekulaarsete biomimeetriliste peptiitide revolutsiooniline juuste rekonstrueerimise s\u00fcsteem igat t\u00fc\u00fcpi juuste hoolduseks. See uuenduslik s\u00fcsteem p\u00f5hineb biomimeetriliste peptiitide kasutamisel, mis sisaldavad eksklusiivset 11 asendamatut aminohappe kompleksi sh alaniin, glutamiin, gl\u00fctsiin, isoleutsiin, l\u00fcsiin, proliin ja valiin. Valgupeptiitide tungimise kaudu juuksekiudu, t\u00f6\u00f6tab tehnoloogia juukse keratiinis esinevate molekulidevaheliste vesiniksidemete v\u00f5rgustike rekonstrueerimise [&hellip;]<\/p>\n","protected":false},"featured_media":2076,"template":"","meta":[],"pwb-brand":[90],"product_brand":[],"product_cat":[32],"product_tag":[],"class_list":{"0":"post-1737","1":"product","2":"type-product","3":"status-publish","4":"has-post-thumbnail","6":"pwb-brand-raywell","7":"product_cat-juustele","9":"first","10":"instock","11":"taxable","12":"shipping-taxable","13":"purchasable","14":"product-type-simple"},"yoast_head":"<!-- This site is optimized with the Yoast SEO plugin v27.3 - https:\/\/yoast.com\/product\/yoast-seo-wordpress\/ -->\n<title>Raywell X16 Primer Repair Fluid 150ml - Glamico<\/title>\n<meta name=\"robots\" content=\"index, follow, max-snippet:-1, max-image-preview:large, max-video-preview:-1\" \/>\n<link rel=\"canonical\" href=\"https:\/\/glamico.ee\/en\/pood\/raywell-x16-primer-repair-fluid-150ml\/\" \/>\n<meta property=\"og:locale\" content=\"en_US\" \/>\n<meta property=\"og:type\" content=\"article\" \/>\n<meta property=\"og:title\" content=\"Raywell X16 Primer Repair Fluid 150ml - Glamico\" \/>\n<meta property=\"og:description\" content=\"Juustesse j\u00e4etav praimer. Kasutatakse j\u00e4rgnevate hoolduste m\u00f5ju h\u00f5lbustamiseks ja kaitseks t\u00f6\u00f6tlemise v\u00e4ltel. Raywelli molekulaarsete biomimeetriliste peptiitide revolutsiooniline juuste rekonstrueerimise s\u00fcsteem igat t\u00fc\u00fcpi juuste hoolduseks. See uuenduslik s\u00fcsteem p\u00f5hineb biomimeetriliste peptiitide kasutamisel, mis sisaldavad eksklusiivset 11 asendamatut aminohappe kompleksi sh alaniin, glutamiin, gl\u00fctsiin, isoleutsiin, l\u00fcsiin, proliin ja valiin. Valgupeptiitide tungimise kaudu juuksekiudu, t\u00f6\u00f6tab tehnoloogia juukse keratiinis esinevate molekulidevaheliste vesiniksidemete v\u00f5rgustike rekonstrueerimise [&hellip;]\" \/>\n<meta property=\"og:url\" content=\"https:\/\/glamico.ee\/en\/pood\/raywell-x16-primer-repair-fluid-150ml\/\" \/>\n<meta property=\"og:site_name\" content=\"Glamico\" \/>\n<meta property=\"article:modified_time\" content=\"2025-12-01T08:47:40+00:00\" \/>\n<meta property=\"og:image\" content=\"https:\/\/glamico.ee\/wp-content\/uploads\/2025\/09\/RAYWELL_BIOMIMETIC_X16_PRIMER_150ml-8059307167918-RR500.webp\" \/>\n\t<meta property=\"og:image:width\" content=\"900\" \/>\n\t<meta property=\"og:image:height\" content=\"900\" \/>\n\t<meta property=\"og:image:type\" content=\"image\/webp\" \/>\n<meta name=\"twitter:card\" content=\"summary_large_image\" \/>\n<meta name=\"twitter:label1\" content=\"Est. reading time\" \/>\n\t<meta name=\"twitter:data1\" content=\"1 minute\" \/>\n<script type=\"application\/ld+json\" class=\"yoast-schema-graph\">{\"@context\":\"https:\\\/\\\/schema.org\",\"@graph\":[{\"@type\":\"WebPage\",\"@id\":\"https:\\\/\\\/glamico.ee\\\/pood\\\/raywell-x16-primer-repair-fluid-150ml\\\/\",\"url\":\"https:\\\/\\\/glamico.ee\\\/pood\\\/raywell-x16-primer-repair-fluid-150ml\\\/\",\"name\":\"Raywell X16 Primer Repair Fluid 150ml - Glamico\",\"isPartOf\":{\"@id\":\"https:\\\/\\\/glamico.ee\\\/#website\"},\"primaryImageOfPage\":{\"@id\":\"https:\\\/\\\/glamico.ee\\\/pood\\\/raywell-x16-primer-repair-fluid-150ml\\\/#primaryimage\"},\"image\":{\"@id\":\"https:\\\/\\\/glamico.ee\\\/pood\\\/raywell-x16-primer-repair-fluid-150ml\\\/#primaryimage\"},\"thumbnailUrl\":\"https:\\\/\\\/glamico.ee\\\/wp-content\\\/uploads\\\/2025\\\/09\\\/RAYWELL_BIOMIMETIC_X16_PRIMER_150ml-8059307167918-RR500.webp\",\"datePublished\":\"2025-09-17T10:32:31+00:00\",\"dateModified\":\"2025-12-01T08:47:40+00:00\",\"breadcrumb\":{\"@id\":\"https:\\\/\\\/glamico.ee\\\/pood\\\/raywell-x16-primer-repair-fluid-150ml\\\/#breadcrumb\"},\"inLanguage\":\"en-US\",\"potentialAction\":[{\"@type\":\"ReadAction\",\"target\":[\"https:\\\/\\\/glamico.ee\\\/pood\\\/raywell-x16-primer-repair-fluid-150ml\\\/\"]}]},{\"@type\":\"ImageObject\",\"inLanguage\":\"en-US\",\"@id\":\"https:\\\/\\\/glamico.ee\\\/pood\\\/raywell-x16-primer-repair-fluid-150ml\\\/#primaryimage\",\"url\":\"https:\\\/\\\/glamico.ee\\\/wp-content\\\/uploads\\\/2025\\\/09\\\/RAYWELL_BIOMIMETIC_X16_PRIMER_150ml-8059307167918-RR500.webp\",\"contentUrl\":\"https:\\\/\\\/glamico.ee\\\/wp-content\\\/uploads\\\/2025\\\/09\\\/RAYWELL_BIOMIMETIC_X16_PRIMER_150ml-8059307167918-RR500.webp\",\"width\":900,\"height\":900},{\"@type\":\"BreadcrumbList\",\"@id\":\"https:\\\/\\\/glamico.ee\\\/pood\\\/raywell-x16-primer-repair-fluid-150ml\\\/#breadcrumb\",\"itemListElement\":[{\"@type\":\"ListItem\",\"position\":1,\"name\":\"Home\",\"item\":\"https:\\\/\\\/glamico.ee\\\/\"},{\"@type\":\"ListItem\",\"position\":2,\"name\":\"Pood\",\"item\":\"https:\\\/\\\/glamico.ee\\\/pood\\\/\"},{\"@type\":\"ListItem\",\"position\":3,\"name\":\"Raywell X16 Primer Repair Fluid 150ml\"}]},{\"@type\":\"WebSite\",\"@id\":\"https:\\\/\\\/glamico.ee\\\/#website\",\"url\":\"https:\\\/\\\/glamico.ee\\\/\",\"name\":\"Glamico\",\"description\":\"Ilutooted\",\"publisher\":{\"@id\":\"https:\\\/\\\/glamico.ee\\\/#organization\"},\"potentialAction\":[{\"@type\":\"SearchAction\",\"target\":{\"@type\":\"EntryPoint\",\"urlTemplate\":\"https:\\\/\\\/glamico.ee\\\/?s={search_term_string}\"},\"query-input\":{\"@type\":\"PropertyValueSpecification\",\"valueRequired\":true,\"valueName\":\"search_term_string\"}}],\"inLanguage\":\"en-US\"},{\"@type\":\"Organization\",\"@id\":\"https:\\\/\\\/glamico.ee\\\/#organization\",\"name\":\"Glamico Baltics O\u00dc\",\"url\":\"https:\\\/\\\/glamico.ee\\\/\",\"logo\":{\"@type\":\"ImageObject\",\"inLanguage\":\"en-US\",\"@id\":\"https:\\\/\\\/glamico.ee\\\/#\\\/schema\\\/logo\\\/image\\\/\",\"url\":\"https:\\\/\\\/glamico.ee\\\/wp-content\\\/uploads\\\/2025\\\/11\\\/Glamico-1.png\",\"contentUrl\":\"https:\\\/\\\/glamico.ee\\\/wp-content\\\/uploads\\\/2025\\\/11\\\/Glamico-1.png\",\"width\":627,\"height\":400,\"caption\":\"Glamico Baltics O\u00dc\"},\"image\":{\"@id\":\"https:\\\/\\\/glamico.ee\\\/#\\\/schema\\\/logo\\\/image\\\/\"},\"sameAs\":[\"https:\\\/\\\/www.instagram.com\\\/glamico.ee\\\/\"]}]}<\/script>\n<!-- \/ Yoast SEO plugin. -->","yoast_head_json":{"title":"Raywell X16 Primer Repair Fluid 150ml - Glamico","robots":{"index":"index","follow":"follow","max-snippet":"max-snippet:-1","max-image-preview":"max-image-preview:large","max-video-preview":"max-video-preview:-1"},"canonical":"https:\/\/glamico.ee\/en\/pood\/raywell-x16-primer-repair-fluid-150ml\/","og_locale":"en_US","og_type":"article","og_title":"Raywell X16 Primer Repair Fluid 150ml - Glamico","og_description":"Juustesse j\u00e4etav praimer. Kasutatakse j\u00e4rgnevate hoolduste m\u00f5ju h\u00f5lbustamiseks ja kaitseks t\u00f6\u00f6tlemise v\u00e4ltel. Raywelli molekulaarsete biomimeetriliste peptiitide revolutsiooniline juuste rekonstrueerimise s\u00fcsteem igat t\u00fc\u00fcpi juuste hoolduseks. See uuenduslik s\u00fcsteem p\u00f5hineb biomimeetriliste peptiitide kasutamisel, mis sisaldavad eksklusiivset 11 asendamatut aminohappe kompleksi sh alaniin, glutamiin, gl\u00fctsiin, isoleutsiin, l\u00fcsiin, proliin ja valiin. Valgupeptiitide tungimise kaudu juuksekiudu, t\u00f6\u00f6tab tehnoloogia juukse keratiinis esinevate molekulidevaheliste vesiniksidemete v\u00f5rgustike rekonstrueerimise [&hellip;]","og_url":"https:\/\/glamico.ee\/en\/pood\/raywell-x16-primer-repair-fluid-150ml\/","og_site_name":"Glamico","article_modified_time":"2025-12-01T08:47:40+00:00","og_image":[{"width":900,"height":900,"url":"https:\/\/glamico.ee\/wp-content\/uploads\/2025\/09\/RAYWELL_BIOMIMETIC_X16_PRIMER_150ml-8059307167918-RR500.webp","type":"image\/webp"}],"twitter_card":"summary_large_image","twitter_misc":{"Est. reading time":"1 minute"},"schema":{"@context":"https:\/\/schema.org","@graph":[{"@type":"WebPage","@id":"https:\/\/glamico.ee\/pood\/raywell-x16-primer-repair-fluid-150ml\/","url":"https:\/\/glamico.ee\/pood\/raywell-x16-primer-repair-fluid-150ml\/","name":"Raywell X16 Primer Repair Fluid 150ml - Glamico","isPartOf":{"@id":"https:\/\/glamico.ee\/#website"},"primaryImageOfPage":{"@id":"https:\/\/glamico.ee\/pood\/raywell-x16-primer-repair-fluid-150ml\/#primaryimage"},"image":{"@id":"https:\/\/glamico.ee\/pood\/raywell-x16-primer-repair-fluid-150ml\/#primaryimage"},"thumbnailUrl":"https:\/\/glamico.ee\/wp-content\/uploads\/2025\/09\/RAYWELL_BIOMIMETIC_X16_PRIMER_150ml-8059307167918-RR500.webp","datePublished":"2025-09-17T10:32:31+00:00","dateModified":"2025-12-01T08:47:40+00:00","breadcrumb":{"@id":"https:\/\/glamico.ee\/pood\/raywell-x16-primer-repair-fluid-150ml\/#breadcrumb"},"inLanguage":"en-US","potentialAction":[{"@type":"ReadAction","target":["https:\/\/glamico.ee\/pood\/raywell-x16-primer-repair-fluid-150ml\/"]}]},{"@type":"ImageObject","inLanguage":"en-US","@id":"https:\/\/glamico.ee\/pood\/raywell-x16-primer-repair-fluid-150ml\/#primaryimage","url":"https:\/\/glamico.ee\/wp-content\/uploads\/2025\/09\/RAYWELL_BIOMIMETIC_X16_PRIMER_150ml-8059307167918-RR500.webp","contentUrl":"https:\/\/glamico.ee\/wp-content\/uploads\/2025\/09\/RAYWELL_BIOMIMETIC_X16_PRIMER_150ml-8059307167918-RR500.webp","width":900,"height":900},{"@type":"BreadcrumbList","@id":"https:\/\/glamico.ee\/pood\/raywell-x16-primer-repair-fluid-150ml\/#breadcrumb","itemListElement":[{"@type":"ListItem","position":1,"name":"Home","item":"https:\/\/glamico.ee\/"},{"@type":"ListItem","position":2,"name":"Pood","item":"https:\/\/glamico.ee\/pood\/"},{"@type":"ListItem","position":3,"name":"Raywell X16 Primer Repair Fluid 150ml"}]},{"@type":"WebSite","@id":"https:\/\/glamico.ee\/#website","url":"https:\/\/glamico.ee\/","name":"Glamico","description":"Ilutooted","publisher":{"@id":"https:\/\/glamico.ee\/#organization"},"potentialAction":[{"@type":"SearchAction","target":{"@type":"EntryPoint","urlTemplate":"https:\/\/glamico.ee\/?s={search_term_string}"},"query-input":{"@type":"PropertyValueSpecification","valueRequired":true,"valueName":"search_term_string"}}],"inLanguage":"en-US"},{"@type":"Organization","@id":"https:\/\/glamico.ee\/#organization","name":"Glamico Baltics O\u00dc","url":"https:\/\/glamico.ee\/","logo":{"@type":"ImageObject","inLanguage":"en-US","@id":"https:\/\/glamico.ee\/#\/schema\/logo\/image\/","url":"https:\/\/glamico.ee\/wp-content\/uploads\/2025\/11\/Glamico-1.png","contentUrl":"https:\/\/glamico.ee\/wp-content\/uploads\/2025\/11\/Glamico-1.png","width":627,"height":400,"caption":"Glamico Baltics O\u00dc"},"image":{"@id":"https:\/\/glamico.ee\/#\/schema\/logo\/image\/"},"sameAs":["https:\/\/www.instagram.com\/glamico.ee\/"]}]}},"brands":[{"id":90,"name":"Raywell","slug":"raywell"}],"_links":{"self":[{"href":"https:\/\/glamico.ee\/en\/wp-json\/wp\/v2\/product\/1737","targetHints":{"allow":["GET"]}}],"collection":[{"href":"https:\/\/glamico.ee\/en\/wp-json\/wp\/v2\/product"}],"about":[{"href":"https:\/\/glamico.ee\/en\/wp-json\/wp\/v2\/types\/product"}],"version-history":[{"count":3,"href":"https:\/\/glamico.ee\/en\/wp-json\/wp\/v2\/product\/1737\/revisions"}],"predecessor-version":[{"id":2079,"href":"https:\/\/glamico.ee\/en\/wp-json\/wp\/v2\/product\/1737\/revisions\/2079"}],"wp:featuredmedia":[{"embeddable":true,"href":"https:\/\/glamico.ee\/en\/wp-json\/wp\/v2\/media\/2076"}],"wp:attachment":[{"href":"https:\/\/glamico.ee\/en\/wp-json\/wp\/v2\/media?parent=1737"}],"wp:term":[{"taxonomy":"pwb-brand","embeddable":true,"href":"https:\/\/glamico.ee\/en\/wp-json\/wp\/v2\/pwb-brand?post=1737"},{"taxonomy":"product_brand","embeddable":true,"href":"https:\/\/glamico.ee\/en\/wp-json\/wp\/v2\/product_brand?post=1737"},{"taxonomy":"product_cat","embeddable":true,"href":"https:\/\/glamico.ee\/en\/wp-json\/wp\/v2\/product_cat?post=1737"},{"taxonomy":"product_tag","embeddable":true,"href":"https:\/\/glamico.ee\/en\/wp-json\/wp\/v2\/product_tag?post=1737"}],"curies":[{"name":"wp","href":"https:\/\/api.w.org\/{rel}","templated":true}]}}