{"id":1727,"date":"2025-09-07T08:58:29","date_gmt":"2025-09-07T06:58:29","guid":{"rendered":"https:\/\/glamico.ee\/?post_type=product&#038;p=1727"},"modified":"2026-02-14T21:19:43","modified_gmt":"2026-02-14T19:19:43","slug":"raywell-blond-no-yellow-spray-200ml","status":"publish","type":"product","link":"https:\/\/glamico.ee\/en\/pood\/raywell-blond-no-yellow-spray-200ml\/","title":{"rendered":"Raywell Blond No Yellow Spray 200ml"},"content":{"rendered":"<p>Kasutamine: Pihusta m\u00e4rgadesse juustesse enne kuumt\u00f6\u00f6tlemist<\/p>\n<p>Koostis: aqua (water), glycerin, amodimethicone, parfum (fragrance), benzyl alcohol, peg-40 hydrogenated castor oil, propylene glycol, peg-12 dimethicone, cocamidopropyl betaine, trideceth-12, benzoic acid, disodium edta, dehydroacetic acid, hydrolyzed vegetable protein pg-propyl silanetriol, argania spinosa kernel oil (argania spinosa (argan) kernel oil), hydrolyzed walnut extract, tocopherol, citric acid, sodium benzoate, potassium sorbate, linalool, linalyl acetate, amyl salicylate, geraniol, rose ketones, chamomilla recutita flower extract, hexyl cinnamal, menthol, citronellol, geranyl acetate, pinene, anise alcohol, limonene, ext violet 2 (ci 60730)<\/p>","protected":false},"excerpt":{"rendered":"<p>Kuumakaitsega sprey blondidele juustele neutraliseerib kollased toonid ja loob juustele k\u00fclma varjundi. Tugevdab juukseid ja loob juukskarva \u00fcmber kaitsva kihi.<\/p>","protected":false},"featured_media":2320,"template":"","meta":[],"pwb-brand":[90],"product_brand":[],"product_cat":[32],"product_tag":[],"class_list":{"0":"post-1727","1":"product","2":"type-product","3":"status-publish","4":"has-post-thumbnail","6":"pwb-brand-raywell","7":"product_cat-juustele","9":"first","10":"instock","11":"taxable","12":"shipping-taxable","13":"purchasable","14":"product-type-simple"},"yoast_head":"<!-- This site is optimized with the Yoast SEO plugin v27.3 - https:\/\/yoast.com\/product\/yoast-seo-wordpress\/ -->\n<title>Raywell Blond No Yellow Spray 200ml - Glamico<\/title>\n<meta name=\"robots\" content=\"index, follow, max-snippet:-1, max-image-preview:large, max-video-preview:-1\" \/>\n<link rel=\"canonical\" href=\"https:\/\/glamico.ee\/en\/pood\/raywell-blond-no-yellow-spray-200ml\/\" \/>\n<meta property=\"og:locale\" content=\"en_US\" \/>\n<meta property=\"og:type\" content=\"article\" \/>\n<meta property=\"og:title\" content=\"Raywell Blond No Yellow Spray 200ml - Glamico\" \/>\n<meta property=\"og:description\" content=\"Kuumakaitsega sprey blondidele juustele neutraliseerib kollased toonid ja loob juustele k\u00fclma varjundi. Tugevdab juukseid ja loob juukskarva \u00fcmber kaitsva kihi.\" \/>\n<meta property=\"og:url\" content=\"https:\/\/glamico.ee\/en\/pood\/raywell-blond-no-yellow-spray-200ml\/\" \/>\n<meta property=\"og:site_name\" content=\"Glamico\" \/>\n<meta property=\"article:modified_time\" content=\"2026-02-14T19:19:43+00:00\" \/>\n<meta property=\"og:image\" content=\"https:\/\/glamico.ee\/wp-content\/uploads\/2025\/09\/no-yellow-spray-200ml.png\" \/>\n\t<meta property=\"og:image:width\" content=\"1000\" \/>\n\t<meta property=\"og:image:height\" content=\"1000\" \/>\n\t<meta property=\"og:image:type\" content=\"image\/png\" \/>\n<meta name=\"twitter:card\" content=\"summary_large_image\" \/>\n<meta name=\"twitter:label1\" content=\"Est. reading time\" \/>\n\t<meta name=\"twitter:data1\" content=\"1 minute\" \/>\n<script type=\"application\/ld+json\" class=\"yoast-schema-graph\">{\"@context\":\"https:\\\/\\\/schema.org\",\"@graph\":[{\"@type\":\"WebPage\",\"@id\":\"https:\\\/\\\/glamico.ee\\\/pood\\\/raywell-blond-no-yellow-spray-200ml\\\/\",\"url\":\"https:\\\/\\\/glamico.ee\\\/pood\\\/raywell-blond-no-yellow-spray-200ml\\\/\",\"name\":\"Raywell Blond No Yellow Spray 200ml - Glamico\",\"isPartOf\":{\"@id\":\"https:\\\/\\\/glamico.ee\\\/#website\"},\"primaryImageOfPage\":{\"@id\":\"https:\\\/\\\/glamico.ee\\\/pood\\\/raywell-blond-no-yellow-spray-200ml\\\/#primaryimage\"},\"image\":{\"@id\":\"https:\\\/\\\/glamico.ee\\\/pood\\\/raywell-blond-no-yellow-spray-200ml\\\/#primaryimage\"},\"thumbnailUrl\":\"https:\\\/\\\/glamico.ee\\\/wp-content\\\/uploads\\\/2025\\\/09\\\/no-yellow-spray-200ml.png\",\"datePublished\":\"2025-09-07T06:58:29+00:00\",\"dateModified\":\"2026-02-14T19:19:43+00:00\",\"breadcrumb\":{\"@id\":\"https:\\\/\\\/glamico.ee\\\/pood\\\/raywell-blond-no-yellow-spray-200ml\\\/#breadcrumb\"},\"inLanguage\":\"en-US\",\"potentialAction\":[{\"@type\":\"ReadAction\",\"target\":[\"https:\\\/\\\/glamico.ee\\\/pood\\\/raywell-blond-no-yellow-spray-200ml\\\/\"]}]},{\"@type\":\"ImageObject\",\"inLanguage\":\"en-US\",\"@id\":\"https:\\\/\\\/glamico.ee\\\/pood\\\/raywell-blond-no-yellow-spray-200ml\\\/#primaryimage\",\"url\":\"https:\\\/\\\/glamico.ee\\\/wp-content\\\/uploads\\\/2025\\\/09\\\/no-yellow-spray-200ml.png\",\"contentUrl\":\"https:\\\/\\\/glamico.ee\\\/wp-content\\\/uploads\\\/2025\\\/09\\\/no-yellow-spray-200ml.png\",\"width\":1000,\"height\":1000},{\"@type\":\"BreadcrumbList\",\"@id\":\"https:\\\/\\\/glamico.ee\\\/pood\\\/raywell-blond-no-yellow-spray-200ml\\\/#breadcrumb\",\"itemListElement\":[{\"@type\":\"ListItem\",\"position\":1,\"name\":\"Home\",\"item\":\"https:\\\/\\\/glamico.ee\\\/\"},{\"@type\":\"ListItem\",\"position\":2,\"name\":\"Pood\",\"item\":\"https:\\\/\\\/glamico.ee\\\/pood\\\/\"},{\"@type\":\"ListItem\",\"position\":3,\"name\":\"Raywell Blond No Yellow Spray 200ml\"}]},{\"@type\":\"WebSite\",\"@id\":\"https:\\\/\\\/glamico.ee\\\/#website\",\"url\":\"https:\\\/\\\/glamico.ee\\\/\",\"name\":\"Glamico\",\"description\":\"Ilutooted\",\"publisher\":{\"@id\":\"https:\\\/\\\/glamico.ee\\\/#organization\"},\"potentialAction\":[{\"@type\":\"SearchAction\",\"target\":{\"@type\":\"EntryPoint\",\"urlTemplate\":\"https:\\\/\\\/glamico.ee\\\/?s={search_term_string}\"},\"query-input\":{\"@type\":\"PropertyValueSpecification\",\"valueRequired\":true,\"valueName\":\"search_term_string\"}}],\"inLanguage\":\"en-US\"},{\"@type\":\"Organization\",\"@id\":\"https:\\\/\\\/glamico.ee\\\/#organization\",\"name\":\"Glamico Baltics O\u00dc\",\"url\":\"https:\\\/\\\/glamico.ee\\\/\",\"logo\":{\"@type\":\"ImageObject\",\"inLanguage\":\"en-US\",\"@id\":\"https:\\\/\\\/glamico.ee\\\/#\\\/schema\\\/logo\\\/image\\\/\",\"url\":\"https:\\\/\\\/glamico.ee\\\/wp-content\\\/uploads\\\/2025\\\/11\\\/Glamico-1.png\",\"contentUrl\":\"https:\\\/\\\/glamico.ee\\\/wp-content\\\/uploads\\\/2025\\\/11\\\/Glamico-1.png\",\"width\":627,\"height\":400,\"caption\":\"Glamico Baltics O\u00dc\"},\"image\":{\"@id\":\"https:\\\/\\\/glamico.ee\\\/#\\\/schema\\\/logo\\\/image\\\/\"},\"sameAs\":[\"https:\\\/\\\/www.instagram.com\\\/glamico.ee\\\/\"]}]}<\/script>\n<!-- \/ Yoast SEO plugin. -->","yoast_head_json":{"title":"Raywell Blond No Yellow Spray 200ml - Glamico","robots":{"index":"index","follow":"follow","max-snippet":"max-snippet:-1","max-image-preview":"max-image-preview:large","max-video-preview":"max-video-preview:-1"},"canonical":"https:\/\/glamico.ee\/en\/pood\/raywell-blond-no-yellow-spray-200ml\/","og_locale":"en_US","og_type":"article","og_title":"Raywell Blond No Yellow Spray 200ml - Glamico","og_description":"Kuumakaitsega sprey blondidele juustele neutraliseerib kollased toonid ja loob juustele k\u00fclma varjundi. Tugevdab juukseid ja loob juukskarva \u00fcmber kaitsva kihi.","og_url":"https:\/\/glamico.ee\/en\/pood\/raywell-blond-no-yellow-spray-200ml\/","og_site_name":"Glamico","article_modified_time":"2026-02-14T19:19:43+00:00","og_image":[{"width":1000,"height":1000,"url":"https:\/\/glamico.ee\/wp-content\/uploads\/2025\/09\/no-yellow-spray-200ml.png","type":"image\/png"}],"twitter_card":"summary_large_image","twitter_misc":{"Est. reading time":"1 minute"},"schema":{"@context":"https:\/\/schema.org","@graph":[{"@type":"WebPage","@id":"https:\/\/glamico.ee\/pood\/raywell-blond-no-yellow-spray-200ml\/","url":"https:\/\/glamico.ee\/pood\/raywell-blond-no-yellow-spray-200ml\/","name":"Raywell Blond No Yellow Spray 200ml - Glamico","isPartOf":{"@id":"https:\/\/glamico.ee\/#website"},"primaryImageOfPage":{"@id":"https:\/\/glamico.ee\/pood\/raywell-blond-no-yellow-spray-200ml\/#primaryimage"},"image":{"@id":"https:\/\/glamico.ee\/pood\/raywell-blond-no-yellow-spray-200ml\/#primaryimage"},"thumbnailUrl":"https:\/\/glamico.ee\/wp-content\/uploads\/2025\/09\/no-yellow-spray-200ml.png","datePublished":"2025-09-07T06:58:29+00:00","dateModified":"2026-02-14T19:19:43+00:00","breadcrumb":{"@id":"https:\/\/glamico.ee\/pood\/raywell-blond-no-yellow-spray-200ml\/#breadcrumb"},"inLanguage":"en-US","potentialAction":[{"@type":"ReadAction","target":["https:\/\/glamico.ee\/pood\/raywell-blond-no-yellow-spray-200ml\/"]}]},{"@type":"ImageObject","inLanguage":"en-US","@id":"https:\/\/glamico.ee\/pood\/raywell-blond-no-yellow-spray-200ml\/#primaryimage","url":"https:\/\/glamico.ee\/wp-content\/uploads\/2025\/09\/no-yellow-spray-200ml.png","contentUrl":"https:\/\/glamico.ee\/wp-content\/uploads\/2025\/09\/no-yellow-spray-200ml.png","width":1000,"height":1000},{"@type":"BreadcrumbList","@id":"https:\/\/glamico.ee\/pood\/raywell-blond-no-yellow-spray-200ml\/#breadcrumb","itemListElement":[{"@type":"ListItem","position":1,"name":"Home","item":"https:\/\/glamico.ee\/"},{"@type":"ListItem","position":2,"name":"Pood","item":"https:\/\/glamico.ee\/pood\/"},{"@type":"ListItem","position":3,"name":"Raywell Blond No Yellow Spray 200ml"}]},{"@type":"WebSite","@id":"https:\/\/glamico.ee\/#website","url":"https:\/\/glamico.ee\/","name":"Glamico","description":"Ilutooted","publisher":{"@id":"https:\/\/glamico.ee\/#organization"},"potentialAction":[{"@type":"SearchAction","target":{"@type":"EntryPoint","urlTemplate":"https:\/\/glamico.ee\/?s={search_term_string}"},"query-input":{"@type":"PropertyValueSpecification","valueRequired":true,"valueName":"search_term_string"}}],"inLanguage":"en-US"},{"@type":"Organization","@id":"https:\/\/glamico.ee\/#organization","name":"Glamico Baltics O\u00dc","url":"https:\/\/glamico.ee\/","logo":{"@type":"ImageObject","inLanguage":"en-US","@id":"https:\/\/glamico.ee\/#\/schema\/logo\/image\/","url":"https:\/\/glamico.ee\/wp-content\/uploads\/2025\/11\/Glamico-1.png","contentUrl":"https:\/\/glamico.ee\/wp-content\/uploads\/2025\/11\/Glamico-1.png","width":627,"height":400,"caption":"Glamico Baltics O\u00dc"},"image":{"@id":"https:\/\/glamico.ee\/#\/schema\/logo\/image\/"},"sameAs":["https:\/\/www.instagram.com\/glamico.ee\/"]}]}},"brands":[{"id":90,"name":"Raywell","slug":"raywell"}],"_links":{"self":[{"href":"https:\/\/glamico.ee\/en\/wp-json\/wp\/v2\/product\/1727","targetHints":{"allow":["GET"]}}],"collection":[{"href":"https:\/\/glamico.ee\/en\/wp-json\/wp\/v2\/product"}],"about":[{"href":"https:\/\/glamico.ee\/en\/wp-json\/wp\/v2\/types\/product"}],"version-history":[{"count":2,"href":"https:\/\/glamico.ee\/en\/wp-json\/wp\/v2\/product\/1727\/revisions"}],"predecessor-version":[{"id":1922,"href":"https:\/\/glamico.ee\/en\/wp-json\/wp\/v2\/product\/1727\/revisions\/1922"}],"wp:featuredmedia":[{"embeddable":true,"href":"https:\/\/glamico.ee\/en\/wp-json\/wp\/v2\/media\/2320"}],"wp:attachment":[{"href":"https:\/\/glamico.ee\/en\/wp-json\/wp\/v2\/media?parent=1727"}],"wp:term":[{"taxonomy":"pwb-brand","embeddable":true,"href":"https:\/\/glamico.ee\/en\/wp-json\/wp\/v2\/pwb-brand?post=1727"},{"taxonomy":"product_brand","embeddable":true,"href":"https:\/\/glamico.ee\/en\/wp-json\/wp\/v2\/product_brand?post=1727"},{"taxonomy":"product_cat","embeddable":true,"href":"https:\/\/glamico.ee\/en\/wp-json\/wp\/v2\/product_cat?post=1727"},{"taxonomy":"product_tag","embeddable":true,"href":"https:\/\/glamico.ee\/en\/wp-json\/wp\/v2\/product_tag?post=1727"}],"curies":[{"name":"wp","href":"https:\/\/api.w.org\/{rel}","templated":true}]}}