{"id":1714,"date":"2025-08-29T11:26:44","date_gmt":"2025-08-29T09:26:44","guid":{"rendered":"https:\/\/glamico.ee\/?post_type=product&#038;p=1714"},"modified":"2026-02-16T13:08:18","modified_gmt":"2026-02-16T11:08:18","slug":"raywell-woman-hair-loss-prevention-lotion-10x10ml","status":"publish","type":"product","link":"https:\/\/glamico.ee\/en\/pood\/raywell-woman-hair-loss-prevention-lotion-10x10ml\/","title":{"rendered":"Raywell Woman Hair Loss Prevention Lotion 10x10ml"},"content":{"rendered":"<p><strong>Peamised koostisosad:<\/strong><\/p>\n<p><strong>Camellia Sinensis Extract (Rohelise tee ekstrakt)<\/strong>: V\u00f5imas antioks\u00fcdant, mis kaitseb peanahka oks\u00fcdatiivse stressi eest ja v\u00f5ib aidata p\u00e4rssida DHT-d (hormoon, mis on sageli seotud juuste v\u00e4ljalangemisega).<\/p>\n<p><strong>Adenosine Phosphate, Cytidine, Disodium Uridine Phosphate<\/strong>: Need on nukleotiidid, mis on seotud rakkude energiatoodanguga (ATP). Need aitavad stimuleerida juuksejuurte ainevahetust ja soodustavad juuste tihedust.<\/p>\n<p><strong>Epigallocatechin Gallatyl Glucoside (EGCG derivaat)<\/strong>: Rohelise tee \u00fcks aktiivsemaid \u00fchendeid, mis on tuntud oma p\u00f5letikuvastaste ja juuksekasvu soodustavate omaduste poolest.<\/p>\n<p><strong>Camellia Japonica Seed Oil (Kameelia\u00f5li)<\/strong>: Toidab nahka ja juuksejuuri asendamatute rasvhapetega.<\/p>\n<p><strong>Olea Europaea Fruit Extract (Oliiviekstrakt)<\/strong>: Sisaldab pol\u00fcfenoole, mis rahustavad ja kaitsevad nahka.<\/p>\n<p><strong>Sodium Hyaluronate Crosspolymer<\/strong>: H\u00fcaluroonhappe erivorm, mis pakub pikaajalist ja s\u00fcgavat niisutust, hoides peanaha elastse ja tervena.<\/p>\n<p><strong>Menthol<\/strong>: Annab v\u00e4rskustunde, kuid stimuleerib ka naha vereringet (mikrotsirkulatsiooni), mis on juuste kasvu jaoks kriitiline.<\/p>\n<p>Kasutusjuhend:<br \/>\nKanda 2 ampulli n\u00e4dalas esimese 3 n\u00e4dala jooksul, seej\u00e4rel 1 ampull n\u00e4dalas kuni karbi l\u00f5puni. Toode v\u00f5ib p\u00f5hjustada naha punetust.<\/p>\n<p>Koostis: Aqua (water), alcohol denat., peg-40 hydrogenated castor oil, dipropylene glycol, camellia sinensis extract, sodium hyaluronate crosspolymer, olea europaea fruit extract (olea europaea (olive) fruit extract), hydroxyacetophenone, sodium chloride, pentylene glycol, hydrolyzed corn starch, adenosine phosphate, cytidine, disodium uridine phosphate, epigallocatechin gallatyl glucoside, camellia japonica seed oil, butylene glycol, hydroxypropyl guar hydroxypropyltrimonium chloride, parfum (fragrance), propylene glycol, menthol, chlorphenesin, benzoic acid, sorbic acid, phenoxyethanol, polyquaternium-7, imidazolidinyl urea, benzyl salicylate, alpha-isomethyl ionone, coumarin, hexyl cinnamal, limonene, eugenol.<\/p>","protected":false},"excerpt":{"rendered":"<p>Naiste juuste v\u00e4ljalangemise ennetamiseks loodud hooldusvahend, mis on valmistatud \u201erohelise kosmeetika\u201c p\u00f5him\u00f5tetel. Sisaldab rohelist kohvi, kamelia\u00f5li ja bio-proliini. Stimuleerib juuste taaskasvu, soodustab rakkude uuenemist ning toidab juuksejuuri.<\/p>\n<p>Pakend: 10 ml ampullid, karbis 10 t\u00fckki.<\/p>\n<p>&nbsp;<\/p>","protected":false},"featured_media":1715,"template":"","meta":[],"pwb-brand":[90],"product_brand":[],"product_cat":[32],"product_tag":[],"class_list":{"0":"post-1714","1":"product","2":"type-product","3":"status-publish","4":"has-post-thumbnail","6":"pwb-brand-raywell","7":"product_cat-juustele","9":"first","10":"instock","11":"taxable","12":"shipping-taxable","13":"purchasable","14":"product-type-simple"},"yoast_head":"<!-- This site is optimized with the Yoast SEO plugin v27.3 - https:\/\/yoast.com\/product\/yoast-seo-wordpress\/ -->\n<title>Raywell Woman Hair Loss Prevention Lotion 10x10ml - Glamico<\/title>\n<meta name=\"robots\" content=\"index, follow, max-snippet:-1, max-image-preview:large, max-video-preview:-1\" \/>\n<link rel=\"canonical\" href=\"https:\/\/glamico.ee\/en\/pood\/raywell-woman-hair-loss-prevention-lotion-10x10ml\/\" \/>\n<meta property=\"og:locale\" content=\"en_US\" \/>\n<meta property=\"og:type\" content=\"article\" \/>\n<meta property=\"og:title\" content=\"Raywell Woman Hair Loss Prevention Lotion 10x10ml - Glamico\" \/>\n<meta property=\"og:description\" content=\"Naiste juuste v\u00e4ljalangemise ennetamiseks loodud hooldusvahend, mis on valmistatud \u201erohelise kosmeetika\u201c p\u00f5him\u00f5tetel. Sisaldab rohelist kohvi, kamelia\u00f5li ja bio-proliini. Stimuleerib juuste taaskasvu, soodustab rakkude uuenemist ning toidab juuksejuuri.  Pakend: 10 ml ampullid, karbis 10 t\u00fckki.  &nbsp;\" \/>\n<meta property=\"og:url\" content=\"https:\/\/glamico.ee\/en\/pood\/raywell-woman-hair-loss-prevention-lotion-10x10ml\/\" \/>\n<meta property=\"og:site_name\" content=\"Glamico\" \/>\n<meta property=\"article:modified_time\" content=\"2026-02-16T11:08:18+00:00\" \/>\n<meta property=\"og:image\" content=\"https:\/\/glamico.ee\/wp-content\/uploads\/2025\/08\/raywell-women-hair-loss-lotion.png\" \/>\n\t<meta property=\"og:image:width\" content=\"401\" \/>\n\t<meta property=\"og:image:height\" content=\"400\" \/>\n\t<meta property=\"og:image:type\" content=\"image\/png\" \/>\n<meta name=\"twitter:card\" content=\"summary_large_image\" \/>\n<meta name=\"twitter:label1\" content=\"Est. reading time\" \/>\n\t<meta name=\"twitter:data1\" content=\"2 minutes\" \/>\n<script type=\"application\/ld+json\" class=\"yoast-schema-graph\">{\"@context\":\"https:\\\/\\\/schema.org\",\"@graph\":[{\"@type\":\"WebPage\",\"@id\":\"https:\\\/\\\/glamico.ee\\\/pood\\\/raywell-woman-hair-loss-prevention-lotion-10x10ml\\\/\",\"url\":\"https:\\\/\\\/glamico.ee\\\/pood\\\/raywell-woman-hair-loss-prevention-lotion-10x10ml\\\/\",\"name\":\"Raywell Woman Hair Loss Prevention Lotion 10x10ml - Glamico\",\"isPartOf\":{\"@id\":\"https:\\\/\\\/glamico.ee\\\/#website\"},\"primaryImageOfPage\":{\"@id\":\"https:\\\/\\\/glamico.ee\\\/pood\\\/raywell-woman-hair-loss-prevention-lotion-10x10ml\\\/#primaryimage\"},\"image\":{\"@id\":\"https:\\\/\\\/glamico.ee\\\/pood\\\/raywell-woman-hair-loss-prevention-lotion-10x10ml\\\/#primaryimage\"},\"thumbnailUrl\":\"https:\\\/\\\/glamico.ee\\\/wp-content\\\/uploads\\\/2025\\\/08\\\/raywell-women-hair-loss-lotion.png\",\"datePublished\":\"2025-08-29T09:26:44+00:00\",\"dateModified\":\"2026-02-16T11:08:18+00:00\",\"breadcrumb\":{\"@id\":\"https:\\\/\\\/glamico.ee\\\/pood\\\/raywell-woman-hair-loss-prevention-lotion-10x10ml\\\/#breadcrumb\"},\"inLanguage\":\"en-US\",\"potentialAction\":[{\"@type\":\"ReadAction\",\"target\":[\"https:\\\/\\\/glamico.ee\\\/pood\\\/raywell-woman-hair-loss-prevention-lotion-10x10ml\\\/\"]}]},{\"@type\":\"ImageObject\",\"inLanguage\":\"en-US\",\"@id\":\"https:\\\/\\\/glamico.ee\\\/pood\\\/raywell-woman-hair-loss-prevention-lotion-10x10ml\\\/#primaryimage\",\"url\":\"https:\\\/\\\/glamico.ee\\\/wp-content\\\/uploads\\\/2025\\\/08\\\/raywell-women-hair-loss-lotion.png\",\"contentUrl\":\"https:\\\/\\\/glamico.ee\\\/wp-content\\\/uploads\\\/2025\\\/08\\\/raywell-women-hair-loss-lotion.png\",\"width\":401,\"height\":400},{\"@type\":\"BreadcrumbList\",\"@id\":\"https:\\\/\\\/glamico.ee\\\/pood\\\/raywell-woman-hair-loss-prevention-lotion-10x10ml\\\/#breadcrumb\",\"itemListElement\":[{\"@type\":\"ListItem\",\"position\":1,\"name\":\"Home\",\"item\":\"https:\\\/\\\/glamico.ee\\\/\"},{\"@type\":\"ListItem\",\"position\":2,\"name\":\"Pood\",\"item\":\"https:\\\/\\\/glamico.ee\\\/pood\\\/\"},{\"@type\":\"ListItem\",\"position\":3,\"name\":\"Raywell Woman Hair Loss Prevention Lotion 10x10ml\"}]},{\"@type\":\"WebSite\",\"@id\":\"https:\\\/\\\/glamico.ee\\\/#website\",\"url\":\"https:\\\/\\\/glamico.ee\\\/\",\"name\":\"Glamico\",\"description\":\"Ilutooted\",\"publisher\":{\"@id\":\"https:\\\/\\\/glamico.ee\\\/#organization\"},\"potentialAction\":[{\"@type\":\"SearchAction\",\"target\":{\"@type\":\"EntryPoint\",\"urlTemplate\":\"https:\\\/\\\/glamico.ee\\\/?s={search_term_string}\"},\"query-input\":{\"@type\":\"PropertyValueSpecification\",\"valueRequired\":true,\"valueName\":\"search_term_string\"}}],\"inLanguage\":\"en-US\"},{\"@type\":\"Organization\",\"@id\":\"https:\\\/\\\/glamico.ee\\\/#organization\",\"name\":\"Glamico Baltics O\u00dc\",\"url\":\"https:\\\/\\\/glamico.ee\\\/\",\"logo\":{\"@type\":\"ImageObject\",\"inLanguage\":\"en-US\",\"@id\":\"https:\\\/\\\/glamico.ee\\\/#\\\/schema\\\/logo\\\/image\\\/\",\"url\":\"https:\\\/\\\/glamico.ee\\\/wp-content\\\/uploads\\\/2025\\\/11\\\/Glamico-1.png\",\"contentUrl\":\"https:\\\/\\\/glamico.ee\\\/wp-content\\\/uploads\\\/2025\\\/11\\\/Glamico-1.png\",\"width\":627,\"height\":400,\"caption\":\"Glamico Baltics O\u00dc\"},\"image\":{\"@id\":\"https:\\\/\\\/glamico.ee\\\/#\\\/schema\\\/logo\\\/image\\\/\"},\"sameAs\":[\"https:\\\/\\\/www.instagram.com\\\/glamico.ee\\\/\"]}]}<\/script>\n<!-- \/ Yoast SEO plugin. -->","yoast_head_json":{"title":"Raywell Woman Hair Loss Prevention Lotion 10x10ml - Glamico","robots":{"index":"index","follow":"follow","max-snippet":"max-snippet:-1","max-image-preview":"max-image-preview:large","max-video-preview":"max-video-preview:-1"},"canonical":"https:\/\/glamico.ee\/en\/pood\/raywell-woman-hair-loss-prevention-lotion-10x10ml\/","og_locale":"en_US","og_type":"article","og_title":"Raywell Woman Hair Loss Prevention Lotion 10x10ml - Glamico","og_description":"Naiste juuste v\u00e4ljalangemise ennetamiseks loodud hooldusvahend, mis on valmistatud \u201erohelise kosmeetika\u201c p\u00f5him\u00f5tetel. Sisaldab rohelist kohvi, kamelia\u00f5li ja bio-proliini. Stimuleerib juuste taaskasvu, soodustab rakkude uuenemist ning toidab juuksejuuri.  Pakend: 10 ml ampullid, karbis 10 t\u00fckki.  &nbsp;","og_url":"https:\/\/glamico.ee\/en\/pood\/raywell-woman-hair-loss-prevention-lotion-10x10ml\/","og_site_name":"Glamico","article_modified_time":"2026-02-16T11:08:18+00:00","og_image":[{"width":401,"height":400,"url":"https:\/\/glamico.ee\/wp-content\/uploads\/2025\/08\/raywell-women-hair-loss-lotion.png","type":"image\/png"}],"twitter_card":"summary_large_image","twitter_misc":{"Est. reading time":"2 minutes"},"schema":{"@context":"https:\/\/schema.org","@graph":[{"@type":"WebPage","@id":"https:\/\/glamico.ee\/pood\/raywell-woman-hair-loss-prevention-lotion-10x10ml\/","url":"https:\/\/glamico.ee\/pood\/raywell-woman-hair-loss-prevention-lotion-10x10ml\/","name":"Raywell Woman Hair Loss Prevention Lotion 10x10ml - Glamico","isPartOf":{"@id":"https:\/\/glamico.ee\/#website"},"primaryImageOfPage":{"@id":"https:\/\/glamico.ee\/pood\/raywell-woman-hair-loss-prevention-lotion-10x10ml\/#primaryimage"},"image":{"@id":"https:\/\/glamico.ee\/pood\/raywell-woman-hair-loss-prevention-lotion-10x10ml\/#primaryimage"},"thumbnailUrl":"https:\/\/glamico.ee\/wp-content\/uploads\/2025\/08\/raywell-women-hair-loss-lotion.png","datePublished":"2025-08-29T09:26:44+00:00","dateModified":"2026-02-16T11:08:18+00:00","breadcrumb":{"@id":"https:\/\/glamico.ee\/pood\/raywell-woman-hair-loss-prevention-lotion-10x10ml\/#breadcrumb"},"inLanguage":"en-US","potentialAction":[{"@type":"ReadAction","target":["https:\/\/glamico.ee\/pood\/raywell-woman-hair-loss-prevention-lotion-10x10ml\/"]}]},{"@type":"ImageObject","inLanguage":"en-US","@id":"https:\/\/glamico.ee\/pood\/raywell-woman-hair-loss-prevention-lotion-10x10ml\/#primaryimage","url":"https:\/\/glamico.ee\/wp-content\/uploads\/2025\/08\/raywell-women-hair-loss-lotion.png","contentUrl":"https:\/\/glamico.ee\/wp-content\/uploads\/2025\/08\/raywell-women-hair-loss-lotion.png","width":401,"height":400},{"@type":"BreadcrumbList","@id":"https:\/\/glamico.ee\/pood\/raywell-woman-hair-loss-prevention-lotion-10x10ml\/#breadcrumb","itemListElement":[{"@type":"ListItem","position":1,"name":"Home","item":"https:\/\/glamico.ee\/"},{"@type":"ListItem","position":2,"name":"Pood","item":"https:\/\/glamico.ee\/pood\/"},{"@type":"ListItem","position":3,"name":"Raywell Woman Hair Loss Prevention Lotion 10x10ml"}]},{"@type":"WebSite","@id":"https:\/\/glamico.ee\/#website","url":"https:\/\/glamico.ee\/","name":"Glamico","description":"Ilutooted","publisher":{"@id":"https:\/\/glamico.ee\/#organization"},"potentialAction":[{"@type":"SearchAction","target":{"@type":"EntryPoint","urlTemplate":"https:\/\/glamico.ee\/?s={search_term_string}"},"query-input":{"@type":"PropertyValueSpecification","valueRequired":true,"valueName":"search_term_string"}}],"inLanguage":"en-US"},{"@type":"Organization","@id":"https:\/\/glamico.ee\/#organization","name":"Glamico Baltics O\u00dc","url":"https:\/\/glamico.ee\/","logo":{"@type":"ImageObject","inLanguage":"en-US","@id":"https:\/\/glamico.ee\/#\/schema\/logo\/image\/","url":"https:\/\/glamico.ee\/wp-content\/uploads\/2025\/11\/Glamico-1.png","contentUrl":"https:\/\/glamico.ee\/wp-content\/uploads\/2025\/11\/Glamico-1.png","width":627,"height":400,"caption":"Glamico Baltics O\u00dc"},"image":{"@id":"https:\/\/glamico.ee\/#\/schema\/logo\/image\/"},"sameAs":["https:\/\/www.instagram.com\/glamico.ee\/"]}]}},"brands":[{"id":90,"name":"Raywell","slug":"raywell"}],"_links":{"self":[{"href":"https:\/\/glamico.ee\/en\/wp-json\/wp\/v2\/product\/1714","targetHints":{"allow":["GET"]}}],"collection":[{"href":"https:\/\/glamico.ee\/en\/wp-json\/wp\/v2\/product"}],"about":[{"href":"https:\/\/glamico.ee\/en\/wp-json\/wp\/v2\/types\/product"}],"version-history":[{"count":3,"href":"https:\/\/glamico.ee\/en\/wp-json\/wp\/v2\/product\/1714\/revisions"}],"predecessor-version":[{"id":2380,"href":"https:\/\/glamico.ee\/en\/wp-json\/wp\/v2\/product\/1714\/revisions\/2380"}],"wp:featuredmedia":[{"embeddable":true,"href":"https:\/\/glamico.ee\/en\/wp-json\/wp\/v2\/media\/1715"}],"wp:attachment":[{"href":"https:\/\/glamico.ee\/en\/wp-json\/wp\/v2\/media?parent=1714"}],"wp:term":[{"taxonomy":"pwb-brand","embeddable":true,"href":"https:\/\/glamico.ee\/en\/wp-json\/wp\/v2\/pwb-brand?post=1714"},{"taxonomy":"product_brand","embeddable":true,"href":"https:\/\/glamico.ee\/en\/wp-json\/wp\/v2\/product_brand?post=1714"},{"taxonomy":"product_cat","embeddable":true,"href":"https:\/\/glamico.ee\/en\/wp-json\/wp\/v2\/product_cat?post=1714"},{"taxonomy":"product_tag","embeddable":true,"href":"https:\/\/glamico.ee\/en\/wp-json\/wp\/v2\/product_tag?post=1714"}],"curies":[{"name":"wp","href":"https:\/\/api.w.org\/{rel}","templated":true}]}}