{"id":1708,"date":"2025-08-29T10:52:48","date_gmt":"2025-08-29T08:52:48","guid":{"rendered":"https:\/\/glamico.ee\/?post_type=product&#038;p=1708"},"modified":"2025-11-29T16:59:12","modified_gmt":"2025-11-29T14:59:12","slug":"raywell-man-hair-loss-prevention-lotion-10x10ml","status":"publish","type":"product","link":"https:\/\/glamico.ee\/en\/pood\/raywell-man-hair-loss-prevention-lotion-10x10ml\/","title":{"rendered":"Raywell Man Hair Loss Prevention Lotion 10x10ml"},"content":{"rendered":"<p>Toode on juuste v\u00e4ljalangemise ennetamiseks m\u00f5eldud hooldus, mis on loodud \u201erohelise\u201c ehk \u00f6koloogilise kosmeetika p\u00f5him\u00f5tetel. Losjoon sisaldab rohelise kohvi ekstrakti, kamelia\u00f5li ja bio-proliini. See aitab stimuleerida juuste kasvu, toetab rakkude uuenemist ning toidab juuksejuuri.<\/p>\n<p>Tugeva toimega CAFA losjoon aktiveerib mikrotsirkulatsiooni, toetab juuste kasvu, soodustab rakkude uuenemist ja s\u00fcgavtoidab juuksejuuri.<\/p>\n<p>Pakend: \u00fcksik 10 ml ampull, karbis kokku 10 ampulli.<\/p>\n<p>Kasutamine: Kandke ampulli sisu peanahale, masseerige aeglaselt kuni t\u00e4ieliku imendumiseni. Kandke esimese 3 n\u00e4dala jooksul 2 ampulli n\u00e4dalas, seej\u00e4rel 1 ampull n\u00e4dalas kuni ravi l\u00f5puni.<\/p>\n<p>Koostis: AQUA (WATER), ALCOHOL DENAT., PEG\u201140 HYDROGENATED CASTOR OIL, DIPROPYLENE GLYCOL, PARFUM (FRAGRANCE), MENTHOL, HYDROXYPROPYL GUAR HYDROXYPROPYLTRIMONIUM CHLORIDE, PROPYLENE GLYCOL, CAMELLIA JAPONICA SEED OIL, COFFEA ARABICA SEED EXTRACT, GLYCERIN, CAFFEYL GLUCOSIDE, BENZYL ALCOHOL, BENZOIC ACID, DEHYDROACETIC ACID, POLYQUATERNIUM\u20117, TOCOPHEROL (Vitamin E), PROLINE, RIBOFLAVIN (Vitamin B2), COUMARIN, LINALOOL, LIMONENE.<\/p>","protected":false},"excerpt":{"rendered":"<p>RR335<\/p>\n<p>Meeste juuste v\u00e4ljalangemise ennetav losjoon<\/p>","protected":false},"featured_media":1709,"template":"","meta":[],"pwb-brand":[90],"product_brand":[],"product_cat":[32],"product_tag":[],"class_list":{"0":"post-1708","1":"product","2":"type-product","3":"status-publish","4":"has-post-thumbnail","6":"pwb-brand-raywell","7":"product_cat-juustele","9":"first","10":"instock","11":"taxable","12":"shipping-taxable","13":"purchasable","14":"product-type-simple"},"yoast_head":"<!-- This site is optimized with the Yoast SEO plugin v27.3 - https:\/\/yoast.com\/product\/yoast-seo-wordpress\/ -->\n<title>Raywell Man Hair Loss Prevention Lotion 10x10ml - Glamico<\/title>\n<meta name=\"robots\" content=\"index, follow, max-snippet:-1, max-image-preview:large, max-video-preview:-1\" \/>\n<link rel=\"canonical\" href=\"https:\/\/glamico.ee\/en\/pood\/raywell-man-hair-loss-prevention-lotion-10x10ml\/\" \/>\n<meta property=\"og:locale\" content=\"en_US\" \/>\n<meta property=\"og:type\" content=\"article\" \/>\n<meta property=\"og:title\" content=\"Raywell Man Hair Loss Prevention Lotion 10x10ml - Glamico\" \/>\n<meta property=\"og:description\" content=\"RR335  Meeste juuste v\u00e4ljalangemise ennetav losjoon\" \/>\n<meta property=\"og:url\" content=\"https:\/\/glamico.ee\/en\/pood\/raywell-man-hair-loss-prevention-lotion-10x10ml\/\" \/>\n<meta property=\"og:site_name\" content=\"Glamico\" \/>\n<meta property=\"article:modified_time\" content=\"2025-11-29T14:59:12+00:00\" \/>\n<meta property=\"og:image\" content=\"https:\/\/glamico.ee\/wp-content\/uploads\/2025\/08\/raywell-man-hair-loss-capsules.png\" \/>\n\t<meta property=\"og:image:width\" content=\"400\" \/>\n\t<meta property=\"og:image:height\" content=\"399\" \/>\n\t<meta property=\"og:image:type\" content=\"image\/png\" \/>\n<meta name=\"twitter:card\" content=\"summary_large_image\" \/>\n<meta name=\"twitter:label1\" content=\"Est. reading time\" \/>\n\t<meta name=\"twitter:data1\" content=\"1 minute\" \/>\n<script type=\"application\/ld+json\" class=\"yoast-schema-graph\">{\"@context\":\"https:\\\/\\\/schema.org\",\"@graph\":[{\"@type\":\"WebPage\",\"@id\":\"https:\\\/\\\/glamico.ee\\\/pood\\\/raywell-man-hair-loss-prevention-lotion-10x10ml\\\/\",\"url\":\"https:\\\/\\\/glamico.ee\\\/pood\\\/raywell-man-hair-loss-prevention-lotion-10x10ml\\\/\",\"name\":\"Raywell Man Hair Loss Prevention Lotion 10x10ml - Glamico\",\"isPartOf\":{\"@id\":\"https:\\\/\\\/glamico.ee\\\/#website\"},\"primaryImageOfPage\":{\"@id\":\"https:\\\/\\\/glamico.ee\\\/pood\\\/raywell-man-hair-loss-prevention-lotion-10x10ml\\\/#primaryimage\"},\"image\":{\"@id\":\"https:\\\/\\\/glamico.ee\\\/pood\\\/raywell-man-hair-loss-prevention-lotion-10x10ml\\\/#primaryimage\"},\"thumbnailUrl\":\"https:\\\/\\\/glamico.ee\\\/wp-content\\\/uploads\\\/2025\\\/08\\\/raywell-man-hair-loss-capsules.png\",\"datePublished\":\"2025-08-29T08:52:48+00:00\",\"dateModified\":\"2025-11-29T14:59:12+00:00\",\"breadcrumb\":{\"@id\":\"https:\\\/\\\/glamico.ee\\\/pood\\\/raywell-man-hair-loss-prevention-lotion-10x10ml\\\/#breadcrumb\"},\"inLanguage\":\"en-US\",\"potentialAction\":[{\"@type\":\"ReadAction\",\"target\":[\"https:\\\/\\\/glamico.ee\\\/pood\\\/raywell-man-hair-loss-prevention-lotion-10x10ml\\\/\"]}]},{\"@type\":\"ImageObject\",\"inLanguage\":\"en-US\",\"@id\":\"https:\\\/\\\/glamico.ee\\\/pood\\\/raywell-man-hair-loss-prevention-lotion-10x10ml\\\/#primaryimage\",\"url\":\"https:\\\/\\\/glamico.ee\\\/wp-content\\\/uploads\\\/2025\\\/08\\\/raywell-man-hair-loss-capsules.png\",\"contentUrl\":\"https:\\\/\\\/glamico.ee\\\/wp-content\\\/uploads\\\/2025\\\/08\\\/raywell-man-hair-loss-capsules.png\",\"width\":400,\"height\":399},{\"@type\":\"BreadcrumbList\",\"@id\":\"https:\\\/\\\/glamico.ee\\\/pood\\\/raywell-man-hair-loss-prevention-lotion-10x10ml\\\/#breadcrumb\",\"itemListElement\":[{\"@type\":\"ListItem\",\"position\":1,\"name\":\"Home\",\"item\":\"https:\\\/\\\/glamico.ee\\\/\"},{\"@type\":\"ListItem\",\"position\":2,\"name\":\"Pood\",\"item\":\"https:\\\/\\\/glamico.ee\\\/pood\\\/\"},{\"@type\":\"ListItem\",\"position\":3,\"name\":\"Raywell Man Hair Loss Prevention Lotion 10x10ml\"}]},{\"@type\":\"WebSite\",\"@id\":\"https:\\\/\\\/glamico.ee\\\/#website\",\"url\":\"https:\\\/\\\/glamico.ee\\\/\",\"name\":\"Glamico\",\"description\":\"Ilutooted\",\"publisher\":{\"@id\":\"https:\\\/\\\/glamico.ee\\\/#organization\"},\"potentialAction\":[{\"@type\":\"SearchAction\",\"target\":{\"@type\":\"EntryPoint\",\"urlTemplate\":\"https:\\\/\\\/glamico.ee\\\/?s={search_term_string}\"},\"query-input\":{\"@type\":\"PropertyValueSpecification\",\"valueRequired\":true,\"valueName\":\"search_term_string\"}}],\"inLanguage\":\"en-US\"},{\"@type\":\"Organization\",\"@id\":\"https:\\\/\\\/glamico.ee\\\/#organization\",\"name\":\"Glamico Baltics O\u00dc\",\"url\":\"https:\\\/\\\/glamico.ee\\\/\",\"logo\":{\"@type\":\"ImageObject\",\"inLanguage\":\"en-US\",\"@id\":\"https:\\\/\\\/glamico.ee\\\/#\\\/schema\\\/logo\\\/image\\\/\",\"url\":\"https:\\\/\\\/glamico.ee\\\/wp-content\\\/uploads\\\/2025\\\/11\\\/Glamico-1.png\",\"contentUrl\":\"https:\\\/\\\/glamico.ee\\\/wp-content\\\/uploads\\\/2025\\\/11\\\/Glamico-1.png\",\"width\":627,\"height\":400,\"caption\":\"Glamico Baltics O\u00dc\"},\"image\":{\"@id\":\"https:\\\/\\\/glamico.ee\\\/#\\\/schema\\\/logo\\\/image\\\/\"},\"sameAs\":[\"https:\\\/\\\/www.instagram.com\\\/glamico.ee\\\/\"]}]}<\/script>\n<!-- \/ Yoast SEO plugin. -->","yoast_head_json":{"title":"Raywell Man Hair Loss Prevention Lotion 10x10ml - Glamico","robots":{"index":"index","follow":"follow","max-snippet":"max-snippet:-1","max-image-preview":"max-image-preview:large","max-video-preview":"max-video-preview:-1"},"canonical":"https:\/\/glamico.ee\/en\/pood\/raywell-man-hair-loss-prevention-lotion-10x10ml\/","og_locale":"en_US","og_type":"article","og_title":"Raywell Man Hair Loss Prevention Lotion 10x10ml - Glamico","og_description":"RR335  Meeste juuste v\u00e4ljalangemise ennetav losjoon","og_url":"https:\/\/glamico.ee\/en\/pood\/raywell-man-hair-loss-prevention-lotion-10x10ml\/","og_site_name":"Glamico","article_modified_time":"2025-11-29T14:59:12+00:00","og_image":[{"width":400,"height":399,"url":"https:\/\/glamico.ee\/wp-content\/uploads\/2025\/08\/raywell-man-hair-loss-capsules.png","type":"image\/png"}],"twitter_card":"summary_large_image","twitter_misc":{"Est. reading time":"1 minute"},"schema":{"@context":"https:\/\/schema.org","@graph":[{"@type":"WebPage","@id":"https:\/\/glamico.ee\/pood\/raywell-man-hair-loss-prevention-lotion-10x10ml\/","url":"https:\/\/glamico.ee\/pood\/raywell-man-hair-loss-prevention-lotion-10x10ml\/","name":"Raywell Man Hair Loss Prevention Lotion 10x10ml - Glamico","isPartOf":{"@id":"https:\/\/glamico.ee\/#website"},"primaryImageOfPage":{"@id":"https:\/\/glamico.ee\/pood\/raywell-man-hair-loss-prevention-lotion-10x10ml\/#primaryimage"},"image":{"@id":"https:\/\/glamico.ee\/pood\/raywell-man-hair-loss-prevention-lotion-10x10ml\/#primaryimage"},"thumbnailUrl":"https:\/\/glamico.ee\/wp-content\/uploads\/2025\/08\/raywell-man-hair-loss-capsules.png","datePublished":"2025-08-29T08:52:48+00:00","dateModified":"2025-11-29T14:59:12+00:00","breadcrumb":{"@id":"https:\/\/glamico.ee\/pood\/raywell-man-hair-loss-prevention-lotion-10x10ml\/#breadcrumb"},"inLanguage":"en-US","potentialAction":[{"@type":"ReadAction","target":["https:\/\/glamico.ee\/pood\/raywell-man-hair-loss-prevention-lotion-10x10ml\/"]}]},{"@type":"ImageObject","inLanguage":"en-US","@id":"https:\/\/glamico.ee\/pood\/raywell-man-hair-loss-prevention-lotion-10x10ml\/#primaryimage","url":"https:\/\/glamico.ee\/wp-content\/uploads\/2025\/08\/raywell-man-hair-loss-capsules.png","contentUrl":"https:\/\/glamico.ee\/wp-content\/uploads\/2025\/08\/raywell-man-hair-loss-capsules.png","width":400,"height":399},{"@type":"BreadcrumbList","@id":"https:\/\/glamico.ee\/pood\/raywell-man-hair-loss-prevention-lotion-10x10ml\/#breadcrumb","itemListElement":[{"@type":"ListItem","position":1,"name":"Home","item":"https:\/\/glamico.ee\/"},{"@type":"ListItem","position":2,"name":"Pood","item":"https:\/\/glamico.ee\/pood\/"},{"@type":"ListItem","position":3,"name":"Raywell Man Hair Loss Prevention Lotion 10x10ml"}]},{"@type":"WebSite","@id":"https:\/\/glamico.ee\/#website","url":"https:\/\/glamico.ee\/","name":"Glamico","description":"Ilutooted","publisher":{"@id":"https:\/\/glamico.ee\/#organization"},"potentialAction":[{"@type":"SearchAction","target":{"@type":"EntryPoint","urlTemplate":"https:\/\/glamico.ee\/?s={search_term_string}"},"query-input":{"@type":"PropertyValueSpecification","valueRequired":true,"valueName":"search_term_string"}}],"inLanguage":"en-US"},{"@type":"Organization","@id":"https:\/\/glamico.ee\/#organization","name":"Glamico Baltics O\u00dc","url":"https:\/\/glamico.ee\/","logo":{"@type":"ImageObject","inLanguage":"en-US","@id":"https:\/\/glamico.ee\/#\/schema\/logo\/image\/","url":"https:\/\/glamico.ee\/wp-content\/uploads\/2025\/11\/Glamico-1.png","contentUrl":"https:\/\/glamico.ee\/wp-content\/uploads\/2025\/11\/Glamico-1.png","width":627,"height":400,"caption":"Glamico Baltics O\u00dc"},"image":{"@id":"https:\/\/glamico.ee\/#\/schema\/logo\/image\/"},"sameAs":["https:\/\/www.instagram.com\/glamico.ee\/"]}]}},"brands":[{"id":90,"name":"Raywell","slug":"raywell"}],"_links":{"self":[{"href":"https:\/\/glamico.ee\/en\/wp-json\/wp\/v2\/product\/1708","targetHints":{"allow":["GET"]}}],"collection":[{"href":"https:\/\/glamico.ee\/en\/wp-json\/wp\/v2\/product"}],"about":[{"href":"https:\/\/glamico.ee\/en\/wp-json\/wp\/v2\/types\/product"}],"version-history":[{"count":2,"href":"https:\/\/glamico.ee\/en\/wp-json\/wp\/v2\/product\/1708\/revisions"}],"predecessor-version":[{"id":2031,"href":"https:\/\/glamico.ee\/en\/wp-json\/wp\/v2\/product\/1708\/revisions\/2031"}],"wp:featuredmedia":[{"embeddable":true,"href":"https:\/\/glamico.ee\/en\/wp-json\/wp\/v2\/media\/1709"}],"wp:attachment":[{"href":"https:\/\/glamico.ee\/en\/wp-json\/wp\/v2\/media?parent=1708"}],"wp:term":[{"taxonomy":"pwb-brand","embeddable":true,"href":"https:\/\/glamico.ee\/en\/wp-json\/wp\/v2\/pwb-brand?post=1708"},{"taxonomy":"product_brand","embeddable":true,"href":"https:\/\/glamico.ee\/en\/wp-json\/wp\/v2\/product_brand?post=1708"},{"taxonomy":"product_cat","embeddable":true,"href":"https:\/\/glamico.ee\/en\/wp-json\/wp\/v2\/product_cat?post=1708"},{"taxonomy":"product_tag","embeddable":true,"href":"https:\/\/glamico.ee\/en\/wp-json\/wp\/v2\/product_tag?post=1708"}],"curies":[{"name":"wp","href":"https:\/\/api.w.org\/{rel}","templated":true}]}}