{"id":1694,"date":"2025-08-19T12:52:05","date_gmt":"2025-08-19T10:52:05","guid":{"rendered":"https:\/\/glamico.ee\/?post_type=product&#038;p=1694"},"modified":"2026-04-09T17:54:33","modified_gmt":"2026-04-09T15:54:33","slug":"raywell-croma-maintenance-mask-250ml","status":"publish","type":"product","link":"https:\/\/glamico.ee\/en\/pood\/raywell-croma-maintenance-mask-250ml\/","title":{"rendered":"Raywell Croma v\u00e4rvi kaitsev juuksemask 250ml"},"content":{"rendered":"<p>V\u00e4rvikaitseseerum sobib ideaalselt t\u00f6\u00f6deldud ja tundlikele juustele. See toidab ja kaitseb juukseid ning tagab l\u00e4ike, pehmuse ja siidisuse t\u00e4ielikus kerguses.<br \/>\nKoheselt imenduv koostis.<\/p>\n<p>Kasutamine: P\u00e4rast \u0161ampooniga pesemist kandke niisketele juustele. Laske 5\u201310 minutit m\u00f5juda ja seej\u00e4rel loputage hoolikalt.<br \/>\npH: 3,90\u20134,5<\/p>\n<p>Koostis: water, cetyl alcohol,myristyl alcohol, cetrimonium chloride, behentrimonium chloride, methylparaben, propylparaben, ethylparaben, behentrimonium chloride, methylparaben, propylparaben, ethylparaben,phenoxypropyl panthenol peg-7 dimethicone phosphate chloride, disodium edta, argania spinosa kermeloil, hydrolyzed keratin, c.i. 18050\/acid red 1, c.i, 19140\/acid yellow 23, citric acid.<\/p>","protected":false},"excerpt":{"rendered":"<p>RR608<\/p>\n<p>V\u00e4rvi kaitsev mask sobib ideaalselt t\u00f6\u00f6deldud ja tundlikele juustele. See hooldus aitab t\u00e4nu oma aktiivsetele koostisosadele tugevdada juuksekiudu, siluda ja sulgeda juuksekarva, fikseerides samal ajal v\u00e4rvi.<\/p>\n<p>Selle koostis toidab ja elustab juukseid, muutes need siidiseks ja l\u00e4ikivaks.<\/p>","protected":false},"featured_media":2317,"template":"","meta":[],"pwb-brand":[90],"product_brand":[],"product_cat":[32],"product_tag":[],"class_list":{"0":"post-1694","1":"product","2":"type-product","3":"status-publish","4":"has-post-thumbnail","6":"pwb-brand-raywell","7":"product_cat-juustele","9":"first","10":"instock","11":"taxable","12":"shipping-taxable","13":"purchasable","14":"product-type-simple"},"yoast_head":"<!-- This site is optimized with the Yoast SEO plugin v27.3 - https:\/\/yoast.com\/product\/yoast-seo-wordpress\/ -->\n<title>Raywell Croma v\u00e4rvi kaitsev juuksemask 250ml - Glamico<\/title>\n<meta name=\"robots\" content=\"index, follow, max-snippet:-1, max-image-preview:large, max-video-preview:-1\" \/>\n<link rel=\"canonical\" href=\"https:\/\/glamico.ee\/en\/pood\/raywell-croma-maintenance-mask-250ml\/\" \/>\n<meta property=\"og:locale\" content=\"en_US\" \/>\n<meta property=\"og:type\" content=\"article\" \/>\n<meta property=\"og:title\" content=\"Raywell Croma v\u00e4rvi kaitsev juuksemask 250ml - Glamico\" \/>\n<meta property=\"og:description\" content=\"RR608 V\u00e4rvi kaitsev mask sobib ideaalselt t\u00f6\u00f6deldud ja tundlikele juustele. See hooldus aitab t\u00e4nu oma aktiivsetele koostisosadele tugevdada juuksekiudu, siluda ja sulgeda juuksekarva, fikseerides samal ajal v\u00e4rvi. Selle koostis toidab ja elustab juukseid, muutes need siidiseks ja l\u00e4ikivaks.\" \/>\n<meta property=\"og:url\" content=\"https:\/\/glamico.ee\/en\/pood\/raywell-croma-maintenance-mask-250ml\/\" \/>\n<meta property=\"og:site_name\" content=\"Glamico\" \/>\n<meta property=\"article:modified_time\" content=\"2026-04-09T15:54:33+00:00\" \/>\n<meta property=\"og:image\" content=\"https:\/\/glamico.ee\/wp-content\/uploads\/2025\/08\/croma-mask-245ml.png\" \/>\n\t<meta property=\"og:image:width\" content=\"1080\" \/>\n\t<meta property=\"og:image:height\" content=\"1080\" \/>\n\t<meta property=\"og:image:type\" content=\"image\/png\" \/>\n<meta name=\"twitter:card\" content=\"summary_large_image\" \/>\n<meta name=\"twitter:label1\" content=\"Est. reading time\" \/>\n\t<meta name=\"twitter:data1\" content=\"1 minute\" \/>\n<script type=\"application\/ld+json\" class=\"yoast-schema-graph\">{\"@context\":\"https:\\\/\\\/schema.org\",\"@graph\":[{\"@type\":\"WebPage\",\"@id\":\"https:\\\/\\\/glamico.ee\\\/pood\\\/raywell-croma-maintenance-mask-250ml\\\/\",\"url\":\"https:\\\/\\\/glamico.ee\\\/pood\\\/raywell-croma-maintenance-mask-250ml\\\/\",\"name\":\"Raywell Croma v\u00e4rvi kaitsev juuksemask 250ml - Glamico\",\"isPartOf\":{\"@id\":\"https:\\\/\\\/glamico.ee\\\/#website\"},\"primaryImageOfPage\":{\"@id\":\"https:\\\/\\\/glamico.ee\\\/pood\\\/raywell-croma-maintenance-mask-250ml\\\/#primaryimage\"},\"image\":{\"@id\":\"https:\\\/\\\/glamico.ee\\\/pood\\\/raywell-croma-maintenance-mask-250ml\\\/#primaryimage\"},\"thumbnailUrl\":\"https:\\\/\\\/glamico.ee\\\/wp-content\\\/uploads\\\/2025\\\/08\\\/croma-mask-245ml.png\",\"datePublished\":\"2025-08-19T10:52:05+00:00\",\"dateModified\":\"2026-04-09T15:54:33+00:00\",\"breadcrumb\":{\"@id\":\"https:\\\/\\\/glamico.ee\\\/pood\\\/raywell-croma-maintenance-mask-250ml\\\/#breadcrumb\"},\"inLanguage\":\"en-US\",\"potentialAction\":[{\"@type\":\"ReadAction\",\"target\":[\"https:\\\/\\\/glamico.ee\\\/pood\\\/raywell-croma-maintenance-mask-250ml\\\/\"]}]},{\"@type\":\"ImageObject\",\"inLanguage\":\"en-US\",\"@id\":\"https:\\\/\\\/glamico.ee\\\/pood\\\/raywell-croma-maintenance-mask-250ml\\\/#primaryimage\",\"url\":\"https:\\\/\\\/glamico.ee\\\/wp-content\\\/uploads\\\/2025\\\/08\\\/croma-mask-245ml.png\",\"contentUrl\":\"https:\\\/\\\/glamico.ee\\\/wp-content\\\/uploads\\\/2025\\\/08\\\/croma-mask-245ml.png\",\"width\":1080,\"height\":1080},{\"@type\":\"BreadcrumbList\",\"@id\":\"https:\\\/\\\/glamico.ee\\\/pood\\\/raywell-croma-maintenance-mask-250ml\\\/#breadcrumb\",\"itemListElement\":[{\"@type\":\"ListItem\",\"position\":1,\"name\":\"Home\",\"item\":\"https:\\\/\\\/glamico.ee\\\/\"},{\"@type\":\"ListItem\",\"position\":2,\"name\":\"Pood\",\"item\":\"https:\\\/\\\/glamico.ee\\\/pood\\\/\"},{\"@type\":\"ListItem\",\"position\":3,\"name\":\"Raywell Croma v\u00e4rvi kaitsev juuksemask 250ml\"}]},{\"@type\":\"WebSite\",\"@id\":\"https:\\\/\\\/glamico.ee\\\/#website\",\"url\":\"https:\\\/\\\/glamico.ee\\\/\",\"name\":\"Glamico\",\"description\":\"Ilutooted\",\"publisher\":{\"@id\":\"https:\\\/\\\/glamico.ee\\\/#organization\"},\"potentialAction\":[{\"@type\":\"SearchAction\",\"target\":{\"@type\":\"EntryPoint\",\"urlTemplate\":\"https:\\\/\\\/glamico.ee\\\/?s={search_term_string}\"},\"query-input\":{\"@type\":\"PropertyValueSpecification\",\"valueRequired\":true,\"valueName\":\"search_term_string\"}}],\"inLanguage\":\"en-US\"},{\"@type\":\"Organization\",\"@id\":\"https:\\\/\\\/glamico.ee\\\/#organization\",\"name\":\"Glamico Baltics O\u00dc\",\"url\":\"https:\\\/\\\/glamico.ee\\\/\",\"logo\":{\"@type\":\"ImageObject\",\"inLanguage\":\"en-US\",\"@id\":\"https:\\\/\\\/glamico.ee\\\/#\\\/schema\\\/logo\\\/image\\\/\",\"url\":\"https:\\\/\\\/glamico.ee\\\/wp-content\\\/uploads\\\/2025\\\/11\\\/Glamico-1.png\",\"contentUrl\":\"https:\\\/\\\/glamico.ee\\\/wp-content\\\/uploads\\\/2025\\\/11\\\/Glamico-1.png\",\"width\":627,\"height\":400,\"caption\":\"Glamico Baltics O\u00dc\"},\"image\":{\"@id\":\"https:\\\/\\\/glamico.ee\\\/#\\\/schema\\\/logo\\\/image\\\/\"},\"sameAs\":[\"https:\\\/\\\/www.instagram.com\\\/glamico.ee\\\/\"]}]}<\/script>\n<!-- \/ Yoast SEO plugin. -->","yoast_head_json":{"title":"Raywell Croma v\u00e4rvi kaitsev juuksemask 250ml - Glamico","robots":{"index":"index","follow":"follow","max-snippet":"max-snippet:-1","max-image-preview":"max-image-preview:large","max-video-preview":"max-video-preview:-1"},"canonical":"https:\/\/glamico.ee\/en\/pood\/raywell-croma-maintenance-mask-250ml\/","og_locale":"en_US","og_type":"article","og_title":"Raywell Croma v\u00e4rvi kaitsev juuksemask 250ml - Glamico","og_description":"RR608 V\u00e4rvi kaitsev mask sobib ideaalselt t\u00f6\u00f6deldud ja tundlikele juustele. See hooldus aitab t\u00e4nu oma aktiivsetele koostisosadele tugevdada juuksekiudu, siluda ja sulgeda juuksekarva, fikseerides samal ajal v\u00e4rvi. Selle koostis toidab ja elustab juukseid, muutes need siidiseks ja l\u00e4ikivaks.","og_url":"https:\/\/glamico.ee\/en\/pood\/raywell-croma-maintenance-mask-250ml\/","og_site_name":"Glamico","article_modified_time":"2026-04-09T15:54:33+00:00","og_image":[{"width":1080,"height":1080,"url":"https:\/\/glamico.ee\/wp-content\/uploads\/2025\/08\/croma-mask-245ml.png","type":"image\/png"}],"twitter_card":"summary_large_image","twitter_misc":{"Est. reading time":"1 minute"},"schema":{"@context":"https:\/\/schema.org","@graph":[{"@type":"WebPage","@id":"https:\/\/glamico.ee\/pood\/raywell-croma-maintenance-mask-250ml\/","url":"https:\/\/glamico.ee\/pood\/raywell-croma-maintenance-mask-250ml\/","name":"Raywell Croma v\u00e4rvi kaitsev juuksemask 250ml - Glamico","isPartOf":{"@id":"https:\/\/glamico.ee\/#website"},"primaryImageOfPage":{"@id":"https:\/\/glamico.ee\/pood\/raywell-croma-maintenance-mask-250ml\/#primaryimage"},"image":{"@id":"https:\/\/glamico.ee\/pood\/raywell-croma-maintenance-mask-250ml\/#primaryimage"},"thumbnailUrl":"https:\/\/glamico.ee\/wp-content\/uploads\/2025\/08\/croma-mask-245ml.png","datePublished":"2025-08-19T10:52:05+00:00","dateModified":"2026-04-09T15:54:33+00:00","breadcrumb":{"@id":"https:\/\/glamico.ee\/pood\/raywell-croma-maintenance-mask-250ml\/#breadcrumb"},"inLanguage":"en-US","potentialAction":[{"@type":"ReadAction","target":["https:\/\/glamico.ee\/pood\/raywell-croma-maintenance-mask-250ml\/"]}]},{"@type":"ImageObject","inLanguage":"en-US","@id":"https:\/\/glamico.ee\/pood\/raywell-croma-maintenance-mask-250ml\/#primaryimage","url":"https:\/\/glamico.ee\/wp-content\/uploads\/2025\/08\/croma-mask-245ml.png","contentUrl":"https:\/\/glamico.ee\/wp-content\/uploads\/2025\/08\/croma-mask-245ml.png","width":1080,"height":1080},{"@type":"BreadcrumbList","@id":"https:\/\/glamico.ee\/pood\/raywell-croma-maintenance-mask-250ml\/#breadcrumb","itemListElement":[{"@type":"ListItem","position":1,"name":"Home","item":"https:\/\/glamico.ee\/"},{"@type":"ListItem","position":2,"name":"Pood","item":"https:\/\/glamico.ee\/pood\/"},{"@type":"ListItem","position":3,"name":"Raywell Croma v\u00e4rvi kaitsev juuksemask 250ml"}]},{"@type":"WebSite","@id":"https:\/\/glamico.ee\/#website","url":"https:\/\/glamico.ee\/","name":"Glamico","description":"Ilutooted","publisher":{"@id":"https:\/\/glamico.ee\/#organization"},"potentialAction":[{"@type":"SearchAction","target":{"@type":"EntryPoint","urlTemplate":"https:\/\/glamico.ee\/?s={search_term_string}"},"query-input":{"@type":"PropertyValueSpecification","valueRequired":true,"valueName":"search_term_string"}}],"inLanguage":"en-US"},{"@type":"Organization","@id":"https:\/\/glamico.ee\/#organization","name":"Glamico Baltics O\u00dc","url":"https:\/\/glamico.ee\/","logo":{"@type":"ImageObject","inLanguage":"en-US","@id":"https:\/\/glamico.ee\/#\/schema\/logo\/image\/","url":"https:\/\/glamico.ee\/wp-content\/uploads\/2025\/11\/Glamico-1.png","contentUrl":"https:\/\/glamico.ee\/wp-content\/uploads\/2025\/11\/Glamico-1.png","width":627,"height":400,"caption":"Glamico Baltics O\u00dc"},"image":{"@id":"https:\/\/glamico.ee\/#\/schema\/logo\/image\/"},"sameAs":["https:\/\/www.instagram.com\/glamico.ee\/"]}]}},"brands":[{"id":90,"name":"Raywell","slug":"raywell"}],"_links":{"self":[{"href":"https:\/\/glamico.ee\/en\/wp-json\/wp\/v2\/product\/1694","targetHints":{"allow":["GET"]}}],"collection":[{"href":"https:\/\/glamico.ee\/en\/wp-json\/wp\/v2\/product"}],"about":[{"href":"https:\/\/glamico.ee\/en\/wp-json\/wp\/v2\/types\/product"}],"version-history":[{"count":3,"href":"https:\/\/glamico.ee\/en\/wp-json\/wp\/v2\/product\/1694\/revisions"}],"predecessor-version":[{"id":2587,"href":"https:\/\/glamico.ee\/en\/wp-json\/wp\/v2\/product\/1694\/revisions\/2587"}],"wp:featuredmedia":[{"embeddable":true,"href":"https:\/\/glamico.ee\/en\/wp-json\/wp\/v2\/media\/2317"}],"wp:attachment":[{"href":"https:\/\/glamico.ee\/en\/wp-json\/wp\/v2\/media?parent=1694"}],"wp:term":[{"taxonomy":"pwb-brand","embeddable":true,"href":"https:\/\/glamico.ee\/en\/wp-json\/wp\/v2\/pwb-brand?post=1694"},{"taxonomy":"product_brand","embeddable":true,"href":"https:\/\/glamico.ee\/en\/wp-json\/wp\/v2\/product_brand?post=1694"},{"taxonomy":"product_cat","embeddable":true,"href":"https:\/\/glamico.ee\/en\/wp-json\/wp\/v2\/product_cat?post=1694"},{"taxonomy":"product_tag","embeddable":true,"href":"https:\/\/glamico.ee\/en\/wp-json\/wp\/v2\/product_tag?post=1694"}],"curies":[{"name":"wp","href":"https:\/\/api.w.org\/{rel}","templated":true}]}}