{"id":1659,"date":"2025-07-10T09:11:07","date_gmt":"2025-07-10T07:11:07","guid":{"rendered":"https:\/\/glamico.ee\/?post_type=product&#038;p=1659"},"modified":"2025-11-29T19:32:31","modified_gmt":"2025-11-29T17:32:31","slug":"raywell-boma-smooth-effect-conditioner-250ml","status":"publish","type":"product","link":"https:\/\/glamico.ee\/en\/pood\/raywell-boma-smooth-effect-conditioner-250ml\/","title":{"rendered":"Raywell Boma Smooth Effect Conditioner 250ml"},"content":{"rendered":"<p>Ideaalne juuksepalsam, et taastada siledus, s\u00e4ra ja tervete juuste v\u00e4ljan\u00e4gemine! See palsam on looduse ja kaasaegse tehnoloogia kombinatsioon, mis on spetsiaalselt loodud selleks, et muuta juuksed siledaks, pehmeks ja kauni v\u00e4limusega. Sukeldu luksuslikku hooldusesse ja tunne erinevust juba p\u00e4rast esimest kasutamist!<\/p>\n<p>BIO BOMA juukseid siluv palsam hooldab kr\u00e4suseid ja hapraid juukseid. Annab lokkidele sileduse ja elastsuse, et tagada terve s\u00e4ra ja lihtne stiil.<\/p>\n<p>Silub ja parandab juuste struktuuri.<\/p>\n<p>Koostis: Aqua (water), cetyl alcohol, glycerin, cetrimonium chloride, behentrimonium chloride, myristyl alcohol, peg-115m, parfum (fragrance), panthenol, dimethiconol, isopropyl alcohol, macadamia ternifolia seed oil, tocopheryl acetate, simmondsia chinensis seed oil (simmondsia chinensis (jojoba) seed oil), prunus amygda lus dulcis oil (sweet almond (prunus amygdalus dulcis) oil), sodium dodecylbenzenesulfonate, trideceth- 10, bambusa vulgaris sap extract, cinchona succirubra bark extract, rosmarinus officinalis leaf extract (rosmarinus officinalis (rosemary) leaf extract), equisetum arvense leaf extract, schizandra chinensis f ruit extract, adiantum capillus veneris leaf extract, benzyl alcohol, benzoic acid, dehydroacetic acid, to copherol, alpha-isomethyl ionone, d-limonene, hexyl cinnamal.<\/p>","protected":false},"excerpt":{"rendered":"<p>Ideaalne juuksepalsam, et taastada siledus, s\u00e4ra ja tervete juuste v\u00e4ljan\u00e4gemine! See palsam on looduse ja kaasaegse tehnoloogia kombinatsioon, mis on spetsiaalselt loodud selleks, et muuta juuksed siledaks, pehmeks ja kauni v\u00e4limusega. Sukeldu luksuslikku hooldusesse ja tunne erinevust juba p\u00e4rast esimest kasutamist! BIO BOMA juukseid siluv palsam hooldab kr\u00e4suseid ja hapraid juukseid. Annab lokkidele sileduse ja elastsuse, et tagada terve s\u00e4ra [&hellip;]<\/p>\n","protected":false},"featured_media":1662,"template":"","meta":[],"pwb-brand":[90],"product_brand":[],"product_cat":[32],"product_tag":[],"class_list":{"0":"post-1659","1":"product","2":"type-product","3":"status-publish","4":"has-post-thumbnail","6":"pwb-brand-raywell","7":"product_cat-juustele","9":"first","10":"instock","11":"taxable","12":"shipping-taxable","13":"purchasable","14":"product-type-simple"},"yoast_head":"<!-- This site is optimized with the Yoast SEO plugin v27.3 - https:\/\/yoast.com\/product\/yoast-seo-wordpress\/ -->\n<title>Raywell Boma Smooth Effect Conditioner 250ml - Glamico<\/title>\n<meta name=\"robots\" content=\"index, follow, max-snippet:-1, max-image-preview:large, max-video-preview:-1\" \/>\n<link rel=\"canonical\" href=\"https:\/\/glamico.ee\/en\/pood\/raywell-boma-smooth-effect-conditioner-250ml\/\" \/>\n<meta property=\"og:locale\" content=\"en_US\" \/>\n<meta property=\"og:type\" content=\"article\" \/>\n<meta property=\"og:title\" content=\"Raywell Boma Smooth Effect Conditioner 250ml - Glamico\" \/>\n<meta property=\"og:description\" content=\"Ideaalne juuksepalsam, et taastada siledus, s\u00e4ra ja tervete juuste v\u00e4ljan\u00e4gemine! See palsam on looduse ja kaasaegse tehnoloogia kombinatsioon, mis on spetsiaalselt loodud selleks, et muuta juuksed siledaks, pehmeks ja kauni v\u00e4limusega. Sukeldu luksuslikku hooldusesse ja tunne erinevust juba p\u00e4rast esimest kasutamist! BIO BOMA juukseid siluv palsam hooldab kr\u00e4suseid ja hapraid juukseid. Annab lokkidele sileduse ja elastsuse, et tagada terve s\u00e4ra [&hellip;]\" \/>\n<meta property=\"og:url\" content=\"https:\/\/glamico.ee\/en\/pood\/raywell-boma-smooth-effect-conditioner-250ml\/\" \/>\n<meta property=\"og:site_name\" content=\"Glamico\" \/>\n<meta property=\"article:modified_time\" content=\"2025-11-29T17:32:31+00:00\" \/>\n<meta property=\"og:image\" content=\"https:\/\/glamico.ee\/wp-content\/uploads\/2025\/07\/raywell-bio-boma-konditsioneer-siluv-konditsioneer-250ml-edaff_reference.jpg\" \/>\n\t<meta property=\"og:image:width\" content=\"1024\" \/>\n\t<meta property=\"og:image:height\" content=\"1024\" \/>\n\t<meta property=\"og:image:type\" content=\"image\/jpeg\" \/>\n<meta name=\"twitter:card\" content=\"summary_large_image\" \/>\n<meta name=\"twitter:label1\" content=\"Est. reading time\" \/>\n\t<meta name=\"twitter:data1\" content=\"2 minutes\" \/>\n<script type=\"application\/ld+json\" class=\"yoast-schema-graph\">{\"@context\":\"https:\\\/\\\/schema.org\",\"@graph\":[{\"@type\":\"WebPage\",\"@id\":\"https:\\\/\\\/glamico.ee\\\/pood\\\/raywell-boma-smooth-effect-conditioner-250ml\\\/\",\"url\":\"https:\\\/\\\/glamico.ee\\\/pood\\\/raywell-boma-smooth-effect-conditioner-250ml\\\/\",\"name\":\"Raywell Boma Smooth Effect Conditioner 250ml - Glamico\",\"isPartOf\":{\"@id\":\"https:\\\/\\\/glamico.ee\\\/#website\"},\"primaryImageOfPage\":{\"@id\":\"https:\\\/\\\/glamico.ee\\\/pood\\\/raywell-boma-smooth-effect-conditioner-250ml\\\/#primaryimage\"},\"image\":{\"@id\":\"https:\\\/\\\/glamico.ee\\\/pood\\\/raywell-boma-smooth-effect-conditioner-250ml\\\/#primaryimage\"},\"thumbnailUrl\":\"https:\\\/\\\/glamico.ee\\\/wp-content\\\/uploads\\\/2025\\\/07\\\/raywell-bio-boma-konditsioneer-siluv-konditsioneer-250ml-edaff_reference.jpg\",\"datePublished\":\"2025-07-10T07:11:07+00:00\",\"dateModified\":\"2025-11-29T17:32:31+00:00\",\"breadcrumb\":{\"@id\":\"https:\\\/\\\/glamico.ee\\\/pood\\\/raywell-boma-smooth-effect-conditioner-250ml\\\/#breadcrumb\"},\"inLanguage\":\"en-US\",\"potentialAction\":[{\"@type\":\"ReadAction\",\"target\":[\"https:\\\/\\\/glamico.ee\\\/pood\\\/raywell-boma-smooth-effect-conditioner-250ml\\\/\"]}]},{\"@type\":\"ImageObject\",\"inLanguage\":\"en-US\",\"@id\":\"https:\\\/\\\/glamico.ee\\\/pood\\\/raywell-boma-smooth-effect-conditioner-250ml\\\/#primaryimage\",\"url\":\"https:\\\/\\\/glamico.ee\\\/wp-content\\\/uploads\\\/2025\\\/07\\\/raywell-bio-boma-konditsioneer-siluv-konditsioneer-250ml-edaff_reference.jpg\",\"contentUrl\":\"https:\\\/\\\/glamico.ee\\\/wp-content\\\/uploads\\\/2025\\\/07\\\/raywell-bio-boma-konditsioneer-siluv-konditsioneer-250ml-edaff_reference.jpg\",\"width\":1024,\"height\":1024},{\"@type\":\"BreadcrumbList\",\"@id\":\"https:\\\/\\\/glamico.ee\\\/pood\\\/raywell-boma-smooth-effect-conditioner-250ml\\\/#breadcrumb\",\"itemListElement\":[{\"@type\":\"ListItem\",\"position\":1,\"name\":\"Home\",\"item\":\"https:\\\/\\\/glamico.ee\\\/\"},{\"@type\":\"ListItem\",\"position\":2,\"name\":\"Pood\",\"item\":\"https:\\\/\\\/glamico.ee\\\/pood\\\/\"},{\"@type\":\"ListItem\",\"position\":3,\"name\":\"Raywell Boma Smooth Effect Conditioner 250ml\"}]},{\"@type\":\"WebSite\",\"@id\":\"https:\\\/\\\/glamico.ee\\\/#website\",\"url\":\"https:\\\/\\\/glamico.ee\\\/\",\"name\":\"Glamico\",\"description\":\"Ilutooted\",\"publisher\":{\"@id\":\"https:\\\/\\\/glamico.ee\\\/#organization\"},\"potentialAction\":[{\"@type\":\"SearchAction\",\"target\":{\"@type\":\"EntryPoint\",\"urlTemplate\":\"https:\\\/\\\/glamico.ee\\\/?s={search_term_string}\"},\"query-input\":{\"@type\":\"PropertyValueSpecification\",\"valueRequired\":true,\"valueName\":\"search_term_string\"}}],\"inLanguage\":\"en-US\"},{\"@type\":\"Organization\",\"@id\":\"https:\\\/\\\/glamico.ee\\\/#organization\",\"name\":\"Glamico Baltics O\u00dc\",\"url\":\"https:\\\/\\\/glamico.ee\\\/\",\"logo\":{\"@type\":\"ImageObject\",\"inLanguage\":\"en-US\",\"@id\":\"https:\\\/\\\/glamico.ee\\\/#\\\/schema\\\/logo\\\/image\\\/\",\"url\":\"https:\\\/\\\/glamico.ee\\\/wp-content\\\/uploads\\\/2025\\\/11\\\/Glamico-1.png\",\"contentUrl\":\"https:\\\/\\\/glamico.ee\\\/wp-content\\\/uploads\\\/2025\\\/11\\\/Glamico-1.png\",\"width\":627,\"height\":400,\"caption\":\"Glamico Baltics O\u00dc\"},\"image\":{\"@id\":\"https:\\\/\\\/glamico.ee\\\/#\\\/schema\\\/logo\\\/image\\\/\"},\"sameAs\":[\"https:\\\/\\\/www.instagram.com\\\/glamico.ee\\\/\"]}]}<\/script>\n<!-- \/ Yoast SEO plugin. -->","yoast_head_json":{"title":"Raywell Boma Smooth Effect Conditioner 250ml - Glamico","robots":{"index":"index","follow":"follow","max-snippet":"max-snippet:-1","max-image-preview":"max-image-preview:large","max-video-preview":"max-video-preview:-1"},"canonical":"https:\/\/glamico.ee\/en\/pood\/raywell-boma-smooth-effect-conditioner-250ml\/","og_locale":"en_US","og_type":"article","og_title":"Raywell Boma Smooth Effect Conditioner 250ml - Glamico","og_description":"Ideaalne juuksepalsam, et taastada siledus, s\u00e4ra ja tervete juuste v\u00e4ljan\u00e4gemine! See palsam on looduse ja kaasaegse tehnoloogia kombinatsioon, mis on spetsiaalselt loodud selleks, et muuta juuksed siledaks, pehmeks ja kauni v\u00e4limusega. Sukeldu luksuslikku hooldusesse ja tunne erinevust juba p\u00e4rast esimest kasutamist! BIO BOMA juukseid siluv palsam hooldab kr\u00e4suseid ja hapraid juukseid. Annab lokkidele sileduse ja elastsuse, et tagada terve s\u00e4ra [&hellip;]","og_url":"https:\/\/glamico.ee\/en\/pood\/raywell-boma-smooth-effect-conditioner-250ml\/","og_site_name":"Glamico","article_modified_time":"2025-11-29T17:32:31+00:00","og_image":[{"width":1024,"height":1024,"url":"https:\/\/glamico.ee\/wp-content\/uploads\/2025\/07\/raywell-bio-boma-konditsioneer-siluv-konditsioneer-250ml-edaff_reference.jpg","type":"image\/jpeg"}],"twitter_card":"summary_large_image","twitter_misc":{"Est. reading time":"2 minutes"},"schema":{"@context":"https:\/\/schema.org","@graph":[{"@type":"WebPage","@id":"https:\/\/glamico.ee\/pood\/raywell-boma-smooth-effect-conditioner-250ml\/","url":"https:\/\/glamico.ee\/pood\/raywell-boma-smooth-effect-conditioner-250ml\/","name":"Raywell Boma Smooth Effect Conditioner 250ml - Glamico","isPartOf":{"@id":"https:\/\/glamico.ee\/#website"},"primaryImageOfPage":{"@id":"https:\/\/glamico.ee\/pood\/raywell-boma-smooth-effect-conditioner-250ml\/#primaryimage"},"image":{"@id":"https:\/\/glamico.ee\/pood\/raywell-boma-smooth-effect-conditioner-250ml\/#primaryimage"},"thumbnailUrl":"https:\/\/glamico.ee\/wp-content\/uploads\/2025\/07\/raywell-bio-boma-konditsioneer-siluv-konditsioneer-250ml-edaff_reference.jpg","datePublished":"2025-07-10T07:11:07+00:00","dateModified":"2025-11-29T17:32:31+00:00","breadcrumb":{"@id":"https:\/\/glamico.ee\/pood\/raywell-boma-smooth-effect-conditioner-250ml\/#breadcrumb"},"inLanguage":"en-US","potentialAction":[{"@type":"ReadAction","target":["https:\/\/glamico.ee\/pood\/raywell-boma-smooth-effect-conditioner-250ml\/"]}]},{"@type":"ImageObject","inLanguage":"en-US","@id":"https:\/\/glamico.ee\/pood\/raywell-boma-smooth-effect-conditioner-250ml\/#primaryimage","url":"https:\/\/glamico.ee\/wp-content\/uploads\/2025\/07\/raywell-bio-boma-konditsioneer-siluv-konditsioneer-250ml-edaff_reference.jpg","contentUrl":"https:\/\/glamico.ee\/wp-content\/uploads\/2025\/07\/raywell-bio-boma-konditsioneer-siluv-konditsioneer-250ml-edaff_reference.jpg","width":1024,"height":1024},{"@type":"BreadcrumbList","@id":"https:\/\/glamico.ee\/pood\/raywell-boma-smooth-effect-conditioner-250ml\/#breadcrumb","itemListElement":[{"@type":"ListItem","position":1,"name":"Home","item":"https:\/\/glamico.ee\/"},{"@type":"ListItem","position":2,"name":"Pood","item":"https:\/\/glamico.ee\/pood\/"},{"@type":"ListItem","position":3,"name":"Raywell Boma Smooth Effect Conditioner 250ml"}]},{"@type":"WebSite","@id":"https:\/\/glamico.ee\/#website","url":"https:\/\/glamico.ee\/","name":"Glamico","description":"Ilutooted","publisher":{"@id":"https:\/\/glamico.ee\/#organization"},"potentialAction":[{"@type":"SearchAction","target":{"@type":"EntryPoint","urlTemplate":"https:\/\/glamico.ee\/?s={search_term_string}"},"query-input":{"@type":"PropertyValueSpecification","valueRequired":true,"valueName":"search_term_string"}}],"inLanguage":"en-US"},{"@type":"Organization","@id":"https:\/\/glamico.ee\/#organization","name":"Glamico Baltics O\u00dc","url":"https:\/\/glamico.ee\/","logo":{"@type":"ImageObject","inLanguage":"en-US","@id":"https:\/\/glamico.ee\/#\/schema\/logo\/image\/","url":"https:\/\/glamico.ee\/wp-content\/uploads\/2025\/11\/Glamico-1.png","contentUrl":"https:\/\/glamico.ee\/wp-content\/uploads\/2025\/11\/Glamico-1.png","width":627,"height":400,"caption":"Glamico Baltics O\u00dc"},"image":{"@id":"https:\/\/glamico.ee\/#\/schema\/logo\/image\/"},"sameAs":["https:\/\/www.instagram.com\/glamico.ee\/"]}]}},"brands":[{"id":90,"name":"Raywell","slug":"raywell"}],"_links":{"self":[{"href":"https:\/\/glamico.ee\/en\/wp-json\/wp\/v2\/product\/1659","targetHints":{"allow":["GET"]}}],"collection":[{"href":"https:\/\/glamico.ee\/en\/wp-json\/wp\/v2\/product"}],"about":[{"href":"https:\/\/glamico.ee\/en\/wp-json\/wp\/v2\/types\/product"}],"version-history":[{"count":2,"href":"https:\/\/glamico.ee\/en\/wp-json\/wp\/v2\/product\/1659\/revisions"}],"predecessor-version":[{"id":2065,"href":"https:\/\/glamico.ee\/en\/wp-json\/wp\/v2\/product\/1659\/revisions\/2065"}],"wp:featuredmedia":[{"embeddable":true,"href":"https:\/\/glamico.ee\/en\/wp-json\/wp\/v2\/media\/1662"}],"wp:attachment":[{"href":"https:\/\/glamico.ee\/en\/wp-json\/wp\/v2\/media?parent=1659"}],"wp:term":[{"taxonomy":"pwb-brand","embeddable":true,"href":"https:\/\/glamico.ee\/en\/wp-json\/wp\/v2\/pwb-brand?post=1659"},{"taxonomy":"product_brand","embeddable":true,"href":"https:\/\/glamico.ee\/en\/wp-json\/wp\/v2\/product_brand?post=1659"},{"taxonomy":"product_cat","embeddable":true,"href":"https:\/\/glamico.ee\/en\/wp-json\/wp\/v2\/product_cat?post=1659"},{"taxonomy":"product_tag","embeddable":true,"href":"https:\/\/glamico.ee\/en\/wp-json\/wp\/v2\/product_tag?post=1659"}],"curies":[{"name":"wp","href":"https:\/\/api.w.org\/{rel}","templated":true}]}}