{"id":1656,"date":"2025-07-10T09:04:06","date_gmt":"2025-07-10T07:04:06","guid":{"rendered":"https:\/\/glamico.ee\/?post_type=product&#038;p=1656"},"modified":"2025-07-10T09:04:06","modified_gmt":"2025-07-10T07:04:06","slug":"raywell-boma-smooth-effect-shampoo250ml","status":"publish","type":"product","link":"https:\/\/glamico.ee\/en\/pood\/raywell-boma-smooth-effect-shampoo250ml\/","title":{"rendered":"Raywell Boma Smooth Effect Shampoo250ml"},"content":{"rendered":"<p>Kasutamine: kanna m\u00e4rgadele juustele, \u00f5rnalt vahusta, masseeri \u00f5rnalt ja loputa hoolikalt.<\/p>","protected":false},"excerpt":{"rendered":"<p>RR357<\/p>\n<p>Bio Nature BOMA juukse\u0161ampoon Itaalia br\u00e4ndilt Raywell on m\u00f5eldud kergesti kahuseks muutuvatele ja s\u00f5nakuulematutele juustele. See sobib suurep\u00e4raselt ka keemiliste ja termiliste protseduuride j\u00e4rel. Siluvad omadused tulenevad rikkalikust koostisest, mis sisaldab looduslikke koostisosi nagu bambuse, riisi, aaloe ja argaania\u00f5li ekstrakte, mis parandavad juuksestruktuuri ja taastavad sise\u00fchenduste molekulaarsed sidemed. T\u00e4nu sellele muutuvad juuksed siidpehmeks ja saavad kauni l\u00e4ike. Sobib k\u00f5ikidele juukset\u00fc\u00fcpidele, eriti kergesti kahuseks muutuvatele ja s\u00f5nakuulematutele juustele. Aktiivsed koostisosad: bambuse ekstrakt, riisi ekstrakt, aaloe ekstrakt, argaania\u00f5li. Toime: juuste silumine, kiudude taastamine, toitmine, niisutamine. Tulemus: juuksed on siledad, pehmed ja l\u00e4ikivad. pH: 5.5. Meeldiva ja \u00f5rna l\u00f5hnaga.<\/p>","protected":false},"featured_media":1657,"template":"","meta":[],"pwb-brand":[90],"product_brand":[],"product_cat":[32],"product_tag":[],"class_list":{"0":"post-1656","1":"product","2":"type-product","3":"status-publish","4":"has-post-thumbnail","6":"pwb-brand-raywell","7":"product_cat-juustele","9":"first","10":"instock","11":"taxable","12":"shipping-taxable","13":"purchasable","14":"product-type-simple"},"yoast_head":"<!-- This site is optimized with the Yoast SEO plugin v27.3 - https:\/\/yoast.com\/product\/yoast-seo-wordpress\/ -->\n<title>Raywell Boma Smooth Effect Shampoo250ml - Glamico<\/title>\n<meta name=\"robots\" content=\"index, follow, max-snippet:-1, max-image-preview:large, max-video-preview:-1\" \/>\n<link rel=\"canonical\" href=\"https:\/\/glamico.ee\/en\/pood\/raywell-boma-smooth-effect-shampoo250ml\/\" \/>\n<meta property=\"og:locale\" content=\"en_US\" \/>\n<meta property=\"og:type\" content=\"article\" \/>\n<meta property=\"og:title\" content=\"Raywell Boma Smooth Effect Shampoo250ml - Glamico\" \/>\n<meta property=\"og:description\" content=\"RR357  Bio Nature BOMA juukse\u0161ampoon Itaalia br\u00e4ndilt Raywell on m\u00f5eldud kergesti kahuseks muutuvatele ja s\u00f5nakuulematutele juustele. See sobib suurep\u00e4raselt ka keemiliste ja termiliste protseduuride j\u00e4rel. Siluvad omadused tulenevad rikkalikust koostisest, mis sisaldab looduslikke koostisosi nagu bambuse, riisi, aaloe ja argaania\u00f5li ekstrakte, mis parandavad juuksestruktuuri ja taastavad sise\u00fchenduste molekulaarsed sidemed. T\u00e4nu sellele muutuvad juuksed siidpehmeks ja saavad kauni l\u00e4ike. Sobib k\u00f5ikidele juukset\u00fc\u00fcpidele, eriti kergesti kahuseks muutuvatele ja s\u00f5nakuulematutele juustele. Aktiivsed koostisosad: bambuse ekstrakt, riisi ekstrakt, aaloe ekstrakt, argaania\u00f5li. Toime: juuste silumine, kiudude taastamine, toitmine, niisutamine. Tulemus: juuksed on siledad, pehmed ja l\u00e4ikivad. pH: 5.5. Meeldiva ja \u00f5rna l\u00f5hnaga.\" \/>\n<meta property=\"og:url\" content=\"https:\/\/glamico.ee\/en\/pood\/raywell-boma-smooth-effect-shampoo250ml\/\" \/>\n<meta property=\"og:site_name\" content=\"Glamico\" \/>\n<meta property=\"og:image\" content=\"https:\/\/glamico.ee\/wp-content\/uploads\/2025\/07\/raywell-bio-nature-boma-silendav-sampoon-juustele-8ad44_reference.webp\" \/>\n\t<meta property=\"og:image:width\" content=\"1000\" \/>\n\t<meta property=\"og:image:height\" content=\"1000\" \/>\n\t<meta property=\"og:image:type\" content=\"image\/webp\" \/>\n<meta name=\"twitter:card\" content=\"summary_large_image\" \/>\n<script type=\"application\/ld+json\" class=\"yoast-schema-graph\">{\"@context\":\"https:\\\/\\\/schema.org\",\"@graph\":[{\"@type\":\"WebPage\",\"@id\":\"https:\\\/\\\/glamico.ee\\\/pood\\\/raywell-boma-smooth-effect-shampoo250ml\\\/\",\"url\":\"https:\\\/\\\/glamico.ee\\\/pood\\\/raywell-boma-smooth-effect-shampoo250ml\\\/\",\"name\":\"Raywell Boma Smooth Effect Shampoo250ml - Glamico\",\"isPartOf\":{\"@id\":\"https:\\\/\\\/glamico.ee\\\/#website\"},\"primaryImageOfPage\":{\"@id\":\"https:\\\/\\\/glamico.ee\\\/pood\\\/raywell-boma-smooth-effect-shampoo250ml\\\/#primaryimage\"},\"image\":{\"@id\":\"https:\\\/\\\/glamico.ee\\\/pood\\\/raywell-boma-smooth-effect-shampoo250ml\\\/#primaryimage\"},\"thumbnailUrl\":\"https:\\\/\\\/glamico.ee\\\/wp-content\\\/uploads\\\/2025\\\/07\\\/raywell-bio-nature-boma-silendav-sampoon-juustele-8ad44_reference.webp\",\"datePublished\":\"2025-07-10T07:04:06+00:00\",\"breadcrumb\":{\"@id\":\"https:\\\/\\\/glamico.ee\\\/pood\\\/raywell-boma-smooth-effect-shampoo250ml\\\/#breadcrumb\"},\"inLanguage\":\"en-US\",\"potentialAction\":[{\"@type\":\"ReadAction\",\"target\":[\"https:\\\/\\\/glamico.ee\\\/pood\\\/raywell-boma-smooth-effect-shampoo250ml\\\/\"]}]},{\"@type\":\"ImageObject\",\"inLanguage\":\"en-US\",\"@id\":\"https:\\\/\\\/glamico.ee\\\/pood\\\/raywell-boma-smooth-effect-shampoo250ml\\\/#primaryimage\",\"url\":\"https:\\\/\\\/glamico.ee\\\/wp-content\\\/uploads\\\/2025\\\/07\\\/raywell-bio-nature-boma-silendav-sampoon-juustele-8ad44_reference.webp\",\"contentUrl\":\"https:\\\/\\\/glamico.ee\\\/wp-content\\\/uploads\\\/2025\\\/07\\\/raywell-bio-nature-boma-silendav-sampoon-juustele-8ad44_reference.webp\",\"width\":1000,\"height\":1000},{\"@type\":\"BreadcrumbList\",\"@id\":\"https:\\\/\\\/glamico.ee\\\/pood\\\/raywell-boma-smooth-effect-shampoo250ml\\\/#breadcrumb\",\"itemListElement\":[{\"@type\":\"ListItem\",\"position\":1,\"name\":\"Home\",\"item\":\"https:\\\/\\\/glamico.ee\\\/\"},{\"@type\":\"ListItem\",\"position\":2,\"name\":\"Pood\",\"item\":\"https:\\\/\\\/glamico.ee\\\/pood\\\/\"},{\"@type\":\"ListItem\",\"position\":3,\"name\":\"Raywell Boma Smooth Effect Shampoo250ml\"}]},{\"@type\":\"WebSite\",\"@id\":\"https:\\\/\\\/glamico.ee\\\/#website\",\"url\":\"https:\\\/\\\/glamico.ee\\\/\",\"name\":\"Glamico\",\"description\":\"Ilutooted\",\"publisher\":{\"@id\":\"https:\\\/\\\/glamico.ee\\\/#organization\"},\"potentialAction\":[{\"@type\":\"SearchAction\",\"target\":{\"@type\":\"EntryPoint\",\"urlTemplate\":\"https:\\\/\\\/glamico.ee\\\/?s={search_term_string}\"},\"query-input\":{\"@type\":\"PropertyValueSpecification\",\"valueRequired\":true,\"valueName\":\"search_term_string\"}}],\"inLanguage\":\"en-US\"},{\"@type\":\"Organization\",\"@id\":\"https:\\\/\\\/glamico.ee\\\/#organization\",\"name\":\"Glamico Baltics O\u00dc\",\"url\":\"https:\\\/\\\/glamico.ee\\\/\",\"logo\":{\"@type\":\"ImageObject\",\"inLanguage\":\"en-US\",\"@id\":\"https:\\\/\\\/glamico.ee\\\/#\\\/schema\\\/logo\\\/image\\\/\",\"url\":\"https:\\\/\\\/glamico.ee\\\/wp-content\\\/uploads\\\/2025\\\/11\\\/Glamico-1.png\",\"contentUrl\":\"https:\\\/\\\/glamico.ee\\\/wp-content\\\/uploads\\\/2025\\\/11\\\/Glamico-1.png\",\"width\":627,\"height\":400,\"caption\":\"Glamico Baltics O\u00dc\"},\"image\":{\"@id\":\"https:\\\/\\\/glamico.ee\\\/#\\\/schema\\\/logo\\\/image\\\/\"},\"sameAs\":[\"https:\\\/\\\/www.instagram.com\\\/glamico.ee\\\/\"]}]}<\/script>\n<!-- \/ Yoast SEO plugin. -->","yoast_head_json":{"title":"Raywell Boma Smooth Effect Shampoo250ml - Glamico","robots":{"index":"index","follow":"follow","max-snippet":"max-snippet:-1","max-image-preview":"max-image-preview:large","max-video-preview":"max-video-preview:-1"},"canonical":"https:\/\/glamico.ee\/en\/pood\/raywell-boma-smooth-effect-shampoo250ml\/","og_locale":"en_US","og_type":"article","og_title":"Raywell Boma Smooth Effect Shampoo250ml - Glamico","og_description":"RR357  Bio Nature BOMA juukse\u0161ampoon Itaalia br\u00e4ndilt Raywell on m\u00f5eldud kergesti kahuseks muutuvatele ja s\u00f5nakuulematutele juustele. See sobib suurep\u00e4raselt ka keemiliste ja termiliste protseduuride j\u00e4rel. Siluvad omadused tulenevad rikkalikust koostisest, mis sisaldab looduslikke koostisosi nagu bambuse, riisi, aaloe ja argaania\u00f5li ekstrakte, mis parandavad juuksestruktuuri ja taastavad sise\u00fchenduste molekulaarsed sidemed. T\u00e4nu sellele muutuvad juuksed siidpehmeks ja saavad kauni l\u00e4ike. Sobib k\u00f5ikidele juukset\u00fc\u00fcpidele, eriti kergesti kahuseks muutuvatele ja s\u00f5nakuulematutele juustele. Aktiivsed koostisosad: bambuse ekstrakt, riisi ekstrakt, aaloe ekstrakt, argaania\u00f5li. Toime: juuste silumine, kiudude taastamine, toitmine, niisutamine. Tulemus: juuksed on siledad, pehmed ja l\u00e4ikivad. pH: 5.5. Meeldiva ja \u00f5rna l\u00f5hnaga.","og_url":"https:\/\/glamico.ee\/en\/pood\/raywell-boma-smooth-effect-shampoo250ml\/","og_site_name":"Glamico","og_image":[{"width":1000,"height":1000,"url":"https:\/\/glamico.ee\/wp-content\/uploads\/2025\/07\/raywell-bio-nature-boma-silendav-sampoon-juustele-8ad44_reference.webp","type":"image\/webp"}],"twitter_card":"summary_large_image","schema":{"@context":"https:\/\/schema.org","@graph":[{"@type":"WebPage","@id":"https:\/\/glamico.ee\/pood\/raywell-boma-smooth-effect-shampoo250ml\/","url":"https:\/\/glamico.ee\/pood\/raywell-boma-smooth-effect-shampoo250ml\/","name":"Raywell Boma Smooth Effect Shampoo250ml - Glamico","isPartOf":{"@id":"https:\/\/glamico.ee\/#website"},"primaryImageOfPage":{"@id":"https:\/\/glamico.ee\/pood\/raywell-boma-smooth-effect-shampoo250ml\/#primaryimage"},"image":{"@id":"https:\/\/glamico.ee\/pood\/raywell-boma-smooth-effect-shampoo250ml\/#primaryimage"},"thumbnailUrl":"https:\/\/glamico.ee\/wp-content\/uploads\/2025\/07\/raywell-bio-nature-boma-silendav-sampoon-juustele-8ad44_reference.webp","datePublished":"2025-07-10T07:04:06+00:00","breadcrumb":{"@id":"https:\/\/glamico.ee\/pood\/raywell-boma-smooth-effect-shampoo250ml\/#breadcrumb"},"inLanguage":"en-US","potentialAction":[{"@type":"ReadAction","target":["https:\/\/glamico.ee\/pood\/raywell-boma-smooth-effect-shampoo250ml\/"]}]},{"@type":"ImageObject","inLanguage":"en-US","@id":"https:\/\/glamico.ee\/pood\/raywell-boma-smooth-effect-shampoo250ml\/#primaryimage","url":"https:\/\/glamico.ee\/wp-content\/uploads\/2025\/07\/raywell-bio-nature-boma-silendav-sampoon-juustele-8ad44_reference.webp","contentUrl":"https:\/\/glamico.ee\/wp-content\/uploads\/2025\/07\/raywell-bio-nature-boma-silendav-sampoon-juustele-8ad44_reference.webp","width":1000,"height":1000},{"@type":"BreadcrumbList","@id":"https:\/\/glamico.ee\/pood\/raywell-boma-smooth-effect-shampoo250ml\/#breadcrumb","itemListElement":[{"@type":"ListItem","position":1,"name":"Home","item":"https:\/\/glamico.ee\/"},{"@type":"ListItem","position":2,"name":"Pood","item":"https:\/\/glamico.ee\/pood\/"},{"@type":"ListItem","position":3,"name":"Raywell Boma Smooth Effect Shampoo250ml"}]},{"@type":"WebSite","@id":"https:\/\/glamico.ee\/#website","url":"https:\/\/glamico.ee\/","name":"Glamico","description":"Ilutooted","publisher":{"@id":"https:\/\/glamico.ee\/#organization"},"potentialAction":[{"@type":"SearchAction","target":{"@type":"EntryPoint","urlTemplate":"https:\/\/glamico.ee\/?s={search_term_string}"},"query-input":{"@type":"PropertyValueSpecification","valueRequired":true,"valueName":"search_term_string"}}],"inLanguage":"en-US"},{"@type":"Organization","@id":"https:\/\/glamico.ee\/#organization","name":"Glamico Baltics O\u00dc","url":"https:\/\/glamico.ee\/","logo":{"@type":"ImageObject","inLanguage":"en-US","@id":"https:\/\/glamico.ee\/#\/schema\/logo\/image\/","url":"https:\/\/glamico.ee\/wp-content\/uploads\/2025\/11\/Glamico-1.png","contentUrl":"https:\/\/glamico.ee\/wp-content\/uploads\/2025\/11\/Glamico-1.png","width":627,"height":400,"caption":"Glamico Baltics O\u00dc"},"image":{"@id":"https:\/\/glamico.ee\/#\/schema\/logo\/image\/"},"sameAs":["https:\/\/www.instagram.com\/glamico.ee\/"]}]}},"brands":[{"id":90,"name":"Raywell","slug":"raywell"}],"_links":{"self":[{"href":"https:\/\/glamico.ee\/en\/wp-json\/wp\/v2\/product\/1656","targetHints":{"allow":["GET"]}}],"collection":[{"href":"https:\/\/glamico.ee\/en\/wp-json\/wp\/v2\/product"}],"about":[{"href":"https:\/\/glamico.ee\/en\/wp-json\/wp\/v2\/types\/product"}],"version-history":[{"count":0,"href":"https:\/\/glamico.ee\/en\/wp-json\/wp\/v2\/product\/1656\/revisions"}],"wp:featuredmedia":[{"embeddable":true,"href":"https:\/\/glamico.ee\/en\/wp-json\/wp\/v2\/media\/1657"}],"wp:attachment":[{"href":"https:\/\/glamico.ee\/en\/wp-json\/wp\/v2\/media?parent=1656"}],"wp:term":[{"taxonomy":"pwb-brand","embeddable":true,"href":"https:\/\/glamico.ee\/en\/wp-json\/wp\/v2\/pwb-brand?post=1656"},{"taxonomy":"product_brand","embeddable":true,"href":"https:\/\/glamico.ee\/en\/wp-json\/wp\/v2\/product_brand?post=1656"},{"taxonomy":"product_cat","embeddable":true,"href":"https:\/\/glamico.ee\/en\/wp-json\/wp\/v2\/product_cat?post=1656"},{"taxonomy":"product_tag","embeddable":true,"href":"https:\/\/glamico.ee\/en\/wp-json\/wp\/v2\/product_tag?post=1656"}],"curies":[{"name":"wp","href":"https:\/\/api.w.org\/{rel}","templated":true}]}}