{"id":1648,"date":"2025-07-10T08:47:27","date_gmt":"2025-07-10T06:47:27","guid":{"rendered":"https:\/\/glamico.ee\/?post_type=product&#038;p=1648"},"modified":"2025-07-10T08:47:27","modified_gmt":"2025-07-10T06:47:27","slug":"raywell-bio-nature-poma-anti-aging-shampoo-250ml","status":"publish","type":"product","link":"https:\/\/glamico.ee\/en\/pood\/raywell-bio-nature-poma-anti-aging-shampoo-250ml\/","title":{"rendered":"Raywell Bio Nature Poma Anti-Aging Shampoo 250ml"},"content":{"rendered":"<p>Kasutamine: Kasutamine: Kandke \u00fchtlaselt m\u00e4rgadele juustele, masseerige vahule ja loputage seej\u00e4rel hoolikalt sooja veega.<\/p>\n<p>Soovitatav: Igap\u00e4evaseks juuste pesemiseks, igat t\u00fc\u00fcpi juustele .<\/p>","protected":false},"excerpt":{"rendered":"<p>RR349<\/p>\n<p>Selle \u00fcheks v\u00e4ga oluliseks komponendiks on rohelistest \u00f5untest p\u00e4rit pol\u00fcfenoolid, millel on v\u00e4ga tugev toime. See koostisosa hoiab juuksed noorena, kaitseb nii peanahka kui juukseid keskkonna kahjulike m\u00f5jude eest ning aitab t\u00e4nu oma toimele teatud haigusprotsesse ennetada. Samuti on oluline mainida pol\u00fcfenoolide pehmendavaid omadusi, mis pehmendavad ja pehmendavad peanahka ja juukseid.<\/p>\n<p>\u0160ampooni teine \u200b\u200boluline koostisosa on Jaapani kameelia\u00f5li, mis muudab juuksekrooni l\u00e4ikivaks, pehmeks ja elastseks. See niisutab juukseid, muutes need taas terveks.<\/p>","protected":false},"featured_media":1651,"template":"","meta":[],"pwb-brand":[90],"product_brand":[],"product_cat":[32],"product_tag":[],"class_list":{"0":"post-1648","1":"product","2":"type-product","3":"status-publish","4":"has-post-thumbnail","6":"pwb-brand-raywell","7":"product_cat-juustele","9":"first","10":"instock","11":"taxable","12":"shipping-taxable","13":"purchasable","14":"product-type-simple"},"yoast_head":"<!-- This site is optimized with the Yoast SEO plugin v27.3 - https:\/\/yoast.com\/product\/yoast-seo-wordpress\/ -->\n<title>Raywell Bio Nature Poma Anti-Aging Shampoo 250ml - Glamico<\/title>\n<meta name=\"robots\" content=\"index, follow, max-snippet:-1, max-image-preview:large, max-video-preview:-1\" \/>\n<link rel=\"canonical\" href=\"https:\/\/glamico.ee\/en\/pood\/raywell-bio-nature-poma-anti-aging-shampoo-250ml\/\" \/>\n<meta property=\"og:locale\" content=\"en_US\" \/>\n<meta property=\"og:type\" content=\"article\" \/>\n<meta property=\"og:title\" content=\"Raywell Bio Nature Poma Anti-Aging Shampoo 250ml - Glamico\" \/>\n<meta property=\"og:description\" content=\"RR349  Selle \u00fcheks v\u00e4ga oluliseks komponendiks on rohelistest \u00f5untest p\u00e4rit pol\u00fcfenoolid, millel on v\u00e4ga tugev toime. See koostisosa hoiab juuksed noorena, kaitseb nii peanahka kui juukseid keskkonna kahjulike m\u00f5jude eest ning aitab t\u00e4nu oma toimele teatud haigusprotsesse ennetada. Samuti on oluline mainida pol\u00fcfenoolide pehmendavaid omadusi, mis pehmendavad ja pehmendavad peanahka ja juukseid.  \u0160ampooni teine \u200b\u200boluline koostisosa on Jaapani kameelia\u00f5li, mis muudab juuksekrooni l\u00e4ikivaks, pehmeks ja elastseks. See niisutab juukseid, muutes need taas terveks.\" \/>\n<meta property=\"og:url\" content=\"https:\/\/glamico.ee\/en\/pood\/raywell-bio-nature-poma-anti-aging-shampoo-250ml\/\" \/>\n<meta property=\"og:site_name\" content=\"Glamico\" \/>\n<meta property=\"og:image\" content=\"https:\/\/glamico.ee\/wp-content\/uploads\/2025\/07\/juuksesampoon-raywell-bio-nature-poma-250-ml-57b7e_reference.jpg\" \/>\n\t<meta property=\"og:image:width\" content=\"1024\" \/>\n\t<meta property=\"og:image:height\" content=\"1024\" \/>\n\t<meta property=\"og:image:type\" content=\"image\/jpeg\" \/>\n<meta name=\"twitter:card\" content=\"summary_large_image\" \/>\n<script type=\"application\/ld+json\" class=\"yoast-schema-graph\">{\"@context\":\"https:\\\/\\\/schema.org\",\"@graph\":[{\"@type\":\"WebPage\",\"@id\":\"https:\\\/\\\/glamico.ee\\\/pood\\\/raywell-bio-nature-poma-anti-aging-shampoo-250ml\\\/\",\"url\":\"https:\\\/\\\/glamico.ee\\\/pood\\\/raywell-bio-nature-poma-anti-aging-shampoo-250ml\\\/\",\"name\":\"Raywell Bio Nature Poma Anti-Aging Shampoo 250ml - Glamico\",\"isPartOf\":{\"@id\":\"https:\\\/\\\/glamico.ee\\\/#website\"},\"primaryImageOfPage\":{\"@id\":\"https:\\\/\\\/glamico.ee\\\/pood\\\/raywell-bio-nature-poma-anti-aging-shampoo-250ml\\\/#primaryimage\"},\"image\":{\"@id\":\"https:\\\/\\\/glamico.ee\\\/pood\\\/raywell-bio-nature-poma-anti-aging-shampoo-250ml\\\/#primaryimage\"},\"thumbnailUrl\":\"https:\\\/\\\/glamico.ee\\\/wp-content\\\/uploads\\\/2025\\\/07\\\/juuksesampoon-raywell-bio-nature-poma-250-ml-57b7e_reference.jpg\",\"datePublished\":\"2025-07-10T06:47:27+00:00\",\"breadcrumb\":{\"@id\":\"https:\\\/\\\/glamico.ee\\\/pood\\\/raywell-bio-nature-poma-anti-aging-shampoo-250ml\\\/#breadcrumb\"},\"inLanguage\":\"en-US\",\"potentialAction\":[{\"@type\":\"ReadAction\",\"target\":[\"https:\\\/\\\/glamico.ee\\\/pood\\\/raywell-bio-nature-poma-anti-aging-shampoo-250ml\\\/\"]}]},{\"@type\":\"ImageObject\",\"inLanguage\":\"en-US\",\"@id\":\"https:\\\/\\\/glamico.ee\\\/pood\\\/raywell-bio-nature-poma-anti-aging-shampoo-250ml\\\/#primaryimage\",\"url\":\"https:\\\/\\\/glamico.ee\\\/wp-content\\\/uploads\\\/2025\\\/07\\\/juuksesampoon-raywell-bio-nature-poma-250-ml-57b7e_reference.jpg\",\"contentUrl\":\"https:\\\/\\\/glamico.ee\\\/wp-content\\\/uploads\\\/2025\\\/07\\\/juuksesampoon-raywell-bio-nature-poma-250-ml-57b7e_reference.jpg\",\"width\":1024,\"height\":1024},{\"@type\":\"BreadcrumbList\",\"@id\":\"https:\\\/\\\/glamico.ee\\\/pood\\\/raywell-bio-nature-poma-anti-aging-shampoo-250ml\\\/#breadcrumb\",\"itemListElement\":[{\"@type\":\"ListItem\",\"position\":1,\"name\":\"Home\",\"item\":\"https:\\\/\\\/glamico.ee\\\/\"},{\"@type\":\"ListItem\",\"position\":2,\"name\":\"Pood\",\"item\":\"https:\\\/\\\/glamico.ee\\\/pood\\\/\"},{\"@type\":\"ListItem\",\"position\":3,\"name\":\"Raywell Bio Nature Poma Anti-Aging Shampoo 250ml\"}]},{\"@type\":\"WebSite\",\"@id\":\"https:\\\/\\\/glamico.ee\\\/#website\",\"url\":\"https:\\\/\\\/glamico.ee\\\/\",\"name\":\"Glamico\",\"description\":\"Ilutooted\",\"publisher\":{\"@id\":\"https:\\\/\\\/glamico.ee\\\/#organization\"},\"potentialAction\":[{\"@type\":\"SearchAction\",\"target\":{\"@type\":\"EntryPoint\",\"urlTemplate\":\"https:\\\/\\\/glamico.ee\\\/?s={search_term_string}\"},\"query-input\":{\"@type\":\"PropertyValueSpecification\",\"valueRequired\":true,\"valueName\":\"search_term_string\"}}],\"inLanguage\":\"en-US\"},{\"@type\":\"Organization\",\"@id\":\"https:\\\/\\\/glamico.ee\\\/#organization\",\"name\":\"Glamico Baltics O\u00dc\",\"url\":\"https:\\\/\\\/glamico.ee\\\/\",\"logo\":{\"@type\":\"ImageObject\",\"inLanguage\":\"en-US\",\"@id\":\"https:\\\/\\\/glamico.ee\\\/#\\\/schema\\\/logo\\\/image\\\/\",\"url\":\"https:\\\/\\\/glamico.ee\\\/wp-content\\\/uploads\\\/2025\\\/11\\\/Glamico-1.png\",\"contentUrl\":\"https:\\\/\\\/glamico.ee\\\/wp-content\\\/uploads\\\/2025\\\/11\\\/Glamico-1.png\",\"width\":627,\"height\":400,\"caption\":\"Glamico Baltics O\u00dc\"},\"image\":{\"@id\":\"https:\\\/\\\/glamico.ee\\\/#\\\/schema\\\/logo\\\/image\\\/\"},\"sameAs\":[\"https:\\\/\\\/www.instagram.com\\\/glamico.ee\\\/\"]}]}<\/script>\n<!-- \/ Yoast SEO plugin. -->","yoast_head_json":{"title":"Raywell Bio Nature Poma Anti-Aging Shampoo 250ml - Glamico","robots":{"index":"index","follow":"follow","max-snippet":"max-snippet:-1","max-image-preview":"max-image-preview:large","max-video-preview":"max-video-preview:-1"},"canonical":"https:\/\/glamico.ee\/en\/pood\/raywell-bio-nature-poma-anti-aging-shampoo-250ml\/","og_locale":"en_US","og_type":"article","og_title":"Raywell Bio Nature Poma Anti-Aging Shampoo 250ml - Glamico","og_description":"RR349  Selle \u00fcheks v\u00e4ga oluliseks komponendiks on rohelistest \u00f5untest p\u00e4rit pol\u00fcfenoolid, millel on v\u00e4ga tugev toime. See koostisosa hoiab juuksed noorena, kaitseb nii peanahka kui juukseid keskkonna kahjulike m\u00f5jude eest ning aitab t\u00e4nu oma toimele teatud haigusprotsesse ennetada. Samuti on oluline mainida pol\u00fcfenoolide pehmendavaid omadusi, mis pehmendavad ja pehmendavad peanahka ja juukseid.  \u0160ampooni teine \u200b\u200boluline koostisosa on Jaapani kameelia\u00f5li, mis muudab juuksekrooni l\u00e4ikivaks, pehmeks ja elastseks. See niisutab juukseid, muutes need taas terveks.","og_url":"https:\/\/glamico.ee\/en\/pood\/raywell-bio-nature-poma-anti-aging-shampoo-250ml\/","og_site_name":"Glamico","og_image":[{"width":1024,"height":1024,"url":"https:\/\/glamico.ee\/wp-content\/uploads\/2025\/07\/juuksesampoon-raywell-bio-nature-poma-250-ml-57b7e_reference.jpg","type":"image\/jpeg"}],"twitter_card":"summary_large_image","schema":{"@context":"https:\/\/schema.org","@graph":[{"@type":"WebPage","@id":"https:\/\/glamico.ee\/pood\/raywell-bio-nature-poma-anti-aging-shampoo-250ml\/","url":"https:\/\/glamico.ee\/pood\/raywell-bio-nature-poma-anti-aging-shampoo-250ml\/","name":"Raywell Bio Nature Poma Anti-Aging Shampoo 250ml - Glamico","isPartOf":{"@id":"https:\/\/glamico.ee\/#website"},"primaryImageOfPage":{"@id":"https:\/\/glamico.ee\/pood\/raywell-bio-nature-poma-anti-aging-shampoo-250ml\/#primaryimage"},"image":{"@id":"https:\/\/glamico.ee\/pood\/raywell-bio-nature-poma-anti-aging-shampoo-250ml\/#primaryimage"},"thumbnailUrl":"https:\/\/glamico.ee\/wp-content\/uploads\/2025\/07\/juuksesampoon-raywell-bio-nature-poma-250-ml-57b7e_reference.jpg","datePublished":"2025-07-10T06:47:27+00:00","breadcrumb":{"@id":"https:\/\/glamico.ee\/pood\/raywell-bio-nature-poma-anti-aging-shampoo-250ml\/#breadcrumb"},"inLanguage":"en-US","potentialAction":[{"@type":"ReadAction","target":["https:\/\/glamico.ee\/pood\/raywell-bio-nature-poma-anti-aging-shampoo-250ml\/"]}]},{"@type":"ImageObject","inLanguage":"en-US","@id":"https:\/\/glamico.ee\/pood\/raywell-bio-nature-poma-anti-aging-shampoo-250ml\/#primaryimage","url":"https:\/\/glamico.ee\/wp-content\/uploads\/2025\/07\/juuksesampoon-raywell-bio-nature-poma-250-ml-57b7e_reference.jpg","contentUrl":"https:\/\/glamico.ee\/wp-content\/uploads\/2025\/07\/juuksesampoon-raywell-bio-nature-poma-250-ml-57b7e_reference.jpg","width":1024,"height":1024},{"@type":"BreadcrumbList","@id":"https:\/\/glamico.ee\/pood\/raywell-bio-nature-poma-anti-aging-shampoo-250ml\/#breadcrumb","itemListElement":[{"@type":"ListItem","position":1,"name":"Home","item":"https:\/\/glamico.ee\/"},{"@type":"ListItem","position":2,"name":"Pood","item":"https:\/\/glamico.ee\/pood\/"},{"@type":"ListItem","position":3,"name":"Raywell Bio Nature Poma Anti-Aging Shampoo 250ml"}]},{"@type":"WebSite","@id":"https:\/\/glamico.ee\/#website","url":"https:\/\/glamico.ee\/","name":"Glamico","description":"Ilutooted","publisher":{"@id":"https:\/\/glamico.ee\/#organization"},"potentialAction":[{"@type":"SearchAction","target":{"@type":"EntryPoint","urlTemplate":"https:\/\/glamico.ee\/?s={search_term_string}"},"query-input":{"@type":"PropertyValueSpecification","valueRequired":true,"valueName":"search_term_string"}}],"inLanguage":"en-US"},{"@type":"Organization","@id":"https:\/\/glamico.ee\/#organization","name":"Glamico Baltics O\u00dc","url":"https:\/\/glamico.ee\/","logo":{"@type":"ImageObject","inLanguage":"en-US","@id":"https:\/\/glamico.ee\/#\/schema\/logo\/image\/","url":"https:\/\/glamico.ee\/wp-content\/uploads\/2025\/11\/Glamico-1.png","contentUrl":"https:\/\/glamico.ee\/wp-content\/uploads\/2025\/11\/Glamico-1.png","width":627,"height":400,"caption":"Glamico Baltics O\u00dc"},"image":{"@id":"https:\/\/glamico.ee\/#\/schema\/logo\/image\/"},"sameAs":["https:\/\/www.instagram.com\/glamico.ee\/"]}]}},"brands":[{"id":90,"name":"Raywell","slug":"raywell"}],"_links":{"self":[{"href":"https:\/\/glamico.ee\/en\/wp-json\/wp\/v2\/product\/1648","targetHints":{"allow":["GET"]}}],"collection":[{"href":"https:\/\/glamico.ee\/en\/wp-json\/wp\/v2\/product"}],"about":[{"href":"https:\/\/glamico.ee\/en\/wp-json\/wp\/v2\/types\/product"}],"version-history":[{"count":0,"href":"https:\/\/glamico.ee\/en\/wp-json\/wp\/v2\/product\/1648\/revisions"}],"wp:featuredmedia":[{"embeddable":true,"href":"https:\/\/glamico.ee\/en\/wp-json\/wp\/v2\/media\/1651"}],"wp:attachment":[{"href":"https:\/\/glamico.ee\/en\/wp-json\/wp\/v2\/media?parent=1648"}],"wp:term":[{"taxonomy":"pwb-brand","embeddable":true,"href":"https:\/\/glamico.ee\/en\/wp-json\/wp\/v2\/pwb-brand?post=1648"},{"taxonomy":"product_brand","embeddable":true,"href":"https:\/\/glamico.ee\/en\/wp-json\/wp\/v2\/product_brand?post=1648"},{"taxonomy":"product_cat","embeddable":true,"href":"https:\/\/glamico.ee\/en\/wp-json\/wp\/v2\/product_cat?post=1648"},{"taxonomy":"product_tag","embeddable":true,"href":"https:\/\/glamico.ee\/en\/wp-json\/wp\/v2\/product_tag?post=1648"}],"curies":[{"name":"wp","href":"https:\/\/api.w.org\/{rel}","templated":true}]}}