{"id":1645,"date":"2025-07-08T12:20:22","date_gmt":"2025-07-08T10:20:22","guid":{"rendered":"https:\/\/glamico.ee\/?post_type=product&#038;p=1645"},"modified":"2026-02-11T01:03:37","modified_gmt":"2026-02-10T23:03:37","slug":"raywell-croma-maintenance-shampoo-275ml","status":"publish","type":"product","link":"https:\/\/glamico.ee\/en\/pood\/raywell-croma-maintenance-shampoo-275ml\/","title":{"rendered":"Raywell Croma v\u00e4rvi kaitsev \u0161ampoon 275ml"},"content":{"rendered":"<p>Kasutamine: Kandke m\u00e4rgadele juustele, masseerige vahuks ja loputage hoolikalt. Vajadusel korrake.<\/p>\n<p>Koostis: water, sodium laureth sulfate, glycerin, glycol distearate, cocamide mea, cocamidopropyl betaine, cocamide dea, polyquaternium-7, amodimethicone (and) c11-15 pareth-7 (and) trideceth-2, parfum, imidazolidinyl urea, methylparaben, propylparaben, ethylparaben, phenoxyethanol, disodium edta, argania spinosa kernel oil methylchloroisothiazolinone, methylisothiazolinone,hydrolyzed keratin, c.i. 18050\/acid red 1, c.i.19140\/acid yellow 23, citric acid.<\/p>","protected":false},"excerpt":{"rendered":"<p>RR606<\/p>\n<p>V\u00e4rvi kaitsev \u0161ampoon juustele. Puhastab \u00f5rnalt juukseid ja on ideaalne tagamaks juuksev\u00e4rvi kestvuse pikaks ajaks. T\u00e4nu aktiivainetele lukustab v\u00e4rvi juuksekava ja muudab juuksed pehmeks ja s\u00e4ravaks. pH: 4,0 &#8211; 4,5<\/p>","protected":false},"featured_media":2367,"template":"","meta":[],"pwb-brand":[90],"product_brand":[],"product_cat":[32],"product_tag":[],"class_list":{"0":"post-1645","1":"product","2":"type-product","3":"status-publish","4":"has-post-thumbnail","6":"pwb-brand-raywell","7":"product_cat-juustele","9":"first","10":"instock","11":"taxable","12":"shipping-taxable","13":"purchasable","14":"product-type-simple"},"yoast_head":"<!-- This site is optimized with the Yoast SEO plugin v27.3 - https:\/\/yoast.com\/product\/yoast-seo-wordpress\/ -->\n<title>Raywell Croma v\u00e4rvi kaitsev \u0161ampoon 275ml - Glamico<\/title>\n<meta name=\"robots\" content=\"index, follow, max-snippet:-1, max-image-preview:large, max-video-preview:-1\" \/>\n<link rel=\"canonical\" href=\"https:\/\/glamico.ee\/en\/pood\/raywell-croma-maintenance-shampoo-275ml\/\" \/>\n<meta property=\"og:locale\" content=\"en_US\" \/>\n<meta property=\"og:type\" content=\"article\" \/>\n<meta property=\"og:title\" content=\"Raywell Croma v\u00e4rvi kaitsev \u0161ampoon 275ml - Glamico\" \/>\n<meta property=\"og:description\" content=\"RR606  V\u00e4rvi kaitsev \u0161ampoon juustele. Puhastab \u00f5rnalt juukseid ja on ideaalne tagamaks juuksev\u00e4rvi kestvuse pikaks ajaks. T\u00e4nu aktiivainetele lukustab v\u00e4rvi juuksekava ja muudab juuksed pehmeks ja s\u00e4ravaks. pH: 4,0 - 4,5\" \/>\n<meta property=\"og:url\" content=\"https:\/\/glamico.ee\/en\/pood\/raywell-croma-maintenance-shampoo-275ml\/\" \/>\n<meta property=\"og:site_name\" content=\"Glamico\" \/>\n<meta property=\"article:modified_time\" content=\"2026-02-10T23:03:37+00:00\" \/>\n<meta property=\"og:image\" content=\"https:\/\/glamico.ee\/wp-content\/uploads\/2025\/07\/croma-shampoo-275ml.png\" \/>\n\t<meta property=\"og:image:width\" content=\"1000\" \/>\n\t<meta property=\"og:image:height\" content=\"1000\" \/>\n\t<meta property=\"og:image:type\" content=\"image\/png\" \/>\n<meta name=\"twitter:card\" content=\"summary_large_image\" \/>\n<meta name=\"twitter:label1\" content=\"Est. reading time\" \/>\n\t<meta name=\"twitter:data1\" content=\"1 minute\" \/>\n<script type=\"application\/ld+json\" class=\"yoast-schema-graph\">{\"@context\":\"https:\\\/\\\/schema.org\",\"@graph\":[{\"@type\":\"WebPage\",\"@id\":\"https:\\\/\\\/glamico.ee\\\/pood\\\/raywell-croma-maintenance-shampoo-275ml\\\/\",\"url\":\"https:\\\/\\\/glamico.ee\\\/pood\\\/raywell-croma-maintenance-shampoo-275ml\\\/\",\"name\":\"Raywell Croma v\u00e4rvi kaitsev \u0161ampoon 275ml - Glamico\",\"isPartOf\":{\"@id\":\"https:\\\/\\\/glamico.ee\\\/#website\"},\"primaryImageOfPage\":{\"@id\":\"https:\\\/\\\/glamico.ee\\\/pood\\\/raywell-croma-maintenance-shampoo-275ml\\\/#primaryimage\"},\"image\":{\"@id\":\"https:\\\/\\\/glamico.ee\\\/pood\\\/raywell-croma-maintenance-shampoo-275ml\\\/#primaryimage\"},\"thumbnailUrl\":\"https:\\\/\\\/glamico.ee\\\/wp-content\\\/uploads\\\/2025\\\/07\\\/croma-shampoo-275ml.png\",\"datePublished\":\"2025-07-08T10:20:22+00:00\",\"dateModified\":\"2026-02-10T23:03:37+00:00\",\"breadcrumb\":{\"@id\":\"https:\\\/\\\/glamico.ee\\\/pood\\\/raywell-croma-maintenance-shampoo-275ml\\\/#breadcrumb\"},\"inLanguage\":\"en-US\",\"potentialAction\":[{\"@type\":\"ReadAction\",\"target\":[\"https:\\\/\\\/glamico.ee\\\/pood\\\/raywell-croma-maintenance-shampoo-275ml\\\/\"]}]},{\"@type\":\"ImageObject\",\"inLanguage\":\"en-US\",\"@id\":\"https:\\\/\\\/glamico.ee\\\/pood\\\/raywell-croma-maintenance-shampoo-275ml\\\/#primaryimage\",\"url\":\"https:\\\/\\\/glamico.ee\\\/wp-content\\\/uploads\\\/2025\\\/07\\\/croma-shampoo-275ml.png\",\"contentUrl\":\"https:\\\/\\\/glamico.ee\\\/wp-content\\\/uploads\\\/2025\\\/07\\\/croma-shampoo-275ml.png\",\"width\":1000,\"height\":1000},{\"@type\":\"BreadcrumbList\",\"@id\":\"https:\\\/\\\/glamico.ee\\\/pood\\\/raywell-croma-maintenance-shampoo-275ml\\\/#breadcrumb\",\"itemListElement\":[{\"@type\":\"ListItem\",\"position\":1,\"name\":\"Home\",\"item\":\"https:\\\/\\\/glamico.ee\\\/\"},{\"@type\":\"ListItem\",\"position\":2,\"name\":\"Pood\",\"item\":\"https:\\\/\\\/glamico.ee\\\/pood\\\/\"},{\"@type\":\"ListItem\",\"position\":3,\"name\":\"Raywell Croma v\u00e4rvi kaitsev \u0161ampoon 275ml\"}]},{\"@type\":\"WebSite\",\"@id\":\"https:\\\/\\\/glamico.ee\\\/#website\",\"url\":\"https:\\\/\\\/glamico.ee\\\/\",\"name\":\"Glamico\",\"description\":\"Ilutooted\",\"publisher\":{\"@id\":\"https:\\\/\\\/glamico.ee\\\/#organization\"},\"potentialAction\":[{\"@type\":\"SearchAction\",\"target\":{\"@type\":\"EntryPoint\",\"urlTemplate\":\"https:\\\/\\\/glamico.ee\\\/?s={search_term_string}\"},\"query-input\":{\"@type\":\"PropertyValueSpecification\",\"valueRequired\":true,\"valueName\":\"search_term_string\"}}],\"inLanguage\":\"en-US\"},{\"@type\":\"Organization\",\"@id\":\"https:\\\/\\\/glamico.ee\\\/#organization\",\"name\":\"Glamico Baltics O\u00dc\",\"url\":\"https:\\\/\\\/glamico.ee\\\/\",\"logo\":{\"@type\":\"ImageObject\",\"inLanguage\":\"en-US\",\"@id\":\"https:\\\/\\\/glamico.ee\\\/#\\\/schema\\\/logo\\\/image\\\/\",\"url\":\"https:\\\/\\\/glamico.ee\\\/wp-content\\\/uploads\\\/2025\\\/11\\\/Glamico-1.png\",\"contentUrl\":\"https:\\\/\\\/glamico.ee\\\/wp-content\\\/uploads\\\/2025\\\/11\\\/Glamico-1.png\",\"width\":627,\"height\":400,\"caption\":\"Glamico Baltics O\u00dc\"},\"image\":{\"@id\":\"https:\\\/\\\/glamico.ee\\\/#\\\/schema\\\/logo\\\/image\\\/\"},\"sameAs\":[\"https:\\\/\\\/www.instagram.com\\\/glamico.ee\\\/\"]}]}<\/script>\n<!-- \/ Yoast SEO plugin. -->","yoast_head_json":{"title":"Raywell Croma v\u00e4rvi kaitsev \u0161ampoon 275ml - Glamico","robots":{"index":"index","follow":"follow","max-snippet":"max-snippet:-1","max-image-preview":"max-image-preview:large","max-video-preview":"max-video-preview:-1"},"canonical":"https:\/\/glamico.ee\/en\/pood\/raywell-croma-maintenance-shampoo-275ml\/","og_locale":"en_US","og_type":"article","og_title":"Raywell Croma v\u00e4rvi kaitsev \u0161ampoon 275ml - Glamico","og_description":"RR606  V\u00e4rvi kaitsev \u0161ampoon juustele. Puhastab \u00f5rnalt juukseid ja on ideaalne tagamaks juuksev\u00e4rvi kestvuse pikaks ajaks. T\u00e4nu aktiivainetele lukustab v\u00e4rvi juuksekava ja muudab juuksed pehmeks ja s\u00e4ravaks. pH: 4,0 - 4,5","og_url":"https:\/\/glamico.ee\/en\/pood\/raywell-croma-maintenance-shampoo-275ml\/","og_site_name":"Glamico","article_modified_time":"2026-02-10T23:03:37+00:00","og_image":[{"width":1000,"height":1000,"url":"https:\/\/glamico.ee\/wp-content\/uploads\/2025\/07\/croma-shampoo-275ml.png","type":"image\/png"}],"twitter_card":"summary_large_image","twitter_misc":{"Est. reading time":"1 minute"},"schema":{"@context":"https:\/\/schema.org","@graph":[{"@type":"WebPage","@id":"https:\/\/glamico.ee\/pood\/raywell-croma-maintenance-shampoo-275ml\/","url":"https:\/\/glamico.ee\/pood\/raywell-croma-maintenance-shampoo-275ml\/","name":"Raywell Croma v\u00e4rvi kaitsev \u0161ampoon 275ml - Glamico","isPartOf":{"@id":"https:\/\/glamico.ee\/#website"},"primaryImageOfPage":{"@id":"https:\/\/glamico.ee\/pood\/raywell-croma-maintenance-shampoo-275ml\/#primaryimage"},"image":{"@id":"https:\/\/glamico.ee\/pood\/raywell-croma-maintenance-shampoo-275ml\/#primaryimage"},"thumbnailUrl":"https:\/\/glamico.ee\/wp-content\/uploads\/2025\/07\/croma-shampoo-275ml.png","datePublished":"2025-07-08T10:20:22+00:00","dateModified":"2026-02-10T23:03:37+00:00","breadcrumb":{"@id":"https:\/\/glamico.ee\/pood\/raywell-croma-maintenance-shampoo-275ml\/#breadcrumb"},"inLanguage":"en-US","potentialAction":[{"@type":"ReadAction","target":["https:\/\/glamico.ee\/pood\/raywell-croma-maintenance-shampoo-275ml\/"]}]},{"@type":"ImageObject","inLanguage":"en-US","@id":"https:\/\/glamico.ee\/pood\/raywell-croma-maintenance-shampoo-275ml\/#primaryimage","url":"https:\/\/glamico.ee\/wp-content\/uploads\/2025\/07\/croma-shampoo-275ml.png","contentUrl":"https:\/\/glamico.ee\/wp-content\/uploads\/2025\/07\/croma-shampoo-275ml.png","width":1000,"height":1000},{"@type":"BreadcrumbList","@id":"https:\/\/glamico.ee\/pood\/raywell-croma-maintenance-shampoo-275ml\/#breadcrumb","itemListElement":[{"@type":"ListItem","position":1,"name":"Home","item":"https:\/\/glamico.ee\/"},{"@type":"ListItem","position":2,"name":"Pood","item":"https:\/\/glamico.ee\/pood\/"},{"@type":"ListItem","position":3,"name":"Raywell Croma v\u00e4rvi kaitsev \u0161ampoon 275ml"}]},{"@type":"WebSite","@id":"https:\/\/glamico.ee\/#website","url":"https:\/\/glamico.ee\/","name":"Glamico","description":"Ilutooted","publisher":{"@id":"https:\/\/glamico.ee\/#organization"},"potentialAction":[{"@type":"SearchAction","target":{"@type":"EntryPoint","urlTemplate":"https:\/\/glamico.ee\/?s={search_term_string}"},"query-input":{"@type":"PropertyValueSpecification","valueRequired":true,"valueName":"search_term_string"}}],"inLanguage":"en-US"},{"@type":"Organization","@id":"https:\/\/glamico.ee\/#organization","name":"Glamico Baltics O\u00dc","url":"https:\/\/glamico.ee\/","logo":{"@type":"ImageObject","inLanguage":"en-US","@id":"https:\/\/glamico.ee\/#\/schema\/logo\/image\/","url":"https:\/\/glamico.ee\/wp-content\/uploads\/2025\/11\/Glamico-1.png","contentUrl":"https:\/\/glamico.ee\/wp-content\/uploads\/2025\/11\/Glamico-1.png","width":627,"height":400,"caption":"Glamico Baltics O\u00dc"},"image":{"@id":"https:\/\/glamico.ee\/#\/schema\/logo\/image\/"},"sameAs":["https:\/\/www.instagram.com\/glamico.ee\/"]}]}},"brands":[{"id":90,"name":"Raywell","slug":"raywell"}],"_links":{"self":[{"href":"https:\/\/glamico.ee\/en\/wp-json\/wp\/v2\/product\/1645","targetHints":{"allow":["GET"]}}],"collection":[{"href":"https:\/\/glamico.ee\/en\/wp-json\/wp\/v2\/product"}],"about":[{"href":"https:\/\/glamico.ee\/en\/wp-json\/wp\/v2\/types\/product"}],"version-history":[{"count":3,"href":"https:\/\/glamico.ee\/en\/wp-json\/wp\/v2\/product\/1645\/revisions"}],"predecessor-version":[{"id":1901,"href":"https:\/\/glamico.ee\/en\/wp-json\/wp\/v2\/product\/1645\/revisions\/1901"}],"wp:featuredmedia":[{"embeddable":true,"href":"https:\/\/glamico.ee\/en\/wp-json\/wp\/v2\/media\/2367"}],"wp:attachment":[{"href":"https:\/\/glamico.ee\/en\/wp-json\/wp\/v2\/media?parent=1645"}],"wp:term":[{"taxonomy":"pwb-brand","embeddable":true,"href":"https:\/\/glamico.ee\/en\/wp-json\/wp\/v2\/pwb-brand?post=1645"},{"taxonomy":"product_brand","embeddable":true,"href":"https:\/\/glamico.ee\/en\/wp-json\/wp\/v2\/product_brand?post=1645"},{"taxonomy":"product_cat","embeddable":true,"href":"https:\/\/glamico.ee\/en\/wp-json\/wp\/v2\/product_cat?post=1645"},{"taxonomy":"product_tag","embeddable":true,"href":"https:\/\/glamico.ee\/en\/wp-json\/wp\/v2\/product_tag?post=1645"}],"curies":[{"name":"wp","href":"https:\/\/api.w.org\/{rel}","templated":true}]}}