{"id":1641,"date":"2025-07-08T12:03:57","date_gmt":"2025-07-08T10:03:57","guid":{"rendered":"https:\/\/glamico.ee\/?post_type=product&#038;p=1641"},"modified":"2026-02-03T15:32:49","modified_gmt":"2026-02-03T13:32:49","slug":"raywell-lamellar-shampoo-275ml","status":"publish","type":"product","link":"https:\/\/glamico.ee\/en\/pood\/raywell-lamellar-shampoo-275ml\/","title":{"rendered":"Raywell Lamellar Shampoo 275ml"},"content":{"rendered":"<p>\u00d5rn juukseid siluv \u0161ampoon, mis on valmistatud lamelltehnoloogiaga. See eemaldab mustuse ja annab niiskust, j\u00e4ttes juuksed pehmeks, l\u00e4ikivaks ja kahuvabaks.<\/p>\n<p>Kasutamine:<br \/>\nKandke m\u00e4rgadele juustele, masseerige vahuks ja loputage hoolikalt. Vajadusel korrake. Parimate tulemuste saavutamiseks j\u00e4tkake Lamellar Wateriga.<br \/>\npH: 5,25-5,7<\/p>\n<p>Koostis: aqua (water), sodium c14-16 olefin sulfonate, sodium lauroyl methyl isethionate, glycerin, cocamidopropyl betaine, sodium chloride, sodium lauroyl sarcosinate, phenoxyethanol, parfum<br \/>\n(fragrance), glyceryl oleate, polysorbate 20, coco-glucoside, citric acid, panthenol, tocopheryl<br \/>\nacetate, sodium benzoate, ethylhexylglycerin, potassium sorbate, hydrolyzed vegetable protein pg- propyl silanetriol, hydrolyzed rice protein, ethyltrimonium chloride methacrylate\/hydrolyzed wheat<br \/>\nprotein copolymer, 1,2-hexanediol, sodium hyaluronate, hydroxypropyltrimonium hyaluronate, vitis<br \/>\nvinifera vine sap (vitis vinifera (grape) vine sap), sorbitol, lecithin, xanthan gum, hexamethylindanopyran, linalool, linalyl aceta<\/p>","protected":false},"excerpt":{"rendered":"<p>&nbsp;<\/p>\n<p>&nbsp;<\/p>","protected":false},"featured_media":2323,"template":"","meta":[],"pwb-brand":[90],"product_brand":[],"product_cat":[32],"product_tag":[],"class_list":{"0":"post-1641","1":"product","2":"type-product","3":"status-publish","4":"has-post-thumbnail","6":"pwb-brand-raywell","7":"product_cat-juustele","9":"first","10":"instock","11":"taxable","12":"shipping-taxable","13":"purchasable","14":"product-type-simple"},"yoast_head":"<!-- This site is optimized with the Yoast SEO plugin v27.3 - https:\/\/yoast.com\/product\/yoast-seo-wordpress\/ -->\n<title>Raywell Lamellar Shampoo 275ml - Glamico<\/title>\n<meta name=\"robots\" content=\"index, follow, max-snippet:-1, max-image-preview:large, max-video-preview:-1\" \/>\n<link rel=\"canonical\" href=\"https:\/\/glamico.ee\/en\/pood\/raywell-lamellar-shampoo-275ml\/\" \/>\n<meta property=\"og:locale\" content=\"en_US\" \/>\n<meta property=\"og:type\" content=\"article\" \/>\n<meta property=\"og:title\" content=\"Raywell Lamellar Shampoo 275ml - Glamico\" \/>\n<meta property=\"og:description\" content=\"&nbsp;  &nbsp;\" \/>\n<meta property=\"og:url\" content=\"https:\/\/glamico.ee\/en\/pood\/raywell-lamellar-shampoo-275ml\/\" \/>\n<meta property=\"og:site_name\" content=\"Glamico\" \/>\n<meta property=\"article:modified_time\" content=\"2026-02-03T13:32:49+00:00\" \/>\n<meta property=\"og:image\" content=\"https:\/\/glamico.ee\/wp-content\/uploads\/2025\/07\/lamellar-shampoon-275ml.png\" \/>\n\t<meta property=\"og:image:width\" content=\"1000\" \/>\n\t<meta property=\"og:image:height\" content=\"1000\" \/>\n\t<meta property=\"og:image:type\" content=\"image\/png\" \/>\n<meta name=\"twitter:card\" content=\"summary_large_image\" \/>\n<meta name=\"twitter:label1\" content=\"Est. reading time\" \/>\n\t<meta name=\"twitter:data1\" content=\"1 minute\" \/>\n<script type=\"application\/ld+json\" class=\"yoast-schema-graph\">{\"@context\":\"https:\\\/\\\/schema.org\",\"@graph\":[{\"@type\":\"WebPage\",\"@id\":\"https:\\\/\\\/glamico.ee\\\/pood\\\/raywell-lamellar-shampoo-275ml\\\/\",\"url\":\"https:\\\/\\\/glamico.ee\\\/pood\\\/raywell-lamellar-shampoo-275ml\\\/\",\"name\":\"Raywell Lamellar Shampoo 275ml - Glamico\",\"isPartOf\":{\"@id\":\"https:\\\/\\\/glamico.ee\\\/#website\"},\"primaryImageOfPage\":{\"@id\":\"https:\\\/\\\/glamico.ee\\\/pood\\\/raywell-lamellar-shampoo-275ml\\\/#primaryimage\"},\"image\":{\"@id\":\"https:\\\/\\\/glamico.ee\\\/pood\\\/raywell-lamellar-shampoo-275ml\\\/#primaryimage\"},\"thumbnailUrl\":\"https:\\\/\\\/glamico.ee\\\/wp-content\\\/uploads\\\/2025\\\/07\\\/lamellar-shampoon-275ml.png\",\"datePublished\":\"2025-07-08T10:03:57+00:00\",\"dateModified\":\"2026-02-03T13:32:49+00:00\",\"breadcrumb\":{\"@id\":\"https:\\\/\\\/glamico.ee\\\/pood\\\/raywell-lamellar-shampoo-275ml\\\/#breadcrumb\"},\"inLanguage\":\"en-US\",\"potentialAction\":[{\"@type\":\"ReadAction\",\"target\":[\"https:\\\/\\\/glamico.ee\\\/pood\\\/raywell-lamellar-shampoo-275ml\\\/\"]}]},{\"@type\":\"ImageObject\",\"inLanguage\":\"en-US\",\"@id\":\"https:\\\/\\\/glamico.ee\\\/pood\\\/raywell-lamellar-shampoo-275ml\\\/#primaryimage\",\"url\":\"https:\\\/\\\/glamico.ee\\\/wp-content\\\/uploads\\\/2025\\\/07\\\/lamellar-shampoon-275ml.png\",\"contentUrl\":\"https:\\\/\\\/glamico.ee\\\/wp-content\\\/uploads\\\/2025\\\/07\\\/lamellar-shampoon-275ml.png\",\"width\":1000,\"height\":1000},{\"@type\":\"BreadcrumbList\",\"@id\":\"https:\\\/\\\/glamico.ee\\\/pood\\\/raywell-lamellar-shampoo-275ml\\\/#breadcrumb\",\"itemListElement\":[{\"@type\":\"ListItem\",\"position\":1,\"name\":\"Home\",\"item\":\"https:\\\/\\\/glamico.ee\\\/\"},{\"@type\":\"ListItem\",\"position\":2,\"name\":\"Pood\",\"item\":\"https:\\\/\\\/glamico.ee\\\/pood\\\/\"},{\"@type\":\"ListItem\",\"position\":3,\"name\":\"Raywell Lamellar Shampoo 275ml\"}]},{\"@type\":\"WebSite\",\"@id\":\"https:\\\/\\\/glamico.ee\\\/#website\",\"url\":\"https:\\\/\\\/glamico.ee\\\/\",\"name\":\"Glamico\",\"description\":\"Ilutooted\",\"publisher\":{\"@id\":\"https:\\\/\\\/glamico.ee\\\/#organization\"},\"potentialAction\":[{\"@type\":\"SearchAction\",\"target\":{\"@type\":\"EntryPoint\",\"urlTemplate\":\"https:\\\/\\\/glamico.ee\\\/?s={search_term_string}\"},\"query-input\":{\"@type\":\"PropertyValueSpecification\",\"valueRequired\":true,\"valueName\":\"search_term_string\"}}],\"inLanguage\":\"en-US\"},{\"@type\":\"Organization\",\"@id\":\"https:\\\/\\\/glamico.ee\\\/#organization\",\"name\":\"Glamico Baltics O\u00dc\",\"url\":\"https:\\\/\\\/glamico.ee\\\/\",\"logo\":{\"@type\":\"ImageObject\",\"inLanguage\":\"en-US\",\"@id\":\"https:\\\/\\\/glamico.ee\\\/#\\\/schema\\\/logo\\\/image\\\/\",\"url\":\"https:\\\/\\\/glamico.ee\\\/wp-content\\\/uploads\\\/2025\\\/11\\\/Glamico-1.png\",\"contentUrl\":\"https:\\\/\\\/glamico.ee\\\/wp-content\\\/uploads\\\/2025\\\/11\\\/Glamico-1.png\",\"width\":627,\"height\":400,\"caption\":\"Glamico Baltics O\u00dc\"},\"image\":{\"@id\":\"https:\\\/\\\/glamico.ee\\\/#\\\/schema\\\/logo\\\/image\\\/\"},\"sameAs\":[\"https:\\\/\\\/www.instagram.com\\\/glamico.ee\\\/\"]}]}<\/script>\n<!-- \/ Yoast SEO plugin. -->","yoast_head_json":{"title":"Raywell Lamellar Shampoo 275ml - Glamico","robots":{"index":"index","follow":"follow","max-snippet":"max-snippet:-1","max-image-preview":"max-image-preview:large","max-video-preview":"max-video-preview:-1"},"canonical":"https:\/\/glamico.ee\/en\/pood\/raywell-lamellar-shampoo-275ml\/","og_locale":"en_US","og_type":"article","og_title":"Raywell Lamellar Shampoo 275ml - Glamico","og_description":"&nbsp;  &nbsp;","og_url":"https:\/\/glamico.ee\/en\/pood\/raywell-lamellar-shampoo-275ml\/","og_site_name":"Glamico","article_modified_time":"2026-02-03T13:32:49+00:00","og_image":[{"width":1000,"height":1000,"url":"https:\/\/glamico.ee\/wp-content\/uploads\/2025\/07\/lamellar-shampoon-275ml.png","type":"image\/png"}],"twitter_card":"summary_large_image","twitter_misc":{"Est. reading time":"1 minute"},"schema":{"@context":"https:\/\/schema.org","@graph":[{"@type":"WebPage","@id":"https:\/\/glamico.ee\/pood\/raywell-lamellar-shampoo-275ml\/","url":"https:\/\/glamico.ee\/pood\/raywell-lamellar-shampoo-275ml\/","name":"Raywell Lamellar Shampoo 275ml - Glamico","isPartOf":{"@id":"https:\/\/glamico.ee\/#website"},"primaryImageOfPage":{"@id":"https:\/\/glamico.ee\/pood\/raywell-lamellar-shampoo-275ml\/#primaryimage"},"image":{"@id":"https:\/\/glamico.ee\/pood\/raywell-lamellar-shampoo-275ml\/#primaryimage"},"thumbnailUrl":"https:\/\/glamico.ee\/wp-content\/uploads\/2025\/07\/lamellar-shampoon-275ml.png","datePublished":"2025-07-08T10:03:57+00:00","dateModified":"2026-02-03T13:32:49+00:00","breadcrumb":{"@id":"https:\/\/glamico.ee\/pood\/raywell-lamellar-shampoo-275ml\/#breadcrumb"},"inLanguage":"en-US","potentialAction":[{"@type":"ReadAction","target":["https:\/\/glamico.ee\/pood\/raywell-lamellar-shampoo-275ml\/"]}]},{"@type":"ImageObject","inLanguage":"en-US","@id":"https:\/\/glamico.ee\/pood\/raywell-lamellar-shampoo-275ml\/#primaryimage","url":"https:\/\/glamico.ee\/wp-content\/uploads\/2025\/07\/lamellar-shampoon-275ml.png","contentUrl":"https:\/\/glamico.ee\/wp-content\/uploads\/2025\/07\/lamellar-shampoon-275ml.png","width":1000,"height":1000},{"@type":"BreadcrumbList","@id":"https:\/\/glamico.ee\/pood\/raywell-lamellar-shampoo-275ml\/#breadcrumb","itemListElement":[{"@type":"ListItem","position":1,"name":"Home","item":"https:\/\/glamico.ee\/"},{"@type":"ListItem","position":2,"name":"Pood","item":"https:\/\/glamico.ee\/pood\/"},{"@type":"ListItem","position":3,"name":"Raywell Lamellar Shampoo 275ml"}]},{"@type":"WebSite","@id":"https:\/\/glamico.ee\/#website","url":"https:\/\/glamico.ee\/","name":"Glamico","description":"Ilutooted","publisher":{"@id":"https:\/\/glamico.ee\/#organization"},"potentialAction":[{"@type":"SearchAction","target":{"@type":"EntryPoint","urlTemplate":"https:\/\/glamico.ee\/?s={search_term_string}"},"query-input":{"@type":"PropertyValueSpecification","valueRequired":true,"valueName":"search_term_string"}}],"inLanguage":"en-US"},{"@type":"Organization","@id":"https:\/\/glamico.ee\/#organization","name":"Glamico Baltics O\u00dc","url":"https:\/\/glamico.ee\/","logo":{"@type":"ImageObject","inLanguage":"en-US","@id":"https:\/\/glamico.ee\/#\/schema\/logo\/image\/","url":"https:\/\/glamico.ee\/wp-content\/uploads\/2025\/11\/Glamico-1.png","contentUrl":"https:\/\/glamico.ee\/wp-content\/uploads\/2025\/11\/Glamico-1.png","width":627,"height":400,"caption":"Glamico Baltics O\u00dc"},"image":{"@id":"https:\/\/glamico.ee\/#\/schema\/logo\/image\/"},"sameAs":["https:\/\/www.instagram.com\/glamico.ee\/"]}]}},"brands":[{"id":90,"name":"Raywell","slug":"raywell"}],"_links":{"self":[{"href":"https:\/\/glamico.ee\/en\/wp-json\/wp\/v2\/product\/1641","targetHints":{"allow":["GET"]}}],"collection":[{"href":"https:\/\/glamico.ee\/en\/wp-json\/wp\/v2\/product"}],"about":[{"href":"https:\/\/glamico.ee\/en\/wp-json\/wp\/v2\/types\/product"}],"version-history":[{"count":2,"href":"https:\/\/glamico.ee\/en\/wp-json\/wp\/v2\/product\/1641\/revisions"}],"predecessor-version":[{"id":2127,"href":"https:\/\/glamico.ee\/en\/wp-json\/wp\/v2\/product\/1641\/revisions\/2127"}],"wp:featuredmedia":[{"embeddable":true,"href":"https:\/\/glamico.ee\/en\/wp-json\/wp\/v2\/media\/2323"}],"wp:attachment":[{"href":"https:\/\/glamico.ee\/en\/wp-json\/wp\/v2\/media?parent=1641"}],"wp:term":[{"taxonomy":"pwb-brand","embeddable":true,"href":"https:\/\/glamico.ee\/en\/wp-json\/wp\/v2\/pwb-brand?post=1641"},{"taxonomy":"product_brand","embeddable":true,"href":"https:\/\/glamico.ee\/en\/wp-json\/wp\/v2\/product_brand?post=1641"},{"taxonomy":"product_cat","embeddable":true,"href":"https:\/\/glamico.ee\/en\/wp-json\/wp\/v2\/product_cat?post=1641"},{"taxonomy":"product_tag","embeddable":true,"href":"https:\/\/glamico.ee\/en\/wp-json\/wp\/v2\/product_tag?post=1641"}],"curies":[{"name":"wp","href":"https:\/\/api.w.org\/{rel}","templated":true}]}}