{"id":1637,"date":"2025-07-07T12:12:32","date_gmt":"2025-07-07T10:12:32","guid":{"rendered":"https:\/\/glamico.ee\/?post_type=product&#038;p=1637"},"modified":"2026-01-27T10:32:54","modified_gmt":"2026-01-27T08:32:54","slug":"raywell-lamellar-thermo-shimmer-200ml","status":"publish","type":"product","link":"https:\/\/glamico.ee\/en\/pood\/raywell-lamellar-thermo-shimmer-200ml\/","title":{"rendered":"Raywell Lamellar Thermo Shimmer 200ml"},"content":{"rendered":"<p>Termoaktiivne sprei, mis t\u00e4nu oma toimeainetele loob juuste \u00fcmber kaitsekihi ning annab niiskusvastase ja antistaatilise efekti. See annab pehmuse ja s\u00e4ra, kuumt\u00f6\u00f6deldes aktiveerib juuste kaitsekihi ja lukustab niiskuse juuksekarva. Tulemuseks siledad ja siidised juuksed.<\/p>\n<p>Kasutamine: Pihustage niisketele v\u00f5i kuivadele juustele ja j\u00e4tkake kuumt\u00f6\u00f6tlusega.<br \/>\npH: 3,30 &#8211; 4<\/p>","protected":false},"excerpt":{"rendered":"<p>Termoaktiivne sprei, mis t\u00e4nu oma toimeainetele loob juuste \u00fcmber kaitsekihi ning annab niiskusvastase ja antistaatilise efekti. See annab pehmuse ja s\u00e4ra, kuumt\u00f6\u00f6deldes aktiveerib juuste kaitsekihi ja lukustab niiskuse juuksekarva. Tulemuseks siledad ja siidised juuksed. Kasutamine: Pihustage niisketele v\u00f5i kuivadele juustele ja j\u00e4tkake kuumt\u00f6\u00f6tlusega. pH: 3,30 &#8211; 4<\/p>","protected":false},"featured_media":1638,"template":"","meta":[],"pwb-brand":[90],"product_brand":[],"product_cat":[32],"product_tag":[],"class_list":{"0":"post-1637","1":"product","2":"type-product","3":"status-publish","4":"has-post-thumbnail","6":"pwb-brand-raywell","7":"product_cat-juustele","9":"first","10":"instock","11":"taxable","12":"shipping-taxable","13":"purchasable","14":"product-type-simple"},"yoast_head":"<!-- This site is optimized with the Yoast SEO plugin v27.3 - https:\/\/yoast.com\/product\/yoast-seo-wordpress\/ -->\n<title>Raywell Lamellar Thermo Shimmer 200ml - Glamico<\/title>\n<meta name=\"robots\" content=\"index, follow, max-snippet:-1, max-image-preview:large, max-video-preview:-1\" \/>\n<link rel=\"canonical\" href=\"https:\/\/glamico.ee\/en\/pood\/raywell-lamellar-thermo-shimmer-200ml\/\" \/>\n<meta property=\"og:locale\" content=\"en_US\" \/>\n<meta property=\"og:type\" content=\"article\" \/>\n<meta property=\"og:title\" content=\"Raywell Lamellar Thermo Shimmer 200ml - Glamico\" \/>\n<meta property=\"og:description\" content=\"Termoaktiivne sprei, mis t\u00e4nu oma toimeainetele loob juuste \u00fcmber kaitsekihi ning annab niiskusvastase ja antistaatilise efekti. See annab pehmuse ja s\u00e4ra, kuumt\u00f6\u00f6deldes aktiveerib juuste kaitsekihi ja lukustab niiskuse juuksekarva. Tulemuseks siledad ja siidised juuksed. Kasutamine: Pihustage niisketele v\u00f5i kuivadele juustele ja j\u00e4tkake kuumt\u00f6\u00f6tlusega. pH: 3,30 &#8211; 4\" \/>\n<meta property=\"og:url\" content=\"https:\/\/glamico.ee\/en\/pood\/raywell-lamellar-thermo-shimmer-200ml\/\" \/>\n<meta property=\"og:site_name\" content=\"Glamico\" \/>\n<meta property=\"article:modified_time\" content=\"2026-01-27T08:32:54+00:00\" \/>\n<meta property=\"og:image\" content=\"https:\/\/glamico.ee\/wp-content\/uploads\/2025\/07\/Raywell_BIO_Lamellar_thermo-shimmer.webp\" \/>\n\t<meta property=\"og:image:width\" content=\"400\" \/>\n\t<meta property=\"og:image:height\" content=\"400\" \/>\n\t<meta property=\"og:image:type\" content=\"image\/webp\" \/>\n<meta name=\"twitter:card\" content=\"summary_large_image\" \/>\n<meta name=\"twitter:label1\" content=\"Est. reading time\" \/>\n\t<meta name=\"twitter:data1\" content=\"1 minute\" \/>\n<script type=\"application\/ld+json\" class=\"yoast-schema-graph\">{\"@context\":\"https:\\\/\\\/schema.org\",\"@graph\":[{\"@type\":\"WebPage\",\"@id\":\"https:\\\/\\\/glamico.ee\\\/pood\\\/raywell-lamellar-thermo-shimmer-200ml\\\/\",\"url\":\"https:\\\/\\\/glamico.ee\\\/pood\\\/raywell-lamellar-thermo-shimmer-200ml\\\/\",\"name\":\"Raywell Lamellar Thermo Shimmer 200ml - Glamico\",\"isPartOf\":{\"@id\":\"https:\\\/\\\/glamico.ee\\\/#website\"},\"primaryImageOfPage\":{\"@id\":\"https:\\\/\\\/glamico.ee\\\/pood\\\/raywell-lamellar-thermo-shimmer-200ml\\\/#primaryimage\"},\"image\":{\"@id\":\"https:\\\/\\\/glamico.ee\\\/pood\\\/raywell-lamellar-thermo-shimmer-200ml\\\/#primaryimage\"},\"thumbnailUrl\":\"https:\\\/\\\/glamico.ee\\\/wp-content\\\/uploads\\\/2025\\\/07\\\/Raywell_BIO_Lamellar_thermo-shimmer.webp\",\"datePublished\":\"2025-07-07T10:12:32+00:00\",\"dateModified\":\"2026-01-27T08:32:54+00:00\",\"breadcrumb\":{\"@id\":\"https:\\\/\\\/glamico.ee\\\/pood\\\/raywell-lamellar-thermo-shimmer-200ml\\\/#breadcrumb\"},\"inLanguage\":\"en-US\",\"potentialAction\":[{\"@type\":\"ReadAction\",\"target\":[\"https:\\\/\\\/glamico.ee\\\/pood\\\/raywell-lamellar-thermo-shimmer-200ml\\\/\"]}]},{\"@type\":\"ImageObject\",\"inLanguage\":\"en-US\",\"@id\":\"https:\\\/\\\/glamico.ee\\\/pood\\\/raywell-lamellar-thermo-shimmer-200ml\\\/#primaryimage\",\"url\":\"https:\\\/\\\/glamico.ee\\\/wp-content\\\/uploads\\\/2025\\\/07\\\/Raywell_BIO_Lamellar_thermo-shimmer.webp\",\"contentUrl\":\"https:\\\/\\\/glamico.ee\\\/wp-content\\\/uploads\\\/2025\\\/07\\\/Raywell_BIO_Lamellar_thermo-shimmer.webp\",\"width\":400,\"height\":400},{\"@type\":\"BreadcrumbList\",\"@id\":\"https:\\\/\\\/glamico.ee\\\/pood\\\/raywell-lamellar-thermo-shimmer-200ml\\\/#breadcrumb\",\"itemListElement\":[{\"@type\":\"ListItem\",\"position\":1,\"name\":\"Home\",\"item\":\"https:\\\/\\\/glamico.ee\\\/\"},{\"@type\":\"ListItem\",\"position\":2,\"name\":\"Pood\",\"item\":\"https:\\\/\\\/glamico.ee\\\/pood\\\/\"},{\"@type\":\"ListItem\",\"position\":3,\"name\":\"Raywell Lamellar Thermo Shimmer 200ml\"}]},{\"@type\":\"WebSite\",\"@id\":\"https:\\\/\\\/glamico.ee\\\/#website\",\"url\":\"https:\\\/\\\/glamico.ee\\\/\",\"name\":\"Glamico\",\"description\":\"Ilutooted\",\"publisher\":{\"@id\":\"https:\\\/\\\/glamico.ee\\\/#organization\"},\"potentialAction\":[{\"@type\":\"SearchAction\",\"target\":{\"@type\":\"EntryPoint\",\"urlTemplate\":\"https:\\\/\\\/glamico.ee\\\/?s={search_term_string}\"},\"query-input\":{\"@type\":\"PropertyValueSpecification\",\"valueRequired\":true,\"valueName\":\"search_term_string\"}}],\"inLanguage\":\"en-US\"},{\"@type\":\"Organization\",\"@id\":\"https:\\\/\\\/glamico.ee\\\/#organization\",\"name\":\"Glamico Baltics O\u00dc\",\"url\":\"https:\\\/\\\/glamico.ee\\\/\",\"logo\":{\"@type\":\"ImageObject\",\"inLanguage\":\"en-US\",\"@id\":\"https:\\\/\\\/glamico.ee\\\/#\\\/schema\\\/logo\\\/image\\\/\",\"url\":\"https:\\\/\\\/glamico.ee\\\/wp-content\\\/uploads\\\/2025\\\/11\\\/Glamico-1.png\",\"contentUrl\":\"https:\\\/\\\/glamico.ee\\\/wp-content\\\/uploads\\\/2025\\\/11\\\/Glamico-1.png\",\"width\":627,\"height\":400,\"caption\":\"Glamico Baltics O\u00dc\"},\"image\":{\"@id\":\"https:\\\/\\\/glamico.ee\\\/#\\\/schema\\\/logo\\\/image\\\/\"},\"sameAs\":[\"https:\\\/\\\/www.instagram.com\\\/glamico.ee\\\/\"]}]}<\/script>\n<!-- \/ Yoast SEO plugin. -->","yoast_head_json":{"title":"Raywell Lamellar Thermo Shimmer 200ml - Glamico","robots":{"index":"index","follow":"follow","max-snippet":"max-snippet:-1","max-image-preview":"max-image-preview:large","max-video-preview":"max-video-preview:-1"},"canonical":"https:\/\/glamico.ee\/en\/pood\/raywell-lamellar-thermo-shimmer-200ml\/","og_locale":"en_US","og_type":"article","og_title":"Raywell Lamellar Thermo Shimmer 200ml - Glamico","og_description":"Termoaktiivne sprei, mis t\u00e4nu oma toimeainetele loob juuste \u00fcmber kaitsekihi ning annab niiskusvastase ja antistaatilise efekti. See annab pehmuse ja s\u00e4ra, kuumt\u00f6\u00f6deldes aktiveerib juuste kaitsekihi ja lukustab niiskuse juuksekarva. Tulemuseks siledad ja siidised juuksed. Kasutamine: Pihustage niisketele v\u00f5i kuivadele juustele ja j\u00e4tkake kuumt\u00f6\u00f6tlusega. pH: 3,30 &#8211; 4","og_url":"https:\/\/glamico.ee\/en\/pood\/raywell-lamellar-thermo-shimmer-200ml\/","og_site_name":"Glamico","article_modified_time":"2026-01-27T08:32:54+00:00","og_image":[{"width":400,"height":400,"url":"https:\/\/glamico.ee\/wp-content\/uploads\/2025\/07\/Raywell_BIO_Lamellar_thermo-shimmer.webp","type":"image\/webp"}],"twitter_card":"summary_large_image","twitter_misc":{"Est. reading time":"1 minute"},"schema":{"@context":"https:\/\/schema.org","@graph":[{"@type":"WebPage","@id":"https:\/\/glamico.ee\/pood\/raywell-lamellar-thermo-shimmer-200ml\/","url":"https:\/\/glamico.ee\/pood\/raywell-lamellar-thermo-shimmer-200ml\/","name":"Raywell Lamellar Thermo Shimmer 200ml - Glamico","isPartOf":{"@id":"https:\/\/glamico.ee\/#website"},"primaryImageOfPage":{"@id":"https:\/\/glamico.ee\/pood\/raywell-lamellar-thermo-shimmer-200ml\/#primaryimage"},"image":{"@id":"https:\/\/glamico.ee\/pood\/raywell-lamellar-thermo-shimmer-200ml\/#primaryimage"},"thumbnailUrl":"https:\/\/glamico.ee\/wp-content\/uploads\/2025\/07\/Raywell_BIO_Lamellar_thermo-shimmer.webp","datePublished":"2025-07-07T10:12:32+00:00","dateModified":"2026-01-27T08:32:54+00:00","breadcrumb":{"@id":"https:\/\/glamico.ee\/pood\/raywell-lamellar-thermo-shimmer-200ml\/#breadcrumb"},"inLanguage":"en-US","potentialAction":[{"@type":"ReadAction","target":["https:\/\/glamico.ee\/pood\/raywell-lamellar-thermo-shimmer-200ml\/"]}]},{"@type":"ImageObject","inLanguage":"en-US","@id":"https:\/\/glamico.ee\/pood\/raywell-lamellar-thermo-shimmer-200ml\/#primaryimage","url":"https:\/\/glamico.ee\/wp-content\/uploads\/2025\/07\/Raywell_BIO_Lamellar_thermo-shimmer.webp","contentUrl":"https:\/\/glamico.ee\/wp-content\/uploads\/2025\/07\/Raywell_BIO_Lamellar_thermo-shimmer.webp","width":400,"height":400},{"@type":"BreadcrumbList","@id":"https:\/\/glamico.ee\/pood\/raywell-lamellar-thermo-shimmer-200ml\/#breadcrumb","itemListElement":[{"@type":"ListItem","position":1,"name":"Home","item":"https:\/\/glamico.ee\/"},{"@type":"ListItem","position":2,"name":"Pood","item":"https:\/\/glamico.ee\/pood\/"},{"@type":"ListItem","position":3,"name":"Raywell Lamellar Thermo Shimmer 200ml"}]},{"@type":"WebSite","@id":"https:\/\/glamico.ee\/#website","url":"https:\/\/glamico.ee\/","name":"Glamico","description":"Ilutooted","publisher":{"@id":"https:\/\/glamico.ee\/#organization"},"potentialAction":[{"@type":"SearchAction","target":{"@type":"EntryPoint","urlTemplate":"https:\/\/glamico.ee\/?s={search_term_string}"},"query-input":{"@type":"PropertyValueSpecification","valueRequired":true,"valueName":"search_term_string"}}],"inLanguage":"en-US"},{"@type":"Organization","@id":"https:\/\/glamico.ee\/#organization","name":"Glamico Baltics O\u00dc","url":"https:\/\/glamico.ee\/","logo":{"@type":"ImageObject","inLanguage":"en-US","@id":"https:\/\/glamico.ee\/#\/schema\/logo\/image\/","url":"https:\/\/glamico.ee\/wp-content\/uploads\/2025\/11\/Glamico-1.png","contentUrl":"https:\/\/glamico.ee\/wp-content\/uploads\/2025\/11\/Glamico-1.png","width":627,"height":400,"caption":"Glamico Baltics O\u00dc"},"image":{"@id":"https:\/\/glamico.ee\/#\/schema\/logo\/image\/"},"sameAs":["https:\/\/www.instagram.com\/glamico.ee\/"]}]}},"brands":[{"id":90,"name":"Raywell","slug":"raywell"}],"_links":{"self":[{"href":"https:\/\/glamico.ee\/en\/wp-json\/wp\/v2\/product\/1637","targetHints":{"allow":["GET"]}}],"collection":[{"href":"https:\/\/glamico.ee\/en\/wp-json\/wp\/v2\/product"}],"about":[{"href":"https:\/\/glamico.ee\/en\/wp-json\/wp\/v2\/types\/product"}],"version-history":[{"count":2,"href":"https:\/\/glamico.ee\/en\/wp-json\/wp\/v2\/product\/1637\/revisions"}],"predecessor-version":[{"id":2131,"href":"https:\/\/glamico.ee\/en\/wp-json\/wp\/v2\/product\/1637\/revisions\/2131"}],"wp:featuredmedia":[{"embeddable":true,"href":"https:\/\/glamico.ee\/en\/wp-json\/wp\/v2\/media\/1638"}],"wp:attachment":[{"href":"https:\/\/glamico.ee\/en\/wp-json\/wp\/v2\/media?parent=1637"}],"wp:term":[{"taxonomy":"pwb-brand","embeddable":true,"href":"https:\/\/glamico.ee\/en\/wp-json\/wp\/v2\/pwb-brand?post=1637"},{"taxonomy":"product_brand","embeddable":true,"href":"https:\/\/glamico.ee\/en\/wp-json\/wp\/v2\/product_brand?post=1637"},{"taxonomy":"product_cat","embeddable":true,"href":"https:\/\/glamico.ee\/en\/wp-json\/wp\/v2\/product_cat?post=1637"},{"taxonomy":"product_tag","embeddable":true,"href":"https:\/\/glamico.ee\/en\/wp-json\/wp\/v2\/product_tag?post=1637"}],"curies":[{"name":"wp","href":"https:\/\/api.w.org\/{rel}","templated":true}]}}