{"id":1632,"date":"2025-07-07T11:47:49","date_gmt":"2025-07-07T09:47:49","guid":{"rendered":"https:\/\/glamico.ee\/?post_type=product&#038;p=1632"},"modified":"2026-04-09T17:37:03","modified_gmt":"2026-04-09T15:37:03","slug":"raywell-lamellar-9-sec-water-200ml","status":"publish","type":"product","link":"https:\/\/glamico.ee\/en\/pood\/raywell-lamellar-9-sec-water-200ml\/","title":{"rendered":"Raywell Lamellar 9 sec siluv hooldus 200ml"},"content":{"rendered":"","protected":false},"excerpt":{"rendered":"<div class=\"ewa-rteLine\">Vedel juuksehooldusvahend lamelltehnoloogiaga. Annab s\u00e4ra ja pehmuse ilma juukseid raskeks muutmata. Selle kohene toime harutab lahti pusad, silub, lamineerib ja parandab juukseid imelise siidise efekti saavutamiseks.<\/div>\n<div class=\"ewa-rteLine\">pH: 5,50\u20136,0<\/div>\n<div>Kasutamine: Enne kasutamist loksutada. P\u00e4rast \u0161ampooniga pesemist kanda toodet niisketele juustele, keskendudes juuste pikkusele ja otstele. Kammida 9 sekundit ja seej\u00e4rel harutada pusad lahti. 9 sekundi jooksul harutuvad pusad lahti ja juuksed muutuvad siidiseks ja l\u00e4ikivaks. Loputada hoolikalt.<\/div>\n<div>Koostis: propylene glycol, alcohol denat. (alcohol), aqua (water), cetrimonium chloride, myristyl alcohol, glycerin, polysorbate 20, parfum (fragrance), sodium benzoate, tocopheryl acetate, lactic acid, panthenol, potassium sorbate, hydrolyzed vegetable protein pg-propyl silanetriol, ethyltrimonium chloride methacrylate\/hydrolyzed wheat protein copolymer, linum usitatissimum seed oil (linseed (linum usitatissimum) oil), hydrolyzed rice protein, vitis vinifera vine sap (vitis vinifera (grape) vine sap), 1,2- hexanediol, sodium hyaluronate, hydroxypropyltrimonium hyaluronate, sorbitol, lecithin, citric acid, xanthan gum, hexamethylindano<\/div>","protected":false},"featured_media":1635,"template":"","meta":[],"pwb-brand":[90],"product_brand":[],"product_cat":[32],"product_tag":[],"class_list":{"0":"post-1632","1":"product","2":"type-product","3":"status-publish","4":"has-post-thumbnail","6":"pwb-brand-raywell","7":"product_cat-juustele","9":"first","10":"instock","11":"taxable","12":"shipping-taxable","13":"purchasable","14":"product-type-simple"},"yoast_head":"<!-- This site is optimized with the Yoast SEO plugin v27.3 - https:\/\/yoast.com\/product\/yoast-seo-wordpress\/ -->\n<title>Raywell Lamellar 9 sec siluv hooldus 200ml - Glamico<\/title>\n<meta name=\"robots\" content=\"index, follow, max-snippet:-1, max-image-preview:large, max-video-preview:-1\" \/>\n<link rel=\"canonical\" href=\"https:\/\/glamico.ee\/en\/pood\/raywell-lamellar-9-sec-water-200ml\/\" \/>\n<meta property=\"og:locale\" content=\"en_US\" \/>\n<meta property=\"og:type\" content=\"article\" \/>\n<meta property=\"og:title\" content=\"Raywell Lamellar 9 sec siluv hooldus 200ml - Glamico\" \/>\n<meta property=\"og:description\" content=\"Vedel juuksehooldusvahend lamelltehnoloogiaga. Annab s\u00e4ra ja pehmuse ilma juukseid raskeks muutmata. Selle kohene toime harutab lahti pusad, silub, lamineerib ja parandab juukseid imelise siidise efekti saavutamiseks. pH: 5,50\u20136,0 Kasutamine: Enne kasutamist loksutada. P\u00e4rast \u0161ampooniga pesemist kanda toodet niisketele juustele, keskendudes juuste pikkusele ja otstele. Kammida 9 sekundit ja seej\u00e4rel harutada pusad lahti. 9 sekundi jooksul harutuvad pusad lahti ja juuksed muutuvad siidiseks ja l\u00e4ikivaks. Loputada hoolikalt. Koostis: propylene glycol, alcohol denat. (alcohol), aqua (water), cetrimonium chloride, myristyl alcohol, glycerin, polysorbate 20, parfum (fragrance), sodium benzoate, tocopheryl acetate, lactic acid, panthenol, potassium sorbate, hydrolyzed vegetable protein pg-propyl silanetriol, ethyltrimonium chloride methacrylate\/hydrolyzed wheat protein copolymer, linum usitatissimum seed oil (linseed (linum usitatissimum) oil), hydrolyzed rice protein, vitis vinifera vine sap (vitis vinifera (grape) vine sap), 1,2- hexanediol, sodium hyaluronate, hydroxypropyltrimonium hyaluronate, sorbitol, lecithin, citric acid, xanthan gum, hexamethylindano\" \/>\n<meta property=\"og:url\" content=\"https:\/\/glamico.ee\/en\/pood\/raywell-lamellar-9-sec-water-200ml\/\" \/>\n<meta property=\"og:site_name\" content=\"Glamico\" \/>\n<meta property=\"article:modified_time\" content=\"2026-04-09T15:37:03+00:00\" \/>\n<meta property=\"og:image\" content=\"https:\/\/glamico.ee\/wp-content\/uploads\/2025\/07\/LAMELLAR_WATER_200ML_RND-1.webp\" \/>\n\t<meta property=\"og:image:width\" content=\"300\" \/>\n\t<meta property=\"og:image:height\" content=\"507\" \/>\n\t<meta property=\"og:image:type\" content=\"image\/webp\" \/>\n<meta name=\"twitter:card\" content=\"summary_large_image\" \/>\n<meta name=\"twitter:label1\" content=\"Est. reading time\" \/>\n\t<meta name=\"twitter:data1\" content=\"1 minute\" \/>\n<script type=\"application\/ld+json\" class=\"yoast-schema-graph\">{\"@context\":\"https:\\\/\\\/schema.org\",\"@graph\":[{\"@type\":\"WebPage\",\"@id\":\"https:\\\/\\\/glamico.ee\\\/pood\\\/raywell-lamellar-9-sec-water-200ml\\\/\",\"url\":\"https:\\\/\\\/glamico.ee\\\/pood\\\/raywell-lamellar-9-sec-water-200ml\\\/\",\"name\":\"Raywell Lamellar 9 sec siluv hooldus 200ml - Glamico\",\"isPartOf\":{\"@id\":\"https:\\\/\\\/glamico.ee\\\/#website\"},\"primaryImageOfPage\":{\"@id\":\"https:\\\/\\\/glamico.ee\\\/pood\\\/raywell-lamellar-9-sec-water-200ml\\\/#primaryimage\"},\"image\":{\"@id\":\"https:\\\/\\\/glamico.ee\\\/pood\\\/raywell-lamellar-9-sec-water-200ml\\\/#primaryimage\"},\"thumbnailUrl\":\"https:\\\/\\\/glamico.ee\\\/wp-content\\\/uploads\\\/2025\\\/07\\\/LAMELLAR_WATER_200ML_RND-1.webp\",\"datePublished\":\"2025-07-07T09:47:49+00:00\",\"dateModified\":\"2026-04-09T15:37:03+00:00\",\"breadcrumb\":{\"@id\":\"https:\\\/\\\/glamico.ee\\\/pood\\\/raywell-lamellar-9-sec-water-200ml\\\/#breadcrumb\"},\"inLanguage\":\"en-US\",\"potentialAction\":[{\"@type\":\"ReadAction\",\"target\":[\"https:\\\/\\\/glamico.ee\\\/pood\\\/raywell-lamellar-9-sec-water-200ml\\\/\"]}]},{\"@type\":\"ImageObject\",\"inLanguage\":\"en-US\",\"@id\":\"https:\\\/\\\/glamico.ee\\\/pood\\\/raywell-lamellar-9-sec-water-200ml\\\/#primaryimage\",\"url\":\"https:\\\/\\\/glamico.ee\\\/wp-content\\\/uploads\\\/2025\\\/07\\\/LAMELLAR_WATER_200ML_RND-1.webp\",\"contentUrl\":\"https:\\\/\\\/glamico.ee\\\/wp-content\\\/uploads\\\/2025\\\/07\\\/LAMELLAR_WATER_200ML_RND-1.webp\",\"width\":300,\"height\":507},{\"@type\":\"BreadcrumbList\",\"@id\":\"https:\\\/\\\/glamico.ee\\\/pood\\\/raywell-lamellar-9-sec-water-200ml\\\/#breadcrumb\",\"itemListElement\":[{\"@type\":\"ListItem\",\"position\":1,\"name\":\"Home\",\"item\":\"https:\\\/\\\/glamico.ee\\\/\"},{\"@type\":\"ListItem\",\"position\":2,\"name\":\"Pood\",\"item\":\"https:\\\/\\\/glamico.ee\\\/pood\\\/\"},{\"@type\":\"ListItem\",\"position\":3,\"name\":\"Raywell Lamellar 9 sec siluv hooldus 200ml\"}]},{\"@type\":\"WebSite\",\"@id\":\"https:\\\/\\\/glamico.ee\\\/#website\",\"url\":\"https:\\\/\\\/glamico.ee\\\/\",\"name\":\"Glamico\",\"description\":\"Ilutooted\",\"publisher\":{\"@id\":\"https:\\\/\\\/glamico.ee\\\/#organization\"},\"potentialAction\":[{\"@type\":\"SearchAction\",\"target\":{\"@type\":\"EntryPoint\",\"urlTemplate\":\"https:\\\/\\\/glamico.ee\\\/?s={search_term_string}\"},\"query-input\":{\"@type\":\"PropertyValueSpecification\",\"valueRequired\":true,\"valueName\":\"search_term_string\"}}],\"inLanguage\":\"en-US\"},{\"@type\":\"Organization\",\"@id\":\"https:\\\/\\\/glamico.ee\\\/#organization\",\"name\":\"Glamico Baltics O\u00dc\",\"url\":\"https:\\\/\\\/glamico.ee\\\/\",\"logo\":{\"@type\":\"ImageObject\",\"inLanguage\":\"en-US\",\"@id\":\"https:\\\/\\\/glamico.ee\\\/#\\\/schema\\\/logo\\\/image\\\/\",\"url\":\"https:\\\/\\\/glamico.ee\\\/wp-content\\\/uploads\\\/2025\\\/11\\\/Glamico-1.png\",\"contentUrl\":\"https:\\\/\\\/glamico.ee\\\/wp-content\\\/uploads\\\/2025\\\/11\\\/Glamico-1.png\",\"width\":627,\"height\":400,\"caption\":\"Glamico Baltics O\u00dc\"},\"image\":{\"@id\":\"https:\\\/\\\/glamico.ee\\\/#\\\/schema\\\/logo\\\/image\\\/\"},\"sameAs\":[\"https:\\\/\\\/www.instagram.com\\\/glamico.ee\\\/\"]}]}<\/script>\n<!-- \/ Yoast SEO plugin. -->","yoast_head_json":{"title":"Raywell Lamellar 9 sec siluv hooldus 200ml - Glamico","robots":{"index":"index","follow":"follow","max-snippet":"max-snippet:-1","max-image-preview":"max-image-preview:large","max-video-preview":"max-video-preview:-1"},"canonical":"https:\/\/glamico.ee\/en\/pood\/raywell-lamellar-9-sec-water-200ml\/","og_locale":"en_US","og_type":"article","og_title":"Raywell Lamellar 9 sec siluv hooldus 200ml - Glamico","og_description":"Vedel juuksehooldusvahend lamelltehnoloogiaga. Annab s\u00e4ra ja pehmuse ilma juukseid raskeks muutmata. Selle kohene toime harutab lahti pusad, silub, lamineerib ja parandab juukseid imelise siidise efekti saavutamiseks. pH: 5,50\u20136,0 Kasutamine: Enne kasutamist loksutada. P\u00e4rast \u0161ampooniga pesemist kanda toodet niisketele juustele, keskendudes juuste pikkusele ja otstele. Kammida 9 sekundit ja seej\u00e4rel harutada pusad lahti. 9 sekundi jooksul harutuvad pusad lahti ja juuksed muutuvad siidiseks ja l\u00e4ikivaks. Loputada hoolikalt. Koostis: propylene glycol, alcohol denat. (alcohol), aqua (water), cetrimonium chloride, myristyl alcohol, glycerin, polysorbate 20, parfum (fragrance), sodium benzoate, tocopheryl acetate, lactic acid, panthenol, potassium sorbate, hydrolyzed vegetable protein pg-propyl silanetriol, ethyltrimonium chloride methacrylate\/hydrolyzed wheat protein copolymer, linum usitatissimum seed oil (linseed (linum usitatissimum) oil), hydrolyzed rice protein, vitis vinifera vine sap (vitis vinifera (grape) vine sap), 1,2- hexanediol, sodium hyaluronate, hydroxypropyltrimonium hyaluronate, sorbitol, lecithin, citric acid, xanthan gum, hexamethylindano","og_url":"https:\/\/glamico.ee\/en\/pood\/raywell-lamellar-9-sec-water-200ml\/","og_site_name":"Glamico","article_modified_time":"2026-04-09T15:37:03+00:00","og_image":[{"width":300,"height":507,"url":"https:\/\/glamico.ee\/wp-content\/uploads\/2025\/07\/LAMELLAR_WATER_200ML_RND-1.webp","type":"image\/webp"}],"twitter_card":"summary_large_image","twitter_misc":{"Est. reading time":"1 minute"},"schema":{"@context":"https:\/\/schema.org","@graph":[{"@type":"WebPage","@id":"https:\/\/glamico.ee\/pood\/raywell-lamellar-9-sec-water-200ml\/","url":"https:\/\/glamico.ee\/pood\/raywell-lamellar-9-sec-water-200ml\/","name":"Raywell Lamellar 9 sec siluv hooldus 200ml - Glamico","isPartOf":{"@id":"https:\/\/glamico.ee\/#website"},"primaryImageOfPage":{"@id":"https:\/\/glamico.ee\/pood\/raywell-lamellar-9-sec-water-200ml\/#primaryimage"},"image":{"@id":"https:\/\/glamico.ee\/pood\/raywell-lamellar-9-sec-water-200ml\/#primaryimage"},"thumbnailUrl":"https:\/\/glamico.ee\/wp-content\/uploads\/2025\/07\/LAMELLAR_WATER_200ML_RND-1.webp","datePublished":"2025-07-07T09:47:49+00:00","dateModified":"2026-04-09T15:37:03+00:00","breadcrumb":{"@id":"https:\/\/glamico.ee\/pood\/raywell-lamellar-9-sec-water-200ml\/#breadcrumb"},"inLanguage":"en-US","potentialAction":[{"@type":"ReadAction","target":["https:\/\/glamico.ee\/pood\/raywell-lamellar-9-sec-water-200ml\/"]}]},{"@type":"ImageObject","inLanguage":"en-US","@id":"https:\/\/glamico.ee\/pood\/raywell-lamellar-9-sec-water-200ml\/#primaryimage","url":"https:\/\/glamico.ee\/wp-content\/uploads\/2025\/07\/LAMELLAR_WATER_200ML_RND-1.webp","contentUrl":"https:\/\/glamico.ee\/wp-content\/uploads\/2025\/07\/LAMELLAR_WATER_200ML_RND-1.webp","width":300,"height":507},{"@type":"BreadcrumbList","@id":"https:\/\/glamico.ee\/pood\/raywell-lamellar-9-sec-water-200ml\/#breadcrumb","itemListElement":[{"@type":"ListItem","position":1,"name":"Home","item":"https:\/\/glamico.ee\/"},{"@type":"ListItem","position":2,"name":"Pood","item":"https:\/\/glamico.ee\/pood\/"},{"@type":"ListItem","position":3,"name":"Raywell Lamellar 9 sec siluv hooldus 200ml"}]},{"@type":"WebSite","@id":"https:\/\/glamico.ee\/#website","url":"https:\/\/glamico.ee\/","name":"Glamico","description":"Ilutooted","publisher":{"@id":"https:\/\/glamico.ee\/#organization"},"potentialAction":[{"@type":"SearchAction","target":{"@type":"EntryPoint","urlTemplate":"https:\/\/glamico.ee\/?s={search_term_string}"},"query-input":{"@type":"PropertyValueSpecification","valueRequired":true,"valueName":"search_term_string"}}],"inLanguage":"en-US"},{"@type":"Organization","@id":"https:\/\/glamico.ee\/#organization","name":"Glamico Baltics O\u00dc","url":"https:\/\/glamico.ee\/","logo":{"@type":"ImageObject","inLanguage":"en-US","@id":"https:\/\/glamico.ee\/#\/schema\/logo\/image\/","url":"https:\/\/glamico.ee\/wp-content\/uploads\/2025\/11\/Glamico-1.png","contentUrl":"https:\/\/glamico.ee\/wp-content\/uploads\/2025\/11\/Glamico-1.png","width":627,"height":400,"caption":"Glamico Baltics O\u00dc"},"image":{"@id":"https:\/\/glamico.ee\/#\/schema\/logo\/image\/"},"sameAs":["https:\/\/www.instagram.com\/glamico.ee\/"]}]}},"brands":[{"id":90,"name":"Raywell","slug":"raywell"}],"_links":{"self":[{"href":"https:\/\/glamico.ee\/en\/wp-json\/wp\/v2\/product\/1632","targetHints":{"allow":["GET"]}}],"collection":[{"href":"https:\/\/glamico.ee\/en\/wp-json\/wp\/v2\/product"}],"about":[{"href":"https:\/\/glamico.ee\/en\/wp-json\/wp\/v2\/types\/product"}],"version-history":[{"count":3,"href":"https:\/\/glamico.ee\/en\/wp-json\/wp\/v2\/product\/1632\/revisions"}],"predecessor-version":[{"id":1932,"href":"https:\/\/glamico.ee\/en\/wp-json\/wp\/v2\/product\/1632\/revisions\/1932"}],"wp:featuredmedia":[{"embeddable":true,"href":"https:\/\/glamico.ee\/en\/wp-json\/wp\/v2\/media\/1635"}],"wp:attachment":[{"href":"https:\/\/glamico.ee\/en\/wp-json\/wp\/v2\/media?parent=1632"}],"wp:term":[{"taxonomy":"pwb-brand","embeddable":true,"href":"https:\/\/glamico.ee\/en\/wp-json\/wp\/v2\/pwb-brand?post=1632"},{"taxonomy":"product_brand","embeddable":true,"href":"https:\/\/glamico.ee\/en\/wp-json\/wp\/v2\/product_brand?post=1632"},{"taxonomy":"product_cat","embeddable":true,"href":"https:\/\/glamico.ee\/en\/wp-json\/wp\/v2\/product_cat?post=1632"},{"taxonomy":"product_tag","embeddable":true,"href":"https:\/\/glamico.ee\/en\/wp-json\/wp\/v2\/product_tag?post=1632"}],"curies":[{"name":"wp","href":"https:\/\/api.w.org\/{rel}","templated":true}]}}