{"id":1524,"date":"2024-08-07T14:02:37","date_gmt":"2024-08-07T12:02:37","guid":{"rendered":"https:\/\/glamico.ee\/?post_type=product&#038;p=1524"},"modified":"2025-12-21T11:34:29","modified_gmt":"2025-12-21T09:34:29","slug":"arkana-bioactive-face-toner-200ml","status":"publish","type":"product","link":"https:\/\/glamico.ee\/en\/pood\/arkana-bioactive-face-toner-200ml\/","title":{"rendered":"Arkana Bioactive Face Toner 200ml"},"content":{"rendered":"<p>Universaalne bioaktiivainetega puhastustoonik, mis sobib k\u00f5ikidele nahat\u00fc\u00fcpidele. Reguleerib naha niiskus- ja taastab naha happe-aluse tasakaalu. Suurendab j\u00e4rgnevate toimeainete imendumist nahka. Ei m\u00f5juta naha kaitsebarj\u00e4\u00e4ri. Aitab blokeerida sinist valgust ja radiatsiooni. Kaitseb rakke kahjustuste eest, Sobib kokku k\u00f5ikide Arkana toodetega. L\u00f5hnavaba. Sisaldab 3% bioaktiivseid toimeaineid: 12 erinevat aminohapet, pantenooli, taimset gl\u00fctseriini, h\u00fclauroonhapet.<\/p>\n<p>Kasutamine: Kanna nahale vatiga p\u00e4rast puhastuspiima. Sobib ka silmakompressideks.<\/p>\n<p>Olulised toimeained: Citystem\u2122 kompleks, aminohapete kompleks, h\u00fcaluroonhape, pantenool, gl\u00fctseriin<\/p>\n<p>Koostisosad: Aqua, Glycerin, Propylene Glycol, Peg-7 Glyceryl Cocoate, Panthenol, Peg-75 Lanolin,Marrubium Vulgare Extract , Sodium Hyaluronat e, Urea, Sodium PCA, Sodium Lactate, Arginine, Asparic Acid,PCA, Glycine, Alanine, Serine, Valine, Proline, Threonine, Isoleucine, Histidine, Phenylalanine, Ethylhexyl Stearate, Sodium Hyaluronate Crosspolymer, Polyglyceryl-4 Diisost earate\/Polyhydroxystearate\/Sebacate, Sodium Isostearate, Citric Acid, Phenoxyethanol, Ethylhexylglycerin, Dehydroacetic Acid, Benzyl Alcohol<\/p>","protected":false},"excerpt":{"rendered":"<p><strong>Bioaktiivsete ainetega puhastustoonik<\/strong><\/p>\n<p>Universaalne bioaktiivainetega puhastustoonik reguleerib naha niiskus- ja taastab naha happe-aluse tasakaalu. Suurendab j\u00e4rgnevate toimeainete imendumist nahka. Ei m\u00f5juta naha kaitsebarj\u00e4\u00e4ri. L\u00f5hnavaba.<\/p>\n<p>Millistele nahamuredele sobib: diabeetiline nahk, elastsuse kadu, fotovananemine, hapnikuvaene nahk\/ tuhm nahk, h\u00fcdrolipiidbarj\u00e4\u00e4ri kahjustused (sh \u00e4rritus, kuivus), ketendus, kooruv ja \/ v\u00f5i pragunev nahk, kortsud\/ joonekesed, niiskusvaesus, pinnakuivus, p\u00e4rast dermokosmeetilisi protseduure, stressis nahk<\/p>","protected":false},"featured_media":1525,"template":"","meta":[],"pwb-brand":[88],"product_brand":[],"product_cat":[30],"product_tag":[],"class_list":{"0":"post-1524","1":"product","2":"type-product","3":"status-publish","4":"has-post-thumbnail","6":"pwb-brand-arkana","7":"product_cat-nagu","9":"first","10":"instock","11":"taxable","12":"shipping-taxable","13":"purchasable","14":"product-type-simple"},"yoast_head":"<!-- This site is optimized with the Yoast SEO plugin v27.3 - https:\/\/yoast.com\/product\/yoast-seo-wordpress\/ -->\n<title>Arkana Bioactive Face Toner 200ml - Glamico<\/title>\n<meta name=\"robots\" content=\"index, follow, max-snippet:-1, max-image-preview:large, max-video-preview:-1\" \/>\n<link rel=\"canonical\" href=\"https:\/\/glamico.ee\/en\/pood\/arkana-bioactive-face-toner-200ml\/\" \/>\n<meta property=\"og:locale\" content=\"en_US\" \/>\n<meta property=\"og:type\" content=\"article\" \/>\n<meta property=\"og:title\" content=\"Arkana Bioactive Face Toner 200ml - Glamico\" \/>\n<meta property=\"og:description\" content=\"Bioaktiivsete ainetega puhastustoonik  Universaalne bioaktiivainetega puhastustoonik reguleerib naha niiskus- ja taastab naha happe-aluse tasakaalu. Suurendab j\u00e4rgnevate toimeainete imendumist nahka. Ei m\u00f5juta naha kaitsebarj\u00e4\u00e4ri. L\u00f5hnavaba.  Millistele nahamuredele sobib: diabeetiline nahk, elastsuse kadu, fotovananemine, hapnikuvaene nahk\/ tuhm nahk, h\u00fcdrolipiidbarj\u00e4\u00e4ri kahjustused (sh \u00e4rritus, kuivus), ketendus, kooruv ja \/ v\u00f5i pragunev nahk, kortsud\/ joonekesed, niiskusvaesus, pinnakuivus, p\u00e4rast dermokosmeetilisi protseduure, stressis nahk\" \/>\n<meta property=\"og:url\" content=\"https:\/\/glamico.ee\/en\/pood\/arkana-bioactive-face-toner-200ml\/\" \/>\n<meta property=\"og:site_name\" content=\"Glamico\" \/>\n<meta property=\"article:modified_time\" content=\"2025-12-21T09:34:29+00:00\" \/>\n<meta property=\"og:image\" content=\"https:\/\/glamico.ee\/wp-content\/uploads\/2024\/08\/Arkana-Bioactive-Face-Toner-200ml_web.png\" \/>\n\t<meta property=\"og:image:width\" content=\"750\" \/>\n\t<meta property=\"og:image:height\" content=\"750\" \/>\n\t<meta property=\"og:image:type\" content=\"image\/png\" \/>\n<meta name=\"twitter:card\" content=\"summary_large_image\" \/>\n<meta name=\"twitter:label1\" content=\"Est. reading time\" \/>\n\t<meta name=\"twitter:data1\" content=\"1 minute\" \/>\n<script type=\"application\/ld+json\" class=\"yoast-schema-graph\">{\"@context\":\"https:\\\/\\\/schema.org\",\"@graph\":[{\"@type\":\"WebPage\",\"@id\":\"https:\\\/\\\/glamico.ee\\\/pood\\\/arkana-bioactive-face-toner-200ml\\\/\",\"url\":\"https:\\\/\\\/glamico.ee\\\/pood\\\/arkana-bioactive-face-toner-200ml\\\/\",\"name\":\"Arkana Bioactive Face Toner 200ml - Glamico\",\"isPartOf\":{\"@id\":\"https:\\\/\\\/glamico.ee\\\/#website\"},\"primaryImageOfPage\":{\"@id\":\"https:\\\/\\\/glamico.ee\\\/pood\\\/arkana-bioactive-face-toner-200ml\\\/#primaryimage\"},\"image\":{\"@id\":\"https:\\\/\\\/glamico.ee\\\/pood\\\/arkana-bioactive-face-toner-200ml\\\/#primaryimage\"},\"thumbnailUrl\":\"https:\\\/\\\/glamico.ee\\\/wp-content\\\/uploads\\\/2024\\\/08\\\/Arkana-Bioactive-Face-Toner-200ml_web.png\",\"datePublished\":\"2024-08-07T12:02:37+00:00\",\"dateModified\":\"2025-12-21T09:34:29+00:00\",\"breadcrumb\":{\"@id\":\"https:\\\/\\\/glamico.ee\\\/pood\\\/arkana-bioactive-face-toner-200ml\\\/#breadcrumb\"},\"inLanguage\":\"en-US\",\"potentialAction\":[{\"@type\":\"ReadAction\",\"target\":[\"https:\\\/\\\/glamico.ee\\\/pood\\\/arkana-bioactive-face-toner-200ml\\\/\"]}]},{\"@type\":\"ImageObject\",\"inLanguage\":\"en-US\",\"@id\":\"https:\\\/\\\/glamico.ee\\\/pood\\\/arkana-bioactive-face-toner-200ml\\\/#primaryimage\",\"url\":\"https:\\\/\\\/glamico.ee\\\/wp-content\\\/uploads\\\/2024\\\/08\\\/Arkana-Bioactive-Face-Toner-200ml_web.png\",\"contentUrl\":\"https:\\\/\\\/glamico.ee\\\/wp-content\\\/uploads\\\/2024\\\/08\\\/Arkana-Bioactive-Face-Toner-200ml_web.png\",\"width\":750,\"height\":750},{\"@type\":\"BreadcrumbList\",\"@id\":\"https:\\\/\\\/glamico.ee\\\/pood\\\/arkana-bioactive-face-toner-200ml\\\/#breadcrumb\",\"itemListElement\":[{\"@type\":\"ListItem\",\"position\":1,\"name\":\"Home\",\"item\":\"https:\\\/\\\/glamico.ee\\\/\"},{\"@type\":\"ListItem\",\"position\":2,\"name\":\"Pood\",\"item\":\"https:\\\/\\\/glamico.ee\\\/pood\\\/\"},{\"@type\":\"ListItem\",\"position\":3,\"name\":\"Arkana Bioactive Face Toner 200ml\"}]},{\"@type\":\"WebSite\",\"@id\":\"https:\\\/\\\/glamico.ee\\\/#website\",\"url\":\"https:\\\/\\\/glamico.ee\\\/\",\"name\":\"Glamico\",\"description\":\"Ilutooted\",\"publisher\":{\"@id\":\"https:\\\/\\\/glamico.ee\\\/#organization\"},\"potentialAction\":[{\"@type\":\"SearchAction\",\"target\":{\"@type\":\"EntryPoint\",\"urlTemplate\":\"https:\\\/\\\/glamico.ee\\\/?s={search_term_string}\"},\"query-input\":{\"@type\":\"PropertyValueSpecification\",\"valueRequired\":true,\"valueName\":\"search_term_string\"}}],\"inLanguage\":\"en-US\"},{\"@type\":\"Organization\",\"@id\":\"https:\\\/\\\/glamico.ee\\\/#organization\",\"name\":\"Glamico Baltics O\u00dc\",\"url\":\"https:\\\/\\\/glamico.ee\\\/\",\"logo\":{\"@type\":\"ImageObject\",\"inLanguage\":\"en-US\",\"@id\":\"https:\\\/\\\/glamico.ee\\\/#\\\/schema\\\/logo\\\/image\\\/\",\"url\":\"https:\\\/\\\/glamico.ee\\\/wp-content\\\/uploads\\\/2025\\\/11\\\/Glamico-1.png\",\"contentUrl\":\"https:\\\/\\\/glamico.ee\\\/wp-content\\\/uploads\\\/2025\\\/11\\\/Glamico-1.png\",\"width\":627,\"height\":400,\"caption\":\"Glamico Baltics O\u00dc\"},\"image\":{\"@id\":\"https:\\\/\\\/glamico.ee\\\/#\\\/schema\\\/logo\\\/image\\\/\"},\"sameAs\":[\"https:\\\/\\\/www.instagram.com\\\/glamico.ee\\\/\"]}]}<\/script>\n<!-- \/ Yoast SEO plugin. -->","yoast_head_json":{"title":"Arkana Bioactive Face Toner 200ml - Glamico","robots":{"index":"index","follow":"follow","max-snippet":"max-snippet:-1","max-image-preview":"max-image-preview:large","max-video-preview":"max-video-preview:-1"},"canonical":"https:\/\/glamico.ee\/en\/pood\/arkana-bioactive-face-toner-200ml\/","og_locale":"en_US","og_type":"article","og_title":"Arkana Bioactive Face Toner 200ml - Glamico","og_description":"Bioaktiivsete ainetega puhastustoonik  Universaalne bioaktiivainetega puhastustoonik reguleerib naha niiskus- ja taastab naha happe-aluse tasakaalu. Suurendab j\u00e4rgnevate toimeainete imendumist nahka. Ei m\u00f5juta naha kaitsebarj\u00e4\u00e4ri. L\u00f5hnavaba.  Millistele nahamuredele sobib: diabeetiline nahk, elastsuse kadu, fotovananemine, hapnikuvaene nahk\/ tuhm nahk, h\u00fcdrolipiidbarj\u00e4\u00e4ri kahjustused (sh \u00e4rritus, kuivus), ketendus, kooruv ja \/ v\u00f5i pragunev nahk, kortsud\/ joonekesed, niiskusvaesus, pinnakuivus, p\u00e4rast dermokosmeetilisi protseduure, stressis nahk","og_url":"https:\/\/glamico.ee\/en\/pood\/arkana-bioactive-face-toner-200ml\/","og_site_name":"Glamico","article_modified_time":"2025-12-21T09:34:29+00:00","og_image":[{"width":750,"height":750,"url":"https:\/\/glamico.ee\/wp-content\/uploads\/2024\/08\/Arkana-Bioactive-Face-Toner-200ml_web.png","type":"image\/png"}],"twitter_card":"summary_large_image","twitter_misc":{"Est. reading time":"1 minute"},"schema":{"@context":"https:\/\/schema.org","@graph":[{"@type":"WebPage","@id":"https:\/\/glamico.ee\/pood\/arkana-bioactive-face-toner-200ml\/","url":"https:\/\/glamico.ee\/pood\/arkana-bioactive-face-toner-200ml\/","name":"Arkana Bioactive Face Toner 200ml - Glamico","isPartOf":{"@id":"https:\/\/glamico.ee\/#website"},"primaryImageOfPage":{"@id":"https:\/\/glamico.ee\/pood\/arkana-bioactive-face-toner-200ml\/#primaryimage"},"image":{"@id":"https:\/\/glamico.ee\/pood\/arkana-bioactive-face-toner-200ml\/#primaryimage"},"thumbnailUrl":"https:\/\/glamico.ee\/wp-content\/uploads\/2024\/08\/Arkana-Bioactive-Face-Toner-200ml_web.png","datePublished":"2024-08-07T12:02:37+00:00","dateModified":"2025-12-21T09:34:29+00:00","breadcrumb":{"@id":"https:\/\/glamico.ee\/pood\/arkana-bioactive-face-toner-200ml\/#breadcrumb"},"inLanguage":"en-US","potentialAction":[{"@type":"ReadAction","target":["https:\/\/glamico.ee\/pood\/arkana-bioactive-face-toner-200ml\/"]}]},{"@type":"ImageObject","inLanguage":"en-US","@id":"https:\/\/glamico.ee\/pood\/arkana-bioactive-face-toner-200ml\/#primaryimage","url":"https:\/\/glamico.ee\/wp-content\/uploads\/2024\/08\/Arkana-Bioactive-Face-Toner-200ml_web.png","contentUrl":"https:\/\/glamico.ee\/wp-content\/uploads\/2024\/08\/Arkana-Bioactive-Face-Toner-200ml_web.png","width":750,"height":750},{"@type":"BreadcrumbList","@id":"https:\/\/glamico.ee\/pood\/arkana-bioactive-face-toner-200ml\/#breadcrumb","itemListElement":[{"@type":"ListItem","position":1,"name":"Home","item":"https:\/\/glamico.ee\/"},{"@type":"ListItem","position":2,"name":"Pood","item":"https:\/\/glamico.ee\/pood\/"},{"@type":"ListItem","position":3,"name":"Arkana Bioactive Face Toner 200ml"}]},{"@type":"WebSite","@id":"https:\/\/glamico.ee\/#website","url":"https:\/\/glamico.ee\/","name":"Glamico","description":"Ilutooted","publisher":{"@id":"https:\/\/glamico.ee\/#organization"},"potentialAction":[{"@type":"SearchAction","target":{"@type":"EntryPoint","urlTemplate":"https:\/\/glamico.ee\/?s={search_term_string}"},"query-input":{"@type":"PropertyValueSpecification","valueRequired":true,"valueName":"search_term_string"}}],"inLanguage":"en-US"},{"@type":"Organization","@id":"https:\/\/glamico.ee\/#organization","name":"Glamico Baltics O\u00dc","url":"https:\/\/glamico.ee\/","logo":{"@type":"ImageObject","inLanguage":"en-US","@id":"https:\/\/glamico.ee\/#\/schema\/logo\/image\/","url":"https:\/\/glamico.ee\/wp-content\/uploads\/2025\/11\/Glamico-1.png","contentUrl":"https:\/\/glamico.ee\/wp-content\/uploads\/2025\/11\/Glamico-1.png","width":627,"height":400,"caption":"Glamico Baltics O\u00dc"},"image":{"@id":"https:\/\/glamico.ee\/#\/schema\/logo\/image\/"},"sameAs":["https:\/\/www.instagram.com\/glamico.ee\/"]}]}},"brands":[{"id":88,"name":"Arkana","slug":"arkana"}],"_links":{"self":[{"href":"https:\/\/glamico.ee\/en\/wp-json\/wp\/v2\/product\/1524","targetHints":{"allow":["GET"]}}],"collection":[{"href":"https:\/\/glamico.ee\/en\/wp-json\/wp\/v2\/product"}],"about":[{"href":"https:\/\/glamico.ee\/en\/wp-json\/wp\/v2\/types\/product"}],"version-history":[{"count":0,"href":"https:\/\/glamico.ee\/en\/wp-json\/wp\/v2\/product\/1524\/revisions"}],"wp:featuredmedia":[{"embeddable":true,"href":"https:\/\/glamico.ee\/en\/wp-json\/wp\/v2\/media\/1525"}],"wp:attachment":[{"href":"https:\/\/glamico.ee\/en\/wp-json\/wp\/v2\/media?parent=1524"}],"wp:term":[{"taxonomy":"pwb-brand","embeddable":true,"href":"https:\/\/glamico.ee\/en\/wp-json\/wp\/v2\/pwb-brand?post=1524"},{"taxonomy":"product_brand","embeddable":true,"href":"https:\/\/glamico.ee\/en\/wp-json\/wp\/v2\/product_brand?post=1524"},{"taxonomy":"product_cat","embeddable":true,"href":"https:\/\/glamico.ee\/en\/wp-json\/wp\/v2\/product_cat?post=1524"},{"taxonomy":"product_tag","embeddable":true,"href":"https:\/\/glamico.ee\/en\/wp-json\/wp\/v2\/product_tag?post=1524"}],"curies":[{"name":"wp","href":"https:\/\/api.w.org\/{rel}","templated":true}]}}