{"id":1521,"date":"2024-08-07T13:52:18","date_gmt":"2024-08-07T11:52:18","guid":{"rendered":"https:\/\/glamico.ee\/?post_type=product&#038;p=1521"},"modified":"2024-08-07T13:52:18","modified_gmt":"2024-08-07T11:52:18","slug":"arkana-a-qs-hacker-toner-200ml","status":"publish","type":"product","link":"https:\/\/glamico.ee\/en\/pood\/arkana-a-qs-hacker-toner-200ml\/","title":{"rendered":"Arkana A-QS Hacker Toner 200ml"},"content":{"rendered":"<p>Puhastustoonik rasusele, kombineeritud ja\/ v\u00f5i probleemsele nahale. Sisaldab 4% aktiivaineid: naturaalset betaiini (tugev niisutaja), tsinki, gl\u00fctserooli, \u0161ikiim- ja salits\u00fc\u00fclhapet. Muudab naha pH madalamaks ja valmistab naha ette j\u00e4rgnevate toimeainete paremaks imendumiseks. Annab nahale mati v\u00e4ljan\u00e4gemise. Toimeained p\u00e4rsivad rasu sekretsiooni, bakterite kasvu, v\u00e4hendavad p\u00f5letikku ning \u00e4rritust.<\/p>\n<p>Kasuta naha puhastuseks hommikul ja \u00f5htul p\u00e4rast Acne Out puhastusgeeli. Kanna v\u00e4ike kogus vatipadjale ja puhasta nahk.<\/p>\n<p>Olulised koostisosad: Quora Noni PRCF, \u0161ikiimhape,<\/p>\n<p>Koostis: Aqua, Glycerin, Betaine, Shikimic Acid, Morinda Citrifolia Callus Culture Lysate, PEG-40 Hydrogenated Castor Oil, Benzyl Alcohol, Dehydroacetic Acid, Tetrasodium Glutamate Diacetate, Citric Acid, Parfum, Geraniol, Linalool, Citronellol, Hexyl Cinnamal, Limonene<\/p>\n<p>&nbsp;<\/p>","protected":false},"excerpt":{"rendered":"<p>Puhastustooniku toimeained p\u00e4rsivad rasu sekretsiooni, bakterite kasvu, v\u00e4hendavad p\u00f5letikku ning \u00e4rritust.<\/p>\n<p>Sobib nahamurede korral: akne\/ p\u00f5letikud, laienenud poorid, rasu tootmise reguleerimine, seborrea, t\u00e4iskasvanu akne, ummistunud poorid (mustpead\/ valgepead)<\/p>","protected":false},"featured_media":1522,"template":"","meta":[],"pwb-brand":[88],"product_brand":[],"product_cat":[30],"product_tag":[],"class_list":{"0":"post-1521","1":"product","2":"type-product","3":"status-publish","4":"has-post-thumbnail","6":"pwb-brand-arkana","7":"product_cat-nagu","9":"first","10":"instock","11":"taxable","12":"shipping-taxable","13":"purchasable","14":"product-type-simple"},"yoast_head":"<!-- This site is optimized with the Yoast SEO plugin v27.3 - https:\/\/yoast.com\/product\/yoast-seo-wordpress\/ -->\n<title>Arkana A-QS Hacker Toner 200ml - Glamico<\/title>\n<meta name=\"robots\" content=\"index, follow, max-snippet:-1, max-image-preview:large, max-video-preview:-1\" \/>\n<link rel=\"canonical\" href=\"https:\/\/glamico.ee\/en\/pood\/arkana-a-qs-hacker-toner-200ml\/\" \/>\n<meta property=\"og:locale\" content=\"en_US\" \/>\n<meta property=\"og:type\" content=\"article\" \/>\n<meta property=\"og:title\" content=\"Arkana A-QS Hacker Toner 200ml - Glamico\" \/>\n<meta property=\"og:description\" content=\"Puhastustooniku toimeained p\u00e4rsivad rasu sekretsiooni, bakterite kasvu, v\u00e4hendavad p\u00f5letikku ning \u00e4rritust.  Sobib nahamurede korral: akne\/ p\u00f5letikud, laienenud poorid, rasu tootmise reguleerimine, seborrea, t\u00e4iskasvanu akne, ummistunud poorid (mustpead\/ valgepead)\" \/>\n<meta property=\"og:url\" content=\"https:\/\/glamico.ee\/en\/pood\/arkana-a-qs-hacker-toner-200ml\/\" \/>\n<meta property=\"og:site_name\" content=\"Glamico\" \/>\n<meta property=\"og:image\" content=\"https:\/\/glamico.ee\/wp-content\/uploads\/2024\/08\/61023-A-QS-Hacker-Toner-200-ml.png\" \/>\n\t<meta property=\"og:image:width\" content=\"750\" \/>\n\t<meta property=\"og:image:height\" content=\"750\" \/>\n\t<meta property=\"og:image:type\" content=\"image\/png\" \/>\n<meta name=\"twitter:card\" content=\"summary_large_image\" \/>\n<meta name=\"twitter:label1\" content=\"Est. reading time\" \/>\n\t<meta name=\"twitter:data1\" content=\"1 minute\" \/>\n<script type=\"application\/ld+json\" class=\"yoast-schema-graph\">{\"@context\":\"https:\\\/\\\/schema.org\",\"@graph\":[{\"@type\":\"WebPage\",\"@id\":\"https:\\\/\\\/glamico.ee\\\/pood\\\/arkana-a-qs-hacker-toner-200ml\\\/\",\"url\":\"https:\\\/\\\/glamico.ee\\\/pood\\\/arkana-a-qs-hacker-toner-200ml\\\/\",\"name\":\"Arkana A-QS Hacker Toner 200ml - Glamico\",\"isPartOf\":{\"@id\":\"https:\\\/\\\/glamico.ee\\\/#website\"},\"primaryImageOfPage\":{\"@id\":\"https:\\\/\\\/glamico.ee\\\/pood\\\/arkana-a-qs-hacker-toner-200ml\\\/#primaryimage\"},\"image\":{\"@id\":\"https:\\\/\\\/glamico.ee\\\/pood\\\/arkana-a-qs-hacker-toner-200ml\\\/#primaryimage\"},\"thumbnailUrl\":\"https:\\\/\\\/glamico.ee\\\/wp-content\\\/uploads\\\/2024\\\/08\\\/61023-A-QS-Hacker-Toner-200-ml.png\",\"datePublished\":\"2024-08-07T11:52:18+00:00\",\"breadcrumb\":{\"@id\":\"https:\\\/\\\/glamico.ee\\\/pood\\\/arkana-a-qs-hacker-toner-200ml\\\/#breadcrumb\"},\"inLanguage\":\"en-US\",\"potentialAction\":[{\"@type\":\"ReadAction\",\"target\":[\"https:\\\/\\\/glamico.ee\\\/pood\\\/arkana-a-qs-hacker-toner-200ml\\\/\"]}]},{\"@type\":\"ImageObject\",\"inLanguage\":\"en-US\",\"@id\":\"https:\\\/\\\/glamico.ee\\\/pood\\\/arkana-a-qs-hacker-toner-200ml\\\/#primaryimage\",\"url\":\"https:\\\/\\\/glamico.ee\\\/wp-content\\\/uploads\\\/2024\\\/08\\\/61023-A-QS-Hacker-Toner-200-ml.png\",\"contentUrl\":\"https:\\\/\\\/glamico.ee\\\/wp-content\\\/uploads\\\/2024\\\/08\\\/61023-A-QS-Hacker-Toner-200-ml.png\",\"width\":750,\"height\":750},{\"@type\":\"BreadcrumbList\",\"@id\":\"https:\\\/\\\/glamico.ee\\\/pood\\\/arkana-a-qs-hacker-toner-200ml\\\/#breadcrumb\",\"itemListElement\":[{\"@type\":\"ListItem\",\"position\":1,\"name\":\"Home\",\"item\":\"https:\\\/\\\/glamico.ee\\\/\"},{\"@type\":\"ListItem\",\"position\":2,\"name\":\"Pood\",\"item\":\"https:\\\/\\\/glamico.ee\\\/pood\\\/\"},{\"@type\":\"ListItem\",\"position\":3,\"name\":\"Arkana A-QS Hacker Toner 200ml\"}]},{\"@type\":\"WebSite\",\"@id\":\"https:\\\/\\\/glamico.ee\\\/#website\",\"url\":\"https:\\\/\\\/glamico.ee\\\/\",\"name\":\"Glamico\",\"description\":\"Ilutooted\",\"publisher\":{\"@id\":\"https:\\\/\\\/glamico.ee\\\/#organization\"},\"potentialAction\":[{\"@type\":\"SearchAction\",\"target\":{\"@type\":\"EntryPoint\",\"urlTemplate\":\"https:\\\/\\\/glamico.ee\\\/?s={search_term_string}\"},\"query-input\":{\"@type\":\"PropertyValueSpecification\",\"valueRequired\":true,\"valueName\":\"search_term_string\"}}],\"inLanguage\":\"en-US\"},{\"@type\":\"Organization\",\"@id\":\"https:\\\/\\\/glamico.ee\\\/#organization\",\"name\":\"Glamico Baltics O\u00dc\",\"url\":\"https:\\\/\\\/glamico.ee\\\/\",\"logo\":{\"@type\":\"ImageObject\",\"inLanguage\":\"en-US\",\"@id\":\"https:\\\/\\\/glamico.ee\\\/#\\\/schema\\\/logo\\\/image\\\/\",\"url\":\"https:\\\/\\\/glamico.ee\\\/wp-content\\\/uploads\\\/2025\\\/11\\\/Glamico-1.png\",\"contentUrl\":\"https:\\\/\\\/glamico.ee\\\/wp-content\\\/uploads\\\/2025\\\/11\\\/Glamico-1.png\",\"width\":627,\"height\":400,\"caption\":\"Glamico Baltics O\u00dc\"},\"image\":{\"@id\":\"https:\\\/\\\/glamico.ee\\\/#\\\/schema\\\/logo\\\/image\\\/\"},\"sameAs\":[\"https:\\\/\\\/www.instagram.com\\\/glamico.ee\\\/\"]}]}<\/script>\n<!-- \/ Yoast SEO plugin. -->","yoast_head_json":{"title":"Arkana A-QS Hacker Toner 200ml - Glamico","robots":{"index":"index","follow":"follow","max-snippet":"max-snippet:-1","max-image-preview":"max-image-preview:large","max-video-preview":"max-video-preview:-1"},"canonical":"https:\/\/glamico.ee\/en\/pood\/arkana-a-qs-hacker-toner-200ml\/","og_locale":"en_US","og_type":"article","og_title":"Arkana A-QS Hacker Toner 200ml - Glamico","og_description":"Puhastustooniku toimeained p\u00e4rsivad rasu sekretsiooni, bakterite kasvu, v\u00e4hendavad p\u00f5letikku ning \u00e4rritust.  Sobib nahamurede korral: akne\/ p\u00f5letikud, laienenud poorid, rasu tootmise reguleerimine, seborrea, t\u00e4iskasvanu akne, ummistunud poorid (mustpead\/ valgepead)","og_url":"https:\/\/glamico.ee\/en\/pood\/arkana-a-qs-hacker-toner-200ml\/","og_site_name":"Glamico","og_image":[{"width":750,"height":750,"url":"https:\/\/glamico.ee\/wp-content\/uploads\/2024\/08\/61023-A-QS-Hacker-Toner-200-ml.png","type":"image\/png"}],"twitter_card":"summary_large_image","twitter_misc":{"Est. reading time":"1 minute"},"schema":{"@context":"https:\/\/schema.org","@graph":[{"@type":"WebPage","@id":"https:\/\/glamico.ee\/pood\/arkana-a-qs-hacker-toner-200ml\/","url":"https:\/\/glamico.ee\/pood\/arkana-a-qs-hacker-toner-200ml\/","name":"Arkana A-QS Hacker Toner 200ml - Glamico","isPartOf":{"@id":"https:\/\/glamico.ee\/#website"},"primaryImageOfPage":{"@id":"https:\/\/glamico.ee\/pood\/arkana-a-qs-hacker-toner-200ml\/#primaryimage"},"image":{"@id":"https:\/\/glamico.ee\/pood\/arkana-a-qs-hacker-toner-200ml\/#primaryimage"},"thumbnailUrl":"https:\/\/glamico.ee\/wp-content\/uploads\/2024\/08\/61023-A-QS-Hacker-Toner-200-ml.png","datePublished":"2024-08-07T11:52:18+00:00","breadcrumb":{"@id":"https:\/\/glamico.ee\/pood\/arkana-a-qs-hacker-toner-200ml\/#breadcrumb"},"inLanguage":"en-US","potentialAction":[{"@type":"ReadAction","target":["https:\/\/glamico.ee\/pood\/arkana-a-qs-hacker-toner-200ml\/"]}]},{"@type":"ImageObject","inLanguage":"en-US","@id":"https:\/\/glamico.ee\/pood\/arkana-a-qs-hacker-toner-200ml\/#primaryimage","url":"https:\/\/glamico.ee\/wp-content\/uploads\/2024\/08\/61023-A-QS-Hacker-Toner-200-ml.png","contentUrl":"https:\/\/glamico.ee\/wp-content\/uploads\/2024\/08\/61023-A-QS-Hacker-Toner-200-ml.png","width":750,"height":750},{"@type":"BreadcrumbList","@id":"https:\/\/glamico.ee\/pood\/arkana-a-qs-hacker-toner-200ml\/#breadcrumb","itemListElement":[{"@type":"ListItem","position":1,"name":"Home","item":"https:\/\/glamico.ee\/"},{"@type":"ListItem","position":2,"name":"Pood","item":"https:\/\/glamico.ee\/pood\/"},{"@type":"ListItem","position":3,"name":"Arkana A-QS Hacker Toner 200ml"}]},{"@type":"WebSite","@id":"https:\/\/glamico.ee\/#website","url":"https:\/\/glamico.ee\/","name":"Glamico","description":"Ilutooted","publisher":{"@id":"https:\/\/glamico.ee\/#organization"},"potentialAction":[{"@type":"SearchAction","target":{"@type":"EntryPoint","urlTemplate":"https:\/\/glamico.ee\/?s={search_term_string}"},"query-input":{"@type":"PropertyValueSpecification","valueRequired":true,"valueName":"search_term_string"}}],"inLanguage":"en-US"},{"@type":"Organization","@id":"https:\/\/glamico.ee\/#organization","name":"Glamico Baltics O\u00dc","url":"https:\/\/glamico.ee\/","logo":{"@type":"ImageObject","inLanguage":"en-US","@id":"https:\/\/glamico.ee\/#\/schema\/logo\/image\/","url":"https:\/\/glamico.ee\/wp-content\/uploads\/2025\/11\/Glamico-1.png","contentUrl":"https:\/\/glamico.ee\/wp-content\/uploads\/2025\/11\/Glamico-1.png","width":627,"height":400,"caption":"Glamico Baltics O\u00dc"},"image":{"@id":"https:\/\/glamico.ee\/#\/schema\/logo\/image\/"},"sameAs":["https:\/\/www.instagram.com\/glamico.ee\/"]}]}},"brands":[{"id":88,"name":"Arkana","slug":"arkana"}],"_links":{"self":[{"href":"https:\/\/glamico.ee\/en\/wp-json\/wp\/v2\/product\/1521","targetHints":{"allow":["GET"]}}],"collection":[{"href":"https:\/\/glamico.ee\/en\/wp-json\/wp\/v2\/product"}],"about":[{"href":"https:\/\/glamico.ee\/en\/wp-json\/wp\/v2\/types\/product"}],"version-history":[{"count":0,"href":"https:\/\/glamico.ee\/en\/wp-json\/wp\/v2\/product\/1521\/revisions"}],"wp:featuredmedia":[{"embeddable":true,"href":"https:\/\/glamico.ee\/en\/wp-json\/wp\/v2\/media\/1522"}],"wp:attachment":[{"href":"https:\/\/glamico.ee\/en\/wp-json\/wp\/v2\/media?parent=1521"}],"wp:term":[{"taxonomy":"pwb-brand","embeddable":true,"href":"https:\/\/glamico.ee\/en\/wp-json\/wp\/v2\/pwb-brand?post=1521"},{"taxonomy":"product_brand","embeddable":true,"href":"https:\/\/glamico.ee\/en\/wp-json\/wp\/v2\/product_brand?post=1521"},{"taxonomy":"product_cat","embeddable":true,"href":"https:\/\/glamico.ee\/en\/wp-json\/wp\/v2\/product_cat?post=1521"},{"taxonomy":"product_tag","embeddable":true,"href":"https:\/\/glamico.ee\/en\/wp-json\/wp\/v2\/product_tag?post=1521"}],"curies":[{"name":"wp","href":"https:\/\/api.w.org\/{rel}","templated":true}]}}