{"id":1433,"date":"2024-05-21T07:53:44","date_gmt":"2024-05-21T05:53:44","guid":{"rendered":"https:\/\/glamico.ee\/?post_type=product&#038;p=1433"},"modified":"2024-05-21T07:53:44","modified_gmt":"2024-05-21T05:53:44","slug":"milk_shake-integrity-incredible-oil-50ml","status":"publish","type":"product","link":"https:\/\/glamico.ee\/en\/pood\/milk_shake-integrity-incredible-oil-50ml\/","title":{"rendered":"Milk_Shake Integrity Incredible Oil 50ml"},"content":{"rendered":"<p>Aktiivained: orgaaniline argaania\u00f5li, sheav\u00f5i estrid, orgaanilne murumuruv\u00f5i, E-vitamiin.<\/p>\n<p>Kasutamine: pihusta \u00fchtlaselt puhastesse r\u00e4tikukuivadesse juustesse ja kammi l\u00e4bi. \u00c4ra loputa! F\u00f6\u00f6nita ja viimistle soeng soovitud viisil. Kasuta kuivades juustes ,et lisada l\u00e4iget, muuta juuksed kergelt k\u00e4sitletavamaks ja tuua v\u00e4lja v\u00e4rvin\u00fcansid.<\/p>\n<p>Koostis: Cyclopentasiloxane, Dimethicone, C12-15 Alkyl Benzoate, Amodimethicone, Argania Spinosa Kernel Oil, Astrocaryum Murumuru Seed Butter, Tocopherol, Shea Butter Ethyl Esters, Parfum (Fragrance), CI 47000 (Yellow 11), CI 26100 (Red 17), CI 60725 (Violet 2), CI 61565 (Green 6).<\/p>","protected":false},"excerpt":{"rendered":"<p>Parandav ja kaitsev \u00f5li kahjustatud juustele ja l\u00f5henevatele juukseotstele<\/p>\n<p>Parandav ja kaitsev \u00f5li moodustab juukse pinnale kaitsva kihi, mis kaitseb f\u00f6\u00f6nitamisel, sirgendamisel ja muudel termot\u00f6\u00f6tlusviisidel tekkivate kahjustuste ja teiste n\u00f5rgendavate stressifaktorite eest. Toidab, muudab juuksed kergelt kammitavaks ja ennetab pusade tekkimist, silub juuste pealispinna ning katkised juukseotsad ja ennetab nende tekkimmise, muudab juuksed l\u00e4ikivaks, kergelt k\u00e4sitletavaks ja kohevaks.<\/p>","protected":false},"featured_media":1434,"template":"","meta":[],"pwb-brand":[86],"product_brand":[],"product_cat":[32],"product_tag":[],"class_list":{"0":"post-1433","1":"product","2":"type-product","3":"status-publish","4":"has-post-thumbnail","6":"pwb-brand-milk_shake","7":"product_cat-juustele","9":"first","10":"instock","11":"taxable","12":"shipping-taxable","13":"purchasable","14":"product-type-simple"},"yoast_head":"<!-- This site is optimized with the Yoast SEO plugin v27.3 - https:\/\/yoast.com\/product\/yoast-seo-wordpress\/ -->\n<title>Milk_Shake Integrity Incredible Oil 50ml - Glamico<\/title>\n<meta name=\"robots\" content=\"index, follow, max-snippet:-1, max-image-preview:large, max-video-preview:-1\" \/>\n<link rel=\"canonical\" href=\"https:\/\/glamico.ee\/en\/pood\/milk_shake-integrity-incredible-oil-50ml\/\" \/>\n<meta property=\"og:locale\" content=\"en_US\" \/>\n<meta property=\"og:type\" content=\"article\" \/>\n<meta property=\"og:title\" content=\"Milk_Shake Integrity Incredible Oil 50ml - Glamico\" \/>\n<meta property=\"og:description\" content=\"Parandav ja kaitsev \u00f5li kahjustatud juustele ja l\u00f5henevatele juukseotstele  Parandav ja kaitsev \u00f5li moodustab juukse pinnale kaitsva kihi, mis kaitseb f\u00f6\u00f6nitamisel, sirgendamisel ja muudel termot\u00f6\u00f6tlusviisidel tekkivate kahjustuste ja teiste n\u00f5rgendavate stressifaktorite eest. Toidab, muudab juuksed kergelt kammitavaks ja ennetab pusade tekkimist, silub juuste pealispinna ning katkised juukseotsad ja ennetab nende tekkimmise, muudab juuksed l\u00e4ikivaks, kergelt k\u00e4sitletavaks ja kohevaks.\" \/>\n<meta property=\"og:url\" content=\"https:\/\/glamico.ee\/en\/pood\/milk_shake-integrity-incredible-oil-50ml\/\" \/>\n<meta property=\"og:site_name\" content=\"Glamico\" \/>\n<meta property=\"og:image\" content=\"https:\/\/glamico.ee\/wp-content\/uploads\/2024\/05\/incredible-oil-50ml-1024x1024.png\" \/>\n\t<meta property=\"og:image:width\" content=\"1024\" \/>\n\t<meta property=\"og:image:height\" content=\"1024\" \/>\n\t<meta property=\"og:image:type\" content=\"image\/png\" \/>\n<meta name=\"twitter:card\" content=\"summary_large_image\" \/>\n<script type=\"application\/ld+json\" class=\"yoast-schema-graph\">{\"@context\":\"https:\\\/\\\/schema.org\",\"@graph\":[{\"@type\":\"WebPage\",\"@id\":\"https:\\\/\\\/glamico.ee\\\/pood\\\/milk_shake-integrity-incredible-oil-50ml\\\/\",\"url\":\"https:\\\/\\\/glamico.ee\\\/pood\\\/milk_shake-integrity-incredible-oil-50ml\\\/\",\"name\":\"Milk_Shake Integrity Incredible Oil 50ml - Glamico\",\"isPartOf\":{\"@id\":\"https:\\\/\\\/glamico.ee\\\/#website\"},\"primaryImageOfPage\":{\"@id\":\"https:\\\/\\\/glamico.ee\\\/pood\\\/milk_shake-integrity-incredible-oil-50ml\\\/#primaryimage\"},\"image\":{\"@id\":\"https:\\\/\\\/glamico.ee\\\/pood\\\/milk_shake-integrity-incredible-oil-50ml\\\/#primaryimage\"},\"thumbnailUrl\":\"https:\\\/\\\/glamico.ee\\\/wp-content\\\/uploads\\\/2024\\\/05\\\/incredible-oil-50ml.png\",\"datePublished\":\"2024-05-21T05:53:44+00:00\",\"breadcrumb\":{\"@id\":\"https:\\\/\\\/glamico.ee\\\/pood\\\/milk_shake-integrity-incredible-oil-50ml\\\/#breadcrumb\"},\"inLanguage\":\"en-US\",\"potentialAction\":[{\"@type\":\"ReadAction\",\"target\":[\"https:\\\/\\\/glamico.ee\\\/pood\\\/milk_shake-integrity-incredible-oil-50ml\\\/\"]}]},{\"@type\":\"ImageObject\",\"inLanguage\":\"en-US\",\"@id\":\"https:\\\/\\\/glamico.ee\\\/pood\\\/milk_shake-integrity-incredible-oil-50ml\\\/#primaryimage\",\"url\":\"https:\\\/\\\/glamico.ee\\\/wp-content\\\/uploads\\\/2024\\\/05\\\/incredible-oil-50ml.png\",\"contentUrl\":\"https:\\\/\\\/glamico.ee\\\/wp-content\\\/uploads\\\/2024\\\/05\\\/incredible-oil-50ml.png\",\"width\":1600,\"height\":1600},{\"@type\":\"BreadcrumbList\",\"@id\":\"https:\\\/\\\/glamico.ee\\\/pood\\\/milk_shake-integrity-incredible-oil-50ml\\\/#breadcrumb\",\"itemListElement\":[{\"@type\":\"ListItem\",\"position\":1,\"name\":\"Home\",\"item\":\"https:\\\/\\\/glamico.ee\\\/\"},{\"@type\":\"ListItem\",\"position\":2,\"name\":\"Pood\",\"item\":\"https:\\\/\\\/glamico.ee\\\/pood\\\/\"},{\"@type\":\"ListItem\",\"position\":3,\"name\":\"Milk_Shake Integrity Incredible Oil 50ml\"}]},{\"@type\":\"WebSite\",\"@id\":\"https:\\\/\\\/glamico.ee\\\/#website\",\"url\":\"https:\\\/\\\/glamico.ee\\\/\",\"name\":\"Glamico\",\"description\":\"Ilutooted\",\"publisher\":{\"@id\":\"https:\\\/\\\/glamico.ee\\\/#organization\"},\"potentialAction\":[{\"@type\":\"SearchAction\",\"target\":{\"@type\":\"EntryPoint\",\"urlTemplate\":\"https:\\\/\\\/glamico.ee\\\/?s={search_term_string}\"},\"query-input\":{\"@type\":\"PropertyValueSpecification\",\"valueRequired\":true,\"valueName\":\"search_term_string\"}}],\"inLanguage\":\"en-US\"},{\"@type\":\"Organization\",\"@id\":\"https:\\\/\\\/glamico.ee\\\/#organization\",\"name\":\"Glamico Baltics O\u00dc\",\"url\":\"https:\\\/\\\/glamico.ee\\\/\",\"logo\":{\"@type\":\"ImageObject\",\"inLanguage\":\"en-US\",\"@id\":\"https:\\\/\\\/glamico.ee\\\/#\\\/schema\\\/logo\\\/image\\\/\",\"url\":\"https:\\\/\\\/glamico.ee\\\/wp-content\\\/uploads\\\/2025\\\/11\\\/Glamico-1.png\",\"contentUrl\":\"https:\\\/\\\/glamico.ee\\\/wp-content\\\/uploads\\\/2025\\\/11\\\/Glamico-1.png\",\"width\":627,\"height\":400,\"caption\":\"Glamico Baltics O\u00dc\"},\"image\":{\"@id\":\"https:\\\/\\\/glamico.ee\\\/#\\\/schema\\\/logo\\\/image\\\/\"},\"sameAs\":[\"https:\\\/\\\/www.instagram.com\\\/glamico.ee\\\/\"]}]}<\/script>\n<!-- \/ Yoast SEO plugin. -->","yoast_head_json":{"title":"Milk_Shake Integrity Incredible Oil 50ml - Glamico","robots":{"index":"index","follow":"follow","max-snippet":"max-snippet:-1","max-image-preview":"max-image-preview:large","max-video-preview":"max-video-preview:-1"},"canonical":"https:\/\/glamico.ee\/en\/pood\/milk_shake-integrity-incredible-oil-50ml\/","og_locale":"en_US","og_type":"article","og_title":"Milk_Shake Integrity Incredible Oil 50ml - Glamico","og_description":"Parandav ja kaitsev \u00f5li kahjustatud juustele ja l\u00f5henevatele juukseotstele  Parandav ja kaitsev \u00f5li moodustab juukse pinnale kaitsva kihi, mis kaitseb f\u00f6\u00f6nitamisel, sirgendamisel ja muudel termot\u00f6\u00f6tlusviisidel tekkivate kahjustuste ja teiste n\u00f5rgendavate stressifaktorite eest. Toidab, muudab juuksed kergelt kammitavaks ja ennetab pusade tekkimist, silub juuste pealispinna ning katkised juukseotsad ja ennetab nende tekkimmise, muudab juuksed l\u00e4ikivaks, kergelt k\u00e4sitletavaks ja kohevaks.","og_url":"https:\/\/glamico.ee\/en\/pood\/milk_shake-integrity-incredible-oil-50ml\/","og_site_name":"Glamico","og_image":[{"width":1024,"height":1024,"url":"https:\/\/glamico.ee\/wp-content\/uploads\/2024\/05\/incredible-oil-50ml-1024x1024.png","type":"image\/png"}],"twitter_card":"summary_large_image","schema":{"@context":"https:\/\/schema.org","@graph":[{"@type":"WebPage","@id":"https:\/\/glamico.ee\/pood\/milk_shake-integrity-incredible-oil-50ml\/","url":"https:\/\/glamico.ee\/pood\/milk_shake-integrity-incredible-oil-50ml\/","name":"Milk_Shake Integrity Incredible Oil 50ml - Glamico","isPartOf":{"@id":"https:\/\/glamico.ee\/#website"},"primaryImageOfPage":{"@id":"https:\/\/glamico.ee\/pood\/milk_shake-integrity-incredible-oil-50ml\/#primaryimage"},"image":{"@id":"https:\/\/glamico.ee\/pood\/milk_shake-integrity-incredible-oil-50ml\/#primaryimage"},"thumbnailUrl":"https:\/\/glamico.ee\/wp-content\/uploads\/2024\/05\/incredible-oil-50ml.png","datePublished":"2024-05-21T05:53:44+00:00","breadcrumb":{"@id":"https:\/\/glamico.ee\/pood\/milk_shake-integrity-incredible-oil-50ml\/#breadcrumb"},"inLanguage":"en-US","potentialAction":[{"@type":"ReadAction","target":["https:\/\/glamico.ee\/pood\/milk_shake-integrity-incredible-oil-50ml\/"]}]},{"@type":"ImageObject","inLanguage":"en-US","@id":"https:\/\/glamico.ee\/pood\/milk_shake-integrity-incredible-oil-50ml\/#primaryimage","url":"https:\/\/glamico.ee\/wp-content\/uploads\/2024\/05\/incredible-oil-50ml.png","contentUrl":"https:\/\/glamico.ee\/wp-content\/uploads\/2024\/05\/incredible-oil-50ml.png","width":1600,"height":1600},{"@type":"BreadcrumbList","@id":"https:\/\/glamico.ee\/pood\/milk_shake-integrity-incredible-oil-50ml\/#breadcrumb","itemListElement":[{"@type":"ListItem","position":1,"name":"Home","item":"https:\/\/glamico.ee\/"},{"@type":"ListItem","position":2,"name":"Pood","item":"https:\/\/glamico.ee\/pood\/"},{"@type":"ListItem","position":3,"name":"Milk_Shake Integrity Incredible Oil 50ml"}]},{"@type":"WebSite","@id":"https:\/\/glamico.ee\/#website","url":"https:\/\/glamico.ee\/","name":"Glamico","description":"Ilutooted","publisher":{"@id":"https:\/\/glamico.ee\/#organization"},"potentialAction":[{"@type":"SearchAction","target":{"@type":"EntryPoint","urlTemplate":"https:\/\/glamico.ee\/?s={search_term_string}"},"query-input":{"@type":"PropertyValueSpecification","valueRequired":true,"valueName":"search_term_string"}}],"inLanguage":"en-US"},{"@type":"Organization","@id":"https:\/\/glamico.ee\/#organization","name":"Glamico Baltics O\u00dc","url":"https:\/\/glamico.ee\/","logo":{"@type":"ImageObject","inLanguage":"en-US","@id":"https:\/\/glamico.ee\/#\/schema\/logo\/image\/","url":"https:\/\/glamico.ee\/wp-content\/uploads\/2025\/11\/Glamico-1.png","contentUrl":"https:\/\/glamico.ee\/wp-content\/uploads\/2025\/11\/Glamico-1.png","width":627,"height":400,"caption":"Glamico Baltics O\u00dc"},"image":{"@id":"https:\/\/glamico.ee\/#\/schema\/logo\/image\/"},"sameAs":["https:\/\/www.instagram.com\/glamico.ee\/"]}]}},"brands":[{"id":86,"name":"Milk_Shake","slug":"milk_shake"}],"_links":{"self":[{"href":"https:\/\/glamico.ee\/en\/wp-json\/wp\/v2\/product\/1433","targetHints":{"allow":["GET"]}}],"collection":[{"href":"https:\/\/glamico.ee\/en\/wp-json\/wp\/v2\/product"}],"about":[{"href":"https:\/\/glamico.ee\/en\/wp-json\/wp\/v2\/types\/product"}],"version-history":[{"count":0,"href":"https:\/\/glamico.ee\/en\/wp-json\/wp\/v2\/product\/1433\/revisions"}],"wp:featuredmedia":[{"embeddable":true,"href":"https:\/\/glamico.ee\/en\/wp-json\/wp\/v2\/media\/1434"}],"wp:attachment":[{"href":"https:\/\/glamico.ee\/en\/wp-json\/wp\/v2\/media?parent=1433"}],"wp:term":[{"taxonomy":"pwb-brand","embeddable":true,"href":"https:\/\/glamico.ee\/en\/wp-json\/wp\/v2\/pwb-brand?post=1433"},{"taxonomy":"product_brand","embeddable":true,"href":"https:\/\/glamico.ee\/en\/wp-json\/wp\/v2\/product_brand?post=1433"},{"taxonomy":"product_cat","embeddable":true,"href":"https:\/\/glamico.ee\/en\/wp-json\/wp\/v2\/product_cat?post=1433"},{"taxonomy":"product_tag","embeddable":true,"href":"https:\/\/glamico.ee\/en\/wp-json\/wp\/v2\/product_tag?post=1433"}],"curies":[{"name":"wp","href":"https:\/\/api.w.org\/{rel}","templated":true}]}}