{"id":1429,"date":"2024-05-21T07:46:18","date_gmt":"2024-05-21T05:46:18","guid":{"rendered":"https:\/\/glamico.ee\/?post_type=product&#038;p=1429"},"modified":"2024-05-21T07:46:18","modified_gmt":"2024-05-21T05:46:18","slug":"milk_shake-integrity-intensive-treatment-200ml","status":"publish","type":"product","link":"https:\/\/glamico.ee\/en\/pood\/milk_shake-integrity-intensive-treatment-200ml\/","title":{"rendered":"Milk_Shake Integrity Intensive Treatment 200ml"},"content":{"rendered":"<p>Aktiivained: h\u00fcdrol\u00fc\u00fcsitud keratiin, kookos\u00f5li, orgaaniline murumuruv\u00f5i.<\/p>\n<p>Kasutamine: kanna \u00fchtlaselt puhastesse r\u00e4tikukuivadesse juustesse, masseri \u00f5rnalt, lase 3-5 minutit m\u00f5juda, kammi l\u00e4bi, loputa. V\u00e4ga kahjustatud juuste puhul kata juuksed kilem\u00fctsiga ja lase lisasoojust kasutades toimida 3-5 minutit, lase jahtuda ja loputa.<\/p>\n<p>Koostis:Aqua (Water), Myristyl Alcohol, Cetrimonium Chloride, Propylheptyl Caprylate, Dimethicone, Ethylhexyl Cocoate, Cocos Nucifera (Coconut) Oil, Astrocaryum Murumuru Seed Butter, Hydrolyzed Keratin, Tocopherol, Diazolidinyl Urea, Sodium Benzoate, Potassium Sorbate, Lactic Acid, Glycine Soja (Soybean) Oil, Lactobacillus Ferment, Phenoxyethanol, Parfum (Fragrance).<\/p>","protected":false},"excerpt":{"rendered":"<p>S\u00fcgavuti toitev mask<\/p>\n<p>Eriline koostis toidab juukseid s\u00fcgavuti ja silub nende pealispinna, eemaldab kahususe, muudab juuksed pehmeks ja kergelt k\u00e4sitletavaks ning aitab kaitsta v\u00e4rvi. Ideaalne normaalsetele v\u00f5i paksudele j\u00e4ikadele juustele.<\/p>","protected":false},"featured_media":1431,"template":"","meta":[],"pwb-brand":[86],"product_brand":[],"product_cat":[32],"product_tag":[],"class_list":{"0":"post-1429","1":"product","2":"type-product","3":"status-publish","4":"has-post-thumbnail","6":"pwb-brand-milk_shake","7":"product_cat-juustele","9":"first","10":"instock","11":"taxable","12":"shipping-taxable","13":"purchasable","14":"product-type-simple"},"yoast_head":"<!-- This site is optimized with the Yoast SEO plugin v27.3 - https:\/\/yoast.com\/product\/yoast-seo-wordpress\/ -->\n<title>Milk_Shake Integrity Intensive Treatment 200ml - Glamico<\/title>\n<meta name=\"robots\" content=\"index, follow, max-snippet:-1, max-image-preview:large, max-video-preview:-1\" \/>\n<link rel=\"canonical\" href=\"https:\/\/glamico.ee\/en\/pood\/milk_shake-integrity-intensive-treatment-200ml\/\" \/>\n<meta property=\"og:locale\" content=\"en_US\" \/>\n<meta property=\"og:type\" content=\"article\" \/>\n<meta property=\"og:title\" content=\"Milk_Shake Integrity Intensive Treatment 200ml - Glamico\" \/>\n<meta property=\"og:description\" content=\"S\u00fcgavuti toitev mask  Eriline koostis toidab juukseid s\u00fcgavuti ja silub nende pealispinna, eemaldab kahususe, muudab juuksed pehmeks ja kergelt k\u00e4sitletavaks ning aitab kaitsta v\u00e4rvi. Ideaalne normaalsetele v\u00f5i paksudele j\u00e4ikadele juustele.\" \/>\n<meta property=\"og:url\" content=\"https:\/\/glamico.ee\/en\/pood\/milk_shake-integrity-intensive-treatment-200ml\/\" \/>\n<meta property=\"og:site_name\" content=\"Glamico\" \/>\n<meta property=\"og:image\" content=\"https:\/\/glamico.ee\/wp-content\/uploads\/2024\/05\/700-INTEGRITY-INTENSIVE-TRAETMENT-200ML.png\" \/>\n\t<meta property=\"og:image:width\" content=\"700\" \/>\n\t<meta property=\"og:image:height\" content=\"700\" \/>\n\t<meta property=\"og:image:type\" content=\"image\/png\" \/>\n<meta name=\"twitter:card\" content=\"summary_large_image\" \/>\n<script type=\"application\/ld+json\" class=\"yoast-schema-graph\">{\"@context\":\"https:\\\/\\\/schema.org\",\"@graph\":[{\"@type\":\"WebPage\",\"@id\":\"https:\\\/\\\/glamico.ee\\\/pood\\\/milk_shake-integrity-intensive-treatment-200ml\\\/\",\"url\":\"https:\\\/\\\/glamico.ee\\\/pood\\\/milk_shake-integrity-intensive-treatment-200ml\\\/\",\"name\":\"Milk_Shake Integrity Intensive Treatment 200ml - Glamico\",\"isPartOf\":{\"@id\":\"https:\\\/\\\/glamico.ee\\\/#website\"},\"primaryImageOfPage\":{\"@id\":\"https:\\\/\\\/glamico.ee\\\/pood\\\/milk_shake-integrity-intensive-treatment-200ml\\\/#primaryimage\"},\"image\":{\"@id\":\"https:\\\/\\\/glamico.ee\\\/pood\\\/milk_shake-integrity-intensive-treatment-200ml\\\/#primaryimage\"},\"thumbnailUrl\":\"https:\\\/\\\/glamico.ee\\\/wp-content\\\/uploads\\\/2024\\\/05\\\/700-INTEGRITY-INTENSIVE-TRAETMENT-200ML.png\",\"datePublished\":\"2024-05-21T05:46:18+00:00\",\"breadcrumb\":{\"@id\":\"https:\\\/\\\/glamico.ee\\\/pood\\\/milk_shake-integrity-intensive-treatment-200ml\\\/#breadcrumb\"},\"inLanguage\":\"en-US\",\"potentialAction\":[{\"@type\":\"ReadAction\",\"target\":[\"https:\\\/\\\/glamico.ee\\\/pood\\\/milk_shake-integrity-intensive-treatment-200ml\\\/\"]}]},{\"@type\":\"ImageObject\",\"inLanguage\":\"en-US\",\"@id\":\"https:\\\/\\\/glamico.ee\\\/pood\\\/milk_shake-integrity-intensive-treatment-200ml\\\/#primaryimage\",\"url\":\"https:\\\/\\\/glamico.ee\\\/wp-content\\\/uploads\\\/2024\\\/05\\\/700-INTEGRITY-INTENSIVE-TRAETMENT-200ML.png\",\"contentUrl\":\"https:\\\/\\\/glamico.ee\\\/wp-content\\\/uploads\\\/2024\\\/05\\\/700-INTEGRITY-INTENSIVE-TRAETMENT-200ML.png\",\"width\":700,\"height\":700},{\"@type\":\"BreadcrumbList\",\"@id\":\"https:\\\/\\\/glamico.ee\\\/pood\\\/milk_shake-integrity-intensive-treatment-200ml\\\/#breadcrumb\",\"itemListElement\":[{\"@type\":\"ListItem\",\"position\":1,\"name\":\"Home\",\"item\":\"https:\\\/\\\/glamico.ee\\\/\"},{\"@type\":\"ListItem\",\"position\":2,\"name\":\"Pood\",\"item\":\"https:\\\/\\\/glamico.ee\\\/pood\\\/\"},{\"@type\":\"ListItem\",\"position\":3,\"name\":\"Milk_Shake Integrity Intensive Treatment 200ml\"}]},{\"@type\":\"WebSite\",\"@id\":\"https:\\\/\\\/glamico.ee\\\/#website\",\"url\":\"https:\\\/\\\/glamico.ee\\\/\",\"name\":\"Glamico\",\"description\":\"Ilutooted\",\"publisher\":{\"@id\":\"https:\\\/\\\/glamico.ee\\\/#organization\"},\"potentialAction\":[{\"@type\":\"SearchAction\",\"target\":{\"@type\":\"EntryPoint\",\"urlTemplate\":\"https:\\\/\\\/glamico.ee\\\/?s={search_term_string}\"},\"query-input\":{\"@type\":\"PropertyValueSpecification\",\"valueRequired\":true,\"valueName\":\"search_term_string\"}}],\"inLanguage\":\"en-US\"},{\"@type\":\"Organization\",\"@id\":\"https:\\\/\\\/glamico.ee\\\/#organization\",\"name\":\"Glamico Baltics O\u00dc\",\"url\":\"https:\\\/\\\/glamico.ee\\\/\",\"logo\":{\"@type\":\"ImageObject\",\"inLanguage\":\"en-US\",\"@id\":\"https:\\\/\\\/glamico.ee\\\/#\\\/schema\\\/logo\\\/image\\\/\",\"url\":\"https:\\\/\\\/glamico.ee\\\/wp-content\\\/uploads\\\/2025\\\/11\\\/Glamico-1.png\",\"contentUrl\":\"https:\\\/\\\/glamico.ee\\\/wp-content\\\/uploads\\\/2025\\\/11\\\/Glamico-1.png\",\"width\":627,\"height\":400,\"caption\":\"Glamico Baltics O\u00dc\"},\"image\":{\"@id\":\"https:\\\/\\\/glamico.ee\\\/#\\\/schema\\\/logo\\\/image\\\/\"},\"sameAs\":[\"https:\\\/\\\/www.instagram.com\\\/glamico.ee\\\/\"]}]}<\/script>\n<!-- \/ Yoast SEO plugin. -->","yoast_head_json":{"title":"Milk_Shake Integrity Intensive Treatment 200ml - Glamico","robots":{"index":"index","follow":"follow","max-snippet":"max-snippet:-1","max-image-preview":"max-image-preview:large","max-video-preview":"max-video-preview:-1"},"canonical":"https:\/\/glamico.ee\/en\/pood\/milk_shake-integrity-intensive-treatment-200ml\/","og_locale":"en_US","og_type":"article","og_title":"Milk_Shake Integrity Intensive Treatment 200ml - Glamico","og_description":"S\u00fcgavuti toitev mask  Eriline koostis toidab juukseid s\u00fcgavuti ja silub nende pealispinna, eemaldab kahususe, muudab juuksed pehmeks ja kergelt k\u00e4sitletavaks ning aitab kaitsta v\u00e4rvi. Ideaalne normaalsetele v\u00f5i paksudele j\u00e4ikadele juustele.","og_url":"https:\/\/glamico.ee\/en\/pood\/milk_shake-integrity-intensive-treatment-200ml\/","og_site_name":"Glamico","og_image":[{"width":700,"height":700,"url":"https:\/\/glamico.ee\/wp-content\/uploads\/2024\/05\/700-INTEGRITY-INTENSIVE-TRAETMENT-200ML.png","type":"image\/png"}],"twitter_card":"summary_large_image","schema":{"@context":"https:\/\/schema.org","@graph":[{"@type":"WebPage","@id":"https:\/\/glamico.ee\/pood\/milk_shake-integrity-intensive-treatment-200ml\/","url":"https:\/\/glamico.ee\/pood\/milk_shake-integrity-intensive-treatment-200ml\/","name":"Milk_Shake Integrity Intensive Treatment 200ml - Glamico","isPartOf":{"@id":"https:\/\/glamico.ee\/#website"},"primaryImageOfPage":{"@id":"https:\/\/glamico.ee\/pood\/milk_shake-integrity-intensive-treatment-200ml\/#primaryimage"},"image":{"@id":"https:\/\/glamico.ee\/pood\/milk_shake-integrity-intensive-treatment-200ml\/#primaryimage"},"thumbnailUrl":"https:\/\/glamico.ee\/wp-content\/uploads\/2024\/05\/700-INTEGRITY-INTENSIVE-TRAETMENT-200ML.png","datePublished":"2024-05-21T05:46:18+00:00","breadcrumb":{"@id":"https:\/\/glamico.ee\/pood\/milk_shake-integrity-intensive-treatment-200ml\/#breadcrumb"},"inLanguage":"en-US","potentialAction":[{"@type":"ReadAction","target":["https:\/\/glamico.ee\/pood\/milk_shake-integrity-intensive-treatment-200ml\/"]}]},{"@type":"ImageObject","inLanguage":"en-US","@id":"https:\/\/glamico.ee\/pood\/milk_shake-integrity-intensive-treatment-200ml\/#primaryimage","url":"https:\/\/glamico.ee\/wp-content\/uploads\/2024\/05\/700-INTEGRITY-INTENSIVE-TRAETMENT-200ML.png","contentUrl":"https:\/\/glamico.ee\/wp-content\/uploads\/2024\/05\/700-INTEGRITY-INTENSIVE-TRAETMENT-200ML.png","width":700,"height":700},{"@type":"BreadcrumbList","@id":"https:\/\/glamico.ee\/pood\/milk_shake-integrity-intensive-treatment-200ml\/#breadcrumb","itemListElement":[{"@type":"ListItem","position":1,"name":"Home","item":"https:\/\/glamico.ee\/"},{"@type":"ListItem","position":2,"name":"Pood","item":"https:\/\/glamico.ee\/pood\/"},{"@type":"ListItem","position":3,"name":"Milk_Shake Integrity Intensive Treatment 200ml"}]},{"@type":"WebSite","@id":"https:\/\/glamico.ee\/#website","url":"https:\/\/glamico.ee\/","name":"Glamico","description":"Ilutooted","publisher":{"@id":"https:\/\/glamico.ee\/#organization"},"potentialAction":[{"@type":"SearchAction","target":{"@type":"EntryPoint","urlTemplate":"https:\/\/glamico.ee\/?s={search_term_string}"},"query-input":{"@type":"PropertyValueSpecification","valueRequired":true,"valueName":"search_term_string"}}],"inLanguage":"en-US"},{"@type":"Organization","@id":"https:\/\/glamico.ee\/#organization","name":"Glamico Baltics O\u00dc","url":"https:\/\/glamico.ee\/","logo":{"@type":"ImageObject","inLanguage":"en-US","@id":"https:\/\/glamico.ee\/#\/schema\/logo\/image\/","url":"https:\/\/glamico.ee\/wp-content\/uploads\/2025\/11\/Glamico-1.png","contentUrl":"https:\/\/glamico.ee\/wp-content\/uploads\/2025\/11\/Glamico-1.png","width":627,"height":400,"caption":"Glamico Baltics O\u00dc"},"image":{"@id":"https:\/\/glamico.ee\/#\/schema\/logo\/image\/"},"sameAs":["https:\/\/www.instagram.com\/glamico.ee\/"]}]}},"brands":[{"id":86,"name":"Milk_Shake","slug":"milk_shake"}],"_links":{"self":[{"href":"https:\/\/glamico.ee\/en\/wp-json\/wp\/v2\/product\/1429","targetHints":{"allow":["GET"]}}],"collection":[{"href":"https:\/\/glamico.ee\/en\/wp-json\/wp\/v2\/product"}],"about":[{"href":"https:\/\/glamico.ee\/en\/wp-json\/wp\/v2\/types\/product"}],"version-history":[{"count":0,"href":"https:\/\/glamico.ee\/en\/wp-json\/wp\/v2\/product\/1429\/revisions"}],"wp:featuredmedia":[{"embeddable":true,"href":"https:\/\/glamico.ee\/en\/wp-json\/wp\/v2\/media\/1431"}],"wp:attachment":[{"href":"https:\/\/glamico.ee\/en\/wp-json\/wp\/v2\/media?parent=1429"}],"wp:term":[{"taxonomy":"pwb-brand","embeddable":true,"href":"https:\/\/glamico.ee\/en\/wp-json\/wp\/v2\/pwb-brand?post=1429"},{"taxonomy":"product_brand","embeddable":true,"href":"https:\/\/glamico.ee\/en\/wp-json\/wp\/v2\/product_brand?post=1429"},{"taxonomy":"product_cat","embeddable":true,"href":"https:\/\/glamico.ee\/en\/wp-json\/wp\/v2\/product_cat?post=1429"},{"taxonomy":"product_tag","embeddable":true,"href":"https:\/\/glamico.ee\/en\/wp-json\/wp\/v2\/product_tag?post=1429"}],"curies":[{"name":"wp","href":"https:\/\/api.w.org\/{rel}","templated":true}]}}