{"id":1426,"date":"2024-05-21T07:41:56","date_gmt":"2024-05-21T05:41:56","guid":{"rendered":"https:\/\/glamico.ee\/?post_type=product&#038;p=1426"},"modified":"2024-05-21T07:41:56","modified_gmt":"2024-05-21T05:41:56","slug":"milk_shake-integrity-nourishing-conditioner-300ml","status":"publish","type":"product","link":"https:\/\/glamico.ee\/en\/pood\/milk_shake-integrity-nourishing-conditioner-300ml\/","title":{"rendered":"Milk_Shake Integrity Nourishing Conditioner 300ml"},"content":{"rendered":"<p>Aktiivained: argaania\u00f5li, h\u00fcdrol\u00fc\u00fcsitud keratiin, orgaaniline murumuruv\u00f5i, E-vitamiini derivaadid.<\/p>\n<p>Kasutamine: kanna puhastesse r\u00e4tikukuivadesse juustesse, masseri ja kammi l\u00e4bi. Lase m\u00f5juda 2-3 minutit. Loputa hoolikalt.<\/p>\n<p>Koostis: Aqua (Water), Myristyl Alcohol, Cetearyl Alcohol, Cetrimonium Chloride, Glycerin, Isododecane, Dimethiconol, Guar Hydroxypropyltrimonium Chloride, Astrocaryum Murumuru Seed Butter, Tocopherol, Hydrolyzed Keratin, Argania Spinosa Kernel Oil, Tocopheryl Acetate, Disodium EDTA, Citric Acid, Methylchloroisothiazolinone, Methylisothiazolinone, Magnesium Nitrate, Magnesium Chloride, Lactobacillus Ferment, Phenoxyethanol, Parfum (Fragrance).<\/p>","protected":false},"excerpt":{"rendered":"<p>Intensiivselt toitev palsam. Orgaanilise murumuruv\u00f5iga palsam hooldab ja toidab ning kaitseb juuksev\u00e4rvi. Sobib normaalasetele v\u00f5i peenikestele juustele.<\/p>","protected":false},"featured_media":1427,"template":"","meta":[],"pwb-brand":[86],"product_brand":[],"product_cat":[32],"product_tag":[],"class_list":{"0":"post-1426","1":"product","2":"type-product","3":"status-publish","4":"has-post-thumbnail","6":"pwb-brand-milk_shake","7":"product_cat-juustele","9":"first","10":"instock","11":"taxable","12":"shipping-taxable","13":"purchasable","14":"product-type-simple"},"yoast_head":"<!-- This site is optimized with the Yoast SEO plugin v27.3 - https:\/\/yoast.com\/product\/yoast-seo-wordpress\/ -->\n<title>Milk_Shake Integrity Nourishing Conditioner 300ml - Glamico<\/title>\n<meta name=\"robots\" content=\"index, follow, max-snippet:-1, max-image-preview:large, max-video-preview:-1\" \/>\n<link rel=\"canonical\" href=\"https:\/\/glamico.ee\/en\/pood\/milk_shake-integrity-nourishing-conditioner-300ml\/\" \/>\n<meta property=\"og:locale\" content=\"en_US\" \/>\n<meta property=\"og:type\" content=\"article\" \/>\n<meta property=\"og:title\" content=\"Milk_Shake Integrity Nourishing Conditioner 300ml - Glamico\" \/>\n<meta property=\"og:description\" content=\"Intensiivselt toitev palsam. Orgaanilise murumuruv\u00f5iga palsam hooldab ja toidab ning kaitseb juuksev\u00e4rvi. Sobib normaalasetele v\u00f5i peenikestele juustele.\" \/>\n<meta property=\"og:url\" content=\"https:\/\/glamico.ee\/en\/pood\/milk_shake-integrity-nourishing-conditioner-300ml\/\" \/>\n<meta property=\"og:site_name\" content=\"Glamico\" \/>\n<meta property=\"og:image\" content=\"https:\/\/glamico.ee\/wp-content\/uploads\/2024\/05\/700-integrity-conditioner-300ml.png\" \/>\n\t<meta property=\"og:image:width\" content=\"700\" \/>\n\t<meta property=\"og:image:height\" content=\"700\" \/>\n\t<meta property=\"og:image:type\" content=\"image\/png\" \/>\n<meta name=\"twitter:card\" content=\"summary_large_image\" \/>\n<script type=\"application\/ld+json\" class=\"yoast-schema-graph\">{\"@context\":\"https:\\\/\\\/schema.org\",\"@graph\":[{\"@type\":\"WebPage\",\"@id\":\"https:\\\/\\\/glamico.ee\\\/pood\\\/milk_shake-integrity-nourishing-conditioner-300ml\\\/\",\"url\":\"https:\\\/\\\/glamico.ee\\\/pood\\\/milk_shake-integrity-nourishing-conditioner-300ml\\\/\",\"name\":\"Milk_Shake Integrity Nourishing Conditioner 300ml - Glamico\",\"isPartOf\":{\"@id\":\"https:\\\/\\\/glamico.ee\\\/#website\"},\"primaryImageOfPage\":{\"@id\":\"https:\\\/\\\/glamico.ee\\\/pood\\\/milk_shake-integrity-nourishing-conditioner-300ml\\\/#primaryimage\"},\"image\":{\"@id\":\"https:\\\/\\\/glamico.ee\\\/pood\\\/milk_shake-integrity-nourishing-conditioner-300ml\\\/#primaryimage\"},\"thumbnailUrl\":\"https:\\\/\\\/glamico.ee\\\/wp-content\\\/uploads\\\/2024\\\/05\\\/700-integrity-conditioner-300ml.png\",\"datePublished\":\"2024-05-21T05:41:56+00:00\",\"breadcrumb\":{\"@id\":\"https:\\\/\\\/glamico.ee\\\/pood\\\/milk_shake-integrity-nourishing-conditioner-300ml\\\/#breadcrumb\"},\"inLanguage\":\"en-US\",\"potentialAction\":[{\"@type\":\"ReadAction\",\"target\":[\"https:\\\/\\\/glamico.ee\\\/pood\\\/milk_shake-integrity-nourishing-conditioner-300ml\\\/\"]}]},{\"@type\":\"ImageObject\",\"inLanguage\":\"en-US\",\"@id\":\"https:\\\/\\\/glamico.ee\\\/pood\\\/milk_shake-integrity-nourishing-conditioner-300ml\\\/#primaryimage\",\"url\":\"https:\\\/\\\/glamico.ee\\\/wp-content\\\/uploads\\\/2024\\\/05\\\/700-integrity-conditioner-300ml.png\",\"contentUrl\":\"https:\\\/\\\/glamico.ee\\\/wp-content\\\/uploads\\\/2024\\\/05\\\/700-integrity-conditioner-300ml.png\",\"width\":700,\"height\":700},{\"@type\":\"BreadcrumbList\",\"@id\":\"https:\\\/\\\/glamico.ee\\\/pood\\\/milk_shake-integrity-nourishing-conditioner-300ml\\\/#breadcrumb\",\"itemListElement\":[{\"@type\":\"ListItem\",\"position\":1,\"name\":\"Home\",\"item\":\"https:\\\/\\\/glamico.ee\\\/\"},{\"@type\":\"ListItem\",\"position\":2,\"name\":\"Pood\",\"item\":\"https:\\\/\\\/glamico.ee\\\/pood\\\/\"},{\"@type\":\"ListItem\",\"position\":3,\"name\":\"Milk_Shake Integrity Nourishing Conditioner 300ml\"}]},{\"@type\":\"WebSite\",\"@id\":\"https:\\\/\\\/glamico.ee\\\/#website\",\"url\":\"https:\\\/\\\/glamico.ee\\\/\",\"name\":\"Glamico\",\"description\":\"Ilutooted\",\"publisher\":{\"@id\":\"https:\\\/\\\/glamico.ee\\\/#organization\"},\"potentialAction\":[{\"@type\":\"SearchAction\",\"target\":{\"@type\":\"EntryPoint\",\"urlTemplate\":\"https:\\\/\\\/glamico.ee\\\/?s={search_term_string}\"},\"query-input\":{\"@type\":\"PropertyValueSpecification\",\"valueRequired\":true,\"valueName\":\"search_term_string\"}}],\"inLanguage\":\"en-US\"},{\"@type\":\"Organization\",\"@id\":\"https:\\\/\\\/glamico.ee\\\/#organization\",\"name\":\"Glamico Baltics O\u00dc\",\"url\":\"https:\\\/\\\/glamico.ee\\\/\",\"logo\":{\"@type\":\"ImageObject\",\"inLanguage\":\"en-US\",\"@id\":\"https:\\\/\\\/glamico.ee\\\/#\\\/schema\\\/logo\\\/image\\\/\",\"url\":\"https:\\\/\\\/glamico.ee\\\/wp-content\\\/uploads\\\/2025\\\/11\\\/Glamico-1.png\",\"contentUrl\":\"https:\\\/\\\/glamico.ee\\\/wp-content\\\/uploads\\\/2025\\\/11\\\/Glamico-1.png\",\"width\":627,\"height\":400,\"caption\":\"Glamico Baltics O\u00dc\"},\"image\":{\"@id\":\"https:\\\/\\\/glamico.ee\\\/#\\\/schema\\\/logo\\\/image\\\/\"},\"sameAs\":[\"https:\\\/\\\/www.instagram.com\\\/glamico.ee\\\/\"]}]}<\/script>\n<!-- \/ Yoast SEO plugin. -->","yoast_head_json":{"title":"Milk_Shake Integrity Nourishing Conditioner 300ml - Glamico","robots":{"index":"index","follow":"follow","max-snippet":"max-snippet:-1","max-image-preview":"max-image-preview:large","max-video-preview":"max-video-preview:-1"},"canonical":"https:\/\/glamico.ee\/en\/pood\/milk_shake-integrity-nourishing-conditioner-300ml\/","og_locale":"en_US","og_type":"article","og_title":"Milk_Shake Integrity Nourishing Conditioner 300ml - Glamico","og_description":"Intensiivselt toitev palsam. Orgaanilise murumuruv\u00f5iga palsam hooldab ja toidab ning kaitseb juuksev\u00e4rvi. Sobib normaalasetele v\u00f5i peenikestele juustele.","og_url":"https:\/\/glamico.ee\/en\/pood\/milk_shake-integrity-nourishing-conditioner-300ml\/","og_site_name":"Glamico","og_image":[{"width":700,"height":700,"url":"https:\/\/glamico.ee\/wp-content\/uploads\/2024\/05\/700-integrity-conditioner-300ml.png","type":"image\/png"}],"twitter_card":"summary_large_image","schema":{"@context":"https:\/\/schema.org","@graph":[{"@type":"WebPage","@id":"https:\/\/glamico.ee\/pood\/milk_shake-integrity-nourishing-conditioner-300ml\/","url":"https:\/\/glamico.ee\/pood\/milk_shake-integrity-nourishing-conditioner-300ml\/","name":"Milk_Shake Integrity Nourishing Conditioner 300ml - Glamico","isPartOf":{"@id":"https:\/\/glamico.ee\/#website"},"primaryImageOfPage":{"@id":"https:\/\/glamico.ee\/pood\/milk_shake-integrity-nourishing-conditioner-300ml\/#primaryimage"},"image":{"@id":"https:\/\/glamico.ee\/pood\/milk_shake-integrity-nourishing-conditioner-300ml\/#primaryimage"},"thumbnailUrl":"https:\/\/glamico.ee\/wp-content\/uploads\/2024\/05\/700-integrity-conditioner-300ml.png","datePublished":"2024-05-21T05:41:56+00:00","breadcrumb":{"@id":"https:\/\/glamico.ee\/pood\/milk_shake-integrity-nourishing-conditioner-300ml\/#breadcrumb"},"inLanguage":"en-US","potentialAction":[{"@type":"ReadAction","target":["https:\/\/glamico.ee\/pood\/milk_shake-integrity-nourishing-conditioner-300ml\/"]}]},{"@type":"ImageObject","inLanguage":"en-US","@id":"https:\/\/glamico.ee\/pood\/milk_shake-integrity-nourishing-conditioner-300ml\/#primaryimage","url":"https:\/\/glamico.ee\/wp-content\/uploads\/2024\/05\/700-integrity-conditioner-300ml.png","contentUrl":"https:\/\/glamico.ee\/wp-content\/uploads\/2024\/05\/700-integrity-conditioner-300ml.png","width":700,"height":700},{"@type":"BreadcrumbList","@id":"https:\/\/glamico.ee\/pood\/milk_shake-integrity-nourishing-conditioner-300ml\/#breadcrumb","itemListElement":[{"@type":"ListItem","position":1,"name":"Home","item":"https:\/\/glamico.ee\/"},{"@type":"ListItem","position":2,"name":"Pood","item":"https:\/\/glamico.ee\/pood\/"},{"@type":"ListItem","position":3,"name":"Milk_Shake Integrity Nourishing Conditioner 300ml"}]},{"@type":"WebSite","@id":"https:\/\/glamico.ee\/#website","url":"https:\/\/glamico.ee\/","name":"Glamico","description":"Ilutooted","publisher":{"@id":"https:\/\/glamico.ee\/#organization"},"potentialAction":[{"@type":"SearchAction","target":{"@type":"EntryPoint","urlTemplate":"https:\/\/glamico.ee\/?s={search_term_string}"},"query-input":{"@type":"PropertyValueSpecification","valueRequired":true,"valueName":"search_term_string"}}],"inLanguage":"en-US"},{"@type":"Organization","@id":"https:\/\/glamico.ee\/#organization","name":"Glamico Baltics O\u00dc","url":"https:\/\/glamico.ee\/","logo":{"@type":"ImageObject","inLanguage":"en-US","@id":"https:\/\/glamico.ee\/#\/schema\/logo\/image\/","url":"https:\/\/glamico.ee\/wp-content\/uploads\/2025\/11\/Glamico-1.png","contentUrl":"https:\/\/glamico.ee\/wp-content\/uploads\/2025\/11\/Glamico-1.png","width":627,"height":400,"caption":"Glamico Baltics O\u00dc"},"image":{"@id":"https:\/\/glamico.ee\/#\/schema\/logo\/image\/"},"sameAs":["https:\/\/www.instagram.com\/glamico.ee\/"]}]}},"brands":[{"id":86,"name":"Milk_Shake","slug":"milk_shake"}],"_links":{"self":[{"href":"https:\/\/glamico.ee\/en\/wp-json\/wp\/v2\/product\/1426","targetHints":{"allow":["GET"]}}],"collection":[{"href":"https:\/\/glamico.ee\/en\/wp-json\/wp\/v2\/product"}],"about":[{"href":"https:\/\/glamico.ee\/en\/wp-json\/wp\/v2\/types\/product"}],"version-history":[{"count":0,"href":"https:\/\/glamico.ee\/en\/wp-json\/wp\/v2\/product\/1426\/revisions"}],"wp:featuredmedia":[{"embeddable":true,"href":"https:\/\/glamico.ee\/en\/wp-json\/wp\/v2\/media\/1427"}],"wp:attachment":[{"href":"https:\/\/glamico.ee\/en\/wp-json\/wp\/v2\/media?parent=1426"}],"wp:term":[{"taxonomy":"pwb-brand","embeddable":true,"href":"https:\/\/glamico.ee\/en\/wp-json\/wp\/v2\/pwb-brand?post=1426"},{"taxonomy":"product_brand","embeddable":true,"href":"https:\/\/glamico.ee\/en\/wp-json\/wp\/v2\/product_brand?post=1426"},{"taxonomy":"product_cat","embeddable":true,"href":"https:\/\/glamico.ee\/en\/wp-json\/wp\/v2\/product_cat?post=1426"},{"taxonomy":"product_tag","embeddable":true,"href":"https:\/\/glamico.ee\/en\/wp-json\/wp\/v2\/product_tag?post=1426"}],"curies":[{"name":"wp","href":"https:\/\/api.w.org\/{rel}","templated":true}]}}