{"id":1078,"date":"2024-01-23T15:50:27","date_gmt":"2024-01-23T13:50:27","guid":{"rendered":"https:\/\/glamico.ee\/?post_type=product&#038;p=1078"},"modified":"2026-01-24T16:20:44","modified_gmt":"2026-01-24T14:20:44","slug":"insight-peanahka-kooriv-kreem-180ml","status":"publish","type":"product","link":"https:\/\/glamico.ee\/en\/pood\/insight-peanahka-kooriv-kreem-180ml\/","title":{"rendered":"InSight peanahka kooriv kreem 180ml"},"content":{"rendered":"<p>Kasutamine: Kandke otse kuivale peanahale, seej\u00e4rel masseerige. Loputage hoolikalt. J\u00e4tkake sobivama hooldusega (rasu reguleeriv, k\u00f5\u00f5mavastane, juuste v\u00e4ljalangemise vastane).<\/p>\n<p>Koostis: Aqua\/Water\/Eau, Cetearyl Alcohol, Myristyl Alcohol, Distearoylethyl Dimonium Chloride, Carapa Guaianensis Seed Powder, Myristyl Lactate, Cetearyl Glucoside, Lavandula Angustifolia (Lavender) Flower Extract, Salvia Officinalis (Sage) Leaf Extract, Melaleuca Alternifolia (Tea Tree) Leaf Oil, Parfum\/Fragrance, Menthol, Glycerin, Glyceryl Laurate, Citric Acid, Benzyl Alcohol, Sodium Benzoate, Potassium Sorbate.<\/p>","protected":false},"excerpt":{"rendered":"<p>Kooriv kreem, mis eemaldab peanahalt surnud rakud, tootej\u00e4\u00e4gid ja ebapuhtused. Koorib \u00f5rnalt, et valmistada peanahk ja juuksejuured ette edasiseks hoolduseks. Loodud rasuse peanaha tasakaalustamiseks. See kooriv kreem on rikastatud orgaanilise lavendli ja salvei ekstraktide, teepuu\u00f5li ja koorivate andiroba osakestega.<\/p>","protected":false},"featured_media":1079,"template":"","meta":[],"pwb-brand":[59],"product_brand":[],"product_cat":[32],"product_tag":[],"class_list":{"0":"post-1078","1":"product","2":"type-product","3":"status-publish","4":"has-post-thumbnail","6":"pwb-brand-insight","7":"product_cat-juustele","9":"first","10":"instock","11":"taxable","12":"shipping-taxable","13":"purchasable","14":"product-type-simple"},"yoast_head":"<!-- This site is optimized with the Yoast SEO plugin v27.3 - https:\/\/yoast.com\/product\/yoast-seo-wordpress\/ -->\n<title>InSight peanahka kooriv kreem 180ml - Glamico<\/title>\n<meta name=\"robots\" content=\"index, follow, max-snippet:-1, max-image-preview:large, max-video-preview:-1\" \/>\n<link rel=\"canonical\" href=\"https:\/\/glamico.ee\/en\/pood\/insight-peanahka-kooriv-kreem-180ml\/\" \/>\n<meta property=\"og:locale\" content=\"en_US\" \/>\n<meta property=\"og:type\" content=\"article\" \/>\n<meta property=\"og:title\" content=\"InSight peanahka kooriv kreem 180ml - Glamico\" \/>\n<meta property=\"og:description\" content=\"Kooriv kreem, mis eemaldab peanahalt surnud rakud, tootej\u00e4\u00e4gid ja ebapuhtused. Koorib \u00f5rnalt, et valmistada peanahk ja juuksejuured ette edasiseks hoolduseks. Loodud rasuse peanaha tasakaalustamiseks. See kooriv kreem on rikastatud orgaanilise lavendli ja salvei ekstraktide, teepuu\u00f5li ja koorivate andiroba osakestega.\" \/>\n<meta property=\"og:url\" content=\"https:\/\/glamico.ee\/en\/pood\/insight-peanahka-kooriv-kreem-180ml\/\" \/>\n<meta property=\"og:site_name\" content=\"Glamico\" \/>\n<meta property=\"article:modified_time\" content=\"2026-01-24T14:20:44+00:00\" \/>\n<meta property=\"og:image\" content=\"https:\/\/glamico.ee\/wp-content\/uploads\/2024\/01\/Insight-peanaha-koorija-180ml.png\" \/>\n\t<meta property=\"og:image:width\" content=\"717\" \/>\n\t<meta property=\"og:image:height\" content=\"673\" \/>\n\t<meta property=\"og:image:type\" content=\"image\/png\" \/>\n<meta name=\"twitter:card\" content=\"summary_large_image\" \/>\n<meta name=\"twitter:label1\" content=\"Est. reading time\" \/>\n\t<meta name=\"twitter:data1\" content=\"1 minute\" \/>\n<script type=\"application\/ld+json\" class=\"yoast-schema-graph\">{\"@context\":\"https:\\\/\\\/schema.org\",\"@graph\":[{\"@type\":\"WebPage\",\"@id\":\"https:\\\/\\\/glamico.ee\\\/pood\\\/insight-peanahka-kooriv-kreem-180ml\\\/\",\"url\":\"https:\\\/\\\/glamico.ee\\\/pood\\\/insight-peanahka-kooriv-kreem-180ml\\\/\",\"name\":\"InSight peanahka kooriv kreem 180ml - Glamico\",\"isPartOf\":{\"@id\":\"https:\\\/\\\/glamico.ee\\\/#website\"},\"primaryImageOfPage\":{\"@id\":\"https:\\\/\\\/glamico.ee\\\/pood\\\/insight-peanahka-kooriv-kreem-180ml\\\/#primaryimage\"},\"image\":{\"@id\":\"https:\\\/\\\/glamico.ee\\\/pood\\\/insight-peanahka-kooriv-kreem-180ml\\\/#primaryimage\"},\"thumbnailUrl\":\"https:\\\/\\\/glamico.ee\\\/wp-content\\\/uploads\\\/2024\\\/01\\\/Insight-peanaha-koorija-180ml.png\",\"datePublished\":\"2024-01-23T13:50:27+00:00\",\"dateModified\":\"2026-01-24T14:20:44+00:00\",\"breadcrumb\":{\"@id\":\"https:\\\/\\\/glamico.ee\\\/pood\\\/insight-peanahka-kooriv-kreem-180ml\\\/#breadcrumb\"},\"inLanguage\":\"en-US\",\"potentialAction\":[{\"@type\":\"ReadAction\",\"target\":[\"https:\\\/\\\/glamico.ee\\\/pood\\\/insight-peanahka-kooriv-kreem-180ml\\\/\"]}]},{\"@type\":\"ImageObject\",\"inLanguage\":\"en-US\",\"@id\":\"https:\\\/\\\/glamico.ee\\\/pood\\\/insight-peanahka-kooriv-kreem-180ml\\\/#primaryimage\",\"url\":\"https:\\\/\\\/glamico.ee\\\/wp-content\\\/uploads\\\/2024\\\/01\\\/Insight-peanaha-koorija-180ml.png\",\"contentUrl\":\"https:\\\/\\\/glamico.ee\\\/wp-content\\\/uploads\\\/2024\\\/01\\\/Insight-peanaha-koorija-180ml.png\",\"width\":717,\"height\":673},{\"@type\":\"BreadcrumbList\",\"@id\":\"https:\\\/\\\/glamico.ee\\\/pood\\\/insight-peanahka-kooriv-kreem-180ml\\\/#breadcrumb\",\"itemListElement\":[{\"@type\":\"ListItem\",\"position\":1,\"name\":\"Home\",\"item\":\"https:\\\/\\\/glamico.ee\\\/\"},{\"@type\":\"ListItem\",\"position\":2,\"name\":\"Pood\",\"item\":\"https:\\\/\\\/glamico.ee\\\/pood\\\/\"},{\"@type\":\"ListItem\",\"position\":3,\"name\":\"InSight peanahka kooriv kreem 180ml\"}]},{\"@type\":\"WebSite\",\"@id\":\"https:\\\/\\\/glamico.ee\\\/#website\",\"url\":\"https:\\\/\\\/glamico.ee\\\/\",\"name\":\"Glamico\",\"description\":\"Ilutooted\",\"publisher\":{\"@id\":\"https:\\\/\\\/glamico.ee\\\/#organization\"},\"potentialAction\":[{\"@type\":\"SearchAction\",\"target\":{\"@type\":\"EntryPoint\",\"urlTemplate\":\"https:\\\/\\\/glamico.ee\\\/?s={search_term_string}\"},\"query-input\":{\"@type\":\"PropertyValueSpecification\",\"valueRequired\":true,\"valueName\":\"search_term_string\"}}],\"inLanguage\":\"en-US\"},{\"@type\":\"Organization\",\"@id\":\"https:\\\/\\\/glamico.ee\\\/#organization\",\"name\":\"Glamico Baltics O\u00dc\",\"url\":\"https:\\\/\\\/glamico.ee\\\/\",\"logo\":{\"@type\":\"ImageObject\",\"inLanguage\":\"en-US\",\"@id\":\"https:\\\/\\\/glamico.ee\\\/#\\\/schema\\\/logo\\\/image\\\/\",\"url\":\"https:\\\/\\\/glamico.ee\\\/wp-content\\\/uploads\\\/2025\\\/11\\\/Glamico-1.png\",\"contentUrl\":\"https:\\\/\\\/glamico.ee\\\/wp-content\\\/uploads\\\/2025\\\/11\\\/Glamico-1.png\",\"width\":627,\"height\":400,\"caption\":\"Glamico Baltics O\u00dc\"},\"image\":{\"@id\":\"https:\\\/\\\/glamico.ee\\\/#\\\/schema\\\/logo\\\/image\\\/\"},\"sameAs\":[\"https:\\\/\\\/www.instagram.com\\\/glamico.ee\\\/\"]}]}<\/script>\n<!-- \/ Yoast SEO plugin. -->","yoast_head_json":{"title":"InSight peanahka kooriv kreem 180ml - Glamico","robots":{"index":"index","follow":"follow","max-snippet":"max-snippet:-1","max-image-preview":"max-image-preview:large","max-video-preview":"max-video-preview:-1"},"canonical":"https:\/\/glamico.ee\/en\/pood\/insight-peanahka-kooriv-kreem-180ml\/","og_locale":"en_US","og_type":"article","og_title":"InSight peanahka kooriv kreem 180ml - Glamico","og_description":"Kooriv kreem, mis eemaldab peanahalt surnud rakud, tootej\u00e4\u00e4gid ja ebapuhtused. Koorib \u00f5rnalt, et valmistada peanahk ja juuksejuured ette edasiseks hoolduseks. Loodud rasuse peanaha tasakaalustamiseks. See kooriv kreem on rikastatud orgaanilise lavendli ja salvei ekstraktide, teepuu\u00f5li ja koorivate andiroba osakestega.","og_url":"https:\/\/glamico.ee\/en\/pood\/insight-peanahka-kooriv-kreem-180ml\/","og_site_name":"Glamico","article_modified_time":"2026-01-24T14:20:44+00:00","og_image":[{"width":717,"height":673,"url":"https:\/\/glamico.ee\/wp-content\/uploads\/2024\/01\/Insight-peanaha-koorija-180ml.png","type":"image\/png"}],"twitter_card":"summary_large_image","twitter_misc":{"Est. reading time":"1 minute"},"schema":{"@context":"https:\/\/schema.org","@graph":[{"@type":"WebPage","@id":"https:\/\/glamico.ee\/pood\/insight-peanahka-kooriv-kreem-180ml\/","url":"https:\/\/glamico.ee\/pood\/insight-peanahka-kooriv-kreem-180ml\/","name":"InSight peanahka kooriv kreem 180ml - Glamico","isPartOf":{"@id":"https:\/\/glamico.ee\/#website"},"primaryImageOfPage":{"@id":"https:\/\/glamico.ee\/pood\/insight-peanahka-kooriv-kreem-180ml\/#primaryimage"},"image":{"@id":"https:\/\/glamico.ee\/pood\/insight-peanahka-kooriv-kreem-180ml\/#primaryimage"},"thumbnailUrl":"https:\/\/glamico.ee\/wp-content\/uploads\/2024\/01\/Insight-peanaha-koorija-180ml.png","datePublished":"2024-01-23T13:50:27+00:00","dateModified":"2026-01-24T14:20:44+00:00","breadcrumb":{"@id":"https:\/\/glamico.ee\/pood\/insight-peanahka-kooriv-kreem-180ml\/#breadcrumb"},"inLanguage":"en-US","potentialAction":[{"@type":"ReadAction","target":["https:\/\/glamico.ee\/pood\/insight-peanahka-kooriv-kreem-180ml\/"]}]},{"@type":"ImageObject","inLanguage":"en-US","@id":"https:\/\/glamico.ee\/pood\/insight-peanahka-kooriv-kreem-180ml\/#primaryimage","url":"https:\/\/glamico.ee\/wp-content\/uploads\/2024\/01\/Insight-peanaha-koorija-180ml.png","contentUrl":"https:\/\/glamico.ee\/wp-content\/uploads\/2024\/01\/Insight-peanaha-koorija-180ml.png","width":717,"height":673},{"@type":"BreadcrumbList","@id":"https:\/\/glamico.ee\/pood\/insight-peanahka-kooriv-kreem-180ml\/#breadcrumb","itemListElement":[{"@type":"ListItem","position":1,"name":"Home","item":"https:\/\/glamico.ee\/"},{"@type":"ListItem","position":2,"name":"Pood","item":"https:\/\/glamico.ee\/pood\/"},{"@type":"ListItem","position":3,"name":"InSight peanahka kooriv kreem 180ml"}]},{"@type":"WebSite","@id":"https:\/\/glamico.ee\/#website","url":"https:\/\/glamico.ee\/","name":"Glamico","description":"Ilutooted","publisher":{"@id":"https:\/\/glamico.ee\/#organization"},"potentialAction":[{"@type":"SearchAction","target":{"@type":"EntryPoint","urlTemplate":"https:\/\/glamico.ee\/?s={search_term_string}"},"query-input":{"@type":"PropertyValueSpecification","valueRequired":true,"valueName":"search_term_string"}}],"inLanguage":"en-US"},{"@type":"Organization","@id":"https:\/\/glamico.ee\/#organization","name":"Glamico Baltics O\u00dc","url":"https:\/\/glamico.ee\/","logo":{"@type":"ImageObject","inLanguage":"en-US","@id":"https:\/\/glamico.ee\/#\/schema\/logo\/image\/","url":"https:\/\/glamico.ee\/wp-content\/uploads\/2025\/11\/Glamico-1.png","contentUrl":"https:\/\/glamico.ee\/wp-content\/uploads\/2025\/11\/Glamico-1.png","width":627,"height":400,"caption":"Glamico Baltics O\u00dc"},"image":{"@id":"https:\/\/glamico.ee\/#\/schema\/logo\/image\/"},"sameAs":["https:\/\/www.instagram.com\/glamico.ee\/"]}]}},"brands":[{"id":59,"name":"Insight","slug":"insight"}],"_links":{"self":[{"href":"https:\/\/glamico.ee\/en\/wp-json\/wp\/v2\/product\/1078","targetHints":{"allow":["GET"]}}],"collection":[{"href":"https:\/\/glamico.ee\/en\/wp-json\/wp\/v2\/product"}],"about":[{"href":"https:\/\/glamico.ee\/en\/wp-json\/wp\/v2\/types\/product"}],"version-history":[{"count":1,"href":"https:\/\/glamico.ee\/en\/wp-json\/wp\/v2\/product\/1078\/revisions"}],"predecessor-version":[{"id":2298,"href":"https:\/\/glamico.ee\/en\/wp-json\/wp\/v2\/product\/1078\/revisions\/2298"}],"wp:featuredmedia":[{"embeddable":true,"href":"https:\/\/glamico.ee\/en\/wp-json\/wp\/v2\/media\/1079"}],"wp:attachment":[{"href":"https:\/\/glamico.ee\/en\/wp-json\/wp\/v2\/media?parent=1078"}],"wp:term":[{"taxonomy":"pwb-brand","embeddable":true,"href":"https:\/\/glamico.ee\/en\/wp-json\/wp\/v2\/pwb-brand?post=1078"},{"taxonomy":"product_brand","embeddable":true,"href":"https:\/\/glamico.ee\/en\/wp-json\/wp\/v2\/product_brand?post=1078"},{"taxonomy":"product_cat","embeddable":true,"href":"https:\/\/glamico.ee\/en\/wp-json\/wp\/v2\/product_cat?post=1078"},{"taxonomy":"product_tag","embeddable":true,"href":"https:\/\/glamico.ee\/en\/wp-json\/wp\/v2\/product_tag?post=1078"}],"curies":[{"name":"wp","href":"https:\/\/api.w.org\/{rel}","templated":true}]}}