{"id":1004,"date":"2024-01-21T21:31:55","date_gmt":"2024-01-21T19:31:55","guid":{"rendered":"https:\/\/glamico.ee\/?post_type=product&#038;p=1004"},"modified":"2026-04-21T08:21:05","modified_gmt":"2026-04-21T06:21:05","slug":"haut-segala-eukalupti-must-seep-200g","status":"publish","type":"product","link":"https:\/\/glamico.ee\/en\/pood\/haut-segala-eukalupti-must-seep-200g\/","title":{"rendered":"Haut-S\u00e9gala Eukal\u00fcpti must seep 200g"},"content":{"rendered":"<p>T\u00f5eline Hammami rituaal, see must seep on 100% looduslik, terakestevaba nahakoorija. See saadakse orgaanilise neitsioliivi\u00f5li seebistamisel.<\/p>\n<p>Must seep on v\u00e4ga niisutav seep t\u00e4nu oma k\u00f5rgele oliivi\u00f5li ja E-vitamiini kontsentratsioonile. Kasutades koos koorimiskindaga, on see tuntud oma kooriva toime poolest. Emulsioonina n\u00e4ole ja kehale ringjate liigutustega vabaneb surnud nahast nahka \u00e4rritamata v\u00f5i seda kuivatamata. See puhastab s\u00fcgavuti ja j\u00e4tab naha pehmeks ja satiinseks.<\/p>\n<p>T\u00e4nu argaania\u00f5lil, eukal\u00fcpti eeterlikul \u00f5lil (puhastab) ja oliivi\u00f5lil p\u00f5hinevale koostisele toidab, rahustab, puhastab ja toniseerib see hooldus nahka, kahjustamata samal ajal selle kaitsekihti.<\/p>\n<p>\u2714 Nahk on mustusest s\u00fcgavalt puhastatud<\/p>\n<p>\u2714 Pehme ja satiinne nahk<\/p>\n<p>Kasutamine: Kord n\u00e4dalas du\u0161i all k\u00e4ies kandke musta seepi kogu kehale, seej\u00e4rel laske m\u00f5juda kolm kuni viis minutit. Seej\u00e4rel kasutage naha koorimiseks ringjate liigutustega koorimiskinnast. Loputage jaheda veega, j\u00e4tkates h\u00f5\u00f5rumist, et eemaldada k\u00f5ik seebij\u00e4\u00e4gid.<\/p>\n<p>Kasutamiseks ainult t\u00e4iskasvanutele. Mitte kasutada rasedatel ega rinnaga toitvatel naistel.<\/p>\n<p>Ideaalne enne salendava hoolduse pealekandmist, et toimeained saaksid tungida s\u00fcgavale l\u00e4bi naha. Samuti enne isepruunistaja kasutamist \u00fchtlase tulemuse saavutamiseks.<\/p>\n<p>Koostis: Aqua, Potassium Olivate, Glycerin, Propanediol, Eucalyptus Globulus Leaf Oil, Argania Spinosa Kernel Oil, Caramel, Potassium Hydroxide, Limonene<\/p>","protected":false},"excerpt":{"rendered":"<p>Orgaaniline must seep on rikas E-vitamiini poolest. See loomulikult puhastab, toidab, kaitseb ja pehmendab k\u00f5iki nahat\u00fc\u00fcpe.<\/p>","protected":false},"featured_media":1005,"template":"","meta":[],"pwb-brand":[68],"product_brand":[],"product_cat":[31],"product_tag":[],"class_list":{"0":"post-1004","1":"product","2":"type-product","3":"status-publish","4":"has-post-thumbnail","6":"pwb-brand-haut-segala","7":"product_cat-keha","9":"first","10":"outofstock","11":"taxable","12":"shipping-taxable","13":"purchasable","14":"product-type-simple"},"yoast_head":"<!-- This site is optimized with the Yoast SEO plugin v27.3 - https:\/\/yoast.com\/product\/yoast-seo-wordpress\/ -->\n<title>Haut-S\u00e9gala Eukal\u00fcpti must seep 200g - Glamico<\/title>\n<meta name=\"robots\" content=\"index, follow, max-snippet:-1, max-image-preview:large, max-video-preview:-1\" \/>\n<link rel=\"canonical\" href=\"https:\/\/glamico.ee\/en\/pood\/haut-segala-eukalupti-must-seep-200g\/\" \/>\n<meta property=\"og:locale\" content=\"en_US\" \/>\n<meta property=\"og:type\" content=\"article\" \/>\n<meta property=\"og:title\" content=\"Haut-S\u00e9gala Eukal\u00fcpti must seep 200g - Glamico\" \/>\n<meta property=\"og:description\" content=\"Orgaaniline must seep on rikas E-vitamiini poolest. See loomulikult puhastab, toidab, kaitseb ja pehmendab k\u00f5iki nahat\u00fc\u00fcpe.\" \/>\n<meta property=\"og:url\" content=\"https:\/\/glamico.ee\/en\/pood\/haut-segala-eukalupti-must-seep-200g\/\" \/>\n<meta property=\"og:site_name\" content=\"Glamico\" \/>\n<meta property=\"article:modified_time\" content=\"2026-04-21T06:21:05+00:00\" \/>\n<meta property=\"og:image\" content=\"https:\/\/glamico.ee\/wp-content\/uploads\/2024\/01\/black-soap.png\" \/>\n\t<meta property=\"og:image:width\" content=\"1172\" \/>\n\t<meta property=\"og:image:height\" content=\"1377\" \/>\n\t<meta property=\"og:image:type\" content=\"image\/png\" \/>\n<meta name=\"twitter:card\" content=\"summary_large_image\" \/>\n<meta name=\"twitter:label1\" content=\"Est. reading time\" \/>\n\t<meta name=\"twitter:data1\" content=\"2 minutes\" \/>\n<script type=\"application\/ld+json\" class=\"yoast-schema-graph\">{\"@context\":\"https:\\\/\\\/schema.org\",\"@graph\":[{\"@type\":\"WebPage\",\"@id\":\"https:\\\/\\\/glamico.ee\\\/pood\\\/haut-segala-eukalupti-must-seep-200g\\\/\",\"url\":\"https:\\\/\\\/glamico.ee\\\/pood\\\/haut-segala-eukalupti-must-seep-200g\\\/\",\"name\":\"Haut-S\u00e9gala Eukal\u00fcpti must seep 200g - Glamico\",\"isPartOf\":{\"@id\":\"https:\\\/\\\/glamico.ee\\\/#website\"},\"primaryImageOfPage\":{\"@id\":\"https:\\\/\\\/glamico.ee\\\/pood\\\/haut-segala-eukalupti-must-seep-200g\\\/#primaryimage\"},\"image\":{\"@id\":\"https:\\\/\\\/glamico.ee\\\/pood\\\/haut-segala-eukalupti-must-seep-200g\\\/#primaryimage\"},\"thumbnailUrl\":\"https:\\\/\\\/glamico.ee\\\/wp-content\\\/uploads\\\/2024\\\/01\\\/black-soap.png\",\"datePublished\":\"2024-01-21T19:31:55+00:00\",\"dateModified\":\"2026-04-21T06:21:05+00:00\",\"breadcrumb\":{\"@id\":\"https:\\\/\\\/glamico.ee\\\/pood\\\/haut-segala-eukalupti-must-seep-200g\\\/#breadcrumb\"},\"inLanguage\":\"en-US\",\"potentialAction\":[{\"@type\":\"ReadAction\",\"target\":[\"https:\\\/\\\/glamico.ee\\\/pood\\\/haut-segala-eukalupti-must-seep-200g\\\/\"]}]},{\"@type\":\"ImageObject\",\"inLanguage\":\"en-US\",\"@id\":\"https:\\\/\\\/glamico.ee\\\/pood\\\/haut-segala-eukalupti-must-seep-200g\\\/#primaryimage\",\"url\":\"https:\\\/\\\/glamico.ee\\\/wp-content\\\/uploads\\\/2024\\\/01\\\/black-soap.png\",\"contentUrl\":\"https:\\\/\\\/glamico.ee\\\/wp-content\\\/uploads\\\/2024\\\/01\\\/black-soap.png\",\"width\":1172,\"height\":1377},{\"@type\":\"BreadcrumbList\",\"@id\":\"https:\\\/\\\/glamico.ee\\\/pood\\\/haut-segala-eukalupti-must-seep-200g\\\/#breadcrumb\",\"itemListElement\":[{\"@type\":\"ListItem\",\"position\":1,\"name\":\"Home\",\"item\":\"https:\\\/\\\/glamico.ee\\\/\"},{\"@type\":\"ListItem\",\"position\":2,\"name\":\"Pood\",\"item\":\"https:\\\/\\\/glamico.ee\\\/pood\\\/\"},{\"@type\":\"ListItem\",\"position\":3,\"name\":\"Haut-S\u00e9gala Eukal\u00fcpti must seep 200g\"}]},{\"@type\":\"WebSite\",\"@id\":\"https:\\\/\\\/glamico.ee\\\/#website\",\"url\":\"https:\\\/\\\/glamico.ee\\\/\",\"name\":\"Glamico\",\"description\":\"Ilutooted\",\"publisher\":{\"@id\":\"https:\\\/\\\/glamico.ee\\\/#organization\"},\"potentialAction\":[{\"@type\":\"SearchAction\",\"target\":{\"@type\":\"EntryPoint\",\"urlTemplate\":\"https:\\\/\\\/glamico.ee\\\/?s={search_term_string}\"},\"query-input\":{\"@type\":\"PropertyValueSpecification\",\"valueRequired\":true,\"valueName\":\"search_term_string\"}}],\"inLanguage\":\"en-US\"},{\"@type\":\"Organization\",\"@id\":\"https:\\\/\\\/glamico.ee\\\/#organization\",\"name\":\"Glamico Baltics O\u00dc\",\"url\":\"https:\\\/\\\/glamico.ee\\\/\",\"logo\":{\"@type\":\"ImageObject\",\"inLanguage\":\"en-US\",\"@id\":\"https:\\\/\\\/glamico.ee\\\/#\\\/schema\\\/logo\\\/image\\\/\",\"url\":\"https:\\\/\\\/glamico.ee\\\/wp-content\\\/uploads\\\/2025\\\/11\\\/Glamico-1.png\",\"contentUrl\":\"https:\\\/\\\/glamico.ee\\\/wp-content\\\/uploads\\\/2025\\\/11\\\/Glamico-1.png\",\"width\":627,\"height\":400,\"caption\":\"Glamico Baltics O\u00dc\"},\"image\":{\"@id\":\"https:\\\/\\\/glamico.ee\\\/#\\\/schema\\\/logo\\\/image\\\/\"},\"sameAs\":[\"https:\\\/\\\/www.instagram.com\\\/glamico.ee\\\/\"]}]}<\/script>\n<!-- \/ Yoast SEO plugin. -->","yoast_head_json":{"title":"Haut-S\u00e9gala Eukal\u00fcpti must seep 200g - Glamico","robots":{"index":"index","follow":"follow","max-snippet":"max-snippet:-1","max-image-preview":"max-image-preview:large","max-video-preview":"max-video-preview:-1"},"canonical":"https:\/\/glamico.ee\/en\/pood\/haut-segala-eukalupti-must-seep-200g\/","og_locale":"en_US","og_type":"article","og_title":"Haut-S\u00e9gala Eukal\u00fcpti must seep 200g - Glamico","og_description":"Orgaaniline must seep on rikas E-vitamiini poolest. See loomulikult puhastab, toidab, kaitseb ja pehmendab k\u00f5iki nahat\u00fc\u00fcpe.","og_url":"https:\/\/glamico.ee\/en\/pood\/haut-segala-eukalupti-must-seep-200g\/","og_site_name":"Glamico","article_modified_time":"2026-04-21T06:21:05+00:00","og_image":[{"width":1172,"height":1377,"url":"https:\/\/glamico.ee\/wp-content\/uploads\/2024\/01\/black-soap.png","type":"image\/png"}],"twitter_card":"summary_large_image","twitter_misc":{"Est. reading time":"2 minutes"},"schema":{"@context":"https:\/\/schema.org","@graph":[{"@type":"WebPage","@id":"https:\/\/glamico.ee\/pood\/haut-segala-eukalupti-must-seep-200g\/","url":"https:\/\/glamico.ee\/pood\/haut-segala-eukalupti-must-seep-200g\/","name":"Haut-S\u00e9gala Eukal\u00fcpti must seep 200g - Glamico","isPartOf":{"@id":"https:\/\/glamico.ee\/#website"},"primaryImageOfPage":{"@id":"https:\/\/glamico.ee\/pood\/haut-segala-eukalupti-must-seep-200g\/#primaryimage"},"image":{"@id":"https:\/\/glamico.ee\/pood\/haut-segala-eukalupti-must-seep-200g\/#primaryimage"},"thumbnailUrl":"https:\/\/glamico.ee\/wp-content\/uploads\/2024\/01\/black-soap.png","datePublished":"2024-01-21T19:31:55+00:00","dateModified":"2026-04-21T06:21:05+00:00","breadcrumb":{"@id":"https:\/\/glamico.ee\/pood\/haut-segala-eukalupti-must-seep-200g\/#breadcrumb"},"inLanguage":"en-US","potentialAction":[{"@type":"ReadAction","target":["https:\/\/glamico.ee\/pood\/haut-segala-eukalupti-must-seep-200g\/"]}]},{"@type":"ImageObject","inLanguage":"en-US","@id":"https:\/\/glamico.ee\/pood\/haut-segala-eukalupti-must-seep-200g\/#primaryimage","url":"https:\/\/glamico.ee\/wp-content\/uploads\/2024\/01\/black-soap.png","contentUrl":"https:\/\/glamico.ee\/wp-content\/uploads\/2024\/01\/black-soap.png","width":1172,"height":1377},{"@type":"BreadcrumbList","@id":"https:\/\/glamico.ee\/pood\/haut-segala-eukalupti-must-seep-200g\/#breadcrumb","itemListElement":[{"@type":"ListItem","position":1,"name":"Home","item":"https:\/\/glamico.ee\/"},{"@type":"ListItem","position":2,"name":"Pood","item":"https:\/\/glamico.ee\/pood\/"},{"@type":"ListItem","position":3,"name":"Haut-S\u00e9gala Eukal\u00fcpti must seep 200g"}]},{"@type":"WebSite","@id":"https:\/\/glamico.ee\/#website","url":"https:\/\/glamico.ee\/","name":"Glamico","description":"Ilutooted","publisher":{"@id":"https:\/\/glamico.ee\/#organization"},"potentialAction":[{"@type":"SearchAction","target":{"@type":"EntryPoint","urlTemplate":"https:\/\/glamico.ee\/?s={search_term_string}"},"query-input":{"@type":"PropertyValueSpecification","valueRequired":true,"valueName":"search_term_string"}}],"inLanguage":"en-US"},{"@type":"Organization","@id":"https:\/\/glamico.ee\/#organization","name":"Glamico Baltics O\u00dc","url":"https:\/\/glamico.ee\/","logo":{"@type":"ImageObject","inLanguage":"en-US","@id":"https:\/\/glamico.ee\/#\/schema\/logo\/image\/","url":"https:\/\/glamico.ee\/wp-content\/uploads\/2025\/11\/Glamico-1.png","contentUrl":"https:\/\/glamico.ee\/wp-content\/uploads\/2025\/11\/Glamico-1.png","width":627,"height":400,"caption":"Glamico Baltics O\u00dc"},"image":{"@id":"https:\/\/glamico.ee\/#\/schema\/logo\/image\/"},"sameAs":["https:\/\/www.instagram.com\/glamico.ee\/"]}]}},"brands":[{"id":68,"name":"Laboratoire du Haut-S\u00e9gala","slug":"haut-segala"}],"_links":{"self":[{"href":"https:\/\/glamico.ee\/en\/wp-json\/wp\/v2\/product\/1004","targetHints":{"allow":["GET"]}}],"collection":[{"href":"https:\/\/glamico.ee\/en\/wp-json\/wp\/v2\/product"}],"about":[{"href":"https:\/\/glamico.ee\/en\/wp-json\/wp\/v2\/types\/product"}],"version-history":[{"count":1,"href":"https:\/\/glamico.ee\/en\/wp-json\/wp\/v2\/product\/1004\/revisions"}],"predecessor-version":[{"id":2297,"href":"https:\/\/glamico.ee\/en\/wp-json\/wp\/v2\/product\/1004\/revisions\/2297"}],"wp:featuredmedia":[{"embeddable":true,"href":"https:\/\/glamico.ee\/en\/wp-json\/wp\/v2\/media\/1005"}],"wp:attachment":[{"href":"https:\/\/glamico.ee\/en\/wp-json\/wp\/v2\/media?parent=1004"}],"wp:term":[{"taxonomy":"pwb-brand","embeddable":true,"href":"https:\/\/glamico.ee\/en\/wp-json\/wp\/v2\/pwb-brand?post=1004"},{"taxonomy":"product_brand","embeddable":true,"href":"https:\/\/glamico.ee\/en\/wp-json\/wp\/v2\/product_brand?post=1004"},{"taxonomy":"product_cat","embeddable":true,"href":"https:\/\/glamico.ee\/en\/wp-json\/wp\/v2\/product_cat?post=1004"},{"taxonomy":"product_tag","embeddable":true,"href":"https:\/\/glamico.ee\/en\/wp-json\/wp\/v2\/product_tag?post=1004"}],"curies":[{"name":"wp","href":"https:\/\/api.w.org\/{rel}","templated":true}]}}