{"id":329,"date":"2022-12-06T14:15:26","date_gmt":"2022-12-06T14:15:26","guid":{"rendered":"https:\/\/glamico.ee\/?page_id=329"},"modified":"2022-12-06T14:22:35","modified_gmt":"2022-12-06T14:22:35","slug":"privaatsuspoliitika","status":"publish","type":"page","link":"https:\/\/glamico.ee\/en\/privaatsuspoliitika\/","title":{"rendered":"Privaatsuspoliitika"},"content":{"rendered":"<div data-elementor-type=\"wp-page\" data-elementor-id=\"329\" class=\"elementor elementor-329\" data-elementor-post-type=\"page\">\n\t\t\t\t\t\t<section class=\"elementor-section elementor-top-section elementor-element elementor-element-8fcd7d5 elementor-section-boxed elementor-section-height-default elementor-section-height-default\" data-id=\"8fcd7d5\" data-element_type=\"section\" data-e-type=\"section\">\n\t\t\t\t\t\t<div class=\"elementor-container elementor-column-gap-default\">\n\t\t\t\t\t<div class=\"elementor-column elementor-col-100 elementor-top-column elementor-element elementor-element-e97d404\" data-id=\"e97d404\" data-element_type=\"column\" data-e-type=\"column\">\n\t\t\t<div class=\"elementor-widget-wrap elementor-element-populated\">\n\t\t\t\t\t\t<div class=\"elementor-element elementor-element-66b9240 elementor-widget elementor-widget-text-editor\" data-id=\"66b9240\" data-element_type=\"widget\" data-e-type=\"widget\" data-widget_type=\"text-editor.default\">\n\t\t\t\t<div class=\"elementor-widget-container\">\n\t\t\t\t\t\t\t\t\t<p><strong>Privaatsuspoliitika<\/strong><br \/>Glamico.ee kasutab Kliendi esitatud informatsiooni ainult Kliendi ostutellimuse t\u00e4itmiseks ja ei avalda neid kolmandatele osapooltele.<\/p><p>Isikuandmetest kogume nime, aadressi, postiindeksit, e-posti aadressi, telefoninumbrit.<\/p><p>K\u00f5iki glamico.ee tellimise ning ostude sooritamise k\u00e4igus teatavaks saanud personaalseid andmeid k\u00e4sitletakse kui konfidentsiaalset infot. Me ei avalda kliendi isikuandmeid kolmandatele osapooltele. Ettev\u00f5te kasutab Kliendi personaalseid andmeid tellitud toodete saatmiseks kliendile v\u00f5i tellimustega seotud k\u00fcsimuste korral.<\/p><p>Kliendi j\u00e4etud tagasisidet v\u00f5ib glamico.ee kasutada reklaami eesm\u00e4rkidel ainult siis, kui klient on selleks n\u00f5usoleku andnud.<\/p><p>K\u00f5ik klientide kommentaarid l\u00e4bivad esmalt \u00fclevaatuse ja seej\u00e4rel tehakse poe haldaja poolt valik, millised avaldatakse ja millised mitte.<\/p><p>Kliendi kommentaaris on poe haldajal lubatud teha ainult keelelisi korrektuure, ilma et kommentaari m\u00f5te muutuks.<\/p><p>Klient v\u00f5ib igal hetkel n\u00f5uda oma andmete kustutamist glamico.ee andmebaasist.<\/p><p>K\u00fcsimuste korral kirjuta meile info@glamico.ee<\/p>\t\t\t\t\t\t\t\t<\/div>\n\t\t\t\t<\/div>\n\t\t\t\t\t<\/div>\n\t\t<\/div>\n\t\t\t\t\t<\/div>\n\t\t<\/section>\n\t\t\t\t<\/div>","protected":false},"excerpt":{"rendered":"<p>Privaatsuspoliitika Glamico.ee kasutab Kliendi esitatud informatsiooni ainult Kliendi ostutellimuse t\u00e4itmiseks ja ei avalda neid kolmandatele osapooltele. Isikuandmetest kogume nime, aadressi, postiindeksit, e-posti aadressi, telefoninumbrit. K\u00f5iki glamico.ee tellimise ning ostude sooritamise k\u00e4igus teatavaks saanud personaalseid andmeid k\u00e4sitletakse kui konfidentsiaalset infot. Me ei avalda kliendi isikuandmeid kolmandatele osapooltele. Ettev\u00f5te kasutab Kliendi personaalseid andmeid tellitud toodete saatmiseks kliendile v\u00f5i tellimustega seotud k\u00fcsimuste korral. [&hellip;]<\/p>\n","protected":false},"author":1,"featured_media":0,"parent":0,"menu_order":0,"comment_status":"closed","ping_status":"closed","template":"","meta":{"footnotes":""},"class_list":["post-329","page","type-page","status-publish","hentry"],"yoast_head":"<!-- This site is optimized with the Yoast SEO plugin v27.3 - https:\/\/yoast.com\/product\/yoast-seo-wordpress\/ -->\n<title>Privaatsuspoliitika - Glamico<\/title>\n<meta name=\"robots\" content=\"index, follow, max-snippet:-1, max-image-preview:large, max-video-preview:-1\" \/>\n<link rel=\"canonical\" href=\"https:\/\/glamico.ee\/en\/privaatsuspoliitika\/\" \/>\n<meta property=\"og:locale\" content=\"en_US\" \/>\n<meta property=\"og:type\" content=\"article\" \/>\n<meta property=\"og:title\" content=\"Privaatsuspoliitika - Glamico\" \/>\n<meta property=\"og:description\" content=\"Privaatsuspoliitika Glamico.ee kasutab Kliendi esitatud informatsiooni ainult Kliendi ostutellimuse t\u00e4itmiseks ja ei avalda neid kolmandatele osapooltele. Isikuandmetest kogume nime, aadressi, postiindeksit, e-posti aadressi, telefoninumbrit. K\u00f5iki glamico.ee tellimise ning ostude sooritamise k\u00e4igus teatavaks saanud personaalseid andmeid k\u00e4sitletakse kui konfidentsiaalset infot. Me ei avalda kliendi isikuandmeid kolmandatele osapooltele. Ettev\u00f5te kasutab Kliendi personaalseid andmeid tellitud toodete saatmiseks kliendile v\u00f5i tellimustega seotud k\u00fcsimuste korral. [&hellip;]\" \/>\n<meta property=\"og:url\" content=\"https:\/\/glamico.ee\/en\/privaatsuspoliitika\/\" \/>\n<meta property=\"og:site_name\" content=\"Glamico\" \/>\n<meta property=\"article:modified_time\" content=\"2022-12-06T14:22:35+00:00\" \/>\n<meta property=\"og:image\" content=\"https:\/\/glamico.ee\/wp-content\/uploads\/2025\/11\/5905669134019_4.webp\" \/>\n\t<meta property=\"og:image:width\" content=\"900\" \/>\n\t<meta property=\"og:image:height\" content=\"1200\" \/>\n\t<meta property=\"og:image:type\" content=\"image\/webp\" \/>\n<meta name=\"twitter:card\" content=\"summary_large_image\" \/>\n<meta name=\"twitter:label1\" content=\"Est. reading time\" \/>\n\t<meta name=\"twitter:data1\" content=\"1 minute\" \/>\n<script type=\"application\/ld+json\" class=\"yoast-schema-graph\">{\"@context\":\"https:\\\/\\\/schema.org\",\"@graph\":[{\"@type\":\"WebPage\",\"@id\":\"https:\\\/\\\/glamico.ee\\\/privaatsuspoliitika\\\/\",\"url\":\"https:\\\/\\\/glamico.ee\\\/privaatsuspoliitika\\\/\",\"name\":\"Privaatsuspoliitika - Glamico\",\"isPartOf\":{\"@id\":\"https:\\\/\\\/glamico.ee\\\/#website\"},\"datePublished\":\"2022-12-06T14:15:26+00:00\",\"dateModified\":\"2022-12-06T14:22:35+00:00\",\"breadcrumb\":{\"@id\":\"https:\\\/\\\/glamico.ee\\\/privaatsuspoliitika\\\/#breadcrumb\"},\"inLanguage\":\"en-US\",\"potentialAction\":[{\"@type\":\"ReadAction\",\"target\":[\"https:\\\/\\\/glamico.ee\\\/privaatsuspoliitika\\\/\"]}]},{\"@type\":\"BreadcrumbList\",\"@id\":\"https:\\\/\\\/glamico.ee\\\/privaatsuspoliitika\\\/#breadcrumb\",\"itemListElement\":[{\"@type\":\"ListItem\",\"position\":1,\"name\":\"Home\",\"item\":\"https:\\\/\\\/glamico.ee\\\/\"},{\"@type\":\"ListItem\",\"position\":2,\"name\":\"Privaatsuspoliitika\"}]},{\"@type\":\"WebSite\",\"@id\":\"https:\\\/\\\/glamico.ee\\\/#website\",\"url\":\"https:\\\/\\\/glamico.ee\\\/\",\"name\":\"Glamico\",\"description\":\"Ilutooted\",\"publisher\":{\"@id\":\"https:\\\/\\\/glamico.ee\\\/#organization\"},\"potentialAction\":[{\"@type\":\"SearchAction\",\"target\":{\"@type\":\"EntryPoint\",\"urlTemplate\":\"https:\\\/\\\/glamico.ee\\\/?s={search_term_string}\"},\"query-input\":{\"@type\":\"PropertyValueSpecification\",\"valueRequired\":true,\"valueName\":\"search_term_string\"}}],\"inLanguage\":\"en-US\"},{\"@type\":\"Organization\",\"@id\":\"https:\\\/\\\/glamico.ee\\\/#organization\",\"name\":\"Glamico Baltics O\u00dc\",\"url\":\"https:\\\/\\\/glamico.ee\\\/\",\"logo\":{\"@type\":\"ImageObject\",\"inLanguage\":\"en-US\",\"@id\":\"https:\\\/\\\/glamico.ee\\\/#\\\/schema\\\/logo\\\/image\\\/\",\"url\":\"https:\\\/\\\/glamico.ee\\\/wp-content\\\/uploads\\\/2025\\\/11\\\/Glamico-1.png\",\"contentUrl\":\"https:\\\/\\\/glamico.ee\\\/wp-content\\\/uploads\\\/2025\\\/11\\\/Glamico-1.png\",\"width\":627,\"height\":400,\"caption\":\"Glamico Baltics O\u00dc\"},\"image\":{\"@id\":\"https:\\\/\\\/glamico.ee\\\/#\\\/schema\\\/logo\\\/image\\\/\"},\"sameAs\":[\"https:\\\/\\\/www.instagram.com\\\/glamico.ee\\\/\"]}]}<\/script>\n<!-- \/ Yoast SEO plugin. -->","yoast_head_json":{"title":"Privaatsuspoliitika - Glamico","robots":{"index":"index","follow":"follow","max-snippet":"max-snippet:-1","max-image-preview":"max-image-preview:large","max-video-preview":"max-video-preview:-1"},"canonical":"https:\/\/glamico.ee\/en\/privaatsuspoliitika\/","og_locale":"en_US","og_type":"article","og_title":"Privaatsuspoliitika - Glamico","og_description":"Privaatsuspoliitika Glamico.ee kasutab Kliendi esitatud informatsiooni ainult Kliendi ostutellimuse t\u00e4itmiseks ja ei avalda neid kolmandatele osapooltele. Isikuandmetest kogume nime, aadressi, postiindeksit, e-posti aadressi, telefoninumbrit. K\u00f5iki glamico.ee tellimise ning ostude sooritamise k\u00e4igus teatavaks saanud personaalseid andmeid k\u00e4sitletakse kui konfidentsiaalset infot. Me ei avalda kliendi isikuandmeid kolmandatele osapooltele. Ettev\u00f5te kasutab Kliendi personaalseid andmeid tellitud toodete saatmiseks kliendile v\u00f5i tellimustega seotud k\u00fcsimuste korral. [&hellip;]","og_url":"https:\/\/glamico.ee\/en\/privaatsuspoliitika\/","og_site_name":"Glamico","article_modified_time":"2022-12-06T14:22:35+00:00","og_image":[{"width":900,"height":1200,"url":"https:\/\/glamico.ee\/wp-content\/uploads\/2025\/11\/5905669134019_4.webp","type":"image\/webp"}],"twitter_card":"summary_large_image","twitter_misc":{"Est. reading time":"1 minute"},"schema":{"@context":"https:\/\/schema.org","@graph":[{"@type":"WebPage","@id":"https:\/\/glamico.ee\/privaatsuspoliitika\/","url":"https:\/\/glamico.ee\/privaatsuspoliitika\/","name":"Privaatsuspoliitika - Glamico","isPartOf":{"@id":"https:\/\/glamico.ee\/#website"},"datePublished":"2022-12-06T14:15:26+00:00","dateModified":"2022-12-06T14:22:35+00:00","breadcrumb":{"@id":"https:\/\/glamico.ee\/privaatsuspoliitika\/#breadcrumb"},"inLanguage":"en-US","potentialAction":[{"@type":"ReadAction","target":["https:\/\/glamico.ee\/privaatsuspoliitika\/"]}]},{"@type":"BreadcrumbList","@id":"https:\/\/glamico.ee\/privaatsuspoliitika\/#breadcrumb","itemListElement":[{"@type":"ListItem","position":1,"name":"Home","item":"https:\/\/glamico.ee\/"},{"@type":"ListItem","position":2,"name":"Privaatsuspoliitika"}]},{"@type":"WebSite","@id":"https:\/\/glamico.ee\/#website","url":"https:\/\/glamico.ee\/","name":"Glamico","description":"Ilutooted","publisher":{"@id":"https:\/\/glamico.ee\/#organization"},"potentialAction":[{"@type":"SearchAction","target":{"@type":"EntryPoint","urlTemplate":"https:\/\/glamico.ee\/?s={search_term_string}"},"query-input":{"@type":"PropertyValueSpecification","valueRequired":true,"valueName":"search_term_string"}}],"inLanguage":"en-US"},{"@type":"Organization","@id":"https:\/\/glamico.ee\/#organization","name":"Glamico Baltics O\u00dc","url":"https:\/\/glamico.ee\/","logo":{"@type":"ImageObject","inLanguage":"en-US","@id":"https:\/\/glamico.ee\/#\/schema\/logo\/image\/","url":"https:\/\/glamico.ee\/wp-content\/uploads\/2025\/11\/Glamico-1.png","contentUrl":"https:\/\/glamico.ee\/wp-content\/uploads\/2025\/11\/Glamico-1.png","width":627,"height":400,"caption":"Glamico Baltics O\u00dc"},"image":{"@id":"https:\/\/glamico.ee\/#\/schema\/logo\/image\/"},"sameAs":["https:\/\/www.instagram.com\/glamico.ee\/"]}]}},"_links":{"self":[{"href":"https:\/\/glamico.ee\/en\/wp-json\/wp\/v2\/pages\/329","targetHints":{"allow":["GET"]}}],"collection":[{"href":"https:\/\/glamico.ee\/en\/wp-json\/wp\/v2\/pages"}],"about":[{"href":"https:\/\/glamico.ee\/en\/wp-json\/wp\/v2\/types\/page"}],"author":[{"embeddable":true,"href":"https:\/\/glamico.ee\/en\/wp-json\/wp\/v2\/users\/1"}],"replies":[{"embeddable":true,"href":"https:\/\/glamico.ee\/en\/wp-json\/wp\/v2\/comments?post=329"}],"version-history":[{"count":0,"href":"https:\/\/glamico.ee\/en\/wp-json\/wp\/v2\/pages\/329\/revisions"}],"wp:attachment":[{"href":"https:\/\/glamico.ee\/en\/wp-json\/wp\/v2\/media?parent=329"}],"curies":[{"name":"wp","href":"https:\/\/api.w.org\/{rel}","templated":true}]}}