{"id":15,"date":"2022-12-03T12:27:35","date_gmt":"2022-12-03T12:27:35","guid":{"rendered":"https:\/\/glamico.ee\/?page_id=15"},"modified":"2024-01-21T18:42:29","modified_gmt":"2024-01-21T16:42:29","slug":"myygitingimused","status":"publish","type":"page","link":"https:\/\/glamico.ee\/en\/myygitingimused\/","title":{"rendered":"M\u00fc\u00fcgitingimused"},"content":{"rendered":"<div data-elementor-type=\"wp-page\" data-elementor-id=\"15\" class=\"elementor elementor-15\" data-elementor-post-type=\"page\">\n\t\t\t\t\t\t<section class=\"elementor-section elementor-top-section elementor-element elementor-element-4d52f460 elementor-section-boxed elementor-section-height-default elementor-section-height-default\" data-id=\"4d52f460\" data-element_type=\"section\" data-e-type=\"section\">\n\t\t\t\t\t\t<div class=\"elementor-container elementor-column-gap-default\">\n\t\t\t\t\t<div class=\"elementor-column elementor-col-100 elementor-top-column elementor-element elementor-element-5ec45299\" data-id=\"5ec45299\" data-element_type=\"column\" data-e-type=\"column\">\n\t\t\t<div class=\"elementor-widget-wrap elementor-element-populated\">\n\t\t\t\t\t\t<div class=\"elementor-element elementor-element-38c7d4f9 elementor-widget elementor-widget-text-editor\" data-id=\"38c7d4f9\" data-element_type=\"widget\" data-e-type=\"widget\" data-widget_type=\"text-editor.default\">\n\t\t\t\t<div class=\"elementor-widget-container\">\n\t\t\t\t\t\t\t\t\t<p><strong>M\u00fc\u00fcgitingimused<\/strong><\/p>\n<p>\u00dcldised m\u00fc\u00fcgitingimused kehtivad glamico.ee klientide (edaspidi Klient) ja glamico.ee&nbsp; omaniku&nbsp; Glamico Baltics O\u00dc ( edaspidi glamico.ee) vahel.<\/p>\n<p>\u00dcldised m\u00fc\u00fcgitingimused on koosk\u00f5las&nbsp; Eesti Vabariigis kehtivate \u00f5igusnormidega. L\u00e4htutakse www.glamico.ee tooteinfost, hinnakirjast ning ostuinfost.<\/p>\n<p>M\u00fc\u00fcgi ja hinnakirja muudatused j\u00f5ustuvad, kui need on avaldatud glamico.ee poes. Kui Klient edastas oma tellimuse enne tingimuste muudatuse j\u00f5ustumist, siis kehtivad Kliendi jaoks&nbsp; eelnevad tellimuse tingimused v.a kui seaduses v\u00f5i m\u00fc\u00fcgitingimustes ei ole s\u00e4testatud teisiti.<\/p>\n<p>Kaupmees on isikuandmete vastutav t\u00f6\u00f6tleja, Kaupmees edastab maksete teostamiseks vajalikud isikuandmed volitatud t\u00f6\u00f6tleja Montonio Finance O\u00dc-le.<\/p>\n<p>Esitades tellimuse glamico.ee poes, kinnitab Klient, et on tutvunud m\u00fc\u00fcgitingimustega ning on nendega n\u00f5us.<\/p>\n<p><strong>Tellimuse vormistamine<\/strong><\/p>\n<p>Kauba tellimiseks tuleb lisada soovitud tooted ostukorvi. Tellimuse vormistamiseks tuleb t\u00e4ita n\u00f5utud andmev\u00e4ljad ning valida sobiv toodete kohaletoimetamise viis. Seej\u00e4rel kuvatakse ekraanile tasu suurus, mille saab tasuda pangalingi kaudu v\u00f5i muu makselahenduse abil.<\/p>\n<p>Leping j\u00f5ustub alates tasumisele kuuluva summa laekumisest Veebipoe arvelduskontole.<\/p>\n<p>Kui tellitud kaupa ei ole v\u00f5imalik tarnida seoses kauba l\u00f5ppemisega v\u00f5i muul p\u00f5hjusel, teavitatakse sellest ostjat esimesel v\u00f5imalusel ning tagastatakse tasutud raha (sh kauba k\u00e4ttetoimetamise kulud) viivitamata, kuid mitte hiljem kui 14 p\u00e4eva jooksul teate saatmisest.<\/p>\n<p><strong>Maksetingimused<\/strong><\/p>\n<p>Kiire ja mugav Eesti pangalingid&nbsp; Swedbank, SEB Pank, Luminor , Cooppank, LHV .Makseteenuse pakkuja MONTONIO FINANCE O\u00dc Reg.nr: 14557628<\/p>\n<p>Krediitkaardid: Visa (Verified by Visa) ja Mastercardi (Securecode)<\/p>\n<p>Arvega tasumine (postitamine peale arve laekumist)<\/p>\n<p>J\u00e4relmaks<\/p>\n<p>\u00dche taotlusega saad pakkumise mitmelt krediidiandjalt. Lisa soovitud tooted ostukorvi ning vali makseviisiks J\u00c4RELMAKS. Vali sobiv lepinguperiood ning t\u00e4ida taotlus. J\u00e4relmaksuplatvormi kaudu saad mitmelt krediidiandjalt finantseerimispakkumise. Tutvu tingimustega ning vali enda jaoks sobivaim.Krediidivahendusteenuse pakkujaks on Montonio Finance O\u00dc<\/p>\n<p><strong>Hinnakiri<\/strong><\/p>\n<p>Glamico.ee veebipoes m\u00fc\u00fcdavate toodete hinnad sisaldavad 22% k\u00e4ibemaksu ning on toodud eurodes, ega sisalda kohaletoimetamiskulusid.<\/p>\n<p>Koheletoimetuskuludeks saab Klient valida endale sobiva postiteenusepakkuja ostu vormistamisel. Postikulu hinnad sisaldavad k\u00e4ibemaksu.<\/p>\n<p>Toodete kohaletoimetamine ja \u00fcleandmine<\/p>\n<p>Tarneaeg Eesti siseselt on 1-2 t\u00f6\u00f6p\u00e4eva. L\u00e4ti, Leedu 3-4 t\u00f6\u00f6p\u00e4eva<\/p>\n<p>K\u00e4ttetoimetamisviisid:<\/p>\n<p>Omniva pakiautomaadid<\/p>\n<p>Kulleriga koju v\u00f5i t\u00f6\u00f6le<\/p>\n<p>Toote tagastamine<\/p>\n<p>Kui kaup ei vasta Kliendi ootsutele, on \u00f5igus see tagasi saata 14 p\u00e4eva jooksul peale kauba k\u00e4ttesaamist.Postikulu maksab sellisel juhul klient. Tagastatav toode peab olema kahjustamata, originaalpakendis ning kasutamata. Raha tagastatakse kliendile 14 p\u00e4eva jooksul peale kauba tagastust glamico.ee lattu(sh kauba ostul makstud postikulu).<\/p>\n<p>14-p\u00e4evane tagastamis\u00f5igus ei kehti kosmeetikatoodetele , mis on avatud. Kuna nad ei ole kasutatavad tervisekaitse v\u00f5i h\u00fcgieenilistel p\u00f5hjustel.<\/p>\n<p>Tagastus teha M\u00e4rjamaa Konsumi Smartposti, M\u00e4rjamaa Maxima DPD &nbsp;v\u00f5i M\u00e4rjamaa Maxima Omniva pakiautomaati Kontakt +372 5878 4600 info@glamico.ee&nbsp; Kaubaga lisada ostuarve.<\/p>\n<p><strong>Garantii<\/strong><\/p>\n<p>Vastavalt V\u00f5la\u00f5igusseadusele on Kliendil \u00f5igus pretentsioon esitada 2 aasta jooksul.<\/p>\n<p>Garantii korral v\u00f5tta \u00fchendust maili teel info@glamico.ee<\/p>\n<p>Pretensiooni esitamise \u00f5igus<\/p>\n<p>Glamico.ee vastutab ostjale m\u00fc\u00fcdud kauba lepingutingimustele mittevastavuse v\u00f5i puuduse eest, mis oli olemas juba asja \u00fcleandmise hetkel ning mis ilmneb kuni kahe aasta jooksul, alates kauba \u00fcleandmisest ostjale. Sellest esimese kuue kuu jooksul asja \u00fcleandmisest ostjale eeldatakse, et puudus oli olemas juba asja \u00fcleandmise ajal. Vastava eelduse \u00fcmberl\u00fckkamine on glamico.ee kohustus.<\/p>\n<p>Ostjal on \u00f5igus puuduse ilmnemisel p\u00f6\u00f6rduda hiljemalt kahe kuu jooksul veebipoe poole, saates e-kirja aadressile info@glamico.ee<\/p>\n<p>Glamico.ee ei vastuta puuduste eest, mis on tekkinud p\u00e4rast kauba \u00fcleandmist ostjale.<\/p>\n<p>Kui&nbsp; ostetud kaubal on puudused, mille eest glamico.ee vastutab, parandab v\u00f5i asendab Veebipood puudusega kauba. Kui kaupa ei ole v\u00f5imalik parandada ega asendada, tagastab Veebipood ostjale k\u00f5ik m\u00fc\u00fcgilepinguga kaasnenud tasud.<\/p>\n<p>Glamico.ee vastab tarbija esitatud kaebusele kirjalikult v\u00f5i kirjalikku taasesitamist v\u00f5imaldavas vormis 15 p\u00e4eva jooksul.<\/p>\n<p><strong>Vaidluste lahendamine<\/strong><\/p>\n<p>Kui ostjal on glamico.ee osas pretensioone, tuleb need saata e-kirja aadressile info@glamico.ee<\/p>\n<p>Kui ostja ja glamico.ee ei suuda lahenda vaidlust kokkuleppe teel, siis on ostjal v\u00f5imalik p\u00f6\u00f6rduda Tarbijavaidluste komisjoni poole. Menetlustingimustega saab tutvuda ning avaldust esitada siin. Tarbijavaidluste komisjoni p\u00e4devuses on lahendada ostja ja glamico.ee vahel s\u00f5lmitud lepingust tulenevaid vaidlusi. Ostja kaebuse l\u00e4bivaatamine komisjonis on tasuta.<\/p>\n<p>Ostja v\u00f5ib p\u00f6\u00f6rduda Euroopa Liidu tarbijavaidlusi lahendava platvormi poole.<\/p>\n<p><strong>Muud<\/strong><\/p>\n<p>K\u00e4esolevates tingimustes reguleerimata k\u00fcsimustes juhindutakse Eesti Vabariigis kehtivast seadusandlusest ning poolte vahelisi suhteid reguleerivatest \u00f5igusaktidest.<\/p>\t\t\t\t\t\t\t\t<\/div>\n\t\t\t\t<\/div>\n\t\t\t\t\t<\/div>\n\t\t<\/div>\n\t\t\t\t\t<\/div>\n\t\t<\/section>\n\t\t\t\t<\/div>","protected":false},"excerpt":{"rendered":"<p>M\u00fc\u00fcgitingimused \u00dcldised m\u00fc\u00fcgitingimused kehtivad glamico.ee klientide (edaspidi Klient) ja glamico.ee&nbsp; omaniku&nbsp; Glamico Baltics O\u00dc ( edaspidi glamico.ee) vahel. \u00dcldised m\u00fc\u00fcgitingimused on koosk\u00f5las&nbsp; Eesti Vabariigis kehtivate \u00f5igusnormidega. L\u00e4htutakse www.glamico.ee tooteinfost, hinnakirjast ning ostuinfost. M\u00fc\u00fcgi ja hinnakirja muudatused j\u00f5ustuvad, kui need on avaldatud glamico.ee poes. Kui Klient edastas oma tellimuse enne tingimuste muudatuse j\u00f5ustumist, siis kehtivad Kliendi jaoks&nbsp; eelnevad tellimuse tingimused v.a [&hellip;]<\/p>\n","protected":false},"author":1,"featured_media":0,"parent":0,"menu_order":0,"comment_status":"closed","ping_status":"closed","template":"elementor_header_footer","meta":{"footnotes":""},"class_list":["post-15","page","type-page","status-publish","hentry"],"yoast_head":"<!-- This site is optimized with the Yoast SEO plugin v27.3 - https:\/\/yoast.com\/product\/yoast-seo-wordpress\/ -->\n<title>M\u00fc\u00fcgitingimused - Glamico<\/title>\n<meta name=\"robots\" content=\"index, follow, max-snippet:-1, max-image-preview:large, max-video-preview:-1\" \/>\n<link rel=\"canonical\" href=\"https:\/\/glamico.ee\/en\/myygitingimused\/\" \/>\n<meta property=\"og:locale\" content=\"en_US\" \/>\n<meta property=\"og:type\" content=\"article\" \/>\n<meta property=\"og:title\" content=\"M\u00fc\u00fcgitingimused - Glamico\" \/>\n<meta property=\"og:description\" content=\"M\u00fc\u00fcgitingimused \u00dcldised m\u00fc\u00fcgitingimused kehtivad glamico.ee klientide (edaspidi Klient) ja glamico.ee&nbsp; omaniku&nbsp; Glamico Baltics O\u00dc ( edaspidi glamico.ee) vahel. \u00dcldised m\u00fc\u00fcgitingimused on koosk\u00f5las&nbsp; Eesti Vabariigis kehtivate \u00f5igusnormidega. L\u00e4htutakse www.glamico.ee tooteinfost, hinnakirjast ning ostuinfost. M\u00fc\u00fcgi ja hinnakirja muudatused j\u00f5ustuvad, kui need on avaldatud glamico.ee poes. Kui Klient edastas oma tellimuse enne tingimuste muudatuse j\u00f5ustumist, siis kehtivad Kliendi jaoks&nbsp; eelnevad tellimuse tingimused v.a [&hellip;]\" \/>\n<meta property=\"og:url\" content=\"https:\/\/glamico.ee\/en\/myygitingimused\/\" \/>\n<meta property=\"og:site_name\" content=\"Glamico\" \/>\n<meta property=\"article:modified_time\" content=\"2024-01-21T16:42:29+00:00\" \/>\n<meta property=\"og:image\" content=\"https:\/\/glamico.ee\/wp-content\/uploads\/2025\/11\/5905669134019_4.webp\" \/>\n\t<meta property=\"og:image:width\" content=\"900\" \/>\n\t<meta property=\"og:image:height\" content=\"1200\" \/>\n\t<meta property=\"og:image:type\" content=\"image\/webp\" \/>\n<meta name=\"twitter:card\" content=\"summary_large_image\" \/>\n<meta name=\"twitter:label1\" content=\"Est. reading time\" \/>\n\t<meta name=\"twitter:data1\" content=\"4 minutes\" \/>\n<script type=\"application\/ld+json\" class=\"yoast-schema-graph\">{\"@context\":\"https:\\\/\\\/schema.org\",\"@graph\":[{\"@type\":\"WebPage\",\"@id\":\"https:\\\/\\\/glamico.ee\\\/myygitingimused\\\/\",\"url\":\"https:\\\/\\\/glamico.ee\\\/myygitingimused\\\/\",\"name\":\"M\u00fc\u00fcgitingimused - Glamico\",\"isPartOf\":{\"@id\":\"https:\\\/\\\/glamico.ee\\\/#website\"},\"datePublished\":\"2022-12-03T12:27:35+00:00\",\"dateModified\":\"2024-01-21T16:42:29+00:00\",\"breadcrumb\":{\"@id\":\"https:\\\/\\\/glamico.ee\\\/myygitingimused\\\/#breadcrumb\"},\"inLanguage\":\"en-US\",\"potentialAction\":[{\"@type\":\"ReadAction\",\"target\":[\"https:\\\/\\\/glamico.ee\\\/myygitingimused\\\/\"]}]},{\"@type\":\"BreadcrumbList\",\"@id\":\"https:\\\/\\\/glamico.ee\\\/myygitingimused\\\/#breadcrumb\",\"itemListElement\":[{\"@type\":\"ListItem\",\"position\":1,\"name\":\"Home\",\"item\":\"https:\\\/\\\/glamico.ee\\\/\"},{\"@type\":\"ListItem\",\"position\":2,\"name\":\"M\u00fc\u00fcgitingimused\"}]},{\"@type\":\"WebSite\",\"@id\":\"https:\\\/\\\/glamico.ee\\\/#website\",\"url\":\"https:\\\/\\\/glamico.ee\\\/\",\"name\":\"Glamico\",\"description\":\"Ilutooted\",\"publisher\":{\"@id\":\"https:\\\/\\\/glamico.ee\\\/#organization\"},\"potentialAction\":[{\"@type\":\"SearchAction\",\"target\":{\"@type\":\"EntryPoint\",\"urlTemplate\":\"https:\\\/\\\/glamico.ee\\\/?s={search_term_string}\"},\"query-input\":{\"@type\":\"PropertyValueSpecification\",\"valueRequired\":true,\"valueName\":\"search_term_string\"}}],\"inLanguage\":\"en-US\"},{\"@type\":\"Organization\",\"@id\":\"https:\\\/\\\/glamico.ee\\\/#organization\",\"name\":\"Glamico Baltics O\u00dc\",\"url\":\"https:\\\/\\\/glamico.ee\\\/\",\"logo\":{\"@type\":\"ImageObject\",\"inLanguage\":\"en-US\",\"@id\":\"https:\\\/\\\/glamico.ee\\\/#\\\/schema\\\/logo\\\/image\\\/\",\"url\":\"https:\\\/\\\/glamico.ee\\\/wp-content\\\/uploads\\\/2025\\\/11\\\/Glamico-1.png\",\"contentUrl\":\"https:\\\/\\\/glamico.ee\\\/wp-content\\\/uploads\\\/2025\\\/11\\\/Glamico-1.png\",\"width\":627,\"height\":400,\"caption\":\"Glamico Baltics O\u00dc\"},\"image\":{\"@id\":\"https:\\\/\\\/glamico.ee\\\/#\\\/schema\\\/logo\\\/image\\\/\"},\"sameAs\":[\"https:\\\/\\\/www.instagram.com\\\/glamico.ee\\\/\"]}]}<\/script>\n<!-- \/ Yoast SEO plugin. -->","yoast_head_json":{"title":"M\u00fc\u00fcgitingimused - Glamico","robots":{"index":"index","follow":"follow","max-snippet":"max-snippet:-1","max-image-preview":"max-image-preview:large","max-video-preview":"max-video-preview:-1"},"canonical":"https:\/\/glamico.ee\/en\/myygitingimused\/","og_locale":"en_US","og_type":"article","og_title":"M\u00fc\u00fcgitingimused - Glamico","og_description":"M\u00fc\u00fcgitingimused \u00dcldised m\u00fc\u00fcgitingimused kehtivad glamico.ee klientide (edaspidi Klient) ja glamico.ee&nbsp; omaniku&nbsp; Glamico Baltics O\u00dc ( edaspidi glamico.ee) vahel. \u00dcldised m\u00fc\u00fcgitingimused on koosk\u00f5las&nbsp; Eesti Vabariigis kehtivate \u00f5igusnormidega. L\u00e4htutakse www.glamico.ee tooteinfost, hinnakirjast ning ostuinfost. M\u00fc\u00fcgi ja hinnakirja muudatused j\u00f5ustuvad, kui need on avaldatud glamico.ee poes. Kui Klient edastas oma tellimuse enne tingimuste muudatuse j\u00f5ustumist, siis kehtivad Kliendi jaoks&nbsp; eelnevad tellimuse tingimused v.a [&hellip;]","og_url":"https:\/\/glamico.ee\/en\/myygitingimused\/","og_site_name":"Glamico","article_modified_time":"2024-01-21T16:42:29+00:00","og_image":[{"width":900,"height":1200,"url":"https:\/\/glamico.ee\/wp-content\/uploads\/2025\/11\/5905669134019_4.webp","type":"image\/webp"}],"twitter_card":"summary_large_image","twitter_misc":{"Est. reading time":"4 minutes"},"schema":{"@context":"https:\/\/schema.org","@graph":[{"@type":"WebPage","@id":"https:\/\/glamico.ee\/myygitingimused\/","url":"https:\/\/glamico.ee\/myygitingimused\/","name":"M\u00fc\u00fcgitingimused - Glamico","isPartOf":{"@id":"https:\/\/glamico.ee\/#website"},"datePublished":"2022-12-03T12:27:35+00:00","dateModified":"2024-01-21T16:42:29+00:00","breadcrumb":{"@id":"https:\/\/glamico.ee\/myygitingimused\/#breadcrumb"},"inLanguage":"en-US","potentialAction":[{"@type":"ReadAction","target":["https:\/\/glamico.ee\/myygitingimused\/"]}]},{"@type":"BreadcrumbList","@id":"https:\/\/glamico.ee\/myygitingimused\/#breadcrumb","itemListElement":[{"@type":"ListItem","position":1,"name":"Home","item":"https:\/\/glamico.ee\/"},{"@type":"ListItem","position":2,"name":"M\u00fc\u00fcgitingimused"}]},{"@type":"WebSite","@id":"https:\/\/glamico.ee\/#website","url":"https:\/\/glamico.ee\/","name":"Glamico","description":"Ilutooted","publisher":{"@id":"https:\/\/glamico.ee\/#organization"},"potentialAction":[{"@type":"SearchAction","target":{"@type":"EntryPoint","urlTemplate":"https:\/\/glamico.ee\/?s={search_term_string}"},"query-input":{"@type":"PropertyValueSpecification","valueRequired":true,"valueName":"search_term_string"}}],"inLanguage":"en-US"},{"@type":"Organization","@id":"https:\/\/glamico.ee\/#organization","name":"Glamico Baltics O\u00dc","url":"https:\/\/glamico.ee\/","logo":{"@type":"ImageObject","inLanguage":"en-US","@id":"https:\/\/glamico.ee\/#\/schema\/logo\/image\/","url":"https:\/\/glamico.ee\/wp-content\/uploads\/2025\/11\/Glamico-1.png","contentUrl":"https:\/\/glamico.ee\/wp-content\/uploads\/2025\/11\/Glamico-1.png","width":627,"height":400,"caption":"Glamico Baltics O\u00dc"},"image":{"@id":"https:\/\/glamico.ee\/#\/schema\/logo\/image\/"},"sameAs":["https:\/\/www.instagram.com\/glamico.ee\/"]}]}},"_links":{"self":[{"href":"https:\/\/glamico.ee\/en\/wp-json\/wp\/v2\/pages\/15","targetHints":{"allow":["GET"]}}],"collection":[{"href":"https:\/\/glamico.ee\/en\/wp-json\/wp\/v2\/pages"}],"about":[{"href":"https:\/\/glamico.ee\/en\/wp-json\/wp\/v2\/types\/page"}],"author":[{"embeddable":true,"href":"https:\/\/glamico.ee\/en\/wp-json\/wp\/v2\/users\/1"}],"replies":[{"embeddable":true,"href":"https:\/\/glamico.ee\/en\/wp-json\/wp\/v2\/comments?post=15"}],"version-history":[{"count":0,"href":"https:\/\/glamico.ee\/en\/wp-json\/wp\/v2\/pages\/15\/revisions"}],"wp:attachment":[{"href":"https:\/\/glamico.ee\/en\/wp-json\/wp\/v2\/media?parent=15"}],"curies":[{"name":"wp","href":"https:\/\/api.w.org\/{rel}","templated":true}]}}